{"id":12166,"date":"2016-09-14T07:28:01","date_gmt":"2016-09-14T07:28:01","guid":{"rendered":"https:\/\/www.gts-translation.com\/get-quote\/"},"modified":"2019-03-26T10:11:41","modified_gmt":"2019-03-26T10:11:41","slug":"get-quote","status":"publish","type":"page","link":"https:\/\/www.gts-translation.com\/de\/get-quote\/","title":{"rendered":"Angebot anfordern"},"content":{"rendered":"\n","protected":false},"excerpt":{"rendered":"","protected":false},"author":261,"featured_media":0,"parent":0,"menu_order":0,"comment_status":"closed","ping_status":"closed","template":"","meta":{"_acf_changed":false,"inline_featured_image":false,"_monsterinsights_skip_tracking":false,"_monsterinsights_sitenote_active":false,"_monsterinsights_sitenote_note":"","_monsterinsights_sitenote_category":0,"footnotes":""},"class_list":["post-12166","page","type-page","status-publish"],"acf":[],"yoast_head":"<!-- This site is optimized with the Yoast SEO Premium plugin v24.2 (Yoast SEO v27.4) - https:\/\/yoast.com\/product\/yoast-seo-premium-wordpress\/ -->\n<title>Online-\u00dcbersetzung Preisangebote<\/title>\n<meta name=\"description\" content=\"Ben\u00f6tigen Sie ein Preisangebot f\u00fcr professionelle menschliche \u00dcbersetzungsdienste? Laden Sie einfach Ihre Dateien hoch und w\u00e4hlen Sie die Sprachen aus, um ein Preisangebot in Sekunden zu erhalten.\" \/>\n<meta name=\"robots\" content=\"index, follow, max-snippet:-1, max-image-preview:large, max-video-preview:-1\" \/>\n<link rel=\"canonical\" href=\"https:\/\/www.gts-translation.com\/de\/get-quote\/\" \/>\n<meta property=\"og:locale\" content=\"de_DE\" \/>\n<meta property=\"og:type\" content=\"article\" \/>\n<meta property=\"og:title\" content=\"Angebot anfordern\" \/>\n<meta property=\"og:description\" content=\"Ben\u00f6tigen Sie ein Preisangebot f\u00fcr professionelle menschliche \u00dcbersetzungsdienste? Laden Sie einfach Ihre Dateien hoch und w\u00e4hlen Sie die Sprachen aus, um ein Preisangebot in Sekunden zu erhalten.\" \/>\n<meta property=\"og:url\" content=\"https:\/\/www.gts-translation.com\/de\/get-quote\/\" \/>\n<meta property=\"og:site_name\" content=\"GTS Translation Services\" \/>\n<meta property=\"article:publisher\" content=\"https:\/\/www.facebook.com\/GTS.Translation\/\" \/>\n<meta property=\"article:modified_time\" content=\"2019-03-26T10:11:41+00:00\" \/>\n<meta name=\"twitter:card\" content=\"summary_large_image\" \/>\n<script type=\"application\/ld+json\" class=\"yoast-schema-graph\">{\"@context\":\"https:\\\/\\\/schema.org\",\"@graph\":[{\"@type\":\"WebPage\",\"@id\":\"https:\\\/\\\/www.gts-translation.com\\\/de\\\/get-quote\\\/\",\"url\":\"https:\\\/\\\/www.gts-translation.com\\\/de\\\/get-quote\\\/\",\"name\":\"Online-\u00dcbersetzung Preisangebote\",\"isPartOf\":{\"@id\":\"https:\\\/\\\/www.gts-translation.com\\\/de\\\/#website\"},\"datePublished\":\"2016-09-14T07:28:01+00:00\",\"dateModified\":\"2019-03-26T10:11:41+00:00\",\"description\":\"Ben\u00f6tigen Sie ein Preisangebot f\u00fcr professionelle menschliche \u00dcbersetzungsdienste? Laden Sie einfach Ihre Dateien hoch und w\u00e4hlen Sie die Sprachen aus, um ein Preisangebot in Sekunden zu erhalten.\",\"breadcrumb\":{\"@id\":\"https:\\\/\\\/www.gts-translation.com\\\/de\\\/get-quote\\\/#breadcrumb\"},\"inLanguage\":\"de\",\"potentialAction\":[{\"@type\":\"ReadAction\",\"target\":[\"https:\\\/\\\/www.gts-translation.com\\\/de\\\/get-quote\\\/\"]}]},{\"@type\":\"BreadcrumbList\",\"@id\":\"https:\\\/\\\/www.gts-translation.com\\\/de\\\/get-quote\\\/#breadcrumb\",\"itemListElement\":[{\"@type\":\"ListItem\",\"position\":1,\"name\":\"Home\",\"item\":\"https:\\\/\\\/www.gts-translation.com\\\/de\\\/\"},{\"@type\":\"ListItem\",\"position\":2,\"name\":\"Angebot anfordern\"}]},{\"@type\":\"WebSite\",\"@id\":\"https:\\\/\\\/www.gts-translation.com\\\/de\\\/#website\",\"url\":\"https:\\\/\\\/www.gts-translation.com\\\/de\\\/\",\"name\":\"GTS Translation Services\",\"description\":\"Quality you can trust at prices you can&#039;t beat!\",\"publisher\":{\"@id\":\"https:\\\/\\\/www.gts-translation.com\\\/de\\\/#organization\"},\"potentialAction\":[{\"@type\":\"SearchAction\",\"target\":{\"@type\":\"EntryPoint\",\"urlTemplate\":\"https:\\\/\\\/www.gts-translation.com\\\/de\\\/?s={search_term_string}\"},\"query-input\":{\"@type\":\"PropertyValueSpecification\",\"valueRequired\":true,\"valueName\":\"search_term_string\"}}],\"inLanguage\":\"de\"},{\"@type\":\"Organization\",\"@id\":\"https:\\\/\\\/www.gts-translation.com\\\/de\\\/#organization\",\"name\":\"GTS Translation Services\",\"url\":\"https:\\\/\\\/www.gts-translation.com\\\/de\\\/\",\"logo\":{\"@type\":\"ImageObject\",\"inLanguage\":\"de\",\"@id\":\"https:\\\/\\\/www.gts-translation.com\\\/de\\\/#\\\/schema\\\/logo\\\/image\\\/\",\"url\":\"https:\\\/\\\/www.gts-translation.com\\\/wp-content\\\/uploads\\\/2023\\\/07\\\/gts-logo.png\",\"contentUrl\":\"https:\\\/\\\/www.gts-translation.com\\\/wp-content\\\/uploads\\\/2023\\\/07\\\/gts-logo.png\",\"width\":234,\"height\":80,\"caption\":\"GTS Translation Services\"},\"image\":{\"@id\":\"https:\\\/\\\/www.gts-translation.com\\\/de\\\/#\\\/schema\\\/logo\\\/image\\\/\"},\"sameAs\":[\"https:\\\/\\\/www.facebook.com\\\/GTS.Translation\\\/\"]}]}<\/script>\n<!-- \/ Yoast SEO Premium plugin. -->","yoast_head_json":{"title":"Online-\u00dcbersetzung Preisangebote","description":"Ben\u00f6tigen Sie ein Preisangebot f\u00fcr professionelle menschliche \u00dcbersetzungsdienste? Laden Sie einfach Ihre Dateien hoch und w\u00e4hlen Sie die Sprachen aus, um ein Preisangebot in Sekunden zu erhalten.","robots":{"index":"index","follow":"follow","max-snippet":"max-snippet:-1","max-image-preview":"max-image-preview:large","max-video-preview":"max-video-preview:-1"},"canonical":"https:\/\/www.gts-translation.com\/de\/get-quote\/","og_locale":"de_DE","og_type":"article","og_title":"Angebot anfordern","og_description":"Ben\u00f6tigen Sie ein Preisangebot f\u00fcr professionelle menschliche \u00dcbersetzungsdienste? Laden Sie einfach Ihre Dateien hoch und w\u00e4hlen Sie die Sprachen aus, um ein Preisangebot in Sekunden zu erhalten.","og_url":"https:\/\/www.gts-translation.com\/de\/get-quote\/","og_site_name":"GTS Translation Services","article_publisher":"https:\/\/www.facebook.com\/GTS.Translation\/","article_modified_time":"2019-03-26T10:11:41+00:00","twitter_card":"summary_large_image","schema":{"@context":"https:\/\/schema.org","@graph":[{"@type":"WebPage","@id":"https:\/\/www.gts-translation.com\/de\/get-quote\/","url":"https:\/\/www.gts-translation.com\/de\/get-quote\/","name":"Online-\u00dcbersetzung Preisangebote","isPartOf":{"@id":"https:\/\/www.gts-translation.com\/de\/#website"},"datePublished":"2016-09-14T07:28:01+00:00","dateModified":"2019-03-26T10:11:41+00:00","description":"Ben\u00f6tigen Sie ein Preisangebot f\u00fcr professionelle menschliche \u00dcbersetzungsdienste? Laden Sie einfach Ihre Dateien hoch und w\u00e4hlen Sie die Sprachen aus, um ein Preisangebot in Sekunden zu erhalten.","breadcrumb":{"@id":"https:\/\/www.gts-translation.com\/de\/get-quote\/#breadcrumb"},"inLanguage":"de","potentialAction":[{"@type":"ReadAction","target":["https:\/\/www.gts-translation.com\/de\/get-quote\/"]}]},{"@type":"BreadcrumbList","@id":"https:\/\/www.gts-translation.com\/de\/get-quote\/#breadcrumb","itemListElement":[{"@type":"ListItem","position":1,"name":"Home","item":"https:\/\/www.gts-translation.com\/de\/"},{"@type":"ListItem","position":2,"name":"Angebot anfordern"}]},{"@type":"WebSite","@id":"https:\/\/www.gts-translation.com\/de\/#website","url":"https:\/\/www.gts-translation.com\/de\/","name":"GTS Translation Services","description":"Quality you can trust at prices you can&#039;t beat!","publisher":{"@id":"https:\/\/www.gts-translation.com\/de\/#organization"},"potentialAction":[{"@type":"SearchAction","target":{"@type":"EntryPoint","urlTemplate":"https:\/\/www.gts-translation.com\/de\/?s={search_term_string}"},"query-input":{"@type":"PropertyValueSpecification","valueRequired":true,"valueName":"search_term_string"}}],"inLanguage":"de"},{"@type":"Organization","@id":"https:\/\/www.gts-translation.com\/de\/#organization","name":"GTS Translation Services","url":"https:\/\/www.gts-translation.com\/de\/","logo":{"@type":"ImageObject","inLanguage":"de","@id":"https:\/\/www.gts-translation.com\/de\/#\/schema\/logo\/image\/","url":"https:\/\/www.gts-translation.com\/wp-content\/uploads\/2023\/07\/gts-logo.png","contentUrl":"https:\/\/www.gts-translation.com\/wp-content\/uploads\/2023\/07\/gts-logo.png","width":234,"height":80,"caption":"GTS Translation Services"},"image":{"@id":"https:\/\/www.gts-translation.com\/de\/#\/schema\/logo\/image\/"},"sameAs":["https:\/\/www.facebook.com\/GTS.Translation\/"]}]}},"_links":{"self":[{"href":"https:\/\/www.gts-translation.com\/de\/wp-json\/wp\/v2\/pages\/12166","targetHints":{"allow":["GET"]}}],"collection":[{"href":"https:\/\/www.gts-translation.com\/de\/wp-json\/wp\/v2\/pages"}],"about":[{"href":"https:\/\/www.gts-translation.com\/de\/wp-json\/wp\/v2\/types\/page"}],"author":[{"embeddable":true,"href":"https:\/\/www.gts-translation.com\/de\/wp-json\/wp\/v2\/users\/261"}],"replies":[{"embeddable":true,"href":"https:\/\/www.gts-translation.com\/de\/wp-json\/wp\/v2\/comments?post=12166"}],"version-history":[{"count":1,"href":"https:\/\/www.gts-translation.com\/de\/wp-json\/wp\/v2\/pages\/12166\/revisions"}],"predecessor-version":[{"id":12167,"href":"https:\/\/www.gts-translation.com\/de\/wp-json\/wp\/v2\/pages\/12166\/revisions\/12167"}],"wp:attachment":[{"href":"https:\/\/www.gts-translation.com\/de\/wp-json\/wp\/v2\/media?parent=12166"}],"curies":[{"name":"wp","href":"https:\/\/api.w.org\/{rel}","templated":true}]}}