{"id":12204,"date":"2015-05-01T10:56:44","date_gmt":"2015-05-01T10:56:44","guid":{"rendered":"https:\/\/www.gts-translation.com\/services\/business-translation-services\/"},"modified":"2025-05-25T07:24:37","modified_gmt":"2025-05-25T07:24:37","slug":"business-translation-services","status":"publish","type":"page","link":"https:\/\/www.gts-translation.com\/de\/services\/business-translation-services\/","title":{"rendered":"Business-\u00dcbersetzungsdienste"},"content":{"rendered":"<!-- Hero Section with CTA for Business Translation Services (German Page) -->\r\n<div style=\"background-color: #f5f7fa; padding: 40px 20px; text-align: center; border-radius: 8px; margin-bottom: 30px;\">\r\n<h1 style=\"font-size: 32px; margin-bottom: 10px;\">Professionelle \u00dcbersetzungen f\u00fcr Unternehmen<\/h1>\r\n<p style=\"font-size: 18px; max-width: 800px; margin: 0 auto 20px;\">GTS bietet zuverl\u00e4ssige und zertifizierte \u00dcbersetzungen f\u00fcr Unternehmen \u2013 darunter Gesch\u00e4ftsberichte, Vertr\u00e4ge, Pr\u00e4sentationen, Marketingmaterialien und interne Kommunikation. \u00dcbersetzt von muttersprachlichen Experten mit branchenspezifischem Know-how.<\/p>\r\n<a style=\"background-color: #0073e6; color: #fff; padding: 14px 28px; font-size: 18px; border-radius: 6px; text-decoration: none; display: inline-block; box-shadow: 0 4px 6px rgba(0,0,0,0.1); transition: background-color 0.3s;\" href=\"#quote-form\"> \ud83d\udcc4 Jetzt Angebot f\u00fcr Business-\u00dcbersetzung anfordern <\/a>\r\n<p style=\"font-size: 14px; color: #666; margin-top: 12px;\">ISO 17100 zertifiziert | 100+ Sprachen | Fach\u00fcbersetzer f\u00fcr Wirtschaft &amp; Industrie<\/p>\r\n<\/div>\r\n\r\n<p>&nbsp;<\/p>\r\n<h2 class=\"wp-block-heading\">Beste Business-\u00dcbersetzungsdienste<\/h2>\r\n<!-- \/wp:post-content -->\r\n\r\n<!-- wp:paragraph -->\r\n<p>Verlassen Sie sich auf GTS Translation, wenn es um schnelle und zuverl\u00e4ssige Gesch\u00e4fts\u00fcbersetzungen geht. Klicken Sie hier, um die \u00dcbersetzung von Gesch\u00e4ftsdokumenten online zu bestellen.<\/p>\r\n<!-- \/wp:paragraph -->\r\n\r\n<!-- wp:paragraph {\"align\":\"center\"} -->\r\n<p class=\"has-text-align-center\"><a class=\"maxbutton-9 maxbutton maxbutton-online-bestellen\" target=\"_blank\" title=\"Online Bestellen\" rel=\"noopener\" href=\"https:\/\/www.gts-translation.com\/de\/get-quote\/\"><span class='mb-text'>Online Bestellen<\/span><\/a><\/p>\r\n<!-- \/wp:paragraph -->\r\n\r\n<!-- wp:heading -->\r\n<h2 class=\"wp-block-heading\">Warum sollten Sie sich f\u00fcr GTS als Ihr \u00dcbersetzungsb\u00fcro f\u00fcr Unternehmen entscheiden?<\/h2>\r\n<!-- \/wp:heading -->\r\n\r\n<!-- wp:paragraph -->\r\n<p>GTS bietet eine breite Palette professioneller \u00dcbersetzungsdienste f\u00fcr international t\u00e4tige Unternehmen. Dazu geh\u00f6ren die professionelle \u00dcbersetzung aller Arten von Gesch\u00e4ftsdokumenten, die \u00dcbersetzung von Gesch\u00e4ftspl\u00e4nen, Jahresberichten, die \u00dcbersetzung von Website-Inhalten, die Lokalisierung von Softwareprodukten, die Vertonung\/Untertitelung von Unternehmensvideos, die \u00dcbersetzung von Unternehmenskommunikation und andere beglaubigte \u00dcbersetzungsdienste. Wir bieten beglaubigte Gesch\u00e4fts\u00fcbersetzungen in allen Sprachkombinationen an. Einige der weltweit f\u00fchrenden Unternehmen haben GTS f\u00fcr ihren Bedarf an Gesch\u00e4fts- und Dokumenten\u00fcbersetzungen gew\u00e4hlt.<\/p>\r\n<!-- \/wp:paragraph -->\r\n\r\n<!-- wp:image {\"align\":\"left\",\"id\":24449} -->\r\n<figure class=\"wp-block-image alignleft\"><a href=\"https:\/\/www.gts-translation.com\/wp-content\/uploads\/2015\/05\/47436785_s.jpg\"><img decoding=\"async\" width=\"300\" height=\"200\" class=\"wp-image-24449\" src=\"https:\/\/www.gts-translation.com\/wp-content\/uploads\/2020\/03\/27078490_s-300x200.jpg\" alt=\"business translation services\" srcset=\"https:\/\/www.gts-translation.com\/wp-content\/uploads\/2020\/03\/27078490_s-300x200.jpg 300w, https:\/\/www.gts-translation.com\/wp-content\/uploads\/2020\/03\/27078490_s-768x512.jpg 768w, https:\/\/www.gts-translation.com\/wp-content\/uploads\/2020\/03\/27078490_s.jpg 848w\" sizes=\"(max-width: 300px) 100vw, 300px\" \/><\/a>\r\n<figcaption class=\"wp-element-caption\">GTS bietet qualitativ hochwertige \u00dcbersetzungsdienstleistungen f\u00fcr Unternehmen in \u00fcber 80 Sprachen. Wir von GTS meinen es ernst!<\/figcaption>\r\n<\/figure>\r\n<!-- \/wp:image -->\r\n\r\n<!-- wp:paragraph -->\r\n<p>Die \u00dcbersetzungsbranche ist heute eines der am schnellsten wachsenden Marktsegmente im Business-to-Business-Bereich (B2B). Internationale Unternehmen wissen, dass Sprachdienstleistungen eine Schl\u00fcsselrolle bei der globalen Expansion spielen. Auf dem globalen Markt von heute stellen die meisten Unternehmen ihre Website in jedem Land zur Verf\u00fcgung, in dem sie einen Markt haben. Der Boom beim Verkauf von Smartphones und Tablets treibt die Nachfrage nach Sprach\u00fcbersetzungsdiensten ebenfalls in die H\u00f6he, da Softwareentwickler erkennen, dass sie ihre Apps in verschiedene Sprachen lokalisieren m\u00fcssen, um ihren Marktanteil zu erh\u00f6hen. Immer mehr Unternehmensinformationen, die elektronisch \u00fcbermittelt werden, wie Blogs und Newsletter, werden \u00fcbersetzt.<\/p>\r\n<!-- \/wp:paragraph -->\r\n\r\n<!-- wp:paragraph -->\r\n<p>Mit \u00dcbersetzern in \u00fcber 100 L\u00e4ndern und der Unterst\u00fctzung von Hunderten von Sprachkombinationen ist GTS der ideale Partner f\u00fcr Gesch\u00e4fts\u00fcbersetzungen f\u00fcr Finanzinstitute.<\/p>\r\n<!-- \/wp:paragraph -->\r\n\r\n<!-- wp:heading -->\r\n<h2 class=\"wp-block-heading\">\u00dcbersetzer f\u00fcr Gesch\u00e4ftsdokumente<\/h2>\r\n<!-- \/wp:heading -->\r\n\r\n<!-- wp:paragraph -->\r\n<p>Wir \u00fcbersetzen die folgenden Arten von Gesch\u00e4ftsdokumenten:<\/p>\r\n<!-- \/wp:paragraph -->\r\n\r\n<!-- wp:list -->\r\n<ul><!-- wp:list-item -->\r\n<li>Jahresabschl\u00fcsse, Jahresberichte, Quartalsberichte<\/li>\r\n<!-- \/wp:list-item -->\r\n\r\n<!-- wp:list-item -->\r\n<li>\u00dcbersetzung von Gesch\u00e4ftspl\u00e4nen<\/li>\r\n<!-- \/wp:list-item -->\r\n\r\n<!-- wp:list-item -->\r\n<li>Vertr\u00e4ge<\/li>\r\n<!-- \/wp:list-item -->\r\n\r\n<!-- wp:list-item -->\r\n<li>Vertraulichkeitsvereinbarungen<\/li>\r\n<!-- \/wp:list-item -->\r\n\r\n<!-- wp:list-item -->\r\n<li>Mitarbeitervereinbarungen<\/li>\r\n<!-- \/wp:list-item -->\r\n\r\n<!-- wp:list-item -->\r\n<li>Gr\u00fcndungsurkunden<\/li>\r\n<!-- \/wp:list-item -->\r\n\r\n<!-- wp:list-item -->\r\n<li>Aktion\u00e4rsvereinbarungen<\/li>\r\n<!-- \/wp:list-item -->\r\n\r\n<!-- wp:list-item -->\r\n<li>Satzungen<\/li>\r\n<!-- \/wp:list-item -->\r\n\r\n<!-- wp:list-item -->\r\n<li>Dienstvorschriften<\/li>\r\n<!-- \/wp:list-item --><\/ul>\r\n<!-- \/wp:list -->\r\n\r\n<!-- wp:heading -->\r\n<h2 class=\"wp-block-heading\">Preisnachl\u00e4sse f\u00fcr gesch\u00e4ftliche \u00dcbersetzungen<\/h2>\r\n<!-- \/wp:heading -->\r\n\r\n<!-- wp:paragraph -->\r\n<p>Verwenden Sie GTS-Gutscheincodes, um einen Rabatt f\u00fcr Online-\u00dcbersetzungsdienste zu erhalten. Neukunden erhalten einen Rabatt von 5 % auf ihre erste Bestellung. Klicken Sie hier f\u00fcr weitere Informationen \u00fcber Preisnachl\u00e4sse f\u00fcr Gesch\u00e4fts\u00fcbersetzungen.<\/p>\r\n<!-- \/wp:paragraph -->\r\n\r\n<!-- wp:heading {\"level\":4} -->\r\n<h4 class=\"wp-block-heading\">Related Pages:<\/h4>\r\n<!-- \/wp:heading -->\r\n\r\n<!-- wp:paragraph -->\r\n<p><a href=\"https:\/\/www.gts-translation.com\/de\/services\/financial-translation-services\/\">Financial translation services<\/a><\/p>\r\n<!-- \/wp:paragraph -->\r\n\r\n<!-- wp:heading {\"level\":3} -->\r\n<h3 class=\"wp-block-heading\">From the GTS Blog<\/h3>\r\n<!-- \/wp:heading -->\r\n\r\n<!-- wp:embed {\"url\":\"https:\/\/blog.gts-translation.com\/2020\/09\/10\/how-your-business-can-survive-the-post-quarantine-period-using-localization\/\"} -->\r\n<figure class=\"wp-block-embed\">\r\n<div class=\"wp-block-embed__wrapper\">https:\/\/blog.gts-translation.com\/2020\/09\/10\/how-your-business-can-survive-the-post-quarantine-period-using-localization\/<\/div>\r\n<\/figure>\r\n<!-- \/wp:embed -->","protected":false},"excerpt":{"rendered":"<p>Professionelle \u00dcbersetzungen f\u00fcr Unternehmen GTS bietet zuverl\u00e4ssige und zertifizierte \u00dcbersetzungen f\u00fcr Unternehmen \u2013 darunter Gesch\u00e4ftsberichte, Vertr\u00e4ge, Pr\u00e4sentationen, Marketingmaterialien und interne Kommunikation. \u00dcbersetzt von muttersprachlichen Experten mit branchenspezifischem Know-how. \ud83d\udcc4 Jetzt Angebot f\u00fcr Business-\u00dcbersetzung anfordern ISO 17100 zertifiziert | 100+ Sprachen | Fach\u00fcbersetzer f\u00fcr Wirtschaft &amp; Industrie &nbsp; Beste Business-\u00dcbersetzungsdienste Verlassen Sie sich auf GTS Translation, &#8230; <a title=\"Business-\u00dcbersetzungsdienste\" class=\"read-more\" href=\"https:\/\/www.gts-translation.com\/de\/services\/business-translation-services\/\" aria-label=\"Mehr Informationen \u00fcber Business-\u00dcbersetzungsdienste\">Weiterlesen<\/a><\/p>\n","protected":false},"author":261,"featured_media":60085,"parent":12200,"menu_order":0,"comment_status":"open","ping_status":"closed","template":"templates\/landing-page.php","meta":{"_acf_changed":false,"inline_featured_image":false,"_monsterinsights_skip_tracking":false,"_monsterinsights_sitenote_active":false,"_monsterinsights_sitenote_note":"","_monsterinsights_sitenote_category":0,"footnotes":""},"class_list":["post-12204","page","type-page","status-publish","has-post-thumbnail"],"acf":[],"yoast_head":"<!-- This site is optimized with the Yoast SEO Premium plugin v24.2 (Yoast SEO v27.4) - https:\/\/yoast.com\/product\/yoast-seo-premium-wordpress\/ -->\n<title>Business-\u00dcbersetzungsdienste<\/title>\n<meta name=\"description\" content=\"Erhalten Sie jetzt auf dieser Seite sofortige Preisangebote f\u00fcr die \u00dcbersetzung von Gesch\u00e4ftsdokumenten. Bester \u00dcbersetzungsdienst 2022.\" \/>\n<meta name=\"robots\" content=\"index, follow, max-snippet:-1, max-image-preview:large, max-video-preview:-1\" \/>\n<link rel=\"canonical\" href=\"https:\/\/www.gts-translation.com\/de\/services\/business-translation-services\/\" \/>\n<meta property=\"og:locale\" content=\"de_DE\" \/>\n<meta property=\"og:type\" content=\"article\" \/>\n<meta property=\"og:title\" content=\"Business-\u00dcbersetzungsdienste\" \/>\n<meta property=\"og:description\" content=\"Erhalten Sie jetzt auf dieser Seite sofortige Preisangebote f\u00fcr die \u00dcbersetzung von Gesch\u00e4ftsdokumenten. Bester \u00dcbersetzungsdienst 2022.\" \/>\n<meta property=\"og:url\" content=\"https:\/\/www.gts-translation.com\/de\/services\/business-translation-services\/\" \/>\n<meta property=\"og:site_name\" content=\"GTS Translation Services\" \/>\n<meta property=\"article:publisher\" content=\"https:\/\/www.facebook.com\/GTS.Translation\/\" \/>\n<meta property=\"article:modified_time\" content=\"2025-05-25T07:24:37+00:00\" \/>\n<meta property=\"og:image\" content=\"https:\/\/www.gts-translation.com\/wp-content\/uploads\/2023\/07\/shutterstock_2145858771.jpg\" \/>\n\t<meta property=\"og:image:width\" content=\"1000\" \/>\n\t<meta property=\"og:image:height\" content=\"563\" \/>\n\t<meta property=\"og:image:type\" content=\"image\/jpeg\" \/>\n<meta name=\"twitter:card\" content=\"summary_large_image\" \/>\n<meta name=\"twitter:label1\" content=\"Gesch\u00e4tzte Lesezeit\" \/>\n\t<meta name=\"twitter:data1\" content=\"2\u00a0Minuten\" \/>\n<script type=\"application\/ld+json\" class=\"yoast-schema-graph\">{\"@context\":\"https:\\\/\\\/schema.org\",\"@graph\":[{\"@type\":\"WebPage\",\"@id\":\"https:\\\/\\\/www.gts-translation.com\\\/de\\\/services\\\/business-translation-services\\\/\",\"url\":\"https:\\\/\\\/www.gts-translation.com\\\/de\\\/services\\\/business-translation-services\\\/\",\"name\":\"Business-\u00dcbersetzungsdienste\",\"isPartOf\":{\"@id\":\"https:\\\/\\\/www.gts-translation.com\\\/de\\\/#website\"},\"primaryImageOfPage\":{\"@id\":\"https:\\\/\\\/www.gts-translation.com\\\/de\\\/services\\\/business-translation-services\\\/#primaryimage\"},\"image\":{\"@id\":\"https:\\\/\\\/www.gts-translation.com\\\/de\\\/services\\\/business-translation-services\\\/#primaryimage\"},\"thumbnailUrl\":\"https:\\\/\\\/www.gts-translation.com\\\/wp-content\\\/uploads\\\/2023\\\/07\\\/shutterstock_2145858771.jpg\",\"datePublished\":\"2015-05-01T10:56:44+00:00\",\"dateModified\":\"2025-05-25T07:24:37+00:00\",\"description\":\"Erhalten Sie jetzt auf dieser Seite sofortige Preisangebote f\u00fcr die \u00dcbersetzung von Gesch\u00e4ftsdokumenten. Bester \u00dcbersetzungsdienst 2022.\",\"breadcrumb\":{\"@id\":\"https:\\\/\\\/www.gts-translation.com\\\/de\\\/services\\\/business-translation-services\\\/#breadcrumb\"},\"inLanguage\":\"de\",\"potentialAction\":[{\"@type\":\"ReadAction\",\"target\":[\"https:\\\/\\\/www.gts-translation.com\\\/de\\\/services\\\/business-translation-services\\\/\"]}]},{\"@type\":\"ImageObject\",\"inLanguage\":\"de\",\"@id\":\"https:\\\/\\\/www.gts-translation.com\\\/de\\\/services\\\/business-translation-services\\\/#primaryimage\",\"url\":\"https:\\\/\\\/www.gts-translation.com\\\/wp-content\\\/uploads\\\/2023\\\/07\\\/shutterstock_2145858771.jpg\",\"contentUrl\":\"https:\\\/\\\/www.gts-translation.com\\\/wp-content\\\/uploads\\\/2023\\\/07\\\/shutterstock_2145858771.jpg\",\"width\":1000,\"height\":563},{\"@type\":\"BreadcrumbList\",\"@id\":\"https:\\\/\\\/www.gts-translation.com\\\/de\\\/services\\\/business-translation-services\\\/#breadcrumb\",\"itemListElement\":[{\"@type\":\"ListItem\",\"position\":1,\"name\":\"Home\",\"item\":\"https:\\\/\\\/www.gts-translation.com\\\/de\\\/\"},{\"@type\":\"ListItem\",\"position\":2,\"name\":\"Services\",\"item\":\"https:\\\/\\\/www.gts-translation.com\\\/de\\\/services\\\/\"},{\"@type\":\"ListItem\",\"position\":3,\"name\":\"Business-\u00dcbersetzungsdienste\"}]},{\"@type\":\"WebSite\",\"@id\":\"https:\\\/\\\/www.gts-translation.com\\\/de\\\/#website\",\"url\":\"https:\\\/\\\/www.gts-translation.com\\\/de\\\/\",\"name\":\"GTS Translation Services\",\"description\":\"Quality you can trust at prices you can&#039;t beat!\",\"publisher\":{\"@id\":\"https:\\\/\\\/www.gts-translation.com\\\/de\\\/#organization\"},\"potentialAction\":[{\"@type\":\"SearchAction\",\"target\":{\"@type\":\"EntryPoint\",\"urlTemplate\":\"https:\\\/\\\/www.gts-translation.com\\\/de\\\/?s={search_term_string}\"},\"query-input\":{\"@type\":\"PropertyValueSpecification\",\"valueRequired\":true,\"valueName\":\"search_term_string\"}}],\"inLanguage\":\"de\"},{\"@type\":\"Organization\",\"@id\":\"https:\\\/\\\/www.gts-translation.com\\\/de\\\/#organization\",\"name\":\"GTS Translation Services\",\"url\":\"https:\\\/\\\/www.gts-translation.com\\\/de\\\/\",\"logo\":{\"@type\":\"ImageObject\",\"inLanguage\":\"de\",\"@id\":\"https:\\\/\\\/www.gts-translation.com\\\/de\\\/#\\\/schema\\\/logo\\\/image\\\/\",\"url\":\"https:\\\/\\\/www.gts-translation.com\\\/wp-content\\\/uploads\\\/2023\\\/07\\\/gts-logo.png\",\"contentUrl\":\"https:\\\/\\\/www.gts-translation.com\\\/wp-content\\\/uploads\\\/2023\\\/07\\\/gts-logo.png\",\"width\":234,\"height\":80,\"caption\":\"GTS Translation Services\"},\"image\":{\"@id\":\"https:\\\/\\\/www.gts-translation.com\\\/de\\\/#\\\/schema\\\/logo\\\/image\\\/\"},\"sameAs\":[\"https:\\\/\\\/www.facebook.com\\\/GTS.Translation\\\/\"]}]}<\/script>\n<!-- \/ Yoast SEO Premium plugin. -->","yoast_head_json":{"title":"Business-\u00dcbersetzungsdienste","description":"Erhalten Sie jetzt auf dieser Seite sofortige Preisangebote f\u00fcr die \u00dcbersetzung von Gesch\u00e4ftsdokumenten. Bester \u00dcbersetzungsdienst 2022.","robots":{"index":"index","follow":"follow","max-snippet":"max-snippet:-1","max-image-preview":"max-image-preview:large","max-video-preview":"max-video-preview:-1"},"canonical":"https:\/\/www.gts-translation.com\/de\/services\/business-translation-services\/","og_locale":"de_DE","og_type":"article","og_title":"Business-\u00dcbersetzungsdienste","og_description":"Erhalten Sie jetzt auf dieser Seite sofortige Preisangebote f\u00fcr die \u00dcbersetzung von Gesch\u00e4ftsdokumenten. Bester \u00dcbersetzungsdienst 2022.","og_url":"https:\/\/www.gts-translation.com\/de\/services\/business-translation-services\/","og_site_name":"GTS Translation Services","article_publisher":"https:\/\/www.facebook.com\/GTS.Translation\/","article_modified_time":"2025-05-25T07:24:37+00:00","og_image":[{"width":1000,"height":563,"url":"https:\/\/www.gts-translation.com\/wp-content\/uploads\/2023\/07\/shutterstock_2145858771.jpg","type":"image\/jpeg"}],"twitter_card":"summary_large_image","twitter_misc":{"Gesch\u00e4tzte Lesezeit":"2\u00a0Minuten"},"schema":{"@context":"https:\/\/schema.org","@graph":[{"@type":"WebPage","@id":"https:\/\/www.gts-translation.com\/de\/services\/business-translation-services\/","url":"https:\/\/www.gts-translation.com\/de\/services\/business-translation-services\/","name":"Business-\u00dcbersetzungsdienste","isPartOf":{"@id":"https:\/\/www.gts-translation.com\/de\/#website"},"primaryImageOfPage":{"@id":"https:\/\/www.gts-translation.com\/de\/services\/business-translation-services\/#primaryimage"},"image":{"@id":"https:\/\/www.gts-translation.com\/de\/services\/business-translation-services\/#primaryimage"},"thumbnailUrl":"https:\/\/www.gts-translation.com\/wp-content\/uploads\/2023\/07\/shutterstock_2145858771.jpg","datePublished":"2015-05-01T10:56:44+00:00","dateModified":"2025-05-25T07:24:37+00:00","description":"Erhalten Sie jetzt auf dieser Seite sofortige Preisangebote f\u00fcr die \u00dcbersetzung von Gesch\u00e4ftsdokumenten. Bester \u00dcbersetzungsdienst 2022.","breadcrumb":{"@id":"https:\/\/www.gts-translation.com\/de\/services\/business-translation-services\/#breadcrumb"},"inLanguage":"de","potentialAction":[{"@type":"ReadAction","target":["https:\/\/www.gts-translation.com\/de\/services\/business-translation-services\/"]}]},{"@type":"ImageObject","inLanguage":"de","@id":"https:\/\/www.gts-translation.com\/de\/services\/business-translation-services\/#primaryimage","url":"https:\/\/www.gts-translation.com\/wp-content\/uploads\/2023\/07\/shutterstock_2145858771.jpg","contentUrl":"https:\/\/www.gts-translation.com\/wp-content\/uploads\/2023\/07\/shutterstock_2145858771.jpg","width":1000,"height":563},{"@type":"BreadcrumbList","@id":"https:\/\/www.gts-translation.com\/de\/services\/business-translation-services\/#breadcrumb","itemListElement":[{"@type":"ListItem","position":1,"name":"Home","item":"https:\/\/www.gts-translation.com\/de\/"},{"@type":"ListItem","position":2,"name":"Services","item":"https:\/\/www.gts-translation.com\/de\/services\/"},{"@type":"ListItem","position":3,"name":"Business-\u00dcbersetzungsdienste"}]},{"@type":"WebSite","@id":"https:\/\/www.gts-translation.com\/de\/#website","url":"https:\/\/www.gts-translation.com\/de\/","name":"GTS Translation Services","description":"Quality you can trust at prices you can&#039;t beat!","publisher":{"@id":"https:\/\/www.gts-translation.com\/de\/#organization"},"potentialAction":[{"@type":"SearchAction","target":{"@type":"EntryPoint","urlTemplate":"https:\/\/www.gts-translation.com\/de\/?s={search_term_string}"},"query-input":{"@type":"PropertyValueSpecification","valueRequired":true,"valueName":"search_term_string"}}],"inLanguage":"de"},{"@type":"Organization","@id":"https:\/\/www.gts-translation.com\/de\/#organization","name":"GTS Translation Services","url":"https:\/\/www.gts-translation.com\/de\/","logo":{"@type":"ImageObject","inLanguage":"de","@id":"https:\/\/www.gts-translation.com\/de\/#\/schema\/logo\/image\/","url":"https:\/\/www.gts-translation.com\/wp-content\/uploads\/2023\/07\/gts-logo.png","contentUrl":"https:\/\/www.gts-translation.com\/wp-content\/uploads\/2023\/07\/gts-logo.png","width":234,"height":80,"caption":"GTS Translation Services"},"image":{"@id":"https:\/\/www.gts-translation.com\/de\/#\/schema\/logo\/image\/"},"sameAs":["https:\/\/www.facebook.com\/GTS.Translation\/"]}]}},"_links":{"self":[{"href":"https:\/\/www.gts-translation.com\/de\/wp-json\/wp\/v2\/pages\/12204","targetHints":{"allow":["GET"]}}],"collection":[{"href":"https:\/\/www.gts-translation.com\/de\/wp-json\/wp\/v2\/pages"}],"about":[{"href":"https:\/\/www.gts-translation.com\/de\/wp-json\/wp\/v2\/types\/page"}],"author":[{"embeddable":true,"href":"https:\/\/www.gts-translation.com\/de\/wp-json\/wp\/v2\/users\/261"}],"replies":[{"embeddable":true,"href":"https:\/\/www.gts-translation.com\/de\/wp-json\/wp\/v2\/comments?post=12204"}],"version-history":[{"count":3,"href":"https:\/\/www.gts-translation.com\/de\/wp-json\/wp\/v2\/pages\/12204\/revisions"}],"predecessor-version":[{"id":63512,"href":"https:\/\/www.gts-translation.com\/de\/wp-json\/wp\/v2\/pages\/12204\/revisions\/63512"}],"up":[{"embeddable":true,"href":"https:\/\/www.gts-translation.com\/de\/wp-json\/wp\/v2\/pages\/12200"}],"wp:featuredmedia":[{"embeddable":true,"href":"https:\/\/www.gts-translation.com\/de\/wp-json\/wp\/v2\/media\/60085"}],"wp:attachment":[{"href":"https:\/\/www.gts-translation.com\/de\/wp-json\/wp\/v2\/media?parent=12204"}],"curies":[{"name":"wp","href":"https:\/\/api.w.org\/{rel}","templated":true}]}}