{"id":12210,"date":"2015-05-14T12:09:03","date_gmt":"2015-05-14T12:09:03","guid":{"rendered":"https:\/\/www.gts-translation.com\/services\/financial\/"},"modified":"2025-05-25T07:17:53","modified_gmt":"2025-05-25T07:17:53","slug":"financial-translation-services","status":"publish","type":"page","link":"https:\/\/www.gts-translation.com\/de\/services\/financial-translation-services\/","title":{"rendered":"Finanzielle \u00dcbersetzungsleistungen"},"content":{"rendered":"<p><!-- Hero Section with CTA for Financial Translation Services (German Page) --><\/p>\n<div style=\"background-color: #f5f7fa; padding: 40px 20px; text-align: center; border-radius: 8px; margin-bottom: 30px;\">\n<h1 style=\"font-size: 32px; margin-bottom: 10px;\">Fach\u00fcbersetzungen f\u00fcr Finanzdokumente<\/h1>\n<p style=\"font-size: 18px; max-width: 800px; margin: 0 auto 20px;\">GTS ist Ihr zuverl\u00e4ssiger Partner f\u00fcr die \u00dcbersetzung von Finanz- und Gesch\u00e4ftsdokumenten. Wir \u00fcbersetzen Bilanzen, Jahresberichte, Vertr\u00e4ge und Compliance-Dokumente pr\u00e4zise, vertraulich und normgerecht \u2013 gem\u00e4\u00df ISO 17100.<\/p>\n<p><a style=\"background-color: #0073e6; color: #fff; padding: 14px 28px; font-size: 18px; border-radius: 6px; text-decoration: none; display: inline-block; box-shadow: 0 4px 6px rgba(0,0,0,0.1); transition: background-color 0.3s;\" href=\"#quote-form\"><br \/>\n\ud83d\udcc4 Jetzt Finanz\u00fcbersetzung anfragen<br \/>\n<\/a><\/p>\n<p style=\"font-size: 14px; color: #666; margin-top: 12px;\">ISO 17100 zertifiziert | Muttersprachliche Fach\u00fcbersetzer | Vertraulich &amp; termingerecht<\/p>\n<\/div>\n\n<p>&nbsp;<\/p>\n<h2>Finanzielle \u00dcbersetzungsleistungen<\/h2>\n<p>Verlassen Sie sich auf GTS \u00dcbersetzungen f\u00fcr schnelle, zuverl\u00e4ssige Finanz\u00fcbersetzungsdienste. Wir sind Spezialisten f\u00fcr Gesch\u00e4fts\u00fcbersetzungsdienste f\u00fcr eine Vielzahl von Finanzinstitutionen weltweit.<\/p>\n<table>\n<thead><\/thead>\n<tbody>\n<tr>\n<td>Klicken Sie hier, um die \u00dcbersetzung Ihrer Finanzdokumente online zu bestellen.<\/td>\n<td><a class=\"maxbutton-4 maxbutton maxbutton-translate-now\" target=\"_blank\" title=\"Translate Now\" rel=\"noopener\" href=\"https:\/\/www.gts-translation.com\/get-quote\/\"><span class='mb-text'>Translate Now<\/span><\/a><\/td>\n<\/tr>\n<\/tbody>\n<\/table>\n<figure id=\"attachment_12707\" aria-describedby=\"caption-attachment-12707\" style=\"width: 334px\" class=\"wp-caption alignleft\"><a href=\"https:\/\/www.gts-translation.com\/wp-content\/uploads\/2018\/05\/Financial-translation-services.jpg\"><img decoding=\"async\" class=\" wp-image-12707\" src=\"https:\/\/www.gts-translation.com\/wp-content\/uploads\/2018\/05\/Financial-translation-services-300x200.jpg\" alt=\"Financial translation services\" width=\"344\" height=\"229\" srcset=\"https:\/\/www.gts-translation.com\/wp-content\/uploads\/2018\/05\/Financial-translation-services-300x200.jpg 300w, https:\/\/www.gts-translation.com\/wp-content\/uploads\/2018\/05\/Financial-translation-services-768x512.jpg 768w, https:\/\/www.gts-translation.com\/wp-content\/uploads\/2018\/05\/Financial-translation-services.jpg 847w\" sizes=\"(max-width: 344px) 100vw, 344px\" \/><\/a><figcaption id=\"caption-attachment-12707\" class=\"wp-caption-text\">GTS bietet zertifizierte Finanz\u00fcbersetzungsdienste f\u00fcr einige der weltweit f\u00fchrenden Unternehmen an.<\/figcaption><\/figure>\n<p>GTS bietet zertifizierte Finanz\u00fcbersetzungsdienste f\u00fcr einige der weltweit f\u00fchrenden Unternehmen an. GTS ist eine Finanz\u00fcbersetzungsagentur, die hochwertige \u00dcbersetzungen von Finanz- und Gesch\u00e4ftsdokumenten in \u00fcber 80 Sprachen liefert. Unsere Kunden sind internationale Konzerne und Finanzinstitutionen wie Banken, Investment- und Versicherungsgesellschaften, Wirtschaftspr\u00fcfungsgesellschaften und Brokerfirmen.<\/p>\n<h2>\u00dcbersetzung von Finanzdokumenten<\/h2>\n<p>Unsere Finanzlinguisten werden sorgf\u00e4ltig ausgew\u00e4hlt und gepr\u00fcft, um sicherzustellen, dass nur die am besten qualifizierten \u00dcbersetzer, Lektoren und Reviewer f\u00fcr Ihre Finanz\u00fcbersetzungsprojekte eingesetzt werden. Viele unserer Finanz\u00fcbersetzer sind Wirtschaftspr\u00fcfer, \u00d6konomen und verf\u00fcgen \u00fcber Ausbildung und Branchenerfahrung im Finanzsektor. Wir bieten eine breite Palette von Gesch\u00e4fts\u00fcbersetzungsdiensten f\u00fcr Finanzinstitutionen an. Dazu geh\u00f6rt die zertifizierte \u00dcbersetzung von:<\/p>\n<ul>\n<li>Jahresberichten und Vollmachtserkl\u00e4rungen<\/li>\n<li>Prospekten<\/li>\n<li>Verkaufsbrosch\u00fcren f\u00fcr Banken und Versicherungsgesellschaften<\/li>\n<li>Wirtschaftsberichten<\/li>\n<li>Bankausz\u00fcgen<\/li>\n<li>Versicherungsdokumenten Website-Inhalten<\/li>\n<li>\u00dcbersetzung von Zeitungs- und Nachrichtenartikel<\/li>\n<\/ul>\n<h3>\u00dcbersetzungsdienste f\u00fcr Finanzausweise<\/h3>\n<p>GTS ist spezialisiert auf die \u00dcbersetzung von Finanzausweisen, die \u00dcbersetzung von Jahresberichten f\u00fcr Jahresabschlussaktivit\u00e4ten und Finanzberichten f\u00fcr die viertelj\u00e4hrliche Berichterstattung. Die \u00dcbersetzung von Finanzausweisen erfolgt meist unter Zeitdruck und erfordert daher eine schnelle Bearbeitung und hohe Genauigkeit. Termine d\u00fcrfen nicht verpasst werden und Sie ben\u00f6tigen eine \u00dcbersetzungsagentur mit soliden Ressourcen in der Finanz\u00fcbersetzung. Arbeiten Sie mit GTS zusammen, wenn Sie einen zuverl\u00e4ssigen Lieferanten ben\u00f6tigen, der niemals eine Frist verpasst und stets genaue Finanz\u00fcbersetzungen liefert.<\/p>\n<h2>Exzellenz in der Finanzsprache<\/h2>\n<p>GTS ist die beste Finanz\u00fcbersetzungsagentur mit 20 Jahren nachgewiesener Erfahrung. Unsere Kompetenz in der Finanzsprache ist un\u00fcbertroffen. Wir arbeiten mit f\u00fchrenden Finanzinstitutionen zusammen, um zu liefern:<\/p>\n<ul>\n<li>Finanz\u00fcbersetzungen Englisch-Arabisch<\/li>\n<li>\u00dcbersetzungen deutscher Finanzausweise<\/li>\n<li>Finanz\u00fcbersetzungen Franz\u00f6sisch-Englisch<\/li>\n<li>Finanz\u00fcbersetzungen Spanisch-Englisch Koreanische, japanische und portugiesische<\/li>\n<li>Finanz\u00fcbersetzungen Chinesische \u00dcbersetzung von Finanzausweisen<\/li>\n<\/ul>\n<h2>Bestellen Sie Ihre Finanz\u00fcbersetzung online<\/h2>\n<p>GTS ist das schnellste Online-\u00dcbersetzungsunternehmen. Klicken Sie hier, um ein sofortiges Online-Angebot f\u00fcr Ihre Finanzausweise und Dokumente zu erhalten. Sobald das Angebot angezeigt wird, k\u00f6nnen Sie die Bestellung innerhalb von Sekunden \u00fcber unsere einfache Benutzeroberfl\u00e4che abschlie\u00dfen.<\/p>\n<p>&nbsp;<\/p>\n","protected":false},"excerpt":{"rendered":"<p>Fach\u00fcbersetzungen f\u00fcr Finanzdokumente GTS ist Ihr zuverl\u00e4ssiger Partner f\u00fcr die \u00dcbersetzung von Finanz- und Gesch\u00e4ftsdokumenten. Wir \u00fcbersetzen Bilanzen, Jahresberichte, Vertr\u00e4ge und Compliance-Dokumente pr\u00e4zise, vertraulich und normgerecht \u2013 gem\u00e4\u00df ISO 17100. \ud83d\udcc4 Jetzt Finanz\u00fcbersetzung anfragen ISO 17100 zertifiziert | Muttersprachliche Fach\u00fcbersetzer | Vertraulich &amp; termingerecht &nbsp; Finanzielle \u00dcbersetzungsleistungen Verlassen Sie sich auf GTS \u00dcbersetzungen f\u00fcr schnelle, &#8230; <a title=\"Finanzielle \u00dcbersetzungsleistungen\" class=\"read-more\" href=\"https:\/\/www.gts-translation.com\/de\/services\/financial-translation-services\/\" aria-label=\"Mehr Informationen \u00fcber Finanzielle \u00dcbersetzungsleistungen\">Weiterlesen<\/a><\/p>\n","protected":false},"author":261,"featured_media":35992,"parent":12200,"menu_order":0,"comment_status":"open","ping_status":"open","template":"templates\/landing-page.php","meta":{"_acf_changed":false,"inline_featured_image":false,"_monsterinsights_skip_tracking":false,"_monsterinsights_sitenote_active":false,"_monsterinsights_sitenote_note":"","_monsterinsights_sitenote_category":0,"footnotes":""},"class_list":["post-12210","page","type-page","status-publish","has-post-thumbnail"],"acf":[],"yoast_head":"<!-- This site is optimized with the Yoast SEO Premium plugin v24.2 (Yoast SEO v27.4) - https:\/\/yoast.com\/product\/yoast-seo-premium-wordpress\/ -->\n<title>Finanzielle \u00dcbersetzungsleistungen<\/title>\n<meta name=\"description\" content=\"GTS bietet eine schnelle Bearbeitung von Finanzdokumenten in \u00fcber 80 Sprachen. Wir haben uns auf die \u00dcbersetzung von Jahresabschl\u00fcssen spezialisiert.\" \/>\n<meta name=\"robots\" content=\"index, follow, max-snippet:-1, max-image-preview:large, max-video-preview:-1\" \/>\n<link rel=\"canonical\" href=\"https:\/\/www.gts-translation.com\/de\/services\/financial-translation-services\/\" \/>\n<meta property=\"og:locale\" content=\"de_DE\" \/>\n<meta property=\"og:type\" content=\"article\" \/>\n<meta property=\"og:title\" content=\"Finanzielle \u00dcbersetzungsleistungen\" \/>\n<meta property=\"og:description\" content=\"GTS bietet eine schnelle Bearbeitung von Finanzdokumenten in \u00fcber 80 Sprachen. Wir haben uns auf die \u00dcbersetzung von Jahresabschl\u00fcssen spezialisiert.\" \/>\n<meta property=\"og:url\" content=\"https:\/\/www.gts-translation.com\/de\/services\/financial-translation-services\/\" \/>\n<meta property=\"og:site_name\" content=\"GTS Translation Services\" \/>\n<meta property=\"article:publisher\" content=\"https:\/\/www.facebook.com\/GTS.Translation\/\" \/>\n<meta property=\"article:modified_time\" content=\"2025-05-25T07:17:53+00:00\" \/>\n<meta property=\"og:image\" content=\"https:\/\/www.gts-translation.com\/wp-content\/uploads\/2021\/12\/146499352_s-1.jpg\" \/>\n\t<meta property=\"og:image:width\" content=\"844\" \/>\n\t<meta property=\"og:image:height\" content=\"376\" \/>\n\t<meta property=\"og:image:type\" content=\"image\/jpeg\" \/>\n<meta name=\"twitter:card\" content=\"summary_large_image\" \/>\n<meta name=\"twitter:label1\" content=\"Gesch\u00e4tzte Lesezeit\" \/>\n\t<meta name=\"twitter:data1\" content=\"3\u00a0Minuten\" \/>\n<script type=\"application\/ld+json\" class=\"yoast-schema-graph\">{\"@context\":\"https:\\\/\\\/schema.org\",\"@graph\":[{\"@type\":\"WebPage\",\"@id\":\"https:\\\/\\\/www.gts-translation.com\\\/de\\\/services\\\/financial-translation-services\\\/\",\"url\":\"https:\\\/\\\/www.gts-translation.com\\\/de\\\/services\\\/financial-translation-services\\\/\",\"name\":\"Finanzielle \u00dcbersetzungsleistungen\",\"isPartOf\":{\"@id\":\"https:\\\/\\\/www.gts-translation.com\\\/de\\\/#website\"},\"primaryImageOfPage\":{\"@id\":\"https:\\\/\\\/www.gts-translation.com\\\/de\\\/services\\\/financial-translation-services\\\/#primaryimage\"},\"image\":{\"@id\":\"https:\\\/\\\/www.gts-translation.com\\\/de\\\/services\\\/financial-translation-services\\\/#primaryimage\"},\"thumbnailUrl\":\"https:\\\/\\\/www.gts-translation.com\\\/wp-content\\\/uploads\\\/2021\\\/12\\\/146499352_s-1.jpg\",\"datePublished\":\"2015-05-14T12:09:03+00:00\",\"dateModified\":\"2025-05-25T07:17:53+00:00\",\"description\":\"GTS bietet eine schnelle Bearbeitung von Finanzdokumenten in \u00fcber 80 Sprachen. Wir haben uns auf die \u00dcbersetzung von Jahresabschl\u00fcssen spezialisiert.\",\"breadcrumb\":{\"@id\":\"https:\\\/\\\/www.gts-translation.com\\\/de\\\/services\\\/financial-translation-services\\\/#breadcrumb\"},\"inLanguage\":\"de\",\"potentialAction\":[{\"@type\":\"ReadAction\",\"target\":[\"https:\\\/\\\/www.gts-translation.com\\\/de\\\/services\\\/financial-translation-services\\\/\"]}]},{\"@type\":\"ImageObject\",\"inLanguage\":\"de\",\"@id\":\"https:\\\/\\\/www.gts-translation.com\\\/de\\\/services\\\/financial-translation-services\\\/#primaryimage\",\"url\":\"https:\\\/\\\/www.gts-translation.com\\\/wp-content\\\/uploads\\\/2021\\\/12\\\/146499352_s-1.jpg\",\"contentUrl\":\"https:\\\/\\\/www.gts-translation.com\\\/wp-content\\\/uploads\\\/2021\\\/12\\\/146499352_s-1.jpg\",\"width\":844,\"height\":376,\"caption\":\"Line graph Trading signals Currency for trading Investments.Trading, investing in the currency market and the stock market.\"},{\"@type\":\"BreadcrumbList\",\"@id\":\"https:\\\/\\\/www.gts-translation.com\\\/de\\\/services\\\/financial-translation-services\\\/#breadcrumb\",\"itemListElement\":[{\"@type\":\"ListItem\",\"position\":1,\"name\":\"Home\",\"item\":\"https:\\\/\\\/www.gts-translation.com\\\/de\\\/\"},{\"@type\":\"ListItem\",\"position\":2,\"name\":\"Services\",\"item\":\"https:\\\/\\\/www.gts-translation.com\\\/de\\\/services\\\/\"},{\"@type\":\"ListItem\",\"position\":3,\"name\":\"Finanzielle \u00dcbersetzungsleistungen\"}]},{\"@type\":\"WebSite\",\"@id\":\"https:\\\/\\\/www.gts-translation.com\\\/de\\\/#website\",\"url\":\"https:\\\/\\\/www.gts-translation.com\\\/de\\\/\",\"name\":\"GTS Translation Services\",\"description\":\"Quality you can trust at prices you can&#039;t beat!\",\"publisher\":{\"@id\":\"https:\\\/\\\/www.gts-translation.com\\\/de\\\/#organization\"},\"potentialAction\":[{\"@type\":\"SearchAction\",\"target\":{\"@type\":\"EntryPoint\",\"urlTemplate\":\"https:\\\/\\\/www.gts-translation.com\\\/de\\\/?s={search_term_string}\"},\"query-input\":{\"@type\":\"PropertyValueSpecification\",\"valueRequired\":true,\"valueName\":\"search_term_string\"}}],\"inLanguage\":\"de\"},{\"@type\":\"Organization\",\"@id\":\"https:\\\/\\\/www.gts-translation.com\\\/de\\\/#organization\",\"name\":\"GTS Translation Services\",\"url\":\"https:\\\/\\\/www.gts-translation.com\\\/de\\\/\",\"logo\":{\"@type\":\"ImageObject\",\"inLanguage\":\"de\",\"@id\":\"https:\\\/\\\/www.gts-translation.com\\\/de\\\/#\\\/schema\\\/logo\\\/image\\\/\",\"url\":\"https:\\\/\\\/www.gts-translation.com\\\/wp-content\\\/uploads\\\/2023\\\/07\\\/gts-logo.png\",\"contentUrl\":\"https:\\\/\\\/www.gts-translation.com\\\/wp-content\\\/uploads\\\/2023\\\/07\\\/gts-logo.png\",\"width\":234,\"height\":80,\"caption\":\"GTS Translation Services\"},\"image\":{\"@id\":\"https:\\\/\\\/www.gts-translation.com\\\/de\\\/#\\\/schema\\\/logo\\\/image\\\/\"},\"sameAs\":[\"https:\\\/\\\/www.facebook.com\\\/GTS.Translation\\\/\"]}]}<\/script>\n<!-- \/ Yoast SEO Premium plugin. -->","yoast_head_json":{"title":"Finanzielle \u00dcbersetzungsleistungen","description":"GTS bietet eine schnelle Bearbeitung von Finanzdokumenten in \u00fcber 80 Sprachen. Wir haben uns auf die \u00dcbersetzung von Jahresabschl\u00fcssen spezialisiert.","robots":{"index":"index","follow":"follow","max-snippet":"max-snippet:-1","max-image-preview":"max-image-preview:large","max-video-preview":"max-video-preview:-1"},"canonical":"https:\/\/www.gts-translation.com\/de\/services\/financial-translation-services\/","og_locale":"de_DE","og_type":"article","og_title":"Finanzielle \u00dcbersetzungsleistungen","og_description":"GTS bietet eine schnelle Bearbeitung von Finanzdokumenten in \u00fcber 80 Sprachen. Wir haben uns auf die \u00dcbersetzung von Jahresabschl\u00fcssen spezialisiert.","og_url":"https:\/\/www.gts-translation.com\/de\/services\/financial-translation-services\/","og_site_name":"GTS Translation Services","article_publisher":"https:\/\/www.facebook.com\/GTS.Translation\/","article_modified_time":"2025-05-25T07:17:53+00:00","og_image":[{"width":844,"height":376,"url":"https:\/\/www.gts-translation.com\/wp-content\/uploads\/2021\/12\/146499352_s-1.jpg","type":"image\/jpeg"}],"twitter_card":"summary_large_image","twitter_misc":{"Gesch\u00e4tzte Lesezeit":"3\u00a0Minuten"},"schema":{"@context":"https:\/\/schema.org","@graph":[{"@type":"WebPage","@id":"https:\/\/www.gts-translation.com\/de\/services\/financial-translation-services\/","url":"https:\/\/www.gts-translation.com\/de\/services\/financial-translation-services\/","name":"Finanzielle \u00dcbersetzungsleistungen","isPartOf":{"@id":"https:\/\/www.gts-translation.com\/de\/#website"},"primaryImageOfPage":{"@id":"https:\/\/www.gts-translation.com\/de\/services\/financial-translation-services\/#primaryimage"},"image":{"@id":"https:\/\/www.gts-translation.com\/de\/services\/financial-translation-services\/#primaryimage"},"thumbnailUrl":"https:\/\/www.gts-translation.com\/wp-content\/uploads\/2021\/12\/146499352_s-1.jpg","datePublished":"2015-05-14T12:09:03+00:00","dateModified":"2025-05-25T07:17:53+00:00","description":"GTS bietet eine schnelle Bearbeitung von Finanzdokumenten in \u00fcber 80 Sprachen. Wir haben uns auf die \u00dcbersetzung von Jahresabschl\u00fcssen spezialisiert.","breadcrumb":{"@id":"https:\/\/www.gts-translation.com\/de\/services\/financial-translation-services\/#breadcrumb"},"inLanguage":"de","potentialAction":[{"@type":"ReadAction","target":["https:\/\/www.gts-translation.com\/de\/services\/financial-translation-services\/"]}]},{"@type":"ImageObject","inLanguage":"de","@id":"https:\/\/www.gts-translation.com\/de\/services\/financial-translation-services\/#primaryimage","url":"https:\/\/www.gts-translation.com\/wp-content\/uploads\/2021\/12\/146499352_s-1.jpg","contentUrl":"https:\/\/www.gts-translation.com\/wp-content\/uploads\/2021\/12\/146499352_s-1.jpg","width":844,"height":376,"caption":"Line graph Trading signals Currency for trading Investments.Trading, investing in the currency market and the stock market."},{"@type":"BreadcrumbList","@id":"https:\/\/www.gts-translation.com\/de\/services\/financial-translation-services\/#breadcrumb","itemListElement":[{"@type":"ListItem","position":1,"name":"Home","item":"https:\/\/www.gts-translation.com\/de\/"},{"@type":"ListItem","position":2,"name":"Services","item":"https:\/\/www.gts-translation.com\/de\/services\/"},{"@type":"ListItem","position":3,"name":"Finanzielle \u00dcbersetzungsleistungen"}]},{"@type":"WebSite","@id":"https:\/\/www.gts-translation.com\/de\/#website","url":"https:\/\/www.gts-translation.com\/de\/","name":"GTS Translation Services","description":"Quality you can trust at prices you can&#039;t beat!","publisher":{"@id":"https:\/\/www.gts-translation.com\/de\/#organization"},"potentialAction":[{"@type":"SearchAction","target":{"@type":"EntryPoint","urlTemplate":"https:\/\/www.gts-translation.com\/de\/?s={search_term_string}"},"query-input":{"@type":"PropertyValueSpecification","valueRequired":true,"valueName":"search_term_string"}}],"inLanguage":"de"},{"@type":"Organization","@id":"https:\/\/www.gts-translation.com\/de\/#organization","name":"GTS Translation Services","url":"https:\/\/www.gts-translation.com\/de\/","logo":{"@type":"ImageObject","inLanguage":"de","@id":"https:\/\/www.gts-translation.com\/de\/#\/schema\/logo\/image\/","url":"https:\/\/www.gts-translation.com\/wp-content\/uploads\/2023\/07\/gts-logo.png","contentUrl":"https:\/\/www.gts-translation.com\/wp-content\/uploads\/2023\/07\/gts-logo.png","width":234,"height":80,"caption":"GTS Translation Services"},"image":{"@id":"https:\/\/www.gts-translation.com\/de\/#\/schema\/logo\/image\/"},"sameAs":["https:\/\/www.facebook.com\/GTS.Translation\/"]}]}},"_links":{"self":[{"href":"https:\/\/www.gts-translation.com\/de\/wp-json\/wp\/v2\/pages\/12210","targetHints":{"allow":["GET"]}}],"collection":[{"href":"https:\/\/www.gts-translation.com\/de\/wp-json\/wp\/v2\/pages"}],"about":[{"href":"https:\/\/www.gts-translation.com\/de\/wp-json\/wp\/v2\/types\/page"}],"author":[{"embeddable":true,"href":"https:\/\/www.gts-translation.com\/de\/wp-json\/wp\/v2\/users\/261"}],"replies":[{"embeddable":true,"href":"https:\/\/www.gts-translation.com\/de\/wp-json\/wp\/v2\/comments?post=12210"}],"version-history":[{"count":3,"href":"https:\/\/www.gts-translation.com\/de\/wp-json\/wp\/v2\/pages\/12210\/revisions"}],"predecessor-version":[{"id":63509,"href":"https:\/\/www.gts-translation.com\/de\/wp-json\/wp\/v2\/pages\/12210\/revisions\/63509"}],"up":[{"embeddable":true,"href":"https:\/\/www.gts-translation.com\/de\/wp-json\/wp\/v2\/pages\/12200"}],"wp:featuredmedia":[{"embeddable":true,"href":"https:\/\/www.gts-translation.com\/de\/wp-json\/wp\/v2\/media\/35992"}],"wp:attachment":[{"href":"https:\/\/www.gts-translation.com\/de\/wp-json\/wp\/v2\/media?parent=12210"}],"curies":[{"name":"wp","href":"https:\/\/api.w.org\/{rel}","templated":true}]}}