{"id":12212,"date":"2015-05-01T13:00:14","date_gmt":"2015-05-01T13:00:14","guid":{"rendered":"https:\/\/www.gts-translation.com\/services\/legal\/"},"modified":"2025-05-22T15:03:38","modified_gmt":"2025-05-22T15:03:38","slug":"legal-translation-services","status":"publish","type":"page","link":"https:\/\/www.gts-translation.com\/de\/services\/legal-translation-services\/","title":{"rendered":"Juristische \u00dcbersetzungsdienste"},"content":{"rendered":"<p><!-- Hero Section with CTA for Legal Translation Services (German Page) --><\/p>\n<div style=\"background-color: #f5f7fa; padding: 40px 20px; text-align: center; border-radius: 8px; margin-bottom: 30px;\">\n<h1 style=\"font-size: 32px; margin-bottom: 10px;\">Zertifizierte juristische \u00dcbersetzungen<\/h1>\n<p style=\"font-size: 18px; max-width: 800px; margin: 0 auto 20px;\">GTS bietet professionelle und vertrauliche \u00dcbersetzungen juristischer Dokumente \u2013 darunter Vertr\u00e4ge, Gerichtsdokumente, AGBs und Vollmachten. Unsere juristischen Fach\u00fcbersetzer arbeiten gem\u00e4\u00df ISO 17100 Standard.<\/p>\n<p><a style=\"background-color: #0073e6; color: #fff; padding: 14px 28px; font-size: 18px; border-radius: 6px; text-decoration: none; display: inline-block; box-shadow: 0 4px 6px rgba(0,0,0,0.1); transition: background-color 0.3s;\" href=\"#quote-form\"><br \/>\n\ud83d\udcc4 Jetzt Angebot f\u00fcr juristische \u00dcbersetzung erhalten<br \/>\n<\/a><\/p>\n<p style=\"font-size: 14px; color: #666; margin-top: 12px;\">ISO 17100 zertifiziert | Rechtssichere Fach\u00fcbersetzungen | Vertraulich &amp; pr\u00e4zise<\/p>\n<\/div>\n\n<p>&nbsp;<\/p>\n<h2>Juristische \u00dcbersetzungsdienste<\/h2>\n<figure id=\"attachment_12716\" aria-describedby=\"caption-attachment-12716\" style=\"width: 322px\" class=\"wp-caption alignleft\"><img decoding=\"async\" class=\"wp-image-12716\" src=\"https:\/\/www.gts-translation.com\/wp-content\/uploads\/2018\/05\/Legal-translation-services-300x200.jpg\" alt=\"Legal translation services\" width=\"332\" height=\"221\" srcset=\"https:\/\/www.gts-translation.com\/wp-content\/uploads\/2018\/05\/Legal-translation-services-300x200.jpg 300w, https:\/\/www.gts-translation.com\/wp-content\/uploads\/2018\/05\/Legal-translation-services-768x512.jpg 768w, https:\/\/www.gts-translation.com\/wp-content\/uploads\/2018\/05\/Legal-translation-services.jpg 848w\" sizes=\"(max-width: 332px) 100vw, 332px\" \/><figcaption id=\"caption-attachment-12716\" class=\"wp-caption-text\">Zertifizierte juristische \u00dcbersetzungen, denen Sie vertrauen k\u00f6nnen. Erhalten Sie jetzt ein sofortiges Online-Preisangebot von GTS!<\/figcaption><\/figure>\n<p>GTS bietet zertifizierte juristische \u00dcbersetzungsdienste, auf die Sie sich verlassen k\u00f6nnen. Deshalb sind wir der bevorzugte Lieferant f\u00fcr einige der weltweit f\u00fchrenden Anwaltskanzleien und internationalen Konzerne. Viele Gerichte und Regierungsbeh\u00f6rden weltweit akzeptieren die von GTS \u00fcbersetzten <a href=\"https:\/\/www.bundesjustizamt.de\/DE\/Home\/homepage_node.html\">juristischen Dokumente<\/a>. In L\u00e4ndern, in denen dies vom Rechtssystem unterst\u00fctzt wird, bieten wir auch beeidigte \u00dcbersetzungen an.<\/p>\n<p style=\"text-align: center;\"><a class=\"maxbutton-9 maxbutton maxbutton-online-bestellen\" target=\"_blank\" title=\"Online Bestellen\" rel=\"noopener\" href=\"https:\/\/www.gts-translation.com\/de\/get-quote\/\"><span class='mb-text'>Online Bestellen<\/span><\/a><\/p>\n<p><a href=\"https:\/\/www.gts-translation.com\/de\/get-quote\/\">Klicken Sie hier<\/a>, um online ein Preisangebot f\u00fcr juristische \u00dcbersetzungsdienstleistungen zu erhalten. Laden Sie einfach Ihre juristischen Dokumente hoch, um in Sekundenschnelle ein Preisangebot zu erhalten.<\/p>\n<h2>Zertifizierte \u00dcbersetzung juristischer Dokumente<\/h2>\n<p>Unsere Qualit\u00e4tspolitik ist nach der Norm ISO 17100:2015 zertifiziert. Daher wissen unsere Kunden, dass sie sich auf uns verlassen k\u00f6nnen, wenn es um qualitativ hochwertige juristische \u00dcbersetzungen geht, die p\u00fcnktlich und zu wettbewerbsf\u00e4higen Preisen geliefert werden.<\/p>\n<h2>Qualitativ hochwertiger \u00dcbersetzungsservice f\u00fcr juristische Dokumente<\/h2>\n<p>Unsere juristischen \u00dcbersetzer werden sorgf\u00e4ltig ausgew\u00e4hlt und gepr\u00fcft. Daher werden nur entsprechend qualifizierte juristische \u00dcbersetzer, Redakteure und Lektoren an Ihren juristischen \u00dcbersetzungsprojekten arbeiten. Auf diese Weise werden selbst die komplexesten juristischen Informationen korrekt wiedergegeben. Einige unserer juristischen \u00dcbersetzer sind in ihrem Heimatland zugelassene Anw\u00e4lte.<\/p>\n<h2>\u00dcbersetzer f\u00fcr juristische Dokumente<\/h2>\n<p>GTS bietet die besten \u00dcbersetzungsdienste f\u00fcr Dokumente. Wir k\u00f6nnen Ihnen die folgenden \u00dcbersetzungsdienste f\u00fcr juristische Dokumente anbieten:<\/p>\n<ul>\n<li><big>Patente und Dokumente \u00fcber geistiges Eigentum<\/big><\/li>\n<li><big>Vertr\u00e4ge und Vereinbarungen<\/big><\/li>\n<li><big>Gr\u00fcndungsurkunde<\/big><\/li>\n<li><big>Gesellschaftsvertr\u00e4ge<\/big><\/li>\n<li><big>Eidesstattliche Erkl\u00e4rungen und Zeugenaussagen<\/big><\/li>\n<li><big>Dokumente zu Rechtsstreitigkeiten<\/big><\/li>\n<li><big>Gerichtliche Abschriften<\/big><\/li>\n<li><big>Testamente<\/big><\/li>\n<li><big>Versicherungspolicen und Schadensdokumente<\/big><\/li>\n<li><big>Government reports and official documents<\/big><\/li>\n<li><big>Regierungsberichte und offizielle Dokumente<\/big><\/li>\n<li><big>Softwarelizenzen und Nutzungsvereinbarungen<\/big><\/li>\n<li><big>Scheidungsurteile<\/big><\/li>\n<li><big>Ehevertr\u00e4ge\/Voreheliche Vereinbarungen<\/big><\/li>\n<li><big>Vertraulichkeitsvereinbarungen\u00a0<\/big><\/li>\n<li><big>Arbeitsvereinbarungen<\/big><\/li>\n<li><big>Unternehmensstatuten<\/big><\/li>\n<\/ul>\n<p>Wir unterzeichnen gerne eine Vertraulichkeitsvereinbarung (NDA), wenn Sie dies w\u00fcnschen. Alle Ihre Unterlagen werden streng vertraulich behandelt<\/p>\n<h2>Das zuverl\u00e4ssigste Unternehmen f\u00fcr juristische \u00dcbersetzungen im Jahr 2023<\/h2>\n<p>GTS ist bereits seit 20 Jahren t\u00e4tig. Wir haben Tausende von juristischen Dokumenten f\u00fcr f\u00fchrende Unternehmen und Anwaltskanzleien weltweit \u00fcbersetzt. Sie k\u00f6nnen sich darauf verlassen, dass GTS Ihre juristischen Dokumente p\u00fcnktlich und in bester Qualit\u00e4t \u00fcbersetzt.<\/p>\n<h3>Meister der juristischen Sprache<\/h3>\n<p>Bei GTS \u00fcbersetzen wir regelm\u00e4\u00dfig juristische Dokumente und Texte in \u00fcber 80 Sprachen, darunter alle europ\u00e4ischen und asiatischen Sprachen. Dazu geh\u00f6ren Franz\u00f6sisch, Deutsch, Italienisch, Spanisch, Russisch, Chinesisch, Japanisch und Hebr\u00e4isch. Wir bieten auch anwaltliche \u00dcbersetzungsdienste aus jeder Sprache ins Englische an.<\/p>\n<h3>Fordern Sie jetzt ein Preisangebot an!<\/h3>\n<p>Klicken Sie hier, um die Preise f\u00fcr die \u00dcbersetzung juristischer Dokumente zu \u00fcberpr\u00fcfen. Klicken Sie hier, um ein Preisangebot f\u00fcr juristische \u00dcbersetzungen zu erhalten.<\/p>\n<h4>Related Pages:<\/h4>\n<p><a href=\"https:\/\/www.gts-translation.com\/services\/legal\/business-translation-services\/\">Business<\/a> &#8211; <a href=\"https:\/\/www.gts-translation.com\/services\/legal\/contract-translation-services\/\">Contract<\/a>\u00a0&#8211; <a href=\"https:\/\/www.gts-translation.com\/services\/legal\/intellectual-property-translation-services\/\">Intellectual Property<\/a>\u00a0&#8211; <a href=\"https:\/\/www.gts-translation.com\/services\/legal\/litigation-translation-services\/\">Litigation<\/a> &#8211; <a href=\"https:\/\/www.gts-translation.com\/translation-services-uk-translation-services-london\/\">Legal Translation Services UK<\/a> &#8211; <a href=\"https:\/\/www.gts-translation.com\/translation-services-uk-translation-services-london\/\">Legal Translation Services London<\/a><\/p>\n","protected":false},"excerpt":{"rendered":"<p>Zertifizierte juristische \u00dcbersetzungen GTS bietet professionelle und vertrauliche \u00dcbersetzungen juristischer Dokumente \u2013 darunter Vertr\u00e4ge, Gerichtsdokumente, AGBs und Vollmachten. Unsere juristischen Fach\u00fcbersetzer arbeiten gem\u00e4\u00df ISO 17100 Standard. \ud83d\udcc4 Jetzt Angebot f\u00fcr juristische \u00dcbersetzung erhalten ISO 17100 zertifiziert | Rechtssichere Fach\u00fcbersetzungen | Vertraulich &amp; pr\u00e4zise &nbsp; Juristische \u00dcbersetzungsdienste GTS bietet zertifizierte juristische \u00dcbersetzungsdienste, auf die Sie sich &#8230; <a title=\"Juristische \u00dcbersetzungsdienste\" class=\"read-more\" href=\"https:\/\/www.gts-translation.com\/de\/services\/legal-translation-services\/\" aria-label=\"Mehr Informationen \u00fcber Juristische \u00dcbersetzungsdienste\">Weiterlesen<\/a><\/p>\n","protected":false},"author":261,"featured_media":36063,"parent":12200,"menu_order":0,"comment_status":"open","ping_status":"closed","template":"templates\/landing-page.php","meta":{"_acf_changed":false,"inline_featured_image":false,"_monsterinsights_skip_tracking":false,"_monsterinsights_sitenote_active":false,"_monsterinsights_sitenote_note":"","_monsterinsights_sitenote_category":0,"footnotes":""},"class_list":["post-12212","page","type-page","status-publish","has-post-thumbnail"],"acf":[],"yoast_head":"<!-- This site is optimized with the Yoast SEO Premium plugin v24.2 (Yoast SEO v27.6) - https:\/\/yoast.com\/product\/yoast-seo-premium-wordpress\/ -->\n<title>Juristische \u00dcbersetzungsdienste<\/title>\n<meta name=\"description\" content=\"GTS bietet zertifizierte juristische \u00dcbersetzungsdienste, auf die Sie sich verlassen k\u00f6nnen. Klicken Sie hier, um einen Kostenvoranschlag f\u00fcr juristische \u00dcbersetzungen online zu erhalten.\" \/>\n<meta name=\"robots\" content=\"index, follow, max-snippet:-1, max-image-preview:large, max-video-preview:-1\" \/>\n<link rel=\"canonical\" href=\"https:\/\/www.gts-translation.com\/de\/services\/legal-translation-services\/\" \/>\n<meta property=\"og:locale\" content=\"de_DE\" \/>\n<meta property=\"og:type\" content=\"article\" \/>\n<meta property=\"og:title\" content=\"Juristische \u00dcbersetzungsdienste\" \/>\n<meta property=\"og:description\" content=\"GTS bietet zertifizierte juristische \u00dcbersetzungsdienste, auf die Sie sich verlassen k\u00f6nnen. Klicken Sie hier, um einen Kostenvoranschlag f\u00fcr juristische \u00dcbersetzungen online zu erhalten.\" \/>\n<meta property=\"og:url\" content=\"https:\/\/www.gts-translation.com\/de\/services\/legal-translation-services\/\" \/>\n<meta property=\"og:site_name\" content=\"GTS Translation Services\" \/>\n<meta property=\"article:publisher\" content=\"https:\/\/www.facebook.com\/GTS.Translation\/\" \/>\n<meta property=\"article:modified_time\" content=\"2025-05-22T15:03:38+00:00\" \/>\n<meta property=\"og:image\" content=\"https:\/\/www.gts-translation.com\/wp-content\/uploads\/2021\/12\/litigation-translation-services-3.jpg\" \/>\n\t<meta property=\"og:image:width\" content=\"831\" \/>\n\t<meta property=\"og:image:height\" content=\"425\" \/>\n\t<meta property=\"og:image:type\" content=\"image\/jpeg\" \/>\n<meta name=\"twitter:card\" content=\"summary_large_image\" \/>\n<meta name=\"twitter:label1\" content=\"Gesch\u00e4tzte Lesezeit\" \/>\n\t<meta name=\"twitter:data1\" content=\"3\u00a0Minuten\" \/>\n<script type=\"application\/ld+json\" class=\"yoast-schema-graph\">{\"@context\":\"https:\\\/\\\/schema.org\",\"@graph\":[{\"@type\":\"WebPage\",\"@id\":\"https:\\\/\\\/www.gts-translation.com\\\/de\\\/services\\\/legal-translation-services\\\/\",\"url\":\"https:\\\/\\\/www.gts-translation.com\\\/de\\\/services\\\/legal-translation-services\\\/\",\"name\":\"Juristische \u00dcbersetzungsdienste\",\"isPartOf\":{\"@id\":\"https:\\\/\\\/www.gts-translation.com\\\/de\\\/#website\"},\"primaryImageOfPage\":{\"@id\":\"https:\\\/\\\/www.gts-translation.com\\\/de\\\/services\\\/legal-translation-services\\\/#primaryimage\"},\"image\":{\"@id\":\"https:\\\/\\\/www.gts-translation.com\\\/de\\\/services\\\/legal-translation-services\\\/#primaryimage\"},\"thumbnailUrl\":\"https:\\\/\\\/www.gts-translation.com\\\/wp-content\\\/uploads\\\/2021\\\/12\\\/litigation-translation-services-3.jpg\",\"datePublished\":\"2015-05-01T13:00:14+00:00\",\"dateModified\":\"2025-05-22T15:03:38+00:00\",\"description\":\"GTS bietet zertifizierte juristische \u00dcbersetzungsdienste, auf die Sie sich verlassen k\u00f6nnen. Klicken Sie hier, um einen Kostenvoranschlag f\u00fcr juristische \u00dcbersetzungen online zu erhalten.\",\"breadcrumb\":{\"@id\":\"https:\\\/\\\/www.gts-translation.com\\\/de\\\/services\\\/legal-translation-services\\\/#breadcrumb\"},\"inLanguage\":\"de\",\"potentialAction\":[{\"@type\":\"ReadAction\",\"target\":[\"https:\\\/\\\/www.gts-translation.com\\\/de\\\/services\\\/legal-translation-services\\\/\"]}]},{\"@type\":\"ImageObject\",\"inLanguage\":\"de\",\"@id\":\"https:\\\/\\\/www.gts-translation.com\\\/de\\\/services\\\/legal-translation-services\\\/#primaryimage\",\"url\":\"https:\\\/\\\/www.gts-translation.com\\\/wp-content\\\/uploads\\\/2021\\\/12\\\/litigation-translation-services-3.jpg\",\"contentUrl\":\"https:\\\/\\\/www.gts-translation.com\\\/wp-content\\\/uploads\\\/2021\\\/12\\\/litigation-translation-services-3.jpg\",\"width\":831,\"height\":425,\"caption\":\"Midsection of lawyer putting documents in briefcase with gavel at desk in courtroom\"},{\"@type\":\"BreadcrumbList\",\"@id\":\"https:\\\/\\\/www.gts-translation.com\\\/de\\\/services\\\/legal-translation-services\\\/#breadcrumb\",\"itemListElement\":[{\"@type\":\"ListItem\",\"position\":1,\"name\":\"Home\",\"item\":\"https:\\\/\\\/www.gts-translation.com\\\/de\\\/\"},{\"@type\":\"ListItem\",\"position\":2,\"name\":\"Services\",\"item\":\"https:\\\/\\\/www.gts-translation.com\\\/de\\\/services\\\/\"},{\"@type\":\"ListItem\",\"position\":3,\"name\":\"Juristische \u00dcbersetzungsdienste\"}]},{\"@type\":\"WebSite\",\"@id\":\"https:\\\/\\\/www.gts-translation.com\\\/de\\\/#website\",\"url\":\"https:\\\/\\\/www.gts-translation.com\\\/de\\\/\",\"name\":\"GTS Translation Services\",\"description\":\"Quality you can trust at prices you can&#039;t beat!\",\"publisher\":{\"@id\":\"https:\\\/\\\/www.gts-translation.com\\\/de\\\/#organization\"},\"potentialAction\":[{\"@type\":\"SearchAction\",\"target\":{\"@type\":\"EntryPoint\",\"urlTemplate\":\"https:\\\/\\\/www.gts-translation.com\\\/de\\\/?s={search_term_string}\"},\"query-input\":{\"@type\":\"PropertyValueSpecification\",\"valueRequired\":true,\"valueName\":\"search_term_string\"}}],\"inLanguage\":\"de\"},{\"@type\":\"Organization\",\"@id\":\"https:\\\/\\\/www.gts-translation.com\\\/de\\\/#organization\",\"name\":\"GTS Translation Services\",\"url\":\"https:\\\/\\\/www.gts-translation.com\\\/de\\\/\",\"logo\":{\"@type\":\"ImageObject\",\"inLanguage\":\"de\",\"@id\":\"https:\\\/\\\/www.gts-translation.com\\\/de\\\/#\\\/schema\\\/logo\\\/image\\\/\",\"url\":\"https:\\\/\\\/www.gts-translation.com\\\/wp-content\\\/uploads\\\/2023\\\/07\\\/gts-logo.png\",\"contentUrl\":\"https:\\\/\\\/www.gts-translation.com\\\/wp-content\\\/uploads\\\/2023\\\/07\\\/gts-logo.png\",\"width\":234,\"height\":80,\"caption\":\"GTS Translation Services\"},\"image\":{\"@id\":\"https:\\\/\\\/www.gts-translation.com\\\/de\\\/#\\\/schema\\\/logo\\\/image\\\/\"},\"sameAs\":[\"https:\\\/\\\/www.facebook.com\\\/GTS.Translation\\\/\"]}]}<\/script>\n<!-- \/ Yoast SEO Premium plugin. -->","yoast_head_json":{"title":"Juristische \u00dcbersetzungsdienste","description":"GTS bietet zertifizierte juristische \u00dcbersetzungsdienste, auf die Sie sich verlassen k\u00f6nnen. Klicken Sie hier, um einen Kostenvoranschlag f\u00fcr juristische \u00dcbersetzungen online zu erhalten.","robots":{"index":"index","follow":"follow","max-snippet":"max-snippet:-1","max-image-preview":"max-image-preview:large","max-video-preview":"max-video-preview:-1"},"canonical":"https:\/\/www.gts-translation.com\/de\/services\/legal-translation-services\/","og_locale":"de_DE","og_type":"article","og_title":"Juristische \u00dcbersetzungsdienste","og_description":"GTS bietet zertifizierte juristische \u00dcbersetzungsdienste, auf die Sie sich verlassen k\u00f6nnen. Klicken Sie hier, um einen Kostenvoranschlag f\u00fcr juristische \u00dcbersetzungen online zu erhalten.","og_url":"https:\/\/www.gts-translation.com\/de\/services\/legal-translation-services\/","og_site_name":"GTS Translation Services","article_publisher":"https:\/\/www.facebook.com\/GTS.Translation\/","article_modified_time":"2025-05-22T15:03:38+00:00","og_image":[{"width":831,"height":425,"url":"https:\/\/www.gts-translation.com\/wp-content\/uploads\/2021\/12\/litigation-translation-services-3.jpg","type":"image\/jpeg"}],"twitter_card":"summary_large_image","twitter_misc":{"Gesch\u00e4tzte Lesezeit":"3\u00a0Minuten"},"schema":{"@context":"https:\/\/schema.org","@graph":[{"@type":"WebPage","@id":"https:\/\/www.gts-translation.com\/de\/services\/legal-translation-services\/","url":"https:\/\/www.gts-translation.com\/de\/services\/legal-translation-services\/","name":"Juristische \u00dcbersetzungsdienste","isPartOf":{"@id":"https:\/\/www.gts-translation.com\/de\/#website"},"primaryImageOfPage":{"@id":"https:\/\/www.gts-translation.com\/de\/services\/legal-translation-services\/#primaryimage"},"image":{"@id":"https:\/\/www.gts-translation.com\/de\/services\/legal-translation-services\/#primaryimage"},"thumbnailUrl":"https:\/\/www.gts-translation.com\/wp-content\/uploads\/2021\/12\/litigation-translation-services-3.jpg","datePublished":"2015-05-01T13:00:14+00:00","dateModified":"2025-05-22T15:03:38+00:00","description":"GTS bietet zertifizierte juristische \u00dcbersetzungsdienste, auf die Sie sich verlassen k\u00f6nnen. Klicken Sie hier, um einen Kostenvoranschlag f\u00fcr juristische \u00dcbersetzungen online zu erhalten.","breadcrumb":{"@id":"https:\/\/www.gts-translation.com\/de\/services\/legal-translation-services\/#breadcrumb"},"inLanguage":"de","potentialAction":[{"@type":"ReadAction","target":["https:\/\/www.gts-translation.com\/de\/services\/legal-translation-services\/"]}]},{"@type":"ImageObject","inLanguage":"de","@id":"https:\/\/www.gts-translation.com\/de\/services\/legal-translation-services\/#primaryimage","url":"https:\/\/www.gts-translation.com\/wp-content\/uploads\/2021\/12\/litigation-translation-services-3.jpg","contentUrl":"https:\/\/www.gts-translation.com\/wp-content\/uploads\/2021\/12\/litigation-translation-services-3.jpg","width":831,"height":425,"caption":"Midsection of lawyer putting documents in briefcase with gavel at desk in courtroom"},{"@type":"BreadcrumbList","@id":"https:\/\/www.gts-translation.com\/de\/services\/legal-translation-services\/#breadcrumb","itemListElement":[{"@type":"ListItem","position":1,"name":"Home","item":"https:\/\/www.gts-translation.com\/de\/"},{"@type":"ListItem","position":2,"name":"Services","item":"https:\/\/www.gts-translation.com\/de\/services\/"},{"@type":"ListItem","position":3,"name":"Juristische \u00dcbersetzungsdienste"}]},{"@type":"WebSite","@id":"https:\/\/www.gts-translation.com\/de\/#website","url":"https:\/\/www.gts-translation.com\/de\/","name":"GTS Translation Services","description":"Quality you can trust at prices you can&#039;t beat!","publisher":{"@id":"https:\/\/www.gts-translation.com\/de\/#organization"},"potentialAction":[{"@type":"SearchAction","target":{"@type":"EntryPoint","urlTemplate":"https:\/\/www.gts-translation.com\/de\/?s={search_term_string}"},"query-input":{"@type":"PropertyValueSpecification","valueRequired":true,"valueName":"search_term_string"}}],"inLanguage":"de"},{"@type":"Organization","@id":"https:\/\/www.gts-translation.com\/de\/#organization","name":"GTS Translation Services","url":"https:\/\/www.gts-translation.com\/de\/","logo":{"@type":"ImageObject","inLanguage":"de","@id":"https:\/\/www.gts-translation.com\/de\/#\/schema\/logo\/image\/","url":"https:\/\/www.gts-translation.com\/wp-content\/uploads\/2023\/07\/gts-logo.png","contentUrl":"https:\/\/www.gts-translation.com\/wp-content\/uploads\/2023\/07\/gts-logo.png","width":234,"height":80,"caption":"GTS Translation Services"},"image":{"@id":"https:\/\/www.gts-translation.com\/de\/#\/schema\/logo\/image\/"},"sameAs":["https:\/\/www.facebook.com\/GTS.Translation\/"]}]}},"_links":{"self":[{"href":"https:\/\/www.gts-translation.com\/de\/wp-json\/wp\/v2\/pages\/12212","targetHints":{"allow":["GET"]}}],"collection":[{"href":"https:\/\/www.gts-translation.com\/de\/wp-json\/wp\/v2\/pages"}],"about":[{"href":"https:\/\/www.gts-translation.com\/de\/wp-json\/wp\/v2\/types\/page"}],"author":[{"embeddable":true,"href":"https:\/\/www.gts-translation.com\/de\/wp-json\/wp\/v2\/users\/261"}],"replies":[{"embeddable":true,"href":"https:\/\/www.gts-translation.com\/de\/wp-json\/wp\/v2\/comments?post=12212"}],"version-history":[{"count":3,"href":"https:\/\/www.gts-translation.com\/de\/wp-json\/wp\/v2\/pages\/12212\/revisions"}],"predecessor-version":[{"id":63498,"href":"https:\/\/www.gts-translation.com\/de\/wp-json\/wp\/v2\/pages\/12212\/revisions\/63498"}],"up":[{"embeddable":true,"href":"https:\/\/www.gts-translation.com\/de\/wp-json\/wp\/v2\/pages\/12200"}],"wp:featuredmedia":[{"embeddable":true,"href":"https:\/\/www.gts-translation.com\/de\/wp-json\/wp\/v2\/media\/36063"}],"wp:attachment":[{"href":"https:\/\/www.gts-translation.com\/de\/wp-json\/wp\/v2\/media?parent=12212"}],"curies":[{"name":"wp","href":"https:\/\/api.w.org\/{rel}","templated":true}]}}