{"id":12214,"date":"2015-05-01T13:05:53","date_gmt":"2015-05-01T13:05:53","guid":{"rendered":"https:\/\/www.gts-translation.com\/services\/marketing-translation-services\/"},"modified":"2024-06-04T13:24:42","modified_gmt":"2024-06-04T13:24:42","slug":"marketing-translation-services","status":"publish","type":"page","link":"https:\/\/www.gts-translation.com\/de\/services\/marketing-translation-services\/","title":{"rendered":"Marketing \u00dcbersetzungsdienste"},"content":{"rendered":"\n<h1 class=\"wp-block-heading\" id=\"h-beste-marketing-ubersetzungsdienste\">Beste Marketing-\u00dcbersetzungsdienste<\/h1>\n\n\n\n<p>Vertrauen Sie GTS Translation f\u00fcr schnelle und zuverl\u00e4ssige Marketing-\u00dcbersetzungen. Klicken Sie hier, um ein sofortiges Online-Preisangebot f\u00fcr Marketing-\u00dcbersetzungsdienstleistungen zu erhalten.<\/p>\n\n\n\n<p class=\"has-text-align-center\"><a class=\"maxbutton-4 maxbutton maxbutton-translate-now\" target=\"_blank\" title=\"Translate Now\" rel=\"noopener\" href=\"https:\/\/www.gts-translation.com\/get-quote\/\"><span class='mb-text'>Translate Now<\/span><\/a><\/p>\n\n\n<div class=\"wp-block-image\">\n<figure class=\"alignleft\"><a href=\"https:\/\/www.gts-translation.com\/wp-content\/uploads\/2018\/05\/Marketing-Translation-Services.jpg\"><img decoding=\"async\" width=\"300\" height=\"171\" src=\"https:\/\/www.gts-translation.com\/wp-content\/uploads\/2018\/05\/Marketing-Translation-Services-300x171.jpg\" alt=\"Marketing Translation Services\" class=\"wp-image-12754\" srcset=\"https:\/\/www.gts-translation.com\/wp-content\/uploads\/2018\/05\/Marketing-Translation-Services-300x171.jpg 300w, https:\/\/www.gts-translation.com\/wp-content\/uploads\/2018\/05\/Marketing-Translation-Services-768x439.jpg 768w, https:\/\/www.gts-translation.com\/wp-content\/uploads\/2018\/05\/Marketing-Translation-Services.jpg 915w\" sizes=\"(max-width: 300px) 100vw, 300px\" \/><\/a><figcaption class=\"wp-element-caption\">GTS helps you publish your marketing materials quickly and efficiently in all languages.<\/figcaption><\/figure>\n<\/div>\n\n\n<h2 class=\"wp-block-heading\" id=\"h-warum-sollten-sie-gts-als-ubersetzungsburo-wahlen\">Warum sollten Sie GTS als \u00dcbersetzungsb\u00fcro w\u00e4hlen?<\/h2>\n\n\n\n<p>Sind Sie Manager f\u00fcr Marketingkommunikation? Essen, atmen und schlafen Sie Marcom? Wenn ja, dann lesen Sie weiter. GTS ist ein Marketing-\u00dcbersetzungsb\u00fcro, das eine breite Palette von \u00dcbersetzungsl\u00f6sungen f\u00fcr Marcom-Abteilungen in Unternehmen anbietet. Dazu geh\u00f6ren die \u00dcbersetzung von Brosch\u00fcren, Werbetexten, Katalogen, Newslettern, Websites, E-Mails und die Untertitelung\/Voice-Over von Videopr\u00e4sentationen und Filmen.<\/p>\n\n\n\n<p>Wir bieten professionelle \u00dcbersetzungsdienste f\u00fcr Marketingdokumente in \u00fcber 80 Sprachen und in Hunderten von Sprachkombinationen. Mit zertifizierten \u00dcbersetzern in \u00fcber 100 L\u00e4ndern helfen wir Ihnen, Ihre Botschaft in der jeweiligen Landessprache an Ihre internationalen Kunden weiterzugeben &#8211; an jedem Ort, an dem Sie gesch\u00e4ftlich t\u00e4tig sind.<\/p>\n\n\n\n<h2 class=\"wp-block-heading\" id=\"h-veroffentlichung-ihrer-marketingmaterialien-in-verschiedenen-sprachen\">Ver\u00f6ffentlichung Ihrer Marketingmaterialien in verschiedenen Sprachen<\/h2>\n\n\n\n<p>Auf dem schnelllebigen globalen Markt von heute werden immer mehr Werbematerialien online und elektronisch bereitgestellt. Unternehmen drucken jedoch nach wie vor Marketingbrosch\u00fcren und Kataloge, die per Post, auf Messen und Konferenzen verteilt werden. GTS kann Ihnen bei der \u00dcbersetzung Ihrer gesamten gedruckten und elektronischen Marcoms in jedem Format helfen. Unsere DTP-Abteilung unterst\u00fctzt alle Publishing-Softwareanwendungen; wir sind das f\u00fchrende Unternehmen f\u00fcr die \u00dcbersetzung von InDesign-Dateien. Normalerweise laden Sie Ihre hochaufl\u00f6senden Grafiken in unseren sicheren FTP-Bereich hoch. Vollst\u00e4ndig lokalisierte Materialien werden im nativen und hochaufl\u00f6senden PDF-Dateiformat geliefert, das sich f\u00fcr Druck, Ver\u00f6ffentlichung und Vertrieb eignet.<\/p>\n\n\n\n<h2 class=\"wp-block-heading\" id=\"h-ubersetzungsdienste-fur-marketingforschung\">\u00dcbersetzungsdienste f\u00fcr Marketingforschung<\/h2>\n\n\n\n<p>GTS unterst\u00fctzt unsere Kunden bei ihren internationalen Marketingforschungsbem\u00fchungen durch die \u00dcbersetzung aller relevanten Forschungsdokumente. Dazu geh\u00f6rt die \u00dcbersetzung von Umfragen, Umfrageantworten, Frageb\u00f6gen, Diskussions-\/Sitzungszusammenfassungen und anderen Marketingforschungsdokumenten. Mit Linguisten in \u00fcber 100 L\u00e4ndern verf\u00fcgen wir \u00fcber das lokale und kulturelle Fachwissen, das Sie f\u00fcr Ihre Marktforschungsprojekte in allen Teilen der Welt ben\u00f6tigen.<\/p>\n\n\n\n<h2 class=\"wp-block-heading\" id=\"h-ubersetzungsdienste-fur-digitales-marketing\">\u00dcbersetzungsdienste f\u00fcr digitales Marketing<\/h2>\n\n\n\n<p>GTS bietet \u00dcbersetzungsl\u00f6sungen f\u00fcr alle Formen des digitalen Marketings f\u00fcr international t\u00e4tige Unternehmen. Dazu geh\u00f6rt die \u00dcbersetzung von Website-Inhalten, Blog-Beitr\u00e4gen, PPC-Kampagnen, E-Mail-Marketing-Kampagnen und Social-Media-Kampagnen. W\u00e4hlen Sie GTS f\u00fcr effektive Marketing- und Werbe\u00fcbersetzungsdienste, um die besten Ergebnisse zu erzielen.<\/p>\n\n\n\n<h2 class=\"wp-block-heading\" id=\"h-kulturelle-anpassung-von-marcom\">Kulturelle Anpassung von Marcom<\/h2>\n\n\n\n<p>Die Anpassung Ihrer Marketing-Kommunikationsmaterialien an die Bed\u00fcrfnisse Ihrer internationalen Kunden ist nicht nur eine Frage der \u00dcbersetzung von Worten in eine andere Sprache. Die Botschaft und die Vision, die Sie vermitteln wollen, m\u00fcssen f\u00fcr Ihr Zielpublikum angepasst werden. Ein guter Marketing-\u00dcbersetzer wird viel mehr tun als nur Ihren Text zu \u00fcbersetzen. Eine gute \u00dcbersetzungsagentur passt Ihr Material kulturell an, so dass es nicht nur in der Zielsprache gut lesbar ist, sondern auch den richtigen lokalen Geschmack und die richtigen Nuancen aufweist. Deshalb sollten Sie sich f\u00fcr GTS entscheiden, wenn Sie Marketing-\u00dcbersetzungen in Auftrag geben m\u00f6chten.<\/p>\n","protected":false},"excerpt":{"rendered":"<p>Beste Marketing-\u00dcbersetzungsdienste Vertrauen Sie GTS Translation f\u00fcr schnelle und zuverl\u00e4ssige Marketing-\u00dcbersetzungen. Klicken Sie hier, um ein sofortiges Online-Preisangebot f\u00fcr Marketing-\u00dcbersetzungsdienstleistungen zu erhalten. Warum sollten Sie GTS als \u00dcbersetzungsb\u00fcro w\u00e4hlen? Sind Sie Manager f\u00fcr Marketingkommunikation? Essen, atmen und schlafen Sie Marcom? Wenn ja, dann lesen Sie weiter. GTS ist ein Marketing-\u00dcbersetzungsb\u00fcro, das eine breite Palette von &#8230; <a title=\"Marketing \u00dcbersetzungsdienste\" class=\"read-more\" href=\"https:\/\/www.gts-translation.com\/de\/services\/marketing-translation-services\/\" aria-label=\"Mehr Informationen \u00fcber Marketing \u00dcbersetzungsdienste\">Weiterlesen<\/a><\/p>\n","protected":false},"author":261,"featured_media":36471,"parent":12200,"menu_order":0,"comment_status":"open","ping_status":"closed","template":"templates\/landing-page.php","meta":{"_acf_changed":false,"inline_featured_image":false,"_monsterinsights_skip_tracking":false,"_monsterinsights_sitenote_active":false,"_monsterinsights_sitenote_note":"","_monsterinsights_sitenote_category":0,"footnotes":""},"class_list":["post-12214","page","type-page","status-publish","has-post-thumbnail"],"acf":[],"yoast_head":"<!-- This site is optimized with the Yoast SEO Premium plugin v24.2 (Yoast SEO v27.5) - https:\/\/yoast.com\/product\/yoast-seo-premium-wordpress\/ -->\n<title>Marketing Translation Services | Marketing Translation Agencies<\/title>\n<meta name=\"description\" content=\"GTS ist das beste Unternehmen f\u00fcr die \u00dcbersetzung von Marketingmaterial in alle Sprachen. Erhalten Sie jetzt ein sofortiges Online-Angebot.\" \/>\n<meta name=\"robots\" content=\"index, follow, max-snippet:-1, max-image-preview:large, max-video-preview:-1\" \/>\n<link rel=\"canonical\" href=\"https:\/\/www.gts-translation.com\/de\/services\/marketing-translation-services\/\" \/>\n<meta property=\"og:locale\" content=\"de_DE\" \/>\n<meta property=\"og:type\" content=\"article\" \/>\n<meta property=\"og:title\" content=\"Marketing \u00dcbersetzungsdienste\" \/>\n<meta property=\"og:description\" content=\"GTS ist das beste Unternehmen f\u00fcr die \u00dcbersetzung von Marketingmaterial in alle Sprachen. Erhalten Sie jetzt ein sofortiges Online-Angebot.\" \/>\n<meta property=\"og:url\" content=\"https:\/\/www.gts-translation.com\/de\/services\/marketing-translation-services\/\" \/>\n<meta property=\"og:site_name\" content=\"GTS Translation Services\" \/>\n<meta property=\"article:publisher\" content=\"https:\/\/www.facebook.com\/GTS.Translation\/\" \/>\n<meta property=\"article:modified_time\" content=\"2024-06-04T13:24:42+00:00\" \/>\n<meta property=\"og:image\" content=\"https:\/\/www.gts-translation.com\/wp-content\/uploads\/2022\/01\/Marcom-Translation-Services.jpg\" \/>\n\t<meta property=\"og:image:width\" content=\"832\" \/>\n\t<meta property=\"og:image:height\" content=\"576\" \/>\n\t<meta property=\"og:image:type\" content=\"image\/jpeg\" \/>\n<meta name=\"twitter:card\" content=\"summary_large_image\" \/>\n<meta name=\"twitter:label1\" content=\"Gesch\u00e4tzte Lesezeit\" \/>\n\t<meta name=\"twitter:data1\" content=\"3\u00a0Minuten\" \/>\n<script type=\"application\/ld+json\" class=\"yoast-schema-graph\">{\"@context\":\"https:\\\/\\\/schema.org\",\"@graph\":[{\"@type\":\"WebPage\",\"@id\":\"https:\\\/\\\/www.gts-translation.com\\\/de\\\/services\\\/marketing-translation-services\\\/\",\"url\":\"https:\\\/\\\/www.gts-translation.com\\\/de\\\/services\\\/marketing-translation-services\\\/\",\"name\":\"Marketing Translation Services | Marketing Translation Agencies\",\"isPartOf\":{\"@id\":\"https:\\\/\\\/www.gts-translation.com\\\/de\\\/#website\"},\"primaryImageOfPage\":{\"@id\":\"https:\\\/\\\/www.gts-translation.com\\\/de\\\/services\\\/marketing-translation-services\\\/#primaryimage\"},\"image\":{\"@id\":\"https:\\\/\\\/www.gts-translation.com\\\/de\\\/services\\\/marketing-translation-services\\\/#primaryimage\"},\"thumbnailUrl\":\"https:\\\/\\\/www.gts-translation.com\\\/wp-content\\\/uploads\\\/2022\\\/01\\\/Marcom-Translation-Services.jpg\",\"datePublished\":\"2015-05-01T13:05:53+00:00\",\"dateModified\":\"2024-06-04T13:24:42+00:00\",\"description\":\"GTS ist das beste Unternehmen f\u00fcr die \u00dcbersetzung von Marketingmaterial in alle Sprachen. Erhalten Sie jetzt ein sofortiges Online-Angebot.\",\"breadcrumb\":{\"@id\":\"https:\\\/\\\/www.gts-translation.com\\\/de\\\/services\\\/marketing-translation-services\\\/#breadcrumb\"},\"inLanguage\":\"de\",\"potentialAction\":[{\"@type\":\"ReadAction\",\"target\":[\"https:\\\/\\\/www.gts-translation.com\\\/de\\\/services\\\/marketing-translation-services\\\/\"]}]},{\"@type\":\"ImageObject\",\"inLanguage\":\"de\",\"@id\":\"https:\\\/\\\/www.gts-translation.com\\\/de\\\/services\\\/marketing-translation-services\\\/#primaryimage\",\"url\":\"https:\\\/\\\/www.gts-translation.com\\\/wp-content\\\/uploads\\\/2022\\\/01\\\/Marcom-Translation-Services.jpg\",\"contentUrl\":\"https:\\\/\\\/www.gts-translation.com\\\/wp-content\\\/uploads\\\/2022\\\/01\\\/Marcom-Translation-Services.jpg\",\"width\":832,\"height\":576,\"caption\":\"Cloud computing with internet marketing , abstract background\"},{\"@type\":\"BreadcrumbList\",\"@id\":\"https:\\\/\\\/www.gts-translation.com\\\/de\\\/services\\\/marketing-translation-services\\\/#breadcrumb\",\"itemListElement\":[{\"@type\":\"ListItem\",\"position\":1,\"name\":\"Home\",\"item\":\"https:\\\/\\\/www.gts-translation.com\\\/de\\\/\"},{\"@type\":\"ListItem\",\"position\":2,\"name\":\"Services\",\"item\":\"https:\\\/\\\/www.gts-translation.com\\\/de\\\/services\\\/\"},{\"@type\":\"ListItem\",\"position\":3,\"name\":\"Marketing \u00dcbersetzungsdienste\"}]},{\"@type\":\"WebSite\",\"@id\":\"https:\\\/\\\/www.gts-translation.com\\\/de\\\/#website\",\"url\":\"https:\\\/\\\/www.gts-translation.com\\\/de\\\/\",\"name\":\"GTS Translation Services\",\"description\":\"Quality you can trust at prices you can&#039;t beat!\",\"publisher\":{\"@id\":\"https:\\\/\\\/www.gts-translation.com\\\/de\\\/#organization\"},\"potentialAction\":[{\"@type\":\"SearchAction\",\"target\":{\"@type\":\"EntryPoint\",\"urlTemplate\":\"https:\\\/\\\/www.gts-translation.com\\\/de\\\/?s={search_term_string}\"},\"query-input\":{\"@type\":\"PropertyValueSpecification\",\"valueRequired\":true,\"valueName\":\"search_term_string\"}}],\"inLanguage\":\"de\"},{\"@type\":\"Organization\",\"@id\":\"https:\\\/\\\/www.gts-translation.com\\\/de\\\/#organization\",\"name\":\"GTS Translation Services\",\"url\":\"https:\\\/\\\/www.gts-translation.com\\\/de\\\/\",\"logo\":{\"@type\":\"ImageObject\",\"inLanguage\":\"de\",\"@id\":\"https:\\\/\\\/www.gts-translation.com\\\/de\\\/#\\\/schema\\\/logo\\\/image\\\/\",\"url\":\"https:\\\/\\\/www.gts-translation.com\\\/wp-content\\\/uploads\\\/2023\\\/07\\\/gts-logo.png\",\"contentUrl\":\"https:\\\/\\\/www.gts-translation.com\\\/wp-content\\\/uploads\\\/2023\\\/07\\\/gts-logo.png\",\"width\":234,\"height\":80,\"caption\":\"GTS Translation Services\"},\"image\":{\"@id\":\"https:\\\/\\\/www.gts-translation.com\\\/de\\\/#\\\/schema\\\/logo\\\/image\\\/\"},\"sameAs\":[\"https:\\\/\\\/www.facebook.com\\\/GTS.Translation\\\/\"]}]}<\/script>\n<!-- \/ Yoast SEO Premium plugin. -->","yoast_head_json":{"title":"Marketing Translation Services | Marketing Translation Agencies","description":"GTS ist das beste Unternehmen f\u00fcr die \u00dcbersetzung von Marketingmaterial in alle Sprachen. Erhalten Sie jetzt ein sofortiges Online-Angebot.","robots":{"index":"index","follow":"follow","max-snippet":"max-snippet:-1","max-image-preview":"max-image-preview:large","max-video-preview":"max-video-preview:-1"},"canonical":"https:\/\/www.gts-translation.com\/de\/services\/marketing-translation-services\/","og_locale":"de_DE","og_type":"article","og_title":"Marketing \u00dcbersetzungsdienste","og_description":"GTS ist das beste Unternehmen f\u00fcr die \u00dcbersetzung von Marketingmaterial in alle Sprachen. Erhalten Sie jetzt ein sofortiges Online-Angebot.","og_url":"https:\/\/www.gts-translation.com\/de\/services\/marketing-translation-services\/","og_site_name":"GTS Translation Services","article_publisher":"https:\/\/www.facebook.com\/GTS.Translation\/","article_modified_time":"2024-06-04T13:24:42+00:00","og_image":[{"width":832,"height":576,"url":"https:\/\/www.gts-translation.com\/wp-content\/uploads\/2022\/01\/Marcom-Translation-Services.jpg","type":"image\/jpeg"}],"twitter_card":"summary_large_image","twitter_misc":{"Gesch\u00e4tzte Lesezeit":"3\u00a0Minuten"},"schema":{"@context":"https:\/\/schema.org","@graph":[{"@type":"WebPage","@id":"https:\/\/www.gts-translation.com\/de\/services\/marketing-translation-services\/","url":"https:\/\/www.gts-translation.com\/de\/services\/marketing-translation-services\/","name":"Marketing Translation Services | Marketing Translation Agencies","isPartOf":{"@id":"https:\/\/www.gts-translation.com\/de\/#website"},"primaryImageOfPage":{"@id":"https:\/\/www.gts-translation.com\/de\/services\/marketing-translation-services\/#primaryimage"},"image":{"@id":"https:\/\/www.gts-translation.com\/de\/services\/marketing-translation-services\/#primaryimage"},"thumbnailUrl":"https:\/\/www.gts-translation.com\/wp-content\/uploads\/2022\/01\/Marcom-Translation-Services.jpg","datePublished":"2015-05-01T13:05:53+00:00","dateModified":"2024-06-04T13:24:42+00:00","description":"GTS ist das beste Unternehmen f\u00fcr die \u00dcbersetzung von Marketingmaterial in alle Sprachen. Erhalten Sie jetzt ein sofortiges Online-Angebot.","breadcrumb":{"@id":"https:\/\/www.gts-translation.com\/de\/services\/marketing-translation-services\/#breadcrumb"},"inLanguage":"de","potentialAction":[{"@type":"ReadAction","target":["https:\/\/www.gts-translation.com\/de\/services\/marketing-translation-services\/"]}]},{"@type":"ImageObject","inLanguage":"de","@id":"https:\/\/www.gts-translation.com\/de\/services\/marketing-translation-services\/#primaryimage","url":"https:\/\/www.gts-translation.com\/wp-content\/uploads\/2022\/01\/Marcom-Translation-Services.jpg","contentUrl":"https:\/\/www.gts-translation.com\/wp-content\/uploads\/2022\/01\/Marcom-Translation-Services.jpg","width":832,"height":576,"caption":"Cloud computing with internet marketing , abstract background"},{"@type":"BreadcrumbList","@id":"https:\/\/www.gts-translation.com\/de\/services\/marketing-translation-services\/#breadcrumb","itemListElement":[{"@type":"ListItem","position":1,"name":"Home","item":"https:\/\/www.gts-translation.com\/de\/"},{"@type":"ListItem","position":2,"name":"Services","item":"https:\/\/www.gts-translation.com\/de\/services\/"},{"@type":"ListItem","position":3,"name":"Marketing \u00dcbersetzungsdienste"}]},{"@type":"WebSite","@id":"https:\/\/www.gts-translation.com\/de\/#website","url":"https:\/\/www.gts-translation.com\/de\/","name":"GTS Translation Services","description":"Quality you can trust at prices you can&#039;t beat!","publisher":{"@id":"https:\/\/www.gts-translation.com\/de\/#organization"},"potentialAction":[{"@type":"SearchAction","target":{"@type":"EntryPoint","urlTemplate":"https:\/\/www.gts-translation.com\/de\/?s={search_term_string}"},"query-input":{"@type":"PropertyValueSpecification","valueRequired":true,"valueName":"search_term_string"}}],"inLanguage":"de"},{"@type":"Organization","@id":"https:\/\/www.gts-translation.com\/de\/#organization","name":"GTS Translation Services","url":"https:\/\/www.gts-translation.com\/de\/","logo":{"@type":"ImageObject","inLanguage":"de","@id":"https:\/\/www.gts-translation.com\/de\/#\/schema\/logo\/image\/","url":"https:\/\/www.gts-translation.com\/wp-content\/uploads\/2023\/07\/gts-logo.png","contentUrl":"https:\/\/www.gts-translation.com\/wp-content\/uploads\/2023\/07\/gts-logo.png","width":234,"height":80,"caption":"GTS Translation Services"},"image":{"@id":"https:\/\/www.gts-translation.com\/de\/#\/schema\/logo\/image\/"},"sameAs":["https:\/\/www.facebook.com\/GTS.Translation\/"]}]}},"_links":{"self":[{"href":"https:\/\/www.gts-translation.com\/de\/wp-json\/wp\/v2\/pages\/12214","targetHints":{"allow":["GET"]}}],"collection":[{"href":"https:\/\/www.gts-translation.com\/de\/wp-json\/wp\/v2\/pages"}],"about":[{"href":"https:\/\/www.gts-translation.com\/de\/wp-json\/wp\/v2\/types\/page"}],"author":[{"embeddable":true,"href":"https:\/\/www.gts-translation.com\/de\/wp-json\/wp\/v2\/users\/261"}],"replies":[{"embeddable":true,"href":"https:\/\/www.gts-translation.com\/de\/wp-json\/wp\/v2\/comments?post=12214"}],"version-history":[{"count":2,"href":"https:\/\/www.gts-translation.com\/de\/wp-json\/wp\/v2\/pages\/12214\/revisions"}],"predecessor-version":[{"id":61821,"href":"https:\/\/www.gts-translation.com\/de\/wp-json\/wp\/v2\/pages\/12214\/revisions\/61821"}],"up":[{"embeddable":true,"href":"https:\/\/www.gts-translation.com\/de\/wp-json\/wp\/v2\/pages\/12200"}],"wp:featuredmedia":[{"embeddable":true,"href":"https:\/\/www.gts-translation.com\/de\/wp-json\/wp\/v2\/media\/36471"}],"wp:attachment":[{"href":"https:\/\/www.gts-translation.com\/de\/wp-json\/wp\/v2\/media?parent=12214"}],"curies":[{"name":"wp","href":"https:\/\/api.w.org\/{rel}","templated":true}]}}