{"id":12222,"date":"2015-05-01T13:33:35","date_gmt":"2015-05-01T13:33:35","guid":{"rendered":"https:\/\/www.gts-translation.com\/services\/msds-translation-services\/"},"modified":"2026-01-19T08:42:00","modified_gmt":"2026-01-19T08:42:00","slug":"msds-translation-services","status":"publish","type":"page","link":"https:\/\/www.gts-translation.com\/de\/services\/msds-translation-services\/","title":{"rendered":"Sicherheitsdatenbl\u00e4tter (SDB) \u00dcbersetzungsdienste"},"content":{"rendered":"<p><!-- Hero-Bereich mit CTA f\u00fcr SDB-\u00dcbersetzungsdienste --><\/p>\n<div style=\"background-color: #f5f7fa; padding: 40px 20px; text-align: center; border-radius: 8px; margin-bottom: 30px;\">\n<h1 style=\"font-size: 32px; margin-bottom: 10px;\">Professionelle \u00dcbersetzungsdienste f\u00fcr Sicherheitsdatenbl\u00e4tter (SDB)<\/h1>\n<p style=\"font-size: 18px; max-width: 800px; margin: 0 auto 20px;\">Zertifizierte \u00dcbersetzungen von Sicherheitsdatenbl\u00e4ttern gem\u00e4\u00df GHS, REACH und internationalen Standards. Unsere erfahrenen Fach\u00fcbersetzer liefern pr\u00e4zise und vertrauliche \u00dcbersetzungen in \u00fcber 100 Sprachen \u2013 schnell und zuverl\u00e4ssig.<\/p>\n<p><a style=\"background-color: #0073e6; color: #fff; padding: 14px 28px; font-size: 18px; border-radius: 6px; text-decoration: none; display: inline-block; box-shadow: 0 4px 6px rgba(0,0,0,0.1); transition: background-color 0.3s;\" href=\"#quote-form\"><br \/>\n\ud83d\udcc4 Sofortiges Angebot einholen<br \/>\n<\/a><\/p>\n<p style=\"font-size: 14px; color: #666; margin-top: 12px;\">ISO 17100 zertifiziert | Branchenexperten | Vertraulichkeit garantiert<\/p>\n<\/div>\n\n<p>&nbsp;<\/p>\n<h1>Sicherheitsdatenbl\u00e4tter (SDB) \u00dcbersetzungsdienste<\/h1>\n<p>GTS Translation ist der f\u00fchrende Anbieter von SDS-\u00dcbersetzungsdiensten. Wir haben eine nachgewiesene Erfolgsbilanz bei der Bereitstellung hochwertiger <strong>SDB-\u00dcbersetzungsdienste<\/strong> in \u00fcber 60 Sprachen. Wir haben Hunderte von <a href=\"https:\/\/www.chemtrec.com\/de\/chemtrec-services\/material-safety-data-sheet-msds-management\">Sicherheitsdatenbl\u00e4ttern<\/a> (SDB) f\u00fcr einige der gr\u00f6\u00dften Chemieunternehmen der Welt \u00fcbersetzt. Wir garantieren, dass das Sicherheitsdatenblatt, das wir f\u00fcr Sie \u00fcbersetzen, von den zust\u00e4ndigen Aufsichtsbeh\u00f6rden akzeptiert wird.<\/p>\n<p>Klicken Sie hier, um <a href=\"https:\/\/www.gts-translation.com\/de\/get-quote\/\">Sicherheitsdatenblatt-\u00dcbersetzungsdienste zu bestellen<\/a>. Laden Sie einfach Ihr Sicherheitsdatenblatt hoch und erhalten Sie in Sekundenschnelle ein Preisangebot.<\/p>\n<h2>Warum SDB-\u00dcbersetzungsdienste bei GTS bestellen?<\/h2>\n<p><img decoding=\"async\" class=\"size-medium wp-image-11306 alignleft\" src=\"https:\/\/www.gts-translation.com\/wp-content\/uploads\/2015\/05\/49257789_s-300x212.jpg\" alt=\"SDS Translation Service\" width=\"300\" height=\"212\" srcset=\"https:\/\/www.gts-translation.com\/wp-content\/uploads\/2015\/05\/49257789_s-300x212.jpg 300w, https:\/\/www.gts-translation.com\/wp-content\/uploads\/2015\/05\/49257789_s.jpg 450w\" sizes=\"(max-width: 300px) 100vw, 300px\" \/>GTS bietet eine umfassende L\u00f6sung f\u00fcr die \u00dcbersetzung von Sicherheitsdatenbl\u00e4ttern (SDB oder SDS) und f\u00fcr die Kennzeichnung chemischer Produkte. Unsere Arbeit erfolgt in voller \u00dcbereinstimmung mit den gesetzlichen Anforderungen und Standards in den Ziell\u00e4ndern.<\/p>\n<p>Unser Team von <strong>SDB \u00dcbersetzungsdienste<\/strong> Experten f\u00fcr Sicherheitsdatenbl\u00e4tter hat nachweisliche Erfahrung in der \u00dcbersetzung von Informationen zur chemischen Sicherheit und Texten zu chemischen Produkten. Zu den Kunden z\u00e4hlen Sunoco, Evonik Industries, Gerber Scientific, Henkel, SAP, Siemens, Vishay und Xylem.<big><\/big><big><\/big>Wir \u00fcbersetzen Sicherheitsdatenbl\u00e4tter und Bibliotheken f\u00fcr chemische Phrasen in alle EU- und asiatischen Sprachen. Dies umfasst Spanisch, Deutsch, Italienisch, Franz\u00f6sisch, Chinesisch, Japanisch, Thail\u00e4ndisch, Indonesisch, Malaiisch und Koreanisch. Verwenden Sie GTS, wenn Sie eine zuverl\u00e4ssige Quelle f\u00fcr die schnelle Lieferung von Sicherheitsdatenbl\u00e4ttern in mehreren Sprachen ben\u00f6tigen.<\/p>\n<h2>Fallstudien zu SDB-\u00dcbersetzungsdiensten<\/h2>\n<p>Hier sind einige Kunden, die SDS-\u00dcbersetzungsdienste bei GTS Translation bestellt haben:<\/p>\n<ul>\n<li>\u00dcbersetzung von Sicherheitsdatenbl\u00e4ttern aus dem Deutschen ins Englische f\u00fcr <a href=\"https:\/\/dhc-solvent.de\/\">DHC Solvent Chemie GmbH<\/a>.<\/li>\n<li>\u00dcbersetzung von Sicherheitsdatenbl\u00e4ttern aus dem Englischen ins Deutsche f\u00fcr <a href=\"https:\/\/www.novapura.com\/?lang=en\">Novapura AG<\/a>.<\/li>\n<li>\u00dcbersetzung von Sicherheitsdatenbl\u00e4ttern f\u00fcr <a href=\"http:\/\/sunoco.com\/\">Sunoco Race Fuels<\/a> ins Kanadische Franz\u00f6sisch.<\/li>\n<li>\u00dcbersetzung von SDB\/SDS f\u00fcr die <a href=\"https:\/\/www.polytek.com\/\">Polytek Development Corporation<\/a> in Deutsch, Spanisch, Franz\u00f6sisch, Polnisch und Italienisch.<\/li>\n<li>\u00dcbersetzung von SDB\/SDS f\u00fcr <a href=\"https:\/\/discheminc.com\/\">DisChem<\/a> in Koreanisch, Vereinfachtes Chinesisch und Traditionelles Chinesisch.<\/li>\n<li>\u00dcbersetzung von Sicherheitsdatenbl\u00e4ttern in mehrere Sprachen f\u00fcr <a href=\"http:\/\/www.techtex.co.uk\/\">Techtext<\/a>, den gr\u00f6\u00dften britischen Anbieter von Gesundheits- und Sicherheitsstoffen.<\/li>\n<li>\u00dcbersetzung zahlreicher Sicherheitsdatenbl\u00e4tter ins Europ\u00e4ische Franz\u00f6sisch f\u00fcr <a href=\"https:\/\/www.hoerbiger.com\/\">IEP Technologies<\/a>.<\/li>\n<li>\u00dcbersetzung zahlreicher Sicherheitsdatenbl\u00e4tter ins Spanische f\u00fcr Hilco USA.<\/li>\n<li>\u00dcbersetzung zahlreicher Sicherheitsdatenbl\u00e4tter ins Malaiische f\u00fcr Intersurface Dynamics.<\/li>\n<li>\u00dcbersetzung von Sicherheitsdatenbl\u00e4ttern aus dem Deutschen ins Franz\u00f6sische f\u00fcr <a href=\"https:\/\/autodoc.group\/\">AUTODOC SE<\/a>.<\/li>\n<\/ul>\n<h2>Wie viel kostet die \u00dcbersetzung eines Sicherheitsdatenblatts im Jahr 2026?<\/h2>\n<p>Sicherheitsdatenbl\u00e4tter haben eine durchschnittliche Wortzahl von 2.500 W\u00f6rtern. Einige laufen h\u00f6her, andere niedriger. Typisch sind jedoch 2.500 W\u00f6rter pro Sicherheitsdatenblatt. Der Durchschnittspreis f\u00fcr die \u00dcbersetzung eines Sicherheitsdatenblatts vom Deutschen ins Englische\u00a0betr\u00e4gt \u20ac300. Bei GTS beinhaltet dieser Preis die professionelle SDS-\u00dcbersetzung durch einen zertifizierten \u00dcbersetzer mit Fachkenntnissen in Chemie, \u00dcberpr\u00fcfung und Seitenlayout im MS Word-Dateiformat. Wenn Sie das Sicherheitsdatenblatt im PDF-Dateiformat bereitstellen, konvertieren wir es in eine Word-Datei.<\/p>\n<h2>Einhaltung der \u00f6rtlichen Vorschriften<\/h2>\n<p>Wir \u00fcbersetzen Ihr Sicherheitsdatenblatt, um das <a href=\"https:\/\/www.reach-compliance.ch\/ghsclp\/neuegefahrenpiktogramme\/\">GHS Format<\/a> einzuhalten, das der weltweite Standard ist, der in Europa, Kanada und den USA verwendet wird. Wir \u00fcbersetzen Sicherheitsdatenbl\u00e4tter auch so, dass sie dem EU-Format, dem WHMIS-Format (Kanada) und den meisten anderen L\u00e4nderstandards entsprechen.<\/p>\n<p>In den USA ist die Arbeitsschutzbeh\u00f6rde (OSHA) der US-Regierung f\u00fcr die Regulierung von Sicherheitsdatenbl\u00e4ttern verantwortlich. Sicherheitsdatenbl\u00e4tter sollten dem OSHA Hazard Communication Standard, 29 CFR1910.1200, entsprechen. Das American National Standards Institute (ANSI) hat ANSI Z400.1 f\u00fcr Sicherheitsdatenbl\u00e4tter und ANSI Z129.1 f\u00fcr die Kennzeichnung entwickelt. In den USA gelten m\u00f6glicherweise zus\u00e4tzliche staatliche und lokale Vorschriften. In Gro\u00dfbritannien sind Sicherheitsdatenbl\u00e4tter gem\u00e4\u00df der <a href=\"https:\/\/www.hse.gov.uk\/chemical-classification\/labelling-packaging\/safety-data-sheets.htm\">REACH-Verordnung<\/a> erforderlich.<\/p>\n<p>In Kanada m\u00fcssen sowohl die Produktetiketten als auch das Sicherheitsdatenblatt in englischer und <a href=\"http:\/\/www.canadaone.com\/b\/GTS_Translation\">franz\u00f6sischer Sprache<\/a> verf\u00fcgbar sein. Auf den chemischen Sicherheitsetiketten m\u00fcssen sowohl Englisch als auch Franz\u00f6sisch auf demselben Etikett stehen. Der in Kanada geltende Standard ist das Workplace Hazardous Materials Information System (WHMIS). <a href=\"http:\/\/www.hc-sc.gc.ca\/ewh-semt\/occup-travail\/whmis-simdut\/index-eng.php\" target=\"_blank\" rel=\"noopener noreferrer\">Klicken Sie hier<\/a>, um mehr \u00fcber die WHMIS-Anforderungen auf der Health Canada-Website zu erfahren.<\/p>\n<p>In Europa enth\u00e4lt die Richtlinie 2001\/58 \/ EG detaillierte Leitlinien f\u00fcr die Erstellung von Sicherheitsdatenbl\u00e4ttern. L\u00e4nder in Asien haben ihre eigenen Sicherheitsdatenbl\u00e4tter. Beispiele hierf\u00fcr sind JIS 27250 in Japan und GB 16483-2000 in China. In vielen L\u00e4ndern werden die<\/p>\n<p>MSDS-Vorschriften weiterentwickelt, um die Globalisierung von Standards zu erm\u00f6glichen. Bei der \u00dcbersetzung chemischer Produkte in verschiedene Sprachen versuchen wir, die Standards aller L\u00e4nder zu erf\u00fcllen, in denen jede Sprache gesprochen wird, um Ihre Investition in \u00dcbersetzungsdienste zu maximieren.<\/p>\n<h4>Verwandte Links:<\/h4>\n<p><a href=\"https:\/\/www.gts-translation.com\/converting-msds-ghs-format\/\" target=\"_blank\" rel=\"noopener noreferrer\">Konvertieren von Sicherheitsdatenbl\u00e4ttern in das GHS-Format<\/a> <a href=\"https:\/\/www.gts-translation.com\/converting-msds-ghs-format\/\" target=\"_blank\" rel=\"noopener noreferrer\">Konvertieren von Sicherheitsdatenbl\u00e4ttern im USA-Format in das EU-Format<\/a><\/p>\n","protected":false},"excerpt":{"rendered":"<p>Professionelle \u00dcbersetzungsdienste f\u00fcr Sicherheitsdatenbl\u00e4tter (SDB) Zertifizierte \u00dcbersetzungen von Sicherheitsdatenbl\u00e4ttern gem\u00e4\u00df GHS, REACH und internationalen Standards. Unsere erfahrenen Fach\u00fcbersetzer liefern pr\u00e4zise und vertrauliche \u00dcbersetzungen in \u00fcber 100 Sprachen \u2013 schnell und zuverl\u00e4ssig. \ud83d\udcc4 Sofortiges Angebot einholen ISO 17100 zertifiziert | Branchenexperten | Vertraulichkeit garantiert &nbsp; Sicherheitsdatenbl\u00e4tter (SDB) \u00dcbersetzungsdienste GTS Translation ist der f\u00fchrende Anbieter von SDS-\u00dcbersetzungsdiensten. &#8230; <a title=\"Sicherheitsdatenbl\u00e4tter (SDB) \u00dcbersetzungsdienste\" class=\"read-more\" href=\"https:\/\/www.gts-translation.com\/de\/services\/msds-translation-services\/\" aria-label=\"Mehr Informationen \u00fcber Sicherheitsdatenbl\u00e4tter (SDB) \u00dcbersetzungsdienste\">Weiterlesen<\/a><\/p>\n","protected":false},"author":13894,"featured_media":35436,"parent":12200,"menu_order":0,"comment_status":"open","ping_status":"closed","template":"templates\/landing-page.php","meta":{"_acf_changed":false,"inline_featured_image":false,"_monsterinsights_skip_tracking":false,"_monsterinsights_sitenote_active":false,"_monsterinsights_sitenote_note":"","_monsterinsights_sitenote_category":0,"footnotes":""},"class_list":["post-12222","page","type-page","status-publish","has-post-thumbnail"],"acf":[],"yoast_head":"<!-- This site is optimized with the Yoast SEO Premium plugin v24.2 (Yoast SEO v27.4) - https:\/\/yoast.com\/product\/yoast-seo-premium-wordpress\/ -->\n<title>SDS-\u00dcbersetzungsdienst | SDB-\u00dcbersetzungsdienste<\/title>\n<meta name=\"description\" content=\"GTS bietet zertifizierte SDS-\u00dcbersetzungsdienste in voller \u00dcbereinstimmung mit den L\u00e4nderbestimmungen weltweit. Holen Sie sich jetzt ein Online-Preisangebot.\" \/>\n<meta name=\"robots\" content=\"index, follow, max-snippet:-1, max-image-preview:large, max-video-preview:-1\" \/>\n<link rel=\"canonical\" href=\"https:\/\/www.gts-translation.com\/de\/services\/msds-translation-services\/\" \/>\n<meta property=\"og:locale\" content=\"de_DE\" \/>\n<meta property=\"og:type\" content=\"article\" \/>\n<meta property=\"og:title\" content=\"Sicherheitsdatenbl\u00e4tter (SDB) \u00dcbersetzungsdienste\" \/>\n<meta property=\"og:description\" content=\"GTS bietet zertifizierte SDS-\u00dcbersetzungsdienste in voller \u00dcbereinstimmung mit den L\u00e4nderbestimmungen weltweit. Holen Sie sich jetzt ein Online-Preisangebot.\" \/>\n<meta property=\"og:url\" content=\"https:\/\/www.gts-translation.com\/de\/services\/msds-translation-services\/\" \/>\n<meta property=\"og:site_name\" content=\"GTS Translation Services\" \/>\n<meta property=\"article:publisher\" content=\"https:\/\/www.facebook.com\/GTS.Translation\/\" \/>\n<meta property=\"article:modified_time\" content=\"2026-01-19T08:42:00+00:00\" \/>\n<meta property=\"og:image\" content=\"https:\/\/www.gts-translation.com\/wp-content\/uploads\/2021\/11\/SDS-Translation-Services-3.jpg\" \/>\n\t<meta property=\"og:image:width\" content=\"844\" \/>\n\t<meta property=\"og:image:height\" content=\"415\" \/>\n\t<meta property=\"og:image:type\" content=\"image\/jpeg\" \/>\n<meta name=\"twitter:card\" content=\"summary_large_image\" \/>\n<meta name=\"twitter:label1\" content=\"Gesch\u00e4tzte Lesezeit\" \/>\n\t<meta name=\"twitter:data1\" content=\"4\u00a0Minuten\" \/>\n<script type=\"application\/ld+json\" class=\"yoast-schema-graph\">{\"@context\":\"https:\\\/\\\/schema.org\",\"@graph\":[{\"@type\":\"WebPage\",\"@id\":\"https:\\\/\\\/www.gts-translation.com\\\/de\\\/services\\\/msds-translation-services\\\/\",\"url\":\"https:\\\/\\\/www.gts-translation.com\\\/de\\\/services\\\/msds-translation-services\\\/\",\"name\":\"SDS-\u00dcbersetzungsdienst | SDB-\u00dcbersetzungsdienste\",\"isPartOf\":{\"@id\":\"https:\\\/\\\/www.gts-translation.com\\\/de\\\/#website\"},\"primaryImageOfPage\":{\"@id\":\"https:\\\/\\\/www.gts-translation.com\\\/de\\\/services\\\/msds-translation-services\\\/#primaryimage\"},\"image\":{\"@id\":\"https:\\\/\\\/www.gts-translation.com\\\/de\\\/services\\\/msds-translation-services\\\/#primaryimage\"},\"thumbnailUrl\":\"https:\\\/\\\/www.gts-translation.com\\\/wp-content\\\/uploads\\\/2021\\\/11\\\/SDS-Translation-Services-3.jpg\",\"datePublished\":\"2015-05-01T13:33:35+00:00\",\"dateModified\":\"2026-01-19T08:42:00+00:00\",\"description\":\"GTS bietet zertifizierte SDS-\u00dcbersetzungsdienste in voller \u00dcbereinstimmung mit den L\u00e4nderbestimmungen weltweit. Holen Sie sich jetzt ein Online-Preisangebot.\",\"breadcrumb\":{\"@id\":\"https:\\\/\\\/www.gts-translation.com\\\/de\\\/services\\\/msds-translation-services\\\/#breadcrumb\"},\"inLanguage\":\"de\",\"potentialAction\":[{\"@type\":\"ReadAction\",\"target\":[\"https:\\\/\\\/www.gts-translation.com\\\/de\\\/services\\\/msds-translation-services\\\/\"]}]},{\"@type\":\"ImageObject\",\"inLanguage\":\"de\",\"@id\":\"https:\\\/\\\/www.gts-translation.com\\\/de\\\/services\\\/msds-translation-services\\\/#primaryimage\",\"url\":\"https:\\\/\\\/www.gts-translation.com\\\/wp-content\\\/uploads\\\/2021\\\/11\\\/SDS-Translation-Services-3.jpg\",\"contentUrl\":\"https:\\\/\\\/www.gts-translation.com\\\/wp-content\\\/uploads\\\/2021\\\/11\\\/SDS-Translation-Services-3.jpg\",\"width\":844,\"height\":415,\"caption\":\"Barrels. Warehouse of chemical products. The metal barrels are blue. Chemistry. Manufacture of chemicals. Pallets with barrels.\"},{\"@type\":\"BreadcrumbList\",\"@id\":\"https:\\\/\\\/www.gts-translation.com\\\/de\\\/services\\\/msds-translation-services\\\/#breadcrumb\",\"itemListElement\":[{\"@type\":\"ListItem\",\"position\":1,\"name\":\"Home\",\"item\":\"https:\\\/\\\/www.gts-translation.com\\\/de\\\/\"},{\"@type\":\"ListItem\",\"position\":2,\"name\":\"Services\",\"item\":\"https:\\\/\\\/www.gts-translation.com\\\/de\\\/services\\\/\"},{\"@type\":\"ListItem\",\"position\":3,\"name\":\"Sicherheitsdatenbl\u00e4tter (SDB) \u00dcbersetzungsdienste\"}]},{\"@type\":\"WebSite\",\"@id\":\"https:\\\/\\\/www.gts-translation.com\\\/de\\\/#website\",\"url\":\"https:\\\/\\\/www.gts-translation.com\\\/de\\\/\",\"name\":\"GTS Translation Services\",\"description\":\"Quality you can trust at prices you can&#039;t beat!\",\"publisher\":{\"@id\":\"https:\\\/\\\/www.gts-translation.com\\\/de\\\/#organization\"},\"potentialAction\":[{\"@type\":\"SearchAction\",\"target\":{\"@type\":\"EntryPoint\",\"urlTemplate\":\"https:\\\/\\\/www.gts-translation.com\\\/de\\\/?s={search_term_string}\"},\"query-input\":{\"@type\":\"PropertyValueSpecification\",\"valueRequired\":true,\"valueName\":\"search_term_string\"}}],\"inLanguage\":\"de\"},{\"@type\":\"Organization\",\"@id\":\"https:\\\/\\\/www.gts-translation.com\\\/de\\\/#organization\",\"name\":\"GTS Translation Services\",\"url\":\"https:\\\/\\\/www.gts-translation.com\\\/de\\\/\",\"logo\":{\"@type\":\"ImageObject\",\"inLanguage\":\"de\",\"@id\":\"https:\\\/\\\/www.gts-translation.com\\\/de\\\/#\\\/schema\\\/logo\\\/image\\\/\",\"url\":\"https:\\\/\\\/www.gts-translation.com\\\/wp-content\\\/uploads\\\/2023\\\/07\\\/gts-logo.png\",\"contentUrl\":\"https:\\\/\\\/www.gts-translation.com\\\/wp-content\\\/uploads\\\/2023\\\/07\\\/gts-logo.png\",\"width\":234,\"height\":80,\"caption\":\"GTS Translation Services\"},\"image\":{\"@id\":\"https:\\\/\\\/www.gts-translation.com\\\/de\\\/#\\\/schema\\\/logo\\\/image\\\/\"},\"sameAs\":[\"https:\\\/\\\/www.facebook.com\\\/GTS.Translation\\\/\"]}]}<\/script>\n<!-- \/ Yoast SEO Premium plugin. -->","yoast_head_json":{"title":"SDS-\u00dcbersetzungsdienst | SDB-\u00dcbersetzungsdienste","description":"GTS bietet zertifizierte SDS-\u00dcbersetzungsdienste in voller \u00dcbereinstimmung mit den L\u00e4nderbestimmungen weltweit. Holen Sie sich jetzt ein Online-Preisangebot.","robots":{"index":"index","follow":"follow","max-snippet":"max-snippet:-1","max-image-preview":"max-image-preview:large","max-video-preview":"max-video-preview:-1"},"canonical":"https:\/\/www.gts-translation.com\/de\/services\/msds-translation-services\/","og_locale":"de_DE","og_type":"article","og_title":"Sicherheitsdatenbl\u00e4tter (SDB) \u00dcbersetzungsdienste","og_description":"GTS bietet zertifizierte SDS-\u00dcbersetzungsdienste in voller \u00dcbereinstimmung mit den L\u00e4nderbestimmungen weltweit. Holen Sie sich jetzt ein Online-Preisangebot.","og_url":"https:\/\/www.gts-translation.com\/de\/services\/msds-translation-services\/","og_site_name":"GTS Translation Services","article_publisher":"https:\/\/www.facebook.com\/GTS.Translation\/","article_modified_time":"2026-01-19T08:42:00+00:00","og_image":[{"width":844,"height":415,"url":"https:\/\/www.gts-translation.com\/wp-content\/uploads\/2021\/11\/SDS-Translation-Services-3.jpg","type":"image\/jpeg"}],"twitter_card":"summary_large_image","twitter_misc":{"Gesch\u00e4tzte Lesezeit":"4\u00a0Minuten"},"schema":{"@context":"https:\/\/schema.org","@graph":[{"@type":"WebPage","@id":"https:\/\/www.gts-translation.com\/de\/services\/msds-translation-services\/","url":"https:\/\/www.gts-translation.com\/de\/services\/msds-translation-services\/","name":"SDS-\u00dcbersetzungsdienst | SDB-\u00dcbersetzungsdienste","isPartOf":{"@id":"https:\/\/www.gts-translation.com\/de\/#website"},"primaryImageOfPage":{"@id":"https:\/\/www.gts-translation.com\/de\/services\/msds-translation-services\/#primaryimage"},"image":{"@id":"https:\/\/www.gts-translation.com\/de\/services\/msds-translation-services\/#primaryimage"},"thumbnailUrl":"https:\/\/www.gts-translation.com\/wp-content\/uploads\/2021\/11\/SDS-Translation-Services-3.jpg","datePublished":"2015-05-01T13:33:35+00:00","dateModified":"2026-01-19T08:42:00+00:00","description":"GTS bietet zertifizierte SDS-\u00dcbersetzungsdienste in voller \u00dcbereinstimmung mit den L\u00e4nderbestimmungen weltweit. Holen Sie sich jetzt ein Online-Preisangebot.","breadcrumb":{"@id":"https:\/\/www.gts-translation.com\/de\/services\/msds-translation-services\/#breadcrumb"},"inLanguage":"de","potentialAction":[{"@type":"ReadAction","target":["https:\/\/www.gts-translation.com\/de\/services\/msds-translation-services\/"]}]},{"@type":"ImageObject","inLanguage":"de","@id":"https:\/\/www.gts-translation.com\/de\/services\/msds-translation-services\/#primaryimage","url":"https:\/\/www.gts-translation.com\/wp-content\/uploads\/2021\/11\/SDS-Translation-Services-3.jpg","contentUrl":"https:\/\/www.gts-translation.com\/wp-content\/uploads\/2021\/11\/SDS-Translation-Services-3.jpg","width":844,"height":415,"caption":"Barrels. Warehouse of chemical products. The metal barrels are blue. Chemistry. Manufacture of chemicals. Pallets with barrels."},{"@type":"BreadcrumbList","@id":"https:\/\/www.gts-translation.com\/de\/services\/msds-translation-services\/#breadcrumb","itemListElement":[{"@type":"ListItem","position":1,"name":"Home","item":"https:\/\/www.gts-translation.com\/de\/"},{"@type":"ListItem","position":2,"name":"Services","item":"https:\/\/www.gts-translation.com\/de\/services\/"},{"@type":"ListItem","position":3,"name":"Sicherheitsdatenbl\u00e4tter (SDB) \u00dcbersetzungsdienste"}]},{"@type":"WebSite","@id":"https:\/\/www.gts-translation.com\/de\/#website","url":"https:\/\/www.gts-translation.com\/de\/","name":"GTS Translation Services","description":"Quality you can trust at prices you can&#039;t beat!","publisher":{"@id":"https:\/\/www.gts-translation.com\/de\/#organization"},"potentialAction":[{"@type":"SearchAction","target":{"@type":"EntryPoint","urlTemplate":"https:\/\/www.gts-translation.com\/de\/?s={search_term_string}"},"query-input":{"@type":"PropertyValueSpecification","valueRequired":true,"valueName":"search_term_string"}}],"inLanguage":"de"},{"@type":"Organization","@id":"https:\/\/www.gts-translation.com\/de\/#organization","name":"GTS Translation Services","url":"https:\/\/www.gts-translation.com\/de\/","logo":{"@type":"ImageObject","inLanguage":"de","@id":"https:\/\/www.gts-translation.com\/de\/#\/schema\/logo\/image\/","url":"https:\/\/www.gts-translation.com\/wp-content\/uploads\/2023\/07\/gts-logo.png","contentUrl":"https:\/\/www.gts-translation.com\/wp-content\/uploads\/2023\/07\/gts-logo.png","width":234,"height":80,"caption":"GTS Translation Services"},"image":{"@id":"https:\/\/www.gts-translation.com\/de\/#\/schema\/logo\/image\/"},"sameAs":["https:\/\/www.facebook.com\/GTS.Translation\/"]}]}},"_links":{"self":[{"href":"https:\/\/www.gts-translation.com\/de\/wp-json\/wp\/v2\/pages\/12222","targetHints":{"allow":["GET"]}}],"collection":[{"href":"https:\/\/www.gts-translation.com\/de\/wp-json\/wp\/v2\/pages"}],"about":[{"href":"https:\/\/www.gts-translation.com\/de\/wp-json\/wp\/v2\/types\/page"}],"author":[{"embeddable":true,"href":"https:\/\/www.gts-translation.com\/de\/wp-json\/wp\/v2\/users\/13894"}],"replies":[{"embeddable":true,"href":"https:\/\/www.gts-translation.com\/de\/wp-json\/wp\/v2\/comments?post=12222"}],"version-history":[{"count":3,"href":"https:\/\/www.gts-translation.com\/de\/wp-json\/wp\/v2\/pages\/12222\/revisions"}],"predecessor-version":[{"id":65869,"href":"https:\/\/www.gts-translation.com\/de\/wp-json\/wp\/v2\/pages\/12222\/revisions\/65869"}],"up":[{"embeddable":true,"href":"https:\/\/www.gts-translation.com\/de\/wp-json\/wp\/v2\/pages\/12200"}],"wp:featuredmedia":[{"embeddable":true,"href":"https:\/\/www.gts-translation.com\/de\/wp-json\/wp\/v2\/media\/35436"}],"wp:attachment":[{"href":"https:\/\/www.gts-translation.com\/de\/wp-json\/wp\/v2\/media?parent=12222"}],"curies":[{"name":"wp","href":"https:\/\/api.w.org\/{rel}","templated":true}]}}