{"id":12232,"date":"2015-05-01T11:34:57","date_gmt":"2015-05-01T11:34:57","guid":{"rendered":"https:\/\/www.gts-translation.com\/languages\/"},"modified":"2023-09-24T16:12:40","modified_gmt":"2023-09-24T16:12:40","slug":"languages","status":"publish","type":"page","link":"https:\/\/www.gts-translation.com\/de\/languages\/","title":{"rendered":"Sprachen"},"content":{"rendered":"\n<h3 class=\"wp-block-heading\">Sprachen<\/h3>\n\n\n\n<p>GTS ist eine professionelle \u00dcbersetzungsagentur, die qualitativ hochwertige Sprach\u00fcbersetzungen in \u00fcber 70 Sprachen und in Hunderten von Sprachpaaren anbietet. <a href=\"https:\/\/www.gts-translation.com\/de\/get-quote\/\" target=\"_blank\" rel=\"noopener noreferrer\">Klicken Sie hier, um ein sofortiges Preisangebot f\u00fcr Sprach\u00fcbersetzungsdienste zu erhalten<\/a>. Unsere Unternehmenspolitik ist nach zwei Qualit\u00e4tsstandards zertifiziert: ISO 9001: 2008 und ISO 17100: 2015. Alle \u00dcbersetzer und Reviewer, die wir in Ihrem \u00dcbersetzungsprojekt verwenden, sind in der Zielsprache (d. H. \u00dcbersetzen in ihre Muttersprache) muttersprachlich.<\/p>\n\n\n\n<p>Hier ist eine Liste der Sprachen, die wir unterst\u00fctzen.<\/p>\n\n\n\n<p><strong>A<\/strong><\/p>\n\n\n\n<p>Afrikaans, American English, Amharic, <a href=\"https:\/\/www.gts-translation.com\/de\/languages\/arabic\/\" target=\"_blank\" rel=\"noopener noreferrer\">Arabic<\/a><\/p>\n\n\n\n<p><strong>B&nbsp;<\/strong><\/p>\n\n\n\n<p>Bengali, Bosnian, <a href=\"\/?page_id=8320\">Brazilian Portuguese<\/a>, Bulgarian, Burmese<\/p>\n\n\n\n<p><strong>C&nbsp;<\/strong><\/p>\n\n\n\n<p>Canadian English, <a href=\"https:\/\/www.gts-translation.com\/languages\/french_canadian_translation\/\" target=\"_blank\" rel=\"noopener noreferrer\">Canadian French<\/a>, Catalan, <a href=\"https:\/\/www.gts-translation.com\/de\/languages\/chinese\/\" target=\"_blank\" rel=\"noopener noreferrer\">Chinese Simplified<\/a>, <a href=\"https:\/\/www.gts-translation.com\/de\/languages\/chinese\/\" target=\"_blank\" rel=\"noopener noreferrer\">Chinese Traditional<\/a>, Croatian, Czech<\/p>\n\n\n\n<p><strong>D&nbsp;<\/strong><\/p>\n\n\n\n<p><a href=\"https:\/\/www.gts-translation.com\/languages\/danish\/\" target=\"_blank\" rel=\"noopener noreferrer\">Danish<\/a>, <a href=\"https:\/\/www.gts-translation.com\/languages\/dutch\/\">Dutch<\/a><\/p>\n\n\n\n<p><strong>E&nbsp;<\/strong><\/p>\n\n\n\n<p><a href=\"\/?page_id=7324\" target=\"_blank\" rel=\"noopener noreferrer\">English<\/a>, Estonian<\/p>\n\n\n\n<p><strong>F&nbsp;<\/strong><\/p>\n\n\n\n<p>Farsi, <a href=\"\/?page_id=8349\" target=\"_blank\" rel=\"noopener noreferrer\">Filipino<\/a>, Finnish, Flemish, <a href=\"https:\/\/www.gts-translation.com\/de\/languages\/french\/\" target=\"_blank\" rel=\"noopener noreferrer\">French<\/a>, <a href=\"https:\/\/www.gts-translation.com\/languages\/french_canadian_translation\/\" target=\"_blank\" rel=\"noopener noreferrer\">French Canadian<\/a><\/p>\n\n\n\n<p><strong>G&nbsp;<\/strong><\/p>\n\n\n\n<p><a href=\"https:\/\/www.gts-translation.com\/de\/languages\/german\/\" target=\"_blank\" rel=\"noopener noreferrer\">German<\/a>, Greek, Gujarati<\/p>\n\n\n\n<p><strong>H&nbsp;<\/strong><\/p>\n\n\n\n<p><a href=\"https:\/\/www.gts-translation.com\/de\/languages\/hebrew\/\">Hebrew<\/a>, Hindi, Hmong, <a href=\"https:\/\/www.gts-translation.com\/languages\/hungarian\/\">Hungarian<\/a><\/p>\n\n\n\n<p><strong>I&nbsp;<\/strong><\/p>\n\n\n\n<p>Icelandic, Indonesian, <a href=\"https:\/\/www.gts-translation.com\/de\/languages\/italian\/\" target=\"_blank\" rel=\"noopener noreferrer\">Italian<\/a><\/p>\n\n\n\n<p><strong>J&nbsp;<\/strong><\/p>\n\n\n\n<p><a href=\"https:\/\/www.gts-translation.com\/de\/languages\/japanese\/\" target=\"_blank\" rel=\"noopener noreferrer\">Japanese<\/a>, Javanese<\/p>\n\n\n\n<p><strong>K&nbsp;<\/strong><\/p>\n\n\n\n<p>Kannada,&nbsp;<a href=\"\/?page_id=8314\">Korean<\/a><\/p>\n\n\n\n<p><strong>L&nbsp;<\/strong><\/p>\n\n\n\n<p>Latvian, Lithuanian<\/p>\n\n\n\n<p><strong>M<\/strong><\/p>\n\n\n\n<p>Malay, Malayalam, Maltese, Marathi,&nbsp;<a href=\"https:\/\/www.gts-translation.com\/de\/languages\/chinese\/\" target=\"_blank\" rel=\"noopener noreferrer\">Mandarin<\/a>, Moldovan<\/p>\n\n\n\n<p><strong>N<\/strong><\/p>\n\n\n\n<p>Nepali,&nbsp;<a href=\"\/?page_id=8313\">Norwegian<\/a><\/p>\n\n\n\n<p><strong>P&nbsp;<\/strong><\/p>\n\n\n\n<p>Polish, <a href=\"\/?page_id=8320\">Portuguese<\/a>, Punjabi<\/p>\n\n\n\n<p><strong>R<\/strong><\/p>\n\n\n\n<p>Romanian, <a href=\"https:\/\/www.gts-translation.com\/de\/languages\/russian\/\" target=\"_blank\" rel=\"noopener noreferrer\">Russian<\/a><\/p>\n\n\n\n<p><strong>S&nbsp;<\/strong><\/p>\n\n\n\n<p>Serbian, Slovak, Slovenian, Sotho, <a href=\"https:\/\/www.gts-translation.com\/de\/languages\/spanish\/\" target=\"_blank\" rel=\"noopener noreferrer\">Spanish<\/a>, <a href=\"\/?page_id=8347\">Swedish<\/a><\/p>\n\n\n\n<p><strong>T&nbsp;<\/strong><\/p>\n\n\n\n<p><a href=\"\/?page_id=8349\" target=\"_blank\" rel=\"noopener noreferrer\">Tagalog<\/a>, Tamil, Telugu,&nbsp;<a href=\"\/?page_id=8351\">Thai<\/a>, <a href=\"\/?page_id=8353\">Turkish<\/a><\/p>\n\n\n\n<p><strong>U&nbsp;<\/strong><\/p>\n\n\n\n<p>Ukrainian, Urdu<\/p>\n\n\n\n<p><strong>V&nbsp;<\/strong><\/p>\n\n\n\n<p>Vietnamese<\/p>\n\n\n\n<p><strong>Y<\/strong><\/p>\n\n\n\n<p>Yiddish<\/p>\n\n\n\n<p><strong>Z&nbsp;<\/strong><\/p>\n\n\n\n<p>Zulu<\/p>\n","protected":false},"excerpt":{"rendered":"<p>Sprachen GTS ist eine professionelle \u00dcbersetzungsagentur, die qualitativ hochwertige Sprach\u00fcbersetzungen in \u00fcber 70 Sprachen und in Hunderten von Sprachpaaren anbietet. Klicken Sie hier, um ein sofortiges Preisangebot f\u00fcr Sprach\u00fcbersetzungsdienste zu erhalten. Unsere Unternehmenspolitik ist nach zwei Qualit\u00e4tsstandards zertifiziert: ISO 9001: 2008 und ISO 17100: 2015. Alle \u00dcbersetzer und Reviewer, die wir in Ihrem \u00dcbersetzungsprojekt verwenden, &#8230; <a title=\"Sprachen\" class=\"read-more\" href=\"https:\/\/www.gts-translation.com\/de\/languages\/\" aria-label=\"Mehr Informationen \u00fcber Sprachen\">Weiterlesen<\/a><\/p>\n","protected":false},"author":261,"featured_media":0,"parent":0,"menu_order":0,"comment_status":"open","ping_status":"open","template":"","meta":{"_acf_changed":false,"inline_featured_image":false,"_monsterinsights_skip_tracking":false,"_monsterinsights_sitenote_active":false,"_monsterinsights_sitenote_note":"","_monsterinsights_sitenote_category":0,"footnotes":""},"class_list":["post-12232","page","type-page","status-publish"],"acf":[],"yoast_head":"<!-- This site is optimized with the Yoast SEO Premium plugin v24.2 (Yoast SEO v27.4) - https:\/\/yoast.com\/product\/yoast-seo-premium-wordpress\/ -->\n<title>Sprachen<\/title>\n<meta name=\"description\" content=\"GTS ist ein zertifiziertes \u00dcbersetzungsb\u00fcro, das schnelle und qualitativ hochwertige \u00dcbersetzungsdienstleistungen in \u00fcber 70 Sprachen anbietet. Holen Sie sich sofort ein Online-Angebot!\" \/>\n<meta name=\"robots\" content=\"index, follow, max-snippet:-1, max-image-preview:large, max-video-preview:-1\" \/>\n<link rel=\"canonical\" href=\"https:\/\/www.gts-translation.com\/de\/languages\/\" \/>\n<meta property=\"og:locale\" content=\"de_DE\" \/>\n<meta property=\"og:type\" content=\"article\" \/>\n<meta property=\"og:title\" content=\"Sprachen\" \/>\n<meta property=\"og:description\" content=\"GTS ist ein zertifiziertes \u00dcbersetzungsb\u00fcro, das schnelle und qualitativ hochwertige \u00dcbersetzungsdienstleistungen in \u00fcber 70 Sprachen anbietet. Holen Sie sich sofort ein Online-Angebot!\" \/>\n<meta property=\"og:url\" content=\"https:\/\/www.gts-translation.com\/de\/languages\/\" \/>\n<meta property=\"og:site_name\" content=\"GTS Translation Services\" \/>\n<meta property=\"article:publisher\" content=\"https:\/\/www.facebook.com\/GTS.Translation\/\" \/>\n<meta property=\"article:modified_time\" content=\"2023-09-24T16:12:40+00:00\" \/>\n<meta name=\"twitter:card\" content=\"summary_large_image\" \/>\n<meta name=\"twitter:label1\" content=\"Gesch\u00e4tzte Lesezeit\" \/>\n\t<meta name=\"twitter:data1\" content=\"1\u00a0Minute\" \/>\n<script type=\"application\/ld+json\" class=\"yoast-schema-graph\">{\"@context\":\"https:\\\/\\\/schema.org\",\"@graph\":[{\"@type\":\"WebPage\",\"@id\":\"https:\\\/\\\/www.gts-translation.com\\\/de\\\/languages\\\/\",\"url\":\"https:\\\/\\\/www.gts-translation.com\\\/de\\\/languages\\\/\",\"name\":\"Sprachen\",\"isPartOf\":{\"@id\":\"https:\\\/\\\/www.gts-translation.com\\\/de\\\/#website\"},\"datePublished\":\"2015-05-01T11:34:57+00:00\",\"dateModified\":\"2023-09-24T16:12:40+00:00\",\"description\":\"GTS ist ein zertifiziertes \u00dcbersetzungsb\u00fcro, das schnelle und qualitativ hochwertige \u00dcbersetzungsdienstleistungen in \u00fcber 70 Sprachen anbietet. Holen Sie sich sofort ein Online-Angebot!\",\"breadcrumb\":{\"@id\":\"https:\\\/\\\/www.gts-translation.com\\\/de\\\/languages\\\/#breadcrumb\"},\"inLanguage\":\"de\",\"potentialAction\":[{\"@type\":\"ReadAction\",\"target\":[\"https:\\\/\\\/www.gts-translation.com\\\/de\\\/languages\\\/\"]}]},{\"@type\":\"BreadcrumbList\",\"@id\":\"https:\\\/\\\/www.gts-translation.com\\\/de\\\/languages\\\/#breadcrumb\",\"itemListElement\":[{\"@type\":\"ListItem\",\"position\":1,\"name\":\"Home\",\"item\":\"https:\\\/\\\/www.gts-translation.com\\\/de\\\/\"},{\"@type\":\"ListItem\",\"position\":2,\"name\":\"Sprachen\"}]},{\"@type\":\"WebSite\",\"@id\":\"https:\\\/\\\/www.gts-translation.com\\\/de\\\/#website\",\"url\":\"https:\\\/\\\/www.gts-translation.com\\\/de\\\/\",\"name\":\"GTS Translation Services\",\"description\":\"Quality you can trust at prices you can&#039;t beat!\",\"publisher\":{\"@id\":\"https:\\\/\\\/www.gts-translation.com\\\/de\\\/#organization\"},\"potentialAction\":[{\"@type\":\"SearchAction\",\"target\":{\"@type\":\"EntryPoint\",\"urlTemplate\":\"https:\\\/\\\/www.gts-translation.com\\\/de\\\/?s={search_term_string}\"},\"query-input\":{\"@type\":\"PropertyValueSpecification\",\"valueRequired\":true,\"valueName\":\"search_term_string\"}}],\"inLanguage\":\"de\"},{\"@type\":\"Organization\",\"@id\":\"https:\\\/\\\/www.gts-translation.com\\\/de\\\/#organization\",\"name\":\"GTS Translation Services\",\"url\":\"https:\\\/\\\/www.gts-translation.com\\\/de\\\/\",\"logo\":{\"@type\":\"ImageObject\",\"inLanguage\":\"de\",\"@id\":\"https:\\\/\\\/www.gts-translation.com\\\/de\\\/#\\\/schema\\\/logo\\\/image\\\/\",\"url\":\"https:\\\/\\\/www.gts-translation.com\\\/wp-content\\\/uploads\\\/2023\\\/07\\\/gts-logo.png\",\"contentUrl\":\"https:\\\/\\\/www.gts-translation.com\\\/wp-content\\\/uploads\\\/2023\\\/07\\\/gts-logo.png\",\"width\":234,\"height\":80,\"caption\":\"GTS Translation Services\"},\"image\":{\"@id\":\"https:\\\/\\\/www.gts-translation.com\\\/de\\\/#\\\/schema\\\/logo\\\/image\\\/\"},\"sameAs\":[\"https:\\\/\\\/www.facebook.com\\\/GTS.Translation\\\/\"]}]}<\/script>\n<!-- \/ Yoast SEO Premium plugin. -->","yoast_head_json":{"title":"Sprachen","description":"GTS ist ein zertifiziertes \u00dcbersetzungsb\u00fcro, das schnelle und qualitativ hochwertige \u00dcbersetzungsdienstleistungen in \u00fcber 70 Sprachen anbietet. Holen Sie sich sofort ein Online-Angebot!","robots":{"index":"index","follow":"follow","max-snippet":"max-snippet:-1","max-image-preview":"max-image-preview:large","max-video-preview":"max-video-preview:-1"},"canonical":"https:\/\/www.gts-translation.com\/de\/languages\/","og_locale":"de_DE","og_type":"article","og_title":"Sprachen","og_description":"GTS ist ein zertifiziertes \u00dcbersetzungsb\u00fcro, das schnelle und qualitativ hochwertige \u00dcbersetzungsdienstleistungen in \u00fcber 70 Sprachen anbietet. Holen Sie sich sofort ein Online-Angebot!","og_url":"https:\/\/www.gts-translation.com\/de\/languages\/","og_site_name":"GTS Translation Services","article_publisher":"https:\/\/www.facebook.com\/GTS.Translation\/","article_modified_time":"2023-09-24T16:12:40+00:00","twitter_card":"summary_large_image","twitter_misc":{"Gesch\u00e4tzte Lesezeit":"1\u00a0Minute"},"schema":{"@context":"https:\/\/schema.org","@graph":[{"@type":"WebPage","@id":"https:\/\/www.gts-translation.com\/de\/languages\/","url":"https:\/\/www.gts-translation.com\/de\/languages\/","name":"Sprachen","isPartOf":{"@id":"https:\/\/www.gts-translation.com\/de\/#website"},"datePublished":"2015-05-01T11:34:57+00:00","dateModified":"2023-09-24T16:12:40+00:00","description":"GTS ist ein zertifiziertes \u00dcbersetzungsb\u00fcro, das schnelle und qualitativ hochwertige \u00dcbersetzungsdienstleistungen in \u00fcber 70 Sprachen anbietet. Holen Sie sich sofort ein Online-Angebot!","breadcrumb":{"@id":"https:\/\/www.gts-translation.com\/de\/languages\/#breadcrumb"},"inLanguage":"de","potentialAction":[{"@type":"ReadAction","target":["https:\/\/www.gts-translation.com\/de\/languages\/"]}]},{"@type":"BreadcrumbList","@id":"https:\/\/www.gts-translation.com\/de\/languages\/#breadcrumb","itemListElement":[{"@type":"ListItem","position":1,"name":"Home","item":"https:\/\/www.gts-translation.com\/de\/"},{"@type":"ListItem","position":2,"name":"Sprachen"}]},{"@type":"WebSite","@id":"https:\/\/www.gts-translation.com\/de\/#website","url":"https:\/\/www.gts-translation.com\/de\/","name":"GTS Translation Services","description":"Quality you can trust at prices you can&#039;t beat!","publisher":{"@id":"https:\/\/www.gts-translation.com\/de\/#organization"},"potentialAction":[{"@type":"SearchAction","target":{"@type":"EntryPoint","urlTemplate":"https:\/\/www.gts-translation.com\/de\/?s={search_term_string}"},"query-input":{"@type":"PropertyValueSpecification","valueRequired":true,"valueName":"search_term_string"}}],"inLanguage":"de"},{"@type":"Organization","@id":"https:\/\/www.gts-translation.com\/de\/#organization","name":"GTS Translation Services","url":"https:\/\/www.gts-translation.com\/de\/","logo":{"@type":"ImageObject","inLanguage":"de","@id":"https:\/\/www.gts-translation.com\/de\/#\/schema\/logo\/image\/","url":"https:\/\/www.gts-translation.com\/wp-content\/uploads\/2023\/07\/gts-logo.png","contentUrl":"https:\/\/www.gts-translation.com\/wp-content\/uploads\/2023\/07\/gts-logo.png","width":234,"height":80,"caption":"GTS Translation Services"},"image":{"@id":"https:\/\/www.gts-translation.com\/de\/#\/schema\/logo\/image\/"},"sameAs":["https:\/\/www.facebook.com\/GTS.Translation\/"]}]}},"_links":{"self":[{"href":"https:\/\/www.gts-translation.com\/de\/wp-json\/wp\/v2\/pages\/12232","targetHints":{"allow":["GET"]}}],"collection":[{"href":"https:\/\/www.gts-translation.com\/de\/wp-json\/wp\/v2\/pages"}],"about":[{"href":"https:\/\/www.gts-translation.com\/de\/wp-json\/wp\/v2\/types\/page"}],"author":[{"embeddable":true,"href":"https:\/\/www.gts-translation.com\/de\/wp-json\/wp\/v2\/users\/261"}],"replies":[{"embeddable":true,"href":"https:\/\/www.gts-translation.com\/de\/wp-json\/wp\/v2\/comments?post=12232"}],"version-history":[{"count":3,"href":"https:\/\/www.gts-translation.com\/de\/wp-json\/wp\/v2\/pages\/12232\/revisions"}],"predecessor-version":[{"id":60600,"href":"https:\/\/www.gts-translation.com\/de\/wp-json\/wp\/v2\/pages\/12232\/revisions\/60600"}],"wp:attachment":[{"href":"https:\/\/www.gts-translation.com\/de\/wp-json\/wp\/v2\/media?parent=12232"}],"curies":[{"name":"wp","href":"https:\/\/api.w.org\/{rel}","templated":true}]}}