{"id":12234,"date":"2015-05-01T12:31:18","date_gmt":"2015-05-01T12:31:18","guid":{"rendered":"https:\/\/www.gts-translation.com\/languages\/french-canadian-translation\/"},"modified":"2021-12-15T11:13:09","modified_gmt":"2021-12-15T11:13:09","slug":"french-canadian-translation","status":"publish","type":"page","link":"https:\/\/www.gts-translation.com\/de\/languages\/french-canadian-translation\/","title":{"rendered":"Franz\u00f6sisch-Kanadische \u00dcbersetzungsdienste"},"content":{"rendered":"<h1>Franz\u00f6sisch-Kanadische \u00dcbersetzungsdienste<\/h1>\n<p><strong><a href=\"https:\/\/www.gts-translation.com\/wp-content\/uploads\/2012\/05\/french_canadian.png\"><img decoding=\"async\" class=\"alignleft\" title=\"French Canadian Translation Services\" src=\"https:\/\/www.gts-translation.com\/wp-content\/uploads\/2012\/05\/french_canadian.png\" alt=\"\" width=\"180\" height=\"90\"><\/a><\/strong>GTS ist ein professionelles \u00dcbersetzungsunternehmen, das seit \u00fcber 20 Jahren Franz\u00f6sisch-Kanadisch-\u00dcbersetzungsdienstleistungen f\u00fcr Kunden in Kanada, den USA und Europa anbietet. Wir verf\u00fcgen \u00fcber ein bew\u00e4hrtes Team von muttersprachlichen Franz\u00f6sisch-Kanadisch-\u00dcbersetzern f\u00fcr Ihre Franz\u00f6sisch-Kanadisch-\u00dcbersetzungs- und Lokalisierungsprojekte. Einige der weltweit gr\u00f6\u00dften Unternehmen haben sich f\u00fcr GTS entschieden, um ihre Franz\u00f6sisch-Kanadisch-\u00dcbersetzungen und -Lokalisierungen anzufertigen. Zu den Kunden geh\u00f6ren: Siemens, SAP, Xerox, Johnson and Johnson, Eli Lilly, DuPont, Teva Pharmaceuticals, Hewlett Packard und andere.<\/p>\n<p>Wir bieten \u00dcbersetzungsdienste von Englisch und Deutsch nach Franz\u00f6sisch-Kanadisch, von Franz\u00f6sisch-Kanadisch nach Deutsch sowie \u00dcbersetzungen zwischen Franz\u00f6sisch-Kanadisch und \u00fcber 60 anderen Sprachen.<\/p>\n<h2>Erfahrung mit der Industrie<\/h2>\n<p>Unsere Franz\u00f6sisch-Kanadisch-\u00dcbersetzer werden sorgf\u00e4ltig auf ihre Branchenerfahrung hin \u00fcberpr\u00fcft. Wir bieten fachkundige franz\u00f6sisch-kanadische \u00dcbersetzungsdienste in vielen Bereichen, darunter Technik, Biowissenschaften, Biotechnologie, Chemie\/MSDS, Medizin, Recht, Patente und IP-Dokumente, Software, Technik und Finanzen. Wir bieten auch die Lokalisierung von Softwareprodukten und Websites ins kanadische Franz\u00f6sisch an.<\/p>\n<h2>\u00dcbersetzung franz\u00f6sisch-kanadischer Dokumente<\/h2>\n<p>Wir bieten Dokument\u00fcbersetzungen f\u00fcr Kanada in jedem Dateiformat, einschlie\u00dflich PDF, MS Word, Powerpoint, Excel, Adobe InDesign und Framemaker. Wir \u00fcbersetzen auch kanadisch-franz\u00f6sische Dokumente ins Englische und in \u00fcber 60 weitere Sprachen.<\/p>\n<p>Beispiele f\u00fcr \u00dcbersetzungsdienstleistungen f\u00fcr franz\u00f6sisch-kanadische Dokumente, die wir anbieten k\u00f6nnen:<\/p>\n<ul>\n<li>Betriebsverfahren (SOPs) und Sicherheitsverfahren<\/li>\n<li>Rechtliche Vertr\u00e4ge, Patente, Immobilien- und Mietvertr\u00e4ge<\/li>\n<li>Sicherheitsdatenbl\u00e4tter&nbsp;(SDB) und Kennzeichnung von Chemikalien<\/li>\n<li>Einverst\u00e4ndniserkl\u00e4rungen f\u00fcr klinische Versuche in Kanada<\/li>\n<li>Gebrauchsanweisungen f\u00fcr Spielzeug, Spiele, Produkte f\u00fcr den Hausgebrauch und Gesundheitsprodukte<\/li>\n<li>Verkaufsbrosch\u00fcren<\/li>\n<li>Technische Handb\u00fccher und Datenbl\u00e4tter<\/li>\n<\/ul>\n<h2>Franz\u00f6sisch-Kanadische Rechts\u00fcbersetzung<\/h2>\n<p>GTS bietet eine breite Palette qualitativ hochwertiger juristischer \u00dcbersetzungsdienstleistungen f\u00fcr Kunden in aller Welt. Dazu geh\u00f6ren franz\u00f6sisch-kanadische juristische \u00dcbersetzungen von Vertr\u00e4gen, Gerichtsdokumenten, Rechtsstreitigkeiten, Patenten und IP-Dokumenten. Wir bieten auch offizielle \u00dcbersetzungen von franz\u00f6sisch-kanadischen juristischen Dokumenten, die vor kanadischen Gerichten verwendet werden k\u00f6nnen.<\/p>\n<h2>Franz\u00f6sisch-Kanadische Technische \u00dcbersetzung<\/h2>\n<p>GTS provides a wide range of high quality French Canadian technical translation services for our customers. This includes:<\/p>\n<ul>\n<li>Technische Handb\u00fccher<\/li>\n<li>Produktkataloge<\/li>\n<li>Datenbl\u00e4tter<\/li>\n<li>Sicherheitsdatenbl\u00e4tter&nbsp;(SDB)<\/li>\n<li>Handb\u00fccher f\u00fcr Benutzeroberfl\u00e4chen und Benutzerhandb\u00fccher<\/li>\n<li>Technische Zeichnungen<\/li>\n<\/ul>\n<h2>Franz\u00f6sisch-Kanadische medizinische \u00dcbersetzung<\/h2>\n<p>GTS bietet eine breite Palette hochwertiger medizinischer Franz\u00f6sisch-Kanadischer \u00dcbersetzungsdienste f\u00fcr Kunden, die in Quebec, Kanada und weltweit t\u00e4tig sind. Dies umfasst:<\/p>\n<ul class=\"md-list list-icon\">\n<li>Franz\u00f6sisch-kanadische medizinische \u00dcbersetzungen von Materialien f\u00fcr klinische Studien wie Einverst\u00e4ndniserkl\u00e4rungen, klinische Protokolle, Vereinbarungen \u00fcber klinische Studien, CRF, Patiententageb\u00fccher,<\/li>\n<li>Medikamentenetiketten und Beipackzettel.<\/li>\n<li>Medizinische \u00dcbersetzungen f\u00fcr medizinische Ger\u00e4te, einschlie\u00dflich Gebrauchsinformationen, Bedienungsanleitungen und Benutzerhandb\u00fccher sowie Lokalisierung von medizinischer Software.<\/li>\n<li>Medizinische \u00dcbersetzung von Brosch\u00fcren und Webinhalten<\/li>\n<li>\u00dcbersetzung von medizinischen und pharmazeutischen Patenten<\/li>\n<\/ul>\n<h2>Der beste franz\u00f6sisch-kanadische \u00dcbersetzungsdienst im Jahr 2022<\/h2>\n<p>GTS bietet Ihnen die beste L\u00f6sung f\u00fcr kanadisch-franz\u00f6sische \u00dcbersetzungsdienste. Wir sind Experten f\u00fcr die franz\u00f6sische Sprache in Kanada. Und unser Netzwerk professioneller \u00dcbersetzer in Qu\u00e9bec ist mit allen Aspekten der kanadischen Kultur vertraut, sodass Ihre \u00dcbersetzungen f\u00fcr die Verwendung in Kanada optimiert sind.<\/p>\n<h3>Lesen Sie weiter:<\/h3>\n<p>https:\/\/blog.gts-translation.com\/2021\/01\/11\/getting-to-know-canada-subtle-differences-americans-will-discover\/<\/p>\n<p>&nbsp;<\/p>\n<blockquote class=\"wp-embedded-content\" data-secret=\"koIrpif6yv\"><p><a href=\"https:\/\/blog.pimsleur.com\/2020\/01\/27\/quebecois-your-complete-guide-to-understanding-canadian-french\/\">Qu\u00e9b\u00e9cois: Your Complete Guide to Understanding Canadian French<\/a><\/p><\/blockquote>\n<p><iframe loading=\"lazy\" class=\"wp-embedded-content\" sandbox=\"allow-scripts\" security=\"restricted\" style=\"position: absolute; clip: rect(1px, 1px, 1px, 1px);\" title=\"&#8220;Qu\u00e9b\u00e9cois: Your Complete Guide to Understanding Canadian French&#8221; &#8212; The Pimsleur Language Blog\" src=\"https:\/\/blog.pimsleur.com\/2020\/01\/27\/quebecois-your-complete-guide-to-understanding-canadian-french\/embed\/#?secret=koIrpif6yv\" data-secret=\"koIrpif6yv\" width=\"1140\" height=\"642.2\" frameborder=\"0\" marginwidth=\"1140\" marginheight=\"642.2\" scrolling=\"no\"><\/iframe><\/p>\n<p>&nbsp;<\/p>\n","protected":false},"excerpt":{"rendered":"<p>Franz\u00f6sisch-Kanadische \u00dcbersetzungsdienste GTS ist ein professionelles \u00dcbersetzungsunternehmen, das seit \u00fcber 20 Jahren Franz\u00f6sisch-Kanadisch-\u00dcbersetzungsdienstleistungen f\u00fcr Kunden in Kanada, den USA und Europa anbietet. Wir verf\u00fcgen \u00fcber ein bew\u00e4hrtes Team von muttersprachlichen Franz\u00f6sisch-Kanadisch-\u00dcbersetzern f\u00fcr Ihre Franz\u00f6sisch-Kanadisch-\u00dcbersetzungs- und Lokalisierungsprojekte. Einige der weltweit gr\u00f6\u00dften Unternehmen haben sich f\u00fcr GTS entschieden, um ihre Franz\u00f6sisch-Kanadisch-\u00dcbersetzungen und -Lokalisierungen anzufertigen. Zu den Kunden &#8230; <a title=\"Franz\u00f6sisch-Kanadische \u00dcbersetzungsdienste\" class=\"read-more\" href=\"https:\/\/www.gts-translation.com\/de\/languages\/french-canadian-translation\/\" aria-label=\"Mehr Informationen \u00fcber Franz\u00f6sisch-Kanadische \u00dcbersetzungsdienste\">Weiterlesen<\/a><\/p>\n","protected":false},"author":261,"featured_media":35132,"parent":12232,"menu_order":0,"comment_status":"open","ping_status":"closed","template":"templates\/landing-page.php","meta":{"_acf_changed":false,"inline_featured_image":false,"_monsterinsights_skip_tracking":false,"_monsterinsights_sitenote_active":false,"_monsterinsights_sitenote_note":"","_monsterinsights_sitenote_category":0,"footnotes":""},"class_list":["post-12234","page","type-page","status-publish","has-post-thumbnail"],"acf":[],"yoast_head":"<!-- This site is optimized with the Yoast SEO Premium plugin v24.2 (Yoast SEO v27.5) - https:\/\/yoast.com\/product\/yoast-seo-premium-wordpress\/ -->\n<title>French Canadian Translation Services at Great Prices<\/title>\n<meta name=\"description\" content=\"GTS ist das beste Unternehmen f\u00fcr franz\u00f6sisch-kanadische \u00dcbersetzungsdienstleistungen. Erhalten Sie einen sofortigen Online-Preis.\" \/>\n<meta name=\"robots\" content=\"index, follow, max-snippet:-1, max-image-preview:large, max-video-preview:-1\" \/>\n<link rel=\"canonical\" href=\"https:\/\/www.gts-translation.com\/de\/languages\/french-canadian-translation\/\" \/>\n<meta property=\"og:locale\" content=\"de_DE\" \/>\n<meta property=\"og:type\" content=\"article\" \/>\n<meta property=\"og:title\" content=\"Franz\u00f6sisch-Kanadische \u00dcbersetzungsdienste\" \/>\n<meta property=\"og:description\" content=\"GTS ist das beste Unternehmen f\u00fcr franz\u00f6sisch-kanadische \u00dcbersetzungsdienstleistungen. Erhalten Sie einen sofortigen Online-Preis.\" \/>\n<meta property=\"og:url\" content=\"https:\/\/www.gts-translation.com\/de\/languages\/french-canadian-translation\/\" \/>\n<meta property=\"og:site_name\" content=\"GTS Translation Services\" \/>\n<meta property=\"article:publisher\" content=\"https:\/\/www.facebook.com\/GTS.Translation\/\" \/>\n<meta property=\"article:modified_time\" content=\"2021-12-15T11:13:09+00:00\" \/>\n<meta property=\"og:image\" content=\"https:\/\/www.gts-translation.com\/wp-content\/uploads\/2021\/10\/French-Canadian-Translation-Services.jpg\" \/>\n\t<meta property=\"og:image:width\" content=\"840\" \/>\n\t<meta property=\"og:image:height\" content=\"372\" \/>\n\t<meta property=\"og:image:type\" content=\"image\/jpeg\" \/>\n<meta name=\"twitter:card\" content=\"summary_large_image\" \/>\n<meta name=\"twitter:label1\" content=\"Gesch\u00e4tzte Lesezeit\" \/>\n\t<meta name=\"twitter:data1\" content=\"3\u00a0Minuten\" \/>\n<script type=\"application\/ld+json\" class=\"yoast-schema-graph\">{\"@context\":\"https:\\\/\\\/schema.org\",\"@graph\":[{\"@type\":\"WebPage\",\"@id\":\"https:\\\/\\\/www.gts-translation.com\\\/de\\\/languages\\\/french-canadian-translation\\\/\",\"url\":\"https:\\\/\\\/www.gts-translation.com\\\/de\\\/languages\\\/french-canadian-translation\\\/\",\"name\":\"French Canadian Translation Services at Great Prices\",\"isPartOf\":{\"@id\":\"https:\\\/\\\/www.gts-translation.com\\\/de\\\/#website\"},\"primaryImageOfPage\":{\"@id\":\"https:\\\/\\\/www.gts-translation.com\\\/de\\\/languages\\\/french-canadian-translation\\\/#primaryimage\"},\"image\":{\"@id\":\"https:\\\/\\\/www.gts-translation.com\\\/de\\\/languages\\\/french-canadian-translation\\\/#primaryimage\"},\"thumbnailUrl\":\"https:\\\/\\\/www.gts-translation.com\\\/wp-content\\\/uploads\\\/2021\\\/10\\\/French-Canadian-Translation-Services.jpg\",\"datePublished\":\"2015-05-01T12:31:18+00:00\",\"dateModified\":\"2021-12-15T11:13:09+00:00\",\"description\":\"GTS ist das beste Unternehmen f\u00fcr franz\u00f6sisch-kanadische \u00dcbersetzungsdienstleistungen. Erhalten Sie einen sofortigen Online-Preis.\",\"breadcrumb\":{\"@id\":\"https:\\\/\\\/www.gts-translation.com\\\/de\\\/languages\\\/french-canadian-translation\\\/#breadcrumb\"},\"inLanguage\":\"de\",\"potentialAction\":[{\"@type\":\"ReadAction\",\"target\":[\"https:\\\/\\\/www.gts-translation.com\\\/de\\\/languages\\\/french-canadian-translation\\\/\"]}]},{\"@type\":\"ImageObject\",\"inLanguage\":\"de\",\"@id\":\"https:\\\/\\\/www.gts-translation.com\\\/de\\\/languages\\\/french-canadian-translation\\\/#primaryimage\",\"url\":\"https:\\\/\\\/www.gts-translation.com\\\/wp-content\\\/uploads\\\/2021\\\/10\\\/French-Canadian-Translation-Services.jpg\",\"contentUrl\":\"https:\\\/\\\/www.gts-translation.com\\\/wp-content\\\/uploads\\\/2021\\\/10\\\/French-Canadian-Translation-Services.jpg\",\"width\":840,\"height\":372,\"caption\":\"Montreal skyline in the evening, downtown view, Quebec, Canada\"},{\"@type\":\"BreadcrumbList\",\"@id\":\"https:\\\/\\\/www.gts-translation.com\\\/de\\\/languages\\\/french-canadian-translation\\\/#breadcrumb\",\"itemListElement\":[{\"@type\":\"ListItem\",\"position\":1,\"name\":\"Home\",\"item\":\"https:\\\/\\\/www.gts-translation.com\\\/de\\\/\"},{\"@type\":\"ListItem\",\"position\":2,\"name\":\"Sprachen\",\"item\":\"https:\\\/\\\/www.gts-translation.com\\\/de\\\/languages\\\/\"},{\"@type\":\"ListItem\",\"position\":3,\"name\":\"Franz\u00f6sisch-Kanadische \u00dcbersetzungsdienste\"}]},{\"@type\":\"WebSite\",\"@id\":\"https:\\\/\\\/www.gts-translation.com\\\/de\\\/#website\",\"url\":\"https:\\\/\\\/www.gts-translation.com\\\/de\\\/\",\"name\":\"GTS Translation Services\",\"description\":\"Quality you can trust at prices you can&#039;t beat!\",\"publisher\":{\"@id\":\"https:\\\/\\\/www.gts-translation.com\\\/de\\\/#organization\"},\"potentialAction\":[{\"@type\":\"SearchAction\",\"target\":{\"@type\":\"EntryPoint\",\"urlTemplate\":\"https:\\\/\\\/www.gts-translation.com\\\/de\\\/?s={search_term_string}\"},\"query-input\":{\"@type\":\"PropertyValueSpecification\",\"valueRequired\":true,\"valueName\":\"search_term_string\"}}],\"inLanguage\":\"de\"},{\"@type\":\"Organization\",\"@id\":\"https:\\\/\\\/www.gts-translation.com\\\/de\\\/#organization\",\"name\":\"GTS Translation Services\",\"url\":\"https:\\\/\\\/www.gts-translation.com\\\/de\\\/\",\"logo\":{\"@type\":\"ImageObject\",\"inLanguage\":\"de\",\"@id\":\"https:\\\/\\\/www.gts-translation.com\\\/de\\\/#\\\/schema\\\/logo\\\/image\\\/\",\"url\":\"https:\\\/\\\/www.gts-translation.com\\\/wp-content\\\/uploads\\\/2023\\\/07\\\/gts-logo.png\",\"contentUrl\":\"https:\\\/\\\/www.gts-translation.com\\\/wp-content\\\/uploads\\\/2023\\\/07\\\/gts-logo.png\",\"width\":234,\"height\":80,\"caption\":\"GTS Translation Services\"},\"image\":{\"@id\":\"https:\\\/\\\/www.gts-translation.com\\\/de\\\/#\\\/schema\\\/logo\\\/image\\\/\"},\"sameAs\":[\"https:\\\/\\\/www.facebook.com\\\/GTS.Translation\\\/\"]}]}<\/script>\n<!-- \/ Yoast SEO Premium plugin. -->","yoast_head_json":{"title":"French Canadian Translation Services at Great Prices","description":"GTS ist das beste Unternehmen f\u00fcr franz\u00f6sisch-kanadische \u00dcbersetzungsdienstleistungen. Erhalten Sie einen sofortigen Online-Preis.","robots":{"index":"index","follow":"follow","max-snippet":"max-snippet:-1","max-image-preview":"max-image-preview:large","max-video-preview":"max-video-preview:-1"},"canonical":"https:\/\/www.gts-translation.com\/de\/languages\/french-canadian-translation\/","og_locale":"de_DE","og_type":"article","og_title":"Franz\u00f6sisch-Kanadische \u00dcbersetzungsdienste","og_description":"GTS ist das beste Unternehmen f\u00fcr franz\u00f6sisch-kanadische \u00dcbersetzungsdienstleistungen. Erhalten Sie einen sofortigen Online-Preis.","og_url":"https:\/\/www.gts-translation.com\/de\/languages\/french-canadian-translation\/","og_site_name":"GTS Translation Services","article_publisher":"https:\/\/www.facebook.com\/GTS.Translation\/","article_modified_time":"2021-12-15T11:13:09+00:00","og_image":[{"width":840,"height":372,"url":"https:\/\/www.gts-translation.com\/wp-content\/uploads\/2021\/10\/French-Canadian-Translation-Services.jpg","type":"image\/jpeg"}],"twitter_card":"summary_large_image","twitter_misc":{"Gesch\u00e4tzte Lesezeit":"3\u00a0Minuten"},"schema":{"@context":"https:\/\/schema.org","@graph":[{"@type":"WebPage","@id":"https:\/\/www.gts-translation.com\/de\/languages\/french-canadian-translation\/","url":"https:\/\/www.gts-translation.com\/de\/languages\/french-canadian-translation\/","name":"French Canadian Translation Services at Great Prices","isPartOf":{"@id":"https:\/\/www.gts-translation.com\/de\/#website"},"primaryImageOfPage":{"@id":"https:\/\/www.gts-translation.com\/de\/languages\/french-canadian-translation\/#primaryimage"},"image":{"@id":"https:\/\/www.gts-translation.com\/de\/languages\/french-canadian-translation\/#primaryimage"},"thumbnailUrl":"https:\/\/www.gts-translation.com\/wp-content\/uploads\/2021\/10\/French-Canadian-Translation-Services.jpg","datePublished":"2015-05-01T12:31:18+00:00","dateModified":"2021-12-15T11:13:09+00:00","description":"GTS ist das beste Unternehmen f\u00fcr franz\u00f6sisch-kanadische \u00dcbersetzungsdienstleistungen. Erhalten Sie einen sofortigen Online-Preis.","breadcrumb":{"@id":"https:\/\/www.gts-translation.com\/de\/languages\/french-canadian-translation\/#breadcrumb"},"inLanguage":"de","potentialAction":[{"@type":"ReadAction","target":["https:\/\/www.gts-translation.com\/de\/languages\/french-canadian-translation\/"]}]},{"@type":"ImageObject","inLanguage":"de","@id":"https:\/\/www.gts-translation.com\/de\/languages\/french-canadian-translation\/#primaryimage","url":"https:\/\/www.gts-translation.com\/wp-content\/uploads\/2021\/10\/French-Canadian-Translation-Services.jpg","contentUrl":"https:\/\/www.gts-translation.com\/wp-content\/uploads\/2021\/10\/French-Canadian-Translation-Services.jpg","width":840,"height":372,"caption":"Montreal skyline in the evening, downtown view, Quebec, Canada"},{"@type":"BreadcrumbList","@id":"https:\/\/www.gts-translation.com\/de\/languages\/french-canadian-translation\/#breadcrumb","itemListElement":[{"@type":"ListItem","position":1,"name":"Home","item":"https:\/\/www.gts-translation.com\/de\/"},{"@type":"ListItem","position":2,"name":"Sprachen","item":"https:\/\/www.gts-translation.com\/de\/languages\/"},{"@type":"ListItem","position":3,"name":"Franz\u00f6sisch-Kanadische \u00dcbersetzungsdienste"}]},{"@type":"WebSite","@id":"https:\/\/www.gts-translation.com\/de\/#website","url":"https:\/\/www.gts-translation.com\/de\/","name":"GTS Translation Services","description":"Quality you can trust at prices you can&#039;t beat!","publisher":{"@id":"https:\/\/www.gts-translation.com\/de\/#organization"},"potentialAction":[{"@type":"SearchAction","target":{"@type":"EntryPoint","urlTemplate":"https:\/\/www.gts-translation.com\/de\/?s={search_term_string}"},"query-input":{"@type":"PropertyValueSpecification","valueRequired":true,"valueName":"search_term_string"}}],"inLanguage":"de"},{"@type":"Organization","@id":"https:\/\/www.gts-translation.com\/de\/#organization","name":"GTS Translation Services","url":"https:\/\/www.gts-translation.com\/de\/","logo":{"@type":"ImageObject","inLanguage":"de","@id":"https:\/\/www.gts-translation.com\/de\/#\/schema\/logo\/image\/","url":"https:\/\/www.gts-translation.com\/wp-content\/uploads\/2023\/07\/gts-logo.png","contentUrl":"https:\/\/www.gts-translation.com\/wp-content\/uploads\/2023\/07\/gts-logo.png","width":234,"height":80,"caption":"GTS Translation Services"},"image":{"@id":"https:\/\/www.gts-translation.com\/de\/#\/schema\/logo\/image\/"},"sameAs":["https:\/\/www.facebook.com\/GTS.Translation\/"]}]}},"_links":{"self":[{"href":"https:\/\/www.gts-translation.com\/de\/wp-json\/wp\/v2\/pages\/12234","targetHints":{"allow":["GET"]}}],"collection":[{"href":"https:\/\/www.gts-translation.com\/de\/wp-json\/wp\/v2\/pages"}],"about":[{"href":"https:\/\/www.gts-translation.com\/de\/wp-json\/wp\/v2\/types\/page"}],"author":[{"embeddable":true,"href":"https:\/\/www.gts-translation.com\/de\/wp-json\/wp\/v2\/users\/261"}],"replies":[{"embeddable":true,"href":"https:\/\/www.gts-translation.com\/de\/wp-json\/wp\/v2\/comments?post=12234"}],"version-history":[{"count":3,"href":"https:\/\/www.gts-translation.com\/de\/wp-json\/wp\/v2\/pages\/12234\/revisions"}],"predecessor-version":[{"id":36163,"href":"https:\/\/www.gts-translation.com\/de\/wp-json\/wp\/v2\/pages\/12234\/revisions\/36163"}],"up":[{"embeddable":true,"href":"https:\/\/www.gts-translation.com\/de\/wp-json\/wp\/v2\/pages\/12232"}],"wp:featuredmedia":[{"embeddable":true,"href":"https:\/\/www.gts-translation.com\/de\/wp-json\/wp\/v2\/media\/35132"}],"wp:attachment":[{"href":"https:\/\/www.gts-translation.com\/de\/wp-json\/wp\/v2\/media?parent=12234"}],"curies":[{"name":"wp","href":"https:\/\/api.w.org\/{rel}","templated":true}]}}