{"id":12236,"date":"2015-05-01T12:51:40","date_gmt":"2015-05-01T12:51:40","guid":{"rendered":"https:\/\/www.gts-translation.com\/languages\/arabic\/"},"modified":"2022-01-03T16:24:55","modified_gmt":"2022-01-03T16:24:55","slug":"arabic-translation-services","status":"publish","type":"page","link":"https:\/\/www.gts-translation.com\/de\/languages\/arabic-translation-services\/","title":{"rendered":"Arabische \u00dcbersetzungsdienste"},"content":{"rendered":"<h1>Beste Arabisch-\u00dcbersetzungsdienste<\/h1>\n<p>GTS Translation hat eine nachweisliche Erfolgsbilanz bei der Bereitstellung pr\u00e4ziser, qualitativ hochwertiger Arabisch-\u00dcbersetzungsdienste. Unsere Preise f\u00fcr Arabisch-\u00dcbersetzungen sind sehr g\u00fcnstig und wettbewerbsf\u00e4hig.<\/p>\n<p>&nbsp;<\/p>\n<figure id=\"attachment_725\" aria-describedby=\"caption-attachment-725\" style=\"width: 363px\" class=\"wp-caption alignleft\"><a href=\"https:\/\/www.gts-translation.com\/wp-content\/uploads\/2012\/05\/arabic.jpeg\"><img decoding=\"async\" class=\"wp-image-725\" style=\"border: 0px;\" title=\"Arabic Translation Services\" src=\"https:\/\/www.gts-translation.com\/wp-content\/uploads\/2012\/05\/arabic.jpeg\" alt=\"Arabic Translation Services\" width=\"373\" height=\"294\" \/><\/a><figcaption id=\"caption-attachment-725\" class=\"wp-caption-text\">GTS zeichnet sich durch die schnelle Lieferung von qualitativ hochwertigen Arabisch-\u00dcbersetzungen und deutsch-arabischen Dokumenten\u00fcbersetzungen aus.<\/figcaption><\/figure>\n<p>Wir sind das beste arabische \u00dcbersetzungsb\u00fcro f\u00fcr Dokumenten\u00fcbersetzungen in allen Bereichen. Dazu geh\u00f6rt die \u00dcbersetzung von technischen, medizinischen, juristischen, <a href=\"https:\/\/www.gts-translation.com\/de\/services\/medical_translation_services\/\">technischen<\/a>, Software-, Ingenieur- und Finanzdokumenten in die arabische Sprache. Wir bieten arabische \u00dcbersetzungsdienste in allen arabischsprachigen L\u00e4ndern an. Dazu geh\u00f6ren Arabisch-\u00dcbersetzungsdienste in Katar, \u00c4gypten, Saudi-Arabien, Bahrain und den Vereinigten Arabischen Emiraten. F\u00fcr viele f\u00fchrende Unternehmen sind wir der bevorzugte Anbieter von Arabisch-\u00dcbersetzungsdienstleistungen in den USA.<\/p>\n<h2>\u00dcbersetzungsdienstleistungen Arabisch &#8211; Deutsch<\/h2>\n<p>Wir \u00fcbersetzen Dokumente aus dem Arabischen ins Deutsche und aus dem Arabischen in \u00fcber 70 weitere Sprachen.<\/p>\n<h2>Warum Sie GTS als Ihr \u00dcbersetzungsb\u00fcro w\u00e4hlen sollten?<\/h2>\n<p>Maschinelle \u00dcbersetzungen sind gro\u00dfartig, aber manche Dokumente erfordern ein h\u00f6heres Qualit\u00e4tsniveau als Google Translate bieten kann. In diesem Fall sollten Sie ein professionelles \u00dcbersetzungsunternehmen wie GTS Translation Services beauftragen. Wir verf\u00fcgen \u00fcber ein weltweites Netzwerk von mehreren hundert Arabisch-\u00dcbersetzern in allen L\u00e4ndern, in denen Arabisch gesprochen wird. Wir garantieren f\u00fcr die Qualit\u00e4t unserer \u00dcbersetzungen. Unser Qualit\u00e4tsmanagementsystem (QMS) ist nach der Norm ISO 17100:2015 zertifiziert. Alle unsere Arabisch-\u00dcbersetzungen sind zertifiziert und werden mit einer unterzeichneten Bescheinigung \u00fcber die Richtigkeit geliefert.<\/p>\n<p>Wir haben nachweislich Erfahrung in der Lieferung von qualitativ hochwertigen professionellen Arabisch-\u00dcbersetzungen. Einige der weltweit gr\u00f6\u00dften Unternehmen haben sich f\u00fcr GTS als ihr Arabisch-\u00dcbersetzungsb\u00fcro entschieden. Zu unseren Kunden geh\u00f6ren: Bendura Bank, Siemens, Sunoco, Electrolux, Mitsubishi Motors, Mapfre Asistencia, Max Mara USA, Deloitte und BASF. Klicken Sie hier, um eine Kundenliste zu sehen; klicken Sie hier, um einige Erfahrungsberichte von Kunden zu lesen.<\/p>\n<h3>Arabisch Medizinische \u00dcbersetzung<\/h3>\n<div class=\"md-text-block\">\n<p>GTS bietet zertifizierte arabische medizinische \u00dcbersetzungsdienste f\u00fcr Pharmaunternehmen, Hersteller von medizinischen Ger\u00e4ten, biomedizinische Unternehmen und CROs, die klinische Forschungsstudien in L\u00e4ndern des Nahen Ostens durchf\u00fchren. Dies umfasst:<\/p>\n<ul>\n<li>Medizinische Berichte<\/li>\n<li>Klinische Protokolle und Zusammenfassungen von Protokollen<\/li>\n<li>Formulare f\u00fcr die Einverst\u00e4ndniserkl\u00e4rung<\/li>\n<li>Vereinbarungen \u00fcber klinische Studien<\/li>\n<li>Gebrauchsanweisungen (IFU) und Benutzerhandb\u00fccher f\u00fcr medizinische Ger\u00e4te<\/li>\n<li>Etiketten f\u00fcr Studienmedikamente<\/li>\n<li>Fallberichtsformulare (CRF)<\/li>\n<li>Lokalisierung von medizinischer Software<\/li>\n<\/ul>\n<h2 class=\"md-heading\">Arabische technische \u00dcbersetzung<\/h2>\n<div class=\"md-text-block\">\n<p>GTS bietet eine breite Palette an qualitativ hochwertigen technischen Arabisch-\u00dcbersetzungen f\u00fcr Kunden auf der ganzen Welt. Dazu geh\u00f6ren arabische technische \u00dcbersetzungen von:<\/p>\n<ul>\n<li>Technische Handb\u00fccher und Bedienungsanleitungen.<\/li>\n<li>RFP- und RFQ-Dokumente, Ausschreibungen und Angebote<\/li>\n<li><a href=\"https:\/\/www.gts-translation.com\/de\/services\/msds-translation-services\/\">Sicherheitsdatenbl\u00e4tter (SDB)<\/a><\/li>\n<li>Technische Dokumente, technische Zeichnungen<\/li>\n<li>Datenbl\u00e4tter und Webinhalte<\/li>\n<\/ul>\n<\/div>\n<\/div>\n<h2 class=\"md-heading\">Arabische juristische \u00dcbersetzung<\/h2>\n<div class=\"md-text-block\">\n<p>GTS bietet eine breite Palette an beglaubigten juristischen \u00dcbersetzungsdienstleistungen von Englisch nach Arabisch und Arabisch nach Englisch f\u00fcr Unternehmen, die im Nahen Osten t\u00e4tig sind. Dazu geh\u00f6ren die folgenden Arten von Dokumenten:<\/p>\n<ul>\n<li>Vertr\u00e4ge<\/li>\n<li>Auslieferungsdokumente<\/li>\n<li>Einwanderungspapiere<\/li>\n<li>Geistiges Eigentum und Patente<\/li>\n<li>Gerichtliche Dokumente<\/li>\n<li>Arbeitsvertr\u00e4ge<\/li>\n<\/ul>\n<\/div>\n<h2 class=\"md-heading\">Business-\u00dcbersetzung Deutsch-Arabisch<\/h2>\n<p>GTS bietet qualitativ hochwertige Arabisch-\u00dcbersetzungen an:<\/p>\n<ul>\n<li>Jahresberichte<\/li>\n<li>Inhalt der Website<\/li>\n<li>Gesch\u00e4ftspl\u00e4ne<\/li>\n<li>RFP\/RFQ-Dokumente<\/li>\n<li>Vorschl\u00e4ge<\/li>\n<\/ul>\n<h2>Gute Preise f\u00fcr Arabisch-\u00dcbersetzungen<\/h2>\n<p>Unsere Arabisch-\u00dcbersetzungspreise sind die g\u00fcnstigsten in der Branche. Die Preise beginnen bei 0,10 \u20ac pro Wort f\u00fcr einen professionellen Arabisch-\u00dcbersetzungsdienst. Klicken Sie hier, um ein sofortiges <a href=\"https:\/\/www.gts-translation.com\/de\/get-quote\/\">Preisangebot f\u00fcr Arabisch-\u00dcbersetzungsdienste<\/a> zu erhalten.<\/p>\n<h2>Preisnachl\u00e4sse f\u00fcr Arabisch-\u00dcbersetzungen<\/h2>\n<p>Verwenden Sie GTS-Gutscheincodes, um einen Rabatt f\u00fcr arabische \u00dcbersetzungen zu erhalten. Neukunden erhalten einen Rabatt von 5% auf ihre erste Bestellung.<\/p>\n<h2>Fakten zur arabischen Sprache<\/h2>\n<p><a href=\"https:\/\/de.wikipedia.org\/wiki\/Arabische_Sprache\">Arabisch<\/a> ist die vorherrschende Sprache im Nahen Osten. Aufgrund der Bedeutung der Erd\u00f6lindustrie f\u00fcr die Weltwirtschaft sind einige arabische L\u00e4nder zu wichtigen Handelspartnern und politischen Verb\u00fcndeten der USA, Chinas, Japans und anderer westlicher L\u00e4nder geworden. Arabisch ist eine RTL-Sprache (von rechts nach links), was bedeutet, dass es von rechts nach links geschrieben wird, im Gegensatz zu Englisch, Chinesisch, Japanisch und allen europ\u00e4ischen Sprachen, die LTR-Sprachen (von links nach rechts) sind. Diese Tatsache stellt bei Software- und Website-Lokalisierungsprojekten eine gewisse Herausforderung dar.<\/p>\n<p>Wenn Sie eine \u00dcbersetzung eines arabischen Dokuments in Auftrag geben, bitten Sie Ihren Lieferanten, die \u00dcbersetzung im PDF-Format zu liefern. Arabische Schriftarten und Texte k\u00f6nnen auf verschiedenen Computern und Betriebssystemversionen unterschiedlich dargestellt werden und beim elektronischen Versand (z. B. per E-Mail) durcheinander geraten.<\/p>\n<p>&nbsp;<\/p>\n<p>&nbsp;<\/p>\n","protected":false},"excerpt":{"rendered":"<p>Beste Arabisch-\u00dcbersetzungsdienste GTS Translation hat eine nachweisliche Erfolgsbilanz bei der Bereitstellung pr\u00e4ziser, qualitativ hochwertiger Arabisch-\u00dcbersetzungsdienste. Unsere Preise f\u00fcr Arabisch-\u00dcbersetzungen sind sehr g\u00fcnstig und wettbewerbsf\u00e4hig. &nbsp; Wir sind das beste arabische \u00dcbersetzungsb\u00fcro f\u00fcr Dokumenten\u00fcbersetzungen in allen Bereichen. Dazu geh\u00f6rt die \u00dcbersetzung von technischen, medizinischen, juristischen, technischen, Software-, Ingenieur- und Finanzdokumenten in die arabische Sprache. Wir bieten &#8230; <a title=\"Arabische \u00dcbersetzungsdienste\" class=\"read-more\" href=\"https:\/\/www.gts-translation.com\/de\/languages\/arabic-translation-services\/\" aria-label=\"Mehr Informationen \u00fcber Arabische \u00dcbersetzungsdienste\">Weiterlesen<\/a><\/p>\n","protected":false},"author":261,"featured_media":35013,"parent":12232,"menu_order":0,"comment_status":"closed","ping_status":"closed","template":"templates\/landing-page.php","meta":{"_acf_changed":false,"inline_featured_image":false,"_monsterinsights_skip_tracking":false,"_monsterinsights_sitenote_active":false,"_monsterinsights_sitenote_note":"","_monsterinsights_sitenote_category":0,"footnotes":""},"class_list":["post-12236","page","type-page","status-publish","has-post-thumbnail"],"acf":[],"yoast_head":"<!-- This site is optimized with the Yoast SEO Premium plugin v24.2 (Yoast SEO v27.4) - https:\/\/yoast.com\/product\/yoast-seo-premium-wordpress\/ -->\n<title>Arabisch \u00dcbersetzungsdienste | Arabisch Dokument \u00dcbersetzungsdienst<\/title>\n<meta name=\"description\" content=\"Wir bieten schnelle Arabisch-\u00dcbersetzungsdienste zu erschwinglichen Preisen. Holen Sie sich jetzt ein Online-Preisangebot!\" \/>\n<meta name=\"robots\" content=\"index, follow, max-snippet:-1, max-image-preview:large, max-video-preview:-1\" \/>\n<link rel=\"canonical\" href=\"https:\/\/www.gts-translation.com\/de\/languages\/arabic-translation-services\/\" \/>\n<meta property=\"og:locale\" content=\"de_DE\" \/>\n<meta property=\"og:type\" content=\"article\" \/>\n<meta property=\"og:title\" content=\"Arabische \u00dcbersetzungsdienste\" \/>\n<meta property=\"og:description\" content=\"Wir bieten schnelle Arabisch-\u00dcbersetzungsdienste zu erschwinglichen Preisen. Holen Sie sich jetzt ein Online-Preisangebot!\" \/>\n<meta property=\"og:url\" content=\"https:\/\/www.gts-translation.com\/de\/languages\/arabic-translation-services\/\" \/>\n<meta property=\"og:site_name\" content=\"GTS Translation Services\" \/>\n<meta property=\"article:publisher\" content=\"https:\/\/www.facebook.com\/GTS.Translation\/\" \/>\n<meta property=\"article:modified_time\" content=\"2022-01-03T16:24:55+00:00\" \/>\n<meta property=\"og:image\" content=\"https:\/\/www.gts-translation.com\/wp-content\/uploads\/2021\/10\/Arabic-translation-services-1.jpg\" \/>\n\t<meta property=\"og:image:width\" content=\"1042\" \/>\n\t<meta property=\"og:image:height\" content=\"346\" \/>\n\t<meta property=\"og:image:type\" content=\"image\/jpeg\" \/>\n<meta name=\"twitter:card\" content=\"summary_large_image\" \/>\n<meta name=\"twitter:label1\" content=\"Gesch\u00e4tzte Lesezeit\" \/>\n\t<meta name=\"twitter:data1\" content=\"4\u00a0Minuten\" \/>\n<script type=\"application\/ld+json\" class=\"yoast-schema-graph\">{\"@context\":\"https:\\\/\\\/schema.org\",\"@graph\":[{\"@type\":\"WebPage\",\"@id\":\"https:\\\/\\\/www.gts-translation.com\\\/de\\\/languages\\\/arabic-translation-services\\\/\",\"url\":\"https:\\\/\\\/www.gts-translation.com\\\/de\\\/languages\\\/arabic-translation-services\\\/\",\"name\":\"Arabisch \u00dcbersetzungsdienste | Arabisch Dokument \u00dcbersetzungsdienst\",\"isPartOf\":{\"@id\":\"https:\\\/\\\/www.gts-translation.com\\\/de\\\/#website\"},\"primaryImageOfPage\":{\"@id\":\"https:\\\/\\\/www.gts-translation.com\\\/de\\\/languages\\\/arabic-translation-services\\\/#primaryimage\"},\"image\":{\"@id\":\"https:\\\/\\\/www.gts-translation.com\\\/de\\\/languages\\\/arabic-translation-services\\\/#primaryimage\"},\"thumbnailUrl\":\"https:\\\/\\\/www.gts-translation.com\\\/wp-content\\\/uploads\\\/2021\\\/10\\\/Arabic-translation-services-1.jpg\",\"datePublished\":\"2015-05-01T12:51:40+00:00\",\"dateModified\":\"2022-01-03T16:24:55+00:00\",\"description\":\"Wir bieten schnelle Arabisch-\u00dcbersetzungsdienste zu erschwinglichen Preisen. Holen Sie sich jetzt ein Online-Preisangebot!\",\"breadcrumb\":{\"@id\":\"https:\\\/\\\/www.gts-translation.com\\\/de\\\/languages\\\/arabic-translation-services\\\/#breadcrumb\"},\"inLanguage\":\"de\",\"potentialAction\":[{\"@type\":\"ReadAction\",\"target\":[\"https:\\\/\\\/www.gts-translation.com\\\/de\\\/languages\\\/arabic-translation-services\\\/\"]}]},{\"@type\":\"ImageObject\",\"inLanguage\":\"de\",\"@id\":\"https:\\\/\\\/www.gts-translation.com\\\/de\\\/languages\\\/arabic-translation-services\\\/#primaryimage\",\"url\":\"https:\\\/\\\/www.gts-translation.com\\\/wp-content\\\/uploads\\\/2021\\\/10\\\/Arabic-translation-services-1.jpg\",\"contentUrl\":\"https:\\\/\\\/www.gts-translation.com\\\/wp-content\\\/uploads\\\/2021\\\/10\\\/Arabic-translation-services-1.jpg\",\"width\":1042,\"height\":346,\"caption\":\"The Great Pyramids of Giza, panoramic view from the town.\"},{\"@type\":\"BreadcrumbList\",\"@id\":\"https:\\\/\\\/www.gts-translation.com\\\/de\\\/languages\\\/arabic-translation-services\\\/#breadcrumb\",\"itemListElement\":[{\"@type\":\"ListItem\",\"position\":1,\"name\":\"Home\",\"item\":\"https:\\\/\\\/www.gts-translation.com\\\/de\\\/\"},{\"@type\":\"ListItem\",\"position\":2,\"name\":\"Sprachen\",\"item\":\"https:\\\/\\\/www.gts-translation.com\\\/de\\\/languages\\\/\"},{\"@type\":\"ListItem\",\"position\":3,\"name\":\"Arabische \u00dcbersetzungsdienste\"}]},{\"@type\":\"WebSite\",\"@id\":\"https:\\\/\\\/www.gts-translation.com\\\/de\\\/#website\",\"url\":\"https:\\\/\\\/www.gts-translation.com\\\/de\\\/\",\"name\":\"GTS Translation Services\",\"description\":\"Quality you can trust at prices you can&#039;t beat!\",\"publisher\":{\"@id\":\"https:\\\/\\\/www.gts-translation.com\\\/de\\\/#organization\"},\"potentialAction\":[{\"@type\":\"SearchAction\",\"target\":{\"@type\":\"EntryPoint\",\"urlTemplate\":\"https:\\\/\\\/www.gts-translation.com\\\/de\\\/?s={search_term_string}\"},\"query-input\":{\"@type\":\"PropertyValueSpecification\",\"valueRequired\":true,\"valueName\":\"search_term_string\"}}],\"inLanguage\":\"de\"},{\"@type\":\"Organization\",\"@id\":\"https:\\\/\\\/www.gts-translation.com\\\/de\\\/#organization\",\"name\":\"GTS Translation Services\",\"url\":\"https:\\\/\\\/www.gts-translation.com\\\/de\\\/\",\"logo\":{\"@type\":\"ImageObject\",\"inLanguage\":\"de\",\"@id\":\"https:\\\/\\\/www.gts-translation.com\\\/de\\\/#\\\/schema\\\/logo\\\/image\\\/\",\"url\":\"https:\\\/\\\/www.gts-translation.com\\\/wp-content\\\/uploads\\\/2023\\\/07\\\/gts-logo.png\",\"contentUrl\":\"https:\\\/\\\/www.gts-translation.com\\\/wp-content\\\/uploads\\\/2023\\\/07\\\/gts-logo.png\",\"width\":234,\"height\":80,\"caption\":\"GTS Translation Services\"},\"image\":{\"@id\":\"https:\\\/\\\/www.gts-translation.com\\\/de\\\/#\\\/schema\\\/logo\\\/image\\\/\"},\"sameAs\":[\"https:\\\/\\\/www.facebook.com\\\/GTS.Translation\\\/\"]}]}<\/script>\n<!-- \/ Yoast SEO Premium plugin. -->","yoast_head_json":{"title":"Arabisch \u00dcbersetzungsdienste | Arabisch Dokument \u00dcbersetzungsdienst","description":"Wir bieten schnelle Arabisch-\u00dcbersetzungsdienste zu erschwinglichen Preisen. Holen Sie sich jetzt ein Online-Preisangebot!","robots":{"index":"index","follow":"follow","max-snippet":"max-snippet:-1","max-image-preview":"max-image-preview:large","max-video-preview":"max-video-preview:-1"},"canonical":"https:\/\/www.gts-translation.com\/de\/languages\/arabic-translation-services\/","og_locale":"de_DE","og_type":"article","og_title":"Arabische \u00dcbersetzungsdienste","og_description":"Wir bieten schnelle Arabisch-\u00dcbersetzungsdienste zu erschwinglichen Preisen. Holen Sie sich jetzt ein Online-Preisangebot!","og_url":"https:\/\/www.gts-translation.com\/de\/languages\/arabic-translation-services\/","og_site_name":"GTS Translation Services","article_publisher":"https:\/\/www.facebook.com\/GTS.Translation\/","article_modified_time":"2022-01-03T16:24:55+00:00","og_image":[{"width":1042,"height":346,"url":"https:\/\/www.gts-translation.com\/wp-content\/uploads\/2021\/10\/Arabic-translation-services-1.jpg","type":"image\/jpeg"}],"twitter_card":"summary_large_image","twitter_misc":{"Gesch\u00e4tzte Lesezeit":"4\u00a0Minuten"},"schema":{"@context":"https:\/\/schema.org","@graph":[{"@type":"WebPage","@id":"https:\/\/www.gts-translation.com\/de\/languages\/arabic-translation-services\/","url":"https:\/\/www.gts-translation.com\/de\/languages\/arabic-translation-services\/","name":"Arabisch \u00dcbersetzungsdienste | Arabisch Dokument \u00dcbersetzungsdienst","isPartOf":{"@id":"https:\/\/www.gts-translation.com\/de\/#website"},"primaryImageOfPage":{"@id":"https:\/\/www.gts-translation.com\/de\/languages\/arabic-translation-services\/#primaryimage"},"image":{"@id":"https:\/\/www.gts-translation.com\/de\/languages\/arabic-translation-services\/#primaryimage"},"thumbnailUrl":"https:\/\/www.gts-translation.com\/wp-content\/uploads\/2021\/10\/Arabic-translation-services-1.jpg","datePublished":"2015-05-01T12:51:40+00:00","dateModified":"2022-01-03T16:24:55+00:00","description":"Wir bieten schnelle Arabisch-\u00dcbersetzungsdienste zu erschwinglichen Preisen. Holen Sie sich jetzt ein Online-Preisangebot!","breadcrumb":{"@id":"https:\/\/www.gts-translation.com\/de\/languages\/arabic-translation-services\/#breadcrumb"},"inLanguage":"de","potentialAction":[{"@type":"ReadAction","target":["https:\/\/www.gts-translation.com\/de\/languages\/arabic-translation-services\/"]}]},{"@type":"ImageObject","inLanguage":"de","@id":"https:\/\/www.gts-translation.com\/de\/languages\/arabic-translation-services\/#primaryimage","url":"https:\/\/www.gts-translation.com\/wp-content\/uploads\/2021\/10\/Arabic-translation-services-1.jpg","contentUrl":"https:\/\/www.gts-translation.com\/wp-content\/uploads\/2021\/10\/Arabic-translation-services-1.jpg","width":1042,"height":346,"caption":"The Great Pyramids of Giza, panoramic view from the town."},{"@type":"BreadcrumbList","@id":"https:\/\/www.gts-translation.com\/de\/languages\/arabic-translation-services\/#breadcrumb","itemListElement":[{"@type":"ListItem","position":1,"name":"Home","item":"https:\/\/www.gts-translation.com\/de\/"},{"@type":"ListItem","position":2,"name":"Sprachen","item":"https:\/\/www.gts-translation.com\/de\/languages\/"},{"@type":"ListItem","position":3,"name":"Arabische \u00dcbersetzungsdienste"}]},{"@type":"WebSite","@id":"https:\/\/www.gts-translation.com\/de\/#website","url":"https:\/\/www.gts-translation.com\/de\/","name":"GTS Translation Services","description":"Quality you can trust at prices you can&#039;t beat!","publisher":{"@id":"https:\/\/www.gts-translation.com\/de\/#organization"},"potentialAction":[{"@type":"SearchAction","target":{"@type":"EntryPoint","urlTemplate":"https:\/\/www.gts-translation.com\/de\/?s={search_term_string}"},"query-input":{"@type":"PropertyValueSpecification","valueRequired":true,"valueName":"search_term_string"}}],"inLanguage":"de"},{"@type":"Organization","@id":"https:\/\/www.gts-translation.com\/de\/#organization","name":"GTS Translation Services","url":"https:\/\/www.gts-translation.com\/de\/","logo":{"@type":"ImageObject","inLanguage":"de","@id":"https:\/\/www.gts-translation.com\/de\/#\/schema\/logo\/image\/","url":"https:\/\/www.gts-translation.com\/wp-content\/uploads\/2023\/07\/gts-logo.png","contentUrl":"https:\/\/www.gts-translation.com\/wp-content\/uploads\/2023\/07\/gts-logo.png","width":234,"height":80,"caption":"GTS Translation Services"},"image":{"@id":"https:\/\/www.gts-translation.com\/de\/#\/schema\/logo\/image\/"},"sameAs":["https:\/\/www.facebook.com\/GTS.Translation\/"]}]}},"_links":{"self":[{"href":"https:\/\/www.gts-translation.com\/de\/wp-json\/wp\/v2\/pages\/12236","targetHints":{"allow":["GET"]}}],"collection":[{"href":"https:\/\/www.gts-translation.com\/de\/wp-json\/wp\/v2\/pages"}],"about":[{"href":"https:\/\/www.gts-translation.com\/de\/wp-json\/wp\/v2\/types\/page"}],"author":[{"embeddable":true,"href":"https:\/\/www.gts-translation.com\/de\/wp-json\/wp\/v2\/users\/261"}],"replies":[{"embeddable":true,"href":"https:\/\/www.gts-translation.com\/de\/wp-json\/wp\/v2\/comments?post=12236"}],"version-history":[{"count":2,"href":"https:\/\/www.gts-translation.com\/de\/wp-json\/wp\/v2\/pages\/12236\/revisions"}],"predecessor-version":[{"id":36429,"href":"https:\/\/www.gts-translation.com\/de\/wp-json\/wp\/v2\/pages\/12236\/revisions\/36429"}],"up":[{"embeddable":true,"href":"https:\/\/www.gts-translation.com\/de\/wp-json\/wp\/v2\/pages\/12232"}],"wp:featuredmedia":[{"embeddable":true,"href":"https:\/\/www.gts-translation.com\/de\/wp-json\/wp\/v2\/media\/35013"}],"wp:attachment":[{"href":"https:\/\/www.gts-translation.com\/de\/wp-json\/wp\/v2\/media?parent=12236"}],"curies":[{"name":"wp","href":"https:\/\/api.w.org\/{rel}","templated":true}]}}