{"id":12238,"date":"2015-05-01T13:00:50","date_gmt":"2015-05-01T13:00:50","guid":{"rendered":"https:\/\/www.gts-translation.com\/languages\/chinese\/"},"modified":"2025-01-06T07:17:16","modified_gmt":"2025-01-06T07:17:16","slug":"chinese-translation-services","status":"publish","type":"page","link":"https:\/\/www.gts-translation.com\/de\/languages\/chinese-translation-services\/","title":{"rendered":"Chinesische \u00dcbersetzungsdienste | \u00dcbersetzen ins Chinesische"},"content":{"rendered":"\n<h1 class=\"wp-block-heading\" id=\"h-beste-chinesisch-ubersetzungsdienste-im-jahr-2026\">Beste Chinesisch-\u00dcbersetzungsdienste im Jahr 2026<\/h1>\n\n\n\n<p>GTS bietet qualitativ hochwertige, professionelle Englisch-Chinesisch-\u00dcbersetzungen mit einem gepr\u00fcften Team von muttersprachlichen Chinesisch-\u00dcbersetzern vor Ort. Wir \u00fcbersetzen Englisch in Mandarin-Chinesisch in vielen Bereichen, einschlie\u00dflich Technik, Medizin, Recht, Patente und IP-Dokumente, Software, Ingenieurwesen und Finanz\u00fcbersetzungen.<\/p>\n\n\n\n<h2 class=\"wp-block-heading\" id=\"h-chinesisch-deutsch-ubersetzung\"><img decoding=\"async\" class=\"aligncenter size-full wp-image-23790\" src=\"https:\/\/www.gts-translation.com\/wp-content\/uploads\/2020\/02\/veuthy-review.png\" alt=\"\" width=\"100%\" srcset=\"https:\/\/www.gts-translation.com\/wp-content\/uploads\/2020\/02\/veuthy-review.png 919w, https:\/\/www.gts-translation.com\/wp-content\/uploads\/2020\/02\/veuthy-review-300x71.png 300w, https:\/\/www.gts-translation.com\/wp-content\/uploads\/2020\/02\/veuthy-review-768x182.png 768w\" sizes=\"(max-width: 919px) 100vw, 919px\" \/>Chinesisch-Deutsch-\u00dcbersetzung<\/h2>\n\n\n\n<p>Wir bieten auch \u00dcbersetzungsdienste f\u00fcr Chinesisch-Englisch und \u00dcbersetzungen zwischen Chinesisch und \u00fcber 60 anderen Sprachen an.<\/p>\n\n\n<div class=\"wp-block-image\">\n<figure class=\"alignleft\"><a href=\"https:\/\/www.gts-translation.com\/wp-content\/uploads\/2018\/05\/Chinese-translation-services.jpg\"><img decoding=\"async\" width=\"300\" height=\"212\" src=\"https:\/\/www.gts-translation.com\/wp-content\/uploads\/2018\/05\/Chinese-translation-services-300x212.jpg\" alt=\"Chinese translation services\" class=\"wp-image-12676\" srcset=\"https:\/\/www.gts-translation.com\/wp-content\/uploads\/2018\/05\/Chinese-translation-services-300x212.jpg 300w, https:\/\/www.gts-translation.com\/wp-content\/uploads\/2018\/05\/Chinese-translation-services-768x544.jpg 768w, https:\/\/www.gts-translation.com\/wp-content\/uploads\/2018\/05\/Chinese-translation-services.jpg 822w\" sizes=\"(max-width: 300px) 100vw, 300px\" \/><\/a><figcaption class=\"wp-element-caption\">GTS ist Ihr Tor zu allem, was mit Chinesisch zu tun hat.<\/figcaption><\/figure>\n<\/div>\n\n\n<h2 class=\"wp-block-heading\" id=\"h-was-sind-die-unterschiede-zwischen-dem-vereinfachten-und-dem-traditionellen-chinesisch\">Was sind die Unterschiede zwischen dem vereinfachten und dem traditionellen Chinesisch?<\/h2>\n\n\n\n<p>Chinesisch ist die am weitesten verbreitete Sprache der Welt und wird von etwa 20 % der Weltbev\u00f6lkerung gesprochen. Vereinfachtes Chinesisch und traditionelles Chinesisch sind verschiedene Varianten der chinesischen Schriftsprache. Sie haben die gleiche grammatikalische Grundstruktur, aber aus verschiedenen kulturellen und historischen Gr\u00fcnden verwenden das vereinfachte und das traditionelle Chinesisch unterschiedliche Schriftsysteme und sind nicht austauschbar. Daher kann es sein, dass Sie \u00dcbersetzungen sowohl in vereinfachtem als auch in traditionellem Chinesisch anfertigen m\u00fcssen.<\/p>\n\n\n\n<p>Vereinfachtes Chinesisch wird auf dem chinesischen Festland (VR China) und in Singapur verwendet und ist das offizielle Schriftsystem. Traditionelles Chinesisch wird in Taiwan, Hongkong und Macau verwendet und ist das offizielle Schriftsystem.<\/p>\n\n\n\n<p>Im traditionellen Chinesisch werden etwa 13 000 Zeichen verwendet; einige der Zeichen sind sehr komplex. Die Komplexit\u00e4t dieses Schriftsystems war viele Jahre lang eine der Ursachen f\u00fcr den weit verbreiteten Analphabetismus in China. Das vereinfachte chinesische Schriftsystem, das etwa 8.000 Zeichen umfasst, wurde 1949 als offizielle Schriftsprache eingef\u00fchrt, um den Analphabetismus zu bek\u00e4mpfen.<\/p>\n\n\n\n<p>Bevor Sie eine \u00dcbersetzung Englisch-Chinesisch in Auftrag geben, sollten Sie sich so gut wie m\u00f6glich dar\u00fcber informieren, in welchem Land das Dokument verwendet werden soll und f\u00fcr wen es bestimmt ist. Wenn zum Beispiel ein Dokument f\u00fcr eine Messe in Taiwan vorbereitet wird, sollten Sie diese Information dem \u00dcbersetzungsunternehmen mitteilen und so genau wie m\u00f6glich sein.<\/p>\n\n\n\n<h2 class=\"wp-block-heading\" id=\"h-ubersetzungsdienste-fur-chinesisch-mandarin-und-chinesisch-kantonesisch\"><img decoding=\"async\" class=\"aligncenter size-full wp-image-23810\" src=\"https:\/\/www.gts-translation.com\/wp-content\/uploads\/2020\/02\/montag-review.png\" alt=\"Chinese document translation service\" width=\"100%\" srcset=\"https:\/\/www.gts-translation.com\/wp-content\/uploads\/2020\/02\/montag-review.png 882w, https:\/\/www.gts-translation.com\/wp-content\/uploads\/2020\/02\/montag-review-300x62.png 300w, https:\/\/www.gts-translation.com\/wp-content\/uploads\/2020\/02\/montag-review-768x159.png 768w\" sizes=\"(max-width: 882px) 100vw, 882px\" \/>\u00dcbersetzungsdienste f\u00fcr Chinesisch Mandarin und Chinesisch Kantonesisch<\/h2>\n\n\n\n<p>Vereinfachtes Chinesisch kann auch als Chinesisch-Mandarin bezeichnet werden, das die vorherrschende Form des gesprochenen Chinesisch in der Republik China ist. Eine weitere Variante ist das Kantonesische Chinesisch.<\/p>\n\n\n\n<figure class=\"wp-block-embed is-type-video is-provider-youtube wp-block-embed-youtube wp-embed-aspect-4-3 wp-has-aspect-ratio\"><div class=\"wp-block-embed__wrapper\">\n<iframe loading=\"lazy\" title=\"Funny Chinese menu translations\" width=\"1140\" height=\"855\" src=\"https:\/\/www.youtube.com\/embed\/D6hPhe0Q9Jo?feature=oembed\" frameborder=\"0\" allow=\"accelerometer; autoplay; clipboard-write; encrypted-media; gyroscope; picture-in-picture; web-share\" allowfullscreen><\/iframe>\n<\/div><\/figure>\n\n\n\n<h2 class=\"wp-block-heading\" id=\"h-ubersetzer-fur-chinesische-dokumente\">\u00dcbersetzer f\u00fcr chinesische Dokumente<\/h2>\n\n\n\n<p>Wir \u00fcbersetzen chinesische Dokumente in jedem Dateiformat, einschlie\u00dflich PDF, MS Word, Powerpoint, Excel, Adobe InDesign und Framemaker. Wir \u00fcbersetzen chinesische PDF-Dateien ins Englische und in \u00fcber 60 weitere Sprachen. Wenn Sie zertifizierte Chinesisch-\u00dcbersetzer ben\u00f6tigen, k\u00f6nnen Sie sich auf GTS verlassen. Unser Qualit\u00e4tsmanagementsystem (QMS) ist nach der Norm ISO 17100:2015 zertifiziert.<\/p>\n\n\n\n<h2 class=\"wp-block-heading\" id=\"h-medizinische-chinesisch-ubersetzung\">Medizinische Chinesisch-\u00dcbersetzung<\/h2>\n\n\n\n<p>GTS bietet zertifizierte <a href=\"https:\/\/www.gts-translation.com\/de\/services\/medical_translation_services\/\">medizinische \u00dcbersetzungen<\/a> ins Chinesische f\u00fcr Pharmaunternehmen, Hersteller von medizinischen Ger\u00e4ten, biomedizinische Unternehmen und CROs. Dies umfasst:<\/p>\n\n\n\n<ul class=\"wp-block-list\">\n<li>Klinische Protokolle und Zusammenfassungen von Protokollen<\/li>\n\n\n\n<li>Einverst\u00e4ndniserkl\u00e4rungen<\/li>\n\n\n\n<li>Vereinbarungen \u00fcber klinische Studien<\/li>\n\n\n\n<li>Gebrauchsanweisungen f\u00fcr medizinische Ger\u00e4te<\/li>\n\n\n\n<li>Benutzerhandb\u00fccher f\u00fcr medizinische Software<\/li>\n\n\n\n<li>Etiketten f\u00fcr Studienmedikamente<\/li>\n\n\n\n<li>Fallberichtsformulare (CRF)<\/li>\n\n\n\n<li>Lokalisierung von medizinischer Software<\/li>\n<\/ul>\n\n\n\n<h2 class=\"wp-block-heading\" id=\"h-chinesische-technische-ubersetzung\">Chinesische technische \u00dcbersetzung<\/h2>\n\n\n\n<p>GTS bietet eine breite Palette an qualitativ hochwertigen <a href=\"https:\/\/www.gts-translation.com\/de\/services\/technische-uebersetzungsdienste\/\">technischen \u00dcbersetzungen<\/a> ins Chinesische, sowohl ins vereinfachte als auch ins traditionelle Chinesisch. Wir \u00fcbersetzen auch chinesische technische Dokumente ins Englische und in \u00fcber 60 andere Sprachen. Dazu geh\u00f6rt die technische \u00dcbersetzung von :<\/p>\n\n\n\n<ul class=\"wp-block-list\">\n<li>Handb\u00fcchern und Bedienungsanleitungen.<\/li>\n\n\n\n<li>RFP- und RFQ-Dokumente, Ausschreibungen und Angebote<\/li>\n\n\n\n<li>Materialhandhabungsdokumente, MSDS<\/li>\n\n\n\n<li>Technische Dokumente, technische Zeichnungen<\/li>\n\n\n\n<li>Datenbl\u00e4ttern und Webinhalten<\/li>\n<\/ul>\n\n\n\n<h2 class=\"wp-block-heading\" id=\"h-chinesische-rechtsubersetzung\">Chinesische Rechts\u00fcbersetzung<\/h2>\n\n\n\n<p>GTS bietet ein breites Spektrum an qualitativ hochwertigen chinesischen Rechts\u00fcbersetzungen f\u00fcr Unternehmen, die in China, Taiwan, Hongkong, Singapur und allen anderen L\u00e4ndern, in denen vereinfachtes und traditionelles Chinesisch verwendet wird, t\u00e4tig sind. Wir \u00fcbersetzen auch chinesische juristische Dokumente ins Deutsche und in \u00fcber 60 weitere Sprachen. Dazu geh\u00f6ren:<\/p>\n\n\n\n<ul class=\"wp-block-list\">\n<li>Vertr\u00e4ge<\/li>\n\n\n\n<li>Juristische Vereinbarungen<\/li>\n\n\n\n<li>Eidesstattliche Erkl\u00e4rungen<\/li>\n\n\n\n<li>Patente<\/li>\n\n\n\n<li>Gerichtsdokumente und Rechtsstreitigkeiten<\/li>\n<\/ul>\n\n\n\n<h2 class=\"wp-block-heading\" id=\"h-chinesische-geschaftsubersetzungen\">Chinesische Gesch\u00e4fts\u00fcbersetzungen<\/h2>\n\n\n\n<p>GTS bietet ein breites Spektrum an qualitativ hochwertigen chinesischen Gesch\u00e4fts- und Finanz\u00fcbersetzungen. Dies umfasst die chinesische \u00dcbersetzung von:<\/p>\n\n\n\n<ul class=\"wp-block-list\">\n<li>Jahresberichten<\/li>\n\n\n\n<li>Gesch\u00e4ftspl\u00e4nen<\/li>\n\n\n\n<li>Marketing-Brosch\u00fcren<\/li>\n\n\n\n<li>Gesch\u00e4ftsvorschl\u00e4gen<\/li>\n\n\n\n<li>Gesch\u00e4ftskorrespondenz<\/li>\n\n\n\n<li>Handb\u00fccher f\u00fcr Mitarbeiter<\/li>\n\n\n\n<li>Chinesische Website-\u00dcbersetzungsdienste<\/li>\n<\/ul>\n\n\n\n<p><strong>Chinesisch-Deutsche Texterweiterung<\/strong>: Bei der \u00dcbersetzung zwischen Chinesisch und Deutsch m\u00fcssen Sie mit etwa 1,5 chinesischen Zeichen pro deutschem Wort rechnen.<\/p>\n","protected":false},"excerpt":{"rendered":"<p>Beste Chinesisch-\u00dcbersetzungsdienste im Jahr 2026 GTS bietet qualitativ hochwertige, professionelle Englisch-Chinesisch-\u00dcbersetzungen mit einem gepr\u00fcften Team von muttersprachlichen Chinesisch-\u00dcbersetzern vor Ort. Wir \u00fcbersetzen Englisch in Mandarin-Chinesisch in vielen Bereichen, einschlie\u00dflich Technik, Medizin, Recht, Patente und IP-Dokumente, Software, Ingenieurwesen und Finanz\u00fcbersetzungen. Chinesisch-Deutsch-\u00dcbersetzung Wir bieten auch \u00dcbersetzungsdienste f\u00fcr Chinesisch-Englisch und \u00dcbersetzungen zwischen Chinesisch und \u00fcber 60 anderen Sprachen &#8230; <a title=\"Chinesische \u00dcbersetzungsdienste | \u00dcbersetzen ins Chinesische\" class=\"read-more\" href=\"https:\/\/www.gts-translation.com\/de\/languages\/chinese-translation-services\/\" aria-label=\"Mehr Informationen \u00fcber Chinesische \u00dcbersetzungsdienste | \u00dcbersetzen ins Chinesische\">Weiterlesen<\/a><\/p>\n","protected":false},"author":261,"featured_media":35032,"parent":12232,"menu_order":0,"comment_status":"open","ping_status":"closed","template":"templates\/landing-page.php","meta":{"_acf_changed":false,"inline_featured_image":false,"_monsterinsights_skip_tracking":false,"_monsterinsights_sitenote_active":false,"_monsterinsights_sitenote_note":"","_monsterinsights_sitenote_category":0,"footnotes":""},"class_list":["post-12238","page","type-page","status-publish","has-post-thumbnail"],"acf":[],"yoast_head":"<!-- This site is optimized with the Yoast SEO Premium plugin v24.2 (Yoast SEO v27.4) - https:\/\/yoast.com\/product\/yoast-seo-premium-wordpress\/ -->\n<title>Best Professional Chinese Translation Services at Great Prices!<\/title>\n<meta name=\"description\" content=\"GTS ist der beste chinesische \u00dcbersetzungsdienst im Jahr 2022. Holen Sie sich jetzt online ein sofortiges Preisangebot..\" \/>\n<meta name=\"robots\" content=\"index, follow, max-snippet:-1, max-image-preview:large, max-video-preview:-1\" \/>\n<link rel=\"canonical\" href=\"https:\/\/www.gts-translation.com\/de\/languages\/chinese-translation-services\/\" \/>\n<meta property=\"og:locale\" content=\"de_DE\" \/>\n<meta property=\"og:type\" content=\"article\" \/>\n<meta property=\"og:title\" content=\"Chinesische \u00dcbersetzungsdienste | \u00dcbersetzen ins Chinesische\" \/>\n<meta property=\"og:description\" content=\"GTS ist der beste chinesische \u00dcbersetzungsdienst im Jahr 2022. Holen Sie sich jetzt online ein sofortiges Preisangebot..\" \/>\n<meta property=\"og:url\" content=\"https:\/\/www.gts-translation.com\/de\/languages\/chinese-translation-services\/\" \/>\n<meta property=\"og:site_name\" content=\"GTS Translation Services\" \/>\n<meta property=\"article:publisher\" content=\"https:\/\/www.facebook.com\/GTS.Translation\/\" \/>\n<meta property=\"article:modified_time\" content=\"2025-01-06T07:17:16+00:00\" \/>\n<meta property=\"og:image\" content=\"https:\/\/www.gts-translation.com\/wp-content\/uploads\/2021\/10\/Chinese-Translation-Services.jpg\" \/>\n\t<meta property=\"og:image:width\" content=\"814\" \/>\n\t<meta property=\"og:image:height\" content=\"447\" \/>\n\t<meta property=\"og:image:type\" content=\"image\/jpeg\" \/>\n<meta name=\"twitter:card\" content=\"summary_large_image\" \/>\n<meta name=\"twitter:label1\" content=\"Gesch\u00e4tzte Lesezeit\" \/>\n\t<meta name=\"twitter:data1\" content=\"4\u00a0Minuten\" \/>\n<script type=\"application\/ld+json\" class=\"yoast-schema-graph\">{\"@context\":\"https:\\\/\\\/schema.org\",\"@graph\":[{\"@type\":\"WebPage\",\"@id\":\"https:\\\/\\\/www.gts-translation.com\\\/de\\\/languages\\\/chinese-translation-services\\\/\",\"url\":\"https:\\\/\\\/www.gts-translation.com\\\/de\\\/languages\\\/chinese-translation-services\\\/\",\"name\":\"Best Professional Chinese Translation Services at Great Prices!\",\"isPartOf\":{\"@id\":\"https:\\\/\\\/www.gts-translation.com\\\/de\\\/#website\"},\"primaryImageOfPage\":{\"@id\":\"https:\\\/\\\/www.gts-translation.com\\\/de\\\/languages\\\/chinese-translation-services\\\/#primaryimage\"},\"image\":{\"@id\":\"https:\\\/\\\/www.gts-translation.com\\\/de\\\/languages\\\/chinese-translation-services\\\/#primaryimage\"},\"thumbnailUrl\":\"https:\\\/\\\/www.gts-translation.com\\\/wp-content\\\/uploads\\\/2021\\\/10\\\/Chinese-Translation-Services.jpg\",\"datePublished\":\"2015-05-01T13:00:50+00:00\",\"dateModified\":\"2025-01-06T07:17:16+00:00\",\"description\":\"GTS ist der beste chinesische \u00dcbersetzungsdienst im Jahr 2022. Holen Sie sich jetzt online ein sofortiges Preisangebot..\",\"breadcrumb\":{\"@id\":\"https:\\\/\\\/www.gts-translation.com\\\/de\\\/languages\\\/chinese-translation-services\\\/#breadcrumb\"},\"inLanguage\":\"de\",\"potentialAction\":[{\"@type\":\"ReadAction\",\"target\":[\"https:\\\/\\\/www.gts-translation.com\\\/de\\\/languages\\\/chinese-translation-services\\\/\"]}]},{\"@type\":\"ImageObject\",\"inLanguage\":\"de\",\"@id\":\"https:\\\/\\\/www.gts-translation.com\\\/de\\\/languages\\\/chinese-translation-services\\\/#primaryimage\",\"url\":\"https:\\\/\\\/www.gts-translation.com\\\/wp-content\\\/uploads\\\/2021\\\/10\\\/Chinese-Translation-Services.jpg\",\"contentUrl\":\"https:\\\/\\\/www.gts-translation.com\\\/wp-content\\\/uploads\\\/2021\\\/10\\\/Chinese-Translation-Services.jpg\",\"width\":814,\"height\":447,\"caption\":\"Building in Beijing city in night time, Beijing, China, this photo can use for cityscape, chinese, urban, asia, city, and travel concept\"},{\"@type\":\"BreadcrumbList\",\"@id\":\"https:\\\/\\\/www.gts-translation.com\\\/de\\\/languages\\\/chinese-translation-services\\\/#breadcrumb\",\"itemListElement\":[{\"@type\":\"ListItem\",\"position\":1,\"name\":\"Home\",\"item\":\"https:\\\/\\\/www.gts-translation.com\\\/de\\\/\"},{\"@type\":\"ListItem\",\"position\":2,\"name\":\"Sprachen\",\"item\":\"https:\\\/\\\/www.gts-translation.com\\\/de\\\/languages\\\/\"},{\"@type\":\"ListItem\",\"position\":3,\"name\":\"Chinesische \u00dcbersetzungsdienste | \u00dcbersetzen ins Chinesische\"}]},{\"@type\":\"WebSite\",\"@id\":\"https:\\\/\\\/www.gts-translation.com\\\/de\\\/#website\",\"url\":\"https:\\\/\\\/www.gts-translation.com\\\/de\\\/\",\"name\":\"GTS Translation Services\",\"description\":\"Quality you can trust at prices you can&#039;t beat!\",\"publisher\":{\"@id\":\"https:\\\/\\\/www.gts-translation.com\\\/de\\\/#organization\"},\"potentialAction\":[{\"@type\":\"SearchAction\",\"target\":{\"@type\":\"EntryPoint\",\"urlTemplate\":\"https:\\\/\\\/www.gts-translation.com\\\/de\\\/?s={search_term_string}\"},\"query-input\":{\"@type\":\"PropertyValueSpecification\",\"valueRequired\":true,\"valueName\":\"search_term_string\"}}],\"inLanguage\":\"de\"},{\"@type\":\"Organization\",\"@id\":\"https:\\\/\\\/www.gts-translation.com\\\/de\\\/#organization\",\"name\":\"GTS Translation Services\",\"url\":\"https:\\\/\\\/www.gts-translation.com\\\/de\\\/\",\"logo\":{\"@type\":\"ImageObject\",\"inLanguage\":\"de\",\"@id\":\"https:\\\/\\\/www.gts-translation.com\\\/de\\\/#\\\/schema\\\/logo\\\/image\\\/\",\"url\":\"https:\\\/\\\/www.gts-translation.com\\\/wp-content\\\/uploads\\\/2023\\\/07\\\/gts-logo.png\",\"contentUrl\":\"https:\\\/\\\/www.gts-translation.com\\\/wp-content\\\/uploads\\\/2023\\\/07\\\/gts-logo.png\",\"width\":234,\"height\":80,\"caption\":\"GTS Translation Services\"},\"image\":{\"@id\":\"https:\\\/\\\/www.gts-translation.com\\\/de\\\/#\\\/schema\\\/logo\\\/image\\\/\"},\"sameAs\":[\"https:\\\/\\\/www.facebook.com\\\/GTS.Translation\\\/\"]}]}<\/script>\n<!-- \/ Yoast SEO Premium plugin. -->","yoast_head_json":{"title":"Best Professional Chinese Translation Services at Great Prices!","description":"GTS ist der beste chinesische \u00dcbersetzungsdienst im Jahr 2022. Holen Sie sich jetzt online ein sofortiges Preisangebot..","robots":{"index":"index","follow":"follow","max-snippet":"max-snippet:-1","max-image-preview":"max-image-preview:large","max-video-preview":"max-video-preview:-1"},"canonical":"https:\/\/www.gts-translation.com\/de\/languages\/chinese-translation-services\/","og_locale":"de_DE","og_type":"article","og_title":"Chinesische \u00dcbersetzungsdienste | \u00dcbersetzen ins Chinesische","og_description":"GTS ist der beste chinesische \u00dcbersetzungsdienst im Jahr 2022. Holen Sie sich jetzt online ein sofortiges Preisangebot..","og_url":"https:\/\/www.gts-translation.com\/de\/languages\/chinese-translation-services\/","og_site_name":"GTS Translation Services","article_publisher":"https:\/\/www.facebook.com\/GTS.Translation\/","article_modified_time":"2025-01-06T07:17:16+00:00","og_image":[{"width":814,"height":447,"url":"https:\/\/www.gts-translation.com\/wp-content\/uploads\/2021\/10\/Chinese-Translation-Services.jpg","type":"image\/jpeg"}],"twitter_card":"summary_large_image","twitter_misc":{"Gesch\u00e4tzte Lesezeit":"4\u00a0Minuten"},"schema":{"@context":"https:\/\/schema.org","@graph":[{"@type":"WebPage","@id":"https:\/\/www.gts-translation.com\/de\/languages\/chinese-translation-services\/","url":"https:\/\/www.gts-translation.com\/de\/languages\/chinese-translation-services\/","name":"Best Professional Chinese Translation Services at Great Prices!","isPartOf":{"@id":"https:\/\/www.gts-translation.com\/de\/#website"},"primaryImageOfPage":{"@id":"https:\/\/www.gts-translation.com\/de\/languages\/chinese-translation-services\/#primaryimage"},"image":{"@id":"https:\/\/www.gts-translation.com\/de\/languages\/chinese-translation-services\/#primaryimage"},"thumbnailUrl":"https:\/\/www.gts-translation.com\/wp-content\/uploads\/2021\/10\/Chinese-Translation-Services.jpg","datePublished":"2015-05-01T13:00:50+00:00","dateModified":"2025-01-06T07:17:16+00:00","description":"GTS ist der beste chinesische \u00dcbersetzungsdienst im Jahr 2022. Holen Sie sich jetzt online ein sofortiges Preisangebot..","breadcrumb":{"@id":"https:\/\/www.gts-translation.com\/de\/languages\/chinese-translation-services\/#breadcrumb"},"inLanguage":"de","potentialAction":[{"@type":"ReadAction","target":["https:\/\/www.gts-translation.com\/de\/languages\/chinese-translation-services\/"]}]},{"@type":"ImageObject","inLanguage":"de","@id":"https:\/\/www.gts-translation.com\/de\/languages\/chinese-translation-services\/#primaryimage","url":"https:\/\/www.gts-translation.com\/wp-content\/uploads\/2021\/10\/Chinese-Translation-Services.jpg","contentUrl":"https:\/\/www.gts-translation.com\/wp-content\/uploads\/2021\/10\/Chinese-Translation-Services.jpg","width":814,"height":447,"caption":"Building in Beijing city in night time, Beijing, China, this photo can use for cityscape, chinese, urban, asia, city, and travel concept"},{"@type":"BreadcrumbList","@id":"https:\/\/www.gts-translation.com\/de\/languages\/chinese-translation-services\/#breadcrumb","itemListElement":[{"@type":"ListItem","position":1,"name":"Home","item":"https:\/\/www.gts-translation.com\/de\/"},{"@type":"ListItem","position":2,"name":"Sprachen","item":"https:\/\/www.gts-translation.com\/de\/languages\/"},{"@type":"ListItem","position":3,"name":"Chinesische \u00dcbersetzungsdienste | \u00dcbersetzen ins Chinesische"}]},{"@type":"WebSite","@id":"https:\/\/www.gts-translation.com\/de\/#website","url":"https:\/\/www.gts-translation.com\/de\/","name":"GTS Translation Services","description":"Quality you can trust at prices you can&#039;t beat!","publisher":{"@id":"https:\/\/www.gts-translation.com\/de\/#organization"},"potentialAction":[{"@type":"SearchAction","target":{"@type":"EntryPoint","urlTemplate":"https:\/\/www.gts-translation.com\/de\/?s={search_term_string}"},"query-input":{"@type":"PropertyValueSpecification","valueRequired":true,"valueName":"search_term_string"}}],"inLanguage":"de"},{"@type":"Organization","@id":"https:\/\/www.gts-translation.com\/de\/#organization","name":"GTS Translation Services","url":"https:\/\/www.gts-translation.com\/de\/","logo":{"@type":"ImageObject","inLanguage":"de","@id":"https:\/\/www.gts-translation.com\/de\/#\/schema\/logo\/image\/","url":"https:\/\/www.gts-translation.com\/wp-content\/uploads\/2023\/07\/gts-logo.png","contentUrl":"https:\/\/www.gts-translation.com\/wp-content\/uploads\/2023\/07\/gts-logo.png","width":234,"height":80,"caption":"GTS Translation Services"},"image":{"@id":"https:\/\/www.gts-translation.com\/de\/#\/schema\/logo\/image\/"},"sameAs":["https:\/\/www.facebook.com\/GTS.Translation\/"]}]}},"_links":{"self":[{"href":"https:\/\/www.gts-translation.com\/de\/wp-json\/wp\/v2\/pages\/12238","targetHints":{"allow":["GET"]}}],"collection":[{"href":"https:\/\/www.gts-translation.com\/de\/wp-json\/wp\/v2\/pages"}],"about":[{"href":"https:\/\/www.gts-translation.com\/de\/wp-json\/wp\/v2\/types\/page"}],"author":[{"embeddable":true,"href":"https:\/\/www.gts-translation.com\/de\/wp-json\/wp\/v2\/users\/261"}],"replies":[{"embeddable":true,"href":"https:\/\/www.gts-translation.com\/de\/wp-json\/wp\/v2\/comments?post=12238"}],"version-history":[{"count":3,"href":"https:\/\/www.gts-translation.com\/de\/wp-json\/wp\/v2\/pages\/12238\/revisions"}],"predecessor-version":[{"id":62477,"href":"https:\/\/www.gts-translation.com\/de\/wp-json\/wp\/v2\/pages\/12238\/revisions\/62477"}],"up":[{"embeddable":true,"href":"https:\/\/www.gts-translation.com\/de\/wp-json\/wp\/v2\/pages\/12232"}],"wp:featuredmedia":[{"embeddable":true,"href":"https:\/\/www.gts-translation.com\/de\/wp-json\/wp\/v2\/media\/35032"}],"wp:attachment":[{"href":"https:\/\/www.gts-translation.com\/de\/wp-json\/wp\/v2\/media?parent=12238"}],"curies":[{"name":"wp","href":"https:\/\/api.w.org\/{rel}","templated":true}]}}