{"id":12240,"date":"2015-05-01T13:13:31","date_gmt":"2015-05-01T13:13:31","guid":{"rendered":"https:\/\/www.gts-translation.com\/languages\/french\/"},"modified":"2025-05-25T07:50:56","modified_gmt":"2025-05-25T07:50:56","slug":"french-translation-services","status":"publish","type":"page","link":"https:\/\/www.gts-translation.com\/de\/languages\/french-translation-services\/","title":{"rendered":"Franz\u00f6sische \u00dcbersetzungsdienste"},"content":{"rendered":"<p><!-- Hero Section with CTA for French Translation Services (German Page) --><\/p>\n<div style=\"background-color: #f5f7fa; padding: 40px 20px; text-align: center; border-radius: 8px; margin-bottom: 30px;\">\n<h1 style=\"font-size: 32px; margin-bottom: 10px;\">Professionelle Franz\u00f6sisch-\u00dcbersetzungen<\/h1>\n<p style=\"font-size: 18px; max-width: 800px; margin: 0 auto 20px;\">GTS bietet zertifizierte \u00dcbersetzungen zwischen Franz\u00f6sisch und Deutsch \u2013 durch erfahrene Muttersprachler mit Fachwissen in Recht, Medizin, Technik und Wirtschaft. Zuverl\u00e4ssig, pr\u00e4zise und gem\u00e4\u00df ISO 17100 zertifiziert.<\/p>\n<p><a style=\"background-color: #0073e6; color: #fff; padding: 14px 28px; font-size: 18px; border-radius: 6px; text-decoration: none; display: inline-block; box-shadow: 0 4px 6px rgba(0,0,0,0.1); transition: background-color 0.3s;\" href=\"#quote-form\"><br \/>\n\ud83d\udcc4 Jetzt Sofortangebot anfordern<br \/>\n<\/a><\/p>\n<p style=\"font-size: 14px; color: #666; margin-top: 12px;\">ISO 17100 zertifiziert | Franz\u00f6sisch \u2194 Deutsch | Schnelle &amp; vertrauliche Lieferung<\/p>\n<\/div>\n\n<p>&nbsp;<\/p>\n<h2>Beste professionelle Franz\u00f6sisch-\u00dcbersetzungsdienste<\/h2>\n<p>GTS Translation hat nachweislich Erfahrung in der Bereitstellung pr\u00e4ziser, qualitativ hochwertiger Deutsch-Franz\u00f6sisch-\u00dcbersetzungsdienste. Unsere Preise f\u00fcr Franz\u00f6sisch-\u00dcbersetzungen sind sehr g\u00fcnstig und wettbewerbsf\u00e4hig:<\/p>\n<h2>Warum sollten Sie GTS f\u00fcr Ihre Franz\u00f6sisch-\u00dcbersetzungen w\u00e4hlen?<\/h2>\n<p><img decoding=\"async\" class=\"aligncenter wp-image-23547 size-full\" src=\"https:\/\/www.gts-translation.com\/wp-content\/uploads\/2020\/02\/major-review-1.png\" alt=\"English French Translation\" width=\"100%\" srcset=\"https:\/\/www.gts-translation.com\/wp-content\/uploads\/2020\/02\/major-review-1.png 982w, https:\/\/www.gts-translation.com\/wp-content\/uploads\/2020\/02\/major-review-1-300x57.png 300w, https:\/\/www.gts-translation.com\/wp-content\/uploads\/2020\/02\/major-review-1-768x147.png 768w\" sizes=\"(max-width: 982px) 100vw, 982px\" \/><\/p>\n<p>GTS liefert qualitativ hochwertige, professionelle Deutsch-Franz\u00f6sisch-\u00dcbersetzungen mit einem gepr\u00fcften Team von muttersprachlichen Franz\u00f6sisch-\u00dcbersetzern. Wir sind der beste Anbieter von Deutsch-Franz\u00f6sisch-\u00dcbersetzungen in der Branche. Wir haben nachweislich Erfahrung in der Lieferung von qualitativ hochwertigen professionellen Franz\u00f6sisch-\u00dcbersetzungen.<\/p>\n<p>Einige der gr\u00f6\u00dften Unternehmen der Welt haben sich f\u00fcr GTS als ihr Franz\u00f6sisch-\u00dcbersetzungsb\u00fcro entschieden. Zu unseren Kunden geh\u00f6ren: Hitachi, Siemens, Sunoco, Electrolux, Mitsubishi Motors, Sparkasse Bank, Mapfre Asistencia, Universit\u00e4t Bonn, Deloitte und BASF.<\/p>\n<figure id=\"attachment_24466\" aria-describedby=\"caption-attachment-24466\" style=\"width: 380px\" class=\"wp-caption alignleft\"><a href=\"https:\/\/www.gts-translation.com\/wp-content\/uploads\/2018\/05\/French-Translation-Services.jpg\"><img decoding=\"async\" class=\"wp-image-24466 \" title=\"Best French Translation Services\" src=\"https:\/\/www.gts-translation.com\/wp-content\/uploads\/2020\/03\/81473827_s-300x200.jpg\" alt=\"Best French Translation services\" width=\"390\" height=\"260\" srcset=\"https:\/\/www.gts-translation.com\/wp-content\/uploads\/2020\/03\/81473827_s-300x200.jpg 300w, https:\/\/www.gts-translation.com\/wp-content\/uploads\/2020\/03\/81473827_s-768x512.jpg 768w, https:\/\/www.gts-translation.com\/wp-content\/uploads\/2020\/03\/81473827_s.jpg 847w\" sizes=\"(max-width: 390px) 100vw, 390px\" \/><\/a><figcaption id=\"caption-attachment-24466\" class=\"wp-caption-text\">GTS zeichnet sich durch die schnelle Lieferung von qualitativ hochwertigen Franz\u00f6sisch-\u00dcbersetzungen aus. Fordern Sie jetzt ein Online-Angebot an!<\/figcaption><\/figure>\n<p>Wir \u00fcbersetzen Dokumente vom Franz\u00f6sischen ins Deutsche, vom Deutschen ins Franz\u00f6sische und vom Franz\u00f6sischen in \u00fcber 80 andere Sprachen. Wir bieten auch franz\u00f6sisch-kanadische \u00dcbersetzungsdienste an, wenn Ihr Zielland Kanada ist.<\/p>\n<h2>\u00dcbersetzung franz\u00f6sischer Dokumente<\/h2>\n<p>Wir \u00fcbersetzen franz\u00f6sische Dokumente in jedem Dateiformat, einschlie\u00dflich PDF, MS Word, Powerpoint, Excel, Adobe InDesign und Framemaker. Wenn Sie exzellente Qualit\u00e4t in den Bereichen Englisch-Franz\u00f6sisch und Franz\u00f6sisch-Englisch suchen, sind Sie bei GTS an der richtigen Adresse.<\/p>\n<h2>Branchenerfahrung<\/h2>\n<p>Die \u00dcbersetzer unseres franz\u00f6sischen \u00dcbersetzungsb\u00fcros werden sorgf\u00e4ltig auf ihre Branchenerfahrung hin \u00fcberpr\u00fcft. Wir \u00fcbersetzen Texte aus dem Englischen ins Franz\u00f6sische und aus dem Franz\u00f6sischen ins Englische in allen Bereichen. Dazu geh\u00f6ren Technik, Medizin, Recht, Patente, Software, Technik und Finanzen. Wir bieten die Lokalisierung von Softwareprodukten und die \u00dcbersetzung von Websites ins Franz\u00f6sische an.<\/p>\n<h2>Zertifizierte Franz\u00f6sisch-\u00dcbersetzer<\/h2>\n<p>GTS ist ein zertifiziertes \u00dcbersetzungsb\u00fcro f\u00fcr Franz\u00f6sisch. Unser Qualit\u00e4tsmanagementsystem wird j\u00e4hrlich von einer zugelassenen Zertifizierungsstelle gepr\u00fcft und entspricht der Norm ISO 17100:2015. GTS bietet zertifizierte Franz\u00f6sisch-\u00dcbersetzungen f\u00fcr medizinische, technische und juristische Dokumente.<\/p>\n<h3><img decoding=\"async\" class=\"alignright wp-image-2628\" title=\"translate English to French\" src=\"https:\/\/www.gts-translation.com\/wp-content\/uploads\/2012\/05\/french.jpeg\" alt=\"translate English to French\" width=\"216\" height=\"135\" \/>\u00dcber die franz\u00f6sische \u00dcbersetzung<\/h3>\n<p>Franz\u00f6sisch ist eine der <a href=\"https:\/\/www.un.org\/depts\/german\/de\/werwirsind.html\">Amtssprachen der Vereinten Nationen<\/a>, und die meisten UN-Dokumente werden auf Franz\u00f6sisch herausgegeben. Die Reden der UN-Delegierten werden simultan ins Franz\u00f6sische gedolmetscht. Franz\u00f6sisch ist auch eine der Amtssprachen des Europ\u00e4ischen Patentamts (EPA). Patentanmeldungen k\u00f6nnen in franz\u00f6sischer Sprache eingereicht werden. Wenn die Patentanmeldung in einer anderen Sprache eingereicht wird, muss die Zusammenfassung ins Franz\u00f6sische \u00fcbersetzt werden.<\/p>\n<p>Franz\u00f6sisch wird in vielen L\u00e4ndern gesprochen, darunter Frankreich, Belgien, die Schweiz und verschiedene afrikanische L\u00e4nder. Es ist auch die offizielle Sprache in Quebec, Kanada. Bevor Sie eine franz\u00f6sische \u00dcbersetzung in Auftrag geben, sollten Sie feststellen, f\u00fcr welches Land die \u00dcbersetzung bestimmt ist, da es Unterschiede im Sprachgebrauch gibt. Das kanadische Franz\u00f6sisch unterscheidet sich zum Beispiel erheblich vom europ\u00e4ischen Franz\u00f6sisch.<\/p>\n<h3>Franz\u00f6sisch-W\u00f6rterb\u00fccher und \u00dcbersetzungsspeicher<\/h3>\n<p>Mit einem Bestand von Millionen von W\u00f6rtern in der \u00dcbersetzung Englisch-Franz\u00f6sisch und Franz\u00f6sisch-Englisch verf\u00fcgen wir \u00fcber umfangreiche Bibliotheken mit franz\u00f6sischer Terminologie in vielen Bereichen. Unser Einsatz von Translation-Memory-Software gew\u00e4hrleistet, dass Ihre Arbeit auf h\u00f6chstem Niveau, konsistent und kosteneffizient durchgef\u00fchrt wird.<\/p>\n<p>Wenn Sie ein gutes Online-Franz\u00f6sisch-W\u00f6rterbuch und Englisch-Franz\u00f6sisch-Online-W\u00f6rterbuch suchen, k\u00f6nnen wir Ihnen Larousse empfehlen. Reverso ist eine der beliebtesten Online-Ressourcen f\u00fcr die franz\u00f6sische Sprache. Eine weitere hervorragende Online-Ressource f\u00fcr \u00dcbersetzer ist bab.la, die Beispiele f\u00fcr Englisch-Franz\u00f6sisch-\u00dcbersetzungen von anderen Websites aus der ganzen Welt bietet.<\/p>\n<h3 class=\"md-heading\">Medizinische \u00dcbersetzung auf Franz\u00f6sisch<\/h3>\n<div class=\"md-text-block\">\n<p>GTS bietet zertifizierte medizinische \u00dcbersetzungen ins Franz\u00f6sische f\u00fcr Pharmaunternehmen, Hersteller von medizinischen Ger\u00e4ten, biomedizinische Unternehmen und CROs. Dies umfasst:<\/p>\n<ul>\n<li>Klinische Protokolle und Zusammenfassungen von Protokollen<\/li>\n<li>Einverst\u00e4ndniserkl\u00e4rungen<\/li>\n<li>Vereinbarungen \u00fcber klinische Pr\u00fcfungen<\/li>\n<li>Gebrauchsanweisungen f\u00fcr Medizinprodukte<\/li>\n<li>Benutzerhandb\u00fccher f\u00fcr medizinische Software<\/li>\n<li>Etiketten f\u00fcr Studienmedikamente<\/li>\n<li>Fallberichtsformulare (CRF)<\/li>\n<li>Lokalisierung von medizinischer Software<\/li>\n<li>Medizinische Berichte<\/li>\n<\/ul>\n<h3 class=\"md-heading\">Technische \u00dcbersetzung Franz\u00f6sisch<\/h3>\n<div class=\"md-text-block\">\n<p>GTS bietet eine breite Palette an qualitativ hochwertigen technischen Franz\u00f6sisch-\u00dcbersetzungen f\u00fcr Kunden in aller Welt. Dazu geh\u00f6rt die franz\u00f6sische technische \u00dcbersetzung von:<\/p>\n<ul>\n<li>Technische Handb\u00fccher und Bedienungsanleitungen.<\/li>\n<li>RFP- und RFQ-Dokumente, Ausschreibungen und Angebote<\/li>\n<li>Sicherheitsdatenblatt<\/li>\n<li>Technische Dokumente, technische Zeichnungen<\/li>\n<li>Datenbl\u00e4tter und Webinhalte<\/li>\n<\/ul>\n<\/div>\n<\/div>\n<h3 class=\"md-heading\">Juristische \u00dcbersetzung Franz\u00f6sisch<\/h3>\n<div class=\"md-text-block\">\n<p>GTS bietet eine breite Palette hochwertiger franz\u00f6sischer juristischer \u00dcbersetzungsdienste f\u00fcr international t\u00e4tige Unternehmen. Dazu geh\u00f6ren beglaubigte und beeidigte \u00dcbersetzungen f\u00fcr verschiedene europ\u00e4ische L\u00e4nder wie Frankreich, Belgien und die Schweiz. Wir \u00fcbersetzen auch franz\u00f6sische Dokumente ins Englische. Dies umfasst:<\/p>\n<ul>\n<li>Vertr\u00e4ge<\/li>\n<li>Juristische Vereinbarungen<\/li>\n<li>Eidesstattliche Versicherungen<\/li>\n<li>Patente<\/li>\n<li>Gerichts- und Prozessdokumente<\/li>\n<li>ScheidungsdokumenteDivorce decrees<\/li>\n<\/ul>\n<h3 class=\"md-heading\">Franz\u00f6sisch Business \u00dcbersetzung<\/h3>\n<div class=\"md-text-block\">\n<p>GTS bietet ein breites Spektrum an qualitativ hochwertigen franz\u00f6sischen Gesch\u00e4fts\u00fcbersetzungen f\u00fcr internationale Unternehmen. Dies umfasst:<\/p>\n<ul>\n<li>Gesch\u00e4ftspl\u00e4ne<\/li>\n<li>Produktkataloge<\/li>\n<li>Brosch\u00fcren<\/li>\n<li>Finanzberichte<\/li>\n<\/ul>\n<h3>\u00dcbersetzung der franz\u00f6sischen Website<\/h3>\n<p>Sie k\u00f6nnen unser kostenloses \u00dcbersetzungstool verwenden, um Texte in die franz\u00f6sische Sprache zu \u00fcbersetzen. Sie k\u00f6nnen unseren Webseiten-\u00dcbersetzer f\u00fcr die professionelle \u00dcbersetzung von Webseiten ins Franz\u00f6sische verwenden.<\/p>\n<\/div>\n<h4><\/h4>\n<\/div>\n","protected":false},"excerpt":{"rendered":"<p>Professionelle Franz\u00f6sisch-\u00dcbersetzungen GTS bietet zertifizierte \u00dcbersetzungen zwischen Franz\u00f6sisch und Deutsch \u2013 durch erfahrene Muttersprachler mit Fachwissen in Recht, Medizin, Technik und Wirtschaft. Zuverl\u00e4ssig, pr\u00e4zise und gem\u00e4\u00df ISO 17100 zertifiziert. \ud83d\udcc4 Jetzt Sofortangebot anfordern ISO 17100 zertifiziert | Franz\u00f6sisch \u2194 Deutsch | Schnelle &amp; vertrauliche Lieferung &nbsp; Beste professionelle Franz\u00f6sisch-\u00dcbersetzungsdienste GTS Translation hat nachweislich Erfahrung in &#8230; <a title=\"Franz\u00f6sische \u00dcbersetzungsdienste\" class=\"read-more\" href=\"https:\/\/www.gts-translation.com\/de\/languages\/french-translation-services\/\" aria-label=\"Mehr Informationen \u00fcber Franz\u00f6sische \u00dcbersetzungsdienste\">Weiterlesen<\/a><\/p>\n","protected":false},"author":261,"featured_media":35302,"parent":12232,"menu_order":0,"comment_status":"open","ping_status":"closed","template":"templates\/landing-page.php","meta":{"_acf_changed":false,"inline_featured_image":false,"_monsterinsights_skip_tracking":false,"_monsterinsights_sitenote_active":false,"_monsterinsights_sitenote_note":"","_monsterinsights_sitenote_category":0,"footnotes":""},"class_list":["post-12240","page","type-page","status-publish","has-post-thumbnail"],"acf":[],"yoast_head":"<!-- This site is optimized with the Yoast SEO Premium plugin v24.2 (Yoast SEO v27.4) - https:\/\/yoast.com\/product\/yoast-seo-premium-wordpress\/ -->\n<title>Franz\u00f6sische \u00dcbersetzungsdienste<\/title>\n<meta name=\"description\" content=\"GTS bietet exzellente Franz\u00f6sisch-\u00dcbersetzungsdienste zu 0,12 \u20ac pro Wort. Klicken Sie hier, um jetzt ein sofortiges Online-Preisangebot zu erhalten.\" \/>\n<meta name=\"robots\" content=\"index, follow, max-snippet:-1, max-image-preview:large, max-video-preview:-1\" \/>\n<link rel=\"canonical\" href=\"https:\/\/www.gts-translation.com\/de\/languages\/french-translation-services\/\" \/>\n<meta property=\"og:locale\" content=\"de_DE\" \/>\n<meta property=\"og:type\" content=\"article\" \/>\n<meta property=\"og:title\" content=\"Franz\u00f6sische \u00dcbersetzungsdienste\" \/>\n<meta property=\"og:description\" content=\"GTS bietet exzellente Franz\u00f6sisch-\u00dcbersetzungsdienste zu 0,12 \u20ac pro Wort. Klicken Sie hier, um jetzt ein sofortiges Online-Preisangebot zu erhalten.\" \/>\n<meta property=\"og:url\" content=\"https:\/\/www.gts-translation.com\/de\/languages\/french-translation-services\/\" \/>\n<meta property=\"og:site_name\" content=\"GTS Translation Services\" \/>\n<meta property=\"article:publisher\" content=\"https:\/\/www.facebook.com\/GTS.Translation\/\" \/>\n<meta property=\"article:modified_time\" content=\"2025-05-25T07:50:56+00:00\" \/>\n<meta property=\"og:image\" content=\"https:\/\/www.gts-translation.com\/wp-content\/uploads\/2021\/10\/French-Translation-Service-1.jpg\" \/>\n\t<meta property=\"og:image:width\" content=\"847\" \/>\n\t<meta property=\"og:image:height\" content=\"565\" \/>\n\t<meta property=\"og:image:type\" content=\"image\/jpeg\" \/>\n<meta name=\"twitter:card\" content=\"summary_large_image\" \/>\n<meta name=\"twitter:label1\" content=\"Gesch\u00e4tzte Lesezeit\" \/>\n\t<meta name=\"twitter:data1\" content=\"5\u00a0Minuten\" \/>\n<script type=\"application\/ld+json\" class=\"yoast-schema-graph\">{\"@context\":\"https:\\\/\\\/schema.org\",\"@graph\":[{\"@type\":\"WebPage\",\"@id\":\"https:\\\/\\\/www.gts-translation.com\\\/de\\\/languages\\\/french-translation-services\\\/\",\"url\":\"https:\\\/\\\/www.gts-translation.com\\\/de\\\/languages\\\/french-translation-services\\\/\",\"name\":\"Franz\u00f6sische \u00dcbersetzungsdienste\",\"isPartOf\":{\"@id\":\"https:\\\/\\\/www.gts-translation.com\\\/de\\\/#website\"},\"primaryImageOfPage\":{\"@id\":\"https:\\\/\\\/www.gts-translation.com\\\/de\\\/languages\\\/french-translation-services\\\/#primaryimage\"},\"image\":{\"@id\":\"https:\\\/\\\/www.gts-translation.com\\\/de\\\/languages\\\/french-translation-services\\\/#primaryimage\"},\"thumbnailUrl\":\"https:\\\/\\\/www.gts-translation.com\\\/wp-content\\\/uploads\\\/2021\\\/10\\\/French-Translation-Service-1.jpg\",\"datePublished\":\"2015-05-01T13:13:31+00:00\",\"dateModified\":\"2025-05-25T07:50:56+00:00\",\"description\":\"GTS bietet exzellente Franz\u00f6sisch-\u00dcbersetzungsdienste zu 0,12 \u20ac pro Wort. Klicken Sie hier, um jetzt ein sofortiges Online-Preisangebot zu erhalten.\",\"breadcrumb\":{\"@id\":\"https:\\\/\\\/www.gts-translation.com\\\/de\\\/languages\\\/french-translation-services\\\/#breadcrumb\"},\"inLanguage\":\"de\",\"potentialAction\":[{\"@type\":\"ReadAction\",\"target\":[\"https:\\\/\\\/www.gts-translation.com\\\/de\\\/languages\\\/french-translation-services\\\/\"]}]},{\"@type\":\"ImageObject\",\"inLanguage\":\"de\",\"@id\":\"https:\\\/\\\/www.gts-translation.com\\\/de\\\/languages\\\/french-translation-services\\\/#primaryimage\",\"url\":\"https:\\\/\\\/www.gts-translation.com\\\/wp-content\\\/uploads\\\/2021\\\/10\\\/French-Translation-Service-1.jpg\",\"contentUrl\":\"https:\\\/\\\/www.gts-translation.com\\\/wp-content\\\/uploads\\\/2021\\\/10\\\/French-Translation-Service-1.jpg\",\"width\":847,\"height\":565,\"caption\":\"cityscape of Paris with eiffel tower at sunset, France\"},{\"@type\":\"BreadcrumbList\",\"@id\":\"https:\\\/\\\/www.gts-translation.com\\\/de\\\/languages\\\/french-translation-services\\\/#breadcrumb\",\"itemListElement\":[{\"@type\":\"ListItem\",\"position\":1,\"name\":\"Home\",\"item\":\"https:\\\/\\\/www.gts-translation.com\\\/de\\\/\"},{\"@type\":\"ListItem\",\"position\":2,\"name\":\"Sprachen\",\"item\":\"https:\\\/\\\/www.gts-translation.com\\\/de\\\/languages\\\/\"},{\"@type\":\"ListItem\",\"position\":3,\"name\":\"Franz\u00f6sische \u00dcbersetzungsdienste\"}]},{\"@type\":\"WebSite\",\"@id\":\"https:\\\/\\\/www.gts-translation.com\\\/de\\\/#website\",\"url\":\"https:\\\/\\\/www.gts-translation.com\\\/de\\\/\",\"name\":\"GTS Translation Services\",\"description\":\"Quality you can trust at prices you can&#039;t beat!\",\"publisher\":{\"@id\":\"https:\\\/\\\/www.gts-translation.com\\\/de\\\/#organization\"},\"potentialAction\":[{\"@type\":\"SearchAction\",\"target\":{\"@type\":\"EntryPoint\",\"urlTemplate\":\"https:\\\/\\\/www.gts-translation.com\\\/de\\\/?s={search_term_string}\"},\"query-input\":{\"@type\":\"PropertyValueSpecification\",\"valueRequired\":true,\"valueName\":\"search_term_string\"}}],\"inLanguage\":\"de\"},{\"@type\":\"Organization\",\"@id\":\"https:\\\/\\\/www.gts-translation.com\\\/de\\\/#organization\",\"name\":\"GTS Translation Services\",\"url\":\"https:\\\/\\\/www.gts-translation.com\\\/de\\\/\",\"logo\":{\"@type\":\"ImageObject\",\"inLanguage\":\"de\",\"@id\":\"https:\\\/\\\/www.gts-translation.com\\\/de\\\/#\\\/schema\\\/logo\\\/image\\\/\",\"url\":\"https:\\\/\\\/www.gts-translation.com\\\/wp-content\\\/uploads\\\/2023\\\/07\\\/gts-logo.png\",\"contentUrl\":\"https:\\\/\\\/www.gts-translation.com\\\/wp-content\\\/uploads\\\/2023\\\/07\\\/gts-logo.png\",\"width\":234,\"height\":80,\"caption\":\"GTS Translation Services\"},\"image\":{\"@id\":\"https:\\\/\\\/www.gts-translation.com\\\/de\\\/#\\\/schema\\\/logo\\\/image\\\/\"},\"sameAs\":[\"https:\\\/\\\/www.facebook.com\\\/GTS.Translation\\\/\"]}]}<\/script>\n<!-- \/ Yoast SEO Premium plugin. -->","yoast_head_json":{"title":"Franz\u00f6sische \u00dcbersetzungsdienste","description":"GTS bietet exzellente Franz\u00f6sisch-\u00dcbersetzungsdienste zu 0,12 \u20ac pro Wort. Klicken Sie hier, um jetzt ein sofortiges Online-Preisangebot zu erhalten.","robots":{"index":"index","follow":"follow","max-snippet":"max-snippet:-1","max-image-preview":"max-image-preview:large","max-video-preview":"max-video-preview:-1"},"canonical":"https:\/\/www.gts-translation.com\/de\/languages\/french-translation-services\/","og_locale":"de_DE","og_type":"article","og_title":"Franz\u00f6sische \u00dcbersetzungsdienste","og_description":"GTS bietet exzellente Franz\u00f6sisch-\u00dcbersetzungsdienste zu 0,12 \u20ac pro Wort. Klicken Sie hier, um jetzt ein sofortiges Online-Preisangebot zu erhalten.","og_url":"https:\/\/www.gts-translation.com\/de\/languages\/french-translation-services\/","og_site_name":"GTS Translation Services","article_publisher":"https:\/\/www.facebook.com\/GTS.Translation\/","article_modified_time":"2025-05-25T07:50:56+00:00","og_image":[{"width":847,"height":565,"url":"https:\/\/www.gts-translation.com\/wp-content\/uploads\/2021\/10\/French-Translation-Service-1.jpg","type":"image\/jpeg"}],"twitter_card":"summary_large_image","twitter_misc":{"Gesch\u00e4tzte Lesezeit":"5\u00a0Minuten"},"schema":{"@context":"https:\/\/schema.org","@graph":[{"@type":"WebPage","@id":"https:\/\/www.gts-translation.com\/de\/languages\/french-translation-services\/","url":"https:\/\/www.gts-translation.com\/de\/languages\/french-translation-services\/","name":"Franz\u00f6sische \u00dcbersetzungsdienste","isPartOf":{"@id":"https:\/\/www.gts-translation.com\/de\/#website"},"primaryImageOfPage":{"@id":"https:\/\/www.gts-translation.com\/de\/languages\/french-translation-services\/#primaryimage"},"image":{"@id":"https:\/\/www.gts-translation.com\/de\/languages\/french-translation-services\/#primaryimage"},"thumbnailUrl":"https:\/\/www.gts-translation.com\/wp-content\/uploads\/2021\/10\/French-Translation-Service-1.jpg","datePublished":"2015-05-01T13:13:31+00:00","dateModified":"2025-05-25T07:50:56+00:00","description":"GTS bietet exzellente Franz\u00f6sisch-\u00dcbersetzungsdienste zu 0,12 \u20ac pro Wort. Klicken Sie hier, um jetzt ein sofortiges Online-Preisangebot zu erhalten.","breadcrumb":{"@id":"https:\/\/www.gts-translation.com\/de\/languages\/french-translation-services\/#breadcrumb"},"inLanguage":"de","potentialAction":[{"@type":"ReadAction","target":["https:\/\/www.gts-translation.com\/de\/languages\/french-translation-services\/"]}]},{"@type":"ImageObject","inLanguage":"de","@id":"https:\/\/www.gts-translation.com\/de\/languages\/french-translation-services\/#primaryimage","url":"https:\/\/www.gts-translation.com\/wp-content\/uploads\/2021\/10\/French-Translation-Service-1.jpg","contentUrl":"https:\/\/www.gts-translation.com\/wp-content\/uploads\/2021\/10\/French-Translation-Service-1.jpg","width":847,"height":565,"caption":"cityscape of Paris with eiffel tower at sunset, France"},{"@type":"BreadcrumbList","@id":"https:\/\/www.gts-translation.com\/de\/languages\/french-translation-services\/#breadcrumb","itemListElement":[{"@type":"ListItem","position":1,"name":"Home","item":"https:\/\/www.gts-translation.com\/de\/"},{"@type":"ListItem","position":2,"name":"Sprachen","item":"https:\/\/www.gts-translation.com\/de\/languages\/"},{"@type":"ListItem","position":3,"name":"Franz\u00f6sische \u00dcbersetzungsdienste"}]},{"@type":"WebSite","@id":"https:\/\/www.gts-translation.com\/de\/#website","url":"https:\/\/www.gts-translation.com\/de\/","name":"GTS Translation Services","description":"Quality you can trust at prices you can&#039;t beat!","publisher":{"@id":"https:\/\/www.gts-translation.com\/de\/#organization"},"potentialAction":[{"@type":"SearchAction","target":{"@type":"EntryPoint","urlTemplate":"https:\/\/www.gts-translation.com\/de\/?s={search_term_string}"},"query-input":{"@type":"PropertyValueSpecification","valueRequired":true,"valueName":"search_term_string"}}],"inLanguage":"de"},{"@type":"Organization","@id":"https:\/\/www.gts-translation.com\/de\/#organization","name":"GTS Translation Services","url":"https:\/\/www.gts-translation.com\/de\/","logo":{"@type":"ImageObject","inLanguage":"de","@id":"https:\/\/www.gts-translation.com\/de\/#\/schema\/logo\/image\/","url":"https:\/\/www.gts-translation.com\/wp-content\/uploads\/2023\/07\/gts-logo.png","contentUrl":"https:\/\/www.gts-translation.com\/wp-content\/uploads\/2023\/07\/gts-logo.png","width":234,"height":80,"caption":"GTS Translation Services"},"image":{"@id":"https:\/\/www.gts-translation.com\/de\/#\/schema\/logo\/image\/"},"sameAs":["https:\/\/www.facebook.com\/GTS.Translation\/"]}]}},"_links":{"self":[{"href":"https:\/\/www.gts-translation.com\/de\/wp-json\/wp\/v2\/pages\/12240","targetHints":{"allow":["GET"]}}],"collection":[{"href":"https:\/\/www.gts-translation.com\/de\/wp-json\/wp\/v2\/pages"}],"about":[{"href":"https:\/\/www.gts-translation.com\/de\/wp-json\/wp\/v2\/types\/page"}],"author":[{"embeddable":true,"href":"https:\/\/www.gts-translation.com\/de\/wp-json\/wp\/v2\/users\/261"}],"replies":[{"embeddable":true,"href":"https:\/\/www.gts-translation.com\/de\/wp-json\/wp\/v2\/comments?post=12240"}],"version-history":[{"count":3,"href":"https:\/\/www.gts-translation.com\/de\/wp-json\/wp\/v2\/pages\/12240\/revisions"}],"predecessor-version":[{"id":63519,"href":"https:\/\/www.gts-translation.com\/de\/wp-json\/wp\/v2\/pages\/12240\/revisions\/63519"}],"up":[{"embeddable":true,"href":"https:\/\/www.gts-translation.com\/de\/wp-json\/wp\/v2\/pages\/12232"}],"wp:featuredmedia":[{"embeddable":true,"href":"https:\/\/www.gts-translation.com\/de\/wp-json\/wp\/v2\/media\/35302"}],"wp:attachment":[{"href":"https:\/\/www.gts-translation.com\/de\/wp-json\/wp\/v2\/media?parent=12240"}],"curies":[{"name":"wp","href":"https:\/\/api.w.org\/{rel}","templated":true}]}}