{"id":12242,"date":"2015-05-01T13:26:32","date_gmt":"2015-05-01T13:26:32","guid":{"rendered":"https:\/\/www.gts-translation.com\/languages\/hebrew\/"},"modified":"2025-05-25T08:21:35","modified_gmt":"2025-05-25T08:21:35","slug":"hebrew","status":"publish","type":"page","link":"https:\/\/www.gts-translation.com\/de\/languages\/hebrew\/","title":{"rendered":"Hebr\u00e4ische \u00dcbersetzungsdienste"},"content":{"rendered":"<p><!-- Hero Section with CTA for Hebrew Translation Services (German Page) --><\/p>\n<div style=\"background-color: #f5f7fa; padding: 40px 20px; text-align: center; border-radius: 8px; margin-bottom: 30px;\">\n<h1 style=\"font-size: 32px; margin-bottom: 10px;\">Professionelle Hebr\u00e4isch-\u00dcbersetzung<\/h1>\n<p style=\"font-size: 18px; max-width: 800px; margin: 0 auto 20px;\">GTS bietet zertifizierte \u00dcbersetzungen ins Hebr\u00e4ische und aus dem Hebr\u00e4ischen \u2013 durch erfahrene Muttersprachler mit Fachkenntnis in Recht, Medizin, Technik und Wirtschaft. Vertraulich, pr\u00e4zise und ISO 17100 zertifiziert.<\/p>\n<p><a style=\"background-color: #0073e6; color: #fff; padding: 14px 28px; font-size: 18px; border-radius: 6px; text-decoration: none; display: inline-block; box-shadow: 0 4px 6px rgba(0,0,0,0.1); transition: background-color 0.3s;\" href=\"#quote-form\"><br \/>\n\ud83d\udcc4 Jetzt sofort Angebot anfordern<br \/>\n<\/a><\/p>\n<p style=\"font-size: 14px; color: #666; margin-top: 12px;\">ISO 17100 zertifiziert | Hebr\u00e4ische Muttersprachler | Schnelle und vertrauliche Bearbeitung<\/p>\n<\/div>\n\n<p>&nbsp;<\/p>\n<h2>Hebr\u00e4isch-\u00dcbersetzungsdienste<\/h2>\n<p>GTS verf\u00fcgt \u00fcber ein Produktionszentrum in Israel, das wir nutzen, um unseren Kunden nur qualitativ hochwertige <strong>Hebr\u00e4isch-\u00dcbersetzungen<\/strong> zu liefern. Und unsere Preise sind unschlagbar. Fordern Sie jetzt online ein Angebot f\u00fcr eine Hebr\u00e4isch-\u00dcbersetzung an und \u00fcberzeugen Sie sich von unseren g\u00fcnstigen Preisen.<\/p>\n<p><img decoding=\"async\" class=\"aligncenter size-full wp-image-23822\" src=\"https:\/\/www.gts-translation.com\/wp-content\/uploads\/2020\/02\/mosko-review.png\" alt=\"\" width=\"100%\" srcset=\"https:\/\/www.gts-translation.com\/wp-content\/uploads\/2020\/02\/mosko-review.png 873w, https:\/\/www.gts-translation.com\/wp-content\/uploads\/2020\/02\/mosko-review-300x68.png 300w, https:\/\/www.gts-translation.com\/wp-content\/uploads\/2020\/02\/mosko-review-768x173.png 768w\" sizes=\"(max-width: 873px) 100vw, 873px\" \/><img decoding=\"async\" class=\"aligncenter size-full wp-image-23816\" src=\"https:\/\/www.gts-translation.com\/wp-content\/uploads\/2020\/02\/briggs-review.png\" alt=\"Best Hebrew Translation\" width=\"100%\" srcset=\"https:\/\/www.gts-translation.com\/wp-content\/uploads\/2020\/02\/briggs-review.png 874w, https:\/\/www.gts-translation.com\/wp-content\/uploads\/2020\/02\/briggs-review-300x59.png 300w, https:\/\/www.gts-translation.com\/wp-content\/uploads\/2020\/02\/briggs-review-768x150.png 768w\" sizes=\"(max-width: 874px) 100vw, 874px\" \/><img decoding=\"async\" class=\"alignleft size-medium wp-image-11867\" src=\"https:\/\/www.gts-translation.com\/wp-content\/uploads\/2015\/05\/64665029_s-245x300.jpg\" alt=\"Hebrew Translation Services\" width=\"245\" height=\"300\" srcset=\"https:\/\/www.gts-translation.com\/wp-content\/uploads\/2015\/05\/64665029_s-245x300.jpg 245w, https:\/\/www.gts-translation.com\/wp-content\/uploads\/2015\/05\/64665029_s.jpg 367w\" sizes=\"(max-width: 245px) 100vw, 245px\" \/><\/p>\n<p>Wir haben erfahrene Hebr\u00e4isch-\u00dcbersetzer f\u00fcr fast jede Art von Job. Das beinhaltet<\/p>\n<ul>\n<li>Hebr\u00e4ische juristische \u00dcbersetzung<\/li>\n<li>Hebr\u00e4ische medizinische \u00dcbersetzung<\/li>\n<li>Hebr\u00e4ische Finanz\u00fcbersetzung<\/li>\n<li>Hebr\u00e4ische technische \u00dcbersetzung.<\/li>\n<\/ul>\n<p>M\u00fcssen Sie einen Vertrag vom Hebr\u00e4ischen ins Deutsche oder vom Deutschen ins Hebr\u00e4ische \u00fcbersetzen? Wir haben professionelle Hebr\u00e4isch-\u00dcbersetzer, die lizenzierte israelische Anw\u00e4lte sind. M\u00fcssen Sie eine Einwilligungserkl\u00e4rung oder ein klinisches Studiendokument ins Hebr\u00e4ische \u00fcbersetzen? Wir haben professionelle medizinische \u00dcbersetzer in Israel, die Experten auf diesem Gebiet sind. Technisch? Finanziell? Wir haben muttersprachliche israelische \u00dcbersetzer f\u00fcr alle Ihre \u00dcbersetzungsbed\u00fcrfnisse. Und wir haben deutsche Muttersprachler, die aus dem Englischen und Hebr\u00e4ischen ins Deutsche \u00fcbersetzen.<\/p>\n<p>Einige der gr\u00f6\u00dften Organisationen in Israel arbeiten mit uns zusammen. Dazu geh\u00f6ren Teva Pharmaceuticals, Arkia Israeli Airlines, Israel Chemicals LTD (ICL), Vishay, Syneron, Lumenis, einige der f\u00fchrenden Anwaltskanzleien Israels und verschiedene israelische Ministerien und Beh\u00f6rden.<\/p>\n<h2>Erfahrene Hebr\u00e4isch-\u00dcbersetzer: Qualit\u00e4tsservice von GTS<\/h2>\n<p>M\u00fcssen Sie einen Vertrag vom Englischen ins Hebr\u00e4ische \u00fcbersetzen? Unsere professionellen \u00dcbersetzer sind ausgebildete israelische Juristen. M\u00fcssen Sie ein Einwilligungsformular oder Dokumente zu klinischen Studien ins Hebr\u00e4ische \u00fcbersetzen? Wir verf\u00fcgen \u00fcber medizinische Fach\u00fcbersetzer mit langj\u00e4hriger Erfahrung. Technisch? Finanziell? Wir haben muttersprachliche israelische \u00dcbersetzer f\u00fcr alle Ihre Bed\u00fcrfnisse \u2013 ebenso wie englische Muttersprachler f\u00fcr \u00dcbersetzungen vom Hebr\u00e4ischen ins Englische.<\/p>\n<h2>Fallstudien Hebr\u00e4isch-\u00dcbersetzungen<\/h2>\n<p>Einige Beispiele erfolgreicher Projekte:<\/p>\n<ul>\n<li>\u00dcbersetzung hebr\u00e4ischer Dokumente ins Englische f\u00fcr <a href=\"https:\/\/www.greenpeace.de\/\">Greenpeace<\/a><\/li>\n<li>\u00dcbersetzung eines 500-seitigen Flughandbuchs f\u00fcr Arkia Airlines<\/li>\n<li>\u00dcbersetzung von Steuerunterlagen und Mietvertr\u00e4gen f\u00fcr <a href=\"https:\/\/www.momentissurgical.com\/\">Momentis Surgical<\/a><\/li>\n<li>\u00dcbersetzung von Einwilligungsformularen f\u00fcr Premia Spine (Medizintechnik)<\/li>\n<li>\u00dcbersetzung eines 500-seitigen Ausschreibungsdokuments f\u00fcr die <a href=\"https:\/\/www.systra.com\/\">Systra Group<\/a><\/li>\n<li>\u00dcbersetzung pharmakovigilanzbezogener Studien f\u00fcr <a href=\"https:\/\/www.teva.de\/\">Teva Pharmaceuticals<\/a><\/li>\n<li>\u00dcbersetzung von Unternehmensdokumenten f\u00fcr die <a href=\"https:\/\/www.tata.com\/tata-worldwide\">Tata Group<\/a><\/li>\n<\/ul>\n<h4>Fakten zur hebr\u00e4ischen Sprache:<\/h4>\n<p><a href=\"https:\/\/klexikon.zum.de\/wiki\/Hebr%C3%A4ische_Sprache\">Hebr\u00e4isch<\/a> wird von etwa 7\u00a0Millionen Menschen im Staat Israel gesprochen. Hebr\u00e4isch, die Sprache des Alten Testaments der Bibel, ist eine der \u00e4ltesten Sprachen der Welt. Nach fast 2.000 Jahren, in denen es im Grunde eine tote Sprache war, wurde Hebr\u00e4isch vor etwa 150 Jahren von der zionistischen Bewegung wiederbelebt und florierte mit der Gr\u00fcndung des Staates Israel im Jahr 1948 weiter.<\/p>\n<p>Hebr\u00e4isch ist eine RTL-Sprache (von rechts nach links), was bedeutet, dass sie von rechts nach links geschrieben wird, im Gegensatz zu Englisch, Franz\u00f6sisch, Spanisch und Chinesisch, die LTR-Sprachen (von links nach rechts) sind. Diese Tatsache stellt einige Herausforderungen bei Software- und Website-Lokalisierungsprojekten dar.<\/p>\n<p>Hebr\u00e4isch ist eine sehr pr\u00e4gnante Sprache: Erwarten Sie eine Texterweiterung von etwa 50 %, wenn Sie vom Hebr\u00e4ischen ins Englische \u00fcbersetzen.<\/p>\n<p>Wenn Sie eine hebr\u00e4ische Dokument\u00fcbersetzung bestellen, bitten Sie Ihren Lieferanten, die \u00dcbersetzung im PDF-Dateiformat bereitzustellen. Hebr\u00e4ische Schriftarten und Texte k\u00f6nnen auf verschiedenen Computern und Betriebssystemversionen unterschiedlich angezeigt werden und k\u00f6nnen beim elektronischen Versand (z. B. per E-Mail) durcheinander geraten.<\/p>\n","protected":false},"excerpt":{"rendered":"<p>Professionelle Hebr\u00e4isch-\u00dcbersetzung GTS bietet zertifizierte \u00dcbersetzungen ins Hebr\u00e4ische und aus dem Hebr\u00e4ischen \u2013 durch erfahrene Muttersprachler mit Fachkenntnis in Recht, Medizin, Technik und Wirtschaft. Vertraulich, pr\u00e4zise und ISO 17100 zertifiziert. \ud83d\udcc4 Jetzt sofort Angebot anfordern ISO 17100 zertifiziert | Hebr\u00e4ische Muttersprachler | Schnelle und vertrauliche Bearbeitung &nbsp; Hebr\u00e4isch-\u00dcbersetzungsdienste GTS verf\u00fcgt \u00fcber ein Produktionszentrum in Israel, &#8230; <a title=\"Hebr\u00e4ische \u00dcbersetzungsdienste\" class=\"read-more\" href=\"https:\/\/www.gts-translation.com\/de\/languages\/hebrew\/\" aria-label=\"Mehr Informationen \u00fcber Hebr\u00e4ische \u00dcbersetzungsdienste\">Weiterlesen<\/a><\/p>\n","protected":false},"author":261,"featured_media":35149,"parent":12232,"menu_order":0,"comment_status":"open","ping_status":"closed","template":"templates\/landing-page.php","meta":{"_acf_changed":false,"inline_featured_image":false,"_monsterinsights_skip_tracking":false,"_monsterinsights_sitenote_active":false,"_monsterinsights_sitenote_note":"","_monsterinsights_sitenote_category":0,"footnotes":""},"class_list":["post-12242","page","type-page","status-publish","has-post-thumbnail"],"acf":[],"yoast_head":"<!-- This site is optimized with the Yoast SEO Premium plugin v24.2 (Yoast SEO v27.6) - https:\/\/yoast.com\/product\/yoast-seo-premium-wordpress\/ -->\n<title>Translate Hebrew online | Hebrew Translation Services<\/title>\n<meta name=\"description\" content=\"GTS bietet qualitativ hochwertige Hebr\u00e4isch-\u00dcbersetzungsdienstleistungen. Holen Sie sich jetzt online ein Preisangebot.\" \/>\n<meta name=\"robots\" content=\"index, follow, max-snippet:-1, max-image-preview:large, max-video-preview:-1\" \/>\n<link rel=\"canonical\" href=\"https:\/\/www.gts-translation.com\/de\/languages\/hebrew\/\" \/>\n<meta property=\"og:locale\" content=\"de_DE\" \/>\n<meta property=\"og:type\" content=\"article\" \/>\n<meta property=\"og:title\" content=\"Hebr\u00e4ische \u00dcbersetzungsdienste\" \/>\n<meta property=\"og:description\" content=\"GTS bietet qualitativ hochwertige Hebr\u00e4isch-\u00dcbersetzungsdienstleistungen. Holen Sie sich jetzt online ein Preisangebot.\" \/>\n<meta property=\"og:url\" content=\"https:\/\/www.gts-translation.com\/de\/languages\/hebrew\/\" \/>\n<meta property=\"og:site_name\" content=\"GTS Translation Services\" \/>\n<meta property=\"article:publisher\" content=\"https:\/\/www.facebook.com\/GTS.Translation\/\" \/>\n<meta property=\"article:modified_time\" content=\"2025-05-25T08:21:35+00:00\" \/>\n<meta property=\"og:image\" content=\"https:\/\/www.gts-translation.com\/wp-content\/uploads\/2021\/10\/Hebrew-translation-services-1.jpg\" \/>\n\t<meta property=\"og:image:width\" content=\"840\" \/>\n\t<meta property=\"og:image:height\" content=\"382\" \/>\n\t<meta property=\"og:image:type\" content=\"image\/jpeg\" \/>\n<meta name=\"twitter:card\" content=\"summary_large_image\" \/>\n<meta name=\"twitter:label1\" content=\"Gesch\u00e4tzte Lesezeit\" \/>\n\t<meta name=\"twitter:data1\" content=\"4\u00a0Minuten\" \/>\n<script type=\"application\/ld+json\" class=\"yoast-schema-graph\">{\"@context\":\"https:\\\/\\\/schema.org\",\"@graph\":[{\"@type\":\"WebPage\",\"@id\":\"https:\\\/\\\/www.gts-translation.com\\\/de\\\/languages\\\/hebrew\\\/\",\"url\":\"https:\\\/\\\/www.gts-translation.com\\\/de\\\/languages\\\/hebrew\\\/\",\"name\":\"Translate Hebrew online | Hebrew Translation Services\",\"isPartOf\":{\"@id\":\"https:\\\/\\\/www.gts-translation.com\\\/de\\\/#website\"},\"primaryImageOfPage\":{\"@id\":\"https:\\\/\\\/www.gts-translation.com\\\/de\\\/languages\\\/hebrew\\\/#primaryimage\"},\"image\":{\"@id\":\"https:\\\/\\\/www.gts-translation.com\\\/de\\\/languages\\\/hebrew\\\/#primaryimage\"},\"thumbnailUrl\":\"https:\\\/\\\/www.gts-translation.com\\\/wp-content\\\/uploads\\\/2021\\\/10\\\/Hebrew-translation-services-1.jpg\",\"datePublished\":\"2015-05-01T13:26:32+00:00\",\"dateModified\":\"2025-05-25T08:21:35+00:00\",\"description\":\"GTS bietet qualitativ hochwertige Hebr\u00e4isch-\u00dcbersetzungsdienstleistungen. Holen Sie sich jetzt online ein Preisangebot.\",\"breadcrumb\":{\"@id\":\"https:\\\/\\\/www.gts-translation.com\\\/de\\\/languages\\\/hebrew\\\/#breadcrumb\"},\"inLanguage\":\"de\",\"potentialAction\":[{\"@type\":\"ReadAction\",\"target\":[\"https:\\\/\\\/www.gts-translation.com\\\/de\\\/languages\\\/hebrew\\\/\"]}]},{\"@type\":\"ImageObject\",\"inLanguage\":\"de\",\"@id\":\"https:\\\/\\\/www.gts-translation.com\\\/de\\\/languages\\\/hebrew\\\/#primaryimage\",\"url\":\"https:\\\/\\\/www.gts-translation.com\\\/wp-content\\\/uploads\\\/2021\\\/10\\\/Hebrew-translation-services-1.jpg\",\"contentUrl\":\"https:\\\/\\\/www.gts-translation.com\\\/wp-content\\\/uploads\\\/2021\\\/10\\\/Hebrew-translation-services-1.jpg\",\"width\":840,\"height\":382,\"caption\":\"Jerusalem. Cityscape image of Jerusalem, Israel with Dome of the Rock and Western Wall at sunset.\"},{\"@type\":\"BreadcrumbList\",\"@id\":\"https:\\\/\\\/www.gts-translation.com\\\/de\\\/languages\\\/hebrew\\\/#breadcrumb\",\"itemListElement\":[{\"@type\":\"ListItem\",\"position\":1,\"name\":\"Home\",\"item\":\"https:\\\/\\\/www.gts-translation.com\\\/de\\\/\"},{\"@type\":\"ListItem\",\"position\":2,\"name\":\"Sprachen\",\"item\":\"https:\\\/\\\/www.gts-translation.com\\\/de\\\/languages\\\/\"},{\"@type\":\"ListItem\",\"position\":3,\"name\":\"Hebr\u00e4ische \u00dcbersetzungsdienste\"}]},{\"@type\":\"WebSite\",\"@id\":\"https:\\\/\\\/www.gts-translation.com\\\/de\\\/#website\",\"url\":\"https:\\\/\\\/www.gts-translation.com\\\/de\\\/\",\"name\":\"GTS Translation Services\",\"description\":\"Quality you can trust at prices you can&#039;t beat!\",\"publisher\":{\"@id\":\"https:\\\/\\\/www.gts-translation.com\\\/de\\\/#organization\"},\"potentialAction\":[{\"@type\":\"SearchAction\",\"target\":{\"@type\":\"EntryPoint\",\"urlTemplate\":\"https:\\\/\\\/www.gts-translation.com\\\/de\\\/?s={search_term_string}\"},\"query-input\":{\"@type\":\"PropertyValueSpecification\",\"valueRequired\":true,\"valueName\":\"search_term_string\"}}],\"inLanguage\":\"de\"},{\"@type\":\"Organization\",\"@id\":\"https:\\\/\\\/www.gts-translation.com\\\/de\\\/#organization\",\"name\":\"GTS Translation Services\",\"url\":\"https:\\\/\\\/www.gts-translation.com\\\/de\\\/\",\"logo\":{\"@type\":\"ImageObject\",\"inLanguage\":\"de\",\"@id\":\"https:\\\/\\\/www.gts-translation.com\\\/de\\\/#\\\/schema\\\/logo\\\/image\\\/\",\"url\":\"https:\\\/\\\/www.gts-translation.com\\\/wp-content\\\/uploads\\\/2023\\\/07\\\/gts-logo.png\",\"contentUrl\":\"https:\\\/\\\/www.gts-translation.com\\\/wp-content\\\/uploads\\\/2023\\\/07\\\/gts-logo.png\",\"width\":234,\"height\":80,\"caption\":\"GTS Translation Services\"},\"image\":{\"@id\":\"https:\\\/\\\/www.gts-translation.com\\\/de\\\/#\\\/schema\\\/logo\\\/image\\\/\"},\"sameAs\":[\"https:\\\/\\\/www.facebook.com\\\/GTS.Translation\\\/\"]}]}<\/script>\n<!-- \/ Yoast SEO Premium plugin. -->","yoast_head_json":{"title":"Translate Hebrew online | Hebrew Translation Services","description":"GTS bietet qualitativ hochwertige Hebr\u00e4isch-\u00dcbersetzungsdienstleistungen. Holen Sie sich jetzt online ein Preisangebot.","robots":{"index":"index","follow":"follow","max-snippet":"max-snippet:-1","max-image-preview":"max-image-preview:large","max-video-preview":"max-video-preview:-1"},"canonical":"https:\/\/www.gts-translation.com\/de\/languages\/hebrew\/","og_locale":"de_DE","og_type":"article","og_title":"Hebr\u00e4ische \u00dcbersetzungsdienste","og_description":"GTS bietet qualitativ hochwertige Hebr\u00e4isch-\u00dcbersetzungsdienstleistungen. Holen Sie sich jetzt online ein Preisangebot.","og_url":"https:\/\/www.gts-translation.com\/de\/languages\/hebrew\/","og_site_name":"GTS Translation Services","article_publisher":"https:\/\/www.facebook.com\/GTS.Translation\/","article_modified_time":"2025-05-25T08:21:35+00:00","og_image":[{"width":840,"height":382,"url":"https:\/\/www.gts-translation.com\/wp-content\/uploads\/2021\/10\/Hebrew-translation-services-1.jpg","type":"image\/jpeg"}],"twitter_card":"summary_large_image","twitter_misc":{"Gesch\u00e4tzte Lesezeit":"4\u00a0Minuten"},"schema":{"@context":"https:\/\/schema.org","@graph":[{"@type":"WebPage","@id":"https:\/\/www.gts-translation.com\/de\/languages\/hebrew\/","url":"https:\/\/www.gts-translation.com\/de\/languages\/hebrew\/","name":"Translate Hebrew online | Hebrew Translation Services","isPartOf":{"@id":"https:\/\/www.gts-translation.com\/de\/#website"},"primaryImageOfPage":{"@id":"https:\/\/www.gts-translation.com\/de\/languages\/hebrew\/#primaryimage"},"image":{"@id":"https:\/\/www.gts-translation.com\/de\/languages\/hebrew\/#primaryimage"},"thumbnailUrl":"https:\/\/www.gts-translation.com\/wp-content\/uploads\/2021\/10\/Hebrew-translation-services-1.jpg","datePublished":"2015-05-01T13:26:32+00:00","dateModified":"2025-05-25T08:21:35+00:00","description":"GTS bietet qualitativ hochwertige Hebr\u00e4isch-\u00dcbersetzungsdienstleistungen. Holen Sie sich jetzt online ein Preisangebot.","breadcrumb":{"@id":"https:\/\/www.gts-translation.com\/de\/languages\/hebrew\/#breadcrumb"},"inLanguage":"de","potentialAction":[{"@type":"ReadAction","target":["https:\/\/www.gts-translation.com\/de\/languages\/hebrew\/"]}]},{"@type":"ImageObject","inLanguage":"de","@id":"https:\/\/www.gts-translation.com\/de\/languages\/hebrew\/#primaryimage","url":"https:\/\/www.gts-translation.com\/wp-content\/uploads\/2021\/10\/Hebrew-translation-services-1.jpg","contentUrl":"https:\/\/www.gts-translation.com\/wp-content\/uploads\/2021\/10\/Hebrew-translation-services-1.jpg","width":840,"height":382,"caption":"Jerusalem. Cityscape image of Jerusalem, Israel with Dome of the Rock and Western Wall at sunset."},{"@type":"BreadcrumbList","@id":"https:\/\/www.gts-translation.com\/de\/languages\/hebrew\/#breadcrumb","itemListElement":[{"@type":"ListItem","position":1,"name":"Home","item":"https:\/\/www.gts-translation.com\/de\/"},{"@type":"ListItem","position":2,"name":"Sprachen","item":"https:\/\/www.gts-translation.com\/de\/languages\/"},{"@type":"ListItem","position":3,"name":"Hebr\u00e4ische \u00dcbersetzungsdienste"}]},{"@type":"WebSite","@id":"https:\/\/www.gts-translation.com\/de\/#website","url":"https:\/\/www.gts-translation.com\/de\/","name":"GTS Translation Services","description":"Quality you can trust at prices you can&#039;t beat!","publisher":{"@id":"https:\/\/www.gts-translation.com\/de\/#organization"},"potentialAction":[{"@type":"SearchAction","target":{"@type":"EntryPoint","urlTemplate":"https:\/\/www.gts-translation.com\/de\/?s={search_term_string}"},"query-input":{"@type":"PropertyValueSpecification","valueRequired":true,"valueName":"search_term_string"}}],"inLanguage":"de"},{"@type":"Organization","@id":"https:\/\/www.gts-translation.com\/de\/#organization","name":"GTS Translation Services","url":"https:\/\/www.gts-translation.com\/de\/","logo":{"@type":"ImageObject","inLanguage":"de","@id":"https:\/\/www.gts-translation.com\/de\/#\/schema\/logo\/image\/","url":"https:\/\/www.gts-translation.com\/wp-content\/uploads\/2023\/07\/gts-logo.png","contentUrl":"https:\/\/www.gts-translation.com\/wp-content\/uploads\/2023\/07\/gts-logo.png","width":234,"height":80,"caption":"GTS Translation Services"},"image":{"@id":"https:\/\/www.gts-translation.com\/de\/#\/schema\/logo\/image\/"},"sameAs":["https:\/\/www.facebook.com\/GTS.Translation\/"]}]}},"_links":{"self":[{"href":"https:\/\/www.gts-translation.com\/de\/wp-json\/wp\/v2\/pages\/12242","targetHints":{"allow":["GET"]}}],"collection":[{"href":"https:\/\/www.gts-translation.com\/de\/wp-json\/wp\/v2\/pages"}],"about":[{"href":"https:\/\/www.gts-translation.com\/de\/wp-json\/wp\/v2\/types\/page"}],"author":[{"embeddable":true,"href":"https:\/\/www.gts-translation.com\/de\/wp-json\/wp\/v2\/users\/261"}],"replies":[{"embeddable":true,"href":"https:\/\/www.gts-translation.com\/de\/wp-json\/wp\/v2\/comments?post=12242"}],"version-history":[{"count":3,"href":"https:\/\/www.gts-translation.com\/de\/wp-json\/wp\/v2\/pages\/12242\/revisions"}],"predecessor-version":[{"id":63527,"href":"https:\/\/www.gts-translation.com\/de\/wp-json\/wp\/v2\/pages\/12242\/revisions\/63527"}],"up":[{"embeddable":true,"href":"https:\/\/www.gts-translation.com\/de\/wp-json\/wp\/v2\/pages\/12232"}],"wp:featuredmedia":[{"embeddable":true,"href":"https:\/\/www.gts-translation.com\/de\/wp-json\/wp\/v2\/media\/35149"}],"wp:attachment":[{"href":"https:\/\/www.gts-translation.com\/de\/wp-json\/wp\/v2\/media?parent=12242"}],"curies":[{"name":"wp","href":"https:\/\/api.w.org\/{rel}","templated":true}]}}