{"id":12244,"date":"2015-05-02T09:56:49","date_gmt":"2015-05-02T09:56:49","guid":{"rendered":"https:\/\/www.gts-translation.com\/languages\/italian\/"},"modified":"2025-05-26T14:20:27","modified_gmt":"2025-05-26T14:20:27","slug":"italian","status":"publish","type":"page","link":"https:\/\/www.gts-translation.com\/de\/languages\/italian\/","title":{"rendered":"Italienische \u00dcbersetzungsdienste | Deutsch Italienische \u00dcbersetzung"},"content":{"rendered":"<p><!-- Hero Section with CTA for Italian Translation Services (German Page) --><\/p>\n<div style=\"background-color: #f5f7fa; padding: 40px 20px; text-align: center; border-radius: 8px; margin-bottom: 30px;\">\n<h1 style=\"font-size: 32px; margin-bottom: 10px;\">Professionelle \u00dcbersetzungsdienste Italienisch<\/h1>\n<p style=\"font-size: 18px; max-width: 800px; margin: 0 auto 20px;\">Fach\u00fcbersetzungen in \u00fcber 100 Sprachen. Muttersprachliche \u00dcbersetzer mit Fachkenntnissen in Recht, Medizin, Technik und Marketing. ISO 17100-zertifiziert, vertraulich und mit besonders schneller, termingerechter Lieferung.<\/p>\n<p><a style=\"background-color: #0073e6; color: #fff; padding: 14px 28px; font-size: 18px; border-radius: 6px; text-decoration: none; display: inline-block; box-shadow: 0 4px 6px rgba(0,0,0,0.1); transition: background-color 0.3s;\" href=\"#quote-form\"><br \/>\n\ud83d\udcc4 Sofortiges Angebot einholen<br \/>\n<\/a><\/p>\n<p style=\"font-size: 14px; color: #666; margin-top: 12px;\">ISO 17100 | Menschliche \u00dcbersetzung | Fachspezifisch | Vertraulich<\/p>\n<\/div>\n\n<p>&nbsp;<\/p>\n<h2>Beste italienische \u00dcbersetzungsdienste im Jahr 2026<\/h2>\n<p>GTS Translation hat eine nachgewiesene Erfolgsbilanz bei der Erbringung hochwertiger, zertifizierter italienischer \u00dcbersetzungsdienstleistungen. Wir verf\u00fcgen \u00fcber ein erprobtes Team von muttersprachlichen italienischen \u00dcbersetzern, die Ihre gesch\u00e4ftskritischen italienischen \u00dcbersetzungsprojekte durchf\u00fchren. Und unsere Preise sind sehr wettbewerbsf\u00e4hig.<\/p>\n<h2><img decoding=\"async\" class=\"aligncenter size-full wp-image-23790\" src=\"https:\/\/www.gts-translation.com\/wp-content\/uploads\/2020\/02\/veuthy-review.png\" alt=\"\" width=\"100%\" srcset=\"https:\/\/www.gts-translation.com\/wp-content\/uploads\/2020\/02\/veuthy-review.png 919w, https:\/\/www.gts-translation.com\/wp-content\/uploads\/2020\/02\/veuthy-review-300x71.png 300w, https:\/\/www.gts-translation.com\/wp-content\/uploads\/2020\/02\/veuthy-review-768x182.png 768w\" sizes=\"(max-width: 919px) 100vw, 919px\" \/>Italienisch \u00dcbersetzungsdienste<\/h2>\n<p>GTS ist der beste \u00dcbersetzungsservice f\u00fcr Italienisch-Deutsch. Wir \u00fcbersetzen jede Art von Dokument oder Text aus dem Italienischen ins Deutsche mit einem gepr\u00fcften Team von professionellen muttersprachlichen \u00dcbersetzern.<\/p>\n<h3>Preisnachl\u00e4sse f\u00fcr italienische \u00dcbersetzungen<\/h3>\n<p>Verwenden Sie GTS-Gutscheincodes, um einen Rabatt f\u00fcr italienische \u00dcbersetzungen zu erhalten. Neukunden erhalten einen Rabatt von 5% auf ihre erste Bestellung. Klicken Sie hier f\u00fcr weitere Informationen \u00fcber Preisnachl\u00e4sse f\u00fcr \u00dcbersetzungen.<\/p>\n<h2>Warum Sie GTS als Ihr \u00dcbersetzungsb\u00fcro f\u00fcr Italienisch w\u00e4hlen sollten<\/h2>\n<p>Wenn es auf Qualit\u00e4t ankommt, k\u00f6nnen Sie sich auf GTS als Ihr professionelles italienisches \u00dcbersetzungsb\u00fcro verlassen. Wir garantieren vor allem die Qualit\u00e4t unserer \u00dcbersetzungen. Unser Qualit\u00e4tsmanagementsystem (QMS) ist nach der Norm ISO 17100:2015 zertifiziert. Daher sind alle unsere Italienisch-\u00dcbersetzungsdienstleistungen zertifiziert und werden mit einer unterzeichneten Bescheinigung \u00fcber die Richtigkeit geliefert.<\/p>\n<p>Wir \u00fcbersetzen Dokumente aus dem Englischen und Deutschen ins Italienische f\u00fcr einige der weltweit f\u00fchrenden Unternehmen. Klicken Sie hier, um eine Kundenliste zu sehen; klicken Sie hier, um einige Erfahrungsberichte von Kunden zu lesen.<\/p>\n<h2>\u00dcbersetzungsdienst f\u00fcr italienische Dokumente<\/h2>\n<figure id=\"attachment_15397\" aria-describedby=\"caption-attachment-15397\" style=\"width: 342px\" class=\"wp-caption alignleft\"><a href=\"https:\/\/www.gts-translation.com\/wp-content\/uploads\/2019\/01\/Italian-Translation-Services.jpg\"><img decoding=\"async\" class=\"wp-image-15397\" src=\"https:\/\/www.gts-translation.com\/wp-content\/uploads\/2019\/01\/Italian-Translation-Services-300x240.jpg\" alt=\"Italian Translation Services\" width=\"352\" height=\"281\" srcset=\"https:\/\/www.gts-translation.com\/wp-content\/uploads\/2019\/01\/Italian-Translation-Services-300x240.jpg 300w, https:\/\/www.gts-translation.com\/wp-content\/uploads\/2019\/01\/Italian-Translation-Services-768x613.jpg 768w, https:\/\/www.gts-translation.com\/wp-content\/uploads\/2019\/01\/Italian-Translation-Services.jpg 774w\" sizes=\"(max-width: 352px) 100vw, 352px\" \/><\/a><figcaption id=\"caption-attachment-15397\" class=\"wp-caption-text\">GTS bietet hochwertige italienische \u00dcbersetzungsdienstleistungen zu g\u00fcnstigen Preisen. Fordern Sie jetzt ein Online-Angebot an.<\/figcaption><\/figure>\n<p>Wir bieten fachkundige Englisch-Italienisch-\u00dcbersetzungen f\u00fcr viele Branchen, darunter:<\/p>\n<ul>\n<li>Technisch<\/li>\n<li>Medizinisch<\/li>\n<li>Juristisch<\/li>\n<li>Patente und IP-Dokumente<\/li>\n<li>Software<\/li>\n<li>Ingenieurwesen<\/li>\n<li>Finanziell<\/li>\n<\/ul>\n<p>Wir bieten \u00dcbersetzungsdienste Italienisch-Englisch in allen Dateiformaten. Dazu geh\u00f6ren: PDF, MS Word, Powerpoint, Excel, Adobe InDesign und Framemaker.<\/p>\n<h3><span style=\"font-size: 16px;\">Medizinische \u00dcbersetzung Italienisch <\/span><\/h3>\n<div>\n<div class=\"md-text-block\">\n<p>GTS bietet zertifizierte medizinische \u00dcbersetzungsdienste f\u00fcr Pharmaunternehmen, Hersteller von medizinischen Ger\u00e4ten, biomedizinische Unternehmen und CROs. Dies umfasst:<\/p>\n<ul>\n<li>Klinische Protokolle und klinische Protokollsynopsen<\/li>\n<li>Einverst\u00e4ndniserkl\u00e4rungen<\/li>\n<li>Vereinbarungen \u00fcber klinische Studien<\/li>\n<li>Gebrauchsanweisung (IFU) f\u00fcr Medizinprodukte<\/li>\n<li>Benutzerhandb\u00fccher f\u00fcr medizinische Software<\/li>\n<li>Etiketten f\u00fcr Studienmedikamente<\/li>\n<li>Fallberichtsformulare (CRF)<\/li>\n<li>Lokalisierung von medizinischer Software<\/li>\n<\/ul>\n<h3>Italienische technische \u00dcbersetzungsdienste<\/h3>\n<\/div>\n<div class=\"md-text-block\">\n<div class=\"md-text-block\">\n<p>GTS bietet ein breites Spektrum an qualitativ hochwertigen technischen Italienisch-\u00dcbersetzungen f\u00fcr Kunden weltweit. Dazu geh\u00f6rt die technische italienische \u00dcbersetzung von:<\/p>\n<ul>\n<li>Handb\u00fcchern und Bedienungsanleitungen.<\/li>\n<li>RFPund RFQ-Dokumente, Ausschreibungen und Angebote<\/li>\n<li>Materialhandhabungsdokumente, MSDS<\/li>\n<li>Technische Dokumente, technische Zeichnungen<\/li>\n<li>Datenbl\u00e4tter und Webinhalte<\/li>\n<li>Italienische Rechts\u00fcbersetzung<\/li>\n<\/ul>\n<h3>Italienische Rechts\u00fcbersetzung<\/h3>\n<div class=\"md-text-block\">\n<p>GTS bietet ein breites Spektrum an qualitativ hochwertigen \u00dcbersetzungen vom Italienischen ins Englische. Dazu geh\u00f6ren amtliche \u00dcbersetzungen, die von den Gerichten in Italien anerkannt werden (ausgef\u00fchrt von amtlichen \u00dcbersetzern, in Italien als traduttori giurati oder ufficiali bekannt). Wir \u00fcbersetzen auch italienische Dokumente ins Englische. Dazu geh\u00f6ren:<\/p>\n<ul>\n<li>Vertr\u00e4ge<\/li>\n<li>Juristische Vereinbarungen<\/li>\n<li>Eidesstattliche Erkl\u00e4rungen<\/li>\n<li>Patente<\/li>\n<li>Gerichtsund Prozessdokumente<\/li>\n<\/ul>\n<\/div>\n<\/div>\n<\/div>\n<\/div>\n","protected":false},"excerpt":{"rendered":"<p>Professionelle \u00dcbersetzungsdienste Italienisch Fach\u00fcbersetzungen in \u00fcber 100 Sprachen. Muttersprachliche \u00dcbersetzer mit Fachkenntnissen in Recht, Medizin, Technik und Marketing. ISO 17100-zertifiziert, vertraulich und mit besonders schneller, termingerechter Lieferung. \ud83d\udcc4 Sofortiges Angebot einholen ISO 17100 | Menschliche \u00dcbersetzung | Fachspezifisch | Vertraulich &nbsp; Beste italienische \u00dcbersetzungsdienste im Jahr 2026 GTS Translation hat eine nachgewiesene Erfolgsbilanz bei der &#8230; <a title=\"Italienische \u00dcbersetzungsdienste | Deutsch Italienische \u00dcbersetzung\" class=\"read-more\" href=\"https:\/\/www.gts-translation.com\/de\/languages\/italian\/\" aria-label=\"Mehr Informationen \u00fcber Italienische \u00dcbersetzungsdienste | Deutsch Italienische \u00dcbersetzung\">Weiterlesen<\/a><\/p>\n","protected":false},"author":261,"featured_media":35323,"parent":12232,"menu_order":0,"comment_status":"open","ping_status":"open","template":"templates\/landing-page.php","meta":{"_acf_changed":false,"inline_featured_image":false,"_monsterinsights_skip_tracking":false,"_monsterinsights_sitenote_active":false,"_monsterinsights_sitenote_note":"","_monsterinsights_sitenote_category":0,"footnotes":""},"class_list":["post-12244","page","type-page","status-publish","has-post-thumbnail"],"acf":[],"yoast_head":"<!-- This site is optimized with the Yoast SEO Premium plugin v24.2 (Yoast SEO v27.5) - https:\/\/yoast.com\/product\/yoast-seo-premium-wordpress\/ -->\n<title>English to Italian Translation Services | Translate Italian to English<\/title>\n<meta name=\"description\" content=\"GTS bietet professionelle Italienisch-\u00dcbersetzungsdienste, denen Sie vertrauen k\u00f6nnen. Erhalten Sie jetzt ein sofortiges Online-Preisangebot.\" \/>\n<meta name=\"robots\" content=\"index, follow, max-snippet:-1, max-image-preview:large, max-video-preview:-1\" \/>\n<link rel=\"canonical\" href=\"https:\/\/www.gts-translation.com\/de\/languages\/italian\/\" \/>\n<meta property=\"og:locale\" content=\"de_DE\" \/>\n<meta property=\"og:type\" content=\"article\" \/>\n<meta property=\"og:title\" content=\"Italienische \u00dcbersetzungsdienste | Deutsch Italienische \u00dcbersetzung\" \/>\n<meta property=\"og:description\" content=\"GTS bietet professionelle Italienisch-\u00dcbersetzungsdienste, denen Sie vertrauen k\u00f6nnen. Erhalten Sie jetzt ein sofortiges Online-Preisangebot.\" \/>\n<meta property=\"og:url\" content=\"https:\/\/www.gts-translation.com\/de\/languages\/italian\/\" \/>\n<meta property=\"og:site_name\" content=\"GTS Translation Services\" \/>\n<meta property=\"article:publisher\" content=\"https:\/\/www.facebook.com\/GTS.Translation\/\" \/>\n<meta property=\"article:modified_time\" content=\"2025-05-26T14:20:27+00:00\" \/>\n<meta property=\"og:image\" content=\"https:\/\/www.gts-translation.com\/wp-content\/uploads\/2021\/10\/Italian-translation-services-3.jpg\" \/>\n\t<meta property=\"og:image:width\" content=\"1920\" \/>\n\t<meta property=\"og:image:height\" content=\"776\" \/>\n\t<meta property=\"og:image:type\" content=\"image\/jpeg\" \/>\n<meta name=\"twitter:card\" content=\"summary_large_image\" \/>\n<meta name=\"twitter:label1\" content=\"Gesch\u00e4tzte Lesezeit\" \/>\n\t<meta name=\"twitter:data1\" content=\"3\u00a0Minuten\" \/>\n<script type=\"application\/ld+json\" class=\"yoast-schema-graph\">{\"@context\":\"https:\\\/\\\/schema.org\",\"@graph\":[{\"@type\":\"WebPage\",\"@id\":\"https:\\\/\\\/www.gts-translation.com\\\/de\\\/languages\\\/italian\\\/\",\"url\":\"https:\\\/\\\/www.gts-translation.com\\\/de\\\/languages\\\/italian\\\/\",\"name\":\"English to Italian Translation Services | Translate Italian to English\",\"isPartOf\":{\"@id\":\"https:\\\/\\\/www.gts-translation.com\\\/de\\\/#website\"},\"primaryImageOfPage\":{\"@id\":\"https:\\\/\\\/www.gts-translation.com\\\/de\\\/languages\\\/italian\\\/#primaryimage\"},\"image\":{\"@id\":\"https:\\\/\\\/www.gts-translation.com\\\/de\\\/languages\\\/italian\\\/#primaryimage\"},\"thumbnailUrl\":\"https:\\\/\\\/www.gts-translation.com\\\/wp-content\\\/uploads\\\/2021\\\/10\\\/Italian-translation-services-3.jpg\",\"datePublished\":\"2015-05-02T09:56:49+00:00\",\"dateModified\":\"2025-05-26T14:20:27+00:00\",\"description\":\"GTS bietet professionelle Italienisch-\u00dcbersetzungsdienste, denen Sie vertrauen k\u00f6nnen. Erhalten Sie jetzt ein sofortiges Online-Preisangebot.\",\"breadcrumb\":{\"@id\":\"https:\\\/\\\/www.gts-translation.com\\\/de\\\/languages\\\/italian\\\/#breadcrumb\"},\"inLanguage\":\"de\",\"potentialAction\":[{\"@type\":\"ReadAction\",\"target\":[\"https:\\\/\\\/www.gts-translation.com\\\/de\\\/languages\\\/italian\\\/\"]}]},{\"@type\":\"ImageObject\",\"inLanguage\":\"de\",\"@id\":\"https:\\\/\\\/www.gts-translation.com\\\/de\\\/languages\\\/italian\\\/#primaryimage\",\"url\":\"https:\\\/\\\/www.gts-translation.com\\\/wp-content\\\/uploads\\\/2021\\\/10\\\/Italian-translation-services-3.jpg\",\"contentUrl\":\"https:\\\/\\\/www.gts-translation.com\\\/wp-content\\\/uploads\\\/2021\\\/10\\\/Italian-translation-services-3.jpg\",\"width\":1920,\"height\":776,\"caption\":\"Beautiful view of traditional Gondola on Canal Grande with historic Basilica di Santa Maria della Salute in the background on a sunny day in Venice, Italy\"},{\"@type\":\"BreadcrumbList\",\"@id\":\"https:\\\/\\\/www.gts-translation.com\\\/de\\\/languages\\\/italian\\\/#breadcrumb\",\"itemListElement\":[{\"@type\":\"ListItem\",\"position\":1,\"name\":\"Home\",\"item\":\"https:\\\/\\\/www.gts-translation.com\\\/de\\\/\"},{\"@type\":\"ListItem\",\"position\":2,\"name\":\"Sprachen\",\"item\":\"https:\\\/\\\/www.gts-translation.com\\\/de\\\/languages\\\/\"},{\"@type\":\"ListItem\",\"position\":3,\"name\":\"Italienische \u00dcbersetzungsdienste | Deutsch Italienische \u00dcbersetzung\"}]},{\"@type\":\"WebSite\",\"@id\":\"https:\\\/\\\/www.gts-translation.com\\\/de\\\/#website\",\"url\":\"https:\\\/\\\/www.gts-translation.com\\\/de\\\/\",\"name\":\"GTS Translation Services\",\"description\":\"Quality you can trust at prices you can&#039;t beat!\",\"publisher\":{\"@id\":\"https:\\\/\\\/www.gts-translation.com\\\/de\\\/#organization\"},\"potentialAction\":[{\"@type\":\"SearchAction\",\"target\":{\"@type\":\"EntryPoint\",\"urlTemplate\":\"https:\\\/\\\/www.gts-translation.com\\\/de\\\/?s={search_term_string}\"},\"query-input\":{\"@type\":\"PropertyValueSpecification\",\"valueRequired\":true,\"valueName\":\"search_term_string\"}}],\"inLanguage\":\"de\"},{\"@type\":\"Organization\",\"@id\":\"https:\\\/\\\/www.gts-translation.com\\\/de\\\/#organization\",\"name\":\"GTS Translation Services\",\"url\":\"https:\\\/\\\/www.gts-translation.com\\\/de\\\/\",\"logo\":{\"@type\":\"ImageObject\",\"inLanguage\":\"de\",\"@id\":\"https:\\\/\\\/www.gts-translation.com\\\/de\\\/#\\\/schema\\\/logo\\\/image\\\/\",\"url\":\"https:\\\/\\\/www.gts-translation.com\\\/wp-content\\\/uploads\\\/2023\\\/07\\\/gts-logo.png\",\"contentUrl\":\"https:\\\/\\\/www.gts-translation.com\\\/wp-content\\\/uploads\\\/2023\\\/07\\\/gts-logo.png\",\"width\":234,\"height\":80,\"caption\":\"GTS Translation Services\"},\"image\":{\"@id\":\"https:\\\/\\\/www.gts-translation.com\\\/de\\\/#\\\/schema\\\/logo\\\/image\\\/\"},\"sameAs\":[\"https:\\\/\\\/www.facebook.com\\\/GTS.Translation\\\/\"]}]}<\/script>\n<!-- \/ Yoast SEO Premium plugin. -->","yoast_head_json":{"title":"English to Italian Translation Services | Translate Italian to English","description":"GTS bietet professionelle Italienisch-\u00dcbersetzungsdienste, denen Sie vertrauen k\u00f6nnen. Erhalten Sie jetzt ein sofortiges Online-Preisangebot.","robots":{"index":"index","follow":"follow","max-snippet":"max-snippet:-1","max-image-preview":"max-image-preview:large","max-video-preview":"max-video-preview:-1"},"canonical":"https:\/\/www.gts-translation.com\/de\/languages\/italian\/","og_locale":"de_DE","og_type":"article","og_title":"Italienische \u00dcbersetzungsdienste | Deutsch Italienische \u00dcbersetzung","og_description":"GTS bietet professionelle Italienisch-\u00dcbersetzungsdienste, denen Sie vertrauen k\u00f6nnen. Erhalten Sie jetzt ein sofortiges Online-Preisangebot.","og_url":"https:\/\/www.gts-translation.com\/de\/languages\/italian\/","og_site_name":"GTS Translation Services","article_publisher":"https:\/\/www.facebook.com\/GTS.Translation\/","article_modified_time":"2025-05-26T14:20:27+00:00","og_image":[{"width":1920,"height":776,"url":"https:\/\/www.gts-translation.com\/wp-content\/uploads\/2021\/10\/Italian-translation-services-3.jpg","type":"image\/jpeg"}],"twitter_card":"summary_large_image","twitter_misc":{"Gesch\u00e4tzte Lesezeit":"3\u00a0Minuten"},"schema":{"@context":"https:\/\/schema.org","@graph":[{"@type":"WebPage","@id":"https:\/\/www.gts-translation.com\/de\/languages\/italian\/","url":"https:\/\/www.gts-translation.com\/de\/languages\/italian\/","name":"English to Italian Translation Services | Translate Italian to English","isPartOf":{"@id":"https:\/\/www.gts-translation.com\/de\/#website"},"primaryImageOfPage":{"@id":"https:\/\/www.gts-translation.com\/de\/languages\/italian\/#primaryimage"},"image":{"@id":"https:\/\/www.gts-translation.com\/de\/languages\/italian\/#primaryimage"},"thumbnailUrl":"https:\/\/www.gts-translation.com\/wp-content\/uploads\/2021\/10\/Italian-translation-services-3.jpg","datePublished":"2015-05-02T09:56:49+00:00","dateModified":"2025-05-26T14:20:27+00:00","description":"GTS bietet professionelle Italienisch-\u00dcbersetzungsdienste, denen Sie vertrauen k\u00f6nnen. Erhalten Sie jetzt ein sofortiges Online-Preisangebot.","breadcrumb":{"@id":"https:\/\/www.gts-translation.com\/de\/languages\/italian\/#breadcrumb"},"inLanguage":"de","potentialAction":[{"@type":"ReadAction","target":["https:\/\/www.gts-translation.com\/de\/languages\/italian\/"]}]},{"@type":"ImageObject","inLanguage":"de","@id":"https:\/\/www.gts-translation.com\/de\/languages\/italian\/#primaryimage","url":"https:\/\/www.gts-translation.com\/wp-content\/uploads\/2021\/10\/Italian-translation-services-3.jpg","contentUrl":"https:\/\/www.gts-translation.com\/wp-content\/uploads\/2021\/10\/Italian-translation-services-3.jpg","width":1920,"height":776,"caption":"Beautiful view of traditional Gondola on Canal Grande with historic Basilica di Santa Maria della Salute in the background on a sunny day in Venice, Italy"},{"@type":"BreadcrumbList","@id":"https:\/\/www.gts-translation.com\/de\/languages\/italian\/#breadcrumb","itemListElement":[{"@type":"ListItem","position":1,"name":"Home","item":"https:\/\/www.gts-translation.com\/de\/"},{"@type":"ListItem","position":2,"name":"Sprachen","item":"https:\/\/www.gts-translation.com\/de\/languages\/"},{"@type":"ListItem","position":3,"name":"Italienische \u00dcbersetzungsdienste | Deutsch Italienische \u00dcbersetzung"}]},{"@type":"WebSite","@id":"https:\/\/www.gts-translation.com\/de\/#website","url":"https:\/\/www.gts-translation.com\/de\/","name":"GTS Translation Services","description":"Quality you can trust at prices you can&#039;t beat!","publisher":{"@id":"https:\/\/www.gts-translation.com\/de\/#organization"},"potentialAction":[{"@type":"SearchAction","target":{"@type":"EntryPoint","urlTemplate":"https:\/\/www.gts-translation.com\/de\/?s={search_term_string}"},"query-input":{"@type":"PropertyValueSpecification","valueRequired":true,"valueName":"search_term_string"}}],"inLanguage":"de"},{"@type":"Organization","@id":"https:\/\/www.gts-translation.com\/de\/#organization","name":"GTS Translation Services","url":"https:\/\/www.gts-translation.com\/de\/","logo":{"@type":"ImageObject","inLanguage":"de","@id":"https:\/\/www.gts-translation.com\/de\/#\/schema\/logo\/image\/","url":"https:\/\/www.gts-translation.com\/wp-content\/uploads\/2023\/07\/gts-logo.png","contentUrl":"https:\/\/www.gts-translation.com\/wp-content\/uploads\/2023\/07\/gts-logo.png","width":234,"height":80,"caption":"GTS Translation Services"},"image":{"@id":"https:\/\/www.gts-translation.com\/de\/#\/schema\/logo\/image\/"},"sameAs":["https:\/\/www.facebook.com\/GTS.Translation\/"]}]}},"_links":{"self":[{"href":"https:\/\/www.gts-translation.com\/de\/wp-json\/wp\/v2\/pages\/12244","targetHints":{"allow":["GET"]}}],"collection":[{"href":"https:\/\/www.gts-translation.com\/de\/wp-json\/wp\/v2\/pages"}],"about":[{"href":"https:\/\/www.gts-translation.com\/de\/wp-json\/wp\/v2\/types\/page"}],"author":[{"embeddable":true,"href":"https:\/\/www.gts-translation.com\/de\/wp-json\/wp\/v2\/users\/261"}],"replies":[{"embeddable":true,"href":"https:\/\/www.gts-translation.com\/de\/wp-json\/wp\/v2\/comments?post=12244"}],"version-history":[{"count":3,"href":"https:\/\/www.gts-translation.com\/de\/wp-json\/wp\/v2\/pages\/12244\/revisions"}],"predecessor-version":[{"id":63587,"href":"https:\/\/www.gts-translation.com\/de\/wp-json\/wp\/v2\/pages\/12244\/revisions\/63587"}],"up":[{"embeddable":true,"href":"https:\/\/www.gts-translation.com\/de\/wp-json\/wp\/v2\/pages\/12232"}],"wp:featuredmedia":[{"embeddable":true,"href":"https:\/\/www.gts-translation.com\/de\/wp-json\/wp\/v2\/media\/35323"}],"wp:attachment":[{"href":"https:\/\/www.gts-translation.com\/de\/wp-json\/wp\/v2\/media?parent=12244"}],"curies":[{"name":"wp","href":"https:\/\/api.w.org\/{rel}","templated":true}]}}