{"id":12248,"date":"2015-05-02T10:07:20","date_gmt":"2015-05-02T10:07:20","guid":{"rendered":"https:\/\/www.gts-translation.com\/languages\/russian\/"},"modified":"2023-09-24T13:17:57","modified_gmt":"2023-09-24T13:17:57","slug":"russian-translation-services","status":"publish","type":"page","link":"https:\/\/www.gts-translation.com\/de\/languages\/russian-translation-services\/","title":{"rendered":"Russische \u00dcbersetzungsdienste"},"content":{"rendered":"\n<h1 class=\"wp-block-heading\">Russische \u00dcbersetzungsdienste<\/h1>\n\n\n\n<p>GTS Translation hat eine nachgewiesene Erfolgsbilanz bei der Erbringung qualitativ hochwertiger Englisch-Russisch-\u00dcbersetzungsdienstleistungen. Laden Sie einfach Ihre Dokumente hoch, um ein sofortiges Online-Preisangebot zu erhalten.<\/p>\n\n\n\n<h2 class=\"wp-block-heading\"><img decoding=\"async\" class=\"aligncenter wp-image-23810 size-full\" src=\"https:\/\/www.gts-translation.com\/wp-content\/uploads\/2020\/02\/montag-review.png\" alt=\"Russian to English translation service\" width=\"100%\" srcset=\"https:\/\/www.gts-translation.com\/wp-content\/uploads\/2020\/02\/montag-review.png 882w, https:\/\/www.gts-translation.com\/wp-content\/uploads\/2020\/02\/montag-review-300x62.png 300w, https:\/\/www.gts-translation.com\/wp-content\/uploads\/2020\/02\/montag-review-768x159.png 768w\" sizes=\"(max-width: 882px) 100vw, 882px\" \/>Warum sollten Sie GTS als \u00dcbersetzungsb\u00fcro w\u00e4hlen?<\/h2>\n\n\n\n<p>GTS Translation ist ein f\u00fchrender Anbieter von professionellen Russisch-\u00dcbersetzungen.&nbsp; Wir bieten qualitativ hochwertige Englisch-Russisch-\u00dcbersetzungsdienstleistungen mit einem gepr\u00fcften Team von muttersprachlichen, im Land ans\u00e4ssigen Russisch-\u00dcbersetzern. Wir bieten fachkundige Englisch-Russisch-\u00dcbersetzungen in vielen Bereichen, darunter Technik, Medizin, Recht, Patente und IP-Dokumente, Software, Technik und Finanzen. Einige der gr\u00f6\u00dften Unternehmen der Welt haben GTS als ihr russisches \u00dcbersetzungsunternehmen gew\u00e4hlt. Klicken Sie hier, um unsere Kundenliste zu sehen.<\/p>\n\n\n<div class=\"wp-block-image\">\n<figure class=\"alignleft\"><a href=\"https:\/\/www.gts-translation.com\/wp-content\/uploads\/2018\/03\/Russian-Translation-Services.jpg\"><img decoding=\"async\" width=\"300\" height=\"200\" src=\"https:\/\/www.gts-translation.com\/wp-content\/uploads\/2018\/03\/Russian-Translation-Services-300x200.jpg\" alt=\"Russian Translation Services\" class=\"wp-image-12501\" srcset=\"https:\/\/www.gts-translation.com\/wp-content\/uploads\/2018\/03\/Russian-Translation-Services-300x200.jpg 300w, https:\/\/www.gts-translation.com\/wp-content\/uploads\/2018\/03\/Russian-Translation-Services.jpg 450w\" sizes=\"(max-width: 300px) 100vw, 300px\" \/><\/a><figcaption class=\"wp-element-caption\">For over 15 years, GTS has been providing Russian Translation Services to top companies worldwide<\/figcaption><\/figure>\n<\/div>\n\n\n<h2 class=\"wp-block-heading\">Preisnachl\u00e4sse f\u00fcr russische \u00dcbersetzungen<\/h2>\n\n\n\n<p>Verwenden Sie GTS-Gutscheincodes, um einen Rabatt f\u00fcr russische \u00dcbersetzungen zu erhalten. Neukunden erhalten einen Rabatt von 5% auf ihre erste Bestellung. Klicken Sie hier f\u00fcr weitere Informationen \u00fcber Preisnachl\u00e4sse f\u00fcr \u00dcbersetzungen.<\/p>\n\n\n\n<h2 class=\"wp-block-heading\">\u00dcbersetzen Russisch in Deutsch<\/h2>\n\n\n\n<p>Wir bieten einen \u00dcbersetzungsservice vom Russischen ins Deutsche und vom Russischen in \u00fcber 60 andere Sprachen. Wir sind auf die \u00dcbersetzung aller Arten von russischen Dokumenten ins Englische spezialisiert, einschlie\u00dflich medizinischer Berichte und juristischer Dokumente wie Vertr\u00e4ge.<\/p>\n\n\n\n<h2 class=\"wp-block-heading\">Fakten zur Russisch-\u00dcbersetzung<\/h2>\n\n\n\n<p>Russland ist das gr\u00f6\u00dfte Land der Welt: doppelt so gro\u00df wie die USA oder China, f\u00fcnfmal so gro\u00df wie Indien und 70-mal so gro\u00df wie das Vereinigte K\u00f6nigreich. Diese enorme Gr\u00f6\u00dfe bringt einen gro\u00dfen Reichtum an nat\u00fcrlichen Ressourcen mit sich, der Russland zu einer weltweit f\u00fchrenden Wirtschaftsmacht und zu einem wichtigen Handelspartner f\u00fcr viele L\u00e4nder macht.<\/p>\n\n\n\n<figure class=\"wp-block-embed is-type-video is-provider-youtube wp-block-embed-youtube wp-embed-aspect-16-9 wp-has-aspect-ratio\"><div class=\"wp-block-embed__wrapper\">\n<iframe loading=\"lazy\" title=\"The Russian Language\" width=\"1140\" height=\"641.25\" src=\"https:\/\/www.youtube.com\/embed\/Y4cXIyyc-L0?feature=oembed&#038;enablejsapi=1&#038;origin=https:\/\/www.gts-translation.com\" frameborder=\"0\" allow=\"accelerometer; autoplay; encrypted-media; gyroscope; picture-in-picture\" allowfullscreen><\/iframe>\n<\/div><\/figure>\n\n\n\n<p>Russisch ist eine der zehn meistgesprochenen Sprachen der Welt. Es ist die Amtssprache in Russland sowie in anderen osteurop\u00e4ischen L\u00e4ndern, die zum ehemaligen Sowjetblock geh\u00f6rten. Russisch wird in kyrillischer Schrift (russisches Alphabet) geschrieben, was es f\u00fcr die meisten Menschen in den USA und Westeuropa unentzifferbar macht. Russisch gilt auch als eine der schwierigeren Sprachen, die ein Englischsprachiger lernen muss.<\/p>\n\n\n\n<h2 class=\"wp-block-heading\">Russische Dokumente \u00fcbersetzen<\/h2>\n\n\n\n<p>GTS ist der beste Anbieter von Dokumenten\u00fcbersetzungsdiensten. Wir \u00fcbersetzen russische Dokumente in jedem Dateiformat, einschlie\u00dflich PDF, MS Word, Powerpoint, Excel, Adobe InDesign und Framemaker. Wenn Sie exzellente Qualit\u00e4t bei Online-\u00dcbersetzungsdiensten Englisch-Russisch und eine erstklassige \u00dcbersetzung von Dokumenten aus dem Russischen ins Englische w\u00fcnschen, sind Sie bei GTS genau richtig.<\/p>\n\n\n\n<h2 class=\"wp-block-heading\">Russische medizinische \u00dcbersetzung<\/h2>\n\n\n\n<p>GTS bietet beglaubigte \u00dcbersetzungen von medizinischen Berichten ins Russische und aus dem Russischen an. Diese \u00dcbersetzungen werden h\u00e4ufig in der aufbl\u00fchenden Medizintourismusbranche ben\u00f6tigt. Wir bieten auch medizinische \u00dcbersetzungen ins Russische f\u00fcr Pharmaunternehmen, Hersteller medizinischer Ger\u00e4te, biomedizinische Unternehmen und CROs. Dies umfasst:<\/p>\n\n\n\n<ul class=\"wp-block-list\">\n<li>Klinische Protokolle und Zusammenfassungen von Protokollen<\/li>\n\n\n\n<li>Einverst\u00e4ndniserkl\u00e4rungen<\/li>\n\n\n\n<li>Vereinbarungen \u00fcber klinische Studien<\/li>\n\n\n\n<li>Gebrauchsanweisungen f\u00fcr medizinische Ger\u00e4te<\/li>\n\n\n\n<li>Benutzerhandb\u00fccher f\u00fcr medizinische Software<\/li>\n\n\n\n<li>Etiketten f\u00fcr Studienmedikamente<\/li>\n\n\n\n<li>Fallberichtsformulare (CRF)<\/li>\n\n\n\n<li>Lokalisierung von medizinischer Software<\/li>\n<\/ul>\n\n\n\n<h2 class=\"wp-block-heading\">Technische \u00dcbersetzung Russisch<\/h2>\n\n\n\n<p>GTS bietet hochwertige russische technische \u00dcbersetzungsdienste f\u00fcr Kunden in aller Welt. Dies umfasst die russische technische \u00dcbersetzung von :<\/p>\n\n\n\n<ul class=\"wp-block-list\">\n<li>Handb\u00fccher und Bedienungsanleitungen.<\/li>\n\n\n\n<li>RFP- und RFQ-Dokumente, Ausschreibungen und Angebote<\/li>\n\n\n\n<li>Sicherheitsdatenbl\u00e4tter&nbsp;(SDB)<\/li>\n\n\n\n<li>Technische Dokumente, technische Zeichnungen<\/li>\n\n\n\n<li>Datenbl\u00e4tter und Webinhalte<\/li>\n<\/ul>\n\n\n\n<h2 class=\"wp-block-heading\">Russische juristische \u00dcbersetzung<\/h2>\n\n\n\n<p>GTS bietet beglaubigte russische juristische \u00dcbersetzungsdienste f\u00fcr Unternehmen, die international t\u00e4tig sind. Dies umfasst:<\/p>\n\n\n\n<ul class=\"wp-block-list\">\n<li>Vertr\u00e4ge<\/li>\n\n\n\n<li>Juristische Vereinbarungen<\/li>\n\n\n\n<li>Eidesstattliche Versicherungen<\/li>\n\n\n\n<li>Patente<\/li>\n\n\n\n<li>Gerichts- und Prozessdokumente<\/li>\n<\/ul>\n","protected":false},"excerpt":{"rendered":"<p>Russische \u00dcbersetzungsdienste GTS Translation hat eine nachgewiesene Erfolgsbilanz bei der Erbringung qualitativ hochwertiger Englisch-Russisch-\u00dcbersetzungsdienstleistungen. Laden Sie einfach Ihre Dokumente hoch, um ein sofortiges Online-Preisangebot zu erhalten. Warum sollten Sie GTS als \u00dcbersetzungsb\u00fcro w\u00e4hlen? GTS Translation ist ein f\u00fchrender Anbieter von professionellen Russisch-\u00dcbersetzungen.&nbsp; Wir bieten qualitativ hochwertige Englisch-Russisch-\u00dcbersetzungsdienstleistungen mit einem gepr\u00fcften Team von muttersprachlichen, im Land &#8230; <a title=\"Russische \u00dcbersetzungsdienste\" class=\"read-more\" href=\"https:\/\/www.gts-translation.com\/de\/languages\/russian-translation-services\/\" aria-label=\"Mehr Informationen \u00fcber Russische \u00dcbersetzungsdienste\">Weiterlesen<\/a><\/p>\n","protected":false},"author":261,"featured_media":35063,"parent":12232,"menu_order":0,"comment_status":"open","ping_status":"open","template":"templates\/landing-page.php","meta":{"_acf_changed":false,"inline_featured_image":false,"_monsterinsights_skip_tracking":false,"_monsterinsights_sitenote_active":false,"_monsterinsights_sitenote_note":"","_monsterinsights_sitenote_category":0,"footnotes":""},"class_list":["post-12248","page","type-page","status-publish","has-post-thumbnail"],"acf":[],"yoast_head":"<!-- This site is optimized with the Yoast SEO Premium plugin v24.2 (Yoast SEO v27.4) - https:\/\/yoast.com\/product\/yoast-seo-premium-wordpress\/ -->\n<title>English to Russian Translation Services | Russian to English Translation<\/title>\n<meta name=\"description\" content=\"GTS provides high quality English to Russian translation services, and Russian to English translation service. Get an instant online price quote now.\" \/>\n<meta name=\"robots\" content=\"index, follow, max-snippet:-1, max-image-preview:large, max-video-preview:-1\" \/>\n<link rel=\"canonical\" href=\"https:\/\/www.gts-translation.com\/de\/languages\/russian-translation-services\/\" \/>\n<meta property=\"og:locale\" content=\"de_DE\" \/>\n<meta property=\"og:type\" content=\"article\" \/>\n<meta property=\"og:title\" content=\"Russische \u00dcbersetzungsdienste\" \/>\n<meta property=\"og:description\" content=\"GTS provides high quality English to Russian translation services, and Russian to English translation service. Get an instant online price quote now.\" \/>\n<meta property=\"og:url\" content=\"https:\/\/www.gts-translation.com\/de\/languages\/russian-translation-services\/\" \/>\n<meta property=\"og:site_name\" content=\"GTS Translation Services\" \/>\n<meta property=\"article:publisher\" content=\"https:\/\/www.facebook.com\/GTS.Translation\/\" \/>\n<meta property=\"article:modified_time\" content=\"2023-09-24T13:17:57+00:00\" \/>\n<meta property=\"og:image\" content=\"https:\/\/www.gts-translation.com\/wp-content\/uploads\/2021\/10\/russian-translation-services-1.jpg\" \/>\n\t<meta property=\"og:image:width\" content=\"846\" \/>\n\t<meta property=\"og:image:height\" content=\"441\" \/>\n\t<meta property=\"og:image:type\" content=\"image\/jpeg\" \/>\n<meta name=\"twitter:card\" content=\"summary_large_image\" \/>\n<meta name=\"twitter:label1\" content=\"Gesch\u00e4tzte Lesezeit\" \/>\n\t<meta name=\"twitter:data1\" content=\"3\u00a0Minuten\" \/>\n<script type=\"application\/ld+json\" class=\"yoast-schema-graph\">{\"@context\":\"https:\\\/\\\/schema.org\",\"@graph\":[{\"@type\":\"WebPage\",\"@id\":\"https:\\\/\\\/www.gts-translation.com\\\/de\\\/languages\\\/russian-translation-services\\\/\",\"url\":\"https:\\\/\\\/www.gts-translation.com\\\/de\\\/languages\\\/russian-translation-services\\\/\",\"name\":\"English to Russian Translation Services | Russian to English Translation\",\"isPartOf\":{\"@id\":\"https:\\\/\\\/www.gts-translation.com\\\/de\\\/#website\"},\"primaryImageOfPage\":{\"@id\":\"https:\\\/\\\/www.gts-translation.com\\\/de\\\/languages\\\/russian-translation-services\\\/#primaryimage\"},\"image\":{\"@id\":\"https:\\\/\\\/www.gts-translation.com\\\/de\\\/languages\\\/russian-translation-services\\\/#primaryimage\"},\"thumbnailUrl\":\"https:\\\/\\\/www.gts-translation.com\\\/wp-content\\\/uploads\\\/2021\\\/10\\\/russian-translation-services-1.jpg\",\"datePublished\":\"2015-05-02T10:07:20+00:00\",\"dateModified\":\"2023-09-24T13:17:57+00:00\",\"description\":\"GTS provides high quality English to Russian translation services, and Russian to English translation service. Get an instant online price quote now.\",\"breadcrumb\":{\"@id\":\"https:\\\/\\\/www.gts-translation.com\\\/de\\\/languages\\\/russian-translation-services\\\/#breadcrumb\"},\"inLanguage\":\"de\",\"potentialAction\":[{\"@type\":\"ReadAction\",\"target\":[\"https:\\\/\\\/www.gts-translation.com\\\/de\\\/languages\\\/russian-translation-services\\\/\"]}]},{\"@type\":\"ImageObject\",\"inLanguage\":\"de\",\"@id\":\"https:\\\/\\\/www.gts-translation.com\\\/de\\\/languages\\\/russian-translation-services\\\/#primaryimage\",\"url\":\"https:\\\/\\\/www.gts-translation.com\\\/wp-content\\\/uploads\\\/2021\\\/10\\\/russian-translation-services-1.jpg\",\"contentUrl\":\"https:\\\/\\\/www.gts-translation.com\\\/wp-content\\\/uploads\\\/2021\\\/10\\\/russian-translation-services-1.jpg\",\"width\":846,\"height\":441,\"caption\":\"Cathedral of Vasily the Blessed in Moscow\"},{\"@type\":\"BreadcrumbList\",\"@id\":\"https:\\\/\\\/www.gts-translation.com\\\/de\\\/languages\\\/russian-translation-services\\\/#breadcrumb\",\"itemListElement\":[{\"@type\":\"ListItem\",\"position\":1,\"name\":\"Home\",\"item\":\"https:\\\/\\\/www.gts-translation.com\\\/de\\\/\"},{\"@type\":\"ListItem\",\"position\":2,\"name\":\"Sprachen\",\"item\":\"https:\\\/\\\/www.gts-translation.com\\\/de\\\/languages\\\/\"},{\"@type\":\"ListItem\",\"position\":3,\"name\":\"Russische \u00dcbersetzungsdienste\"}]},{\"@type\":\"WebSite\",\"@id\":\"https:\\\/\\\/www.gts-translation.com\\\/de\\\/#website\",\"url\":\"https:\\\/\\\/www.gts-translation.com\\\/de\\\/\",\"name\":\"GTS Translation Services\",\"description\":\"Quality you can trust at prices you can&#039;t beat!\",\"publisher\":{\"@id\":\"https:\\\/\\\/www.gts-translation.com\\\/de\\\/#organization\"},\"potentialAction\":[{\"@type\":\"SearchAction\",\"target\":{\"@type\":\"EntryPoint\",\"urlTemplate\":\"https:\\\/\\\/www.gts-translation.com\\\/de\\\/?s={search_term_string}\"},\"query-input\":{\"@type\":\"PropertyValueSpecification\",\"valueRequired\":true,\"valueName\":\"search_term_string\"}}],\"inLanguage\":\"de\"},{\"@type\":\"Organization\",\"@id\":\"https:\\\/\\\/www.gts-translation.com\\\/de\\\/#organization\",\"name\":\"GTS Translation Services\",\"url\":\"https:\\\/\\\/www.gts-translation.com\\\/de\\\/\",\"logo\":{\"@type\":\"ImageObject\",\"inLanguage\":\"de\",\"@id\":\"https:\\\/\\\/www.gts-translation.com\\\/de\\\/#\\\/schema\\\/logo\\\/image\\\/\",\"url\":\"https:\\\/\\\/www.gts-translation.com\\\/wp-content\\\/uploads\\\/2023\\\/07\\\/gts-logo.png\",\"contentUrl\":\"https:\\\/\\\/www.gts-translation.com\\\/wp-content\\\/uploads\\\/2023\\\/07\\\/gts-logo.png\",\"width\":234,\"height\":80,\"caption\":\"GTS Translation Services\"},\"image\":{\"@id\":\"https:\\\/\\\/www.gts-translation.com\\\/de\\\/#\\\/schema\\\/logo\\\/image\\\/\"},\"sameAs\":[\"https:\\\/\\\/www.facebook.com\\\/GTS.Translation\\\/\"]}]}<\/script>\n<!-- \/ Yoast SEO Premium plugin. -->","yoast_head_json":{"title":"English to Russian Translation Services | Russian to English Translation","description":"GTS provides high quality English to Russian translation services, and Russian to English translation service. Get an instant online price quote now.","robots":{"index":"index","follow":"follow","max-snippet":"max-snippet:-1","max-image-preview":"max-image-preview:large","max-video-preview":"max-video-preview:-1"},"canonical":"https:\/\/www.gts-translation.com\/de\/languages\/russian-translation-services\/","og_locale":"de_DE","og_type":"article","og_title":"Russische \u00dcbersetzungsdienste","og_description":"GTS provides high quality English to Russian translation services, and Russian to English translation service. Get an instant online price quote now.","og_url":"https:\/\/www.gts-translation.com\/de\/languages\/russian-translation-services\/","og_site_name":"GTS Translation Services","article_publisher":"https:\/\/www.facebook.com\/GTS.Translation\/","article_modified_time":"2023-09-24T13:17:57+00:00","og_image":[{"width":846,"height":441,"url":"https:\/\/www.gts-translation.com\/wp-content\/uploads\/2021\/10\/russian-translation-services-1.jpg","type":"image\/jpeg"}],"twitter_card":"summary_large_image","twitter_misc":{"Gesch\u00e4tzte Lesezeit":"3\u00a0Minuten"},"schema":{"@context":"https:\/\/schema.org","@graph":[{"@type":"WebPage","@id":"https:\/\/www.gts-translation.com\/de\/languages\/russian-translation-services\/","url":"https:\/\/www.gts-translation.com\/de\/languages\/russian-translation-services\/","name":"English to Russian Translation Services | Russian to English Translation","isPartOf":{"@id":"https:\/\/www.gts-translation.com\/de\/#website"},"primaryImageOfPage":{"@id":"https:\/\/www.gts-translation.com\/de\/languages\/russian-translation-services\/#primaryimage"},"image":{"@id":"https:\/\/www.gts-translation.com\/de\/languages\/russian-translation-services\/#primaryimage"},"thumbnailUrl":"https:\/\/www.gts-translation.com\/wp-content\/uploads\/2021\/10\/russian-translation-services-1.jpg","datePublished":"2015-05-02T10:07:20+00:00","dateModified":"2023-09-24T13:17:57+00:00","description":"GTS provides high quality English to Russian translation services, and Russian to English translation service. Get an instant online price quote now.","breadcrumb":{"@id":"https:\/\/www.gts-translation.com\/de\/languages\/russian-translation-services\/#breadcrumb"},"inLanguage":"de","potentialAction":[{"@type":"ReadAction","target":["https:\/\/www.gts-translation.com\/de\/languages\/russian-translation-services\/"]}]},{"@type":"ImageObject","inLanguage":"de","@id":"https:\/\/www.gts-translation.com\/de\/languages\/russian-translation-services\/#primaryimage","url":"https:\/\/www.gts-translation.com\/wp-content\/uploads\/2021\/10\/russian-translation-services-1.jpg","contentUrl":"https:\/\/www.gts-translation.com\/wp-content\/uploads\/2021\/10\/russian-translation-services-1.jpg","width":846,"height":441,"caption":"Cathedral of Vasily the Blessed in Moscow"},{"@type":"BreadcrumbList","@id":"https:\/\/www.gts-translation.com\/de\/languages\/russian-translation-services\/#breadcrumb","itemListElement":[{"@type":"ListItem","position":1,"name":"Home","item":"https:\/\/www.gts-translation.com\/de\/"},{"@type":"ListItem","position":2,"name":"Sprachen","item":"https:\/\/www.gts-translation.com\/de\/languages\/"},{"@type":"ListItem","position":3,"name":"Russische \u00dcbersetzungsdienste"}]},{"@type":"WebSite","@id":"https:\/\/www.gts-translation.com\/de\/#website","url":"https:\/\/www.gts-translation.com\/de\/","name":"GTS Translation Services","description":"Quality you can trust at prices you can&#039;t beat!","publisher":{"@id":"https:\/\/www.gts-translation.com\/de\/#organization"},"potentialAction":[{"@type":"SearchAction","target":{"@type":"EntryPoint","urlTemplate":"https:\/\/www.gts-translation.com\/de\/?s={search_term_string}"},"query-input":{"@type":"PropertyValueSpecification","valueRequired":true,"valueName":"search_term_string"}}],"inLanguage":"de"},{"@type":"Organization","@id":"https:\/\/www.gts-translation.com\/de\/#organization","name":"GTS Translation Services","url":"https:\/\/www.gts-translation.com\/de\/","logo":{"@type":"ImageObject","inLanguage":"de","@id":"https:\/\/www.gts-translation.com\/de\/#\/schema\/logo\/image\/","url":"https:\/\/www.gts-translation.com\/wp-content\/uploads\/2023\/07\/gts-logo.png","contentUrl":"https:\/\/www.gts-translation.com\/wp-content\/uploads\/2023\/07\/gts-logo.png","width":234,"height":80,"caption":"GTS Translation Services"},"image":{"@id":"https:\/\/www.gts-translation.com\/de\/#\/schema\/logo\/image\/"},"sameAs":["https:\/\/www.facebook.com\/GTS.Translation\/"]}]}},"_links":{"self":[{"href":"https:\/\/www.gts-translation.com\/de\/wp-json\/wp\/v2\/pages\/12248","targetHints":{"allow":["GET"]}}],"collection":[{"href":"https:\/\/www.gts-translation.com\/de\/wp-json\/wp\/v2\/pages"}],"about":[{"href":"https:\/\/www.gts-translation.com\/de\/wp-json\/wp\/v2\/types\/page"}],"author":[{"embeddable":true,"href":"https:\/\/www.gts-translation.com\/de\/wp-json\/wp\/v2\/users\/261"}],"replies":[{"embeddable":true,"href":"https:\/\/www.gts-translation.com\/de\/wp-json\/wp\/v2\/comments?post=12248"}],"version-history":[{"count":2,"href":"https:\/\/www.gts-translation.com\/de\/wp-json\/wp\/v2\/pages\/12248\/revisions"}],"predecessor-version":[{"id":60557,"href":"https:\/\/www.gts-translation.com\/de\/wp-json\/wp\/v2\/pages\/12248\/revisions\/60557"}],"up":[{"embeddable":true,"href":"https:\/\/www.gts-translation.com\/de\/wp-json\/wp\/v2\/pages\/12232"}],"wp:featuredmedia":[{"embeddable":true,"href":"https:\/\/www.gts-translation.com\/de\/wp-json\/wp\/v2\/media\/35063"}],"wp:attachment":[{"href":"https:\/\/www.gts-translation.com\/de\/wp-json\/wp\/v2\/media?parent=12248"}],"curies":[{"name":"wp","href":"https:\/\/api.w.org\/{rel}","templated":true}]}}