{"id":12250,"date":"2015-05-02T10:17:22","date_gmt":"2015-05-02T10:17:22","guid":{"rendered":"https:\/\/www.gts-translation.com\/languages\/spanish\/"},"modified":"2025-01-06T07:18:37","modified_gmt":"2025-01-06T07:18:37","slug":"spanish-translation-services","status":"publish","type":"page","link":"https:\/\/www.gts-translation.com\/de\/languages\/spanish-translation-services\/","title":{"rendered":"Spanisch-\u00dcbersetzungsdienste | Spanisch-\u00dcbersetzer"},"content":{"rendered":"<h1>Die besten \u00dcbersetzungsdienste f\u00fcr Spanisch im Jahr 2026<\/h1>\n<p>GTS ist ein f\u00fchrendes \u00dcbersetzungsb\u00fcro f\u00fcr Englisch Spanisch, das professionelle \u00dcbersetzungsdienstleistungen f\u00fcr einige der weltweit f\u00fchrenden Unternehmen anbietet.<\/p>\n<h2><img decoding=\"async\" class=\"aligncenter size-full wp-image-23790\" src=\"https:\/\/www.gts-translation.com\/wp-content\/uploads\/2020\/02\/veuthy-review.png\" alt=\"\" width=\"100%\" srcset=\"https:\/\/www.gts-translation.com\/wp-content\/uploads\/2020\/02\/veuthy-review.png 919w, https:\/\/www.gts-translation.com\/wp-content\/uploads\/2020\/02\/veuthy-review-300x71.png 300w, https:\/\/www.gts-translation.com\/wp-content\/uploads\/2020\/02\/veuthy-review-768x182.png 768w\" sizes=\"(max-width: 919px) 100vw, 919px\" \/><\/h2>\n<h2>Warum GTS als Spanisch-\u00dcbersetzer w\u00e4hlen?<\/h2>\n<figure id=\"attachment_16177\" aria-describedby=\"caption-attachment-16177\" style=\"width: 328px\" class=\"wp-caption alignleft\"><a href=\"https:\/\/www.gts-translation.com\/wp-content\/uploads\/2019\/03\/Spanish-translation-services.jpg\"><img decoding=\"async\" class=\"wp-image-16177\" title=\"Spanisch \u00dcbersetzungsdienste\" src=\"https:\/\/www.gts-translation.com\/wp-content\/uploads\/2019\/03\/Spanish-translation-services-300x200.jpg\" alt=\"Spanisch \u00dcbersetzungsdienste\" width=\"338\" height=\"225\" srcset=\"https:\/\/www.gts-translation.com\/wp-content\/uploads\/2019\/03\/Spanish-translation-services-300x200.jpg 300w, https:\/\/www.gts-translation.com\/wp-content\/uploads\/2019\/03\/Spanish-translation-services-768x512.jpg 768w, https:\/\/www.gts-translation.com\/wp-content\/uploads\/2019\/03\/Spanish-translation-services.jpg 847w\" sizes=\"(max-width: 338px) 100vw, 338px\" \/><\/a><figcaption id=\"caption-attachment-16177\" class=\"wp-caption-text\">GTS ist Ihr bester Partner f\u00fcr spanische \u00dcbersetzungsdienste in allen spanischsprachigen L\u00e4ndern.<\/figcaption><\/figure>\n<p>GTS bietet akkurate <strong>Spanisch-\u00dcbersetzungsdienste<\/strong> mit einem gepr\u00fcften Team von muttersprachlichen Spanisch-\u00dcbersetzern aus dem jeweiligen Land. Wir bieten fachkundige <a href=\"https:\/\/www.britannica.com\/topic\/Spanish-language\">spanische \u00dcbersetzungsdienste<\/a> in vielen Bereichen, darunter Technik, Medizin, Recht, Patente und IP-Dokumente, Software, Technik und Finanzen. Wir \u00fcbersetzen vom <a href=\"https:\/\/www.gts-translation.com\/translate-documents-from-spanish-to-english\/\">Spanischen ins Deutsch<\/a>, vom Englischen ins Spanische und vom Spanischen in \u00fcber 80 andere Sprachen.<\/p>\n<p>Wir haben nachweislich Erfahrung in der Bereitstellung effektiver \u00dcbersetzungsdienste f\u00fcr alle <a href=\"https:\/\/en.wikipedia.org\/wiki\/List_of_countries_where_Spanish_is_an_official_language\">spanischsprachigen L\u00e4nder<\/a>. Viele unserer Kunden sind der Meinung, dass GTS das <a href=\"https:\/\/www.gts-translation.com\/best-translation-company\/\">beste \u00dcbersetzungsunternehmen<\/a> f\u00fcr ihre Bed\u00fcrfnisse ist.<\/p>\n<h2>Muttersprachliche Spanisch-\u00dcbersetzer in jedem Land<\/h2>\n<p>Wir haben \u00dcbersetzer in jedem Land der Welt, in dem Spanisch gesprochen wird. Unsere Spanisch-\u00dcbersetzer verf\u00fcgen \u00fcber Fachkenntnisse in der jeweiligen Landessprache. Das beinhaltet:<\/p>\n<ul>\n<li>Mexikanisches Spanisch \u00dcbersetzung<\/li>\n<li>Europ\u00e4ische spanische \u00dcbersetzung<\/li>\n<li>Lateinamerikanisches Spanisch \u00dcbersetzung<\/li>\n<li>USA Spanisch \u00dcbersetzung<\/li>\n<\/ul>\n<h2><strong>Zertifizierte Spanisch-\u00dcbersetzungsdienste<\/strong><\/h2>\n<p>GTS ist ein zertifiziertes spanisches \u00dcbersetzungsb\u00fcro: Unser Qualit\u00e4tsmanagementsystem wird j\u00e4hrlich von einer zugelassenen Zertifizierungsstelle gepr\u00fcft und entspricht der Norm ISO 17100:2015. GTS bietet beglaubigte spanische \u00dcbersetzungsdienste f\u00fcr medizinische, technische und juristische Dokumente. Wir \u00fcbersetzen alle Einwanderungs- und offiziellen Dokumente. Wir garantieren die Akzeptanz durch <a href=\"https:\/\/www.uscis.gov\/\">Einwanderungsbeh\u00f6rden<\/a>in anderen L\u00e4ndern.<\/p>\n<h2>\u00dcbersetzungsdienste f\u00fcr spanische Dokumente<\/h2>\n<p>Wir bieten \u00dcbersetzungen von Englisch und <a href=\"https:\/\/www.gts-translation.com\/english-to-spanish-translation-services\/\">Deutsch nach Spanisch<\/a> in allen Dateiformaten an, einschlie\u00dflich PDF, MS Word, Powerpoint, Excel, Adobe InDesign und Framemaker. Wenn Sie ein Dokument schnell und in hervorragender Qualit\u00e4t ins Spanische \u00fcbersetzen m\u00fcssen, sind Sie bei GTS an der richtigen Adresse.<\/p>\n<h2>\u00dcbersetzung spanischer Websites<\/h2>\n<p>Wir bieten die <a href=\"https:\/\/www.gts-translation.com\/website-translation-services\/\">\u00dcbersetzung von Websites ins Spanische<\/a> an. Sie k\u00f6nnen auch unser <a href=\"https:\/\/www.gts-translation.com\/tools\/website-translator\/\">kosteng\u00fcnstiges Webseiten-\u00dcbersetzungstool<\/a> verwenden, um Ihre Landing Pages ins Spanische zu \u00fcbersetzen. Erhalten Sie jetzt ein sofortiges Online-Preisangebot.<\/p>\n<h2>\u00dcbersetzung spanischer Dokumente<\/h2>\n<p>Wir \u00fcbersetzen alle Arten von spanischen Dokumenten ins Deutsche und Englische sowie vom Deutschen ins Spanische. Das beinhaltet:<\/p>\n<p>\u2022 <a href=\"https:\/\/www.gts-translation.com\/services\/medical_translation_services\/medical-report-translation\/\">Medizinische und Krankenhausberichte<\/a><br \/>\n\u2022 Patente und zugeh\u00f6rige IP-Dokumente<br \/>\n\u2022 <a href=\"https:\/\/www.gts-translation.com\/business-plan-translation-services\/\">Gesch\u00e4ftspl\u00e4ne<\/a><br \/>\n\u2022 <a href=\"https:\/\/www.gts-translation.com\/services\/legal-translation-services\/\">Rechtliche Dokumente<\/a> und <a href=\"https:\/\/www.gts-translation.com\/services\/legal-translation-services\/contract-translation-services\/\">Vertr\u00e4ge<\/a><br \/>\n\u2022 <a href=\"https:\/\/www.gts-translation.com\/divorce-decree-translation-service\/\">Scheidungsurteile<\/a><br \/>\n\u2022 Wissenschaftliche und akademische Artikel<br \/>\n\u2022 Spezifikationen und Ausschreibungsunterlagen<br \/>\n\u2022 <a href=\"https:\/\/www.gts-translation.com\/services\/financial-translation-services\/\">Finanzberichte<\/a> und <a href=\"https:\/\/www.gts-translation.com\/services\/business-translation-services\/\">Gesch\u00e4ftsunterlagen<\/a>, Gesch\u00e4ftspl\u00e4ne<br \/>\n\u2022 Geburtsurkunden<br \/>\n\u2022 Technische Handb\u00fccher<br \/>\n\u2022 Einverst\u00e4ndniserkl\u00e4rungen und <a href=\"https:\/\/www.gts-translation.com\/services\/medical_translation_services\/clinical-trials-research-translation\/\">Unterlagen zu klinischen Pr\u00fcfungen<\/a><br \/>\n\u2022 <a href=\"https:\/\/www.gts-translation.com\/employee-handbook-translation\/\">Mitarbeiterhandbuch ins Spanische \u00fcbersetzen<\/a><\/p>\n<h2>\u00dcbersetzung einer spanischen Brosch\u00fcre<\/h2>\n<p>Wir \u00fcbersetzen Dokumente in jedem Dateiformat: Dazu geh\u00f6ren Dokumente im PDF-Format, MS Word, MS Excel, Powerpoint, HTML, InDesign und mehr. Wir <a href=\"https:\/\/www.gts-translation.com\/brochure-translation-service\/\">\u00fcbersetzen Brosch\u00fcren ins Spanische<\/a> und k\u00f6nnen \u00fcbersetzte, druckfertige Brosch\u00fcren im InDesign-Dateiformat liefern.<\/p>\n<figure id=\"attachment_23290\" aria-describedby=\"caption-attachment-23290\" style=\"width: 290px\" class=\"wp-caption alignright\"><img decoding=\"async\" class=\"wp-image-23290 size-medium\" title=\"deutsch-spanisch \u00fcbersetzen\" src=\"https:\/\/www.gts-translation.com\/wp-content\/uploads\/2020\/02\/117278385_s-300x233.jpg\" alt=\"deutsch-spanisch \u00fcbersetzen\" width=\"300\" height=\"233\" srcset=\"https:\/\/www.gts-translation.com\/wp-content\/uploads\/2020\/02\/117278385_s-300x233.jpg 300w, https:\/\/www.gts-translation.com\/wp-content\/uploads\/2020\/02\/117278385_s-768x597.jpg 768w, https:\/\/www.gts-translation.com\/wp-content\/uploads\/2020\/02\/117278385_s.jpg 785w\" sizes=\"(max-width: 300px) 100vw, 300px\" \/><figcaption id=\"caption-attachment-23290\" class=\"wp-caption-text\">Sie suchen einen deutsch-spanischen \u00dcbersetzungspartner? GTS ist Ihre beste Wahl!<\/figcaption><\/figure>\n<h2>Einen Brief von Deutsch nach Spanisch \u00fcbersetzen<\/h2>\n<p>Es kann vorkommen, dass Sie einen Brief auf Spanisch f\u00fcr offizielle Zwecke oder f\u00fcr ein wichtiges Gesch\u00e4ftsangebot versenden m\u00fcssen. <a href=\"https:\/\/translate.google.com\/\">Google Translate<\/a> ist m\u00f6glicherweise nicht zuverl\u00e4ssig genug, und Sie k\u00f6nnen es sich nicht leisten, ein Risiko einzugehen. Wenn dies der Fall ist, bestellen Sie den Brief\u00fcbersetzungsservice von GTS und Sie erhalten garantiert das bestm\u00f6gliche Ergebnis.<\/p>\n<h2>Preisnachl\u00e4sse f\u00fcr Deutsch-Spanisch-\u00dcbersetzungsdienstleistungen<\/h2>\n<p>Verwenden Sie GTS-Gutscheincodes, um einen Rabatt f\u00fcr Deutsch-Spanisch-\u00dcbersetzungen zu erhalten. Neukunden erhalten einen Rabatt von 5 % auf ihre erste Bestellung. Klicken Sie hier f\u00fcr weitere Informationen \u00fcber <a href=\"https:\/\/www.gts-translation.com\/save-on-translation-costs-using-gts-coupon-codes\/\">Preisnachl\u00e4sse f\u00fcr \u00dcbersetzungen<\/a>.<\/p>\n<h2>Fakten zur \u00dcbersetzung der spanischen Sprache<\/h2>\n<p>Spanisch ist die am zweith\u00e4ufigsten gesprochene Sprache der Welt (Chinesisch ist die erste und Englisch die dritte Sprache). Dies macht <a href=\"http:\/\/en.wikipedia.org\/wiki\/List_of_countries_where_Spanish_is_an_official_language\" target=\"_blank\" rel=\"noopener noreferrer\">Spanisch<\/a>zu einer der wichtigsten Sprachen in der \u00dcbersetzungsbranche. Spanisch wird in vielen L\u00e4ndern gesprochen, darunter Spanien, Mexiko, Argentinien, Kolumbien, Venezuela und die Vereinigten Staaten. Bevor Sie einen <strong>Spanisch-\u00dcbersetzer<\/strong> beauftragen, sollten Sie feststellen, f\u00fcr welche L\u00e4nder das Dokument bestimmt ist, da es Unterschiede im Sprachgebrauch geben kann.<\/p>\n<h2><iframe loading=\"lazy\" src=\"https:\/\/www.youtube.com\/embed\/hsLYD1Jyf3A\" width=\"560\" height=\"315\" frameborder=\"0\" allowfullscreen=\"allowfullscreen\" data-mce-fragment=\"1\"><\/iframe><\/h2>\n<h3>Erweiterung des spanischen Textes<\/h3>\n<p>Spanisch ist eine recht wortreiche Sprache. Bei der \u00dcbersetzung vom Englischen ins Spanische k\u00f6nnen Sie mit einer Texterweiterung von 15-25 % rechnen (wenn z. B. das englische Dokument 1.000 W\u00f6rter hat, kann die spanische \u00dcbersetzung 1.200 W\u00f6rter umfassen). Dies kann bei Softwarelokalisierungsprojekten zu Problemen f\u00fchren; so kann es beispielsweise vorkommen, dass eine spanische \u00dcbersetzung nicht in ein Textfeld oder eine Software-Schaltfl\u00e4che passt und die Gr\u00f6\u00dfe der Bildschirmelemente angepasst werden muss.<\/p>\n<h4>Andere Seiten f\u00fcr spanische \u00dcbersetzungen<\/h4>\n<p><a href=\"https:\/\/www.gts-translation.com\/translate-documents-from-english-to-spanish\/\">Dokumente aus dem Englischen ins Spanische \u00fcbersetzen a<\/a> | <a href=\"https:\/\/www.gts-translation.com\/services\/legal-translation-services\/\">Spanisch Juristische \u00dcbersetzung<\/a><br \/>\n<a href=\"https:\/\/www.gts-translation.com\/services\/medical_translation_services\/\">Medizinische \u00dcbersetzungsdienste f\u00fcr Spanisch a<\/a> | <a href=\"https:\/\/www.gts-translation.com\/services\/technical-translation-services\/\">Technische \u00dcbersetzung Spanisch<\/a><\/p>\n<h3>Aus dem GTS-Blog<\/h3>\n<p>https:\/\/blog.gts-translation.com\/2021\/03\/01\/50-of-the-most-common-words-in-spoken-spanish\/<\/p>\n<p>https:\/\/blog.gts-translation.com\/2020\/01\/20\/get-to-know-your-customers-localizing-your-website-for-latin-america\/<\/p>\n","protected":false},"excerpt":{"rendered":"<p>Die besten \u00dcbersetzungsdienste f\u00fcr Spanisch im Jahr 2026 GTS ist ein f\u00fchrendes \u00dcbersetzungsb\u00fcro f\u00fcr Englisch Spanisch, das professionelle \u00dcbersetzungsdienstleistungen f\u00fcr einige der weltweit f\u00fchrenden Unternehmen anbietet. Warum GTS als Spanisch-\u00dcbersetzer w\u00e4hlen? GTS bietet akkurate Spanisch-\u00dcbersetzungsdienste mit einem gepr\u00fcften Team von muttersprachlichen Spanisch-\u00dcbersetzern aus dem jeweiligen Land. Wir bieten fachkundige spanische \u00dcbersetzungsdienste in vielen Bereichen, darunter &#8230; <a title=\"Spanisch-\u00dcbersetzungsdienste | Spanisch-\u00dcbersetzer\" class=\"read-more\" href=\"https:\/\/www.gts-translation.com\/de\/languages\/spanish-translation-services\/\" aria-label=\"Mehr Informationen \u00fcber Spanisch-\u00dcbersetzungsdienste | Spanisch-\u00dcbersetzer\">Weiterlesen<\/a><\/p>\n","protected":false},"author":261,"featured_media":35099,"parent":12232,"menu_order":0,"comment_status":"open","ping_status":"open","template":"templates\/landing-page.php","meta":{"_acf_changed":false,"inline_featured_image":false,"_monsterinsights_skip_tracking":false,"_monsterinsights_sitenote_active":false,"_monsterinsights_sitenote_note":"","_monsterinsights_sitenote_category":0,"footnotes":""},"class_list":["post-12250","page","type-page","status-publish","has-post-thumbnail"],"acf":[],"yoast_head":"<!-- This site is optimized with the Yoast SEO Premium plugin v24.2 (Yoast SEO v27.4) - https:\/\/yoast.com\/product\/yoast-seo-premium-wordpress\/ -->\n<title>Spanische \u00dcbersetzungsdienste | Spanisches \u00dcbersetzungsunternehmen<\/title>\n<meta name=\"description\" content=\"Holen Sie sich jetzt ein Online-Angebot von GTS f\u00fcr professionelle Spanisch-\u00dcbersetzungsdienste und sparen Sie Geld bei Ihren Spanisch-\u00dcbersetzerkosten.\" \/>\n<meta name=\"robots\" content=\"index, follow, max-snippet:-1, max-image-preview:large, max-video-preview:-1\" \/>\n<link rel=\"canonical\" href=\"https:\/\/www.gts-translation.com\/de\/languages\/spanish-translation-services\/\" \/>\n<meta property=\"og:locale\" content=\"de_DE\" \/>\n<meta property=\"og:type\" content=\"article\" \/>\n<meta property=\"og:title\" content=\"Spanisch-\u00dcbersetzungsdienste | Spanisch-\u00dcbersetzer\" \/>\n<meta property=\"og:description\" content=\"Holen Sie sich jetzt ein Online-Angebot von GTS f\u00fcr professionelle Spanisch-\u00dcbersetzungsdienste und sparen Sie Geld bei Ihren Spanisch-\u00dcbersetzerkosten.\" \/>\n<meta property=\"og:url\" content=\"https:\/\/www.gts-translation.com\/de\/languages\/spanish-translation-services\/\" \/>\n<meta property=\"og:site_name\" content=\"GTS Translation Services\" \/>\n<meta property=\"article:publisher\" content=\"https:\/\/www.facebook.com\/GTS.Translation\/\" \/>\n<meta property=\"article:modified_time\" content=\"2025-01-06T07:18:37+00:00\" \/>\n<meta property=\"og:image\" content=\"https:\/\/www.gts-translation.com\/wp-content\/uploads\/2021\/10\/spanish-translation-services1.jpg\" \/>\n\t<meta property=\"og:image:width\" content=\"1207\" \/>\n\t<meta property=\"og:image:height\" content=\"257\" \/>\n\t<meta property=\"og:image:type\" content=\"image\/jpeg\" \/>\n<meta name=\"twitter:card\" content=\"summary_large_image\" \/>\n<meta name=\"twitter:label1\" content=\"Gesch\u00e4tzte Lesezeit\" \/>\n\t<meta name=\"twitter:data1\" content=\"4\u00a0Minuten\" \/>\n<script type=\"application\/ld+json\" class=\"yoast-schema-graph\">{\"@context\":\"https:\\\/\\\/schema.org\",\"@graph\":[{\"@type\":\"WebPage\",\"@id\":\"https:\\\/\\\/www.gts-translation.com\\\/de\\\/languages\\\/spanish-translation-services\\\/\",\"url\":\"https:\\\/\\\/www.gts-translation.com\\\/de\\\/languages\\\/spanish-translation-services\\\/\",\"name\":\"Spanische \u00dcbersetzungsdienste | Spanisches \u00dcbersetzungsunternehmen\",\"isPartOf\":{\"@id\":\"https:\\\/\\\/www.gts-translation.com\\\/de\\\/#website\"},\"primaryImageOfPage\":{\"@id\":\"https:\\\/\\\/www.gts-translation.com\\\/de\\\/languages\\\/spanish-translation-services\\\/#primaryimage\"},\"image\":{\"@id\":\"https:\\\/\\\/www.gts-translation.com\\\/de\\\/languages\\\/spanish-translation-services\\\/#primaryimage\"},\"thumbnailUrl\":\"https:\\\/\\\/www.gts-translation.com\\\/wp-content\\\/uploads\\\/2021\\\/10\\\/spanish-translation-services1.jpg\",\"datePublished\":\"2015-05-02T10:17:22+00:00\",\"dateModified\":\"2025-01-06T07:18:37+00:00\",\"description\":\"Holen Sie sich jetzt ein Online-Angebot von GTS f\u00fcr professionelle Spanisch-\u00dcbersetzungsdienste und sparen Sie Geld bei Ihren Spanisch-\u00dcbersetzerkosten.\",\"breadcrumb\":{\"@id\":\"https:\\\/\\\/www.gts-translation.com\\\/de\\\/languages\\\/spanish-translation-services\\\/#breadcrumb\"},\"inLanguage\":\"de\",\"potentialAction\":[{\"@type\":\"ReadAction\",\"target\":[\"https:\\\/\\\/www.gts-translation.com\\\/de\\\/languages\\\/spanish-translation-services\\\/\"]}]},{\"@type\":\"ImageObject\",\"inLanguage\":\"de\",\"@id\":\"https:\\\/\\\/www.gts-translation.com\\\/de\\\/languages\\\/spanish-translation-services\\\/#primaryimage\",\"url\":\"https:\\\/\\\/www.gts-translation.com\\\/wp-content\\\/uploads\\\/2021\\\/10\\\/spanish-translation-services1.jpg\",\"contentUrl\":\"https:\\\/\\\/www.gts-translation.com\\\/wp-content\\\/uploads\\\/2021\\\/10\\\/spanish-translation-services1.jpg\",\"width\":1207,\"height\":257,\"caption\":\"Barcelona, Spain at summer. Very wide, high quality panorama\"},{\"@type\":\"BreadcrumbList\",\"@id\":\"https:\\\/\\\/www.gts-translation.com\\\/de\\\/languages\\\/spanish-translation-services\\\/#breadcrumb\",\"itemListElement\":[{\"@type\":\"ListItem\",\"position\":1,\"name\":\"Home\",\"item\":\"https:\\\/\\\/www.gts-translation.com\\\/de\\\/\"},{\"@type\":\"ListItem\",\"position\":2,\"name\":\"Sprachen\",\"item\":\"https:\\\/\\\/www.gts-translation.com\\\/de\\\/languages\\\/\"},{\"@type\":\"ListItem\",\"position\":3,\"name\":\"Spanisch-\u00dcbersetzungsdienste | Spanisch-\u00dcbersetzer\"}]},{\"@type\":\"WebSite\",\"@id\":\"https:\\\/\\\/www.gts-translation.com\\\/de\\\/#website\",\"url\":\"https:\\\/\\\/www.gts-translation.com\\\/de\\\/\",\"name\":\"GTS Translation Services\",\"description\":\"Quality you can trust at prices you can&#039;t beat!\",\"publisher\":{\"@id\":\"https:\\\/\\\/www.gts-translation.com\\\/de\\\/#organization\"},\"potentialAction\":[{\"@type\":\"SearchAction\",\"target\":{\"@type\":\"EntryPoint\",\"urlTemplate\":\"https:\\\/\\\/www.gts-translation.com\\\/de\\\/?s={search_term_string}\"},\"query-input\":{\"@type\":\"PropertyValueSpecification\",\"valueRequired\":true,\"valueName\":\"search_term_string\"}}],\"inLanguage\":\"de\"},{\"@type\":\"Organization\",\"@id\":\"https:\\\/\\\/www.gts-translation.com\\\/de\\\/#organization\",\"name\":\"GTS Translation Services\",\"url\":\"https:\\\/\\\/www.gts-translation.com\\\/de\\\/\",\"logo\":{\"@type\":\"ImageObject\",\"inLanguage\":\"de\",\"@id\":\"https:\\\/\\\/www.gts-translation.com\\\/de\\\/#\\\/schema\\\/logo\\\/image\\\/\",\"url\":\"https:\\\/\\\/www.gts-translation.com\\\/wp-content\\\/uploads\\\/2023\\\/07\\\/gts-logo.png\",\"contentUrl\":\"https:\\\/\\\/www.gts-translation.com\\\/wp-content\\\/uploads\\\/2023\\\/07\\\/gts-logo.png\",\"width\":234,\"height\":80,\"caption\":\"GTS Translation Services\"},\"image\":{\"@id\":\"https:\\\/\\\/www.gts-translation.com\\\/de\\\/#\\\/schema\\\/logo\\\/image\\\/\"},\"sameAs\":[\"https:\\\/\\\/www.facebook.com\\\/GTS.Translation\\\/\"]}]}<\/script>\n<!-- \/ Yoast SEO Premium plugin. -->","yoast_head_json":{"title":"Spanische \u00dcbersetzungsdienste | Spanisches \u00dcbersetzungsunternehmen","description":"Holen Sie sich jetzt ein Online-Angebot von GTS f\u00fcr professionelle Spanisch-\u00dcbersetzungsdienste und sparen Sie Geld bei Ihren Spanisch-\u00dcbersetzerkosten.","robots":{"index":"index","follow":"follow","max-snippet":"max-snippet:-1","max-image-preview":"max-image-preview:large","max-video-preview":"max-video-preview:-1"},"canonical":"https:\/\/www.gts-translation.com\/de\/languages\/spanish-translation-services\/","og_locale":"de_DE","og_type":"article","og_title":"Spanisch-\u00dcbersetzungsdienste | Spanisch-\u00dcbersetzer","og_description":"Holen Sie sich jetzt ein Online-Angebot von GTS f\u00fcr professionelle Spanisch-\u00dcbersetzungsdienste und sparen Sie Geld bei Ihren Spanisch-\u00dcbersetzerkosten.","og_url":"https:\/\/www.gts-translation.com\/de\/languages\/spanish-translation-services\/","og_site_name":"GTS Translation Services","article_publisher":"https:\/\/www.facebook.com\/GTS.Translation\/","article_modified_time":"2025-01-06T07:18:37+00:00","og_image":[{"width":1207,"height":257,"url":"https:\/\/www.gts-translation.com\/wp-content\/uploads\/2021\/10\/spanish-translation-services1.jpg","type":"image\/jpeg"}],"twitter_card":"summary_large_image","twitter_misc":{"Gesch\u00e4tzte Lesezeit":"4\u00a0Minuten"},"schema":{"@context":"https:\/\/schema.org","@graph":[{"@type":"WebPage","@id":"https:\/\/www.gts-translation.com\/de\/languages\/spanish-translation-services\/","url":"https:\/\/www.gts-translation.com\/de\/languages\/spanish-translation-services\/","name":"Spanische \u00dcbersetzungsdienste | Spanisches \u00dcbersetzungsunternehmen","isPartOf":{"@id":"https:\/\/www.gts-translation.com\/de\/#website"},"primaryImageOfPage":{"@id":"https:\/\/www.gts-translation.com\/de\/languages\/spanish-translation-services\/#primaryimage"},"image":{"@id":"https:\/\/www.gts-translation.com\/de\/languages\/spanish-translation-services\/#primaryimage"},"thumbnailUrl":"https:\/\/www.gts-translation.com\/wp-content\/uploads\/2021\/10\/spanish-translation-services1.jpg","datePublished":"2015-05-02T10:17:22+00:00","dateModified":"2025-01-06T07:18:37+00:00","description":"Holen Sie sich jetzt ein Online-Angebot von GTS f\u00fcr professionelle Spanisch-\u00dcbersetzungsdienste und sparen Sie Geld bei Ihren Spanisch-\u00dcbersetzerkosten.","breadcrumb":{"@id":"https:\/\/www.gts-translation.com\/de\/languages\/spanish-translation-services\/#breadcrumb"},"inLanguage":"de","potentialAction":[{"@type":"ReadAction","target":["https:\/\/www.gts-translation.com\/de\/languages\/spanish-translation-services\/"]}]},{"@type":"ImageObject","inLanguage":"de","@id":"https:\/\/www.gts-translation.com\/de\/languages\/spanish-translation-services\/#primaryimage","url":"https:\/\/www.gts-translation.com\/wp-content\/uploads\/2021\/10\/spanish-translation-services1.jpg","contentUrl":"https:\/\/www.gts-translation.com\/wp-content\/uploads\/2021\/10\/spanish-translation-services1.jpg","width":1207,"height":257,"caption":"Barcelona, Spain at summer. Very wide, high quality panorama"},{"@type":"BreadcrumbList","@id":"https:\/\/www.gts-translation.com\/de\/languages\/spanish-translation-services\/#breadcrumb","itemListElement":[{"@type":"ListItem","position":1,"name":"Home","item":"https:\/\/www.gts-translation.com\/de\/"},{"@type":"ListItem","position":2,"name":"Sprachen","item":"https:\/\/www.gts-translation.com\/de\/languages\/"},{"@type":"ListItem","position":3,"name":"Spanisch-\u00dcbersetzungsdienste | Spanisch-\u00dcbersetzer"}]},{"@type":"WebSite","@id":"https:\/\/www.gts-translation.com\/de\/#website","url":"https:\/\/www.gts-translation.com\/de\/","name":"GTS Translation Services","description":"Quality you can trust at prices you can&#039;t beat!","publisher":{"@id":"https:\/\/www.gts-translation.com\/de\/#organization"},"potentialAction":[{"@type":"SearchAction","target":{"@type":"EntryPoint","urlTemplate":"https:\/\/www.gts-translation.com\/de\/?s={search_term_string}"},"query-input":{"@type":"PropertyValueSpecification","valueRequired":true,"valueName":"search_term_string"}}],"inLanguage":"de"},{"@type":"Organization","@id":"https:\/\/www.gts-translation.com\/de\/#organization","name":"GTS Translation Services","url":"https:\/\/www.gts-translation.com\/de\/","logo":{"@type":"ImageObject","inLanguage":"de","@id":"https:\/\/www.gts-translation.com\/de\/#\/schema\/logo\/image\/","url":"https:\/\/www.gts-translation.com\/wp-content\/uploads\/2023\/07\/gts-logo.png","contentUrl":"https:\/\/www.gts-translation.com\/wp-content\/uploads\/2023\/07\/gts-logo.png","width":234,"height":80,"caption":"GTS Translation Services"},"image":{"@id":"https:\/\/www.gts-translation.com\/de\/#\/schema\/logo\/image\/"},"sameAs":["https:\/\/www.facebook.com\/GTS.Translation\/"]}]}},"_links":{"self":[{"href":"https:\/\/www.gts-translation.com\/de\/wp-json\/wp\/v2\/pages\/12250","targetHints":{"allow":["GET"]}}],"collection":[{"href":"https:\/\/www.gts-translation.com\/de\/wp-json\/wp\/v2\/pages"}],"about":[{"href":"https:\/\/www.gts-translation.com\/de\/wp-json\/wp\/v2\/types\/page"}],"author":[{"embeddable":true,"href":"https:\/\/www.gts-translation.com\/de\/wp-json\/wp\/v2\/users\/261"}],"replies":[{"embeddable":true,"href":"https:\/\/www.gts-translation.com\/de\/wp-json\/wp\/v2\/comments?post=12250"}],"version-history":[{"count":3,"href":"https:\/\/www.gts-translation.com\/de\/wp-json\/wp\/v2\/pages\/12250\/revisions"}],"predecessor-version":[{"id":62478,"href":"https:\/\/www.gts-translation.com\/de\/wp-json\/wp\/v2\/pages\/12250\/revisions\/62478"}],"up":[{"embeddable":true,"href":"https:\/\/www.gts-translation.com\/de\/wp-json\/wp\/v2\/pages\/12232"}],"wp:featuredmedia":[{"embeddable":true,"href":"https:\/\/www.gts-translation.com\/de\/wp-json\/wp\/v2\/media\/35099"}],"wp:attachment":[{"href":"https:\/\/www.gts-translation.com\/de\/wp-json\/wp\/v2\/media?parent=12250"}],"curies":[{"name":"wp","href":"https:\/\/api.w.org\/{rel}","templated":true}]}}