{"id":12252,"date":"2015-05-01T13:17:19","date_gmt":"2015-05-01T13:17:19","guid":{"rendered":"https:\/\/www.gts-translation.com\/languages\/german\/"},"modified":"2025-05-25T09:48:11","modified_gmt":"2025-05-25T09:48:11","slug":"deutsche","status":"publish","type":"page","link":"https:\/\/www.gts-translation.com\/de\/languages\/deutsche\/","title":{"rendered":"Deutsche \u00dcbersetzungsdienste"},"content":{"rendered":"<p><!-- Hero Section with CTA for German Translation Services --><\/p>\n<div style=\"background-color: #f5f7fa; padding: 40px 20px; text-align: center; border-radius: 8px; margin-bottom: 30px;\">\n<h1 style=\"font-size: 32px; margin-bottom: 10px;\">Professionelle Deutsch-\u00dcbersetzungen<\/h1>\n<p style=\"font-size: 18px; max-width: 800px; margin: 0 auto 20px;\">GTS bietet zertifizierte \u00dcbersetzungen ins Deutsche und aus dem Deutschen \u2013 durch erfahrene Muttersprachler mit Fachwissen in Recht, Technik, Medizin und Wirtschaft. Schnelle Lieferung und vertrauliche Bearbeitung garantiert.<\/p>\n<p><a style=\"background-color: #0073e6; color: #fff; padding: 14px 28px; font-size: 18px; border-radius: 6px; text-decoration: none; display: inline-block; box-shadow: 0 4px 6px rgba(0,0,0,0.1); transition: background-color 0.3s;\" href=\"#quote-form\"><br \/>\n\ud83d\udcc4 Jetzt Sofortangebot anfordern<br \/>\n<\/a><\/p>\n<p style=\"font-size: 14px; color: #666; margin-top: 12px;\">ISO 17100 zertifiziert | 100+ Sprachen | Menschliche \u00dcbersetzung \u2013 pr\u00e4zise &amp; vertraulich<\/p>\n<\/div>\n\n<p>&nbsp;<\/p>\n<h2>Deutsche \u00dcbersetzungsdienste<\/h2>\n<figure id=\"attachment_12456\" aria-describedby=\"caption-attachment-12456\" style=\"width: 365px\" class=\"wp-caption alignleft\"><a href=\"https:\/\/www.gts-translation.com\/wp-content\/uploads\/2018\/03\/German-Translation-Services.jpg\"><img decoding=\"async\" class=\"wp-image-12456\" src=\"https:\/\/www.gts-translation.com\/wp-content\/uploads\/2018\/03\/German-Translation-Services-300x200.jpg\" alt=\"German Translation Services\" width=\"375\" height=\"250\" srcset=\"https:\/\/www.gts-translation.com\/wp-content\/uploads\/2018\/03\/German-Translation-Services-300x200.jpg 300w, https:\/\/www.gts-translation.com\/wp-content\/uploads\/2018\/03\/German-Translation-Services.jpg 450w\" sizes=\"(max-width: 375px) 100vw, 375px\" \/><\/a><figcaption id=\"caption-attachment-12456\" class=\"wp-caption-text\">Seit \u00fcber 20 Jahren ist GTS ein zuverl\u00e4ssiger Anbieter von deutschen \u00dcbersetzungsdienstleistungen f\u00fcr f\u00fchrende Unternehmen<\/figcaption><\/figure>\n<p>Seit \u00fcber 20 Jahren bietet GTS deutsche \u00dcbersetzungsdienstleistungen f\u00fcr f\u00fchrende Unternehmen in Deutschland und weltweit an. Ben\u00f6tigen Sie ein Preisangebot f\u00fcr deutsche \u00dcbersetzungsdienstleistungen? Holen Sie sich jetzt ein Online-Preisangebot ein und starten Sie Ihr deutsches \u00dcbersetzungsprojekt noch heute.<\/p>\n<h2>Das beste deutsche \u00dcbersetzungsb\u00fcro<\/h2>\n<p class=\"mceTemp\">GTS ist ein \u00dcbersetzungsb\u00fcro, das qualitativ hochwertige, professionelle deutsche \u00dcbersetzungsdienste mit einem gepr\u00fcften Team von muttersprachlichen deutschen \u00dcbersetzern vor Ort anbietet.<\/p>\n<p class=\"mceTemp\"><img decoding=\"async\" class=\"aligncenter size-full wp-image-23762\" src=\"https:\/\/www.gts-translation.com\/wp-content\/uploads\/2020\/02\/Ammy-DE-review.png\" alt=\"English German translation agency\" width=\"100%\" srcset=\"https:\/\/www.gts-translation.com\/wp-content\/uploads\/2020\/02\/Ammy-DE-review.png 893w, https:\/\/www.gts-translation.com\/wp-content\/uploads\/2020\/02\/Ammy-DE-review-300x61.png 300w, https:\/\/www.gts-translation.com\/wp-content\/uploads\/2020\/02\/Ammy-DE-review-768x157.png 768w\" sizes=\"(max-width: 893px) 100vw, 893px\" \/>Wir bieten fachkundige Deutsch-Englisch und Englisch-Deutsch-\u00dcbersetzungen in vielen Bereichen, darunter Technik, Medizin, Recht, Patente und IP-Dokumente, Software, Technik und Finanzen. Zu unseren Kunden z\u00e4hlen einige der gr\u00f6\u00dften deutschen Unternehmen wie Siemens, die Universit\u00e4t Bonn, die Sparkasse und die Deutsche Telecom.<\/p>\n<h2>Eilige Lieferung von deutschen \u00dcbersetzungen<\/h2>\n<p>Wenn Sie eine dringende Lieferung von deutschen Dokumenten ben\u00f6tigen, kann unser Team diese Aufgabe \u00fcbernehmen und Ihnen das Material rechtzeitig zur Verf\u00fcgung stellen. Unsere Preise sind wettbewerbsf\u00e4hig. Klicken Sie hier f\u00fcr ein kostenloses Preisangebot f\u00fcr \u00dcbersetzungen. Klicken Sie hier, um allgemeine Informationen \u00fcber die Preise f\u00fcr deutsche \u00dcbersetzungsdienstleistungen zu erhalten.<\/p>\n<h2>Kostenlose und professionelle deutsche Website-\u00dcbersetzung<\/h2>\n<p>Mit unserem GTS Website-\u00dcbersetzer k\u00f6nnen Sie Webseiten kostenlos ins Deutsche, Spanische, Franz\u00f6sische und Italienische \u00fcbersetzen. Oder Sie k\u00f6nnen 24\/7 Online-Angebote f\u00fcr professionelle deutsche Website-\u00dcbersetzungen erhalten. Wir bieten qualitativ hochwertige professionelle \u00dcbersetzungen von Webseiten zu sehr g\u00fcnstigen Preisen.<\/p>\n<p>Wenn Sie eine Website oder einen Blog haben, der mit dem CMS WordPress betrieben wird, k\u00f6nnen Sie unser GTS-WordPress-Plugin f\u00fcr die automatische \u00dcbersetzung Ihrer Website in \u00fcber 30 Sprachen installieren.<\/p>\n<h2>Zertifizierte deutsche \u00dcbersetzung<\/h2>\n<p>GTS ist ein zertifiziertes \u00dcbersetzungsunternehmen: Unser Qualit\u00e4tsmanagementsystem wurde von einer zugelassenen Zertifizierungsstelle gepr\u00fcft und entspricht den Normen ISO 17100:2015 und ISO 9001:2008. GTS bietet zertifizierte deutsche \u00dcbersetzungsdienste f\u00fcr medizinische, technische und juristische Dokumente.<\/p>\n<h4><strong><img decoding=\"async\" class=\"aligncenter size-full wp-image-26151\" src=\"https:\/\/www.gts-translation.com\/wp-content\/uploads\/2020\/05\/Germanrev.png\" alt=\"\" width=\"100%\" srcset=\"https:\/\/www.gts-translation.com\/wp-content\/uploads\/2020\/05\/Germanrev.png 882w, https:\/\/www.gts-translation.com\/wp-content\/uploads\/2020\/05\/Germanrev-300x54.png 300w, https:\/\/www.gts-translation.com\/wp-content\/uploads\/2020\/05\/Germanrev-768x139.png 768w\" sizes=\"(max-width: 882px) 100vw, 882px\" \/><\/strong><\/h4>\n<h4><strong>Deutsche \u00dcbersetzungsw\u00f6rterb\u00fccher und Translation Memories<br \/>\n<\/strong><\/h4>\n<p>Mit einem Bestand von Millionen von W\u00f6rtern in der \u00dcbersetzung Englisch-Deutsch und Deutsch-Englisch verf\u00fcgen wir \u00fcber umfangreiche Bibliotheken mit deutscher Terminologie in vielen Bereichen. Unser Einsatz von Translation-Memory-Software gew\u00e4hrleistet, dass Ihre Arbeit auf h\u00f6chstem Niveau, konsistent und kosteneffizient ausgef\u00fchrt wird.<\/p>\n<p>Wenn Sie auf der Suche nach einem guten Englisch-Deutsch-Online-W\u00f6rterbuch sind, k\u00f6nnen wir Ihnen LEO empfehlen. Eine weitere hervorragende Online-Ressource f\u00fcr \u00dcbersetzer ist bab.la, die Beispiele f\u00fcr Englisch-Deutsch-\u00dcbersetzungen von anderen Websites aus der ganzen Welt bietet.<\/p>\n<p><a href=\"https:\/\/www.gts-translation.com\/languages\/german\/\">English German translation service<\/a><\/p>\n","protected":false},"excerpt":{"rendered":"<p>Professionelle Deutsch-\u00dcbersetzungen GTS bietet zertifizierte \u00dcbersetzungen ins Deutsche und aus dem Deutschen \u2013 durch erfahrene Muttersprachler mit Fachwissen in Recht, Technik, Medizin und Wirtschaft. Schnelle Lieferung und vertrauliche Bearbeitung garantiert. \ud83d\udcc4 Jetzt Sofortangebot anfordern ISO 17100 zertifiziert | 100+ Sprachen | Menschliche \u00dcbersetzung \u2013 pr\u00e4zise &amp; vertraulich &nbsp; Deutsche \u00dcbersetzungsdienste Seit \u00fcber 20 Jahren bietet &#8230; <a title=\"Deutsche \u00dcbersetzungsdienste\" class=\"read-more\" href=\"https:\/\/www.gts-translation.com\/de\/languages\/deutsche\/\" aria-label=\"Mehr Informationen \u00fcber Deutsche \u00dcbersetzungsdienste\">Weiterlesen<\/a><\/p>\n","protected":false},"author":261,"featured_media":34712,"parent":12232,"menu_order":0,"comment_status":"closed","ping_status":"closed","template":"templates\/landing-page.php","meta":{"_acf_changed":false,"inline_featured_image":false,"_monsterinsights_skip_tracking":false,"_monsterinsights_sitenote_active":false,"_monsterinsights_sitenote_note":"","_monsterinsights_sitenote_category":0,"footnotes":""},"class_list":["post-12252","page","type-page","status-publish","has-post-thumbnail"],"acf":[],"yoast_head":"<!-- This site is optimized with the Yoast SEO Premium plugin v24.2 (Yoast SEO v27.4) - https:\/\/yoast.com\/product\/yoast-seo-premium-wordpress\/ -->\n<title>Professionelle deutsche \u00dcbersetzungsdienste | \u00dcbersetzung Deutsch-Englisch<\/title>\n<meta name=\"description\" content=\"Wir bieten Ihnen fachkundige \u00dcbersetzungsdienste f\u00fcr die Sprachen Deutsch-Englisch und Englisch-Deutsch in vielen Bereichen, darunter Technik, Medizin, Recht, Patente und IP-Dokumente, Software, Technik und Finanzen. Fordern Sie noch heute ein Angebot an.\" \/>\n<meta name=\"robots\" content=\"index, follow, max-snippet:-1, max-image-preview:large, max-video-preview:-1\" \/>\n<link rel=\"canonical\" href=\"https:\/\/www.gts-translation.com\/de\/languages\/deutsche\/\" \/>\n<meta property=\"og:locale\" content=\"de_DE\" \/>\n<meta property=\"og:type\" content=\"article\" \/>\n<meta property=\"og:title\" content=\"Deutsche \u00dcbersetzungsdienste\" \/>\n<meta property=\"og:description\" content=\"Wir bieten Ihnen fachkundige \u00dcbersetzungsdienste f\u00fcr die Sprachen Deutsch-Englisch und Englisch-Deutsch in vielen Bereichen, darunter Technik, Medizin, Recht, Patente und IP-Dokumente, Software, Technik und Finanzen. Fordern Sie noch heute ein Angebot an.\" \/>\n<meta property=\"og:url\" content=\"https:\/\/www.gts-translation.com\/de\/languages\/deutsche\/\" \/>\n<meta property=\"og:site_name\" content=\"GTS Translation Services\" \/>\n<meta property=\"article:publisher\" content=\"https:\/\/www.facebook.com\/GTS.Translation\/\" \/>\n<meta property=\"article:modified_time\" content=\"2025-05-25T09:48:11+00:00\" \/>\n<meta property=\"og:image\" content=\"https:\/\/www.gts-translation.com\/wp-content\/uploads\/2021\/10\/German-translation-services-3.jpg\" \/>\n\t<meta property=\"og:image:width\" content=\"1275\" \/>\n\t<meta property=\"og:image:height\" content=\"844\" \/>\n\t<meta property=\"og:image:type\" content=\"image\/jpeg\" \/>\n<meta name=\"twitter:card\" content=\"summary_large_image\" \/>\n<meta name=\"twitter:label1\" content=\"Gesch\u00e4tzte Lesezeit\" \/>\n\t<meta name=\"twitter:data1\" content=\"3\u00a0Minuten\" \/>\n<script type=\"application\/ld+json\" class=\"yoast-schema-graph\">{\"@context\":\"https:\\\/\\\/schema.org\",\"@graph\":[{\"@type\":\"WebPage\",\"@id\":\"https:\\\/\\\/www.gts-translation.com\\\/de\\\/languages\\\/deutsche\\\/\",\"url\":\"https:\\\/\\\/www.gts-translation.com\\\/de\\\/languages\\\/deutsche\\\/\",\"name\":\"Professionelle deutsche \u00dcbersetzungsdienste | \u00dcbersetzung Deutsch-Englisch\",\"isPartOf\":{\"@id\":\"https:\\\/\\\/www.gts-translation.com\\\/de\\\/#website\"},\"primaryImageOfPage\":{\"@id\":\"https:\\\/\\\/www.gts-translation.com\\\/de\\\/languages\\\/deutsche\\\/#primaryimage\"},\"image\":{\"@id\":\"https:\\\/\\\/www.gts-translation.com\\\/de\\\/languages\\\/deutsche\\\/#primaryimage\"},\"thumbnailUrl\":\"https:\\\/\\\/www.gts-translation.com\\\/wp-content\\\/uploads\\\/2021\\\/10\\\/German-translation-services-3.jpg\",\"datePublished\":\"2015-05-01T13:17:19+00:00\",\"dateModified\":\"2025-05-25T09:48:11+00:00\",\"description\":\"Wir bieten Ihnen fachkundige \u00dcbersetzungsdienste f\u00fcr die Sprachen Deutsch-Englisch und Englisch-Deutsch in vielen Bereichen, darunter Technik, Medizin, Recht, Patente und IP-Dokumente, Software, Technik und Finanzen. Fordern Sie noch heute ein Angebot an.\",\"breadcrumb\":{\"@id\":\"https:\\\/\\\/www.gts-translation.com\\\/de\\\/languages\\\/deutsche\\\/#breadcrumb\"},\"inLanguage\":\"de\",\"potentialAction\":[{\"@type\":\"ReadAction\",\"target\":[\"https:\\\/\\\/www.gts-translation.com\\\/de\\\/languages\\\/deutsche\\\/\"]}]},{\"@type\":\"ImageObject\",\"inLanguage\":\"de\",\"@id\":\"https:\\\/\\\/www.gts-translation.com\\\/de\\\/languages\\\/deutsche\\\/#primaryimage\",\"url\":\"https:\\\/\\\/www.gts-translation.com\\\/wp-content\\\/uploads\\\/2021\\\/10\\\/German-translation-services-3.jpg\",\"contentUrl\":\"https:\\\/\\\/www.gts-translation.com\\\/wp-content\\\/uploads\\\/2021\\\/10\\\/German-translation-services-3.jpg\",\"width\":1275,\"height\":844,\"caption\":\"Aerial view of Berlin skyline with famous TV tower and Spree river in beautiful evening light at sunset, Germany\"},{\"@type\":\"BreadcrumbList\",\"@id\":\"https:\\\/\\\/www.gts-translation.com\\\/de\\\/languages\\\/deutsche\\\/#breadcrumb\",\"itemListElement\":[{\"@type\":\"ListItem\",\"position\":1,\"name\":\"Home\",\"item\":\"https:\\\/\\\/www.gts-translation.com\\\/de\\\/\"},{\"@type\":\"ListItem\",\"position\":2,\"name\":\"Sprachen\",\"item\":\"https:\\\/\\\/www.gts-translation.com\\\/de\\\/languages\\\/\"},{\"@type\":\"ListItem\",\"position\":3,\"name\":\"Deutsche \u00dcbersetzungsdienste\"}]},{\"@type\":\"WebSite\",\"@id\":\"https:\\\/\\\/www.gts-translation.com\\\/de\\\/#website\",\"url\":\"https:\\\/\\\/www.gts-translation.com\\\/de\\\/\",\"name\":\"GTS Translation Services\",\"description\":\"Quality you can trust at prices you can&#039;t beat!\",\"publisher\":{\"@id\":\"https:\\\/\\\/www.gts-translation.com\\\/de\\\/#organization\"},\"potentialAction\":[{\"@type\":\"SearchAction\",\"target\":{\"@type\":\"EntryPoint\",\"urlTemplate\":\"https:\\\/\\\/www.gts-translation.com\\\/de\\\/?s={search_term_string}\"},\"query-input\":{\"@type\":\"PropertyValueSpecification\",\"valueRequired\":true,\"valueName\":\"search_term_string\"}}],\"inLanguage\":\"de\"},{\"@type\":\"Organization\",\"@id\":\"https:\\\/\\\/www.gts-translation.com\\\/de\\\/#organization\",\"name\":\"GTS Translation Services\",\"url\":\"https:\\\/\\\/www.gts-translation.com\\\/de\\\/\",\"logo\":{\"@type\":\"ImageObject\",\"inLanguage\":\"de\",\"@id\":\"https:\\\/\\\/www.gts-translation.com\\\/de\\\/#\\\/schema\\\/logo\\\/image\\\/\",\"url\":\"https:\\\/\\\/www.gts-translation.com\\\/wp-content\\\/uploads\\\/2023\\\/07\\\/gts-logo.png\",\"contentUrl\":\"https:\\\/\\\/www.gts-translation.com\\\/wp-content\\\/uploads\\\/2023\\\/07\\\/gts-logo.png\",\"width\":234,\"height\":80,\"caption\":\"GTS Translation Services\"},\"image\":{\"@id\":\"https:\\\/\\\/www.gts-translation.com\\\/de\\\/#\\\/schema\\\/logo\\\/image\\\/\"},\"sameAs\":[\"https:\\\/\\\/www.facebook.com\\\/GTS.Translation\\\/\"]}]}<\/script>\n<!-- \/ Yoast SEO Premium plugin. -->","yoast_head_json":{"title":"Professionelle deutsche \u00dcbersetzungsdienste | \u00dcbersetzung Deutsch-Englisch","description":"Wir bieten Ihnen fachkundige \u00dcbersetzungsdienste f\u00fcr die Sprachen Deutsch-Englisch und Englisch-Deutsch in vielen Bereichen, darunter Technik, Medizin, Recht, Patente und IP-Dokumente, Software, Technik und Finanzen. Fordern Sie noch heute ein Angebot an.","robots":{"index":"index","follow":"follow","max-snippet":"max-snippet:-1","max-image-preview":"max-image-preview:large","max-video-preview":"max-video-preview:-1"},"canonical":"https:\/\/www.gts-translation.com\/de\/languages\/deutsche\/","og_locale":"de_DE","og_type":"article","og_title":"Deutsche \u00dcbersetzungsdienste","og_description":"Wir bieten Ihnen fachkundige \u00dcbersetzungsdienste f\u00fcr die Sprachen Deutsch-Englisch und Englisch-Deutsch in vielen Bereichen, darunter Technik, Medizin, Recht, Patente und IP-Dokumente, Software, Technik und Finanzen. Fordern Sie noch heute ein Angebot an.","og_url":"https:\/\/www.gts-translation.com\/de\/languages\/deutsche\/","og_site_name":"GTS Translation Services","article_publisher":"https:\/\/www.facebook.com\/GTS.Translation\/","article_modified_time":"2025-05-25T09:48:11+00:00","og_image":[{"width":1275,"height":844,"url":"https:\/\/www.gts-translation.com\/wp-content\/uploads\/2021\/10\/German-translation-services-3.jpg","type":"image\/jpeg"}],"twitter_card":"summary_large_image","twitter_misc":{"Gesch\u00e4tzte Lesezeit":"3\u00a0Minuten"},"schema":{"@context":"https:\/\/schema.org","@graph":[{"@type":"WebPage","@id":"https:\/\/www.gts-translation.com\/de\/languages\/deutsche\/","url":"https:\/\/www.gts-translation.com\/de\/languages\/deutsche\/","name":"Professionelle deutsche \u00dcbersetzungsdienste | \u00dcbersetzung Deutsch-Englisch","isPartOf":{"@id":"https:\/\/www.gts-translation.com\/de\/#website"},"primaryImageOfPage":{"@id":"https:\/\/www.gts-translation.com\/de\/languages\/deutsche\/#primaryimage"},"image":{"@id":"https:\/\/www.gts-translation.com\/de\/languages\/deutsche\/#primaryimage"},"thumbnailUrl":"https:\/\/www.gts-translation.com\/wp-content\/uploads\/2021\/10\/German-translation-services-3.jpg","datePublished":"2015-05-01T13:17:19+00:00","dateModified":"2025-05-25T09:48:11+00:00","description":"Wir bieten Ihnen fachkundige \u00dcbersetzungsdienste f\u00fcr die Sprachen Deutsch-Englisch und Englisch-Deutsch in vielen Bereichen, darunter Technik, Medizin, Recht, Patente und IP-Dokumente, Software, Technik und Finanzen. Fordern Sie noch heute ein Angebot an.","breadcrumb":{"@id":"https:\/\/www.gts-translation.com\/de\/languages\/deutsche\/#breadcrumb"},"inLanguage":"de","potentialAction":[{"@type":"ReadAction","target":["https:\/\/www.gts-translation.com\/de\/languages\/deutsche\/"]}]},{"@type":"ImageObject","inLanguage":"de","@id":"https:\/\/www.gts-translation.com\/de\/languages\/deutsche\/#primaryimage","url":"https:\/\/www.gts-translation.com\/wp-content\/uploads\/2021\/10\/German-translation-services-3.jpg","contentUrl":"https:\/\/www.gts-translation.com\/wp-content\/uploads\/2021\/10\/German-translation-services-3.jpg","width":1275,"height":844,"caption":"Aerial view of Berlin skyline with famous TV tower and Spree river in beautiful evening light at sunset, Germany"},{"@type":"BreadcrumbList","@id":"https:\/\/www.gts-translation.com\/de\/languages\/deutsche\/#breadcrumb","itemListElement":[{"@type":"ListItem","position":1,"name":"Home","item":"https:\/\/www.gts-translation.com\/de\/"},{"@type":"ListItem","position":2,"name":"Sprachen","item":"https:\/\/www.gts-translation.com\/de\/languages\/"},{"@type":"ListItem","position":3,"name":"Deutsche \u00dcbersetzungsdienste"}]},{"@type":"WebSite","@id":"https:\/\/www.gts-translation.com\/de\/#website","url":"https:\/\/www.gts-translation.com\/de\/","name":"GTS Translation Services","description":"Quality you can trust at prices you can&#039;t beat!","publisher":{"@id":"https:\/\/www.gts-translation.com\/de\/#organization"},"potentialAction":[{"@type":"SearchAction","target":{"@type":"EntryPoint","urlTemplate":"https:\/\/www.gts-translation.com\/de\/?s={search_term_string}"},"query-input":{"@type":"PropertyValueSpecification","valueRequired":true,"valueName":"search_term_string"}}],"inLanguage":"de"},{"@type":"Organization","@id":"https:\/\/www.gts-translation.com\/de\/#organization","name":"GTS Translation Services","url":"https:\/\/www.gts-translation.com\/de\/","logo":{"@type":"ImageObject","inLanguage":"de","@id":"https:\/\/www.gts-translation.com\/de\/#\/schema\/logo\/image\/","url":"https:\/\/www.gts-translation.com\/wp-content\/uploads\/2023\/07\/gts-logo.png","contentUrl":"https:\/\/www.gts-translation.com\/wp-content\/uploads\/2023\/07\/gts-logo.png","width":234,"height":80,"caption":"GTS Translation Services"},"image":{"@id":"https:\/\/www.gts-translation.com\/de\/#\/schema\/logo\/image\/"},"sameAs":["https:\/\/www.facebook.com\/GTS.Translation\/"]}]}},"_links":{"self":[{"href":"https:\/\/www.gts-translation.com\/de\/wp-json\/wp\/v2\/pages\/12252","targetHints":{"allow":["GET"]}}],"collection":[{"href":"https:\/\/www.gts-translation.com\/de\/wp-json\/wp\/v2\/pages"}],"about":[{"href":"https:\/\/www.gts-translation.com\/de\/wp-json\/wp\/v2\/types\/page"}],"author":[{"embeddable":true,"href":"https:\/\/www.gts-translation.com\/de\/wp-json\/wp\/v2\/users\/261"}],"replies":[{"embeddable":true,"href":"https:\/\/www.gts-translation.com\/de\/wp-json\/wp\/v2\/comments?post=12252"}],"version-history":[{"count":3,"href":"https:\/\/www.gts-translation.com\/de\/wp-json\/wp\/v2\/pages\/12252\/revisions"}],"predecessor-version":[{"id":63518,"href":"https:\/\/www.gts-translation.com\/de\/wp-json\/wp\/v2\/pages\/12252\/revisions\/63518"}],"up":[{"embeddable":true,"href":"https:\/\/www.gts-translation.com\/de\/wp-json\/wp\/v2\/pages\/12232"}],"wp:featuredmedia":[{"embeddable":true,"href":"https:\/\/www.gts-translation.com\/de\/wp-json\/wp\/v2\/media\/34712"}],"wp:attachment":[{"href":"https:\/\/www.gts-translation.com\/de\/wp-json\/wp\/v2\/media?parent=12252"}],"curies":[{"name":"wp","href":"https:\/\/api.w.org\/{rel}","templated":true}]}}