{"id":31077,"date":"2015-05-15T07:44:15","date_gmt":"2015-05-15T07:44:15","guid":{"rendered":"http:\/\/showmywork.in\/GTS\/?page_id=8235"},"modified":"2023-06-26T09:15:49","modified_gmt":"2023-06-26T09:15:49","slug":"english-translation-services","status":"publish","type":"page","link":"https:\/\/www.gts-translation.com\/de\/english-translation-services\/","title":{"rendered":"Englisch \u00dcbersetzungsdienste"},"content":{"rendered":"<h1>Beste englische \u00dcbersetzungsdienste<\/h1>\n<p>GTS bietet qualitativ hochwertige, professionelle <strong>englische \u00dcbersetzungsdienste<\/strong>. Klicken Sie hier, um ein sofortiges Preisangebot f\u00fcr die \u00dcbersetzung englischer Dokumente zu erhalten. Und beginnen Sie noch heute mit Ihrem \u00dcbersetzungsprojekt.<\/p>\n<p style=\"text-align: center;\"><a class=\"maxbutton-7 maxbutton maxbutton-translate-now\" target=\"_blank\" title=\"Translate Now\" rel=\"noopener\" href=\"https:\/\/www.gts-translation.com\/get-quote\/\"><span class='mb-text'>Translate Now<\/span><\/a><\/p>\n<p>Wir sind die beste englische \u00dcbersetzungsagentur f\u00fcr <a href=\"https:\/\/www.gts-translation.com\/services\/document-translation-services\/\">\u00dcbersetzungsdienstleistungen in<\/a> allen Bereichen. Dies umfasst die englische \u00dcbersetzung von technischen, <a href=\"https:\/\/www.gts-translation.com\/services\/medical_translation_services\/\">medizinischen<\/a>, <a href=\"https:\/\/www.gts-translation.com\/services\/legal-translation-services\/\">rechtlichen<\/a>, <a href=\"https:\/\/www.gts-translation.com\/services\/technical-translation-services\/\">technischen<\/a>, Software-, <a href=\"https:\/\/www.gts-translation.com\/services\/technical-translation-services\/engineering-translation-services\/\">Engineering<\/a> &#8211; und Finanzdokumenten. GTS bietet zielgerichtete englische \u00dcbersetzungen f\u00fcr alle L\u00e4nder, in denen Englisch Amtssprache ist. Dazu geh\u00f6ren <a href=\"https:\/\/www.gts-translation.com\/american-translation-services\/\">amerikanische \u00dcbersetzungsdienste<\/a> f\u00fcr die Vereinigten Staaten, England\/Gro\u00dfbritannien, Kanada und <a href=\"https:\/\/www.gts-translation.com\/australia-translation-services\/\">Australien.<\/a><\/p>\n<h2>Warum GTS als Ihre englische \u00dcbersetzungsfirma w\u00e4hlen<\/h2>\n<p>Maschinelle \u00dcbersetzung ist genial, aber einige Dokumente erfordern eine h\u00f6here Qualit\u00e4t als Google Translate bieten kann. Das ist, wenn Sie ein professionelles \u00dcbersetzungsunternehmen wie GTS Translation Services einstellen m\u00fcssen. Wir verf\u00fcgen \u00fcber ein weltweites Netzwerk von Hunderten von \u00dcbersetzern in jedem Land, in dem Englisch gesprochen wird. Wir <a href=\"https:\/\/www.gts-translation.com\/company\/quality-policy\/\">garantieren die Qualit\u00e4t unserer \u00dcbersetzungen<\/a>. Unser Qualit\u00e4tsmanagementsystem (QMS) ist nach der Norm ISO 17100:2015 zertifiziert. Alle unsere englischen \u00dcbersetzungen sind beglaubigt und werden mit einem unterzeichneten Zertifikat zur Genauigkeit geliefert.<\/p>\n<p><a href=\"https:\/\/www.gts-translation.com\/wp-content\/uploads\/2018\/09\/English-Translation-Services.jpg\"><img decoding=\"async\" class=\" wp-image-13529\" src=\"https:\/\/www.gts-translation.com\/wp-content\/uploads\/2018\/09\/English-Translation-Services-300x163.jpg\" alt=\"\" width=\"393\" height=\"214\" srcset=\"https:\/\/www.gts-translation.com\/wp-content\/uploads\/2018\/09\/English-Translation-Services-300x163.jpg 300w, https:\/\/www.gts-translation.com\/wp-content\/uploads\/2018\/09\/English-Translation-Services-768x418.jpg 768w, https:\/\/www.gts-translation.com\/wp-content\/uploads\/2018\/09\/English-Translation-Services.jpg 938w\" sizes=\"(max-width: 393px) 100vw, 393px\" \/><\/a> GTS bietet zertifizierte \u00dcbersetzungsdienste zwischen Englisch und \u00fcber 80 Andere Sprachen<\/p>\n<p>Wir verf\u00fcgen \u00fcber langj\u00e4hrige Erfahrung in der Bereitstellung qualitativ hochwertiger \u00dcbersetzungen in englischer Sprache. Einige der weltweit gr\u00f6\u00dften Unternehmen haben GTS als ihre englische \u00dcbersetzungsfirma gew\u00e4hlt. Zu den Kunden geh\u00f6ren: Bendura Bank, Siemens, Sunoco, Electrolux, Mitsubishi Motors, Mapfre Asistencia, Max Mara USA, Deloitte und BASF. Klicken Sie hier, um eine Kundenliste zu sehen ; klicken Sie hier, um einige Kundenberichte zu lesen.<\/p>\n<h2>\u00dcbersetzen Sie jede Sprache ins Englische<\/h2>\n<p>GTS \u00fcbersetzt aus \u00fcber 80 Sprachen ins Englische. Dazu geh\u00f6ren \u00dcbersetzungen von Spanisch nach Englisch, \u00dcbersetzungen von Deutsch nach Englisch und \u00dcbersetzungen von Chinesisch nach Englisch.<\/p>\n<h2><strong>Beglaubigte Englische \u00dcbersetzung<\/strong><\/h2>\n<p>GTS ist ein zertifiziertes \u00dcbersetzungsunternehmen: Unser Qualit\u00e4tsmanagementsystem wurde von einer lizenzierten Zertifizierungsstelle gepr\u00fcft und entspricht den Normen ISO 17100:2015 und ISO 9001:2008. GTS bietet zertifizierte englische \u00dcbersetzungsdienste f\u00fcr medizinische, technische und juristische Dokumente.<\/p>\n<h2 class=\"md-heading\">Englische Medizinische \u00dcbersetzung<\/h2>\n<div class=\"md-text-block\">\n<p>GTS bietet zertifizierte medizinische \u00dcbersetzungsdienstleistungen in Englisch f\u00fcr Pharmaunternehmen, Hersteller von Medizinprodukten, biomedizinische Unternehmen und CROs, die klinische Forschungsstudien in englischsprachigen L\u00e4ndern durchf\u00fchren. Dazu geh\u00f6ren:<\/p>\n<ul>\n<li><a href=\"https:\/\/www.gts-translation.com\/services\/medical_translation_services\/medical-report-translation\/\">Medizinische Berichte<\/a><\/li>\n<li><a href=\"http:\/\/en.wikipedia.org\/wiki\/Clinical_trial_protocol\" target=\"_blank\" rel=\"noopener noreferrer\">Klinische Protokolle<\/a>und Protokollsynopsen<\/li>\n<li>Einverst\u00e4ndniserkl\u00e4rungen<\/li>\n<li><a href=\"https:\/\/www.gts-translation.com\/services\/medical_translation_services\/clinical-trials-research-translation\/\">Vereinbarungen zu klinischen Studien<\/a><\/li>\n<li>Gebrauchsanweisung und Bedienungsanleitungen f\u00fcr medizinische Ger\u00e4te<\/li>\n<li>Etiketten f\u00fcr Studienmedikament<\/li>\n<li><a href=\"http:\/\/en.wikipedia.org\/wiki\/Case_report_form\" target=\"_blank\" rel=\"noopener noreferrer\">Formulare f\u00fcr Fallberichte (CRF)<\/a><\/li>\n<li>Lokalisierung von medizinischer Software<\/li>\n<\/ul>\n<h2 class=\"md-heading\">Englische Technische \u00dcbersetzung<\/h2>\n<div class=\"md-text-block\">\n<p>GTS bietet Kunden weltweit eine breite Palette an qualitativ hochwertigen technischen \u00dcbersetzungsdienstleistungen f\u00fcr Englisch. Dazu geh\u00f6rt auch die englische technische \u00dcbersetzung von:<\/p>\n<ul>\n<li>Technische Handb\u00fccher und Benutzerhandb\u00fccher.<\/li>\n<li><a href=\"http:\/\/en.wikipedia.org\/wiki\/Request_for_proposal\" target=\"_blank\" rel=\"noopener noreferrer\">RFP<\/a>&#8211; und<a href=\"http:\/\/en.wikipedia.org\/wiki\/Request_for_quotation\" target=\"_blank\" rel=\"noopener noreferrer\">RFP<\/a>-Dokumente, Angebote und Angebote<\/li>\n<li>Dokumente zur Materialhandhabung, SDS<\/li>\n<li>Technische Unterlagen, technische Zeichnungen<\/li>\n<li>Datenbl\u00e4tter und Webinhalte<\/li>\n<\/ul>\n<\/div>\n<\/div>\n<h2 class=\"md-heading\">Juristische \u00dcbersetzung Ins Englische<\/h2>\n<div class=\"md-text-block\">\n<p>GTS bietet eine breite Palette von zertifizierten englischen juristischen \u00dcbersetzungsdienstleistungen f\u00fcr Unternehmen, die in englischsprachigen L\u00e4ndern t\u00e4tig sind. Dazu geh\u00f6ren die folgenden Dokumenttypen:<\/p>\n<ul>\n<li>Vertr\u00e4ge<\/li>\n<li>Auslieferungsdokumente<\/li>\n<li>Einwanderungspapiere<\/li>\n<li>Geistiges Eigentum und Patente<\/li>\n<li>Gerichtsurkunden<\/li>\n<li>Besch\u00e4ftigungsabkommen<\/li>\n<\/ul>\n<\/div>\n<h2 class=\"md-heading\">Englisch Business Translation<\/h2>\n<p>GTS bietet qualitativ hochwertige englische \u00dcbersetzung von:<\/p>\n<ul>\n<li>Jahresberichte<\/li>\n<li>Website-Inhalt<\/li>\n<li>Gesch\u00e4ftspl\u00e4ne<\/li>\n<li>RFP\/RFQ-Dokumente<\/li>\n<li>Vorschl\u00e4ge<\/li>\n<\/ul>\n<h2>Tolle Preise F\u00fcr Englische \u00dcbersetzungen<\/h2>\n<p>Unsere \u00dcbersetzungstarife f\u00fcr Englisch sind die wettbewerbsf\u00e4higsten in der Branche und beginnen bei $0,09 pro Wort f\u00fcr professionelle englische \u00dcbersetzungen.<\/p>\n<h2>Preisrabatte f\u00fcr englische \u00dcbersetzungen<\/h2>\n<p>Verwenden Sie GTS Gutscheincodes, um einen Rabatt f\u00fcr englische \u00dcbersetzungen zu erhalten. Neukunden erhalten einen Rabatt von 5 % auf ihre erste Bestellung. Klicken Sie hier, um weitere Informationen \u00fcber <a href=\"https:\/\/www.gts-translation.com\/save-on-translation-costs-using-gts-coupon-codes\/\">Rabatte f\u00fcr \u00dcbersetzungspreisen<\/a>zu erhalten.<\/p>\n<h2><strong>Professionelle Englische Website-\u00dcbersetzung<\/strong><\/h2>\n<p>GTS bietet die \u00dcbersetzung von Websites und Webseiten aus allen Sprachen ins Englische. Klicken Sie hier, um ein <a href=\"https:\/\/www.gts-translation.com\/tools\/website-translator\/\">sofortiges Preisangebot f\u00fcr Website-Seite \u00dcbersetzungen<\/a>zu erhalten.<\/p>\n<h2>\u00dcber die englische Sprache<\/h2>\n<p>Die <a href=\"https:\/\/www.britannica.com\/topic\/English-language\" target=\"_blank\" rel=\"noopener noreferrer\">englische Sprache<\/a> ist zur Lingua franca der Welt geworden und wird in der ganzen Welt weit verbreitet gesprochen. Englisch ist eine der Amtssprachen der Vereinten Nationen, es ist die Hauptsprache auf den Weltfinanzm\u00e4rkten und es ist die Standardsprache des Internets. Jedes Unternehmen in einem nicht englischsprachigen Land muss eine Pr\u00e4senz und \u00fcbersetzen in der englischen Sprache, um international erfolgreich zu sein.]]&gt;<\/p>\n","protected":false},"excerpt":{"rendered":"<p>Beste englische \u00dcbersetzungsdienste GTS bietet qualitativ hochwertige, professionelle englische \u00dcbersetzungsdienste. Klicken Sie hier, um ein sofortiges Preisangebot f\u00fcr die \u00dcbersetzung englischer Dokumente zu erhalten. Und beginnen Sie noch heute mit Ihrem \u00dcbersetzungsprojekt. Wir sind die beste englische \u00dcbersetzungsagentur f\u00fcr \u00dcbersetzungsdienstleistungen in allen Bereichen. Dies umfasst die englische \u00dcbersetzung von technischen, medizinischen, rechtlichen, technischen, Software-, Engineering &#8230; <a title=\"Englisch \u00dcbersetzungsdienste\" class=\"read-more\" href=\"https:\/\/www.gts-translation.com\/de\/english-translation-services\/\" aria-label=\"Mehr Informationen \u00fcber Englisch \u00dcbersetzungsdienste\">Weiterlesen<\/a><\/p>\n","protected":false},"author":261,"featured_media":35240,"parent":0,"menu_order":0,"comment_status":"open","ping_status":"open","template":"templates\/landing-page.php","meta":{"_acf_changed":false,"inline_featured_image":false,"_monsterinsights_skip_tracking":false,"_monsterinsights_sitenote_active":false,"_monsterinsights_sitenote_note":"","_monsterinsights_sitenote_category":0,"footnotes":""},"class_list":["post-31077","page","type-page","status-publish","has-post-thumbnail"],"acf":[],"yoast_head":"<!-- This site is optimized with the Yoast SEO Premium plugin v24.2 (Yoast SEO v27.4) - https:\/\/yoast.com\/product\/yoast-seo-premium-wordpress\/ -->\n<title>Englisch \u00dcbersetzungsdienste<\/title>\n<meta name=\"description\" content=\"Qualitative Englisch-Deutsch \u00dcbersetzungen von GTS: pr\u00e4zise, effizient und professionell f\u00fcr alle Fachbereiche.\" \/>\n<meta name=\"robots\" content=\"index, follow, max-snippet:-1, max-image-preview:large, max-video-preview:-1\" \/>\n<link rel=\"canonical\" href=\"https:\/\/www.gts-translation.com\/de\/english-translation-services\/\" \/>\n<meta property=\"og:locale\" content=\"de_DE\" \/>\n<meta property=\"og:type\" content=\"article\" \/>\n<meta property=\"og:title\" content=\"Englisch \u00dcbersetzungsdienste\" \/>\n<meta property=\"og:description\" content=\"Qualitative Englisch-Deutsch \u00dcbersetzungen von GTS: pr\u00e4zise, effizient und professionell f\u00fcr alle Fachbereiche.\" \/>\n<meta property=\"og:url\" content=\"https:\/\/www.gts-translation.com\/de\/english-translation-services\/\" \/>\n<meta property=\"og:site_name\" content=\"GTS Translation Services\" \/>\n<meta property=\"article:publisher\" content=\"https:\/\/www.facebook.com\/GTS.Translation\/\" \/>\n<meta property=\"article:modified_time\" content=\"2023-06-26T09:15:49+00:00\" \/>\n<meta property=\"og:image\" content=\"https:\/\/www.gts-translation.com\/wp-content\/uploads\/2021\/10\/English-translation-services.jpg\" \/>\n\t<meta property=\"og:image:width\" content=\"846\" \/>\n\t<meta property=\"og:image:height\" content=\"409\" \/>\n\t<meta property=\"og:image:type\" content=\"image\/jpeg\" \/>\n<meta name=\"twitter:card\" content=\"summary_large_image\" \/>\n<meta name=\"twitter:label1\" content=\"Gesch\u00e4tzte Lesezeit\" \/>\n\t<meta name=\"twitter:data1\" content=\"3\u00a0Minuten\" \/>\n<script type=\"application\/ld+json\" class=\"yoast-schema-graph\">{\"@context\":\"https:\\\/\\\/schema.org\",\"@graph\":[{\"@type\":\"WebPage\",\"@id\":\"https:\\\/\\\/www.gts-translation.com\\\/de\\\/english-translation-services\\\/\",\"url\":\"https:\\\/\\\/www.gts-translation.com\\\/de\\\/english-translation-services\\\/\",\"name\":\"Englisch \u00dcbersetzungsdienste\",\"isPartOf\":{\"@id\":\"https:\\\/\\\/www.gts-translation.com\\\/de\\\/#website\"},\"primaryImageOfPage\":{\"@id\":\"https:\\\/\\\/www.gts-translation.com\\\/de\\\/english-translation-services\\\/#primaryimage\"},\"image\":{\"@id\":\"https:\\\/\\\/www.gts-translation.com\\\/de\\\/english-translation-services\\\/#primaryimage\"},\"thumbnailUrl\":\"https:\\\/\\\/www.gts-translation.com\\\/wp-content\\\/uploads\\\/2021\\\/10\\\/English-translation-services.jpg\",\"datePublished\":\"2015-05-15T07:44:15+00:00\",\"dateModified\":\"2023-06-26T09:15:49+00:00\",\"description\":\"Qualitative Englisch-Deutsch \u00dcbersetzungen von GTS: pr\u00e4zise, effizient und professionell f\u00fcr alle Fachbereiche.\",\"breadcrumb\":{\"@id\":\"https:\\\/\\\/www.gts-translation.com\\\/de\\\/english-translation-services\\\/#breadcrumb\"},\"inLanguage\":\"de\",\"potentialAction\":[{\"@type\":\"ReadAction\",\"target\":[\"https:\\\/\\\/www.gts-translation.com\\\/de\\\/english-translation-services\\\/\"]}]},{\"@type\":\"ImageObject\",\"inLanguage\":\"de\",\"@id\":\"https:\\\/\\\/www.gts-translation.com\\\/de\\\/english-translation-services\\\/#primaryimage\",\"url\":\"https:\\\/\\\/www.gts-translation.com\\\/wp-content\\\/uploads\\\/2021\\\/10\\\/English-translation-services.jpg\",\"contentUrl\":\"https:\\\/\\\/www.gts-translation.com\\\/wp-content\\\/uploads\\\/2021\\\/10\\\/English-translation-services.jpg\",\"width\":846,\"height\":409,\"caption\":\"New york city skyline with Empire State Building, View from the Rockefeller Center viewing platform 'Top of the Rock'\"},{\"@type\":\"BreadcrumbList\",\"@id\":\"https:\\\/\\\/www.gts-translation.com\\\/de\\\/english-translation-services\\\/#breadcrumb\",\"itemListElement\":[{\"@type\":\"ListItem\",\"position\":1,\"name\":\"Home\",\"item\":\"https:\\\/\\\/www.gts-translation.com\\\/de\\\/\"},{\"@type\":\"ListItem\",\"position\":2,\"name\":\"Englisch \u00dcbersetzungsdienste\"}]},{\"@type\":\"WebSite\",\"@id\":\"https:\\\/\\\/www.gts-translation.com\\\/de\\\/#website\",\"url\":\"https:\\\/\\\/www.gts-translation.com\\\/de\\\/\",\"name\":\"GTS Translation Services\",\"description\":\"Quality you can trust at prices you can&#039;t beat!\",\"publisher\":{\"@id\":\"https:\\\/\\\/www.gts-translation.com\\\/de\\\/#organization\"},\"potentialAction\":[{\"@type\":\"SearchAction\",\"target\":{\"@type\":\"EntryPoint\",\"urlTemplate\":\"https:\\\/\\\/www.gts-translation.com\\\/de\\\/?s={search_term_string}\"},\"query-input\":{\"@type\":\"PropertyValueSpecification\",\"valueRequired\":true,\"valueName\":\"search_term_string\"}}],\"inLanguage\":\"de\"},{\"@type\":\"Organization\",\"@id\":\"https:\\\/\\\/www.gts-translation.com\\\/de\\\/#organization\",\"name\":\"GTS Translation Services\",\"url\":\"https:\\\/\\\/www.gts-translation.com\\\/de\\\/\",\"logo\":{\"@type\":\"ImageObject\",\"inLanguage\":\"de\",\"@id\":\"https:\\\/\\\/www.gts-translation.com\\\/de\\\/#\\\/schema\\\/logo\\\/image\\\/\",\"url\":\"https:\\\/\\\/www.gts-translation.com\\\/wp-content\\\/uploads\\\/2023\\\/07\\\/gts-logo.png\",\"contentUrl\":\"https:\\\/\\\/www.gts-translation.com\\\/wp-content\\\/uploads\\\/2023\\\/07\\\/gts-logo.png\",\"width\":234,\"height\":80,\"caption\":\"GTS Translation Services\"},\"image\":{\"@id\":\"https:\\\/\\\/www.gts-translation.com\\\/de\\\/#\\\/schema\\\/logo\\\/image\\\/\"},\"sameAs\":[\"https:\\\/\\\/www.facebook.com\\\/GTS.Translation\\\/\"]}]}<\/script>\n<!-- \/ Yoast SEO Premium plugin. -->","yoast_head_json":{"title":"Englisch \u00dcbersetzungsdienste","description":"Qualitative Englisch-Deutsch \u00dcbersetzungen von GTS: pr\u00e4zise, effizient und professionell f\u00fcr alle Fachbereiche.","robots":{"index":"index","follow":"follow","max-snippet":"max-snippet:-1","max-image-preview":"max-image-preview:large","max-video-preview":"max-video-preview:-1"},"canonical":"https:\/\/www.gts-translation.com\/de\/english-translation-services\/","og_locale":"de_DE","og_type":"article","og_title":"Englisch \u00dcbersetzungsdienste","og_description":"Qualitative Englisch-Deutsch \u00dcbersetzungen von GTS: pr\u00e4zise, effizient und professionell f\u00fcr alle Fachbereiche.","og_url":"https:\/\/www.gts-translation.com\/de\/english-translation-services\/","og_site_name":"GTS Translation Services","article_publisher":"https:\/\/www.facebook.com\/GTS.Translation\/","article_modified_time":"2023-06-26T09:15:49+00:00","og_image":[{"width":846,"height":409,"url":"https:\/\/www.gts-translation.com\/wp-content\/uploads\/2021\/10\/English-translation-services.jpg","type":"image\/jpeg"}],"twitter_card":"summary_large_image","twitter_misc":{"Gesch\u00e4tzte Lesezeit":"3\u00a0Minuten"},"schema":{"@context":"https:\/\/schema.org","@graph":[{"@type":"WebPage","@id":"https:\/\/www.gts-translation.com\/de\/english-translation-services\/","url":"https:\/\/www.gts-translation.com\/de\/english-translation-services\/","name":"Englisch \u00dcbersetzungsdienste","isPartOf":{"@id":"https:\/\/www.gts-translation.com\/de\/#website"},"primaryImageOfPage":{"@id":"https:\/\/www.gts-translation.com\/de\/english-translation-services\/#primaryimage"},"image":{"@id":"https:\/\/www.gts-translation.com\/de\/english-translation-services\/#primaryimage"},"thumbnailUrl":"https:\/\/www.gts-translation.com\/wp-content\/uploads\/2021\/10\/English-translation-services.jpg","datePublished":"2015-05-15T07:44:15+00:00","dateModified":"2023-06-26T09:15:49+00:00","description":"Qualitative Englisch-Deutsch \u00dcbersetzungen von GTS: pr\u00e4zise, effizient und professionell f\u00fcr alle Fachbereiche.","breadcrumb":{"@id":"https:\/\/www.gts-translation.com\/de\/english-translation-services\/#breadcrumb"},"inLanguage":"de","potentialAction":[{"@type":"ReadAction","target":["https:\/\/www.gts-translation.com\/de\/english-translation-services\/"]}]},{"@type":"ImageObject","inLanguage":"de","@id":"https:\/\/www.gts-translation.com\/de\/english-translation-services\/#primaryimage","url":"https:\/\/www.gts-translation.com\/wp-content\/uploads\/2021\/10\/English-translation-services.jpg","contentUrl":"https:\/\/www.gts-translation.com\/wp-content\/uploads\/2021\/10\/English-translation-services.jpg","width":846,"height":409,"caption":"New york city skyline with Empire State Building, View from the Rockefeller Center viewing platform 'Top of the Rock'"},{"@type":"BreadcrumbList","@id":"https:\/\/www.gts-translation.com\/de\/english-translation-services\/#breadcrumb","itemListElement":[{"@type":"ListItem","position":1,"name":"Home","item":"https:\/\/www.gts-translation.com\/de\/"},{"@type":"ListItem","position":2,"name":"Englisch \u00dcbersetzungsdienste"}]},{"@type":"WebSite","@id":"https:\/\/www.gts-translation.com\/de\/#website","url":"https:\/\/www.gts-translation.com\/de\/","name":"GTS Translation Services","description":"Quality you can trust at prices you can&#039;t beat!","publisher":{"@id":"https:\/\/www.gts-translation.com\/de\/#organization"},"potentialAction":[{"@type":"SearchAction","target":{"@type":"EntryPoint","urlTemplate":"https:\/\/www.gts-translation.com\/de\/?s={search_term_string}"},"query-input":{"@type":"PropertyValueSpecification","valueRequired":true,"valueName":"search_term_string"}}],"inLanguage":"de"},{"@type":"Organization","@id":"https:\/\/www.gts-translation.com\/de\/#organization","name":"GTS Translation Services","url":"https:\/\/www.gts-translation.com\/de\/","logo":{"@type":"ImageObject","inLanguage":"de","@id":"https:\/\/www.gts-translation.com\/de\/#\/schema\/logo\/image\/","url":"https:\/\/www.gts-translation.com\/wp-content\/uploads\/2023\/07\/gts-logo.png","contentUrl":"https:\/\/www.gts-translation.com\/wp-content\/uploads\/2023\/07\/gts-logo.png","width":234,"height":80,"caption":"GTS Translation Services"},"image":{"@id":"https:\/\/www.gts-translation.com\/de\/#\/schema\/logo\/image\/"},"sameAs":["https:\/\/www.facebook.com\/GTS.Translation\/"]}]}},"_links":{"self":[{"href":"https:\/\/www.gts-translation.com\/de\/wp-json\/wp\/v2\/pages\/31077","targetHints":{"allow":["GET"]}}],"collection":[{"href":"https:\/\/www.gts-translation.com\/de\/wp-json\/wp\/v2\/pages"}],"about":[{"href":"https:\/\/www.gts-translation.com\/de\/wp-json\/wp\/v2\/types\/page"}],"author":[{"embeddable":true,"href":"https:\/\/www.gts-translation.com\/de\/wp-json\/wp\/v2\/users\/261"}],"replies":[{"embeddable":true,"href":"https:\/\/www.gts-translation.com\/de\/wp-json\/wp\/v2\/comments?post=31077"}],"version-history":[{"count":2,"href":"https:\/\/www.gts-translation.com\/de\/wp-json\/wp\/v2\/pages\/31077\/revisions"}],"predecessor-version":[{"id":59838,"href":"https:\/\/www.gts-translation.com\/de\/wp-json\/wp\/v2\/pages\/31077\/revisions\/59838"}],"wp:featuredmedia":[{"embeddable":true,"href":"https:\/\/www.gts-translation.com\/de\/wp-json\/wp\/v2\/media\/35240"}],"wp:attachment":[{"href":"https:\/\/www.gts-translation.com\/de\/wp-json\/wp\/v2\/media?parent=31077"}],"curies":[{"name":"wp","href":"https:\/\/api.w.org\/{rel}","templated":true}]}}