{"id":31324,"date":"2021-02-24T14:01:21","date_gmt":"2021-02-24T14:01:21","guid":{"rendered":"https:\/\/www.gts-translation.com\/languages\/englische-uebersetzungsdienste\/"},"modified":"2025-05-25T07:40:57","modified_gmt":"2025-05-25T07:40:57","slug":"english-translation-services","status":"publish","type":"page","link":"https:\/\/www.gts-translation.com\/de\/languages\/english-translation-services\/","title":{"rendered":"Englische \u00dcbersetzungsdienste"},"content":{"rendered":"<p><!-- Hero Section with CTA for English Translation Services (German Page) --><\/p>\n<div style=\"background-color: #f5f7fa; padding: 40px 20px; text-align: center; border-radius: 8px; margin-bottom: 30px;\">\n<h1 style=\"font-size: 32px; margin-bottom: 10px;\">Professionelle Englisch-\u00dcbersetzungen<\/h1>\n<p style=\"font-size: 18px; max-width: 800px; margin: 0 auto 20px;\">GTS bietet pr\u00e4zise und zertifizierte \u00dcbersetzungen ins Englische durch muttersprachliche Fach\u00fcbersetzer. Unsere Leistungen decken juristische, medizinische, technische und gesch\u00e4ftliche Inhalte ab \u2013 schnell, vertraulich und ISO 17100 zertifiziert.<\/p>\n<p><a style=\"background-color: #0073e6; color: #fff; padding: 14px 28px; font-size: 18px; border-radius: 6px; text-decoration: none; display: inline-block; box-shadow: 0 4px 6px rgba(0,0,0,0.1); transition: background-color 0.3s;\" href=\"#quote-form\"><br \/>\n\ud83d\udcc4 Jetzt Sofortangebot erhalten<br \/>\n<\/a><\/p>\n<p style=\"font-size: 14px; color: #666; margin-top: 12px;\">ISO 17100 zertifiziert | Muttersprachliche \u00dcbersetzer | Vertraulich &amp; termingerecht<\/p>\n<\/div>\n\n<p>&nbsp;<\/p>\n<h2>Beste englische \u00dcbersetzungsdienste<\/h2>\n<p>GTS bietet qualitativ hochwertige, professionelle englische \u00dcbersetzungsdienste. Klicken Sie hier, um ein sofortiges Preisangebot f\u00fcr die \u00dcbersetzung englischer Dokumente zu erhalten. und beginnen Sie noch heute mit Ihrem \u00dcbersetzungsprojekt.<\/p>\n<p>Wir sind das beste englische \u00dcbersetzungsb\u00fcro f\u00fcr Dokument\u00fcbersetzungsdienste in allen Bereichen. Dies beinhaltet die englische \u00dcbersetzung von technischen, medizinischen, rechtlichen, technischen, Software-, Ingenieur- und Finanzdokumenten. GTS bietet gezielte englische \u00dcbersetzungen f\u00fcr alle L\u00e4nder, in denen Englisch Amtssprache ist. Dies schlie\u00dft amerikanische \u00dcbersetzungsdienste f\u00fcr die USA, England \/ Gro\u00dfbritannien, Kanada und australische \u00dcbersetzungsdienste ein.<\/p>\n<h2>Warum w\u00e4hlen Sie GTS als Ihr englisches \u00dcbersetzungsunternehmen<\/h2>\n<p>Die Maschinen\u00fcbersetzung ist fantastisch, aber einige Dokumente erfordern ein h\u00f6heres Qualit\u00e4tsniveau, als Google Translate bieten kann. Dann m\u00fcssen Sie ein professionelles \u00dcbersetzungsunternehmen wie GTS Translation Services beauftragen. Wir haben ein weltweites Netzwerk von Hunderten von \u00dcbersetzern in jedem Land, in dem Englisch gesprochen wird. Wir garantieren die Qualit\u00e4t unserer \u00dcbersetzungen. Unser Qualit\u00e4tsmanagementsystem (QMS) ist nach der Norm <a href=\"http:\/\/qualitatsstandard.iso17100.com\/\">ISO 17100: 2015<\/a> zertifiziert. Alle unsere englischen \u00dcbersetzungen sind zertifiziert und werden mit einem unterschriebenen Genauigkeitsnachweis geliefert.<\/p>\n<figure id=\"attachment_13529\" aria-describedby=\"caption-attachment-13529\" style=\"width: 383px\" class=\"wp-caption alignleft\"><a href=\"https:\/\/www.gts-translation.com\/wp-content\/uploads\/2018\/09\/English-Translation-Services.jpg\"><img decoding=\"async\" class=\"wp-image-13529\" src=\"https:\/\/www.gts-translation.com\/wp-content\/uploads\/2018\/09\/English-Translation-Services-300x163.jpg\" alt=\"\" width=\"393\" height=\"214\" srcset=\"https:\/\/www.gts-translation.com\/wp-content\/uploads\/2018\/09\/English-Translation-Services-300x163.jpg 300w, https:\/\/www.gts-translation.com\/wp-content\/uploads\/2018\/09\/English-Translation-Services-768x418.jpg 768w, https:\/\/www.gts-translation.com\/wp-content\/uploads\/2018\/09\/English-Translation-Services.jpg 938w\" sizes=\"(max-width: 393px) 100vw, 393px\" \/><\/a><figcaption id=\"caption-attachment-13529\" class=\"wp-caption-text\">GTS bietet zertifizierte \u00dcbersetzungsdienste zwischen Englisch und \u00fcber 80 anderen Sprachen an<\/figcaption><\/figure>\n<p>Wir haben Erfahrung in der Bereitstellung hochwertiger professioneller englischer \u00dcbersetzungen. Einige der weltweit gr\u00f6\u00dften Unternehmen haben GTS als englisches \u00dcbersetzungsunternehmen ausgew\u00e4hlt. Zu den Kunden z\u00e4hlen: Siemens, Universitat Siegen, Allianz, ThyssenKrupp, Bendura Bank, Sunoco, Electrolux, SAP, Deloitte und BASF. Klicken Sie hier, um eine Kundenliste anzuzeigen. Klicken Sie hier, um einige <a href=\"https:\/\/www.gts-translation.com\/de\/company\/gts-translation-clients\/\">Kundenreferenzen<\/a> zu lesen.<\/p>\n<h2>\u00dcbersetzen Sie eine beliebige Sprache ins Englische.<\/h2>\n<p>GTS \u00fcbersetzt aus \u00fcber 80 Sprachen ins <a href=\"https:\/\/de.wikipedia.org\/wiki\/Englische_Sprache\">Englische<\/a>. Dies umfasst \u00dcbersetzungsdienste von Spanisch nach Englisch und \u00dcbersetzungsdienste von Franz\u00f6sisch nach Englisch. Weitere Sprachen, die wir ins Englische \u00fcbersetzen, sind Deutsch, Russisch, Hebr\u00e4isch, Arabisch, Italienisch, Chinesisch und Japanisch.<\/p>\n<h2><strong>Zertifizierte englische \u00dcbersetzung<\/strong><\/h2>\n<p>GTS ist ein zertifiziertes \u00dcbersetzungsunternehmen: Unser Qualit\u00e4tsmanagementsystem wurde von einer lizenzierten Zertifizierungsstelle gepr\u00fcft und als konform mit dem Normen ISO 17100: 2015 und ISO 9001: 2008. GTS bietet zertifizierte englische \u00dcbersetzungsdienste f\u00fcr medizinische, technische und rechtliche Dokumente an.<\/p>\n<h2>Englische Medizinische \u00dcbersetzungen<\/h2>\n<p>GTS bietet zertifizierte englische medizinische \u00dcbersetzungsdienste f\u00fcr Pharmaunternehmen, Hersteller von Medizinprodukten, biomedizinische Unternehmen und CROs, die klinische Forschungsstudien im englischsprachigen Raum durchf\u00fchren. Dies umfasst:<\/p>\n<ul>\n<li><a href=\"https:\/\/www.gts-translation.com\/services\/medical_translation_services\/medical-report-translation\/\">Medizinische Berichte<\/a><\/li>\n<li><a href=\"http:\/\/en.wikipedia.org\/wiki\/Clinical_trial_protocol\" target=\"_blank\" rel=\"noopener noreferrer\">Klinische Protokolle<\/a> und Protokollsynopsen<\/li>\n<li>Formulare f\u00fcr informierte Einwilligungen<\/li>\n<li><a href=\"https:\/\/www.gts-translation.com\/services\/medical_translation_services\/clinical-trials-research-translation\/\">Vereinbarungen \u00fcber klinische<\/a> Studien<\/li>\n<li>Gebrauchsanweisungen (IFU) und Benutzerhandb\u00fccher f\u00fcr Medizinprodukte<\/li>\n<li>Studienetiketten f\u00fcr Medikamente<\/li>\n<li><a href=\"http:\/\/en.wikipedia.org\/wiki\/Case_report_form\" target=\"_blank\" rel=\"noopener noreferrer\"> Fallberichtsformulare (CRF)<\/a><\/li>\n<li>Lokalisierung von medizinischer Software<\/li>\n<\/ul>\n<h2 class=\"md-heading\">Englische Technische \u00dcbersetzungen<\/h2>\n<div class=\"md-text-block\">\n<p>GTS bietet eine breite Palette von hoher Qualit\u00e4t Englische technische \u00dcbersetzungsdienste f\u00fcr Kunden weltweit. Dies beinhaltet die englische englische \u00dcbersetzung von:<\/p>\n<ul>\n<li>Technischen Handb\u00fcchern und Benutzerhandb\u00fcchern.<\/li>\n<li><a href=\"http:\/\/en.wikipedia.org\/wiki\/Request_for_proposal\" target=\"_blank\" rel=\"noopener noreferrer\">RFP<\/a>&#8211; und RFQ-Dokumente, Angebote und Vorschl\u00e4ge<\/li>\n<li>Materialhandhabungsdokumente, SDS<\/li>\n<li>Engineering-Dokumente, technische Zeichnungen<\/li>\n<li>Datenbl\u00e4tter und Webinhalte<\/li>\n<\/ul>\n<\/div>\n<h2 class=\"md-heading\">Englisch Juristische \u00dcbersetzungen<\/h2>\n<div class=\"md-text-block\">\n<p>GTS bietet eine breite Palette zertifizierter englischer Rechts\u00fcbersetzungsdienste f\u00fcr Unternehmen, die im englischsprachigen Raum t\u00e4tig sind. Dies umfasst die folgenden Arten von Dokumenten:<\/p>\n<div class=\"md-text-block\">\n<ul>\n<li>Vertr\u00e4ge<\/li>\n<li>Auslieferungsdokumente<\/li>\n<li>Einwanderungspapiere<\/li>\n<li>Geistiges Eigentum und Patente<\/li>\n<li>Gerichtsdokumente<\/li>\n<li>Arbeitsvertr\u00e4ge<\/li>\n<\/ul>\n<\/div>\n<h2 class=\"md-heading\">Englische Gesch\u00e4fts \u00dcbersetzung<\/h2>\n<p>GTS bietet qualitativ hochwertige englische \u00dcbersetzung von:<\/p>\n<ul>\n<li>Jahresberichten<\/li>\n<li>Webseiten-Inhalt<\/li>\n<li>Gesch\u00e4ftspl\u00e4ne<\/li>\n<li>RFP \/ RFQ-Dokumente<\/li>\n<li>Vorschl\u00e4ge<\/li>\n<\/ul>\n<h2>Tolle englische \u00dcbersetzungsraten<\/h2>\n<p>Unsere englische \u00dcbersetzungsraten sind die h\u00f6chsten Wettbewerbsf\u00e4higen in der Branche und ab \u20ac0.14 pro Wort f\u00fcr professionellen englischen \u00dcbersetzungsservice (<a href=\"https:\/\/www.gts-translation.com\/languages\/german\/\">German English translation service<\/a>).<\/p>\n<h2>Preisnachl\u00e4sse f\u00fcr englische \u00dcbersetzungen<\/h2>\n<p>Verwenden Sie GTS-Gutscheincodes, um einen Rabatt f\u00fcr englische \u00dcbersetzungen zu erhalten. Neukunden erhalten 5% Rabatt auf ihre erste Bestellung. Klicken Sie hier, um weitere Informationen zu Preisnachl\u00e4ssen f\u00fcr <a href=\"https:\/\/www.gts-translation.com\/save-on-translation-costs-using-gts-coupon-codes\/\">\u00dcbersetzungen zu erhalten.<\/a><\/p>\n<h2><strong>Professionelle englische Webseiten-\u00dcbersetzung<\/strong><\/h2>\n<p>GTS bietet die \u00dcbersetzung von Webseiten und Webseiten aus allen Sprachen ins Englische. Klicken Sie hier, um ein sofortiges Preisangebot f\u00fcr \u00dcbersetzungen von Webseiten zu erhalten.<\/p>\n<h2>\u00dcber die englische Sprache<\/h2>\n<p><a href=\"https:\/\/www.gts-translation.com\/tools\/website-translator\/\">Die <\/a><a href=\"https:\/\/www.britannica.com\/topic\/English-language\" target=\"_blank\" rel=\"noopener noreferrer\">englische <\/a>Sprache ist zur Verkehrssprache der Welt geworden und wird weltweit\u00a0 gesprochen. Englisch ist eine der offiziellen Sprachen der Vereinten Nationen, die Hauptsprache auf den Weltfinanzm\u00e4rkten und die Standardsprache des Internets. Jedes Unternehmen in einem nicht englischsprachigen Land muss pr\u00e4sent sein und in die englische Sprache \u00fcbersetzen, um international erfolgreich zu sein.<\/p>\n<\/div>\n","protected":false},"excerpt":{"rendered":"<p>Professionelle Englisch-\u00dcbersetzungen GTS bietet pr\u00e4zise und zertifizierte \u00dcbersetzungen ins Englische durch muttersprachliche Fach\u00fcbersetzer. Unsere Leistungen decken juristische, medizinische, technische und gesch\u00e4ftliche Inhalte ab \u2013 schnell, vertraulich und ISO 17100 zertifiziert. \ud83d\udcc4 Jetzt Sofortangebot erhalten ISO 17100 zertifiziert | Muttersprachliche \u00dcbersetzer | Vertraulich &amp; termingerecht &nbsp; Beste englische \u00dcbersetzungsdienste GTS bietet qualitativ hochwertige, professionelle englische \u00dcbersetzungsdienste. &#8230; <a title=\"Englische \u00dcbersetzungsdienste\" class=\"read-more\" href=\"https:\/\/www.gts-translation.com\/de\/languages\/english-translation-services\/\" aria-label=\"Mehr Informationen \u00fcber Englische \u00dcbersetzungsdienste\">Weiterlesen<\/a><\/p>\n","protected":false},"author":261,"featured_media":35240,"parent":12232,"menu_order":0,"comment_status":"open","ping_status":"open","template":"templates\/landing-page.php","meta":{"_acf_changed":false,"inline_featured_image":false,"_monsterinsights_skip_tracking":false,"_monsterinsights_sitenote_active":false,"_monsterinsights_sitenote_note":"","_monsterinsights_sitenote_category":0,"footnotes":""},"class_list":["post-31324","page","type-page","status-publish","has-post-thumbnail"],"acf":[],"yoast_head":"<!-- This site is optimized with the Yoast SEO Premium plugin v24.2 (Yoast SEO v27.4) - https:\/\/yoast.com\/product\/yoast-seo-premium-wordpress\/ -->\n<title>Englische \u00dcbersetzungsdienste<\/title>\n<meta name=\"description\" content=\"GTS bietet erstklassige, zertifizierte englische \u00dcbersetzungsdienste. Holen Sie sich sofort ein Online-Preisangebot und starten Sie noch heute Ihr englisches \u00dcbersetzungsprojekt.\" \/>\n<meta name=\"robots\" content=\"index, follow, max-snippet:-1, max-image-preview:large, max-video-preview:-1\" \/>\n<link rel=\"canonical\" href=\"https:\/\/www.gts-translation.com\/de\/languages\/english-translation-services\/\" \/>\n<meta property=\"og:locale\" content=\"de_DE\" \/>\n<meta property=\"og:type\" content=\"article\" \/>\n<meta property=\"og:title\" content=\"Englische \u00dcbersetzungsdienste\" \/>\n<meta property=\"og:description\" content=\"GTS bietet erstklassige, zertifizierte englische \u00dcbersetzungsdienste. Holen Sie sich sofort ein Online-Preisangebot und starten Sie noch heute Ihr englisches \u00dcbersetzungsprojekt.\" \/>\n<meta property=\"og:url\" content=\"https:\/\/www.gts-translation.com\/de\/languages\/english-translation-services\/\" \/>\n<meta property=\"og:site_name\" content=\"GTS Translation Services\" \/>\n<meta property=\"article:publisher\" content=\"https:\/\/www.facebook.com\/GTS.Translation\/\" \/>\n<meta property=\"article:modified_time\" content=\"2025-05-25T07:40:57+00:00\" \/>\n<meta property=\"og:image\" content=\"https:\/\/www.gts-translation.com\/wp-content\/uploads\/2021\/10\/English-translation-services.jpg\" \/>\n\t<meta property=\"og:image:width\" content=\"846\" \/>\n\t<meta property=\"og:image:height\" content=\"409\" \/>\n\t<meta property=\"og:image:type\" content=\"image\/jpeg\" \/>\n<meta name=\"twitter:card\" content=\"summary_large_image\" \/>\n<meta name=\"twitter:label1\" content=\"Gesch\u00e4tzte Lesezeit\" \/>\n\t<meta name=\"twitter:data1\" content=\"4\u00a0Minuten\" \/>\n<script type=\"application\/ld+json\" class=\"yoast-schema-graph\">{\"@context\":\"https:\\\/\\\/schema.org\",\"@graph\":[{\"@type\":\"WebPage\",\"@id\":\"https:\\\/\\\/www.gts-translation.com\\\/de\\\/languages\\\/english-translation-services\\\/\",\"url\":\"https:\\\/\\\/www.gts-translation.com\\\/de\\\/languages\\\/english-translation-services\\\/\",\"name\":\"Englische \u00dcbersetzungsdienste\",\"isPartOf\":{\"@id\":\"https:\\\/\\\/www.gts-translation.com\\\/de\\\/#website\"},\"primaryImageOfPage\":{\"@id\":\"https:\\\/\\\/www.gts-translation.com\\\/de\\\/languages\\\/english-translation-services\\\/#primaryimage\"},\"image\":{\"@id\":\"https:\\\/\\\/www.gts-translation.com\\\/de\\\/languages\\\/english-translation-services\\\/#primaryimage\"},\"thumbnailUrl\":\"https:\\\/\\\/www.gts-translation.com\\\/wp-content\\\/uploads\\\/2021\\\/10\\\/English-translation-services.jpg\",\"datePublished\":\"2021-02-24T14:01:21+00:00\",\"dateModified\":\"2025-05-25T07:40:57+00:00\",\"description\":\"GTS bietet erstklassige, zertifizierte englische \u00dcbersetzungsdienste. Holen Sie sich sofort ein Online-Preisangebot und starten Sie noch heute Ihr englisches \u00dcbersetzungsprojekt.\",\"breadcrumb\":{\"@id\":\"https:\\\/\\\/www.gts-translation.com\\\/de\\\/languages\\\/english-translation-services\\\/#breadcrumb\"},\"inLanguage\":\"de\",\"potentialAction\":[{\"@type\":\"ReadAction\",\"target\":[\"https:\\\/\\\/www.gts-translation.com\\\/de\\\/languages\\\/english-translation-services\\\/\"]}]},{\"@type\":\"ImageObject\",\"inLanguage\":\"de\",\"@id\":\"https:\\\/\\\/www.gts-translation.com\\\/de\\\/languages\\\/english-translation-services\\\/#primaryimage\",\"url\":\"https:\\\/\\\/www.gts-translation.com\\\/wp-content\\\/uploads\\\/2021\\\/10\\\/English-translation-services.jpg\",\"contentUrl\":\"https:\\\/\\\/www.gts-translation.com\\\/wp-content\\\/uploads\\\/2021\\\/10\\\/English-translation-services.jpg\",\"width\":846,\"height\":409,\"caption\":\"New york city skyline with Empire State Building, View from the Rockefeller Center viewing platform 'Top of the Rock'\"},{\"@type\":\"BreadcrumbList\",\"@id\":\"https:\\\/\\\/www.gts-translation.com\\\/de\\\/languages\\\/english-translation-services\\\/#breadcrumb\",\"itemListElement\":[{\"@type\":\"ListItem\",\"position\":1,\"name\":\"Home\",\"item\":\"https:\\\/\\\/www.gts-translation.com\\\/de\\\/\"},{\"@type\":\"ListItem\",\"position\":2,\"name\":\"Sprachen\",\"item\":\"https:\\\/\\\/www.gts-translation.com\\\/de\\\/languages\\\/\"},{\"@type\":\"ListItem\",\"position\":3,\"name\":\"Englische \u00dcbersetzungsdienste\"}]},{\"@type\":\"WebSite\",\"@id\":\"https:\\\/\\\/www.gts-translation.com\\\/de\\\/#website\",\"url\":\"https:\\\/\\\/www.gts-translation.com\\\/de\\\/\",\"name\":\"GTS Translation Services\",\"description\":\"Quality you can trust at prices you can&#039;t beat!\",\"publisher\":{\"@id\":\"https:\\\/\\\/www.gts-translation.com\\\/de\\\/#organization\"},\"potentialAction\":[{\"@type\":\"SearchAction\",\"target\":{\"@type\":\"EntryPoint\",\"urlTemplate\":\"https:\\\/\\\/www.gts-translation.com\\\/de\\\/?s={search_term_string}\"},\"query-input\":{\"@type\":\"PropertyValueSpecification\",\"valueRequired\":true,\"valueName\":\"search_term_string\"}}],\"inLanguage\":\"de\"},{\"@type\":\"Organization\",\"@id\":\"https:\\\/\\\/www.gts-translation.com\\\/de\\\/#organization\",\"name\":\"GTS Translation Services\",\"url\":\"https:\\\/\\\/www.gts-translation.com\\\/de\\\/\",\"logo\":{\"@type\":\"ImageObject\",\"inLanguage\":\"de\",\"@id\":\"https:\\\/\\\/www.gts-translation.com\\\/de\\\/#\\\/schema\\\/logo\\\/image\\\/\",\"url\":\"https:\\\/\\\/www.gts-translation.com\\\/wp-content\\\/uploads\\\/2023\\\/07\\\/gts-logo.png\",\"contentUrl\":\"https:\\\/\\\/www.gts-translation.com\\\/wp-content\\\/uploads\\\/2023\\\/07\\\/gts-logo.png\",\"width\":234,\"height\":80,\"caption\":\"GTS Translation Services\"},\"image\":{\"@id\":\"https:\\\/\\\/www.gts-translation.com\\\/de\\\/#\\\/schema\\\/logo\\\/image\\\/\"},\"sameAs\":[\"https:\\\/\\\/www.facebook.com\\\/GTS.Translation\\\/\"]}]}<\/script>\n<!-- \/ Yoast SEO Premium plugin. -->","yoast_head_json":{"title":"Englische \u00dcbersetzungsdienste","description":"GTS bietet erstklassige, zertifizierte englische \u00dcbersetzungsdienste. Holen Sie sich sofort ein Online-Preisangebot und starten Sie noch heute Ihr englisches \u00dcbersetzungsprojekt.","robots":{"index":"index","follow":"follow","max-snippet":"max-snippet:-1","max-image-preview":"max-image-preview:large","max-video-preview":"max-video-preview:-1"},"canonical":"https:\/\/www.gts-translation.com\/de\/languages\/english-translation-services\/","og_locale":"de_DE","og_type":"article","og_title":"Englische \u00dcbersetzungsdienste","og_description":"GTS bietet erstklassige, zertifizierte englische \u00dcbersetzungsdienste. Holen Sie sich sofort ein Online-Preisangebot und starten Sie noch heute Ihr englisches \u00dcbersetzungsprojekt.","og_url":"https:\/\/www.gts-translation.com\/de\/languages\/english-translation-services\/","og_site_name":"GTS Translation Services","article_publisher":"https:\/\/www.facebook.com\/GTS.Translation\/","article_modified_time":"2025-05-25T07:40:57+00:00","og_image":[{"width":846,"height":409,"url":"https:\/\/www.gts-translation.com\/wp-content\/uploads\/2021\/10\/English-translation-services.jpg","type":"image\/jpeg"}],"twitter_card":"summary_large_image","twitter_misc":{"Gesch\u00e4tzte Lesezeit":"4\u00a0Minuten"},"schema":{"@context":"https:\/\/schema.org","@graph":[{"@type":"WebPage","@id":"https:\/\/www.gts-translation.com\/de\/languages\/english-translation-services\/","url":"https:\/\/www.gts-translation.com\/de\/languages\/english-translation-services\/","name":"Englische \u00dcbersetzungsdienste","isPartOf":{"@id":"https:\/\/www.gts-translation.com\/de\/#website"},"primaryImageOfPage":{"@id":"https:\/\/www.gts-translation.com\/de\/languages\/english-translation-services\/#primaryimage"},"image":{"@id":"https:\/\/www.gts-translation.com\/de\/languages\/english-translation-services\/#primaryimage"},"thumbnailUrl":"https:\/\/www.gts-translation.com\/wp-content\/uploads\/2021\/10\/English-translation-services.jpg","datePublished":"2021-02-24T14:01:21+00:00","dateModified":"2025-05-25T07:40:57+00:00","description":"GTS bietet erstklassige, zertifizierte englische \u00dcbersetzungsdienste. Holen Sie sich sofort ein Online-Preisangebot und starten Sie noch heute Ihr englisches \u00dcbersetzungsprojekt.","breadcrumb":{"@id":"https:\/\/www.gts-translation.com\/de\/languages\/english-translation-services\/#breadcrumb"},"inLanguage":"de","potentialAction":[{"@type":"ReadAction","target":["https:\/\/www.gts-translation.com\/de\/languages\/english-translation-services\/"]}]},{"@type":"ImageObject","inLanguage":"de","@id":"https:\/\/www.gts-translation.com\/de\/languages\/english-translation-services\/#primaryimage","url":"https:\/\/www.gts-translation.com\/wp-content\/uploads\/2021\/10\/English-translation-services.jpg","contentUrl":"https:\/\/www.gts-translation.com\/wp-content\/uploads\/2021\/10\/English-translation-services.jpg","width":846,"height":409,"caption":"New york city skyline with Empire State Building, View from the Rockefeller Center viewing platform 'Top of the Rock'"},{"@type":"BreadcrumbList","@id":"https:\/\/www.gts-translation.com\/de\/languages\/english-translation-services\/#breadcrumb","itemListElement":[{"@type":"ListItem","position":1,"name":"Home","item":"https:\/\/www.gts-translation.com\/de\/"},{"@type":"ListItem","position":2,"name":"Sprachen","item":"https:\/\/www.gts-translation.com\/de\/languages\/"},{"@type":"ListItem","position":3,"name":"Englische \u00dcbersetzungsdienste"}]},{"@type":"WebSite","@id":"https:\/\/www.gts-translation.com\/de\/#website","url":"https:\/\/www.gts-translation.com\/de\/","name":"GTS Translation Services","description":"Quality you can trust at prices you can&#039;t beat!","publisher":{"@id":"https:\/\/www.gts-translation.com\/de\/#organization"},"potentialAction":[{"@type":"SearchAction","target":{"@type":"EntryPoint","urlTemplate":"https:\/\/www.gts-translation.com\/de\/?s={search_term_string}"},"query-input":{"@type":"PropertyValueSpecification","valueRequired":true,"valueName":"search_term_string"}}],"inLanguage":"de"},{"@type":"Organization","@id":"https:\/\/www.gts-translation.com\/de\/#organization","name":"GTS Translation Services","url":"https:\/\/www.gts-translation.com\/de\/","logo":{"@type":"ImageObject","inLanguage":"de","@id":"https:\/\/www.gts-translation.com\/de\/#\/schema\/logo\/image\/","url":"https:\/\/www.gts-translation.com\/wp-content\/uploads\/2023\/07\/gts-logo.png","contentUrl":"https:\/\/www.gts-translation.com\/wp-content\/uploads\/2023\/07\/gts-logo.png","width":234,"height":80,"caption":"GTS Translation Services"},"image":{"@id":"https:\/\/www.gts-translation.com\/de\/#\/schema\/logo\/image\/"},"sameAs":["https:\/\/www.facebook.com\/GTS.Translation\/"]}]}},"_links":{"self":[{"href":"https:\/\/www.gts-translation.com\/de\/wp-json\/wp\/v2\/pages\/31324","targetHints":{"allow":["GET"]}}],"collection":[{"href":"https:\/\/www.gts-translation.com\/de\/wp-json\/wp\/v2\/pages"}],"about":[{"href":"https:\/\/www.gts-translation.com\/de\/wp-json\/wp\/v2\/types\/page"}],"author":[{"embeddable":true,"href":"https:\/\/www.gts-translation.com\/de\/wp-json\/wp\/v2\/users\/261"}],"replies":[{"embeddable":true,"href":"https:\/\/www.gts-translation.com\/de\/wp-json\/wp\/v2\/comments?post=31324"}],"version-history":[{"count":3,"href":"https:\/\/www.gts-translation.com\/de\/wp-json\/wp\/v2\/pages\/31324\/revisions"}],"predecessor-version":[{"id":63516,"href":"https:\/\/www.gts-translation.com\/de\/wp-json\/wp\/v2\/pages\/31324\/revisions\/63516"}],"up":[{"embeddable":true,"href":"https:\/\/www.gts-translation.com\/de\/wp-json\/wp\/v2\/pages\/12232"}],"wp:featuredmedia":[{"embeddable":true,"href":"https:\/\/www.gts-translation.com\/de\/wp-json\/wp\/v2\/media\/35240"}],"wp:attachment":[{"href":"https:\/\/www.gts-translation.com\/de\/wp-json\/wp\/v2\/media?parent=31324"}],"curies":[{"name":"wp","href":"https:\/\/api.w.org\/{rel}","templated":true}]}}