{"id":51920,"date":"2022-03-10T08:07:45","date_gmt":"2022-03-10T08:07:45","guid":{"rendered":"https:\/\/www.gts-translation.com\/?page_id=51920"},"modified":"2025-01-06T07:20:51","modified_gmt":"2025-01-06T07:20:51","slug":"portuguese-translation-services-english-to-portuguese-translation","status":"publish","type":"page","link":"https:\/\/www.gts-translation.com\/de\/languages\/portuguese-translation-services-english-to-portuguese-translation\/","title":{"rendered":"Portugiesisch-\u00dcbersetzungsdienstleistungen"},"content":{"rendered":"\n<h1 class=\"wp-block-heading\" id=\"h-die-besten-portugiesisch-ubersetzungsdienste-im-jahr-2026\">Die besten Portugiesisch-\u00dcbersetzungsdienste im Jahr 2026<\/h1>\n\n\n<div class=\"wp-block-image\">\n<figure class=\"alignleft\"><a href=\"https:\/\/www.gts-translation.com\/wp-content\/uploads\/2018\/03\/Portuguese-Translation-Services-1.jpg\"><img decoding=\"async\" width=\"300\" height=\"228\" src=\"https:\/\/www.gts-translation.com\/wp-content\/uploads\/2020\/03\/Portuguese-Translation-Services-300x228.png\" alt=\"Portuguese Translation Services\" class=\"wp-image-24456\" srcset=\"https:\/\/www.gts-translation.com\/wp-content\/uploads\/2020\/03\/Portuguese-Translation-Services-300x228.png 300w, https:\/\/www.gts-translation.com\/wp-content\/uploads\/2020\/03\/Portuguese-Translation-Services-768x584.png 768w, https:\/\/www.gts-translation.com\/wp-content\/uploads\/2020\/03\/Portuguese-Translation-Services.png 886w\" sizes=\"(max-width: 300px) 100vw, 300px\" \/><\/a><figcaption class=\"wp-element-caption\">Doing business in Brazil? In Portugal? GTS has your back either way.<\/figcaption><\/figure>\n<\/div>\n\n\n<p>GTS Translation hat eine nachweisliche Erfolgsbilanz bei der Bereitstellung pr\u00e4ziser, qualitativ hochwertiger portugiesischer \u00dcbersetzungsdienste f\u00fcr einige der weltweit f\u00fchrenden Unternehmen. Wir bieten sowohl brasilianisches Portugiesisch als auch europ\u00e4isches Portugiesisch als \u00dcbersetzungsdienstleistungen an.<\/p>\n\n\n\n<h2 class=\"wp-block-heading\" id=\"h-warum-sollten-sie-gts-als-ihr-portugiesisches-ubersetzungsburo-wahlen\">Warum sollten Sie GTS als Ihr portugiesisches \u00dcbersetzungsb\u00fcro w\u00e4hlen?<\/h2>\n\n\n\n<p>GTS bietet qualitativ hochwertige Portugiesisch-\u00dcbersetzungsdienstleistungen mit einem gepr\u00fcften Team von muttersprachlichen Portugiesisch-\u00dcbersetzern vor Ort. Wir bieten fachkundige Portugiesisch-\u00dcbersetzungen in vielen Bereichen, darunter Technik, Medizin, Recht, Patente und IP-Dokumente, Software, Technik und Finanzen. Wir \u00fcbersetzen auch vom Portugiesischen ins Deutsche und vom Portugiesischen in \u00fcber 60 andere Sprachen. Klicken Sie hier, um ein sofortiges Online-Preisangebot f\u00fcr Portugiesisch-\u00dcbersetzungsdienste zu erhalten.<\/p>\n\n\n\n<h2 class=\"wp-block-heading\" id=\"h-erfahrung-in-der-industrie\">Erfahrung in der Industrie<\/h2>\n\n\n\n<p>Die \u00dcbersetzer unseres Portugiesisch-\u00dcbersetzungsb\u00fcros werden sorgf\u00e4ltig auf ihre Branchenerfahrung hin \u00fcberpr\u00fcft. Wir bieten fachkundige Englisch-Portugiesisch-\u00dcbersetzungsdienste in vielen Bereichen. Dazu geh\u00f6ren Technik, Medizin, Recht, Patente, Software, Technik und Finanzen. Wir bieten die Lokalisierung von Softwareprodukten und die \u00dcbersetzung von Websites ins Portugiesische an.<\/p>\n\n\n\n<h2 class=\"wp-block-heading\" id=\"h-beglaubigte-ubersetzungen-portugiesisch\">Beglaubigte \u00dcbersetzungen Portugiesisch<\/h2>\n\n\n\n<p>GTS ist ein zertifiziertes \u00dcbersetzungsunternehmen. Unser Qualit\u00e4tsmanagementsystem wird j\u00e4hrlich von einer zugelassenen Zertifizierungsstelle gepr\u00fcft und entspricht der Norm ISO 17100:2015. GTS bietet zertifizierte portugiesische \u00dcbersetzungsdienste f\u00fcr medizinische, technische und juristische Dokumente.<\/p>\n\n\n\n<h2 class=\"wp-block-heading\" id=\"h-ubersetzung-portugiesischer-dokumente\">\u00dcbersetzung portugiesischer Dokumente<\/h2>\n\n\n\n<p>Wir \u00fcbersetzen brasilianisches Portugiesisch und europ\u00e4isches Portugiesisch in jedem Dateiformat, einschlie\u00dflich PDF, MS Word, Powerpoint, Excel, Adobe InDesign und Framemaker. Wenn Sie hervorragende Qualit\u00e4t bei der \u00dcbersetzung ins Englische w\u00fcnschen, sind Sie bei GTS an der richtigen Adresse.<\/p>\n\n\n\n<h3 class=\"wp-block-heading\" id=\"h-portugiesische-medizinische-ubersetzungsdienste\">Portugiesische medizinische \u00dcbersetzungsdienste<\/h3>\n\n\n\n<p>GTS bietet beglaubigte \u00dcbersetzungen von medizinischen Berichten sowohl ins Portugiesische als auch aus dem Portugiesischen an. Diese \u00dcbersetzungen werden h\u00e4ufig in der aufbl\u00fchenden Medizintourismusbranche ben\u00f6tigt. Wir bieten auch portugiesische medizinische \u00dcbersetzungsdienste f\u00fcr Pharmaunternehmen, Hersteller von medizinischen Ger\u00e4ten, biomedizinische Unternehmen und CROs. Dies umfasst:<\/p>\n\n\n\n<ul class=\"wp-block-list\">\n<li>Klinische Protokolle und Zusammenfassungen von Protokollen<\/li>\n\n\n\n<li>Einverst\u00e4ndniserkl\u00e4rungen<\/li>\n\n\n\n<li>Vereinbarungen \u00fcber klinische Pr\u00fcfungen<\/li>\n\n\n\n<li>Gebrauchsanweisungen f\u00fcr Medizinprodukte<\/li>\n\n\n\n<li>Benutzerhandb\u00fccher f\u00fcr medizinische Software<\/li>\n\n\n\n<li>Etiketten f\u00fcr Studienmedikamente<\/li>\n\n\n\n<li>Fallberichtsformulare (CRF)<\/li>\n\n\n\n<li>Lokalisierung von medizinischer Software<\/li>\n\n\n\n<li>Localization of medical software<\/li>\n<\/ul>\n\n\n\n<h3 class=\"wp-block-heading\" id=\"h-technische-ubersetzung-portugiesisch\">Technische \u00dcbersetzung Portugiesisch<\/h3>\n\n\n\n<p>GTS bietet ein breites Spektrum an hochwertigen technischen und ingenieurwissenschaftlichen Portugiesisch-\u00dcbersetzungen f\u00fcr Kunden in aller Welt. Dazu geh\u00f6rt auch die technische \u00dcbersetzung ins Portugiesische:<\/p>\n\n\n\n<ul class=\"wp-block-list\">\n<li>Handb\u00fccher und Bedienungsanleitungen.<\/li>\n\n\n\n<li>RFP- und RFQ-Dokumente, Ausschreibungen und Angebote<\/li>\n\n\n\n<li>Dokumente zur Materialhandhabung, SDS<\/li>\n\n\n\n<li>Technische Dokumente, technische Zeichnungen<\/li>\n\n\n\n<li>Datenbl\u00e4tter und Webinhalte<\/li>\n\n\n\n<li>Data sheets and web content<\/li>\n<\/ul>\n\n\n\n<h3 class=\"wp-block-heading\" id=\"h-portugiesische-juristische-ubersetzungsdienste\">Portugiesische juristische \u00dcbersetzungsdienste<\/h3>\n\n\n\n<p>GTS bietet eine breite Palette an qualitativ hochwertigen portugiesischen juristischen \u00dcbersetzungsdienstleistungen f\u00fcr international t\u00e4tige Unternehmen. Dies umfasst:<\/p>\n\n\n\n<ul class=\"wp-block-list\">\n<li>Vertr\u00e4ge<\/li>\n\n\n\n<li>Juristische Vereinbarungen<\/li>\n\n\n\n<li>Eidesstattliche Versicherungen<\/li>\n\n\n\n<li>Patente<\/li>\n\n\n\n<li>Gerichts- und Prozessdokumente<\/li>\n\n\n\n<li>Scheidungsurteile<\/li>\n<\/ul>\n\n\n\n<h3 class=\"wp-block-heading\" id=\"h-portugiesische-geschafts-und-finanzubersetzungen\">Portugiesische Gesch\u00e4fts- und Finanz\u00fcbersetzungen<\/h3>\n\n\n\n<p>GTS bietet eine breite Palette an hochwertigen portugiesischen Finanz\u00fcbersetzungen an. Dies umfasst die portugiesische \u00dcbersetzung von:<\/p>\n\n\n\n<ul class=\"wp-block-list\">\n<li>Jahresberichte<\/li>\n\n\n\n<li>Gesch\u00e4ftspl\u00e4ne<\/li>\n\n\n\n<li>Durchf\u00fchrbarkeitsstudien<\/li>\n\n\n\n<li>Inhalt von Websites<\/li>\n\n\n\n<li>Marketing- und Verkaufsbrosch\u00fcren<\/li>\n\n\n\n<li>Gesch\u00e4ftsvorschl\u00e4ge<\/li>\n\n\n\n<li>Handb\u00fccher f\u00fcr Mitarbeiter<\/li>\n<\/ul>\n\n\n\n<h2 class=\"wp-block-heading\" id=\"h-portugiesisch-in-deutsch-ubersetzen\">Portugiesisch in Deutsch \u00fcbersetzen<\/h2>\n\n\n\n<p>Wir k\u00f6nnen Ihre portugiesischen Dokumente in allen Fachgebieten und in jedem Dateiformat ins Deutsche \u00fcbersetzen. Wir verf\u00fcgen \u00fcber ein gro\u00dfes Netzwerk professioneller, muttersprachlicher Portugiesisch-Deutsch-\u00dcbersetzer.<\/p>\n\n\n\n<h2 class=\"wp-block-heading\" id=\"h-tipps-zur-portugiesisch-ubersetzung\">Tipps zur Portugiesisch-\u00dcbersetzung<\/h2>\n\n\n\n<p>Obwohl Portugiesisch in mehreren L\u00e4ndern verwendet wird, bestellen unsere Kunden in der Regel Portugiesisch-\u00dcbersetzungen, die entweder f\u00fcr Brasilien oder Portugal bestimmt sind. Bevor Sie eine portugiesische \u00dcbersetzung in Auftrag geben, sollten Sie feststellen, f\u00fcr welches Land die \u00dcbersetzung bestimmt ist, da es erhebliche Unterschiede zwischen dem brasilianischen Portugiesisch und dem europ\u00e4ischen Portugiesisch gibt. In Brasilien leben bei weitem die meisten Portugiesisch sprechenden Menschen der Welt (fast 200 Millionen), daher sind die meisten von uns gelieferten Portugiesisch-\u00dcbersetzungen f\u00fcr Brasilien bestimmt.<\/p>\n\n\n\n<p>Wenn Sie eine Gebrauchsanweisung f\u00fcr ein Medizinprodukt \u00fcbersetzen, die den EU-Vorschriften entspricht, sollten Sie unbedingt eine \u00dcbersetzung ins europ\u00e4ische Portugiesisch bestellen. Dasselbe gilt f\u00fcr die \u00dcbersetzung von Patenten: Wenn Sie in den EU-Staaten Patentschutz beantragen, sollten Sie die \u00dcbersetzung in europ\u00e4isches Portugiesisch bestellen.<\/p>\n","protected":false},"excerpt":{"rendered":"<p>Die besten Portugiesisch-\u00dcbersetzungsdienste im Jahr 2026 GTS Translation hat eine nachweisliche Erfolgsbilanz bei der Bereitstellung pr\u00e4ziser, qualitativ hochwertiger portugiesischer \u00dcbersetzungsdienste f\u00fcr einige der weltweit f\u00fchrenden Unternehmen. Wir bieten sowohl brasilianisches Portugiesisch als auch europ\u00e4isches Portugiesisch als \u00dcbersetzungsdienstleistungen an. Warum sollten Sie GTS als Ihr portugiesisches \u00dcbersetzungsb\u00fcro w\u00e4hlen? GTS bietet qualitativ hochwertige Portugiesisch-\u00dcbersetzungsdienstleistungen mit einem gepr\u00fcften &#8230; <a title=\"Portugiesisch-\u00dcbersetzungsdienstleistungen\" class=\"read-more\" href=\"https:\/\/www.gts-translation.com\/de\/languages\/portuguese-translation-services-english-to-portuguese-translation\/\" aria-label=\"Mehr Informationen \u00fcber Portugiesisch-\u00dcbersetzungsdienstleistungen\">Weiterlesen<\/a><\/p>\n","protected":false},"author":13965,"featured_media":35120,"parent":12232,"menu_order":0,"comment_status":"open","ping_status":"open","template":"templates\/landing-page.php","meta":{"_acf_changed":false,"inline_featured_image":false,"_monsterinsights_skip_tracking":false,"_monsterinsights_sitenote_active":false,"_monsterinsights_sitenote_note":"","_monsterinsights_sitenote_category":0,"footnotes":""},"class_list":["post-51920","page","type-page","status-publish","has-post-thumbnail"],"acf":[],"yoast_head":"<!-- This site is optimized with the Yoast SEO Premium plugin v24.2 (Yoast SEO v27.5) - https:\/\/yoast.com\/product\/yoast-seo-premium-wordpress\/ -->\n<title>Portugiesisch-\u00dcbersetzungsdienstleistungen<\/title>\n<meta name=\"description\" content=\"Professionelle Portugiesisch-\u00dcbersetzungen: Pr\u00e4zise, zuverl\u00e4ssig und angepasst f\u00fcr Ihr Unternehmen. Jetzt Angebot einholen.\" \/>\n<meta name=\"robots\" content=\"index, follow, max-snippet:-1, max-image-preview:large, max-video-preview:-1\" \/>\n<link rel=\"canonical\" href=\"https:\/\/www.gts-translation.com\/de\/languages\/portuguese-translation-services-english-to-portuguese-translation\/\" \/>\n<meta property=\"og:locale\" content=\"de_DE\" \/>\n<meta property=\"og:type\" content=\"article\" \/>\n<meta property=\"og:title\" content=\"Portugiesisch-\u00dcbersetzungsdienstleistungen\" \/>\n<meta property=\"og:description\" content=\"Professionelle Portugiesisch-\u00dcbersetzungen: Pr\u00e4zise, zuverl\u00e4ssig und angepasst f\u00fcr Ihr Unternehmen. Jetzt Angebot einholen.\" \/>\n<meta property=\"og:url\" content=\"https:\/\/www.gts-translation.com\/de\/languages\/portuguese-translation-services-english-to-portuguese-translation\/\" \/>\n<meta property=\"og:site_name\" content=\"GTS Translation Services\" \/>\n<meta property=\"article:publisher\" content=\"https:\/\/www.facebook.com\/GTS.Translation\/\" \/>\n<meta property=\"article:modified_time\" content=\"2025-01-06T07:20:51+00:00\" \/>\n<meta property=\"og:image\" content=\"https:\/\/www.gts-translation.com\/wp-content\/uploads\/2021\/10\/Portuguese-translation-services.jpg\" \/>\n\t<meta property=\"og:image:width\" content=\"1199\" \/>\n\t<meta property=\"og:image:height\" content=\"399\" \/>\n\t<meta property=\"og:image:type\" content=\"image\/jpeg\" \/>\n<meta name=\"twitter:card\" content=\"summary_large_image\" \/>\n<meta name=\"twitter:label1\" content=\"Gesch\u00e4tzte Lesezeit\" \/>\n\t<meta name=\"twitter:data1\" content=\"1\u00a0Minute\" \/>\n<script type=\"application\/ld+json\" class=\"yoast-schema-graph\">{\"@context\":\"https:\\\/\\\/schema.org\",\"@graph\":[{\"@type\":\"WebPage\",\"@id\":\"https:\\\/\\\/www.gts-translation.com\\\/de\\\/languages\\\/portuguese-translation-services-english-to-portuguese-translation\\\/\",\"url\":\"https:\\\/\\\/www.gts-translation.com\\\/de\\\/languages\\\/portuguese-translation-services-english-to-portuguese-translation\\\/\",\"name\":\"Portugiesisch-\u00dcbersetzungsdienstleistungen\",\"isPartOf\":{\"@id\":\"https:\\\/\\\/www.gts-translation.com\\\/de\\\/#website\"},\"primaryImageOfPage\":{\"@id\":\"https:\\\/\\\/www.gts-translation.com\\\/de\\\/languages\\\/portuguese-translation-services-english-to-portuguese-translation\\\/#primaryimage\"},\"image\":{\"@id\":\"https:\\\/\\\/www.gts-translation.com\\\/de\\\/languages\\\/portuguese-translation-services-english-to-portuguese-translation\\\/#primaryimage\"},\"thumbnailUrl\":\"https:\\\/\\\/www.gts-translation.com\\\/wp-content\\\/uploads\\\/2021\\\/10\\\/Portuguese-translation-services.jpg\",\"datePublished\":\"2022-03-10T08:07:45+00:00\",\"dateModified\":\"2025-01-06T07:20:51+00:00\",\"description\":\"Professionelle Portugiesisch-\u00dcbersetzungen: Pr\u00e4zise, zuverl\u00e4ssig und angepasst f\u00fcr Ihr Unternehmen. Jetzt Angebot einholen.\",\"breadcrumb\":{\"@id\":\"https:\\\/\\\/www.gts-translation.com\\\/de\\\/languages\\\/portuguese-translation-services-english-to-portuguese-translation\\\/#breadcrumb\"},\"inLanguage\":\"de\",\"potentialAction\":[{\"@type\":\"ReadAction\",\"target\":[\"https:\\\/\\\/www.gts-translation.com\\\/de\\\/languages\\\/portuguese-translation-services-english-to-portuguese-translation\\\/\"]}]},{\"@type\":\"ImageObject\",\"inLanguage\":\"de\",\"@id\":\"https:\\\/\\\/www.gts-translation.com\\\/de\\\/languages\\\/portuguese-translation-services-english-to-portuguese-translation\\\/#primaryimage\",\"url\":\"https:\\\/\\\/www.gts-translation.com\\\/wp-content\\\/uploads\\\/2021\\\/10\\\/Portuguese-translation-services.jpg\",\"contentUrl\":\"https:\\\/\\\/www.gts-translation.com\\\/wp-content\\\/uploads\\\/2021\\\/10\\\/Portuguese-translation-services.jpg\",\"width\":1199,\"height\":399,\"caption\":\"Portugal, Portuguese vs Brazil, Brazilian smoky mystic flags placed side by side. Thick colored silky abstract smoke flags.\"},{\"@type\":\"BreadcrumbList\",\"@id\":\"https:\\\/\\\/www.gts-translation.com\\\/de\\\/languages\\\/portuguese-translation-services-english-to-portuguese-translation\\\/#breadcrumb\",\"itemListElement\":[{\"@type\":\"ListItem\",\"position\":1,\"name\":\"Home\",\"item\":\"https:\\\/\\\/www.gts-translation.com\\\/de\\\/\"},{\"@type\":\"ListItem\",\"position\":2,\"name\":\"Sprachen\",\"item\":\"https:\\\/\\\/www.gts-translation.com\\\/de\\\/languages\\\/\"},{\"@type\":\"ListItem\",\"position\":3,\"name\":\"Portugiesisch-\u00dcbersetzungsdienstleistungen\"}]},{\"@type\":\"WebSite\",\"@id\":\"https:\\\/\\\/www.gts-translation.com\\\/de\\\/#website\",\"url\":\"https:\\\/\\\/www.gts-translation.com\\\/de\\\/\",\"name\":\"GTS Translation Services\",\"description\":\"Quality you can trust at prices you can&#039;t beat!\",\"publisher\":{\"@id\":\"https:\\\/\\\/www.gts-translation.com\\\/de\\\/#organization\"},\"potentialAction\":[{\"@type\":\"SearchAction\",\"target\":{\"@type\":\"EntryPoint\",\"urlTemplate\":\"https:\\\/\\\/www.gts-translation.com\\\/de\\\/?s={search_term_string}\"},\"query-input\":{\"@type\":\"PropertyValueSpecification\",\"valueRequired\":true,\"valueName\":\"search_term_string\"}}],\"inLanguage\":\"de\"},{\"@type\":\"Organization\",\"@id\":\"https:\\\/\\\/www.gts-translation.com\\\/de\\\/#organization\",\"name\":\"GTS Translation Services\",\"url\":\"https:\\\/\\\/www.gts-translation.com\\\/de\\\/\",\"logo\":{\"@type\":\"ImageObject\",\"inLanguage\":\"de\",\"@id\":\"https:\\\/\\\/www.gts-translation.com\\\/de\\\/#\\\/schema\\\/logo\\\/image\\\/\",\"url\":\"https:\\\/\\\/www.gts-translation.com\\\/wp-content\\\/uploads\\\/2023\\\/07\\\/gts-logo.png\",\"contentUrl\":\"https:\\\/\\\/www.gts-translation.com\\\/wp-content\\\/uploads\\\/2023\\\/07\\\/gts-logo.png\",\"width\":234,\"height\":80,\"caption\":\"GTS Translation Services\"},\"image\":{\"@id\":\"https:\\\/\\\/www.gts-translation.com\\\/de\\\/#\\\/schema\\\/logo\\\/image\\\/\"},\"sameAs\":[\"https:\\\/\\\/www.facebook.com\\\/GTS.Translation\\\/\"]}]}<\/script>\n<!-- \/ Yoast SEO Premium plugin. -->","yoast_head_json":{"title":"Portugiesisch-\u00dcbersetzungsdienstleistungen","description":"Professionelle Portugiesisch-\u00dcbersetzungen: Pr\u00e4zise, zuverl\u00e4ssig und angepasst f\u00fcr Ihr Unternehmen. Jetzt Angebot einholen.","robots":{"index":"index","follow":"follow","max-snippet":"max-snippet:-1","max-image-preview":"max-image-preview:large","max-video-preview":"max-video-preview:-1"},"canonical":"https:\/\/www.gts-translation.com\/de\/languages\/portuguese-translation-services-english-to-portuguese-translation\/","og_locale":"de_DE","og_type":"article","og_title":"Portugiesisch-\u00dcbersetzungsdienstleistungen","og_description":"Professionelle Portugiesisch-\u00dcbersetzungen: Pr\u00e4zise, zuverl\u00e4ssig und angepasst f\u00fcr Ihr Unternehmen. Jetzt Angebot einholen.","og_url":"https:\/\/www.gts-translation.com\/de\/languages\/portuguese-translation-services-english-to-portuguese-translation\/","og_site_name":"GTS Translation Services","article_publisher":"https:\/\/www.facebook.com\/GTS.Translation\/","article_modified_time":"2025-01-06T07:20:51+00:00","og_image":[{"width":1199,"height":399,"url":"https:\/\/www.gts-translation.com\/wp-content\/uploads\/2021\/10\/Portuguese-translation-services.jpg","type":"image\/jpeg"}],"twitter_card":"summary_large_image","twitter_misc":{"Gesch\u00e4tzte Lesezeit":"1\u00a0Minute"},"schema":{"@context":"https:\/\/schema.org","@graph":[{"@type":"WebPage","@id":"https:\/\/www.gts-translation.com\/de\/languages\/portuguese-translation-services-english-to-portuguese-translation\/","url":"https:\/\/www.gts-translation.com\/de\/languages\/portuguese-translation-services-english-to-portuguese-translation\/","name":"Portugiesisch-\u00dcbersetzungsdienstleistungen","isPartOf":{"@id":"https:\/\/www.gts-translation.com\/de\/#website"},"primaryImageOfPage":{"@id":"https:\/\/www.gts-translation.com\/de\/languages\/portuguese-translation-services-english-to-portuguese-translation\/#primaryimage"},"image":{"@id":"https:\/\/www.gts-translation.com\/de\/languages\/portuguese-translation-services-english-to-portuguese-translation\/#primaryimage"},"thumbnailUrl":"https:\/\/www.gts-translation.com\/wp-content\/uploads\/2021\/10\/Portuguese-translation-services.jpg","datePublished":"2022-03-10T08:07:45+00:00","dateModified":"2025-01-06T07:20:51+00:00","description":"Professionelle Portugiesisch-\u00dcbersetzungen: Pr\u00e4zise, zuverl\u00e4ssig und angepasst f\u00fcr Ihr Unternehmen. Jetzt Angebot einholen.","breadcrumb":{"@id":"https:\/\/www.gts-translation.com\/de\/languages\/portuguese-translation-services-english-to-portuguese-translation\/#breadcrumb"},"inLanguage":"de","potentialAction":[{"@type":"ReadAction","target":["https:\/\/www.gts-translation.com\/de\/languages\/portuguese-translation-services-english-to-portuguese-translation\/"]}]},{"@type":"ImageObject","inLanguage":"de","@id":"https:\/\/www.gts-translation.com\/de\/languages\/portuguese-translation-services-english-to-portuguese-translation\/#primaryimage","url":"https:\/\/www.gts-translation.com\/wp-content\/uploads\/2021\/10\/Portuguese-translation-services.jpg","contentUrl":"https:\/\/www.gts-translation.com\/wp-content\/uploads\/2021\/10\/Portuguese-translation-services.jpg","width":1199,"height":399,"caption":"Portugal, Portuguese vs Brazil, Brazilian smoky mystic flags placed side by side. Thick colored silky abstract smoke flags."},{"@type":"BreadcrumbList","@id":"https:\/\/www.gts-translation.com\/de\/languages\/portuguese-translation-services-english-to-portuguese-translation\/#breadcrumb","itemListElement":[{"@type":"ListItem","position":1,"name":"Home","item":"https:\/\/www.gts-translation.com\/de\/"},{"@type":"ListItem","position":2,"name":"Sprachen","item":"https:\/\/www.gts-translation.com\/de\/languages\/"},{"@type":"ListItem","position":3,"name":"Portugiesisch-\u00dcbersetzungsdienstleistungen"}]},{"@type":"WebSite","@id":"https:\/\/www.gts-translation.com\/de\/#website","url":"https:\/\/www.gts-translation.com\/de\/","name":"GTS Translation Services","description":"Quality you can trust at prices you can&#039;t beat!","publisher":{"@id":"https:\/\/www.gts-translation.com\/de\/#organization"},"potentialAction":[{"@type":"SearchAction","target":{"@type":"EntryPoint","urlTemplate":"https:\/\/www.gts-translation.com\/de\/?s={search_term_string}"},"query-input":{"@type":"PropertyValueSpecification","valueRequired":true,"valueName":"search_term_string"}}],"inLanguage":"de"},{"@type":"Organization","@id":"https:\/\/www.gts-translation.com\/de\/#organization","name":"GTS Translation Services","url":"https:\/\/www.gts-translation.com\/de\/","logo":{"@type":"ImageObject","inLanguage":"de","@id":"https:\/\/www.gts-translation.com\/de\/#\/schema\/logo\/image\/","url":"https:\/\/www.gts-translation.com\/wp-content\/uploads\/2023\/07\/gts-logo.png","contentUrl":"https:\/\/www.gts-translation.com\/wp-content\/uploads\/2023\/07\/gts-logo.png","width":234,"height":80,"caption":"GTS Translation Services"},"image":{"@id":"https:\/\/www.gts-translation.com\/de\/#\/schema\/logo\/image\/"},"sameAs":["https:\/\/www.facebook.com\/GTS.Translation\/"]}]}},"_links":{"self":[{"href":"https:\/\/www.gts-translation.com\/de\/wp-json\/wp\/v2\/pages\/51920","targetHints":{"allow":["GET"]}}],"collection":[{"href":"https:\/\/www.gts-translation.com\/de\/wp-json\/wp\/v2\/pages"}],"about":[{"href":"https:\/\/www.gts-translation.com\/de\/wp-json\/wp\/v2\/types\/page"}],"author":[{"embeddable":true,"href":"https:\/\/www.gts-translation.com\/de\/wp-json\/wp\/v2\/users\/13965"}],"replies":[{"embeddable":true,"href":"https:\/\/www.gts-translation.com\/de\/wp-json\/wp\/v2\/comments?post=51920"}],"version-history":[{"count":3,"href":"https:\/\/www.gts-translation.com\/de\/wp-json\/wp\/v2\/pages\/51920\/revisions"}],"predecessor-version":[{"id":62479,"href":"https:\/\/www.gts-translation.com\/de\/wp-json\/wp\/v2\/pages\/51920\/revisions\/62479"}],"up":[{"embeddable":true,"href":"https:\/\/www.gts-translation.com\/de\/wp-json\/wp\/v2\/pages\/12232"}],"wp:featuredmedia":[{"embeddable":true,"href":"https:\/\/www.gts-translation.com\/de\/wp-json\/wp\/v2\/media\/35120"}],"wp:attachment":[{"href":"https:\/\/www.gts-translation.com\/de\/wp-json\/wp\/v2\/media?parent=51920"}],"curies":[{"name":"wp","href":"https:\/\/api.w.org\/{rel}","templated":true}]}}