{"id":61822,"date":"2024-06-04T14:00:21","date_gmt":"2024-06-04T14:00:21","guid":{"rendered":"https:\/\/www.gts-translation.com\/translation-of-brochures-brochure-translation-service\/"},"modified":"2024-06-04T14:04:53","modified_gmt":"2024-06-04T14:04:53","slug":"translation-of-brochures-brochure-translation-service","status":"publish","type":"page","link":"https:\/\/www.gts-translation.com\/de\/translation-of-brochures-brochure-translation-service\/","title":{"rendered":"\u00dcbersetzung von Brosch\u00fcren | \u00dcbersetzungsdienst f\u00fcr Brosch\u00fcren"},"content":{"rendered":"<h1>Bester \u00dcbersetzungsdienst f\u00fcr Brosch\u00fcren im Jahr 2024<\/h1>\n<figure id=\"attachment_18227\" aria-describedby=\"caption-attachment-18227\" style=\"width: 290px\" class=\"wp-caption alignleft\"><a href=\"https:\/\/www.gts-translation.com\/brochure-translation-service\/36172776-flyer-or-cover-design-party-time\/#main\" rel=\"attachment wp-att-18227\"><img decoding=\"async\" class=\"wp-image-18227 size-medium\" src=\"https:\/\/www.gts-translation.com\/wp-content\/uploads\/2019\/06\/brochure-translation-service-300x300.jpg\" alt=\"Brochure Translation Service\" width=\"300\" height=\"300\" srcset=\"https:\/\/www.gts-translation.com\/wp-content\/uploads\/2019\/06\/brochure-translation-service-300x300.jpg 300w, https:\/\/www.gts-translation.com\/wp-content\/uploads\/2019\/06\/brochure-translation-service-150x150.jpg 150w, https:\/\/www.gts-translation.com\/wp-content\/uploads\/2019\/06\/brochure-translation-service.jpg 692w\" sizes=\"(max-width: 300px) 100vw, 300px\" \/><\/a><figcaption id=\"caption-attachment-18227\" class=\"wp-caption-text\">GTS provides a complete solution for translation and page layout of brochures in all languages<\/figcaption><\/figure>\n<p>GTS bietet eine Komplettl\u00f6sung f\u00fcr die \u00dcbersetzung von Brosch\u00fcren in \u00fcber 100 Sprachen. Klicken Sie hier, um \u00dcbersetzungsdienstleistungen online zu bestellen.<\/p>\n<p style=\"text-align: center;\"><a href=\"https:\/\/www.animatedimages.org\/cat-arrows-111.htm\"><img decoding=\"async\" src=\"https:\/\/www.animatedimages.org\/data\/media\/111\/animated-arrow-image-0032.gif\" alt=\"animated-arrow-image-0032\" border=\"0\" \/><\/a><a class=\"maxbutton-9 maxbutton maxbutton-online-bestellen\" target=\"_blank\" title=\"Online Bestellen\" rel=\"noopener\" href=\"https:\/\/www.gts-translation.com\/de\/get-quote\/\"><span class='mb-text'>Online Bestellen<\/span><\/a><\/p>\n<p>Wir haben Hunderte von Brosch\u00fcren aller Art \u00fcbersetzt. Zu unseren Kunden geh\u00f6ren sowohl kleine als auch gro\u00dfe Unternehmen in den USA, Europa und auf der ganzen Welt. Unsere \u00dcbersetzer sind Experten, wenn es darum geht, das Marketingkonzept und den Tonfall in den Zielsprachen beizubehalten. Und unser DTP-Team kann mit allen Dateitypen umgehen und Ihnen die \u00fcbersetzten Brosch\u00fcren im PDF-Format zur Verf\u00fcgung stellen. Klicken Sie hier, um ein sofortiges Online-Preisangebot f\u00fcr die \u00dcbersetzung Ihrer Brosch\u00fcren einzuholen.<\/p>\n<h2>Wie kann ich meine Brosch\u00fcre zur \u00dcbersetzung einreichen?<\/h2>\n<p>Die meisten Kunden liefern die zu \u00fcbersetzenden Brosch\u00fcren im PDF-Format. Wir konvertieren die PDF-Datei in das MS-Word-Format und \u00fcbersetzen die Word-Datei. Sie k\u00f6nnen die Datei auch in ihrem nativen Format einreichen, z. B. in Adobe InDesign oder Illustrator. Wir k\u00f6nnen Ihre Brosch\u00fcre dann direkt in das Originalformat \u00fcbersetzen. Auf diese Weise wird das Seitenlayout genau wie in der Originalbrosch\u00fcre beibehalten. Wenn Sie uns das Dateipaket mit den hochaufl\u00f6senden Grafik- und Schriftdateien zur Verf\u00fcgung stellen, liefern wir Ihnen die \u00fcbersetzte Brosch\u00fcre in ihrem nativen Dateiformat sowie eine druckfertige PDF-Datei. Wenn Sie es vorziehen, die DTP-Arbeiten selbst zu erledigen, k\u00f6nnen Sie uns den Text zur \u00dcbersetzung vorlegen. Wir liefern ihn im Tabellenformat, damit Ihr DTP-Team leicht erkennen kann, welcher \u00fcbersetzte Text wohin geh\u00f6rt. Klicken Sie hier, um mehr \u00fcber unseren Arbeitsablauf bei der \u00dcbersetzung von InDesign-Dateien zu erfahren.<\/p>\n<h2>Sofortiges Preisangebot f\u00fcr die \u00dcbersetzung von Brosch\u00fcren einholen<\/h2>\n<p>Klicken Sie hier, um ein sofortiges Online-Preisangebot f\u00fcr die \u00dcbersetzung von Brosch\u00fcren zu erhalten. W\u00e4hlen Sie im Angebotsfenster die Sprachen aus und laden Sie Ihre Brosch\u00fcre hoch. Das Angebot wird innerhalb von Sekunden angezeigt. Wenn Sie Ihre Brosch\u00fcre im nativen Dateiformat einreichen m\u00f6chten, f\u00fcllen Sie den Auftrag online mit der PDF-Datei aus und senden Sie uns dann die native Datei per E-Mail an sales@gts-translation.com und geben Sie Ihre Auftragsnummer an. Wir werden die native Datei direkt \u00fcbersetzen und sowohl die \u00fcbersetzte native Datei als auch eine endg\u00fcltige PDF-Datei liefern. Wenn Sie ein Dateipaket hochladen m\u00f6chten, das zu gro\u00df f\u00fcr den Versand per E-Mail ist, kontaktieren Sie uns bitte und wir senden Ihnen einen FTP-Link f\u00fcr das Hochladen des Pakets.<\/p>\n<h2>Wie viel kostet es, eine Brosch\u00fcre zu \u00fcbersetzen?<\/h2>\n<p>Der Preis f\u00fcr die \u00dcbersetzung von Brosch\u00fcren beginnt bei 25 \u20ac pro Seite. Der genaue Preis pro Seite h\u00e4ngt von der Menge des Textes auf jeder Seite und den \u00dcbersetzungssprachen ab. Holen Sie sich jetzt ein Online-Preisangebot auf der GTS-Website und finden Sie heraus, wie viel die \u00dcbersetzung Ihrer Brosch\u00fcre kostet.<\/p>\n<h3>Weiterf\u00fchrende Lekt\u00fcre:<\/h3>\n<blockquote class=\"wp-embedded-content\" data-secret=\"JNMVpmpMdr\"><p><a href=\"https:\/\/blog.gts-translation.com\/2019\/09\/05\/what-is-the-best-practice-for-indesign-document-translation\/\">What is the best practice for InDesign document translation?<\/a><\/p><\/blockquote>\n<p><iframe loading=\"lazy\" class=\"wp-embedded-content\" sandbox=\"allow-scripts\" security=\"restricted\" style=\"position: absolute; clip: rect(1px, 1px, 1px, 1px);\" title=\"&#8220;What is the best practice for InDesign document translation?&#8221; &#8212; GTS Blog\" src=\"https:\/\/blog.gts-translation.com\/2019\/09\/05\/what-is-the-best-practice-for-indesign-document-translation\/embed\/#?secret=yiSrDalAcD#?secret=JNMVpmpMdr\" data-secret=\"JNMVpmpMdr\" width=\"1140\" height=\"642.2\" frameborder=\"0\" marginwidth=\"1140\" marginheight=\"642.2\" scrolling=\"no\"><\/iframe><\/p>\n","protected":false},"excerpt":{"rendered":"<p>Bester \u00dcbersetzungsdienst f\u00fcr Brosch\u00fcren im Jahr 2024 GTS bietet eine Komplettl\u00f6sung f\u00fcr die \u00dcbersetzung von Brosch\u00fcren in \u00fcber 100 Sprachen. Klicken Sie hier, um \u00dcbersetzungsdienstleistungen online zu bestellen. Wir haben Hunderte von Brosch\u00fcren aller Art \u00fcbersetzt. Zu unseren Kunden geh\u00f6ren sowohl kleine als auch gro\u00dfe Unternehmen in den USA, Europa und auf der ganzen Welt. &#8230; <a title=\"\u00dcbersetzung von Brosch\u00fcren | \u00dcbersetzungsdienst f\u00fcr Brosch\u00fcren\" class=\"read-more\" href=\"https:\/\/www.gts-translation.com\/de\/translation-of-brochures-brochure-translation-service\/\" aria-label=\"Mehr Informationen \u00fcber \u00dcbersetzung von Brosch\u00fcren | \u00dcbersetzungsdienst f\u00fcr Brosch\u00fcren\">Weiterlesen<\/a><\/p>\n","protected":false},"author":261,"featured_media":0,"parent":0,"menu_order":0,"comment_status":"closed","ping_status":"closed","template":"","meta":{"_acf_changed":false,"inline_featured_image":false,"_monsterinsights_skip_tracking":false,"_monsterinsights_sitenote_active":false,"_monsterinsights_sitenote_note":"","_monsterinsights_sitenote_category":0,"footnotes":""},"class_list":["post-61822","page","type-page","status-publish"],"acf":[],"yoast_head":"<!-- This site is optimized with the Yoast SEO Premium plugin v24.2 (Yoast SEO v27.4) - https:\/\/yoast.com\/product\/yoast-seo-premium-wordpress\/ -->\n<title>\u00dcbersetzung von Brosch\u00fcren | \u00dcbersetzungsdienst f\u00fcr Brosch\u00fcren<\/title>\n<meta name=\"description\" content=\"Der GTS-\u00dcbersetzungsdienst f\u00fcr Brosch\u00fcren bietet eine Komplettl\u00f6sung f\u00fcr die \u00dcbersetzung und das Seitenlayout von Brosch\u00fcren in allen Sprachen\" \/>\n<meta name=\"robots\" content=\"index, follow, max-snippet:-1, max-image-preview:large, max-video-preview:-1\" \/>\n<link rel=\"canonical\" href=\"https:\/\/www.gts-translation.com\/de\/translation-of-brochures-brochure-translation-service\/\" \/>\n<meta property=\"og:locale\" content=\"de_DE\" \/>\n<meta property=\"og:type\" content=\"article\" \/>\n<meta property=\"og:title\" content=\"\u00dcbersetzung von Brosch\u00fcren | \u00dcbersetzungsdienst f\u00fcr Brosch\u00fcren\" \/>\n<meta property=\"og:description\" content=\"Der GTS-\u00dcbersetzungsdienst f\u00fcr Brosch\u00fcren bietet eine Komplettl\u00f6sung f\u00fcr die \u00dcbersetzung und das Seitenlayout von Brosch\u00fcren in allen Sprachen\" \/>\n<meta property=\"og:url\" content=\"https:\/\/www.gts-translation.com\/de\/translation-of-brochures-brochure-translation-service\/\" \/>\n<meta property=\"og:site_name\" content=\"GTS Translation Services\" \/>\n<meta property=\"article:publisher\" content=\"https:\/\/www.facebook.com\/GTS.Translation\/\" \/>\n<meta property=\"article:modified_time\" content=\"2024-06-04T14:04:53+00:00\" \/>\n<meta property=\"og:image\" content=\"https:\/\/www.gts-translation.com\/wp-content\/uploads\/2019\/06\/brochure-translation-service-300x300.jpg\" \/>\n<meta name=\"twitter:card\" content=\"summary_large_image\" \/>\n<meta name=\"twitter:label1\" content=\"Gesch\u00e4tzte Lesezeit\" \/>\n\t<meta name=\"twitter:data1\" content=\"3\u00a0Minuten\" \/>\n<script type=\"application\/ld+json\" class=\"yoast-schema-graph\">{\"@context\":\"https:\\\/\\\/schema.org\",\"@graph\":[{\"@type\":\"WebPage\",\"@id\":\"https:\\\/\\\/www.gts-translation.com\\\/de\\\/translation-of-brochures-brochure-translation-service\\\/\",\"url\":\"https:\\\/\\\/www.gts-translation.com\\\/de\\\/translation-of-brochures-brochure-translation-service\\\/\",\"name\":\"\u00dcbersetzung von Brosch\u00fcren | \u00dcbersetzungsdienst f\u00fcr Brosch\u00fcren\",\"isPartOf\":{\"@id\":\"https:\\\/\\\/www.gts-translation.com\\\/de\\\/#website\"},\"primaryImageOfPage\":{\"@id\":\"https:\\\/\\\/www.gts-translation.com\\\/de\\\/translation-of-brochures-brochure-translation-service\\\/#primaryimage\"},\"image\":{\"@id\":\"https:\\\/\\\/www.gts-translation.com\\\/de\\\/translation-of-brochures-brochure-translation-service\\\/#primaryimage\"},\"thumbnailUrl\":\"https:\\\/\\\/www.gts-translation.com\\\/wp-content\\\/uploads\\\/2019\\\/06\\\/brochure-translation-service-300x300.jpg\",\"datePublished\":\"2024-06-04T14:00:21+00:00\",\"dateModified\":\"2024-06-04T14:04:53+00:00\",\"description\":\"Der GTS-\u00dcbersetzungsdienst f\u00fcr Brosch\u00fcren bietet eine Komplettl\u00f6sung f\u00fcr die \u00dcbersetzung und das Seitenlayout von Brosch\u00fcren in allen Sprachen\",\"breadcrumb\":{\"@id\":\"https:\\\/\\\/www.gts-translation.com\\\/de\\\/translation-of-brochures-brochure-translation-service\\\/#breadcrumb\"},\"inLanguage\":\"de\",\"potentialAction\":[{\"@type\":\"ReadAction\",\"target\":[\"https:\\\/\\\/www.gts-translation.com\\\/de\\\/translation-of-brochures-brochure-translation-service\\\/\"]}]},{\"@type\":\"ImageObject\",\"inLanguage\":\"de\",\"@id\":\"https:\\\/\\\/www.gts-translation.com\\\/de\\\/translation-of-brochures-brochure-translation-service\\\/#primaryimage\",\"url\":\"https:\\\/\\\/www.gts-translation.com\\\/wp-content\\\/uploads\\\/2019\\\/06\\\/brochure-translation-service-300x300.jpg\",\"contentUrl\":\"https:\\\/\\\/www.gts-translation.com\\\/wp-content\\\/uploads\\\/2019\\\/06\\\/brochure-translation-service-300x300.jpg\"},{\"@type\":\"BreadcrumbList\",\"@id\":\"https:\\\/\\\/www.gts-translation.com\\\/de\\\/translation-of-brochures-brochure-translation-service\\\/#breadcrumb\",\"itemListElement\":[{\"@type\":\"ListItem\",\"position\":1,\"name\":\"Home\",\"item\":\"https:\\\/\\\/www.gts-translation.com\\\/de\\\/\"},{\"@type\":\"ListItem\",\"position\":2,\"name\":\"\u00dcbersetzung von Brosch\u00fcren | \u00dcbersetzungsdienst f\u00fcr Brosch\u00fcren\"}]},{\"@type\":\"WebSite\",\"@id\":\"https:\\\/\\\/www.gts-translation.com\\\/de\\\/#website\",\"url\":\"https:\\\/\\\/www.gts-translation.com\\\/de\\\/\",\"name\":\"GTS Translation Services\",\"description\":\"Quality you can trust at prices you can&#039;t beat!\",\"publisher\":{\"@id\":\"https:\\\/\\\/www.gts-translation.com\\\/de\\\/#organization\"},\"potentialAction\":[{\"@type\":\"SearchAction\",\"target\":{\"@type\":\"EntryPoint\",\"urlTemplate\":\"https:\\\/\\\/www.gts-translation.com\\\/de\\\/?s={search_term_string}\"},\"query-input\":{\"@type\":\"PropertyValueSpecification\",\"valueRequired\":true,\"valueName\":\"search_term_string\"}}],\"inLanguage\":\"de\"},{\"@type\":\"Organization\",\"@id\":\"https:\\\/\\\/www.gts-translation.com\\\/de\\\/#organization\",\"name\":\"GTS Translation Services\",\"url\":\"https:\\\/\\\/www.gts-translation.com\\\/de\\\/\",\"logo\":{\"@type\":\"ImageObject\",\"inLanguage\":\"de\",\"@id\":\"https:\\\/\\\/www.gts-translation.com\\\/de\\\/#\\\/schema\\\/logo\\\/image\\\/\",\"url\":\"https:\\\/\\\/www.gts-translation.com\\\/wp-content\\\/uploads\\\/2023\\\/07\\\/gts-logo.png\",\"contentUrl\":\"https:\\\/\\\/www.gts-translation.com\\\/wp-content\\\/uploads\\\/2023\\\/07\\\/gts-logo.png\",\"width\":234,\"height\":80,\"caption\":\"GTS Translation Services\"},\"image\":{\"@id\":\"https:\\\/\\\/www.gts-translation.com\\\/de\\\/#\\\/schema\\\/logo\\\/image\\\/\"},\"sameAs\":[\"https:\\\/\\\/www.facebook.com\\\/GTS.Translation\\\/\"]}]}<\/script>\n<!-- \/ Yoast SEO Premium plugin. -->","yoast_head_json":{"title":"\u00dcbersetzung von Brosch\u00fcren | \u00dcbersetzungsdienst f\u00fcr Brosch\u00fcren","description":"Der GTS-\u00dcbersetzungsdienst f\u00fcr Brosch\u00fcren bietet eine Komplettl\u00f6sung f\u00fcr die \u00dcbersetzung und das Seitenlayout von Brosch\u00fcren in allen Sprachen","robots":{"index":"index","follow":"follow","max-snippet":"max-snippet:-1","max-image-preview":"max-image-preview:large","max-video-preview":"max-video-preview:-1"},"canonical":"https:\/\/www.gts-translation.com\/de\/translation-of-brochures-brochure-translation-service\/","og_locale":"de_DE","og_type":"article","og_title":"\u00dcbersetzung von Brosch\u00fcren | \u00dcbersetzungsdienst f\u00fcr Brosch\u00fcren","og_description":"Der GTS-\u00dcbersetzungsdienst f\u00fcr Brosch\u00fcren bietet eine Komplettl\u00f6sung f\u00fcr die \u00dcbersetzung und das Seitenlayout von Brosch\u00fcren in allen Sprachen","og_url":"https:\/\/www.gts-translation.com\/de\/translation-of-brochures-brochure-translation-service\/","og_site_name":"GTS Translation Services","article_publisher":"https:\/\/www.facebook.com\/GTS.Translation\/","article_modified_time":"2024-06-04T14:04:53+00:00","og_image":[{"url":"https:\/\/www.gts-translation.com\/wp-content\/uploads\/2019\/06\/brochure-translation-service-300x300.jpg","type":"","width":"","height":""}],"twitter_card":"summary_large_image","twitter_misc":{"Gesch\u00e4tzte Lesezeit":"3\u00a0Minuten"},"schema":{"@context":"https:\/\/schema.org","@graph":[{"@type":"WebPage","@id":"https:\/\/www.gts-translation.com\/de\/translation-of-brochures-brochure-translation-service\/","url":"https:\/\/www.gts-translation.com\/de\/translation-of-brochures-brochure-translation-service\/","name":"\u00dcbersetzung von Brosch\u00fcren | \u00dcbersetzungsdienst f\u00fcr Brosch\u00fcren","isPartOf":{"@id":"https:\/\/www.gts-translation.com\/de\/#website"},"primaryImageOfPage":{"@id":"https:\/\/www.gts-translation.com\/de\/translation-of-brochures-brochure-translation-service\/#primaryimage"},"image":{"@id":"https:\/\/www.gts-translation.com\/de\/translation-of-brochures-brochure-translation-service\/#primaryimage"},"thumbnailUrl":"https:\/\/www.gts-translation.com\/wp-content\/uploads\/2019\/06\/brochure-translation-service-300x300.jpg","datePublished":"2024-06-04T14:00:21+00:00","dateModified":"2024-06-04T14:04:53+00:00","description":"Der GTS-\u00dcbersetzungsdienst f\u00fcr Brosch\u00fcren bietet eine Komplettl\u00f6sung f\u00fcr die \u00dcbersetzung und das Seitenlayout von Brosch\u00fcren in allen Sprachen","breadcrumb":{"@id":"https:\/\/www.gts-translation.com\/de\/translation-of-brochures-brochure-translation-service\/#breadcrumb"},"inLanguage":"de","potentialAction":[{"@type":"ReadAction","target":["https:\/\/www.gts-translation.com\/de\/translation-of-brochures-brochure-translation-service\/"]}]},{"@type":"ImageObject","inLanguage":"de","@id":"https:\/\/www.gts-translation.com\/de\/translation-of-brochures-brochure-translation-service\/#primaryimage","url":"https:\/\/www.gts-translation.com\/wp-content\/uploads\/2019\/06\/brochure-translation-service-300x300.jpg","contentUrl":"https:\/\/www.gts-translation.com\/wp-content\/uploads\/2019\/06\/brochure-translation-service-300x300.jpg"},{"@type":"BreadcrumbList","@id":"https:\/\/www.gts-translation.com\/de\/translation-of-brochures-brochure-translation-service\/#breadcrumb","itemListElement":[{"@type":"ListItem","position":1,"name":"Home","item":"https:\/\/www.gts-translation.com\/de\/"},{"@type":"ListItem","position":2,"name":"\u00dcbersetzung von Brosch\u00fcren | \u00dcbersetzungsdienst f\u00fcr Brosch\u00fcren"}]},{"@type":"WebSite","@id":"https:\/\/www.gts-translation.com\/de\/#website","url":"https:\/\/www.gts-translation.com\/de\/","name":"GTS Translation Services","description":"Quality you can trust at prices you can&#039;t beat!","publisher":{"@id":"https:\/\/www.gts-translation.com\/de\/#organization"},"potentialAction":[{"@type":"SearchAction","target":{"@type":"EntryPoint","urlTemplate":"https:\/\/www.gts-translation.com\/de\/?s={search_term_string}"},"query-input":{"@type":"PropertyValueSpecification","valueRequired":true,"valueName":"search_term_string"}}],"inLanguage":"de"},{"@type":"Organization","@id":"https:\/\/www.gts-translation.com\/de\/#organization","name":"GTS Translation Services","url":"https:\/\/www.gts-translation.com\/de\/","logo":{"@type":"ImageObject","inLanguage":"de","@id":"https:\/\/www.gts-translation.com\/de\/#\/schema\/logo\/image\/","url":"https:\/\/www.gts-translation.com\/wp-content\/uploads\/2023\/07\/gts-logo.png","contentUrl":"https:\/\/www.gts-translation.com\/wp-content\/uploads\/2023\/07\/gts-logo.png","width":234,"height":80,"caption":"GTS Translation Services"},"image":{"@id":"https:\/\/www.gts-translation.com\/de\/#\/schema\/logo\/image\/"},"sameAs":["https:\/\/www.facebook.com\/GTS.Translation\/"]}]}},"_links":{"self":[{"href":"https:\/\/www.gts-translation.com\/de\/wp-json\/wp\/v2\/pages\/61822","targetHints":{"allow":["GET"]}}],"collection":[{"href":"https:\/\/www.gts-translation.com\/de\/wp-json\/wp\/v2\/pages"}],"about":[{"href":"https:\/\/www.gts-translation.com\/de\/wp-json\/wp\/v2\/types\/page"}],"author":[{"embeddable":true,"href":"https:\/\/www.gts-translation.com\/de\/wp-json\/wp\/v2\/users\/261"}],"replies":[{"embeddable":true,"href":"https:\/\/www.gts-translation.com\/de\/wp-json\/wp\/v2\/comments?post=61822"}],"version-history":[{"count":1,"href":"https:\/\/www.gts-translation.com\/de\/wp-json\/wp\/v2\/pages\/61822\/revisions"}],"predecessor-version":[{"id":61824,"href":"https:\/\/www.gts-translation.com\/de\/wp-json\/wp\/v2\/pages\/61822\/revisions\/61824"}],"wp:attachment":[{"href":"https:\/\/www.gts-translation.com\/de\/wp-json\/wp\/v2\/media?parent=61822"}],"curies":[{"name":"wp","href":"https:\/\/api.w.org\/{rel}","templated":true}]}}