{"id":65870,"date":"2026-01-19T08:50:53","date_gmt":"2026-01-19T08:50:53","guid":{"rendered":"https:\/\/www.gts-translation.com\/angebot-fuer-technische-uebersetzungen-anfordern\/"},"modified":"2026-01-19T09:12:50","modified_gmt":"2026-01-19T09:12:50","slug":"angebot-fuer-technische-uebersetzungen-anfordern","status":"publish","type":"page","link":"https:\/\/www.gts-translation.com\/de\/angebot-fuer-technische-uebersetzungen-anfordern\/","title":{"rendered":"Angebot f\u00fcr technische \u00dcbersetzungen anfordern"},"content":{"rendered":"\n<p>&nbsp;<\/p>\n<h3 class=\"fq-get-quote-footer\">Was ist inbegriffen?<\/h3>\n<div class=\"col-md-12 fq-get-quote-footer-included\">\n<ul>\n<li>Fach\u00fcbersetzer mit Spezialisierung auf technische und industrielle Terminologie<\/li>\n<li>Genaue \u00dcbersetzungen von Handb\u00fcchern, SDB, Katalogen, Spezifikationen und Zeichnungen<\/li>\n<li>Formatierung f\u00fcr Tabellen, Diagramme und technische Layouts erhalten<\/li>\n<li>Schnelle Bearbeitung von Projekten mit mehreren Dateien und hohem Volumen<\/li>\n<li>ISO 17100-zertifizierte Qualit\u00e4t f\u00fcr regulierte Industrien<\/li>\n<\/ul>\n<\/div>\n","protected":false},"excerpt":{"rendered":"<p>&nbsp; Was ist inbegriffen? Fach\u00fcbersetzer mit Spezialisierung auf technische und industrielle Terminologie Genaue \u00dcbersetzungen von Handb\u00fcchern, SDB, Katalogen, Spezifikationen und Zeichnungen Formatierung f\u00fcr Tabellen, Diagramme und technische Layouts erhalten Schnelle Bearbeitung von Projekten mit mehreren Dateien und hohem Volumen ISO 17100-zertifizierte Qualit\u00e4t f\u00fcr regulierte Industrien<\/p>\n","protected":false},"author":261,"featured_media":0,"parent":0,"menu_order":0,"comment_status":"closed","ping_status":"closed","template":"","meta":{"_acf_changed":false,"inline_featured_image":false,"_monsterinsights_skip_tracking":false,"_monsterinsights_sitenote_active":false,"_monsterinsights_sitenote_note":"","_monsterinsights_sitenote_category":0,"footnotes":""},"class_list":["post-65870","page","type-page","status-publish"],"acf":[],"yoast_head":"<!-- This site is optimized with the Yoast SEO Premium plugin v24.2 (Yoast SEO v27.3) - https:\/\/yoast.com\/product\/yoast-seo-premium-wordpress\/ -->\n<title>Angebot f\u00fcr technische \u00dcbersetzungen anfordern<\/title>\n<meta name=\"description\" content=\"Holen Sie sich in Sekundenschnelle ein Preisangebot f\u00fcr die \u00dcbersetzung medizinischer Dokumente! Laden Sie einfach Ihre medizinischen Dokumente hoch und w\u00e4hlen Sie die Sprachen aus.\" \/>\n<meta name=\"robots\" content=\"index, follow, max-snippet:-1, max-image-preview:large, max-video-preview:-1\" \/>\n<link rel=\"canonical\" href=\"https:\/\/www.gts-translation.com\/de\/angebot-fuer-technische-uebersetzungen-anfordern\/\" \/>\n<meta property=\"og:locale\" content=\"de_DE\" \/>\n<meta property=\"og:type\" content=\"article\" \/>\n<meta property=\"og:title\" content=\"Angebot f\u00fcr technische \u00dcbersetzungen anfordern\" \/>\n<meta property=\"og:description\" content=\"Holen Sie sich in Sekundenschnelle ein Preisangebot f\u00fcr die \u00dcbersetzung medizinischer Dokumente! Laden Sie einfach Ihre medizinischen Dokumente hoch und w\u00e4hlen Sie die Sprachen aus.\" \/>\n<meta property=\"og:url\" content=\"https:\/\/www.gts-translation.com\/de\/angebot-fuer-technische-uebersetzungen-anfordern\/\" \/>\n<meta property=\"og:site_name\" content=\"GTS Translation Services\" \/>\n<meta property=\"article:publisher\" content=\"https:\/\/www.facebook.com\/GTS.Translation\/\" \/>\n<meta property=\"article:modified_time\" content=\"2026-01-19T09:12:50+00:00\" \/>\n<meta name=\"twitter:card\" content=\"summary_large_image\" \/>\n<meta name=\"twitter:label1\" content=\"Gesch\u00e4tzte Lesezeit\" \/>\n\t<meta name=\"twitter:data1\" content=\"1\u00a0Minute\" \/>\n<script type=\"application\/ld+json\" class=\"yoast-schema-graph\">{\"@context\":\"https:\\\/\\\/schema.org\",\"@graph\":[{\"@type\":\"WebPage\",\"@id\":\"https:\\\/\\\/www.gts-translation.com\\\/de\\\/angebot-fuer-technische-uebersetzungen-anfordern\\\/\",\"url\":\"https:\\\/\\\/www.gts-translation.com\\\/de\\\/angebot-fuer-technische-uebersetzungen-anfordern\\\/\",\"name\":\"Angebot f\u00fcr technische \u00dcbersetzungen anfordern\",\"isPartOf\":{\"@id\":\"https:\\\/\\\/www.gts-translation.com\\\/de\\\/#website\"},\"datePublished\":\"2026-01-19T08:50:53+00:00\",\"dateModified\":\"2026-01-19T09:12:50+00:00\",\"description\":\"Holen Sie sich in Sekundenschnelle ein Preisangebot f\u00fcr die \u00dcbersetzung medizinischer Dokumente! Laden Sie einfach Ihre medizinischen Dokumente hoch und w\u00e4hlen Sie die Sprachen aus.\",\"breadcrumb\":{\"@id\":\"https:\\\/\\\/www.gts-translation.com\\\/de\\\/angebot-fuer-technische-uebersetzungen-anfordern\\\/#breadcrumb\"},\"inLanguage\":\"de\",\"potentialAction\":[{\"@type\":\"ReadAction\",\"target\":[\"https:\\\/\\\/www.gts-translation.com\\\/de\\\/angebot-fuer-technische-uebersetzungen-anfordern\\\/\"]}]},{\"@type\":\"BreadcrumbList\",\"@id\":\"https:\\\/\\\/www.gts-translation.com\\\/de\\\/angebot-fuer-technische-uebersetzungen-anfordern\\\/#breadcrumb\",\"itemListElement\":[{\"@type\":\"ListItem\",\"position\":1,\"name\":\"Home\",\"item\":\"https:\\\/\\\/www.gts-translation.com\\\/de\\\/\"},{\"@type\":\"ListItem\",\"position\":2,\"name\":\"Angebot f\u00fcr technische \u00dcbersetzungen anfordern\"}]},{\"@type\":\"WebSite\",\"@id\":\"https:\\\/\\\/www.gts-translation.com\\\/de\\\/#website\",\"url\":\"https:\\\/\\\/www.gts-translation.com\\\/de\\\/\",\"name\":\"GTS Translation Services\",\"description\":\"Quality you can trust at prices you can&#039;t beat!\",\"publisher\":{\"@id\":\"https:\\\/\\\/www.gts-translation.com\\\/de\\\/#organization\"},\"potentialAction\":[{\"@type\":\"SearchAction\",\"target\":{\"@type\":\"EntryPoint\",\"urlTemplate\":\"https:\\\/\\\/www.gts-translation.com\\\/de\\\/?s={search_term_string}\"},\"query-input\":{\"@type\":\"PropertyValueSpecification\",\"valueRequired\":true,\"valueName\":\"search_term_string\"}}],\"inLanguage\":\"de\"},{\"@type\":\"Organization\",\"@id\":\"https:\\\/\\\/www.gts-translation.com\\\/de\\\/#organization\",\"name\":\"GTS Translation Services\",\"url\":\"https:\\\/\\\/www.gts-translation.com\\\/de\\\/\",\"logo\":{\"@type\":\"ImageObject\",\"inLanguage\":\"de\",\"@id\":\"https:\\\/\\\/www.gts-translation.com\\\/de\\\/#\\\/schema\\\/logo\\\/image\\\/\",\"url\":\"https:\\\/\\\/www.gts-translation.com\\\/wp-content\\\/uploads\\\/2023\\\/07\\\/gts-logo.png\",\"contentUrl\":\"https:\\\/\\\/www.gts-translation.com\\\/wp-content\\\/uploads\\\/2023\\\/07\\\/gts-logo.png\",\"width\":234,\"height\":80,\"caption\":\"GTS Translation Services\"},\"image\":{\"@id\":\"https:\\\/\\\/www.gts-translation.com\\\/de\\\/#\\\/schema\\\/logo\\\/image\\\/\"},\"sameAs\":[\"https:\\\/\\\/www.facebook.com\\\/GTS.Translation\\\/\"]}]}<\/script>\n<!-- \/ Yoast SEO Premium plugin. -->","yoast_head_json":{"title":"Angebot f\u00fcr technische \u00dcbersetzungen anfordern","description":"Holen Sie sich in Sekundenschnelle ein Preisangebot f\u00fcr die \u00dcbersetzung medizinischer Dokumente! Laden Sie einfach Ihre medizinischen Dokumente hoch und w\u00e4hlen Sie die Sprachen aus.","robots":{"index":"index","follow":"follow","max-snippet":"max-snippet:-1","max-image-preview":"max-image-preview:large","max-video-preview":"max-video-preview:-1"},"canonical":"https:\/\/www.gts-translation.com\/de\/angebot-fuer-technische-uebersetzungen-anfordern\/","og_locale":"de_DE","og_type":"article","og_title":"Angebot f\u00fcr technische \u00dcbersetzungen anfordern","og_description":"Holen Sie sich in Sekundenschnelle ein Preisangebot f\u00fcr die \u00dcbersetzung medizinischer Dokumente! Laden Sie einfach Ihre medizinischen Dokumente hoch und w\u00e4hlen Sie die Sprachen aus.","og_url":"https:\/\/www.gts-translation.com\/de\/angebot-fuer-technische-uebersetzungen-anfordern\/","og_site_name":"GTS Translation Services","article_publisher":"https:\/\/www.facebook.com\/GTS.Translation\/","article_modified_time":"2026-01-19T09:12:50+00:00","twitter_card":"summary_large_image","twitter_misc":{"Gesch\u00e4tzte Lesezeit":"1\u00a0Minute"},"schema":{"@context":"https:\/\/schema.org","@graph":[{"@type":"WebPage","@id":"https:\/\/www.gts-translation.com\/de\/angebot-fuer-technische-uebersetzungen-anfordern\/","url":"https:\/\/www.gts-translation.com\/de\/angebot-fuer-technische-uebersetzungen-anfordern\/","name":"Angebot f\u00fcr technische \u00dcbersetzungen anfordern","isPartOf":{"@id":"https:\/\/www.gts-translation.com\/de\/#website"},"datePublished":"2026-01-19T08:50:53+00:00","dateModified":"2026-01-19T09:12:50+00:00","description":"Holen Sie sich in Sekundenschnelle ein Preisangebot f\u00fcr die \u00dcbersetzung medizinischer Dokumente! Laden Sie einfach Ihre medizinischen Dokumente hoch und w\u00e4hlen Sie die Sprachen aus.","breadcrumb":{"@id":"https:\/\/www.gts-translation.com\/de\/angebot-fuer-technische-uebersetzungen-anfordern\/#breadcrumb"},"inLanguage":"de","potentialAction":[{"@type":"ReadAction","target":["https:\/\/www.gts-translation.com\/de\/angebot-fuer-technische-uebersetzungen-anfordern\/"]}]},{"@type":"BreadcrumbList","@id":"https:\/\/www.gts-translation.com\/de\/angebot-fuer-technische-uebersetzungen-anfordern\/#breadcrumb","itemListElement":[{"@type":"ListItem","position":1,"name":"Home","item":"https:\/\/www.gts-translation.com\/de\/"},{"@type":"ListItem","position":2,"name":"Angebot f\u00fcr technische \u00dcbersetzungen anfordern"}]},{"@type":"WebSite","@id":"https:\/\/www.gts-translation.com\/de\/#website","url":"https:\/\/www.gts-translation.com\/de\/","name":"GTS Translation Services","description":"Quality you can trust at prices you can&#039;t beat!","publisher":{"@id":"https:\/\/www.gts-translation.com\/de\/#organization"},"potentialAction":[{"@type":"SearchAction","target":{"@type":"EntryPoint","urlTemplate":"https:\/\/www.gts-translation.com\/de\/?s={search_term_string}"},"query-input":{"@type":"PropertyValueSpecification","valueRequired":true,"valueName":"search_term_string"}}],"inLanguage":"de"},{"@type":"Organization","@id":"https:\/\/www.gts-translation.com\/de\/#organization","name":"GTS Translation Services","url":"https:\/\/www.gts-translation.com\/de\/","logo":{"@type":"ImageObject","inLanguage":"de","@id":"https:\/\/www.gts-translation.com\/de\/#\/schema\/logo\/image\/","url":"https:\/\/www.gts-translation.com\/wp-content\/uploads\/2023\/07\/gts-logo.png","contentUrl":"https:\/\/www.gts-translation.com\/wp-content\/uploads\/2023\/07\/gts-logo.png","width":234,"height":80,"caption":"GTS Translation Services"},"image":{"@id":"https:\/\/www.gts-translation.com\/de\/#\/schema\/logo\/image\/"},"sameAs":["https:\/\/www.facebook.com\/GTS.Translation\/"]}]}},"_links":{"self":[{"href":"https:\/\/www.gts-translation.com\/de\/wp-json\/wp\/v2\/pages\/65870","targetHints":{"allow":["GET"]}}],"collection":[{"href":"https:\/\/www.gts-translation.com\/de\/wp-json\/wp\/v2\/pages"}],"about":[{"href":"https:\/\/www.gts-translation.com\/de\/wp-json\/wp\/v2\/types\/page"}],"author":[{"embeddable":true,"href":"https:\/\/www.gts-translation.com\/de\/wp-json\/wp\/v2\/users\/261"}],"replies":[{"embeddable":true,"href":"https:\/\/www.gts-translation.com\/de\/wp-json\/wp\/v2\/comments?post=65870"}],"version-history":[{"count":2,"href":"https:\/\/www.gts-translation.com\/de\/wp-json\/wp\/v2\/pages\/65870\/revisions"}],"predecessor-version":[{"id":65876,"href":"https:\/\/www.gts-translation.com\/de\/wp-json\/wp\/v2\/pages\/65870\/revisions\/65876"}],"wp:attachment":[{"href":"https:\/\/www.gts-translation.com\/de\/wp-json\/wp\/v2\/media?parent=65870"}],"curies":[{"name":"wp","href":"https:\/\/api.w.org\/{rel}","templated":true}]}}