{"id":38473,"date":"2022-02-09T16:22:57","date_gmt":"2022-02-09T16:22:57","guid":{"rendered":"https:\/\/www.gts-translation.com\/english-translation-services\/"},"modified":"2022-02-09T21:31:00","modified_gmt":"2022-02-09T21:31:00","slug":"english-translation-services","status":"publish","type":"page","link":"https:\/\/www.gts-translation.com\/fr\/languages\/english-translation-services\/","title":{"rendered":"Services de traduction en anglais"},"content":{"rendered":"<h1>Les meilleurs services de traduction en anglais<\/h1>\n<p>GTS propose des services de traduction professionnelle en anglais de haute qualit\u00e9. Nous sommes la meilleure agence de traduction pour les services de traduction de documents en anglais dans tous les domaines. Ces services comprennent la traduction en anglais de documents techniques, m\u00e9dicaux, juridiques, logiciels, financiers et d\u2019ing\u00e9nierie. GTS propose des traductions en anglais pour tous les pays anglophones. Cela comprend notamment les services de traduction en anglais am\u00e9ricain, britannique, canadien et australien.<\/p>\n<h2>Pourquoi faire appel \u00e0 GTS pour vos traductions en anglais<\/h2>\n<p>La traduction automatique est g\u00e9niale, mais certains documents n\u00e9cessitent un niveau de qualit\u00e9 sup\u00e9rieur \u00e0 celui propos\u00e9 par Google Translate. Vous devez alors faire appel \u00e0 une soci\u00e9t\u00e9 de traduction professionnelle comme GTS Translation Services. Nous disposons d\u2019un r\u00e9seau mondial de centaines de traducteurs dans tous les pays anglophones. Nous garantissons la qualit\u00e9 de nos traductions. Notre syst\u00e8me de gestion de la qualit\u00e9 (SGQ) est certifi\u00e9 conforme \u00e0 la norme ISO 17100:2015. Toutes nos traductions en anglais sont certifi\u00e9es et livr\u00e9es avec une attestation sur l\u2019honneur sign\u00e9e.<\/p>\n<figure id=\"attachment_13529\" aria-describedby=\"caption-attachment-13529\" style=\"width: 383px\" class=\"wp-caption alignright\"><a href=\"https:\/\/www.gts-translation.com\/wp-content\/uploads\/2018\/09\/English-Translation-Services.jpg\"><img decoding=\"async\" class=\" wp-image-13529\" src=\"https:\/\/www.gts-translation.com\/wp-content\/uploads\/2018\/09\/English-Translation-Services-300x163.jpg\" alt=\"\" width=\"393\" height=\"214\" srcset=\"https:\/\/www.gts-translation.com\/wp-content\/uploads\/2018\/09\/English-Translation-Services-300x163.jpg 300w, https:\/\/www.gts-translation.com\/wp-content\/uploads\/2018\/09\/English-Translation-Services-768x418.jpg 768w, https:\/\/www.gts-translation.com\/wp-content\/uploads\/2018\/09\/English-Translation-Services.jpg 938w\" sizes=\"(max-width: 393px) 100vw, 393px\" \/><\/a><figcaption id=\"caption-attachment-13529\" class=\"wp-caption-text\">GTS propose des services de traduction certifi\u00e9e entre l\u2019anglais et plus de 80\u00a0autres langues<\/figcaption><\/figure>\n<p>Nous poss\u00e9dons une exp\u00e9rience av\u00e9r\u00e9e en mati\u00e8re de traductions professionnelles de haute qualit\u00e9 en anglais. Certaines des plus grandes entreprises du monde ont confi\u00e9 leurs traductions en anglais \u00e0 GTS. Parmi nos clients figurent\u00a0: Bendura Bank, Siemens, Sunoco, Electrolux, Mitsubishi Motors, Mapfre Asistencia, Max Mara, Honeywell, Deloitte et BASF. Cliquez ici pour voir une liste de clients\u00a0; cliquez ici pour lire quelques t\u00e9moignages de clients.<\/p>\n<h2>Traduisez vos documents en anglais<\/h2>\n<p>GTS translates from over 80 languages into English. This includes <a href=\"https:\/\/www.gts-translation.com\/spanish-to-english-translation-services\/\">Spanish to English translation services<\/a> and\u00a0<a href=\"https:\/\/www.gts-translation.com\/professional-french-to-english-translation-services\/\">French to English translation services<\/a>. Other languages that we translate into English include German, Russian, Hebrew, Arabic, Italian, Chinese and Japanese.<\/p>\n<h2>Traduction certifi\u00e9e en anglais<\/h2>\n<p>GTS est une agence de traduction certifi\u00e9e\u00a0: notre syst\u00e8me de gestion de la qualit\u00e9 a \u00e9t\u00e9 audit\u00e9 par un organisme de certification agr\u00e9\u00e9 et certifi\u00e9 conforme aux normes ISO 17100:2015 et ISO 9001:2008. GTS propose des services de traduction certifi\u00e9e en anglais pour les documents m\u00e9dicaux, techniques et juridiques.<\/p>\n<h2 class=\"md-heading\">Traduction m\u00e9dicale en anglais<\/h2>\n<div class=\"md-text-block\">\n<p>GTS propose des services de traduction m\u00e9dicale certifi\u00e9e en anglais aux soci\u00e9t\u00e9s pharmaceutiques, aux fabricants de dispositifs m\u00e9dicaux, aux soci\u00e9t\u00e9s biom\u00e9dicales et aux CRO qui m\u00e8nent des \u00e9tudes de recherche clinique dans les pays anglophones. Ces services comprennent\u00a0:<\/p>\n<ul>\n<li>Rapports m\u00e9dicaux<\/li>\n<li>Protocoles cliniques et r\u00e9sum\u00e9s de protocoles<\/li>\n<li>Formulaires de consentement \u00e9clair\u00e9<\/li>\n<li>Contrats d\u2019essais cliniques<\/li>\n<li>Modes d\u2019emploi (IFU) et manuels d\u2019utilisation des dispositifs m\u00e9dicaux<\/li>\n<li>\u00c9tiquettes de m\u00e9dicaments \u00e0 l\u2019\u00e9tude<\/li>\n<li>Cahiers d\u2019observations (CO)<\/li>\n<li>Localisation de logiciels m\u00e9dicaux<\/li>\n<\/ul>\n<h2 class=\"md-heading\">Traduction technique en anglais<\/h2>\n<div class=\"md-text-block\">\n<p>GTS propose une large gamme de services de traduction technique en anglais de haute qualit\u00e9 \u00e0 des clients du monde entier. Cela comprend la traduction technique en anglais de\u00a0:<\/p>\n<ul>\n<li>Manuels techniques et guides d\u2019utilisation.<\/li>\n<li>Documents RFP et RFQ, appels d\u2019offres et propositions<\/li>\n<li>Documents de manutention, FDS<\/li>\n<li>Documents d\u2019ing\u00e9nierie, dessins techniques<\/li>\n<li>Fiches techniques et contenu Web<\/li>\n<\/ul>\n<\/div>\n<\/div>\n<h2 class=\"md-heading\">Traduction juridique en anglais<\/h2>\n<div class=\"md-text-block\">\n<p>GTS propose une large gamme de services de traduction juridique certifi\u00e9e en anglais pour les entreprises qui op\u00e8rent dans les pays anglophones. Cela inclut les types de documents suivants\u00a0:<\/p>\n<ul>\n<li>Contrats<\/li>\n<li>Documents d\u2019extradition<\/li>\n<li>Documents d\u2019immigration<\/li>\n<li>Propri\u00e9t\u00e9 intellectuelle et brevets<\/li>\n<li>Documents judiciaires<\/li>\n<li>Contrats de travail<\/li>\n<\/ul>\n<\/div>\n<h2 class=\"md-heading\">Traduction commerciale en anglais<\/h2>\n<p>GTS propose des traductions de haute qualit\u00e9 en anglais de\u00a0:<\/p>\n<ul>\n<li>Rapports annuels<\/li>\n<li>Contenu de sites Internet<\/li>\n<li>Plans d\u2019affaires<\/li>\n<li>Documents RFP\/RFQ<\/li>\n<li>Propositions<\/li>\n<\/ul>\n<h2>Tarifs avantageux pour la traduction en anglais<\/h2>\n<p>Nos tarifs de traduction sont les plus comp\u00e9titifs du march\u00e9 et commencent \u00e0 0,09\u00a0$ par mot pour un service de traduction professionnelle en anglais.<\/p>\n<h2>Remises sur les tarifs de traduction en anglais<\/h2>\n<p>Utilisez les codes promo de GTS pour profiter d\u2019une remise sur les traductions en anglais. Les nouveaux clients b\u00e9n\u00e9ficient d\u2019une remise de 5\u00a0% sur leur premi\u00e8re commande. Cliquez ici pour en savoir plus sur les remises sur les tarifs de traduction.<\/p>\n<h2>Traduction professionnelle de sites Web en anglais<\/h2>\n<p>GTS propose la traduction de sites et de pages Web de toutes les langues vers l\u2019anglais. Cliquez ici pour obtenir un devis instantan\u00e9 pour les traductions de pages Web.<\/p>\n<h2>\u00c0 propos de la langue anglaise<\/h2>\n<p>La langue anglaise est devenue la lingua franca mondiale et est largement parl\u00e9e dans le monde entier. L\u2019anglais est l\u2019une des langues officielles de l\u2019ONU, la langue principale des march\u00e9s financiers mondiaux et la langue par d\u00e9faut d\u2019Internet. Toute entreprise implant\u00e9e dans un pays non anglophone doit maintenir une pr\u00e9sence et traduire en langue anglaise pour r\u00e9ussir \u00e0 l\u2019international.<\/p>\n","protected":false},"excerpt":{"rendered":"<p>Les meilleurs services de traduction en anglais GTS propose des services de traduction professionnelle en anglais de haute qualit\u00e9. Nous sommes la meilleure agence de traduction pour les services de traduction de documents en anglais dans tous les domaines. Ces services comprennent la traduction en anglais de documents techniques, m\u00e9dicaux, juridiques, logiciels, financiers et d\u2019ing\u00e9nierie. &#8230; <a title=\"Services de traduction en anglais\" class=\"read-more\" href=\"https:\/\/www.gts-translation.com\/fr\/languages\/english-translation-services\/\" aria-label=\"En savoir plus sur Services de traduction en anglais\">Lire la suite<\/a><\/p>\n","protected":false},"author":261,"featured_media":35239,"parent":45023,"menu_order":0,"comment_status":"open","ping_status":"open","template":"templates\/landing-page.php","meta":{"_acf_changed":false,"inline_featured_image":false,"_monsterinsights_skip_tracking":false,"_monsterinsights_sitenote_active":false,"_monsterinsights_sitenote_note":"","_monsterinsights_sitenote_category":0,"footnotes":""},"class_list":["post-38473","page","type-page","status-publish","has-post-thumbnail"],"acf":[],"yoast_head":"<!-- This site is optimized with the Yoast SEO Premium plugin v24.2 (Yoast SEO v27.4) - https:\/\/yoast.com\/product\/yoast-seo-premium-wordpress\/ -->\n<title>Services de traduction en anglais<\/title>\n<meta name=\"description\" content=\"GTS provides top quality, certified English translation services. Get an instant online price quote and start your English translation project today.\" \/>\n<meta name=\"robots\" content=\"index, follow, max-snippet:-1, max-image-preview:large, max-video-preview:-1\" \/>\n<link rel=\"canonical\" href=\"https:\/\/www.gts-translation.com\/fr\/languages\/english-translation-services\/\" \/>\n<meta property=\"og:locale\" content=\"fr_FR\" \/>\n<meta property=\"og:type\" content=\"article\" \/>\n<meta property=\"og:title\" content=\"Services de traduction en anglais\" \/>\n<meta property=\"og:description\" content=\"GTS provides top quality, certified English translation services. Get an instant online price quote and start your English translation project today.\" \/>\n<meta property=\"og:url\" content=\"https:\/\/www.gts-translation.com\/fr\/languages\/english-translation-services\/\" \/>\n<meta property=\"og:site_name\" content=\"GTS Translation Services\" \/>\n<meta property=\"article:publisher\" content=\"https:\/\/www.facebook.com\/GTS.Translation\/\" \/>\n<meta property=\"article:modified_time\" content=\"2022-02-09T21:31:00+00:00\" \/>\n<meta property=\"og:image\" content=\"https:\/\/www.gts-translation.com\/wp-content\/uploads\/2021\/10\/English-translation-services.jpg\" \/>\n\t<meta property=\"og:image:width\" content=\"846\" \/>\n\t<meta property=\"og:image:height\" content=\"409\" \/>\n\t<meta property=\"og:image:type\" content=\"image\/jpeg\" \/>\n<meta name=\"twitter:card\" content=\"summary_large_image\" \/>\n<meta name=\"twitter:label1\" content=\"Dur\u00e9e de lecture estim\u00e9e\" \/>\n\t<meta name=\"twitter:data1\" content=\"4 minutes\" \/>\n<script type=\"application\/ld+json\" class=\"yoast-schema-graph\">{\"@context\":\"https:\\\/\\\/schema.org\",\"@graph\":[{\"@type\":\"WebPage\",\"@id\":\"https:\\\/\\\/www.gts-translation.com\\\/fr\\\/languages\\\/english-translation-services\\\/\",\"url\":\"https:\\\/\\\/www.gts-translation.com\\\/fr\\\/languages\\\/english-translation-services\\\/\",\"name\":\"Services de traduction en anglais\",\"isPartOf\":{\"@id\":\"https:\\\/\\\/www.gts-translation.com\\\/fr\\\/#website\"},\"primaryImageOfPage\":{\"@id\":\"https:\\\/\\\/www.gts-translation.com\\\/fr\\\/languages\\\/english-translation-services\\\/#primaryimage\"},\"image\":{\"@id\":\"https:\\\/\\\/www.gts-translation.com\\\/fr\\\/languages\\\/english-translation-services\\\/#primaryimage\"},\"thumbnailUrl\":\"https:\\\/\\\/www.gts-translation.com\\\/wp-content\\\/uploads\\\/2021\\\/10\\\/English-translation-services.jpg\",\"datePublished\":\"2022-02-09T16:22:57+00:00\",\"dateModified\":\"2022-02-09T21:31:00+00:00\",\"description\":\"GTS provides top quality, certified English translation services. Get an instant online price quote and start your English translation project today.\",\"breadcrumb\":{\"@id\":\"https:\\\/\\\/www.gts-translation.com\\\/fr\\\/languages\\\/english-translation-services\\\/#breadcrumb\"},\"inLanguage\":\"fr-FR\",\"potentialAction\":[{\"@type\":\"ReadAction\",\"target\":[\"https:\\\/\\\/www.gts-translation.com\\\/fr\\\/languages\\\/english-translation-services\\\/\"]}]},{\"@type\":\"ImageObject\",\"inLanguage\":\"fr-FR\",\"@id\":\"https:\\\/\\\/www.gts-translation.com\\\/fr\\\/languages\\\/english-translation-services\\\/#primaryimage\",\"url\":\"https:\\\/\\\/www.gts-translation.com\\\/wp-content\\\/uploads\\\/2021\\\/10\\\/English-translation-services.jpg\",\"contentUrl\":\"https:\\\/\\\/www.gts-translation.com\\\/wp-content\\\/uploads\\\/2021\\\/10\\\/English-translation-services.jpg\",\"width\":846,\"height\":409,\"caption\":\"New york city skyline with Empire State Building, View from the Rockefeller Center viewing platform 'Top of the Rock'\"},{\"@type\":\"BreadcrumbList\",\"@id\":\"https:\\\/\\\/www.gts-translation.com\\\/fr\\\/languages\\\/english-translation-services\\\/#breadcrumb\",\"itemListElement\":[{\"@type\":\"ListItem\",\"position\":1,\"name\":\"Home\",\"item\":\"https:\\\/\\\/www.gts-translation.com\\\/fr\\\/\"},{\"@type\":\"ListItem\",\"position\":2,\"name\":\"Services de traduction en anglais\"}]},{\"@type\":\"WebSite\",\"@id\":\"https:\\\/\\\/www.gts-translation.com\\\/fr\\\/#website\",\"url\":\"https:\\\/\\\/www.gts-translation.com\\\/fr\\\/\",\"name\":\"GTS Translation Services\",\"description\":\"Quality you can trust at prices you can&#039;t beat!\",\"publisher\":{\"@id\":\"https:\\\/\\\/www.gts-translation.com\\\/fr\\\/#organization\"},\"potentialAction\":[{\"@type\":\"SearchAction\",\"target\":{\"@type\":\"EntryPoint\",\"urlTemplate\":\"https:\\\/\\\/www.gts-translation.com\\\/fr\\\/?s={search_term_string}\"},\"query-input\":{\"@type\":\"PropertyValueSpecification\",\"valueRequired\":true,\"valueName\":\"search_term_string\"}}],\"inLanguage\":\"fr-FR\"},{\"@type\":\"Organization\",\"@id\":\"https:\\\/\\\/www.gts-translation.com\\\/fr\\\/#organization\",\"name\":\"GTS Translation Services\",\"url\":\"https:\\\/\\\/www.gts-translation.com\\\/fr\\\/\",\"logo\":{\"@type\":\"ImageObject\",\"inLanguage\":\"fr-FR\",\"@id\":\"https:\\\/\\\/www.gts-translation.com\\\/fr\\\/#\\\/schema\\\/logo\\\/image\\\/\",\"url\":\"https:\\\/\\\/www.gts-translation.com\\\/wp-content\\\/uploads\\\/2023\\\/07\\\/gts-logo.png\",\"contentUrl\":\"https:\\\/\\\/www.gts-translation.com\\\/wp-content\\\/uploads\\\/2023\\\/07\\\/gts-logo.png\",\"width\":234,\"height\":80,\"caption\":\"GTS Translation Services\"},\"image\":{\"@id\":\"https:\\\/\\\/www.gts-translation.com\\\/fr\\\/#\\\/schema\\\/logo\\\/image\\\/\"},\"sameAs\":[\"https:\\\/\\\/www.facebook.com\\\/GTS.Translation\\\/\"]}]}<\/script>\n<!-- \/ Yoast SEO Premium plugin. -->","yoast_head_json":{"title":"Services de traduction en anglais","description":"GTS provides top quality, certified English translation services. Get an instant online price quote and start your English translation project today.","robots":{"index":"index","follow":"follow","max-snippet":"max-snippet:-1","max-image-preview":"max-image-preview:large","max-video-preview":"max-video-preview:-1"},"canonical":"https:\/\/www.gts-translation.com\/fr\/languages\/english-translation-services\/","og_locale":"fr_FR","og_type":"article","og_title":"Services de traduction en anglais","og_description":"GTS provides top quality, certified English translation services. Get an instant online price quote and start your English translation project today.","og_url":"https:\/\/www.gts-translation.com\/fr\/languages\/english-translation-services\/","og_site_name":"GTS Translation Services","article_publisher":"https:\/\/www.facebook.com\/GTS.Translation\/","article_modified_time":"2022-02-09T21:31:00+00:00","og_image":[{"width":846,"height":409,"url":"https:\/\/www.gts-translation.com\/wp-content\/uploads\/2021\/10\/English-translation-services.jpg","type":"image\/jpeg"}],"twitter_card":"summary_large_image","twitter_misc":{"Dur\u00e9e de lecture estim\u00e9e":"4 minutes"},"schema":{"@context":"https:\/\/schema.org","@graph":[{"@type":"WebPage","@id":"https:\/\/www.gts-translation.com\/fr\/languages\/english-translation-services\/","url":"https:\/\/www.gts-translation.com\/fr\/languages\/english-translation-services\/","name":"Services de traduction en anglais","isPartOf":{"@id":"https:\/\/www.gts-translation.com\/fr\/#website"},"primaryImageOfPage":{"@id":"https:\/\/www.gts-translation.com\/fr\/languages\/english-translation-services\/#primaryimage"},"image":{"@id":"https:\/\/www.gts-translation.com\/fr\/languages\/english-translation-services\/#primaryimage"},"thumbnailUrl":"https:\/\/www.gts-translation.com\/wp-content\/uploads\/2021\/10\/English-translation-services.jpg","datePublished":"2022-02-09T16:22:57+00:00","dateModified":"2022-02-09T21:31:00+00:00","description":"GTS provides top quality, certified English translation services. Get an instant online price quote and start your English translation project today.","breadcrumb":{"@id":"https:\/\/www.gts-translation.com\/fr\/languages\/english-translation-services\/#breadcrumb"},"inLanguage":"fr-FR","potentialAction":[{"@type":"ReadAction","target":["https:\/\/www.gts-translation.com\/fr\/languages\/english-translation-services\/"]}]},{"@type":"ImageObject","inLanguage":"fr-FR","@id":"https:\/\/www.gts-translation.com\/fr\/languages\/english-translation-services\/#primaryimage","url":"https:\/\/www.gts-translation.com\/wp-content\/uploads\/2021\/10\/English-translation-services.jpg","contentUrl":"https:\/\/www.gts-translation.com\/wp-content\/uploads\/2021\/10\/English-translation-services.jpg","width":846,"height":409,"caption":"New york city skyline with Empire State Building, View from the Rockefeller Center viewing platform 'Top of the Rock'"},{"@type":"BreadcrumbList","@id":"https:\/\/www.gts-translation.com\/fr\/languages\/english-translation-services\/#breadcrumb","itemListElement":[{"@type":"ListItem","position":1,"name":"Home","item":"https:\/\/www.gts-translation.com\/fr\/"},{"@type":"ListItem","position":2,"name":"Services de traduction en anglais"}]},{"@type":"WebSite","@id":"https:\/\/www.gts-translation.com\/fr\/#website","url":"https:\/\/www.gts-translation.com\/fr\/","name":"GTS Translation Services","description":"Quality you can trust at prices you can&#039;t beat!","publisher":{"@id":"https:\/\/www.gts-translation.com\/fr\/#organization"},"potentialAction":[{"@type":"SearchAction","target":{"@type":"EntryPoint","urlTemplate":"https:\/\/www.gts-translation.com\/fr\/?s={search_term_string}"},"query-input":{"@type":"PropertyValueSpecification","valueRequired":true,"valueName":"search_term_string"}}],"inLanguage":"fr-FR"},{"@type":"Organization","@id":"https:\/\/www.gts-translation.com\/fr\/#organization","name":"GTS Translation Services","url":"https:\/\/www.gts-translation.com\/fr\/","logo":{"@type":"ImageObject","inLanguage":"fr-FR","@id":"https:\/\/www.gts-translation.com\/fr\/#\/schema\/logo\/image\/","url":"https:\/\/www.gts-translation.com\/wp-content\/uploads\/2023\/07\/gts-logo.png","contentUrl":"https:\/\/www.gts-translation.com\/wp-content\/uploads\/2023\/07\/gts-logo.png","width":234,"height":80,"caption":"GTS Translation Services"},"image":{"@id":"https:\/\/www.gts-translation.com\/fr\/#\/schema\/logo\/image\/"},"sameAs":["https:\/\/www.facebook.com\/GTS.Translation\/"]}]}},"_links":{"self":[{"href":"https:\/\/www.gts-translation.com\/fr\/wp-json\/wp\/v2\/pages\/38473","targetHints":{"allow":["GET"]}}],"collection":[{"href":"https:\/\/www.gts-translation.com\/fr\/wp-json\/wp\/v2\/pages"}],"about":[{"href":"https:\/\/www.gts-translation.com\/fr\/wp-json\/wp\/v2\/types\/page"}],"author":[{"embeddable":true,"href":"https:\/\/www.gts-translation.com\/fr\/wp-json\/wp\/v2\/users\/261"}],"replies":[{"embeddable":true,"href":"https:\/\/www.gts-translation.com\/fr\/wp-json\/wp\/v2\/comments?post=38473"}],"version-history":[{"count":3,"href":"https:\/\/www.gts-translation.com\/fr\/wp-json\/wp\/v2\/pages\/38473\/revisions"}],"predecessor-version":[{"id":44714,"href":"https:\/\/www.gts-translation.com\/fr\/wp-json\/wp\/v2\/pages\/38473\/revisions\/44714"}],"up":[{"embeddable":true,"href":"https:\/\/www.gts-translation.com\/fr\/wp-json\/wp\/v2\/pages\/45023"}],"wp:featuredmedia":[{"embeddable":true,"href":"https:\/\/www.gts-translation.com\/fr\/wp-json\/wp\/v2\/media\/35239"}],"wp:attachment":[{"href":"https:\/\/www.gts-translation.com\/fr\/wp-json\/wp\/v2\/media?parent=38473"}],"curies":[{"name":"wp","href":"https:\/\/api.w.org\/{rel}","templated":true}]}}