{"id":44723,"date":"2022-02-10T04:52:40","date_gmt":"2022-02-10T04:52:40","guid":{"rendered":"https:\/\/www.gts-translation.com\/french-translation-services-english-to-french-translation\/"},"modified":"2026-01-20T16:02:05","modified_gmt":"2026-01-20T16:02:05","slug":"french-translation-services-english-to-french-translation","status":"publish","type":"page","link":"https:\/\/www.gts-translation.com\/fr\/languages\/french-translation-services-english-to-french-translation\/","title":{"rendered":"Services de traduction en fran\u00e7ais | Traduction de l\u2019anglais vers le fran\u00e7ais"},"content":{"rendered":"<h1>Les meilleurs services de traduction professionnelle en fran\u00e7ais<\/h1>\n<p>GTS Translation a fait ses preuves en mati\u00e8re de services de traduction pr\u00e9cis et de haute qualit\u00e9 de l\u2019anglais vers le fran\u00e7ais. Nos tarifs de traduction en fran\u00e7ais sont tr\u00e8s abordables et comp\u00e9titifs\u00a0:<\/p>\n<h2>Pourquoi confier vos traductions en fran\u00e7ais \u00e0 GTS\u00a0?<\/h2>\n<p>Traduction anglais-fran\u00e7ais Gr\u00e2ce \u00e0 une \u00e9quipe de traducteurs fran\u00e7ais natifs, GTS propose des services de traduction anglais-fran\u00e7ais professionnels et de haute qualit\u00e9. Nous sommes le meilleur fournisseur de services de traduction de l\u2019anglais vers le fran\u00e7ais dans le secteur. Nous poss\u00e9dons une exp\u00e9rience av\u00e9r\u00e9e en mati\u00e8re de traductions professionnelles de haute qualit\u00e9 en fran\u00e7ais. Certaines des plus grandes entreprises du monde ont confi\u00e9 leurs traductions en fran\u00e7ais \u00e0 GTS. Parmi nos clients figurent : Hitachi, Siemens, Sunoco, Electrolux, Mitsubishi Motors, Bank of Hawaii, Mapfre Asistencia, Max Mara USA, Deloitte et BASF.<\/p>\n<figure id=\"attachment_24466\" aria-describedby=\"caption-attachment-24466\" style=\"width: 380px\" class=\"wp-caption alignleft\"><a href=\"https:\/\/www.gts-translation.com\/wp-content\/uploads\/2018\/05\/French-Translation-Services.jpg\"><img decoding=\"async\" class=\"wp-image-24466 \" title=\"Best French Translation Services\" src=\"https:\/\/www.gts-translation.com\/wp-content\/uploads\/2020\/03\/81473827_s-300x200.jpg\" alt=\"Best French Translation services\" width=\"390\" height=\"260\" srcset=\"https:\/\/www.gts-translation.com\/wp-content\/uploads\/2020\/03\/81473827_s-300x200.jpg 300w, https:\/\/www.gts-translation.com\/wp-content\/uploads\/2020\/03\/81473827_s-768x512.jpg 768w, https:\/\/www.gts-translation.com\/wp-content\/uploads\/2020\/03\/81473827_s.jpg 847w\" sizes=\"(max-width: 390px) 100vw, 390px\" \/><\/a><figcaption id=\"caption-attachment-24466\" class=\"wp-caption-text\">GTS excelle dans la livraison rapide de services de traduction de haute qualit\u00e9 en fran\u00e7ais europ\u00e9en. Obtenez un devis en ligne d\u00e8s maintenant\u00a0!<\/figcaption><\/figure>\n<p>Nous traduisons des documents du fran\u00e7ais vers l\u2019anglais, de l\u2019anglais vers le fran\u00e7ais et du fran\u00e7ais vers plus de 60\u00a0autres langues. Nous proposons \u00e9galement des services de traduction en fran\u00e7ais canadien.<\/p>\n<h2>Services de traduction de documents en fran\u00e7ais<\/h2>\n<p>Nous traduisons des documents fran\u00e7ais dans n\u2019importe quel format de fichier, y compris PDF, MS Word, PowerPoint, Excel, Adobe InDesign et FrameMaker. Pour des services de traduction d\u2019excellente qualit\u00e9 de l\u2019anglais vers le fran\u00e7ais et du fran\u00e7ais vers l\u2019anglais, ne cherchez pas plus loin et faites confiance \u00e0 GTS.<\/p>\n<h2>Notre exp\u00e9rience dans le secteur<\/h2>\n<p>Les traducteurs fran\u00e7ais de notre agence de traduction sont m\u00e9ticuleusement s\u00e9lectionn\u00e9s pour d\u00e9terminer leur exp\u00e9rience dans le secteur. Nous traduisons des textes de l\u2019anglais vers le fran\u00e7ais et du fran\u00e7ais vers l\u2019anglais dans tous les domaines. Cela inclut les domaines suivants\u00a0: technique, m\u00e9dical, juridique, brevets, logiciels, ing\u00e9nierie, finances. Nous assurons la localisation de produits logiciels et la traduction de sites Web en fran\u00e7ais.<\/p>\n<h2>Traducteurs fran\u00e7ais agr\u00e9\u00e9s<\/h2>\n<p>GTS est une soci\u00e9t\u00e9 de traduction fran\u00e7aise certifi\u00e9e. Notre syst\u00e8me de gestion de la qualit\u00e9 est audit\u00e9 chaque ann\u00e9e par un organisme de certification agr\u00e9\u00e9 et est conforme \u00e0 la norme ISO 17100:2015. GTS propose des services de traduction certifi\u00e9e en fran\u00e7ais pour les documents m\u00e9dicaux, techniques et juridiques.<\/p>\n<h3><img decoding=\"async\" class=\"alignright wp-image-2628\" title=\"translate English to French\" src=\"https:\/\/www.gts-translation.com\/wp-content\/uploads\/2012\/05\/french.jpeg\" alt=\"translate English to French\" width=\"216\" height=\"135\" \/>\u00c0 propos de la traduction en fran\u00e7ais<\/h3>\n<p>Le fran\u00e7ais est l\u2019une des <a href=\"https:\/\/www.un.org\/fr\/our-work\/official-languages\">langues officielles des Nations Unies<\/a> et la plupart des documents de l\u2019ONU sont r\u00e9dig\u00e9s en fran\u00e7ais. Les discours prononc\u00e9s par les d\u00e9l\u00e9gu\u00e9s de l\u2019ONU sont interpr\u00e9t\u00e9s simultan\u00e9ment en fran\u00e7ais. Le fran\u00e7ais est \u00e9galement l\u2019une des langues officielles de l\u2019Office europ\u00e9en des brevets (OEB). Les demandes de brevet peuvent \u00eatre d\u00e9pos\u00e9es en fran\u00e7ais. Si la demande de brevet est d\u00e9pos\u00e9e dans une autre langue, l\u2019abr\u00e9g\u00e9 doit \u00eatre traduit en fran\u00e7ais.<\/p>\n<p>Le fran\u00e7ais est parl\u00e9 dans de nombreux pays, dont la France, la Belgique, la Suisse et divers pays africains. C\u2019est \u00e9galement la langue officielle du Qu\u00e9bec, au Canada. Avant de commander une traduction en fran\u00e7ais, indiquez le pays concern\u00e9, car il existe des diff\u00e9rences linguistiques. Par exemple, le fran\u00e7ais canadien diff\u00e8re consid\u00e9rablement du fran\u00e7ais europ\u00e9en.<\/p>\n<h3>Dictionnaires fran\u00e7ais et m\u00e9moires de traduction<\/h3>\n<p>Forts d\u2019un corpus de millions de mots traduits de l\u2019anglais vers le fran\u00e7ais et vice-versa, nous disposons de vastes biblioth\u00e8ques de terminologie fran\u00e7aise dans de nombreux domaines. Gr\u00e2ce \u00e0 l\u2019utilisation de logiciels de m\u00e9moire de traduction, nous garantissons le plus haut niveau de qualit\u00e9, de coh\u00e9rence et de rentabilit\u00e9.<\/p>\n<p>Si vous cherchez un bon dictionnaire fran\u00e7ais et un <a href=\"https:\/\/www.larousse.fr\/dictionnaires\/francais-anglais\/\">dictionnaire anglais-fran\u00e7ais en ligne<\/a>, nous vous recommandons Larousse. Reverso est l\u2019une des <a href=\"https:\/\/dictionnaire.reverso.net\/anglais-francais\/\">ressources linguistiques en fran\u00e7ais en ligne<\/a> les plus populaires. Bab.la est une autre excellente ressource en ligne pour les traducteurs. Elle fournit des exemples de traductions anglais-fran\u00e7ais provenant d\u2019autres sites Web du monde entier.<\/p>\n<h3 class=\"md-heading\">Traduction m\u00e9dicale en fran\u00e7ais<\/h3>\n<div class=\"md-text-block\">\n<p>GTS propose des services de traduction m\u00e9dicale certifi\u00e9e en fran\u00e7ais aux soci\u00e9t\u00e9s pharmaceutiques, aux fabricants de dispositifs m\u00e9dicaux, aux soci\u00e9t\u00e9s biom\u00e9dicales et aux CRO. Ces services comprennent\u00a0:<\/p>\n<ul>\n<li>Protocoles cliniques et r\u00e9sum\u00e9s de protocoles<\/li>\n<li>Consentements \u00e9clair\u00e9s<\/li>\n<li>Contrats d\u2019essais cliniques<\/li>\n<li>Modes d\u2019emploi de dispositifs m\u00e9dicaux<\/li>\n<li>Manuels d\u2019utilisation de logiciels m\u00e9dicaux<\/li>\n<li>\u00c9tiquettes de m\u00e9dicaments \u00e0 l\u2019\u00e9tude<\/li>\n<li>Cahiers d\u2019observations (CO)<\/li>\n<li>Localisation de logiciels m\u00e9dicaux<\/li>\n<li>Rapports m\u00e9dicaux<\/li>\n<li>Traduction technique en fran\u00e7ais<\/li>\n<\/ul>\n<h3 class=\"md-heading\">Traduction technique en fran\u00e7ais<\/h3>\n<div class=\"md-text-block\">\n<p>GTS propose une large gamme de services de traduction technique en fran\u00e7ais de haute qualit\u00e9 \u00e0 des clients du monde entier. Cela comprend la traduction technique en fran\u00e7ais de\u00a0:<\/p>\n<ul>\n<li>Manuels techniques et guides d\u2019utilisation.<\/li>\n<li>Documents RFP et RFQ, appels d\u2019offres et propositions<\/li>\n<li>Documents de manutention, FDS<\/li>\n<li>Documents d\u2019ing\u00e9nierie, dessins techniques<\/li>\n<li>Fiches techniques et contenu Web<\/li>\n<\/ul>\n<\/div>\n<\/div>\n<h3 class=\"md-heading\">Traduction juridique en fran\u00e7ais<\/h3>\n<div class=\"md-text-block\">\n<p>GTS propose une large gamme de services de traduction juridique en fran\u00e7ais de haute qualit\u00e9 aux entreprises internationales. Cela comprend des traductions certifi\u00e9es et asserment\u00e9es pour divers pays europ\u00e9ens comme la France, la Belgique et la Suisse. Nous traduisons \u00e9galement des documents fran\u00e7ais en anglais. Ces services comprennent\u00a0:<\/p>\n<ul>\n<li>Contrats<\/li>\n<li>Accords juridiques<\/li>\n<li>D\u00e9clarations sous serment<\/li>\n<li>Brevets<\/li>\n<li>Documents judiciaires et de contentieux<\/li>\n<li>Jugements de divorce<\/li>\n<\/ul>\n<h3 class=\"md-heading\">Traduction commerciale en fran\u00e7ais<\/h3>\n<div class=\"md-text-block\">\n<p>GTS propose une large gamme de services de traduction commerciale en fran\u00e7ais de haute qualit\u00e9 aux entreprises internationales. Ces services comprennent\u00a0:<\/p>\n<ul>\n<li>Plans d\u2019affaires<\/li>\n<li>Catalogues de produits<\/li>\n<li>Brochures<\/li>\n<li>Rapports annuels<\/li>\n<\/ul>\n<h3>Traduction de sites Web en fran\u00e7ais<\/h3>\n<p>Vous pouvez utiliser notre outil de traduction gratuit pour traduire des textes en fran\u00e7ais. Vous pouvez utiliser notre outil de traduction professionnelle pour traduire des pages Web en fran\u00e7ais.<\/p>\n<\/div>\n<h4><\/h4>\n<\/div>\n","protected":false},"excerpt":{"rendered":"<p>Les meilleurs services de traduction professionnelle en fran\u00e7ais GTS Translation a fait ses preuves en mati\u00e8re de services de traduction pr\u00e9cis et de haute qualit\u00e9 de l\u2019anglais vers le fran\u00e7ais. Nos tarifs de traduction en fran\u00e7ais sont tr\u00e8s abordables et comp\u00e9titifs\u00a0: Pourquoi confier vos traductions en fran\u00e7ais \u00e0 GTS\u00a0? Traduction anglais-fran\u00e7ais Gr\u00e2ce \u00e0 une \u00e9quipe &#8230; <a title=\"Services de traduction en fran\u00e7ais | Traduction de l\u2019anglais vers le fran\u00e7ais\" class=\"read-more\" href=\"https:\/\/www.gts-translation.com\/fr\/languages\/french-translation-services-english-to-french-translation\/\" aria-label=\"En savoir plus sur Services de traduction en fran\u00e7ais | Traduction de l\u2019anglais vers le fran\u00e7ais\">Lire la suite<\/a><\/p>\n","protected":false},"author":261,"featured_media":35301,"parent":45023,"menu_order":0,"comment_status":"open","ping_status":"closed","template":"templates\/landing-page.php","meta":{"_acf_changed":false,"inline_featured_image":false,"_monsterinsights_skip_tracking":false,"_monsterinsights_sitenote_active":false,"_monsterinsights_sitenote_note":"","_monsterinsights_sitenote_category":0,"footnotes":""},"class_list":["post-44723","page","type-page","status-publish","has-post-thumbnail"],"acf":[],"yoast_head":"<!-- This site is optimized with the Yoast SEO Premium plugin v24.2 (Yoast SEO v27.4) - https:\/\/yoast.com\/product\/yoast-seo-premium-wordpress\/ -->\n<title>French Translation Services | Translate English to French<\/title>\n<meta name=\"description\" content=\"GTS provides excellent English French translation services at $0.14 per word. Click here to get an instant online price quote now.\" \/>\n<meta name=\"robots\" content=\"index, follow, max-snippet:-1, max-image-preview:large, max-video-preview:-1\" \/>\n<link rel=\"canonical\" href=\"https:\/\/www.gts-translation.com\/fr\/languages\/french-translation-services-english-to-french-translation\/\" \/>\n<meta property=\"og:locale\" content=\"fr_FR\" \/>\n<meta property=\"og:type\" content=\"article\" \/>\n<meta property=\"og:title\" content=\"Services de traduction en fran\u00e7ais | Traduction de l\u2019anglais vers le fran\u00e7ais\" \/>\n<meta property=\"og:description\" content=\"GTS provides excellent English French translation services at $0.14 per word. Click here to get an instant online price quote now.\" \/>\n<meta property=\"og:url\" content=\"https:\/\/www.gts-translation.com\/fr\/languages\/french-translation-services-english-to-french-translation\/\" \/>\n<meta property=\"og:site_name\" content=\"GTS Translation Services\" \/>\n<meta property=\"article:publisher\" content=\"https:\/\/www.facebook.com\/GTS.Translation\/\" \/>\n<meta property=\"article:modified_time\" content=\"2026-01-20T16:02:05+00:00\" \/>\n<meta property=\"og:image\" content=\"https:\/\/www.gts-translation.com\/wp-content\/uploads\/2021\/10\/French-Translation-Service-1.jpg\" \/>\n\t<meta property=\"og:image:width\" content=\"847\" \/>\n\t<meta property=\"og:image:height\" content=\"565\" \/>\n\t<meta property=\"og:image:type\" content=\"image\/jpeg\" \/>\n<meta name=\"twitter:card\" content=\"summary_large_image\" \/>\n<meta name=\"twitter:label1\" content=\"Dur\u00e9e de lecture estim\u00e9e\" \/>\n\t<meta name=\"twitter:data1\" content=\"5 minutes\" \/>\n<script type=\"application\/ld+json\" class=\"yoast-schema-graph\">{\"@context\":\"https:\\\/\\\/schema.org\",\"@graph\":[{\"@type\":\"WebPage\",\"@id\":\"https:\\\/\\\/www.gts-translation.com\\\/fr\\\/languages\\\/french-translation-services-english-to-french-translation\\\/\",\"url\":\"https:\\\/\\\/www.gts-translation.com\\\/fr\\\/languages\\\/french-translation-services-english-to-french-translation\\\/\",\"name\":\"French Translation Services | Translate English to French\",\"isPartOf\":{\"@id\":\"https:\\\/\\\/www.gts-translation.com\\\/fr\\\/#website\"},\"primaryImageOfPage\":{\"@id\":\"https:\\\/\\\/www.gts-translation.com\\\/fr\\\/languages\\\/french-translation-services-english-to-french-translation\\\/#primaryimage\"},\"image\":{\"@id\":\"https:\\\/\\\/www.gts-translation.com\\\/fr\\\/languages\\\/french-translation-services-english-to-french-translation\\\/#primaryimage\"},\"thumbnailUrl\":\"https:\\\/\\\/www.gts-translation.com\\\/wp-content\\\/uploads\\\/2021\\\/10\\\/French-Translation-Service-1.jpg\",\"datePublished\":\"2022-02-10T04:52:40+00:00\",\"dateModified\":\"2026-01-20T16:02:05+00:00\",\"description\":\"GTS provides excellent English French translation services at $0.14 per word. Click here to get an instant online price quote now.\",\"breadcrumb\":{\"@id\":\"https:\\\/\\\/www.gts-translation.com\\\/fr\\\/languages\\\/french-translation-services-english-to-french-translation\\\/#breadcrumb\"},\"inLanguage\":\"fr-FR\",\"potentialAction\":[{\"@type\":\"ReadAction\",\"target\":[\"https:\\\/\\\/www.gts-translation.com\\\/fr\\\/languages\\\/french-translation-services-english-to-french-translation\\\/\"]}]},{\"@type\":\"ImageObject\",\"inLanguage\":\"fr-FR\",\"@id\":\"https:\\\/\\\/www.gts-translation.com\\\/fr\\\/languages\\\/french-translation-services-english-to-french-translation\\\/#primaryimage\",\"url\":\"https:\\\/\\\/www.gts-translation.com\\\/wp-content\\\/uploads\\\/2021\\\/10\\\/French-Translation-Service-1.jpg\",\"contentUrl\":\"https:\\\/\\\/www.gts-translation.com\\\/wp-content\\\/uploads\\\/2021\\\/10\\\/French-Translation-Service-1.jpg\",\"width\":847,\"height\":565,\"caption\":\"cityscape of Paris with eiffel tower at sunset, France\"},{\"@type\":\"BreadcrumbList\",\"@id\":\"https:\\\/\\\/www.gts-translation.com\\\/fr\\\/languages\\\/french-translation-services-english-to-french-translation\\\/#breadcrumb\",\"itemListElement\":[{\"@type\":\"ListItem\",\"position\":1,\"name\":\"Home\",\"item\":\"https:\\\/\\\/www.gts-translation.com\\\/fr\\\/\"},{\"@type\":\"ListItem\",\"position\":2,\"name\":\"Languages\",\"item\":\"https:\\\/\\\/www.gts-translation.com\\\/fr\\\/languages\\\/\"},{\"@type\":\"ListItem\",\"position\":3,\"name\":\"Services de traduction en fran\u00e7ais | Traduction de l\u2019anglais vers le fran\u00e7ais\"}]},{\"@type\":\"WebSite\",\"@id\":\"https:\\\/\\\/www.gts-translation.com\\\/fr\\\/#website\",\"url\":\"https:\\\/\\\/www.gts-translation.com\\\/fr\\\/\",\"name\":\"GTS Translation Services\",\"description\":\"Quality you can trust at prices you can&#039;t beat!\",\"publisher\":{\"@id\":\"https:\\\/\\\/www.gts-translation.com\\\/fr\\\/#organization\"},\"potentialAction\":[{\"@type\":\"SearchAction\",\"target\":{\"@type\":\"EntryPoint\",\"urlTemplate\":\"https:\\\/\\\/www.gts-translation.com\\\/fr\\\/?s={search_term_string}\"},\"query-input\":{\"@type\":\"PropertyValueSpecification\",\"valueRequired\":true,\"valueName\":\"search_term_string\"}}],\"inLanguage\":\"fr-FR\"},{\"@type\":\"Organization\",\"@id\":\"https:\\\/\\\/www.gts-translation.com\\\/fr\\\/#organization\",\"name\":\"GTS Translation Services\",\"url\":\"https:\\\/\\\/www.gts-translation.com\\\/fr\\\/\",\"logo\":{\"@type\":\"ImageObject\",\"inLanguage\":\"fr-FR\",\"@id\":\"https:\\\/\\\/www.gts-translation.com\\\/fr\\\/#\\\/schema\\\/logo\\\/image\\\/\",\"url\":\"https:\\\/\\\/www.gts-translation.com\\\/wp-content\\\/uploads\\\/2023\\\/07\\\/gts-logo.png\",\"contentUrl\":\"https:\\\/\\\/www.gts-translation.com\\\/wp-content\\\/uploads\\\/2023\\\/07\\\/gts-logo.png\",\"width\":234,\"height\":80,\"caption\":\"GTS Translation Services\"},\"image\":{\"@id\":\"https:\\\/\\\/www.gts-translation.com\\\/fr\\\/#\\\/schema\\\/logo\\\/image\\\/\"},\"sameAs\":[\"https:\\\/\\\/www.facebook.com\\\/GTS.Translation\\\/\"]}]}<\/script>\n<!-- \/ Yoast SEO Premium plugin. -->","yoast_head_json":{"title":"French Translation Services | Translate English to French","description":"GTS provides excellent English French translation services at $0.14 per word. Click here to get an instant online price quote now.","robots":{"index":"index","follow":"follow","max-snippet":"max-snippet:-1","max-image-preview":"max-image-preview:large","max-video-preview":"max-video-preview:-1"},"canonical":"https:\/\/www.gts-translation.com\/fr\/languages\/french-translation-services-english-to-french-translation\/","og_locale":"fr_FR","og_type":"article","og_title":"Services de traduction en fran\u00e7ais | Traduction de l\u2019anglais vers le fran\u00e7ais","og_description":"GTS provides excellent English French translation services at $0.14 per word. Click here to get an instant online price quote now.","og_url":"https:\/\/www.gts-translation.com\/fr\/languages\/french-translation-services-english-to-french-translation\/","og_site_name":"GTS Translation Services","article_publisher":"https:\/\/www.facebook.com\/GTS.Translation\/","article_modified_time":"2026-01-20T16:02:05+00:00","og_image":[{"width":847,"height":565,"url":"https:\/\/www.gts-translation.com\/wp-content\/uploads\/2021\/10\/French-Translation-Service-1.jpg","type":"image\/jpeg"}],"twitter_card":"summary_large_image","twitter_misc":{"Dur\u00e9e de lecture estim\u00e9e":"5 minutes"},"schema":{"@context":"https:\/\/schema.org","@graph":[{"@type":"WebPage","@id":"https:\/\/www.gts-translation.com\/fr\/languages\/french-translation-services-english-to-french-translation\/","url":"https:\/\/www.gts-translation.com\/fr\/languages\/french-translation-services-english-to-french-translation\/","name":"French Translation Services | Translate English to French","isPartOf":{"@id":"https:\/\/www.gts-translation.com\/fr\/#website"},"primaryImageOfPage":{"@id":"https:\/\/www.gts-translation.com\/fr\/languages\/french-translation-services-english-to-french-translation\/#primaryimage"},"image":{"@id":"https:\/\/www.gts-translation.com\/fr\/languages\/french-translation-services-english-to-french-translation\/#primaryimage"},"thumbnailUrl":"https:\/\/www.gts-translation.com\/wp-content\/uploads\/2021\/10\/French-Translation-Service-1.jpg","datePublished":"2022-02-10T04:52:40+00:00","dateModified":"2026-01-20T16:02:05+00:00","description":"GTS provides excellent English French translation services at $0.14 per word. Click here to get an instant online price quote now.","breadcrumb":{"@id":"https:\/\/www.gts-translation.com\/fr\/languages\/french-translation-services-english-to-french-translation\/#breadcrumb"},"inLanguage":"fr-FR","potentialAction":[{"@type":"ReadAction","target":["https:\/\/www.gts-translation.com\/fr\/languages\/french-translation-services-english-to-french-translation\/"]}]},{"@type":"ImageObject","inLanguage":"fr-FR","@id":"https:\/\/www.gts-translation.com\/fr\/languages\/french-translation-services-english-to-french-translation\/#primaryimage","url":"https:\/\/www.gts-translation.com\/wp-content\/uploads\/2021\/10\/French-Translation-Service-1.jpg","contentUrl":"https:\/\/www.gts-translation.com\/wp-content\/uploads\/2021\/10\/French-Translation-Service-1.jpg","width":847,"height":565,"caption":"cityscape of Paris with eiffel tower at sunset, France"},{"@type":"BreadcrumbList","@id":"https:\/\/www.gts-translation.com\/fr\/languages\/french-translation-services-english-to-french-translation\/#breadcrumb","itemListElement":[{"@type":"ListItem","position":1,"name":"Home","item":"https:\/\/www.gts-translation.com\/fr\/"},{"@type":"ListItem","position":2,"name":"Languages","item":"https:\/\/www.gts-translation.com\/fr\/languages\/"},{"@type":"ListItem","position":3,"name":"Services de traduction en fran\u00e7ais | Traduction de l\u2019anglais vers le fran\u00e7ais"}]},{"@type":"WebSite","@id":"https:\/\/www.gts-translation.com\/fr\/#website","url":"https:\/\/www.gts-translation.com\/fr\/","name":"GTS Translation Services","description":"Quality you can trust at prices you can&#039;t beat!","publisher":{"@id":"https:\/\/www.gts-translation.com\/fr\/#organization"},"potentialAction":[{"@type":"SearchAction","target":{"@type":"EntryPoint","urlTemplate":"https:\/\/www.gts-translation.com\/fr\/?s={search_term_string}"},"query-input":{"@type":"PropertyValueSpecification","valueRequired":true,"valueName":"search_term_string"}}],"inLanguage":"fr-FR"},{"@type":"Organization","@id":"https:\/\/www.gts-translation.com\/fr\/#organization","name":"GTS Translation Services","url":"https:\/\/www.gts-translation.com\/fr\/","logo":{"@type":"ImageObject","inLanguage":"fr-FR","@id":"https:\/\/www.gts-translation.com\/fr\/#\/schema\/logo\/image\/","url":"https:\/\/www.gts-translation.com\/wp-content\/uploads\/2023\/07\/gts-logo.png","contentUrl":"https:\/\/www.gts-translation.com\/wp-content\/uploads\/2023\/07\/gts-logo.png","width":234,"height":80,"caption":"GTS Translation Services"},"image":{"@id":"https:\/\/www.gts-translation.com\/fr\/#\/schema\/logo\/image\/"},"sameAs":["https:\/\/www.facebook.com\/GTS.Translation\/"]}]}},"_links":{"self":[{"href":"https:\/\/www.gts-translation.com\/fr\/wp-json\/wp\/v2\/pages\/44723","targetHints":{"allow":["GET"]}}],"collection":[{"href":"https:\/\/www.gts-translation.com\/fr\/wp-json\/wp\/v2\/pages"}],"about":[{"href":"https:\/\/www.gts-translation.com\/fr\/wp-json\/wp\/v2\/types\/page"}],"author":[{"embeddable":true,"href":"https:\/\/www.gts-translation.com\/fr\/wp-json\/wp\/v2\/users\/261"}],"replies":[{"embeddable":true,"href":"https:\/\/www.gts-translation.com\/fr\/wp-json\/wp\/v2\/comments?post=44723"}],"version-history":[{"count":3,"href":"https:\/\/www.gts-translation.com\/fr\/wp-json\/wp\/v2\/pages\/44723\/revisions"}],"predecessor-version":[{"id":65901,"href":"https:\/\/www.gts-translation.com\/fr\/wp-json\/wp\/v2\/pages\/44723\/revisions\/65901"}],"up":[{"embeddable":true,"href":"https:\/\/www.gts-translation.com\/fr\/wp-json\/wp\/v2\/pages\/45023"}],"wp:featuredmedia":[{"embeddable":true,"href":"https:\/\/www.gts-translation.com\/fr\/wp-json\/wp\/v2\/media\/35301"}],"wp:attachment":[{"href":"https:\/\/www.gts-translation.com\/fr\/wp-json\/wp\/v2\/media?parent=44723"}],"curies":[{"name":"wp","href":"https:\/\/api.w.org\/{rel}","templated":true}]}}