{"id":51746,"date":"2022-03-09T14:19:57","date_gmt":"2022-03-09T14:19:57","guid":{"rendered":"https:\/\/www.gts-translation.com\/?page_id=51746"},"modified":"2022-05-04T05:52:46","modified_gmt":"2022-05-04T05:52:46","slug":"financial-translation-services","status":"publish","type":"page","link":"https:\/\/www.gts-translation.com\/fr\/services\/financial-translation-services\/","title":{"rendered":"Services de traduction financi\u00e8re"},"content":{"rendered":"<h1>Services de traduction financi\u00e8re<\/h1>\r\n<p>Confiez vos traductions financi\u00e8res \u00e0 GTS Translation pour des services rapides et fiables. Nous sommes sp\u00e9cialis\u00e9s dans les services de traduction commerciale pour un large \u00e9ventail d\u2019institutions financi\u00e8res du monde entier.<\/p>\r\n<p>GTS est une agence de traduction financi\u00e8re qui propose des traductions de haute qualit\u00e9 de documents financiers et commerciaux dans plus de 80\u00a0langues. Nous comptons parmi nos clients des soci\u00e9t\u00e9s internationales et des institutions financi\u00e8res telles que des banques, des soci\u00e9t\u00e9s d\u2019investissement et d\u2019assurance, des cabinets comptables et des soci\u00e9t\u00e9s de courtage.<\/p>\r\n<h2>Traduction de documents financiers<\/h2>\r\n<p>Nos linguistes financiers sont soigneusement s\u00e9lectionn\u00e9s et test\u00e9s afin de garantir que seuls les traducteurs, \u00e9diteurs et r\u00e9viseurs les plus qualifi\u00e9s sont affect\u00e9s \u00e0 vos projets de services de traduction financi\u00e8re. Nombre de nos traducteurs financiers sont des comptables, des \u00e9conomistes et poss\u00e8dent une formation et une exp\u00e9rience dans le secteur financier. Nous proposons une large gamme de services de traduction commerciale pour les institutions financi\u00e8res. Cela comprend la traduction certifi\u00e9e de\u00a0:<\/p>\r\n<ul>\r\n<li>Rapports annuels et circulaires de sollicitation de procurations<\/li>\r\n<li>Prospectus<\/li>\r\n<li>Brochures commerciales pour les banques et les compagnies d\u2019assurance<\/li>\r\n<li>Rapports \u00e9conomiques<\/li>\r\n<li>Relev\u00e9s bancaires<\/li>\r\n<li>Documents d\u2019assurance<\/li>\r\n<li>Contenu de sites Internet<\/li>\r\n<li>Traduction d\u2019articles de presse<\/li>\r\n<\/ul>\r\n<h2>Services de traduction d\u2019\u00e9tats financiers<\/h2>\r\n<p>GTS est sp\u00e9cialis\u00e9e dans la traduction d\u2019\u00e9tats financiers, de rapports annuels et de rapports financiers trimestriels. La traduction d\u2019\u00e9tats financiers est g\u00e9n\u00e9ralement effectu\u00e9e dans des d\u00e9lais serr\u00e9s et doit donc \u00eatre r\u00e9alis\u00e9e rapidement et avec une grande pr\u00e9cision. Les d\u00e9lais ne peuvent pas \u00eatre d\u00e9pass\u00e9s et vous avez besoin d\u2019une agence de traduction disposant de solides ressources en mati\u00e8re de traduction pour le secteur financier. Faites appel \u00e0 GTS lorsque vous avez besoin d\u2019un fournisseur fiable qui respecte les d\u00e9lais et propose r\u00e9guli\u00e8rement des traductions financi\u00e8res pr\u00e9cises.<\/p>\r\n<h2>Une excellence dans le domaine financier<\/h2>\r\n<p>GTS est la meilleure agence de traduction financi\u00e8re, poss\u00e9dant 20\u00a0ans d\u2019exp\u00e9rience av\u00e9r\u00e9e. Notre expertise dans le domaine financier est in\u00e9gal\u00e9e. Nous travaillons avec les principales institutions financi\u00e8res pour proposer\u00a0:<\/p>\r\n<ul>\r\n<li>Des traductions d\u2019\u00e9tats financiers en allemand<\/li>\r\n<li>Des traductions financi\u00e8res du fran\u00e7ais vers l\u2019anglais<\/li>\r\n<li>Des traductions financi\u00e8res de l\u2019espagnol vers l\u2019fran\u00e7ais<\/li>\r\n<li>Des traductions financi\u00e8res en cor\u00e9en, japonais et portugais<\/li>\r\n<li>Des traductions d\u2019\u00e9tats financiers en chinois<\/li>\r\n<\/ul>\r\n<h2>Commandez votre traduction financi\u00e8re en ligne<\/h2>\r\n<p>GTS est l\u2019agence de traduction en ligne la plus rapide. Cliquez ici pour obtenir un devis en ligne instantan\u00e9 pour vos \u00e9tats et documents financiers.\u00a0 Une fois le devis affich\u00e9, passez votre commande en ligne en quelques secondes gr\u00e2ce \u00e0 notre interface utilisateur conviviale.<\/p>\r\n<p>&nbsp;<\/p>\r\n\r\n<p>&nbsp;<\/p>\r\n","protected":false},"excerpt":{"rendered":"<p>Services de traduction financi\u00e8re Confiez vos traductions financi\u00e8res \u00e0 GTS Translation pour des services rapides et fiables. Nous sommes sp\u00e9cialis\u00e9s dans les services de traduction commerciale pour un large \u00e9ventail d\u2019institutions financi\u00e8res du monde entier. GTS est une agence de traduction financi\u00e8re qui propose des traductions de haute qualit\u00e9 de documents financiers et commerciaux dans &#8230; <a title=\"Services de traduction financi\u00e8re\" class=\"read-more\" href=\"https:\/\/www.gts-translation.com\/fr\/services\/financial-translation-services\/\" aria-label=\"En savoir plus sur Services de traduction financi\u00e8re\">Lire la suite<\/a><\/p>\n","protected":false},"author":13965,"featured_media":35991,"parent":51722,"menu_order":0,"comment_status":"open","ping_status":"open","template":"templates\/landing-page.php","meta":{"_acf_changed":false,"inline_featured_image":false,"_monsterinsights_skip_tracking":false,"_monsterinsights_sitenote_active":false,"_monsterinsights_sitenote_note":"","_monsterinsights_sitenote_category":0,"footnotes":""},"class_list":["post-51746","page","type-page","status-publish","has-post-thumbnail"],"acf":[],"yoast_head":"<!-- This site is optimized with the Yoast SEO Premium plugin v24.2 (Yoast SEO v27.4) - https:\/\/yoast.com\/product\/yoast-seo-premium-wordpress\/ -->\n<title>Services de traduction financi\u00e8re<\/title>\n<meta name=\"description\" content=\"GTS est une soci\u00e9t\u00e9 de traduction qui fournit des traductions de haute qualit\u00e9 de documents financiers et commerciaux dans plus de 80 langues.\" \/>\n<meta name=\"robots\" content=\"index, follow, max-snippet:-1, max-image-preview:large, max-video-preview:-1\" \/>\n<link rel=\"canonical\" href=\"https:\/\/www.gts-translation.com\/fr\/services\/financial-translation-services\/\" \/>\n<meta property=\"og:locale\" content=\"fr_FR\" \/>\n<meta property=\"og:type\" content=\"article\" \/>\n<meta property=\"og:title\" content=\"Services de traduction financi\u00e8re\" \/>\n<meta property=\"og:description\" content=\"GTS est une soci\u00e9t\u00e9 de traduction qui fournit des traductions de haute qualit\u00e9 de documents financiers et commerciaux dans plus de 80 langues.\" \/>\n<meta property=\"og:url\" content=\"https:\/\/www.gts-translation.com\/fr\/services\/financial-translation-services\/\" \/>\n<meta property=\"og:site_name\" content=\"GTS Translation Services\" \/>\n<meta property=\"article:publisher\" content=\"https:\/\/www.facebook.com\/GTS.Translation\/\" \/>\n<meta property=\"article:modified_time\" content=\"2022-05-04T05:52:46+00:00\" \/>\n<meta property=\"og:image\" content=\"https:\/\/www.gts-translation.com\/wp-content\/uploads\/2021\/12\/146499352_s-1.jpg\" \/>\n\t<meta property=\"og:image:width\" content=\"844\" \/>\n\t<meta property=\"og:image:height\" content=\"376\" \/>\n\t<meta property=\"og:image:type\" content=\"image\/jpeg\" \/>\n<meta name=\"twitter:card\" content=\"summary_large_image\" \/>\n<meta name=\"twitter:label1\" content=\"Dur\u00e9e de lecture estim\u00e9e\" \/>\n\t<meta name=\"twitter:data1\" content=\"2 minutes\" \/>\n<script type=\"application\/ld+json\" class=\"yoast-schema-graph\">{\"@context\":\"https:\\\/\\\/schema.org\",\"@graph\":[{\"@type\":\"WebPage\",\"@id\":\"https:\\\/\\\/www.gts-translation.com\\\/fr\\\/services\\\/financial-translation-services\\\/\",\"url\":\"https:\\\/\\\/www.gts-translation.com\\\/fr\\\/services\\\/financial-translation-services\\\/\",\"name\":\"Services de traduction financi\u00e8re\",\"isPartOf\":{\"@id\":\"https:\\\/\\\/www.gts-translation.com\\\/fr\\\/#website\"},\"primaryImageOfPage\":{\"@id\":\"https:\\\/\\\/www.gts-translation.com\\\/fr\\\/services\\\/financial-translation-services\\\/#primaryimage\"},\"image\":{\"@id\":\"https:\\\/\\\/www.gts-translation.com\\\/fr\\\/services\\\/financial-translation-services\\\/#primaryimage\"},\"thumbnailUrl\":\"https:\\\/\\\/www.gts-translation.com\\\/wp-content\\\/uploads\\\/2021\\\/12\\\/146499352_s-1.jpg\",\"datePublished\":\"2022-03-09T14:19:57+00:00\",\"dateModified\":\"2022-05-04T05:52:46+00:00\",\"description\":\"GTS est une soci\u00e9t\u00e9 de traduction qui fournit des traductions de haute qualit\u00e9 de documents financiers et commerciaux dans plus de 80 langues.\",\"breadcrumb\":{\"@id\":\"https:\\\/\\\/www.gts-translation.com\\\/fr\\\/services\\\/financial-translation-services\\\/#breadcrumb\"},\"inLanguage\":\"fr-FR\",\"potentialAction\":[{\"@type\":\"ReadAction\",\"target\":[\"https:\\\/\\\/www.gts-translation.com\\\/fr\\\/services\\\/financial-translation-services\\\/\"]}]},{\"@type\":\"ImageObject\",\"inLanguage\":\"fr-FR\",\"@id\":\"https:\\\/\\\/www.gts-translation.com\\\/fr\\\/services\\\/financial-translation-services\\\/#primaryimage\",\"url\":\"https:\\\/\\\/www.gts-translation.com\\\/wp-content\\\/uploads\\\/2021\\\/12\\\/146499352_s-1.jpg\",\"contentUrl\":\"https:\\\/\\\/www.gts-translation.com\\\/wp-content\\\/uploads\\\/2021\\\/12\\\/146499352_s-1.jpg\",\"width\":844,\"height\":376,\"caption\":\"Line graph Trading signals Currency for trading Investments.Trading, investing in the currency market and the stock market.\"},{\"@type\":\"BreadcrumbList\",\"@id\":\"https:\\\/\\\/www.gts-translation.com\\\/fr\\\/services\\\/financial-translation-services\\\/#breadcrumb\",\"itemListElement\":[{\"@type\":\"ListItem\",\"position\":1,\"name\":\"Home\",\"item\":\"https:\\\/\\\/www.gts-translation.com\\\/fr\\\/\"},{\"@type\":\"ListItem\",\"position\":2,\"name\":\"Services\",\"item\":\"https:\\\/\\\/www.gts-translation.com\\\/fr\\\/services\\\/\"},{\"@type\":\"ListItem\",\"position\":3,\"name\":\"Services de traduction financi\u00e8re\"}]},{\"@type\":\"WebSite\",\"@id\":\"https:\\\/\\\/www.gts-translation.com\\\/fr\\\/#website\",\"url\":\"https:\\\/\\\/www.gts-translation.com\\\/fr\\\/\",\"name\":\"GTS Translation Services\",\"description\":\"Quality you can trust at prices you can&#039;t beat!\",\"publisher\":{\"@id\":\"https:\\\/\\\/www.gts-translation.com\\\/fr\\\/#organization\"},\"potentialAction\":[{\"@type\":\"SearchAction\",\"target\":{\"@type\":\"EntryPoint\",\"urlTemplate\":\"https:\\\/\\\/www.gts-translation.com\\\/fr\\\/?s={search_term_string}\"},\"query-input\":{\"@type\":\"PropertyValueSpecification\",\"valueRequired\":true,\"valueName\":\"search_term_string\"}}],\"inLanguage\":\"fr-FR\"},{\"@type\":\"Organization\",\"@id\":\"https:\\\/\\\/www.gts-translation.com\\\/fr\\\/#organization\",\"name\":\"GTS Translation Services\",\"url\":\"https:\\\/\\\/www.gts-translation.com\\\/fr\\\/\",\"logo\":{\"@type\":\"ImageObject\",\"inLanguage\":\"fr-FR\",\"@id\":\"https:\\\/\\\/www.gts-translation.com\\\/fr\\\/#\\\/schema\\\/logo\\\/image\\\/\",\"url\":\"https:\\\/\\\/www.gts-translation.com\\\/wp-content\\\/uploads\\\/2023\\\/07\\\/gts-logo.png\",\"contentUrl\":\"https:\\\/\\\/www.gts-translation.com\\\/wp-content\\\/uploads\\\/2023\\\/07\\\/gts-logo.png\",\"width\":234,\"height\":80,\"caption\":\"GTS Translation Services\"},\"image\":{\"@id\":\"https:\\\/\\\/www.gts-translation.com\\\/fr\\\/#\\\/schema\\\/logo\\\/image\\\/\"},\"sameAs\":[\"https:\\\/\\\/www.facebook.com\\\/GTS.Translation\\\/\"]}]}<\/script>\n<!-- \/ Yoast SEO Premium plugin. -->","yoast_head_json":{"title":"Services de traduction financi\u00e8re","description":"GTS est une soci\u00e9t\u00e9 de traduction qui fournit des traductions de haute qualit\u00e9 de documents financiers et commerciaux dans plus de 80 langues.","robots":{"index":"index","follow":"follow","max-snippet":"max-snippet:-1","max-image-preview":"max-image-preview:large","max-video-preview":"max-video-preview:-1"},"canonical":"https:\/\/www.gts-translation.com\/fr\/services\/financial-translation-services\/","og_locale":"fr_FR","og_type":"article","og_title":"Services de traduction financi\u00e8re","og_description":"GTS est une soci\u00e9t\u00e9 de traduction qui fournit des traductions de haute qualit\u00e9 de documents financiers et commerciaux dans plus de 80 langues.","og_url":"https:\/\/www.gts-translation.com\/fr\/services\/financial-translation-services\/","og_site_name":"GTS Translation Services","article_publisher":"https:\/\/www.facebook.com\/GTS.Translation\/","article_modified_time":"2022-05-04T05:52:46+00:00","og_image":[{"width":844,"height":376,"url":"https:\/\/www.gts-translation.com\/wp-content\/uploads\/2021\/12\/146499352_s-1.jpg","type":"image\/jpeg"}],"twitter_card":"summary_large_image","twitter_misc":{"Dur\u00e9e de lecture estim\u00e9e":"2 minutes"},"schema":{"@context":"https:\/\/schema.org","@graph":[{"@type":"WebPage","@id":"https:\/\/www.gts-translation.com\/fr\/services\/financial-translation-services\/","url":"https:\/\/www.gts-translation.com\/fr\/services\/financial-translation-services\/","name":"Services de traduction financi\u00e8re","isPartOf":{"@id":"https:\/\/www.gts-translation.com\/fr\/#website"},"primaryImageOfPage":{"@id":"https:\/\/www.gts-translation.com\/fr\/services\/financial-translation-services\/#primaryimage"},"image":{"@id":"https:\/\/www.gts-translation.com\/fr\/services\/financial-translation-services\/#primaryimage"},"thumbnailUrl":"https:\/\/www.gts-translation.com\/wp-content\/uploads\/2021\/12\/146499352_s-1.jpg","datePublished":"2022-03-09T14:19:57+00:00","dateModified":"2022-05-04T05:52:46+00:00","description":"GTS est une soci\u00e9t\u00e9 de traduction qui fournit des traductions de haute qualit\u00e9 de documents financiers et commerciaux dans plus de 80 langues.","breadcrumb":{"@id":"https:\/\/www.gts-translation.com\/fr\/services\/financial-translation-services\/#breadcrumb"},"inLanguage":"fr-FR","potentialAction":[{"@type":"ReadAction","target":["https:\/\/www.gts-translation.com\/fr\/services\/financial-translation-services\/"]}]},{"@type":"ImageObject","inLanguage":"fr-FR","@id":"https:\/\/www.gts-translation.com\/fr\/services\/financial-translation-services\/#primaryimage","url":"https:\/\/www.gts-translation.com\/wp-content\/uploads\/2021\/12\/146499352_s-1.jpg","contentUrl":"https:\/\/www.gts-translation.com\/wp-content\/uploads\/2021\/12\/146499352_s-1.jpg","width":844,"height":376,"caption":"Line graph Trading signals Currency for trading Investments.Trading, investing in the currency market and the stock market."},{"@type":"BreadcrumbList","@id":"https:\/\/www.gts-translation.com\/fr\/services\/financial-translation-services\/#breadcrumb","itemListElement":[{"@type":"ListItem","position":1,"name":"Home","item":"https:\/\/www.gts-translation.com\/fr\/"},{"@type":"ListItem","position":2,"name":"Services","item":"https:\/\/www.gts-translation.com\/fr\/services\/"},{"@type":"ListItem","position":3,"name":"Services de traduction financi\u00e8re"}]},{"@type":"WebSite","@id":"https:\/\/www.gts-translation.com\/fr\/#website","url":"https:\/\/www.gts-translation.com\/fr\/","name":"GTS Translation Services","description":"Quality you can trust at prices you can&#039;t beat!","publisher":{"@id":"https:\/\/www.gts-translation.com\/fr\/#organization"},"potentialAction":[{"@type":"SearchAction","target":{"@type":"EntryPoint","urlTemplate":"https:\/\/www.gts-translation.com\/fr\/?s={search_term_string}"},"query-input":{"@type":"PropertyValueSpecification","valueRequired":true,"valueName":"search_term_string"}}],"inLanguage":"fr-FR"},{"@type":"Organization","@id":"https:\/\/www.gts-translation.com\/fr\/#organization","name":"GTS Translation Services","url":"https:\/\/www.gts-translation.com\/fr\/","logo":{"@type":"ImageObject","inLanguage":"fr-FR","@id":"https:\/\/www.gts-translation.com\/fr\/#\/schema\/logo\/image\/","url":"https:\/\/www.gts-translation.com\/wp-content\/uploads\/2023\/07\/gts-logo.png","contentUrl":"https:\/\/www.gts-translation.com\/wp-content\/uploads\/2023\/07\/gts-logo.png","width":234,"height":80,"caption":"GTS Translation Services"},"image":{"@id":"https:\/\/www.gts-translation.com\/fr\/#\/schema\/logo\/image\/"},"sameAs":["https:\/\/www.facebook.com\/GTS.Translation\/"]}]}},"_links":{"self":[{"href":"https:\/\/www.gts-translation.com\/fr\/wp-json\/wp\/v2\/pages\/51746","targetHints":{"allow":["GET"]}}],"collection":[{"href":"https:\/\/www.gts-translation.com\/fr\/wp-json\/wp\/v2\/pages"}],"about":[{"href":"https:\/\/www.gts-translation.com\/fr\/wp-json\/wp\/v2\/types\/page"}],"author":[{"embeddable":true,"href":"https:\/\/www.gts-translation.com\/fr\/wp-json\/wp\/v2\/users\/13965"}],"replies":[{"embeddable":true,"href":"https:\/\/www.gts-translation.com\/fr\/wp-json\/wp\/v2\/comments?post=51746"}],"version-history":[{"count":2,"href":"https:\/\/www.gts-translation.com\/fr\/wp-json\/wp\/v2\/pages\/51746\/revisions"}],"predecessor-version":[{"id":53094,"href":"https:\/\/www.gts-translation.com\/fr\/wp-json\/wp\/v2\/pages\/51746\/revisions\/53094"}],"up":[{"embeddable":true,"href":"https:\/\/www.gts-translation.com\/fr\/wp-json\/wp\/v2\/pages\/51722"}],"wp:featuredmedia":[{"embeddable":true,"href":"https:\/\/www.gts-translation.com\/fr\/wp-json\/wp\/v2\/media\/35991"}],"wp:attachment":[{"href":"https:\/\/www.gts-translation.com\/fr\/wp-json\/wp\/v2\/media?parent=51746"}],"curies":[{"name":"wp","href":"https:\/\/api.w.org\/{rel}","templated":true}]}}