{"id":51805,"date":"2022-03-10T06:04:09","date_gmt":"2022-03-10T06:04:09","guid":{"rendered":"https:\/\/www.gts-translation.com\/?page_id=51805"},"modified":"2025-01-06T09:23:56","modified_gmt":"2025-01-06T09:23:56","slug":"best-professional-online-translation-services-in-2025","status":"publish","type":"page","link":"https:\/\/www.gts-translation.com\/fr\/services\/best-professional-online-translation-services-in-2025\/","title":{"rendered":"Meilleurs services de traduction professionnelle en ligne en 2026"},"content":{"rendered":"\n<h1 class=\"wp-block-heading\" id=\"h-meilleurs-services-de-traduction-professionnelle-en-ligne-en-2026\">Meilleurs services de traduction professionnelle en ligne en 2026<\/h1>\n\n\n\n<p>Faites confiance \u00e0 GTS Translation pour des services de traduction en ligne rapides et fiables. GTS est la soci\u00e9t\u00e9 de traduction en ligne la meilleure et la plus rapide. En cons\u00e9quence, nous sommes r\u00e9guli\u00e8rement class\u00e9s par les principaux sites d\u2019\u00e9valuation B2B comme l\u2019une des meilleures soci\u00e9t\u00e9s de traduction. Obtenez un devis en ligne et commencez votre commande d\u00e8s maintenant&nbsp;!<\/p>\n\n\n\n<h2 class=\"wp-block-heading\" id=\"h-pourquoi-choisir-gts-comme-agence-de-traduction-en-ligne\"><img decoding=\"async\" width=\"988\" height=\"252\" src=\"https:\/\/www.gts-translation.com\/wp-content\/uploads\/2021\/05\/Marc-review.jpg\" alt=\"\">Pourquoi choisir GTS comme agence de traduction en ligne ?<\/h2>\n\n\n<div class=\"wp-block-image wp-image-11298\">\n<figure class=\"alignleft\"><img decoding=\"async\" width=\"300\" height=\"231\" src=\"https:\/\/www.gts-translation.com\/wp-content\/uploads\/2015\/05\/74506618_s-300x231.jpg\" alt=\"Online Translation Services\" class=\"wp-image-11298\" srcset=\"https:\/\/www.gts-translation.com\/wp-content\/uploads\/2015\/05\/74506618_s-300x231.jpg 300w, https:\/\/www.gts-translation.com\/wp-content\/uploads\/2015\/05\/74506618_s.jpg 450w\" sizes=\"(max-width: 300px) 100vw, 300px\" \/><figcaption class=\"wp-element-caption\">GTS est la meilleure entreprise de traduction en ligne. Obtenez d\u00e8s maintenant un devis en ligne instantan\u00e9 et d\u00e9marrez votre projet de traduction d\u00e8s maintenant.<\/figcaption><\/figure>\n<\/div>\n\n\n<p>Lorsqu\u2019une traduction de haute qualit\u00e9 est requise, vous devez faire appel \u00e0 une soci\u00e9t\u00e9 de traduction en ligne professionnelle comme GTS Translation Services. Nous garantissons la qualit\u00e9 de nos traductions.<\/p>\n\n\n\n<p>Services de traduction certifi\u00e9e en ligne. Notre syst\u00e8me de gestion de la qualit\u00e9 (QMS) est certifi\u00e9 conforme \u00e0 la norme ISO 17100:2015. Par cons\u00e9quent, toutes nos traductions sont certifi\u00e9es et sont livr\u00e9es avec un certificat de d\u00e9claration d\u2019exactitude sign\u00e9.<\/p>\n\n\n\n<p>Services de traduction humaine en ligne. Nous fournissons uniquement des traductions humaines, sans aucune traduction automatique dans notre processus. Nous disposons d&#8217;un r\u00e9seau international de traducteurs de qualit\u00e9 dans plus de 100 pays.<\/p>\n\n\n\n<h2 class=\"wp-block-heading\" id=\"h-tarifs-des-services-de-traduction-en-ligne\"><img decoding=\"async\" width=\"919\" height=\"218\" src=\"https:\/\/www.gts-translation.com\/wp-content\/uploads\/2020\/02\/veuthy-review.png\" alt=\"\">Tarifs des services de traduction en ligne<\/h2>\n\n\n\n<p>GTS propose les prix les plus comp\u00e9titifs du secteur de la traduction, \u00e0 partir de 0,13 \u20ac par mot pour une traduction et une r\u00e9vision professionnelles de l&#8217;anglais vers le fran\u00e7ais. Pour plus d\u2019informations sur les tarifs, lisez notre ligne directrice sur les tarifs de traduction de documents.<\/p>\n\n\n\n<h2 class=\"wp-block-heading\" id=\"h-reductions-de-prix-pour-les-services-de-traduction-en-ligne\">R\u00e9ductions de prix pour les services de traduction en ligne<\/h2>\n\n\n\n<p>Utilisez les codes promo GTS pour obtenir une r\u00e9duction sur le service de traduction. Les nouveaux clients b\u00e9n\u00e9ficient d&#8217;une r\u00e9duction de 5% sur leur premi\u00e8re commande. Cliquez ici pour plus d\u2019informations sur les r\u00e9ductions sur les prix de traduction.<\/p>\n\n\n\n<h2 class=\"wp-block-heading\" id=\"h-traduisez-en-ligne-dans-plus-de-100-langues\">Traduisez en ligne dans plus de 100 langues<\/h2>\n\n\n\n<p>Nous traduisons de l\u2019anglais vers toutes les langues europ\u00e9ennes, asiatiques, du Moyen-Orient et scandinaves. Cela comprend le fran\u00e7ais europ\u00e9en, le fran\u00e7ais canadien, l&#8217;italien, l&#8217;allemand, l&#8217;espagnol, le chinois, le japonais, le russe, l&#8217;arabe, le portugais et le su\u00e9dois. Nous traduisons \u00e9galement de n\u2019importe quelle langue vers l\u2019anglais. Cliquez ici pour une liste compl\u00e8te des langues que nous prenons en charge.<\/p>\n\n\n\n<h2 class=\"wp-block-heading\" id=\"h-services-de-traduction-de-documents-en-ligne\">Services de traduction de documents en ligne<\/h2>\n\n\n\n<p>Obtenez d\u00e8s maintenant un devis en ligne imm\u00e9diat pour tout type de traduction de documents. Cela comprend la traduction professionnelle en ligne de:<\/p>\n\n\n\n<ul class=\"wp-block-list\">\n<li>Contrats<\/li>\n\n\n\n<li>Traduction juridique : documents immobiliers, contrats de location<\/li>\n\n\n\n<li>\u00c9tats financiers<\/li>\n\n\n\n<li>Traduction m\u00e9dicale, rapports m\u00e9dicaux<\/li>\n\n\n\n<li>Formulaires de consentement \u00e9clair\u00e9<\/li>\n\n\n\n<li>FDS<\/li>\n\n\n\n<li>Manuels des employ\u00e9s<\/li>\n\n\n\n<li>Documents de travail, CV, lettres de motivation<\/li>\n\n\n\n<li>Documents d&#8217;immigration, actes de naissance, actes de d\u00e9c\u00e8s<\/li>\n\n\n\n<li>Dossiers acad\u00e9miques, relev\u00e9s de notes<\/li>\n<\/ul>\n\n\n\n<h2 class=\"wp-block-heading\" id=\"h-types-de-fichiers-pris-en-charge\"><img decoding=\"async\" width=\"912\" height=\"168\" src=\"https:\/\/www.gts-translation.com\/wp-content\/uploads\/2020\/02\/Taylor-review-1.png\" alt=\"best online translation company\">Types de fichiers pris en charge<\/h2>\n\n\n\n<p>Tous les types de fichiers ne peuvent pas \u00eatre soumis pour un devis en ligne. Par exemple, les documents num\u00e9ris\u00e9s de mauvaise qualit\u00e9 au format PDF ne peuvent pas \u00eatre trait\u00e9s en ligne. D&#8217;autres types de fichiers comme Framemaker et InDesign ne conviennent pas non plus au traitement en ligne. Si votre fichier n&#8217;est pas pris en charge par un service de traduction en ligne, veuillez l&#8217;envoyer par e-mail \u00e0 sales@gts-translation.com. Nous vous fournirons un devis.<\/p>\n\n\n\n<h2 class=\"wp-block-heading\" id=\"h-ou-puis-je-trouver-des-services-de-traduction-professionnelle-en-ligne-nbsp\">O\u00f9 puis-je trouver des services de traduction professionnelle en ligne&nbsp;?<\/h2>\n\n\n\n<p>Ces derni\u00e8res ann\u00e9es ont vu des changements majeurs dans la disponibilit\u00e9 des services de traduction en ligne. En cons\u00e9quence, les clients peuvent d\u00e9sormais choisir parmi un large \u00e9ventail de soci\u00e9t\u00e9s de traduction en ligne. Ces soci\u00e9t\u00e9s proposent un processus de commande et de livraison enti\u00e8rement en ligne pour les documents au format de fichier \u00e9lectronique. Certaines de ces soci\u00e9t\u00e9s sont GTS Translation,&nbsp;Gengo, Onehourtranslation, Worldlingo, Tolingo et Babylon.<\/p>\n\n\n\n<p>Chaque entreprise de traduction en ligne poss\u00e8de ses propres comp\u00e9tences uniques. Cliquez ici pour une comparaison des prix des services de traduction professionnelle. Ces soci\u00e9t\u00e9s et d&#8217;autres excellent dans la fourniture de traductions \u00e0 des prix tr\u00e8s comp\u00e9titifs et dans des d\u00e9lais d&#8217;ex\u00e9cution rapides, souvent en moins de 24 heures. Les clients peuvent commander sur ces sites d&#8217;agences de traduction en ligne 24h\/24 et 7j\/7, payer en ligne par carte bancaire et suivre l&#8217;avancement de la commande en ligne.<\/p>\n\n\n\n<h2 class=\"wp-block-heading\" id=\"h-sites-web-de-traduction-gratuits\">Sites Web de traduction gratuits<\/h2>\n\n\n\n<p>Il existe une large gamme de sites de traduction gratuits proposant une traduction automatique en temps r\u00e9el. Certains des sites de traduction les plus connus sont Google Translate, Bing Translator et SDL. Il existe \u00e9galement de nombreux autres sites Web de traduction gratuite. L\u2019un d\u2019eux est notre propre outil de traduction en ligne gratuit GTS. Les sites Web de traduction gratuite ne sont pas recommand\u00e9s pour les textes critiques, mais peuvent \u00eatre utilis\u00e9s \u00e0 de nombreuses autres fins pratiques. On estime que la qualit\u00e9 des sites Web de traduction gratuite s\u2019est consid\u00e9rablement am\u00e9lior\u00e9e au cours des derni\u00e8res ann\u00e9es. Cela est particuli\u00e8rement vrai pour les langues principales comme le fran\u00e7ais et l&#8217;espagnol, en raison de la quantit\u00e9 massive de textes align\u00e9s compil\u00e9s par les fournisseurs de MT.<\/p>\n\n\n\n<h4 class=\"wp-block-heading\" id=\"h-pages-connexes-nbsp\">Pages connexes&nbsp;:<\/h4>\n\n\n\n<p><a href=\"https:\/\/blog.gts-translation.com\/2020\/08\/10\/welcome-rev-customers\/\">https:\/\/blog.gts-translation.com\/2020\/08\/10\/welcome-rev-customers\/<\/a><\/p>\n\n\n\n<p><a href=\"https:\/\/blog.gts-translation.com\/2019\/03\/08\/top-online-translation-companies\/\">https:\/\/blog.gts-translation.com\/2019\/03\/08\/top-online-translation-companies\/<\/a><\/p>\n","protected":false},"excerpt":{"rendered":"<p>Meilleurs services de traduction professionnelle en ligne en 2026 Faites confiance \u00e0 GTS Translation pour des services de traduction en ligne rapides et fiables. GTS est la soci\u00e9t\u00e9 de traduction en ligne la meilleure et la plus rapide. En cons\u00e9quence, nous sommes r\u00e9guli\u00e8rement class\u00e9s par les principaux sites d\u2019\u00e9valuation B2B comme l\u2019une des meilleures soci\u00e9t\u00e9s &#8230; <a title=\"Meilleurs services de traduction professionnelle en ligne en 2026\" class=\"read-more\" href=\"https:\/\/www.gts-translation.com\/fr\/services\/best-professional-online-translation-services-in-2025\/\" aria-label=\"En savoir plus sur Meilleurs services de traduction professionnelle en ligne en 2026\">Lire la suite<\/a><\/p>\n","protected":false},"author":13965,"featured_media":35681,"parent":51722,"menu_order":0,"comment_status":"open","ping_status":"closed","template":"templates\/landing-page.php","meta":{"_acf_changed":false,"inline_featured_image":false,"_monsterinsights_skip_tracking":false,"_monsterinsights_sitenote_active":false,"_monsterinsights_sitenote_note":"","_monsterinsights_sitenote_category":0,"footnotes":""},"class_list":["post-51805","page","type-page","status-publish","has-post-thumbnail"],"acf":[],"yoast_head":"<!-- This site is optimized with the Yoast SEO Premium plugin v24.2 (Yoast SEO v27.4) - https:\/\/yoast.com\/product\/yoast-seo-premium-wordpress\/ -->\n<title>Meilleurs services de traduction professionnelle en ligne en 2026<\/title>\n<meta name=\"robots\" content=\"index, follow, max-snippet:-1, max-image-preview:large, max-video-preview:-1\" \/>\n<link rel=\"canonical\" href=\"https:\/\/www.gts-translation.com\/fr\/services\/best-professional-online-translation-services-in-2025\/\" \/>\n<meta property=\"og:locale\" content=\"fr_FR\" \/>\n<meta property=\"og:type\" content=\"article\" \/>\n<meta property=\"og:title\" content=\"Meilleurs services de traduction professionnelle en ligne en 2026\" \/>\n<meta property=\"og:description\" content=\"Meilleurs services de traduction professionnelle en ligne en 2026 Faites confiance \u00e0 GTS Translation pour des services de traduction en ligne rapides et fiables. GTS est la soci\u00e9t\u00e9 de traduction en ligne la meilleure et la plus rapide. En cons\u00e9quence, nous sommes r\u00e9guli\u00e8rement class\u00e9s par les principaux sites d\u2019\u00e9valuation B2B comme l\u2019une des meilleures soci\u00e9t\u00e9s ... Lire la suite\" \/>\n<meta property=\"og:url\" content=\"https:\/\/www.gts-translation.com\/fr\/services\/best-professional-online-translation-services-in-2025\/\" \/>\n<meta property=\"og:site_name\" content=\"GTS Translation Services\" \/>\n<meta property=\"article:publisher\" content=\"https:\/\/www.facebook.com\/GTS.Translation\/\" \/>\n<meta property=\"article:modified_time\" content=\"2025-01-06T09:23:56+00:00\" \/>\n<meta property=\"og:image\" content=\"https:\/\/www.gts-translation.com\/wp-content\/uploads\/2021\/11\/online-translation-services.jpg\" \/>\n\t<meta property=\"og:image:width\" content=\"847\" \/>\n\t<meta property=\"og:image:height\" content=\"565\" \/>\n\t<meta property=\"og:image:type\" content=\"image\/jpeg\" \/>\n<meta name=\"twitter:card\" content=\"summary_large_image\" \/>\n<meta name=\"twitter:label1\" content=\"Dur\u00e9e de lecture estim\u00e9e\" \/>\n\t<meta name=\"twitter:data1\" content=\"5 minutes\" \/>\n<script type=\"application\/ld+json\" class=\"yoast-schema-graph\">{\"@context\":\"https:\\\/\\\/schema.org\",\"@graph\":[{\"@type\":\"WebPage\",\"@id\":\"https:\\\/\\\/www.gts-translation.com\\\/fr\\\/services\\\/best-professional-online-translation-services-in-2025\\\/\",\"url\":\"https:\\\/\\\/www.gts-translation.com\\\/fr\\\/services\\\/best-professional-online-translation-services-in-2025\\\/\",\"name\":\"Meilleurs services de traduction professionnelle en ligne en 2026\",\"isPartOf\":{\"@id\":\"https:\\\/\\\/www.gts-translation.com\\\/fr\\\/#website\"},\"primaryImageOfPage\":{\"@id\":\"https:\\\/\\\/www.gts-translation.com\\\/fr\\\/services\\\/best-professional-online-translation-services-in-2025\\\/#primaryimage\"},\"image\":{\"@id\":\"https:\\\/\\\/www.gts-translation.com\\\/fr\\\/services\\\/best-professional-online-translation-services-in-2025\\\/#primaryimage\"},\"thumbnailUrl\":\"https:\\\/\\\/www.gts-translation.com\\\/wp-content\\\/uploads\\\/2021\\\/11\\\/online-translation-services.jpg\",\"datePublished\":\"2022-03-10T06:04:09+00:00\",\"dateModified\":\"2025-01-06T09:23:56+00:00\",\"breadcrumb\":{\"@id\":\"https:\\\/\\\/www.gts-translation.com\\\/fr\\\/services\\\/best-professional-online-translation-services-in-2025\\\/#breadcrumb\"},\"inLanguage\":\"fr-FR\",\"potentialAction\":[{\"@type\":\"ReadAction\",\"target\":[\"https:\\\/\\\/www.gts-translation.com\\\/fr\\\/services\\\/best-professional-online-translation-services-in-2025\\\/\"]}]},{\"@type\":\"ImageObject\",\"inLanguage\":\"fr-FR\",\"@id\":\"https:\\\/\\\/www.gts-translation.com\\\/fr\\\/services\\\/best-professional-online-translation-services-in-2025\\\/#primaryimage\",\"url\":\"https:\\\/\\\/www.gts-translation.com\\\/wp-content\\\/uploads\\\/2021\\\/11\\\/online-translation-services.jpg\",\"contentUrl\":\"https:\\\/\\\/www.gts-translation.com\\\/wp-content\\\/uploads\\\/2021\\\/11\\\/online-translation-services.jpg\",\"width\":847,\"height\":565,\"caption\":\"Mobile payment, Man using mobile payments online shopping and icon on night background, All on screen are design up.\"},{\"@type\":\"BreadcrumbList\",\"@id\":\"https:\\\/\\\/www.gts-translation.com\\\/fr\\\/services\\\/best-professional-online-translation-services-in-2025\\\/#breadcrumb\",\"itemListElement\":[{\"@type\":\"ListItem\",\"position\":1,\"name\":\"Home\",\"item\":\"https:\\\/\\\/www.gts-translation.com\\\/fr\\\/\"},{\"@type\":\"ListItem\",\"position\":2,\"name\":\"Services\",\"item\":\"https:\\\/\\\/www.gts-translation.com\\\/fr\\\/services\\\/\"},{\"@type\":\"ListItem\",\"position\":3,\"name\":\"Meilleurs services de traduction professionnelle en ligne en 2025\"}]},{\"@type\":\"WebSite\",\"@id\":\"https:\\\/\\\/www.gts-translation.com\\\/fr\\\/#website\",\"url\":\"https:\\\/\\\/www.gts-translation.com\\\/fr\\\/\",\"name\":\"GTS Translation Services\",\"description\":\"Quality you can trust at prices you can&#039;t beat!\",\"publisher\":{\"@id\":\"https:\\\/\\\/www.gts-translation.com\\\/fr\\\/#organization\"},\"potentialAction\":[{\"@type\":\"SearchAction\",\"target\":{\"@type\":\"EntryPoint\",\"urlTemplate\":\"https:\\\/\\\/www.gts-translation.com\\\/fr\\\/?s={search_term_string}\"},\"query-input\":{\"@type\":\"PropertyValueSpecification\",\"valueRequired\":true,\"valueName\":\"search_term_string\"}}],\"inLanguage\":\"fr-FR\"},{\"@type\":\"Organization\",\"@id\":\"https:\\\/\\\/www.gts-translation.com\\\/fr\\\/#organization\",\"name\":\"GTS Translation Services\",\"url\":\"https:\\\/\\\/www.gts-translation.com\\\/fr\\\/\",\"logo\":{\"@type\":\"ImageObject\",\"inLanguage\":\"fr-FR\",\"@id\":\"https:\\\/\\\/www.gts-translation.com\\\/fr\\\/#\\\/schema\\\/logo\\\/image\\\/\",\"url\":\"https:\\\/\\\/www.gts-translation.com\\\/wp-content\\\/uploads\\\/2023\\\/07\\\/gts-logo.png\",\"contentUrl\":\"https:\\\/\\\/www.gts-translation.com\\\/wp-content\\\/uploads\\\/2023\\\/07\\\/gts-logo.png\",\"width\":234,\"height\":80,\"caption\":\"GTS Translation Services\"},\"image\":{\"@id\":\"https:\\\/\\\/www.gts-translation.com\\\/fr\\\/#\\\/schema\\\/logo\\\/image\\\/\"},\"sameAs\":[\"https:\\\/\\\/www.facebook.com\\\/GTS.Translation\\\/\"]}]}<\/script>\n<!-- \/ Yoast SEO Premium plugin. -->","yoast_head_json":{"title":"Meilleurs services de traduction professionnelle en ligne en 2026","robots":{"index":"index","follow":"follow","max-snippet":"max-snippet:-1","max-image-preview":"max-image-preview:large","max-video-preview":"max-video-preview:-1"},"canonical":"https:\/\/www.gts-translation.com\/fr\/services\/best-professional-online-translation-services-in-2025\/","og_locale":"fr_FR","og_type":"article","og_title":"Meilleurs services de traduction professionnelle en ligne en 2026","og_description":"Meilleurs services de traduction professionnelle en ligne en 2026 Faites confiance \u00e0 GTS Translation pour des services de traduction en ligne rapides et fiables. GTS est la soci\u00e9t\u00e9 de traduction en ligne la meilleure et la plus rapide. En cons\u00e9quence, nous sommes r\u00e9guli\u00e8rement class\u00e9s par les principaux sites d\u2019\u00e9valuation B2B comme l\u2019une des meilleures soci\u00e9t\u00e9s ... Lire la suite","og_url":"https:\/\/www.gts-translation.com\/fr\/services\/best-professional-online-translation-services-in-2025\/","og_site_name":"GTS Translation Services","article_publisher":"https:\/\/www.facebook.com\/GTS.Translation\/","article_modified_time":"2025-01-06T09:23:56+00:00","og_image":[{"width":847,"height":565,"url":"https:\/\/www.gts-translation.com\/wp-content\/uploads\/2021\/11\/online-translation-services.jpg","type":"image\/jpeg"}],"twitter_card":"summary_large_image","twitter_misc":{"Dur\u00e9e de lecture estim\u00e9e":"5 minutes"},"schema":{"@context":"https:\/\/schema.org","@graph":[{"@type":"WebPage","@id":"https:\/\/www.gts-translation.com\/fr\/services\/best-professional-online-translation-services-in-2025\/","url":"https:\/\/www.gts-translation.com\/fr\/services\/best-professional-online-translation-services-in-2025\/","name":"Meilleurs services de traduction professionnelle en ligne en 2026","isPartOf":{"@id":"https:\/\/www.gts-translation.com\/fr\/#website"},"primaryImageOfPage":{"@id":"https:\/\/www.gts-translation.com\/fr\/services\/best-professional-online-translation-services-in-2025\/#primaryimage"},"image":{"@id":"https:\/\/www.gts-translation.com\/fr\/services\/best-professional-online-translation-services-in-2025\/#primaryimage"},"thumbnailUrl":"https:\/\/www.gts-translation.com\/wp-content\/uploads\/2021\/11\/online-translation-services.jpg","datePublished":"2022-03-10T06:04:09+00:00","dateModified":"2025-01-06T09:23:56+00:00","breadcrumb":{"@id":"https:\/\/www.gts-translation.com\/fr\/services\/best-professional-online-translation-services-in-2025\/#breadcrumb"},"inLanguage":"fr-FR","potentialAction":[{"@type":"ReadAction","target":["https:\/\/www.gts-translation.com\/fr\/services\/best-professional-online-translation-services-in-2025\/"]}]},{"@type":"ImageObject","inLanguage":"fr-FR","@id":"https:\/\/www.gts-translation.com\/fr\/services\/best-professional-online-translation-services-in-2025\/#primaryimage","url":"https:\/\/www.gts-translation.com\/wp-content\/uploads\/2021\/11\/online-translation-services.jpg","contentUrl":"https:\/\/www.gts-translation.com\/wp-content\/uploads\/2021\/11\/online-translation-services.jpg","width":847,"height":565,"caption":"Mobile payment, Man using mobile payments online shopping and icon on night background, All on screen are design up."},{"@type":"BreadcrumbList","@id":"https:\/\/www.gts-translation.com\/fr\/services\/best-professional-online-translation-services-in-2025\/#breadcrumb","itemListElement":[{"@type":"ListItem","position":1,"name":"Home","item":"https:\/\/www.gts-translation.com\/fr\/"},{"@type":"ListItem","position":2,"name":"Services","item":"https:\/\/www.gts-translation.com\/fr\/services\/"},{"@type":"ListItem","position":3,"name":"Meilleurs services de traduction professionnelle en ligne en 2025"}]},{"@type":"WebSite","@id":"https:\/\/www.gts-translation.com\/fr\/#website","url":"https:\/\/www.gts-translation.com\/fr\/","name":"GTS Translation Services","description":"Quality you can trust at prices you can&#039;t beat!","publisher":{"@id":"https:\/\/www.gts-translation.com\/fr\/#organization"},"potentialAction":[{"@type":"SearchAction","target":{"@type":"EntryPoint","urlTemplate":"https:\/\/www.gts-translation.com\/fr\/?s={search_term_string}"},"query-input":{"@type":"PropertyValueSpecification","valueRequired":true,"valueName":"search_term_string"}}],"inLanguage":"fr-FR"},{"@type":"Organization","@id":"https:\/\/www.gts-translation.com\/fr\/#organization","name":"GTS Translation Services","url":"https:\/\/www.gts-translation.com\/fr\/","logo":{"@type":"ImageObject","inLanguage":"fr-FR","@id":"https:\/\/www.gts-translation.com\/fr\/#\/schema\/logo\/image\/","url":"https:\/\/www.gts-translation.com\/wp-content\/uploads\/2023\/07\/gts-logo.png","contentUrl":"https:\/\/www.gts-translation.com\/wp-content\/uploads\/2023\/07\/gts-logo.png","width":234,"height":80,"caption":"GTS Translation Services"},"image":{"@id":"https:\/\/www.gts-translation.com\/fr\/#\/schema\/logo\/image\/"},"sameAs":["https:\/\/www.facebook.com\/GTS.Translation\/"]}]}},"_links":{"self":[{"href":"https:\/\/www.gts-translation.com\/fr\/wp-json\/wp\/v2\/pages\/51805","targetHints":{"allow":["GET"]}}],"collection":[{"href":"https:\/\/www.gts-translation.com\/fr\/wp-json\/wp\/v2\/pages"}],"about":[{"href":"https:\/\/www.gts-translation.com\/fr\/wp-json\/wp\/v2\/types\/page"}],"author":[{"embeddable":true,"href":"https:\/\/www.gts-translation.com\/fr\/wp-json\/wp\/v2\/users\/13965"}],"replies":[{"embeddable":true,"href":"https:\/\/www.gts-translation.com\/fr\/wp-json\/wp\/v2\/comments?post=51805"}],"version-history":[{"count":3,"href":"https:\/\/www.gts-translation.com\/fr\/wp-json\/wp\/v2\/pages\/51805\/revisions"}],"predecessor-version":[{"id":62493,"href":"https:\/\/www.gts-translation.com\/fr\/wp-json\/wp\/v2\/pages\/51805\/revisions\/62493"}],"up":[{"embeddable":true,"href":"https:\/\/www.gts-translation.com\/fr\/wp-json\/wp\/v2\/pages\/51722"}],"wp:featuredmedia":[{"embeddable":true,"href":"https:\/\/www.gts-translation.com\/fr\/wp-json\/wp\/v2\/media\/35681"}],"wp:attachment":[{"href":"https:\/\/www.gts-translation.com\/fr\/wp-json\/wp\/v2\/media?parent=51805"}],"curies":[{"name":"wp","href":"https:\/\/api.w.org\/{rel}","templated":true}]}}