{"id":51820,"date":"2022-03-10T06:29:44","date_gmt":"2022-03-10T06:29:44","guid":{"rendered":"https:\/\/www.gts-translation.com\/?page_id=51820"},"modified":"2026-01-20T15:41:41","modified_gmt":"2026-01-20T15:41:41","slug":"sds-translation-services","status":"publish","type":"page","link":"https:\/\/www.gts-translation.com\/fr\/services\/sds-translation-services\/","title":{"rendered":"Services de traduction de FDS"},"content":{"rendered":"\r\n\r\n<p>&nbsp;<\/p>\r\n<h1 id=\"h-services-de-traduction-de-fds\" class=\"wp-block-heading\">Services de traduction de FDS<\/h1>\r\n\r\n\r\n<div class=\"wp-block-image\">\r\n<figure class=\"alignleft\"><img decoding=\"async\" width=\"300\" height=\"212\" class=\"wp-image-11306\" src=\"https:\/\/www.gts-translation.com\/wp-content\/uploads\/2015\/05\/49257789_s-300x212.jpg\" alt=\"SDS Translation Service\" srcset=\"https:\/\/www.gts-translation.com\/wp-content\/uploads\/2015\/05\/49257789_s-300x212.jpg 300w, https:\/\/www.gts-translation.com\/wp-content\/uploads\/2015\/05\/49257789_s.jpg 450w\" sizes=\"(max-width: 300px) 100vw, 300px\" \/><\/figure>\r\n<\/div>\r\n\r\n\r\n<p>GTS Translation est le meilleur fournisseur de services de traduction de FDS. Nous avons fait nos preuves en fournissant des <strong>services de traduction de FDS<\/strong> de haute qualit\u00e9 dans plus de 100\u00a0langues. Nous avons traduit des centaines de FDS pour certaines des plus grandes entreprises chimiques du monde. Nous vous garantissons que les FDS que nous traduisons seront accept\u00e9es par les autorit\u00e9s de r\u00e9glementation comp\u00e9tentes.<\/p>\r\n\r\n\r\n\r\n<p>Obtenez d\u00e8s maintenant un devis instantan\u00e9 pour des services de traduction de FDS. Il vous suffit de t\u00e9l\u00e9charger votre FDS pour obtenir un devis en quelques secondes et de le faire traduire d\u00e8s aujourd\u2019hui.<\/p>\r\n\r\n\r\n\r\n<h2 id=\"h-pourquoi-confier-la-traduction-de-fds-a-gts-nbsp\" class=\"wp-block-heading\">Pourquoi confier la traduction de FDS \u00e0 GTS\u00a0?<\/h2>\r\n\r\n\r\n\r\n<p>GTS fournit une solution compl\u00e8te pour la traduction de fiches de donn\u00e9es de s\u00e9curit\u00e9 (FDS) et pour l\u2019\u00e9tiquetage de produits chimiques. Notre travail est effectu\u00e9 en totale conformit\u00e9 avec les exigences r\u00e9glementaires et les normes des pays cibles.<\/p>\r\n\r\n\r\n\r\n\r\n\r\n<p>Notre \u00e9quipe d\u2019experts en services de traduction de FDS poss\u00e8de une exp\u00e9rience av\u00e9r\u00e9e dans la traduction de consignes de s\u00e9curit\u00e9 et de textes sur les produits chimiques. Parmi nos clients figurent Sunoco, Evonik Industries, Gerber Scientific, Henkel, SAP, Siemens, Vishay et Xylem. Nous traduisons les FDS et les biblioth\u00e8ques de formules chimiques dans toutes les langues europ\u00e9ennes et asiatiques. Parmi celles-ci figurent l\u2019espagnol, l\u2019allemand, l\u2019italien, le fran\u00e7ais, le chinois, le japonais, le tha\u00ef, l\u2019indon\u00e9sien, le malais et le cor\u00e9en. Faites appel \u00e0 GTS lorsque vous avez besoin d\u2019une source fiable pour la livraison rapide de FDS en plusieurs langues.<\/p>\r\n\r\n\r\n\r\n<h2 id=\"h-etudes-de-cas-sur-les-services-de-traduction-de-fds\" class=\"wp-block-heading\">\u00c9tudes de cas sur les services de traduction de FDS<\/h2>\r\n\r\n\r\n\r\n<p>Here are some customers that have ordered SDS translation services from GTS Translation:<\/p>\r\n\r\n\r\n\r\n<ul class=\"wp-block-list\">\r\n<li>Voici quelques clients qui ont fait appel \u00e0 GTS Translation pour des services de traduction de FDS<\/li>\r\n\r\n\r\n\r\n<li>Depuis 2015, nous traduisons des FDS en fran\u00e7ais canadien pour Sunoco Race Fuels.<\/li>\r\n\r\n\r\n\r\n<li>Depuis 2016, nous traduisons des FDS en allemand, espagnol, fran\u00e7ais, polonais et italien pour Polytek Development Corporation.<\/li>\r\n\r\n\r\n\r\n<li>Depuis 2017, nous traduisons des FDS en cor\u00e9en, chinois simplifi\u00e9 et chinois traditionnel pour DisChem.<\/li>\r\n\r\n\r\n\r\n<li>Traduction de FDS en plusieurs langues pour Techtext, le plus grand fournisseur britannique de tissus pour les soins de sant\u00e9 et la s\u00e9curit\u00e9.<\/li>\r\n\r\n\r\n\r\n<li>Traduction de nombreuses FDS en fran\u00e7ais europ\u00e9en pour IEP Technologies.<\/li>\r\n\r\n\r\n\r\n<li>Traduction de nombreuses FDS en espagnol pour Hilco USA.<\/li>\r\n\r\n\r\n\r\n<li>Traduction de nombreuses FDS en malais pour Intersurface Dynamics.<\/li>\r\n<\/ul>\r\n\r\n\r\n\r\n<h2 id=\"h-\" class=\"wp-block-heading\"><img decoding=\"async\" src=\"https:\/\/www.gts-translation.com\/wp-content\/uploads\/2021\/05\/review-TC.png\" alt=\"\" width=\"1029\" height=\"216\" \/><\/h2>\r\n\r\n\r\n\r\n<h2 id=\"h-quel-est-le-cout-de-la-traduction-d-une-fds-en-2026-nbsp\" class=\"wp-block-heading\">Quel est le co\u00fbt de la traduction d\u2019une FDS en 2026\u00a0?<\/h2>\r\n\r\n\r\n\r\n<p>Les FDS comptent en moyenne 2\u00a0500\u00a0mots. Certaines sont plus longues, d\u2019autres moins. Mais 2\u00a0500\u00a0mots par FDS est une moyenne. Le tarif moyen de la traduction d\u2019une FDS en espagnol est de 200\u00a0USD \/ 150\u00a0\u00a3. Ce tarif comprend la traduction professionnelle de la FDS par un traducteur expert agr\u00e9\u00e9.<\/p>\r\n\r\n\r\n\r\n\r\n\r\n<h2 id=\"h-respect-des-reglementations-locales\" class=\"wp-block-heading\">Respect des r\u00e9glementations locales<\/h2>\r\n\r\n\r\n\r\n<p>Nous traduisons vos FDS conform\u00e9ment au format SGH, qui est la norme mondiale utilis\u00e9e en Europe, au Canada et aux \u00c9tats-Unis. Nous traduisons \u00e9galement les FDS conform\u00e9ment au format de l\u2019UE, au format SIMDUT (canadien) et aux normes de la plupart des autres pays.<\/p>\r\n<p>Aux \u00c9tats-Unis, l\u2019OSHA (<em>Occupational Safety and Health Administration<\/em>) du gouvernement am\u00e9ricain est responsable de la r\u00e9glementation des FDS\u00a0; les FDS doivent \u00eatre conformes \u00e0 la norme sur la communication des risques OSHA, 29 CFR1910.1200. L\u2019ANSI (<em>American National Standards Institute<\/em>) a d\u00e9velopp\u00e9 la norme ANSI Z400.1 pour les FDS et ANSI Z129.1 pour l\u2019\u00e9tiquetage. D\u2019autres r\u00e9glementations nationales et locales peuvent s\u2019appliquer aux \u00c9tats-Unis. Au Royaume-Uni, les FDS sont exig\u00e9es par la r\u00e9glementation REACH.<\/p>\r\n<p>\r\n\r\n<\/p>\r\n<p>Au Canada, les \u00e9tiquettes des produits et les FDS doivent \u00eatre disponibles en anglais et en fran\u00e7ais canadien. Les \u00e9tiquettes de produits chimiques doivent \u00eatre en anglais et en fran\u00e7ais sur la m\u00eame \u00e9tiquette. La norme applicable au Canada est le Syst\u00e8me d\u2019information sur les mati\u00e8res dangereuses utilis\u00e9es au travail (SIMDUT). Cliquez ici pour en savoir plus sur les exigences du SIMDUT sur le site Web de Sant\u00e9 Canada.<\/p>\r\n<p>En Europe, la directive 2001\/58\/CE fournit des orientations d\u00e9taill\u00e9es pour l\u2019\u00e9laboration des fiches de donn\u00e9es de s\u00e9curit\u00e9. Les pays d\u2019Asie ont leurs propres normes en mati\u00e8re de FDS. Par exemple, la norme JIS 27250 au Japon et la norme GB 16483-2000 en Chine.<\/p>\r\n<p>Les r\u00e9glementations en mati\u00e8re de FDS dans de nombreux pays \u00e9voluent pour permettre la mondialisation des normes. Lorsque nous traduisons des FDS de produits chimiques dans diff\u00e9rentes langues, nous nous effor\u00e7ons de respecter les normes de tous les pays dans lesquels chaque langue est parl\u00e9e, afin de maximiser votre investissement dans les services de traduction.<\/p>\r\n<p>\r\n\r\n<\/p>","protected":false},"excerpt":{"rendered":"<p>&nbsp; Services de traduction de FDS GTS Translation est le meilleur fournisseur de services de traduction de FDS. Nous avons fait nos preuves en fournissant des services de traduction de FDS de haute qualit\u00e9 dans plus de 100\u00a0langues. Nous avons traduit des centaines de FDS pour certaines des plus grandes entreprises chimiques du monde. Nous &#8230; <a title=\"Services de traduction de FDS\" class=\"read-more\" href=\"https:\/\/www.gts-translation.com\/fr\/services\/sds-translation-services\/\" aria-label=\"En savoir plus sur Services de traduction de FDS\">Lire la suite<\/a><\/p>\n","protected":false},"author":13965,"featured_media":35435,"parent":51722,"menu_order":0,"comment_status":"open","ping_status":"closed","template":"templates\/landing-page.php","meta":{"_acf_changed":false,"inline_featured_image":false,"_monsterinsights_skip_tracking":false,"_monsterinsights_sitenote_active":false,"_monsterinsights_sitenote_note":"","_monsterinsights_sitenote_category":0,"footnotes":""},"class_list":["post-51820","page","type-page","status-publish","has-post-thumbnail"],"acf":[],"yoast_head":"<!-- This site is optimized with the Yoast SEO Premium plugin v24.2 (Yoast SEO v27.5) - https:\/\/yoast.com\/product\/yoast-seo-premium-wordpress\/ -->\n<title>Service de traduction de FDS<\/title>\n<meta name=\"description\" content=\"GTS propose des services de traduction de FDS certifi\u00e9e en totale conformit\u00e9 avec les r\u00e9glementations nationales du monde entier.\" \/>\n<meta name=\"robots\" content=\"index, follow, max-snippet:-1, max-image-preview:large, max-video-preview:-1\" \/>\n<link rel=\"canonical\" href=\"https:\/\/www.gts-translation.com\/fr\/services\/sds-translation-services\/\" \/>\n<meta property=\"og:locale\" content=\"fr_FR\" \/>\n<meta property=\"og:type\" content=\"article\" \/>\n<meta property=\"og:title\" content=\"Services de traduction de FDS\" \/>\n<meta property=\"og:description\" content=\"GTS propose des services de traduction de FDS certifi\u00e9e en totale conformit\u00e9 avec les r\u00e9glementations nationales du monde entier.\" \/>\n<meta property=\"og:url\" content=\"https:\/\/www.gts-translation.com\/fr\/services\/sds-translation-services\/\" \/>\n<meta property=\"og:site_name\" content=\"GTS Translation Services\" \/>\n<meta property=\"article:publisher\" content=\"https:\/\/www.facebook.com\/GTS.Translation\/\" \/>\n<meta property=\"article:modified_time\" content=\"2026-01-20T15:41:41+00:00\" \/>\n<meta property=\"og:image\" content=\"https:\/\/www.gts-translation.com\/wp-content\/uploads\/2021\/11\/SDS-Translation-Services-3.jpg\" \/>\n\t<meta property=\"og:image:width\" content=\"844\" \/>\n\t<meta property=\"og:image:height\" content=\"415\" \/>\n\t<meta property=\"og:image:type\" content=\"image\/jpeg\" \/>\n<meta name=\"twitter:card\" content=\"summary_large_image\" \/>\n<meta name=\"twitter:label1\" content=\"Dur\u00e9e de lecture estim\u00e9e\" \/>\n\t<meta name=\"twitter:data1\" content=\"4 minutes\" \/>\n<script type=\"application\/ld+json\" class=\"yoast-schema-graph\">{\"@context\":\"https:\\\/\\\/schema.org\",\"@graph\":[{\"@type\":\"WebPage\",\"@id\":\"https:\\\/\\\/www.gts-translation.com\\\/fr\\\/services\\\/sds-translation-services\\\/\",\"url\":\"https:\\\/\\\/www.gts-translation.com\\\/fr\\\/services\\\/sds-translation-services\\\/\",\"name\":\"Service de traduction de FDS\",\"isPartOf\":{\"@id\":\"https:\\\/\\\/www.gts-translation.com\\\/fr\\\/#website\"},\"primaryImageOfPage\":{\"@id\":\"https:\\\/\\\/www.gts-translation.com\\\/fr\\\/services\\\/sds-translation-services\\\/#primaryimage\"},\"image\":{\"@id\":\"https:\\\/\\\/www.gts-translation.com\\\/fr\\\/services\\\/sds-translation-services\\\/#primaryimage\"},\"thumbnailUrl\":\"https:\\\/\\\/www.gts-translation.com\\\/wp-content\\\/uploads\\\/2021\\\/11\\\/SDS-Translation-Services-3.jpg\",\"datePublished\":\"2022-03-10T06:29:44+00:00\",\"dateModified\":\"2026-01-20T15:41:41+00:00\",\"description\":\"GTS propose des services de traduction de FDS certifi\u00e9e en totale conformit\u00e9 avec les r\u00e9glementations nationales du monde entier.\",\"breadcrumb\":{\"@id\":\"https:\\\/\\\/www.gts-translation.com\\\/fr\\\/services\\\/sds-translation-services\\\/#breadcrumb\"},\"inLanguage\":\"fr-FR\",\"potentialAction\":[{\"@type\":\"ReadAction\",\"target\":[\"https:\\\/\\\/www.gts-translation.com\\\/fr\\\/services\\\/sds-translation-services\\\/\"]}]},{\"@type\":\"ImageObject\",\"inLanguage\":\"fr-FR\",\"@id\":\"https:\\\/\\\/www.gts-translation.com\\\/fr\\\/services\\\/sds-translation-services\\\/#primaryimage\",\"url\":\"https:\\\/\\\/www.gts-translation.com\\\/wp-content\\\/uploads\\\/2021\\\/11\\\/SDS-Translation-Services-3.jpg\",\"contentUrl\":\"https:\\\/\\\/www.gts-translation.com\\\/wp-content\\\/uploads\\\/2021\\\/11\\\/SDS-Translation-Services-3.jpg\",\"width\":844,\"height\":415,\"caption\":\"Barrels. Warehouse of chemical products. The metal barrels are blue. Chemistry. Manufacture of chemicals. Pallets with barrels.\"},{\"@type\":\"BreadcrumbList\",\"@id\":\"https:\\\/\\\/www.gts-translation.com\\\/fr\\\/services\\\/sds-translation-services\\\/#breadcrumb\",\"itemListElement\":[{\"@type\":\"ListItem\",\"position\":1,\"name\":\"Home\",\"item\":\"https:\\\/\\\/www.gts-translation.com\\\/fr\\\/\"},{\"@type\":\"ListItem\",\"position\":2,\"name\":\"Services\",\"item\":\"https:\\\/\\\/www.gts-translation.com\\\/fr\\\/services\\\/\"},{\"@type\":\"ListItem\",\"position\":3,\"name\":\"Services de traduction de FDS\"}]},{\"@type\":\"WebSite\",\"@id\":\"https:\\\/\\\/www.gts-translation.com\\\/fr\\\/#website\",\"url\":\"https:\\\/\\\/www.gts-translation.com\\\/fr\\\/\",\"name\":\"GTS Translation Services\",\"description\":\"Quality you can trust at prices you can&#039;t beat!\",\"publisher\":{\"@id\":\"https:\\\/\\\/www.gts-translation.com\\\/fr\\\/#organization\"},\"potentialAction\":[{\"@type\":\"SearchAction\",\"target\":{\"@type\":\"EntryPoint\",\"urlTemplate\":\"https:\\\/\\\/www.gts-translation.com\\\/fr\\\/?s={search_term_string}\"},\"query-input\":{\"@type\":\"PropertyValueSpecification\",\"valueRequired\":true,\"valueName\":\"search_term_string\"}}],\"inLanguage\":\"fr-FR\"},{\"@type\":\"Organization\",\"@id\":\"https:\\\/\\\/www.gts-translation.com\\\/fr\\\/#organization\",\"name\":\"GTS Translation Services\",\"url\":\"https:\\\/\\\/www.gts-translation.com\\\/fr\\\/\",\"logo\":{\"@type\":\"ImageObject\",\"inLanguage\":\"fr-FR\",\"@id\":\"https:\\\/\\\/www.gts-translation.com\\\/fr\\\/#\\\/schema\\\/logo\\\/image\\\/\",\"url\":\"https:\\\/\\\/www.gts-translation.com\\\/wp-content\\\/uploads\\\/2023\\\/07\\\/gts-logo.png\",\"contentUrl\":\"https:\\\/\\\/www.gts-translation.com\\\/wp-content\\\/uploads\\\/2023\\\/07\\\/gts-logo.png\",\"width\":234,\"height\":80,\"caption\":\"GTS Translation Services\"},\"image\":{\"@id\":\"https:\\\/\\\/www.gts-translation.com\\\/fr\\\/#\\\/schema\\\/logo\\\/image\\\/\"},\"sameAs\":[\"https:\\\/\\\/www.facebook.com\\\/GTS.Translation\\\/\"]}]}<\/script>\n<!-- \/ Yoast SEO Premium plugin. -->","yoast_head_json":{"title":"Service de traduction de FDS","description":"GTS propose des services de traduction de FDS certifi\u00e9e en totale conformit\u00e9 avec les r\u00e9glementations nationales du monde entier.","robots":{"index":"index","follow":"follow","max-snippet":"max-snippet:-1","max-image-preview":"max-image-preview:large","max-video-preview":"max-video-preview:-1"},"canonical":"https:\/\/www.gts-translation.com\/fr\/services\/sds-translation-services\/","og_locale":"fr_FR","og_type":"article","og_title":"Services de traduction de FDS","og_description":"GTS propose des services de traduction de FDS certifi\u00e9e en totale conformit\u00e9 avec les r\u00e9glementations nationales du monde entier.","og_url":"https:\/\/www.gts-translation.com\/fr\/services\/sds-translation-services\/","og_site_name":"GTS Translation Services","article_publisher":"https:\/\/www.facebook.com\/GTS.Translation\/","article_modified_time":"2026-01-20T15:41:41+00:00","og_image":[{"width":844,"height":415,"url":"https:\/\/www.gts-translation.com\/wp-content\/uploads\/2021\/11\/SDS-Translation-Services-3.jpg","type":"image\/jpeg"}],"twitter_card":"summary_large_image","twitter_misc":{"Dur\u00e9e de lecture estim\u00e9e":"4 minutes"},"schema":{"@context":"https:\/\/schema.org","@graph":[{"@type":"WebPage","@id":"https:\/\/www.gts-translation.com\/fr\/services\/sds-translation-services\/","url":"https:\/\/www.gts-translation.com\/fr\/services\/sds-translation-services\/","name":"Service de traduction de FDS","isPartOf":{"@id":"https:\/\/www.gts-translation.com\/fr\/#website"},"primaryImageOfPage":{"@id":"https:\/\/www.gts-translation.com\/fr\/services\/sds-translation-services\/#primaryimage"},"image":{"@id":"https:\/\/www.gts-translation.com\/fr\/services\/sds-translation-services\/#primaryimage"},"thumbnailUrl":"https:\/\/www.gts-translation.com\/wp-content\/uploads\/2021\/11\/SDS-Translation-Services-3.jpg","datePublished":"2022-03-10T06:29:44+00:00","dateModified":"2026-01-20T15:41:41+00:00","description":"GTS propose des services de traduction de FDS certifi\u00e9e en totale conformit\u00e9 avec les r\u00e9glementations nationales du monde entier.","breadcrumb":{"@id":"https:\/\/www.gts-translation.com\/fr\/services\/sds-translation-services\/#breadcrumb"},"inLanguage":"fr-FR","potentialAction":[{"@type":"ReadAction","target":["https:\/\/www.gts-translation.com\/fr\/services\/sds-translation-services\/"]}]},{"@type":"ImageObject","inLanguage":"fr-FR","@id":"https:\/\/www.gts-translation.com\/fr\/services\/sds-translation-services\/#primaryimage","url":"https:\/\/www.gts-translation.com\/wp-content\/uploads\/2021\/11\/SDS-Translation-Services-3.jpg","contentUrl":"https:\/\/www.gts-translation.com\/wp-content\/uploads\/2021\/11\/SDS-Translation-Services-3.jpg","width":844,"height":415,"caption":"Barrels. Warehouse of chemical products. The metal barrels are blue. Chemistry. Manufacture of chemicals. Pallets with barrels."},{"@type":"BreadcrumbList","@id":"https:\/\/www.gts-translation.com\/fr\/services\/sds-translation-services\/#breadcrumb","itemListElement":[{"@type":"ListItem","position":1,"name":"Home","item":"https:\/\/www.gts-translation.com\/fr\/"},{"@type":"ListItem","position":2,"name":"Services","item":"https:\/\/www.gts-translation.com\/fr\/services\/"},{"@type":"ListItem","position":3,"name":"Services de traduction de FDS"}]},{"@type":"WebSite","@id":"https:\/\/www.gts-translation.com\/fr\/#website","url":"https:\/\/www.gts-translation.com\/fr\/","name":"GTS Translation Services","description":"Quality you can trust at prices you can&#039;t beat!","publisher":{"@id":"https:\/\/www.gts-translation.com\/fr\/#organization"},"potentialAction":[{"@type":"SearchAction","target":{"@type":"EntryPoint","urlTemplate":"https:\/\/www.gts-translation.com\/fr\/?s={search_term_string}"},"query-input":{"@type":"PropertyValueSpecification","valueRequired":true,"valueName":"search_term_string"}}],"inLanguage":"fr-FR"},{"@type":"Organization","@id":"https:\/\/www.gts-translation.com\/fr\/#organization","name":"GTS Translation Services","url":"https:\/\/www.gts-translation.com\/fr\/","logo":{"@type":"ImageObject","inLanguage":"fr-FR","@id":"https:\/\/www.gts-translation.com\/fr\/#\/schema\/logo\/image\/","url":"https:\/\/www.gts-translation.com\/wp-content\/uploads\/2023\/07\/gts-logo.png","contentUrl":"https:\/\/www.gts-translation.com\/wp-content\/uploads\/2023\/07\/gts-logo.png","width":234,"height":80,"caption":"GTS Translation Services"},"image":{"@id":"https:\/\/www.gts-translation.com\/fr\/#\/schema\/logo\/image\/"},"sameAs":["https:\/\/www.facebook.com\/GTS.Translation\/"]}]}},"_links":{"self":[{"href":"https:\/\/www.gts-translation.com\/fr\/wp-json\/wp\/v2\/pages\/51820","targetHints":{"allow":["GET"]}}],"collection":[{"href":"https:\/\/www.gts-translation.com\/fr\/wp-json\/wp\/v2\/pages"}],"about":[{"href":"https:\/\/www.gts-translation.com\/fr\/wp-json\/wp\/v2\/types\/page"}],"author":[{"embeddable":true,"href":"https:\/\/www.gts-translation.com\/fr\/wp-json\/wp\/v2\/users\/13965"}],"replies":[{"embeddable":true,"href":"https:\/\/www.gts-translation.com\/fr\/wp-json\/wp\/v2\/comments?post=51820"}],"version-history":[{"count":3,"href":"https:\/\/www.gts-translation.com\/fr\/wp-json\/wp\/v2\/pages\/51820\/revisions"}],"predecessor-version":[{"id":65898,"href":"https:\/\/www.gts-translation.com\/fr\/wp-json\/wp\/v2\/pages\/51820\/revisions\/65898"}],"up":[{"embeddable":true,"href":"https:\/\/www.gts-translation.com\/fr\/wp-json\/wp\/v2\/pages\/51722"}],"wp:featuredmedia":[{"embeddable":true,"href":"https:\/\/www.gts-translation.com\/fr\/wp-json\/wp\/v2\/media\/35435"}],"wp:attachment":[{"href":"https:\/\/www.gts-translation.com\/fr\/wp-json\/wp\/v2\/media?parent=51820"}],"curies":[{"name":"wp","href":"https:\/\/api.w.org\/{rel}","templated":true}]}}