{"id":51871,"date":"2022-03-10T07:10:59","date_gmt":"2022-03-10T07:10:59","guid":{"rendered":"https:\/\/www.gts-translation.com\/?page_id=51871"},"modified":"2025-01-06T08:58:57","modified_gmt":"2025-01-06T08:58:57","slug":"french-canadian-translation","status":"publish","type":"page","link":"https:\/\/www.gts-translation.com\/fr\/languages\/french-canadian-translation\/","title":{"rendered":"Services de traduction en fran\u00e7ais canadien"},"content":{"rendered":"\n<h1 class=\"wp-block-heading\" id=\"h-services-de-traduction-en-francais-canadien\">Services de traduction en fran\u00e7ais canadien<\/h1>\n\n\n\n<p>Besoin d\u2019un devis pour des services de traduction en fran\u00e7ais canadien&nbsp;? Cliquez ici pour obtenir un devis en ligne et lancer votre projet de traduction en fran\u00e7ais canadien d\u00e8s aujourd\u2019hui.<\/p>\n\n\n<div class=\"wp-block-image\">\n<figure class=\"alignleft\"><a href=\"https:\/\/www.gts-translation.com\/wp-content\/uploads\/2012\/05\/french_canadian.png\"><img decoding=\"async\" src=\"https:\/\/www.gts-translation.com\/wp-content\/uploads\/2012\/05\/french_canadian.png\" alt=\"\" title=\"French Canadian Translation Services\"\/><\/a><\/figure>\n<\/div>\n\n\n<p><p>GTS est une agence de traduction professionnelle qui propose des services de traduction en fran\u00e7ais canadien depuis plus de 15&nbsp;ans \u00e0 des clients au Canada, aux \u00c9tats-Unis et en Europe. Nous disposons d\u2019une \u00e9quipe exp\u00e9riment\u00e9e de traducteurs de langue maternelle fran\u00e7aise pour vos projets de traduction et de localisation en fran\u00e7ais canadien. Certaines des plus grandes entreprises du monde ont fait appel \u00e0 GTS pour leurs besoins de traduction et de localisation en fran\u00e7ais canadien. Parmi nos clients figurent&nbsp;: Siemens, SAP, Xerox, Johnson and Johnson, Eli Lilly, DuPont, Teva Pharmaceuticals, Hewlett Packard et bien d\u2019autres.<\/p>\n<p>Nous proposons des services de traduction de l\u2019anglais vers le fran\u00e7ais canadien, du fran\u00e7ais canadien vers l\u2019anglais et du fran\u00e7ais canadien vers plus de 60&nbsp;autres langues et vice versa.&nbsp;<\/p>\n<h2>Notre exp\u00e9rience dans le secteur<\/h2>\n<p>Nos traducteurs de fran\u00e7ais canadien sont m\u00e9ticuleusement s\u00e9lectionn\u00e9s pour d\u00e9terminer leur exp\u00e9rience dans le secteur. Nous proposons des services de traduction sp\u00e9cialis\u00e9s en fran\u00e7ais canadien dans de nombreux domaines, notamment les domaines techniques, les sciences de la vie, la biotechnologie, la chimie\/FDS, le m\u00e9dical, le juridique, les brevets et les documents de propri\u00e9t\u00e9 intellectuelle, les logiciels, l\u2019ing\u00e9nierie et les finances. Nous proposons \u00e9galement des services de localisation de logiciels et de sites Web en fran\u00e7ais canadien.<\/p>\n<h2>Traduction de documents en fran\u00e7ais canadien<\/h2>\n<p>Nous proposons des services de traduction de documents pour le Canada dans n\u2019importe quel format de fichier, notamment PDF, MS Word, PowerPoint, Excel, Adobe InDesign et Framemaker. Nous traduisons \u00e9galement des documents fran\u00e7ais canadiens en anglais et dans plus de 60&nbsp;autres langues.<\/p>\n<p>Exemples de services de traduction de documents en fran\u00e7ais canadien que nous proposons&nbsp;:<\/p>\n<ul style=\"user-select: auto;\">\n<li style=\"user-select: auto;\">Proc\u00e9dures op\u00e9rationnelles (SOP) et proc\u00e9dures de s\u00e9curit\u00e9<\/li>\n<li style=\"user-select: auto;\">Contrats juridiques, brevets, contrats immobiliers et de location<\/li>\n<li style=\"user-select: auto;\">FDS et \u00e9tiquetage de produits chimiques<\/li>\n<li style=\"user-select: auto;\">Formulaires de consentement \u00e9clair\u00e9 pour les essais cliniques au Canada<\/li>\n<li style=\"user-select: auto;\">Notices d\u2019utilisation de jouets, de jeux, de produits \u00e0 usage domestique et de produits de sant\u00e9<\/li>\n<li style=\"user-select: auto;\">Brochures de vente<\/li>\n<li style=\"user-select: auto;\">Manuels techniques et fiches techniques<\/li>\n<\/ul>\n<h2>Traduction juridique en fran\u00e7ais canadien<\/h2>\n<p>GTS propose une large gamme de services de traduction juridique en fran\u00e7ais canadien de haute qualit\u00e9 \u00e0 des clients du monde entier. Ces services comprennent la traduction juridique en fran\u00e7ais canadien de contrats, de documents judiciaires, d\u2019actions en justice, de brevets et de documents de propri\u00e9t\u00e9 intellectuelle. Nous proposons \u00e9galement la traduction officielle de documents juridiques en fran\u00e7ais canadien qui peuvent \u00eatre utilis\u00e9s devant les tribunaux canadiens.<\/p><\/p>\n\n\n\n<h2 class=\"wp-block-heading\" id=\"h-traduction-technique-en-francais-canadien\">Traduction technique en fran\u00e7ais canadien<\/h2>\n\n\n\n<p>GTS propose \u00e0 ses clients une large gamme de services de traduction technique de haute qualit\u00e9 en fran\u00e7ais canadien. Ces documents comprennent&nbsp;:<\/p>\n\n\n\n<ul class=\"wp-block-list\">\n<li>Manuels techniques<\/li>\n\n\n\n<li>Catalogues de produits<\/li>\n\n\n\n<li>Fiches techniques<\/li>\n\n\n\n<li>FDS<\/li>\n\n\n\n<li>Manuels d\u2019interface utilisateur et guides d\u2019utilisation<\/li>\n\n\n\n<li>Dessins techniques<\/li>\n<\/ul>\n\n\n\n<h2 class=\"wp-block-heading\" id=\"h-traduction-medicale-en-francais-canadien\">Traduction m\u00e9dicale en fran\u00e7ais canadien<\/h2>\n\n\n\n<p>GTS propose une large gamme de services de traduction m\u00e9dicale de haute qualit\u00e9 en fran\u00e7ais canadien \u00e0 ses clients qui exercent leurs activit\u00e9s au Qu\u00e9bec, au Canada et dans le monde entier. Ces services comprennent&nbsp;:<\/p>\n\n\n\n<ul class=\"wp-block-list\">\n<li>La traduction m\u00e9dicale en fran\u00e7ais canadien de documents d\u2019essais cliniques tels que les consentements \u00e9clair\u00e9s, les protocoles cliniques, les contrats d\u2019\u00e9tudes cliniques, les CRF, les dossiers de patients, les \u00e9tiquettes et les notices de m\u00e9dicaments.<\/li>\n\n\n\n<li>Traductions m\u00e9dicales pour les dispositifs m\u00e9dicaux, notamment les modes d\u2019emploi, les manuels d\u2019utilisation et les guides de l\u2019utilisateur, ainsi que la localisation de logiciels m\u00e9dicaux.<\/li>\n\n\n\n<li>Traduction m\u00e9dicale de brochures et de contenu Web<\/li>\n\n\n\n<li>Traduction de brevets m\u00e9dicaux et pharmaceutiques<\/li>\n<\/ul>\n\n\n\n<h2 class=\"wp-block-heading\" id=\"h-le-meilleur-service-de-traduction-en-francais-canadien-en-2026\">Le meilleur service de traduction en fran\u00e7ais canadien en 2026<\/h2>\n\n\n\n<p>GTS vous propose la meilleure solution pour les services de traduction en fran\u00e7ais canadien. Nous sommes des sp\u00e9cialistes du fran\u00e7ais canadien. Notre r\u00e9seau de traducteurs professionnels au Qu\u00e9bec ma\u00eetrise tous les aspects de la culture canadienne. Vos traductions seront ainsi parfaitement adapt\u00e9es au march\u00e9 canadien.<\/p>\n","protected":false},"excerpt":{"rendered":"<p>Services de traduction en fran\u00e7ais canadien Besoin d\u2019un devis pour des services de traduction en fran\u00e7ais canadien&nbsp;? Cliquez ici pour obtenir un devis en ligne et lancer votre projet de traduction en fran\u00e7ais canadien d\u00e8s aujourd\u2019hui. GTS est une agence de traduction professionnelle qui propose des services de traduction en fran\u00e7ais canadien depuis plus de &#8230; <a title=\"Services de traduction en fran\u00e7ais canadien\" class=\"read-more\" href=\"https:\/\/www.gts-translation.com\/fr\/languages\/french-canadian-translation\/\" aria-label=\"En savoir plus sur Services de traduction en fran\u00e7ais canadien\">Lire la suite<\/a><\/p>\n","protected":false},"author":13965,"featured_media":35131,"parent":45023,"menu_order":0,"comment_status":"open","ping_status":"closed","template":"templates\/landing-page.php","meta":{"_acf_changed":false,"inline_featured_image":false,"_monsterinsights_skip_tracking":false,"_monsterinsights_sitenote_active":false,"_monsterinsights_sitenote_note":"","_monsterinsights_sitenote_category":0,"footnotes":""},"class_list":["post-51871","page","type-page","status-publish","has-post-thumbnail"],"acf":[],"yoast_head":"<!-- This site is optimized with the Yoast SEO Premium plugin v24.2 (Yoast SEO v27.4) - https:\/\/yoast.com\/product\/yoast-seo-premium-wordpress\/ -->\n<title>Des services de traduction en fran\u00e7ais canadien \u00e0 des prix avantageux<\/title>\n<meta name=\"description\" content=\"GTS propose des services de traduction de qualit\u00e9 en fran\u00e7ais canadien gr\u00e2ce \u00e0 son \u00e9quipe de traducteurs professionnels au Qu\u00e9bec, Canada.\" \/>\n<meta name=\"robots\" content=\"index, follow, max-snippet:-1, max-image-preview:large, max-video-preview:-1\" \/>\n<link rel=\"canonical\" href=\"https:\/\/www.gts-translation.com\/fr\/languages\/french-canadian-translation\/\" \/>\n<meta property=\"og:locale\" content=\"fr_FR\" \/>\n<meta property=\"og:type\" content=\"article\" \/>\n<meta property=\"og:title\" content=\"Services de traduction en fran\u00e7ais canadien\" \/>\n<meta property=\"og:description\" content=\"GTS propose des services de traduction de qualit\u00e9 en fran\u00e7ais canadien gr\u00e2ce \u00e0 son \u00e9quipe de traducteurs professionnels au Qu\u00e9bec, Canada.\" \/>\n<meta property=\"og:url\" content=\"https:\/\/www.gts-translation.com\/fr\/languages\/french-canadian-translation\/\" \/>\n<meta property=\"og:site_name\" content=\"GTS Translation Services\" \/>\n<meta property=\"article:publisher\" content=\"https:\/\/www.facebook.com\/GTS.Translation\/\" \/>\n<meta property=\"article:modified_time\" content=\"2025-01-06T08:58:57+00:00\" \/>\n<meta property=\"og:image\" content=\"https:\/\/www.gts-translation.com\/wp-content\/uploads\/2021\/10\/French-Canadian-Translation-Services.jpg\" \/>\n\t<meta property=\"og:image:width\" content=\"840\" \/>\n\t<meta property=\"og:image:height\" content=\"372\" \/>\n\t<meta property=\"og:image:type\" content=\"image\/jpeg\" \/>\n<meta name=\"twitter:card\" content=\"summary_large_image\" \/>\n<meta name=\"twitter:label1\" content=\"Dur\u00e9e de lecture estim\u00e9e\" \/>\n\t<meta name=\"twitter:data1\" content=\"4 minutes\" \/>\n<script type=\"application\/ld+json\" class=\"yoast-schema-graph\">{\"@context\":\"https:\\\/\\\/schema.org\",\"@graph\":[{\"@type\":\"WebPage\",\"@id\":\"https:\\\/\\\/www.gts-translation.com\\\/fr\\\/languages\\\/french-canadian-translation\\\/\",\"url\":\"https:\\\/\\\/www.gts-translation.com\\\/fr\\\/languages\\\/french-canadian-translation\\\/\",\"name\":\"Des services de traduction en fran\u00e7ais canadien \u00e0 des prix avantageux\",\"isPartOf\":{\"@id\":\"https:\\\/\\\/www.gts-translation.com\\\/fr\\\/#website\"},\"primaryImageOfPage\":{\"@id\":\"https:\\\/\\\/www.gts-translation.com\\\/fr\\\/languages\\\/french-canadian-translation\\\/#primaryimage\"},\"image\":{\"@id\":\"https:\\\/\\\/www.gts-translation.com\\\/fr\\\/languages\\\/french-canadian-translation\\\/#primaryimage\"},\"thumbnailUrl\":\"https:\\\/\\\/www.gts-translation.com\\\/wp-content\\\/uploads\\\/2021\\\/10\\\/French-Canadian-Translation-Services.jpg\",\"datePublished\":\"2022-03-10T07:10:59+00:00\",\"dateModified\":\"2025-01-06T08:58:57+00:00\",\"description\":\"GTS propose des services de traduction de qualit\u00e9 en fran\u00e7ais canadien gr\u00e2ce \u00e0 son \u00e9quipe de traducteurs professionnels au Qu\u00e9bec, Canada.\",\"breadcrumb\":{\"@id\":\"https:\\\/\\\/www.gts-translation.com\\\/fr\\\/languages\\\/french-canadian-translation\\\/#breadcrumb\"},\"inLanguage\":\"fr-FR\",\"potentialAction\":[{\"@type\":\"ReadAction\",\"target\":[\"https:\\\/\\\/www.gts-translation.com\\\/fr\\\/languages\\\/french-canadian-translation\\\/\"]}]},{\"@type\":\"ImageObject\",\"inLanguage\":\"fr-FR\",\"@id\":\"https:\\\/\\\/www.gts-translation.com\\\/fr\\\/languages\\\/french-canadian-translation\\\/#primaryimage\",\"url\":\"https:\\\/\\\/www.gts-translation.com\\\/wp-content\\\/uploads\\\/2021\\\/10\\\/French-Canadian-Translation-Services.jpg\",\"contentUrl\":\"https:\\\/\\\/www.gts-translation.com\\\/wp-content\\\/uploads\\\/2021\\\/10\\\/French-Canadian-Translation-Services.jpg\",\"width\":840,\"height\":372,\"caption\":\"Montreal skyline in the evening, downtown view, Quebec, Canada\"},{\"@type\":\"BreadcrumbList\",\"@id\":\"https:\\\/\\\/www.gts-translation.com\\\/fr\\\/languages\\\/french-canadian-translation\\\/#breadcrumb\",\"itemListElement\":[{\"@type\":\"ListItem\",\"position\":1,\"name\":\"Home\",\"item\":\"https:\\\/\\\/www.gts-translation.com\\\/fr\\\/\"},{\"@type\":\"ListItem\",\"position\":2,\"name\":\"Languages\",\"item\":\"https:\\\/\\\/www.gts-translation.com\\\/fr\\\/languages\\\/\"},{\"@type\":\"ListItem\",\"position\":3,\"name\":\"Services de traduction en fran\u00e7ais canadien\"}]},{\"@type\":\"WebSite\",\"@id\":\"https:\\\/\\\/www.gts-translation.com\\\/fr\\\/#website\",\"url\":\"https:\\\/\\\/www.gts-translation.com\\\/fr\\\/\",\"name\":\"GTS Translation Services\",\"description\":\"Quality you can trust at prices you can&#039;t beat!\",\"publisher\":{\"@id\":\"https:\\\/\\\/www.gts-translation.com\\\/fr\\\/#organization\"},\"potentialAction\":[{\"@type\":\"SearchAction\",\"target\":{\"@type\":\"EntryPoint\",\"urlTemplate\":\"https:\\\/\\\/www.gts-translation.com\\\/fr\\\/?s={search_term_string}\"},\"query-input\":{\"@type\":\"PropertyValueSpecification\",\"valueRequired\":true,\"valueName\":\"search_term_string\"}}],\"inLanguage\":\"fr-FR\"},{\"@type\":\"Organization\",\"@id\":\"https:\\\/\\\/www.gts-translation.com\\\/fr\\\/#organization\",\"name\":\"GTS Translation Services\",\"url\":\"https:\\\/\\\/www.gts-translation.com\\\/fr\\\/\",\"logo\":{\"@type\":\"ImageObject\",\"inLanguage\":\"fr-FR\",\"@id\":\"https:\\\/\\\/www.gts-translation.com\\\/fr\\\/#\\\/schema\\\/logo\\\/image\\\/\",\"url\":\"https:\\\/\\\/www.gts-translation.com\\\/wp-content\\\/uploads\\\/2023\\\/07\\\/gts-logo.png\",\"contentUrl\":\"https:\\\/\\\/www.gts-translation.com\\\/wp-content\\\/uploads\\\/2023\\\/07\\\/gts-logo.png\",\"width\":234,\"height\":80,\"caption\":\"GTS Translation Services\"},\"image\":{\"@id\":\"https:\\\/\\\/www.gts-translation.com\\\/fr\\\/#\\\/schema\\\/logo\\\/image\\\/\"},\"sameAs\":[\"https:\\\/\\\/www.facebook.com\\\/GTS.Translation\\\/\"]}]}<\/script>\n<!-- \/ Yoast SEO Premium plugin. -->","yoast_head_json":{"title":"Des services de traduction en fran\u00e7ais canadien \u00e0 des prix avantageux","description":"GTS propose des services de traduction de qualit\u00e9 en fran\u00e7ais canadien gr\u00e2ce \u00e0 son \u00e9quipe de traducteurs professionnels au Qu\u00e9bec, Canada.","robots":{"index":"index","follow":"follow","max-snippet":"max-snippet:-1","max-image-preview":"max-image-preview:large","max-video-preview":"max-video-preview:-1"},"canonical":"https:\/\/www.gts-translation.com\/fr\/languages\/french-canadian-translation\/","og_locale":"fr_FR","og_type":"article","og_title":"Services de traduction en fran\u00e7ais canadien","og_description":"GTS propose des services de traduction de qualit\u00e9 en fran\u00e7ais canadien gr\u00e2ce \u00e0 son \u00e9quipe de traducteurs professionnels au Qu\u00e9bec, Canada.","og_url":"https:\/\/www.gts-translation.com\/fr\/languages\/french-canadian-translation\/","og_site_name":"GTS Translation Services","article_publisher":"https:\/\/www.facebook.com\/GTS.Translation\/","article_modified_time":"2025-01-06T08:58:57+00:00","og_image":[{"width":840,"height":372,"url":"https:\/\/www.gts-translation.com\/wp-content\/uploads\/2021\/10\/French-Canadian-Translation-Services.jpg","type":"image\/jpeg"}],"twitter_card":"summary_large_image","twitter_misc":{"Dur\u00e9e de lecture estim\u00e9e":"4 minutes"},"schema":{"@context":"https:\/\/schema.org","@graph":[{"@type":"WebPage","@id":"https:\/\/www.gts-translation.com\/fr\/languages\/french-canadian-translation\/","url":"https:\/\/www.gts-translation.com\/fr\/languages\/french-canadian-translation\/","name":"Des services de traduction en fran\u00e7ais canadien \u00e0 des prix avantageux","isPartOf":{"@id":"https:\/\/www.gts-translation.com\/fr\/#website"},"primaryImageOfPage":{"@id":"https:\/\/www.gts-translation.com\/fr\/languages\/french-canadian-translation\/#primaryimage"},"image":{"@id":"https:\/\/www.gts-translation.com\/fr\/languages\/french-canadian-translation\/#primaryimage"},"thumbnailUrl":"https:\/\/www.gts-translation.com\/wp-content\/uploads\/2021\/10\/French-Canadian-Translation-Services.jpg","datePublished":"2022-03-10T07:10:59+00:00","dateModified":"2025-01-06T08:58:57+00:00","description":"GTS propose des services de traduction de qualit\u00e9 en fran\u00e7ais canadien gr\u00e2ce \u00e0 son \u00e9quipe de traducteurs professionnels au Qu\u00e9bec, Canada.","breadcrumb":{"@id":"https:\/\/www.gts-translation.com\/fr\/languages\/french-canadian-translation\/#breadcrumb"},"inLanguage":"fr-FR","potentialAction":[{"@type":"ReadAction","target":["https:\/\/www.gts-translation.com\/fr\/languages\/french-canadian-translation\/"]}]},{"@type":"ImageObject","inLanguage":"fr-FR","@id":"https:\/\/www.gts-translation.com\/fr\/languages\/french-canadian-translation\/#primaryimage","url":"https:\/\/www.gts-translation.com\/wp-content\/uploads\/2021\/10\/French-Canadian-Translation-Services.jpg","contentUrl":"https:\/\/www.gts-translation.com\/wp-content\/uploads\/2021\/10\/French-Canadian-Translation-Services.jpg","width":840,"height":372,"caption":"Montreal skyline in the evening, downtown view, Quebec, Canada"},{"@type":"BreadcrumbList","@id":"https:\/\/www.gts-translation.com\/fr\/languages\/french-canadian-translation\/#breadcrumb","itemListElement":[{"@type":"ListItem","position":1,"name":"Home","item":"https:\/\/www.gts-translation.com\/fr\/"},{"@type":"ListItem","position":2,"name":"Languages","item":"https:\/\/www.gts-translation.com\/fr\/languages\/"},{"@type":"ListItem","position":3,"name":"Services de traduction en fran\u00e7ais canadien"}]},{"@type":"WebSite","@id":"https:\/\/www.gts-translation.com\/fr\/#website","url":"https:\/\/www.gts-translation.com\/fr\/","name":"GTS Translation Services","description":"Quality you can trust at prices you can&#039;t beat!","publisher":{"@id":"https:\/\/www.gts-translation.com\/fr\/#organization"},"potentialAction":[{"@type":"SearchAction","target":{"@type":"EntryPoint","urlTemplate":"https:\/\/www.gts-translation.com\/fr\/?s={search_term_string}"},"query-input":{"@type":"PropertyValueSpecification","valueRequired":true,"valueName":"search_term_string"}}],"inLanguage":"fr-FR"},{"@type":"Organization","@id":"https:\/\/www.gts-translation.com\/fr\/#organization","name":"GTS Translation Services","url":"https:\/\/www.gts-translation.com\/fr\/","logo":{"@type":"ImageObject","inLanguage":"fr-FR","@id":"https:\/\/www.gts-translation.com\/fr\/#\/schema\/logo\/image\/","url":"https:\/\/www.gts-translation.com\/wp-content\/uploads\/2023\/07\/gts-logo.png","contentUrl":"https:\/\/www.gts-translation.com\/wp-content\/uploads\/2023\/07\/gts-logo.png","width":234,"height":80,"caption":"GTS Translation Services"},"image":{"@id":"https:\/\/www.gts-translation.com\/fr\/#\/schema\/logo\/image\/"},"sameAs":["https:\/\/www.facebook.com\/GTS.Translation\/"]}]}},"_links":{"self":[{"href":"https:\/\/www.gts-translation.com\/fr\/wp-json\/wp\/v2\/pages\/51871","targetHints":{"allow":["GET"]}}],"collection":[{"href":"https:\/\/www.gts-translation.com\/fr\/wp-json\/wp\/v2\/pages"}],"about":[{"href":"https:\/\/www.gts-translation.com\/fr\/wp-json\/wp\/v2\/types\/page"}],"author":[{"embeddable":true,"href":"https:\/\/www.gts-translation.com\/fr\/wp-json\/wp\/v2\/users\/13965"}],"replies":[{"embeddable":true,"href":"https:\/\/www.gts-translation.com\/fr\/wp-json\/wp\/v2\/comments?post=51871"}],"version-history":[{"count":3,"href":"https:\/\/www.gts-translation.com\/fr\/wp-json\/wp\/v2\/pages\/51871\/revisions"}],"predecessor-version":[{"id":62485,"href":"https:\/\/www.gts-translation.com\/fr\/wp-json\/wp\/v2\/pages\/51871\/revisions\/62485"}],"up":[{"embeddable":true,"href":"https:\/\/www.gts-translation.com\/fr\/wp-json\/wp\/v2\/pages\/45023"}],"wp:featuredmedia":[{"embeddable":true,"href":"https:\/\/www.gts-translation.com\/fr\/wp-json\/wp\/v2\/media\/35131"}],"wp:attachment":[{"href":"https:\/\/www.gts-translation.com\/fr\/wp-json\/wp\/v2\/media?parent=51871"}],"curies":[{"name":"wp","href":"https:\/\/api.w.org\/{rel}","templated":true}]}}