{"id":51882,"date":"2022-03-10T07:18:41","date_gmt":"2022-03-10T07:18:41","guid":{"rendered":"https:\/\/www.gts-translation.com\/?page_id=51882"},"modified":"2025-01-06T09:31:06","modified_gmt":"2025-01-06T09:31:06","slug":"chinese-translation-services-translate-english-to-chinese","status":"publish","type":"page","link":"https:\/\/www.gts-translation.com\/fr\/languages\/chinese-translation-services-translate-english-to-chinese\/","title":{"rendered":"Services de traduction en chinois"},"content":{"rendered":"\n<h1 class=\"wp-block-heading\" id=\"h-meilleurs-services-de-traduction-en-chinois-en-2026\">Meilleurs services de traduction en chinois en 2026<\/h1>\n\n\n\n<p>GTS propose des services de traduction de l&#8217;anglais vers le chinois de haute qualit\u00e9 et professionnels, gr\u00e2ce \u00e0 une \u00e9quipe de traducteurs chinois natifs et exp\u00e9riment\u00e9s. Nous\u00a0<strong><a href=\"https:\/\/www-gts--translation-com.translate.goog\/mandarin-translation-services\/?_x_tr_sl=auto&amp;_x_tr_tl=fr&amp;_x_tr_hl=en&amp;_x_tr_pto=wapp\">traduisons de l&#8217;anglais vers<\/a>\u00a0le chinois<\/strong>\u00a0mandarin dans de nombreux domaines, notamment les documents techniques, m\u00e9dicaux, juridiques, de brevets et de propri\u00e9t\u00e9 intellectuelle, les logiciels, l&#8217;ing\u00e9nierie et\u00a0<a href=\"https:\/\/www-gts--translation-com.translate.goog\/services\/financial-translation-services\/?_x_tr_sl=auto&amp;_x_tr_tl=fr&amp;_x_tr_hl=en&amp;_x_tr_pto=wapp\">les services de traduction financi\u00e8re<\/a>\u00a0.<\/p>\n\n\n\n<h2 class=\"wp-block-heading\" id=\"h-\"><img decoding=\"async\" width=\"919\" height=\"218\" src=\"https:\/\/www.gts-translation.com\/wp-content\/uploads\/2020\/02\/veuthy-review.png\" alt=\"\"><\/h2>\n\n\n<div class=\"wp-block-image\">\n<figure class=\"alignleft\"><a href=\"https:\/\/www.gts-translation.com\/wp-content\/uploads\/2018\/05\/Chinese-translation-services.jpg\"><img decoding=\"async\" width=\"300\" height=\"212\" src=\"https:\/\/www.gts-translation.com\/wp-content\/uploads\/2018\/05\/Chinese-translation-services-300x212.jpg\" alt=\"Chinese translation services\" class=\"wp-image-12676\" srcset=\"https:\/\/www.gts-translation.com\/wp-content\/uploads\/2018\/05\/Chinese-translation-services-300x212.jpg 300w, https:\/\/www.gts-translation.com\/wp-content\/uploads\/2018\/05\/Chinese-translation-services-768x544.jpg 768w, https:\/\/www.gts-translation.com\/wp-content\/uploads\/2018\/05\/Chinese-translation-services.jpg 822w\" sizes=\"(max-width: 300px) 100vw, 300px\" \/><\/a><figcaption class=\"wp-element-caption\">GTS is your gateway to all things Chinese<\/figcaption><\/figure>\n<\/div>\n\n\n<h2 class=\"wp-block-heading\" id=\"h-quelles-sont-les-differences-entre-le-chinois-simplifie-et-le-chinois-traditionnel\">Quelles sont les diff\u00e9rences entre le chinois simplifi\u00e9 et le chinois traditionnel ?<\/h2>\n\n\n\n<p><a href=\"https:\/\/translate.google.com\/website?sl=auto&amp;tl=fr&amp;hl=en&amp;client=webapp&amp;u=https:\/\/en.wikipedia.org\/wiki\/Chinese_language\" target=\"_blank\" rel=\"noreferrer noopener\">Le chinois&nbsp;<\/a>&nbsp;est la langue la plus utilis\u00e9e au monde, parl\u00e9e par environ 20 % de la population mondiale. Le chinois simplifi\u00e9 et le chinois traditionnel sont des variantes diff\u00e9rentes de la langue chinoise \u00e9crite. Ils ont la m\u00eame structure grammaticale de base, mais pour diverses raisons culturelles et historiques, le chinois simplifi\u00e9 et le chinois traditionnel utilisent des syst\u00e8mes d&#8217;\u00e9criture diff\u00e9rents et ne sont pas interchangeables. Par cons\u00e9quent, vous devrez peut-\u00eatre pr\u00e9parer des traductions en chinois simplifi\u00e9 et en chinois traditionnel.<\/p>\n\n\n\n<p>Le chinois simplifi\u00e9 est utilis\u00e9 et constitue le syst\u00e8me d&#8217;\u00e9criture officiel en Chine continentale (RPC) et \u00e0 Singapour. Le chinois traditionnel est utilis\u00e9 et constitue le syst\u00e8me d&#8217;\u00e9criture officiel \u00e0 Ta\u00efwan,&nbsp;<a href=\"https:\/\/www-gts--translation-com.translate.goog\/translation-services-in-hong-kong\/?_x_tr_sl=auto&amp;_x_tr_tl=fr&amp;_x_tr_hl=en&amp;_x_tr_pto=wapp\" target=\"_blank\" rel=\"noreferrer noopener\">Hong Kong<\/a>&nbsp;et Macao.<\/p>\n\n\n\n<p>Le chinois traditionnel utilise environ 13 000 caract\u00e8res, dont certains sont extr\u00eamement complexes. La complexit\u00e9 de ce syst\u00e8me d&#8217;\u00e9criture a \u00e9t\u00e9 l&#8217;une des causes de l&#8217;analphab\u00e9tisme g\u00e9n\u00e9ralis\u00e9 en Chine pendant de nombreuses ann\u00e9es. Le syst\u00e8me d&#8217;\u00e9criture chinois simplifi\u00e9, qui compte environ 8 000 caract\u00e8res, a \u00e9t\u00e9 introduit comme langue d&#8217;\u00e9criture officielle en 1949 afin de lutter contre l&#8217;analphab\u00e9tisme.<\/p>\n\n\n\n<p>Avant de faire appel \u00e0 des services de traduction de l&#8217;anglais vers le chinois, renseignez-vous le plus possible sur le pays dans lequel le document sera utilis\u00e9 et sur le destinataire. Par exemple, si un document est pr\u00e9par\u00e9 pour un salon professionnel \u00e0 Taiwan, transmettez ces informations \u00e0 l&#8217;agence de traduction et soyez aussi pr\u00e9cis que possible.<\/p>\n\n\n\n<h2 class=\"wp-block-heading\" id=\"h-services-de-traduction-en-chinois-mandarin-et-en-chinois-cantonais\"><img decoding=\"async\" width=\"882\" height=\"183\" src=\"https:\/\/www.gts-translation.com\/wp-content\/uploads\/2020\/02\/montag-review.png\" alt=\"Chinese document translation service\">Services de traduction en chinois mandarin et en chinois cantonais<\/h2>\n\n\n\n<p>Le chinois simplifi\u00e9 peut \u00e9galement \u00eatre appel\u00e9 mandarin, qui est la forme pr\u00e9dominante du chinois parl\u00e9 utilis\u00e9 en R\u00e9publique de Chine. Une autre variante est le chinois cantonais.<\/p>\n\n\n\n<figure class=\"wp-block-embed is-type-video is-provider-youtube wp-block-embed-youtube wp-embed-aspect-4-3 wp-has-aspect-ratio\"><div class=\"wp-block-embed__wrapper\">\nhttps:\/\/www.youtube.com\/watch?v=D6hPhe0Q9Jo&#8221;\n<\/div><\/figure>\n\n\n\n<h2 class=\"wp-block-heading\" id=\"h-traducteurs-de-documents-chinois\">Traducteurs de documents chinois<\/h2>\n\n\n\n<p>Nous traduisons des documents chinois dans tous les formats de fichiers, notamment PDF, MS Word, Powerpoint, Excel, Adobe InDesign et Framemaker. Nous traduisons des fichiers PDF chinois en anglais et dans plus de 60 autres langues. Pour un service&nbsp;<strong>de traduction chinois<\/strong>&nbsp;certifi\u00e9 , faites confiance \u00e0 GTS. Notre syst\u00e8me de gestion de la qualit\u00e9 (SMQ) est certifi\u00e9 conforme \u00e0 la norme ISO 17100:2015.<\/p>\n\n\n\n<h2 class=\"wp-block-heading\" id=\"h-traduction-medicale-de-l-anglais-vers-le-chinois\">Traduction m\u00e9dicale de l&#8217;anglais vers le chinois<\/h2>\n\n\n\n<p>GTS fournit&nbsp;<a href=\"https:\/\/www-gts--translation-com.translate.goog\/services\/medical_translation_services\/?_x_tr_sl=auto&amp;_x_tr_tl=fr&amp;_x_tr_hl=en&amp;_x_tr_pto=wapp\">des services de traduction m\u00e9dicale<\/a>&nbsp;certifi\u00e9e en chinois aux soci\u00e9t\u00e9s pharmaceutiques, aux fabricants de dispositifs m\u00e9dicaux, aux soci\u00e9t\u00e9s biom\u00e9dicales et aux CRO. Cela comprend :<\/p>\n\n\n\n<ul class=\"wp-block-list\">\n<li><a href=\"https:\/\/translate.google.com\/website?sl=auto&amp;tl=fr&amp;hl=en&amp;client=webapp&amp;u=https:\/\/en.wikipedia.org\/wiki\/Clinical_trial_protocol\" target=\"_blank\" rel=\"noreferrer noopener\">Protocoles cliniques<\/a>\u00a0et synopsis de protocoles<\/li>\n\n\n\n<li>Consentements \u00e9clair\u00e9s<\/li>\n\n\n\n<li><a href=\"https:\/\/www-gts--translation-com.translate.goog\/services\/medical_translation_services\/clinical-trials-research-translation\/?_x_tr_sl=auto&amp;_x_tr_tl=fr&amp;_x_tr_hl=en&amp;_x_tr_pto=wapp\"><\/a>Accords\u00a0<a href=\"https:\/\/www-gts--translation-com.translate.goog\/services\/medical_translation_services\/clinical-trials-research-translation\/?_x_tr_sl=auto&amp;_x_tr_tl=fr&amp;_x_tr_hl=en&amp;_x_tr_pto=wapp\">d\u2019essais cliniques<\/a><\/li>\n\n\n\n<li>Mode d&#8217;emploi des dispositifs m\u00e9dicaux<\/li>\n\n\n\n<li>Manuels d&#8217;utilisation pour logiciels m\u00e9dicaux<\/li>\n\n\n\n<li>\u00c9tudier les \u00e9tiquettes des m\u00e9dicaments<\/li>\n\n\n\n<li><a href=\"https:\/\/translate.google.com\/website?sl=auto&amp;tl=fr&amp;hl=en&amp;client=webapp&amp;u=https:\/\/en.wikipedia.org\/wiki\/Case_report_form\" target=\"_blank\" rel=\"noreferrer noopener\">Formulaires de rapport de cas (CRF)<\/a><\/li>\n\n\n\n<li>Localisation de logiciels m\u00e9dicaux<\/li>\n<\/ul>\n\n\n\n<h2 class=\"wp-block-heading\" id=\"h-traduction-technique-en-chinois\">Traduction technique en chinois<\/h2>\n\n\n\n<p>GTS propose une large gamme de&nbsp;<a href=\"https:\/\/www-gts--translation-com.translate.goog\/services\/technical-translation-services\/?_x_tr_sl=auto&amp;_x_tr_tl=fr&amp;_x_tr_hl=en&amp;_x_tr_pto=wapp\">services de traduction technique<\/a>&nbsp;de haute qualit\u00e9 en chinois simplifi\u00e9 et en chinois traditionnel. Nous traduisons \u00e9galement des documents techniques chinois en anglais et dans plus de 60 autres langues. Cela comprend la traduction technique en chinois de :<\/p>\n\n\n\n<ul class=\"wp-block-list\">\n<li>Manuels et guides d&#8217;utilisation.<\/li>\n\n\n\n<li><a href=\"https:\/\/translate.google.com\/website?sl=auto&amp;tl=fr&amp;hl=en&amp;client=webapp&amp;u=https:\/\/en.wikipedia.org\/wiki\/Request_for_proposal\" target=\"_blank\" rel=\"noreferrer noopener\">Documents d&#8217;appel d&#8217;offres<\/a>\u00a0\u00a0et\u00a0\u00a0<a href=\"https:\/\/translate.google.com\/website?sl=auto&amp;tl=fr&amp;hl=en&amp;client=webapp&amp;u=https:\/\/en.wikipedia.org\/wiki\/Request_for_quotation\" target=\"_blank\" rel=\"noreferrer noopener\">de demandes de propositions<\/a>\u00a0\u00a0, d&#8217;appels d&#8217;offres et de propositions<\/li>\n\n\n\n<li>Documents de manutention, FDS<\/li>\n\n\n\n<li><a href=\"https:\/\/www-gts--translation-com.translate.goog\/services\/technical-translation-services\/engineering-translation-services\/?_x_tr_sl=auto&amp;_x_tr_tl=fr&amp;_x_tr_hl=en&amp;_x_tr_pto=wapp\">Documents d&#8217;ing\u00e9nierie<\/a>\u00a0, dessins techniques<\/li>\n\n\n\n<li>Fiches techniques et contenus web<\/li>\n<\/ul>\n\n\n\n<h2 class=\"wp-block-heading\" id=\"h-traduction-juridique-en-chinois\">Traduction juridique en chinois<\/h2>\n\n\n\n<p>GTS propose une large gamme de&nbsp;<a href=\"https:\/\/www-gts--translation-com.translate.goog\/services\/legal-translation-services\/?_x_tr_sl=auto&amp;_x_tr_tl=fr&amp;_x_tr_hl=en&amp;_x_tr_pto=wapp\">services de traduction juridique<\/a>&nbsp;de haute qualit\u00e9 en chinois pour les entreprises qui font des affaires en Chine, \u00e0 Taiwan, \u00e0 Hong Kong, \u00e0 Singapour et dans tous les autres pays o\u00f9 le chinois simplifi\u00e9 et le chinois traditionnel sont utilis\u00e9s. Nous traduisons \u00e9galement des documents juridiques chinois en anglais et dans plus de 60 autres langues. Cela comprend :<\/p>\n\n\n\n<ul class=\"wp-block-list\">\n<li><a href=\"https:\/\/www-gts--translation-com.translate.goog\/services\/legal-translation-services\/contract-translation-services\/?_x_tr_sl=auto&amp;_x_tr_tl=fr&amp;_x_tr_hl=en&amp;_x_tr_pto=wapp\">Contrats<\/a><\/li>\n\n\n\n<li>Accords juridiques<\/li>\n\n\n\n<li>D\u00e9clarations sous serment<\/li>\n\n\n\n<li>Brevets<\/li>\n\n\n\n<li>Documents judiciaires et contentieux<\/li>\n<\/ul>\n\n\n\n<h2 class=\"wp-block-heading\" id=\"h-services-de-traduction-commerciale-en-chinois\">Services de traduction commerciale en chinois<\/h2>\n\n\n\n<p>GTS propose une large gamme de traductions commerciales et financi\u00e8res de haute qualit\u00e9 en chinois. Cela comprend la traduction en chinois de :<\/p>\n\n\n\n<ul class=\"wp-block-list\">\n<li>Rapports annuels<\/li>\n\n\n\n<li><a href=\"https:\/\/www-gts--translation-com.translate.goog\/business-plan-translation-services\/?_x_tr_sl=auto&amp;_x_tr_tl=fr&amp;_x_tr_hl=en&amp;_x_tr_pto=wapp\">Plans d&#8217;affaires<\/a><\/li>\n\n\n\n<li><a href=\"https:\/\/www-gts--translation-com.translate.goog\/brochure-translation-service\/?_x_tr_sl=auto&amp;_x_tr_tl=fr&amp;_x_tr_hl=en&amp;_x_tr_pto=wapp\"><\/a>Brochures\u00a0<a href=\"https:\/\/www-gts--translation-com.translate.goog\/brochure-translation-service\/?_x_tr_sl=auto&amp;_x_tr_tl=fr&amp;_x_tr_hl=en&amp;_x_tr_pto=wapp\">marketing<\/a><\/li>\n\n\n\n<li>Propositions commerciales<\/li>\n\n\n\n<li>Correspondance commerciale<\/li>\n\n\n\n<li><a href=\"https:\/\/www-gts--translation-com.translate.goog\/employee-handbook-translation\/?_x_tr_sl=auto&amp;_x_tr_tl=fr&amp;_x_tr_hl=en&amp;_x_tr_pto=wapp\">Manuels de l&#8217;employ\u00e9<\/a><\/li>\n\n\n\n<li>Services de traduction de sites Web en chinois<\/li>\n<\/ul>\n\n\n\n<p><strong>Extension de texte du chinois vers l&#8217;anglais<\/strong>&nbsp;: lors de la traduction entre le chinois et l&#8217;anglais, attendez-vous \u00e0 environ 1,5 caract\u00e8re chinois pour chaque mot anglais.<\/p>\n\n\n\n<p><a href=\"https:\/\/translate.google.com\/website?sl=auto&amp;tl=fr&amp;hl=en&amp;client=webapp&amp;u=https:\/\/www.languagespud.com\/the-5-best-chinese-translation-services-online-no-apps\/\"><strong>Les 5 meilleurs services de traduction en ligne en chinois<\/strong><\/a><\/p>\n\n\n\n<p><\/p>\n","protected":false},"excerpt":{"rendered":"<p>Meilleurs services de traduction en chinois en 2026 GTS propose des services de traduction de l&#8217;anglais vers le chinois de haute qualit\u00e9 et professionnels, gr\u00e2ce \u00e0 une \u00e9quipe de traducteurs chinois natifs et exp\u00e9riment\u00e9s. Nous\u00a0traduisons de l&#8217;anglais vers\u00a0le chinois\u00a0mandarin dans de nombreux domaines, notamment les documents techniques, m\u00e9dicaux, juridiques, de brevets et de propri\u00e9t\u00e9 intellectuelle, &#8230; <a title=\"Services de traduction en chinois\" class=\"read-more\" href=\"https:\/\/www.gts-translation.com\/fr\/languages\/chinese-translation-services-translate-english-to-chinese\/\" aria-label=\"En savoir plus sur Services de traduction en chinois\">Lire la suite<\/a><\/p>\n","protected":false},"author":13965,"featured_media":35031,"parent":45023,"menu_order":0,"comment_status":"open","ping_status":"closed","template":"templates\/landing-page.php","meta":{"_acf_changed":false,"inline_featured_image":false,"_monsterinsights_skip_tracking":false,"_monsterinsights_sitenote_active":false,"_monsterinsights_sitenote_note":"","_monsterinsights_sitenote_category":0,"footnotes":""},"class_list":["post-51882","page","type-page","status-publish","has-post-thumbnail"],"acf":[],"yoast_head":"<!-- This site is optimized with the Yoast SEO Premium plugin v24.2 (Yoast SEO v27.4) - https:\/\/yoast.com\/product\/yoast-seo-premium-wordpress\/ -->\n<title>Services de traduction en chinois<\/title>\n<meta name=\"robots\" content=\"index, follow, max-snippet:-1, max-image-preview:large, max-video-preview:-1\" \/>\n<link rel=\"canonical\" href=\"https:\/\/www.gts-translation.com\/fr\/languages\/chinese-translation-services-translate-english-to-chinese\/\" \/>\n<meta property=\"og:locale\" content=\"fr_FR\" \/>\n<meta property=\"og:type\" content=\"article\" \/>\n<meta property=\"og:title\" content=\"Services de traduction en chinois\" \/>\n<meta property=\"og:description\" content=\"Meilleurs services de traduction en chinois en 2026 GTS propose des services de traduction de l&#8217;anglais vers le chinois de haute qualit\u00e9 et professionnels, gr\u00e2ce \u00e0 une \u00e9quipe de traducteurs chinois natifs et exp\u00e9riment\u00e9s. Nous\u00a0traduisons de l&#8217;anglais vers\u00a0le chinois\u00a0mandarin dans de nombreux domaines, notamment les documents techniques, m\u00e9dicaux, juridiques, de brevets et de propri\u00e9t\u00e9 intellectuelle, ... Lire la suite\" \/>\n<meta property=\"og:url\" content=\"https:\/\/www.gts-translation.com\/fr\/languages\/chinese-translation-services-translate-english-to-chinese\/\" \/>\n<meta property=\"og:site_name\" content=\"GTS Translation Services\" \/>\n<meta property=\"article:publisher\" content=\"https:\/\/www.facebook.com\/GTS.Translation\/\" \/>\n<meta property=\"article:modified_time\" content=\"2025-01-06T09:31:06+00:00\" \/>\n<meta property=\"og:image\" content=\"https:\/\/www.gts-translation.com\/wp-content\/uploads\/2021\/10\/Chinese-Translation-Services.jpg\" \/>\n\t<meta property=\"og:image:width\" content=\"814\" \/>\n\t<meta property=\"og:image:height\" content=\"447\" \/>\n\t<meta property=\"og:image:type\" content=\"image\/jpeg\" \/>\n<meta name=\"twitter:card\" content=\"summary_large_image\" \/>\n<meta name=\"twitter:label1\" content=\"Dur\u00e9e de lecture estim\u00e9e\" \/>\n\t<meta name=\"twitter:data1\" content=\"5 minutes\" \/>\n<script type=\"application\/ld+json\" class=\"yoast-schema-graph\">{\"@context\":\"https:\\\/\\\/schema.org\",\"@graph\":[{\"@type\":\"WebPage\",\"@id\":\"https:\\\/\\\/www.gts-translation.com\\\/fr\\\/languages\\\/chinese-translation-services-translate-english-to-chinese\\\/\",\"url\":\"https:\\\/\\\/www.gts-translation.com\\\/fr\\\/languages\\\/chinese-translation-services-translate-english-to-chinese\\\/\",\"name\":\"Services de traduction en chinois\",\"isPartOf\":{\"@id\":\"https:\\\/\\\/www.gts-translation.com\\\/fr\\\/#website\"},\"primaryImageOfPage\":{\"@id\":\"https:\\\/\\\/www.gts-translation.com\\\/fr\\\/languages\\\/chinese-translation-services-translate-english-to-chinese\\\/#primaryimage\"},\"image\":{\"@id\":\"https:\\\/\\\/www.gts-translation.com\\\/fr\\\/languages\\\/chinese-translation-services-translate-english-to-chinese\\\/#primaryimage\"},\"thumbnailUrl\":\"https:\\\/\\\/www.gts-translation.com\\\/wp-content\\\/uploads\\\/2021\\\/10\\\/Chinese-Translation-Services.jpg\",\"datePublished\":\"2022-03-10T07:18:41+00:00\",\"dateModified\":\"2025-01-06T09:31:06+00:00\",\"breadcrumb\":{\"@id\":\"https:\\\/\\\/www.gts-translation.com\\\/fr\\\/languages\\\/chinese-translation-services-translate-english-to-chinese\\\/#breadcrumb\"},\"inLanguage\":\"fr-FR\",\"potentialAction\":[{\"@type\":\"ReadAction\",\"target\":[\"https:\\\/\\\/www.gts-translation.com\\\/fr\\\/languages\\\/chinese-translation-services-translate-english-to-chinese\\\/\"]}]},{\"@type\":\"ImageObject\",\"inLanguage\":\"fr-FR\",\"@id\":\"https:\\\/\\\/www.gts-translation.com\\\/fr\\\/languages\\\/chinese-translation-services-translate-english-to-chinese\\\/#primaryimage\",\"url\":\"https:\\\/\\\/www.gts-translation.com\\\/wp-content\\\/uploads\\\/2021\\\/10\\\/Chinese-Translation-Services.jpg\",\"contentUrl\":\"https:\\\/\\\/www.gts-translation.com\\\/wp-content\\\/uploads\\\/2021\\\/10\\\/Chinese-Translation-Services.jpg\",\"width\":814,\"height\":447,\"caption\":\"Building in Beijing city in night time, Beijing, China, this photo can use for cityscape, chinese, urban, asia, city, and travel concept\"},{\"@type\":\"BreadcrumbList\",\"@id\":\"https:\\\/\\\/www.gts-translation.com\\\/fr\\\/languages\\\/chinese-translation-services-translate-english-to-chinese\\\/#breadcrumb\",\"itemListElement\":[{\"@type\":\"ListItem\",\"position\":1,\"name\":\"Home\",\"item\":\"https:\\\/\\\/www.gts-translation.com\\\/fr\\\/\"},{\"@type\":\"ListItem\",\"position\":2,\"name\":\"Languages\",\"item\":\"https:\\\/\\\/www.gts-translation.com\\\/fr\\\/languages\\\/\"},{\"@type\":\"ListItem\",\"position\":3,\"name\":\"Services de traduction en chinois\"}]},{\"@type\":\"WebSite\",\"@id\":\"https:\\\/\\\/www.gts-translation.com\\\/fr\\\/#website\",\"url\":\"https:\\\/\\\/www.gts-translation.com\\\/fr\\\/\",\"name\":\"GTS Translation Services\",\"description\":\"Quality you can trust at prices you can&#039;t beat!\",\"publisher\":{\"@id\":\"https:\\\/\\\/www.gts-translation.com\\\/fr\\\/#organization\"},\"potentialAction\":[{\"@type\":\"SearchAction\",\"target\":{\"@type\":\"EntryPoint\",\"urlTemplate\":\"https:\\\/\\\/www.gts-translation.com\\\/fr\\\/?s={search_term_string}\"},\"query-input\":{\"@type\":\"PropertyValueSpecification\",\"valueRequired\":true,\"valueName\":\"search_term_string\"}}],\"inLanguage\":\"fr-FR\"},{\"@type\":\"Organization\",\"@id\":\"https:\\\/\\\/www.gts-translation.com\\\/fr\\\/#organization\",\"name\":\"GTS Translation Services\",\"url\":\"https:\\\/\\\/www.gts-translation.com\\\/fr\\\/\",\"logo\":{\"@type\":\"ImageObject\",\"inLanguage\":\"fr-FR\",\"@id\":\"https:\\\/\\\/www.gts-translation.com\\\/fr\\\/#\\\/schema\\\/logo\\\/image\\\/\",\"url\":\"https:\\\/\\\/www.gts-translation.com\\\/wp-content\\\/uploads\\\/2023\\\/07\\\/gts-logo.png\",\"contentUrl\":\"https:\\\/\\\/www.gts-translation.com\\\/wp-content\\\/uploads\\\/2023\\\/07\\\/gts-logo.png\",\"width\":234,\"height\":80,\"caption\":\"GTS Translation Services\"},\"image\":{\"@id\":\"https:\\\/\\\/www.gts-translation.com\\\/fr\\\/#\\\/schema\\\/logo\\\/image\\\/\"},\"sameAs\":[\"https:\\\/\\\/www.facebook.com\\\/GTS.Translation\\\/\"]}]}<\/script>\n<!-- \/ Yoast SEO Premium plugin. -->","yoast_head_json":{"title":"Services de traduction en chinois","robots":{"index":"index","follow":"follow","max-snippet":"max-snippet:-1","max-image-preview":"max-image-preview:large","max-video-preview":"max-video-preview:-1"},"canonical":"https:\/\/www.gts-translation.com\/fr\/languages\/chinese-translation-services-translate-english-to-chinese\/","og_locale":"fr_FR","og_type":"article","og_title":"Services de traduction en chinois","og_description":"Meilleurs services de traduction en chinois en 2026 GTS propose des services de traduction de l&#8217;anglais vers le chinois de haute qualit\u00e9 et professionnels, gr\u00e2ce \u00e0 une \u00e9quipe de traducteurs chinois natifs et exp\u00e9riment\u00e9s. Nous\u00a0traduisons de l&#8217;anglais vers\u00a0le chinois\u00a0mandarin dans de nombreux domaines, notamment les documents techniques, m\u00e9dicaux, juridiques, de brevets et de propri\u00e9t\u00e9 intellectuelle, ... Lire la suite","og_url":"https:\/\/www.gts-translation.com\/fr\/languages\/chinese-translation-services-translate-english-to-chinese\/","og_site_name":"GTS Translation Services","article_publisher":"https:\/\/www.facebook.com\/GTS.Translation\/","article_modified_time":"2025-01-06T09:31:06+00:00","og_image":[{"width":814,"height":447,"url":"https:\/\/www.gts-translation.com\/wp-content\/uploads\/2021\/10\/Chinese-Translation-Services.jpg","type":"image\/jpeg"}],"twitter_card":"summary_large_image","twitter_misc":{"Dur\u00e9e de lecture estim\u00e9e":"5 minutes"},"schema":{"@context":"https:\/\/schema.org","@graph":[{"@type":"WebPage","@id":"https:\/\/www.gts-translation.com\/fr\/languages\/chinese-translation-services-translate-english-to-chinese\/","url":"https:\/\/www.gts-translation.com\/fr\/languages\/chinese-translation-services-translate-english-to-chinese\/","name":"Services de traduction en chinois","isPartOf":{"@id":"https:\/\/www.gts-translation.com\/fr\/#website"},"primaryImageOfPage":{"@id":"https:\/\/www.gts-translation.com\/fr\/languages\/chinese-translation-services-translate-english-to-chinese\/#primaryimage"},"image":{"@id":"https:\/\/www.gts-translation.com\/fr\/languages\/chinese-translation-services-translate-english-to-chinese\/#primaryimage"},"thumbnailUrl":"https:\/\/www.gts-translation.com\/wp-content\/uploads\/2021\/10\/Chinese-Translation-Services.jpg","datePublished":"2022-03-10T07:18:41+00:00","dateModified":"2025-01-06T09:31:06+00:00","breadcrumb":{"@id":"https:\/\/www.gts-translation.com\/fr\/languages\/chinese-translation-services-translate-english-to-chinese\/#breadcrumb"},"inLanguage":"fr-FR","potentialAction":[{"@type":"ReadAction","target":["https:\/\/www.gts-translation.com\/fr\/languages\/chinese-translation-services-translate-english-to-chinese\/"]}]},{"@type":"ImageObject","inLanguage":"fr-FR","@id":"https:\/\/www.gts-translation.com\/fr\/languages\/chinese-translation-services-translate-english-to-chinese\/#primaryimage","url":"https:\/\/www.gts-translation.com\/wp-content\/uploads\/2021\/10\/Chinese-Translation-Services.jpg","contentUrl":"https:\/\/www.gts-translation.com\/wp-content\/uploads\/2021\/10\/Chinese-Translation-Services.jpg","width":814,"height":447,"caption":"Building in Beijing city in night time, Beijing, China, this photo can use for cityscape, chinese, urban, asia, city, and travel concept"},{"@type":"BreadcrumbList","@id":"https:\/\/www.gts-translation.com\/fr\/languages\/chinese-translation-services-translate-english-to-chinese\/#breadcrumb","itemListElement":[{"@type":"ListItem","position":1,"name":"Home","item":"https:\/\/www.gts-translation.com\/fr\/"},{"@type":"ListItem","position":2,"name":"Languages","item":"https:\/\/www.gts-translation.com\/fr\/languages\/"},{"@type":"ListItem","position":3,"name":"Services de traduction en chinois"}]},{"@type":"WebSite","@id":"https:\/\/www.gts-translation.com\/fr\/#website","url":"https:\/\/www.gts-translation.com\/fr\/","name":"GTS Translation Services","description":"Quality you can trust at prices you can&#039;t beat!","publisher":{"@id":"https:\/\/www.gts-translation.com\/fr\/#organization"},"potentialAction":[{"@type":"SearchAction","target":{"@type":"EntryPoint","urlTemplate":"https:\/\/www.gts-translation.com\/fr\/?s={search_term_string}"},"query-input":{"@type":"PropertyValueSpecification","valueRequired":true,"valueName":"search_term_string"}}],"inLanguage":"fr-FR"},{"@type":"Organization","@id":"https:\/\/www.gts-translation.com\/fr\/#organization","name":"GTS Translation Services","url":"https:\/\/www.gts-translation.com\/fr\/","logo":{"@type":"ImageObject","inLanguage":"fr-FR","@id":"https:\/\/www.gts-translation.com\/fr\/#\/schema\/logo\/image\/","url":"https:\/\/www.gts-translation.com\/wp-content\/uploads\/2023\/07\/gts-logo.png","contentUrl":"https:\/\/www.gts-translation.com\/wp-content\/uploads\/2023\/07\/gts-logo.png","width":234,"height":80,"caption":"GTS Translation Services"},"image":{"@id":"https:\/\/www.gts-translation.com\/fr\/#\/schema\/logo\/image\/"},"sameAs":["https:\/\/www.facebook.com\/GTS.Translation\/"]}]}},"_links":{"self":[{"href":"https:\/\/www.gts-translation.com\/fr\/wp-json\/wp\/v2\/pages\/51882","targetHints":{"allow":["GET"]}}],"collection":[{"href":"https:\/\/www.gts-translation.com\/fr\/wp-json\/wp\/v2\/pages"}],"about":[{"href":"https:\/\/www.gts-translation.com\/fr\/wp-json\/wp\/v2\/types\/page"}],"author":[{"embeddable":true,"href":"https:\/\/www.gts-translation.com\/fr\/wp-json\/wp\/v2\/users\/13965"}],"replies":[{"embeddable":true,"href":"https:\/\/www.gts-translation.com\/fr\/wp-json\/wp\/v2\/comments?post=51882"}],"version-history":[{"count":2,"href":"https:\/\/www.gts-translation.com\/fr\/wp-json\/wp\/v2\/pages\/51882\/revisions"}],"predecessor-version":[{"id":62495,"href":"https:\/\/www.gts-translation.com\/fr\/wp-json\/wp\/v2\/pages\/51882\/revisions\/62495"}],"up":[{"embeddable":true,"href":"https:\/\/www.gts-translation.com\/fr\/wp-json\/wp\/v2\/pages\/45023"}],"wp:featuredmedia":[{"embeddable":true,"href":"https:\/\/www.gts-translation.com\/fr\/wp-json\/wp\/v2\/media\/35031"}],"wp:attachment":[{"href":"https:\/\/www.gts-translation.com\/fr\/wp-json\/wp\/v2\/media?parent=51882"}],"curies":[{"name":"wp","href":"https:\/\/api.w.org\/{rel}","templated":true}]}}