{"id":51891,"date":"2022-03-10T07:39:15","date_gmt":"2022-03-10T07:39:15","guid":{"rendered":"https:\/\/www.gts-translation.com\/?page_id=51891"},"modified":"2025-01-06T09:42:05","modified_gmt":"2025-01-06T09:42:05","slug":"hebrew-translation-services","status":"publish","type":"page","link":"https:\/\/www.gts-translation.com\/fr\/languages\/hebrew-translation-services\/","title":{"rendered":"Services de traduction en h\u00e9breu"},"content":{"rendered":"\n<h1 class=\"wp-block-heading\" id=\"h-services-de-traduction-en-hebreu\">Services de traduction en h\u00e9breu<\/h1>\n\n\n\n<p>GTS dispose d&#8217;un centre de production en Isra\u00ebl que nous utilisons pour fournir \u00e0 nos clients uniquement\u00a0\u00a0<br><strong>des services de traduction en h\u00e9breu<\/strong>\u00a0de la meilleure qualit\u00e9 . Et nos prix sont imbattables. Obtenez d\u00e8s maintenant un devis de traduction en h\u00e9breu en ligne et d\u00e9couvrez nos tarifs avantageux.<\/p>\n\n\n<div class=\"wp-block-image\">\n<figure class=\"aligncenter\"><img decoding=\"async\" width=\"873\" height=\"197\" src=\"https:\/\/www.gts-translation.com\/wp-content\/uploads\/2020\/02\/mosko-review.png\" alt=\"\" class=\"wp-image-23822\" srcset=\"https:\/\/www.gts-translation.com\/wp-content\/uploads\/2020\/02\/mosko-review.png 873w, https:\/\/www.gts-translation.com\/wp-content\/uploads\/2020\/02\/mosko-review-300x68.png 300w, https:\/\/www.gts-translation.com\/wp-content\/uploads\/2020\/02\/mosko-review-768x173.png 768w\" sizes=\"(max-width: 873px) 100vw, 873px\" \/><\/figure>\n<\/div>\n\n<div class=\"wp-block-image\">\n<figure class=\"aligncenter\"><img decoding=\"async\" width=\"874\" height=\"171\" src=\"https:\/\/www.gts-translation.com\/wp-content\/uploads\/2020\/02\/briggs-review.png\" alt=\"Best Hebrew Translation\" class=\"wp-image-23816\" srcset=\"https:\/\/www.gts-translation.com\/wp-content\/uploads\/2020\/02\/briggs-review.png 874w, https:\/\/www.gts-translation.com\/wp-content\/uploads\/2020\/02\/briggs-review-300x59.png 300w, https:\/\/www.gts-translation.com\/wp-content\/uploads\/2020\/02\/briggs-review-768x150.png 768w\" sizes=\"(max-width: 874px) 100vw, 874px\" \/><\/figure>\n<\/div>\n\n<div class=\"wp-block-image\">\n<figure class=\"alignleft\"><img decoding=\"async\" width=\"245\" height=\"300\" src=\"https:\/\/www.gts-translation.com\/wp-content\/uploads\/2015\/05\/64665029_s-245x300.jpg\" alt=\"Hebrew Translation Services\" class=\"wp-image-11867\" srcset=\"https:\/\/www.gts-translation.com\/wp-content\/uploads\/2015\/05\/64665029_s-245x300.jpg 245w, https:\/\/www.gts-translation.com\/wp-content\/uploads\/2015\/05\/64665029_s.jpg 367w\" sizes=\"(max-width: 245px) 100vw, 245px\" \/><\/figure>\n<\/div>\n\n\n<p>Nous disposons de traducteurs experts en h\u00e9breu pour presque tous les types de travaux. Cela comprend<\/p>\n\n\n\n<ul class=\"wp-block-list\">\n<li>Traduction juridique en h\u00e9breu<\/li>\n\n\n\n<li>Traduction m\u00e9dicale en h\u00e9breu<\/li>\n\n\n\n<li>Traduction financi\u00e8re en h\u00e9breu<\/li>\n\n\n\n<li>Traduction technique en h\u00e9breu.<\/li>\n<\/ul>\n\n\n\n<p>Besoin de traduire un contrat de l&#8217;anglais vers l&#8217;h\u00e9breu ? Nous disposons de traducteurs professionnels en h\u00e9breu qui sont des avocats isra\u00e9liens agr\u00e9\u00e9s. Besoin de traduire un formulaire de consentement \u00e9clair\u00e9 ou un document d&#8217;essai clinique en h\u00e9breu ? Nous disposons de traducteurs m\u00e9dicaux professionnels en Isra\u00ebl qui sont experts dans ce domaine. Technique ? Financier ? Nous disposons de traducteurs natifs isra\u00e9liens pour tous vos besoins de traduction. Et nous disposons de traducteurs natifs anglais qui traduisent de l&#8217;h\u00e9breu vers l&#8217;anglais.<\/p>\n\n\n\n<p>Certaines des plus grandes organisations d&#8217;Isra\u00ebl travaillent avec nous. Il s&#8217;agit notamment de Teva Pharmaceuticals, Arkia Israeli Airlines, Israel Chemicals LTD (ICL), Vishay, certains des plus grands cabinets d&#8217;avocats d&#8217;Isra\u00ebl et divers minist\u00e8res et agences du gouvernement isra\u00e9lien.<\/p>\n\n\n\n<h3 class=\"wp-block-heading\" id=\"h-faits-sur-la-langue-hebraique\">Faits sur la langue h\u00e9bra\u00efque :<\/h3>\n\n\n\n<p><a href=\"https:\/\/translate.google.com\/website?sl=auto&amp;tl=fr&amp;hl=en&amp;client=webapp&amp;u=https:\/\/en.wikipedia.org\/wiki\/Hebrew_language\" target=\"_blank\" rel=\"noreferrer noopener\">L&#8217;h\u00e9breu&nbsp;<\/a>&nbsp;est parl\u00e9 par environ 7 millions de personnes dans l&#8217;\u00c9tat d&#8217;Isra\u00ebl. Langue de l&#8217;&nbsp;<a href=\"https:\/\/translate.google.com\/website?sl=auto&amp;tl=fr&amp;hl=en&amp;client=webapp&amp;u=https:\/\/old-testament101.com\/\">Ancien Testament de la Bible<\/a>&nbsp;, l&#8217;h\u00e9breu est l&#8217;une des plus anciennes langues du monde. Apr\u00e8s avoir \u00e9t\u00e9 pratiquement une langue morte pendant pr\u00e8s de 2 000 ans, l&#8217;h\u00e9breu a \u00e9t\u00e9 ressuscit\u00e9 il y a environ 150 ans par le mouvement sioniste et a continu\u00e9 \u00e0 prosp\u00e9rer avec la cr\u00e9ation de l&#8217;\u00c9tat d&#8217;Isra\u00ebl en 1948.<\/p>\n\n\n\n<p>L&#8217;h\u00e9breu est une langue qui s&#8217;\u00e9crit de droite \u00e0 gauche (RTL), ce qui signifie qu&#8217;elle s&#8217;\u00e9crit de droite \u00e0 gauche, contrairement \u00e0 l&#8217;anglais, au fran\u00e7ais, \u00e0 l&#8217;espagnol et au chinois qui s&#8217;\u00e9crivent de gauche \u00e0 droite (LTR). Ce fait pose certains d\u00e9fis dans les projets de localisation de logiciels et de sites Web.<\/p>\n\n\n\n<p>L&#8217;h\u00e9breu est une langue tr\u00e8s concise : attendez-vous \u00e0 une expansion du texte d&#8217;environ 50 % lors de la traduction de l&#8217;h\u00e9breu vers l&#8217;anglais.<\/p>\n\n\n\n<p>Lorsque vous commandez une traduction de document en h\u00e9breu, demandez \u00e0 votre fournisseur de vous fournir la traduction au format PDF. Les polices et le texte h\u00e9breux peuvent s&#8217;afficher diff\u00e9remment selon les ordinateurs et les versions de syst\u00e8me d&#8217;exploitation et peuvent \u00eatre g\u00e2ch\u00e9s lorsqu&#8217;ils sont envoy\u00e9s par voie \u00e9lectronique (par e-mail, par exemple).<\/p>\n\n\n\n<p><a href=\"https:\/\/www.gts-translation.com\/languages\/hebrew\/hebrew-translation-useful-online-resources\/\" target=\"_blank\" rel=\"noreferrer noopener\">Hebrew Translation &#8211; Useful Online Resources<\/a><br><a href=\"https:\/\/www.gts-translation.com\/languages\/hebrew\/translation-of-standard-texts-in-hebrew-informed-consent-forms\/\">Translation of Standard Texts in Hebrew Informed Consent Forms<br><\/a><a href=\"https:\/\/www.gts-translation.com\/ketubah-translation-services\/\">Ketubah Translation Services<\/a><br><a href=\"https:\/\/blog.gts-translation.com\/2021\/06\/10\/10-hebrew-words-that-have-no-english-translation\/\">10 Hebrew Words that have no English translation<\/a><\/p>\n","protected":false},"excerpt":{"rendered":"<p>Services de traduction en h\u00e9breu GTS dispose d&#8217;un centre de production en Isra\u00ebl que nous utilisons pour fournir \u00e0 nos clients uniquement\u00a0\u00a0des services de traduction en h\u00e9breu\u00a0de la meilleure qualit\u00e9 . Et nos prix sont imbattables. Obtenez d\u00e8s maintenant un devis de traduction en h\u00e9breu en ligne et d\u00e9couvrez nos tarifs avantageux. Nous disposons de &#8230; <a title=\"Services de traduction en h\u00e9breu\" class=\"read-more\" href=\"https:\/\/www.gts-translation.com\/fr\/languages\/hebrew-translation-services\/\" aria-label=\"En savoir plus sur Services de traduction en h\u00e9breu\">Lire la suite<\/a><\/p>\n","protected":false},"author":13965,"featured_media":35148,"parent":45023,"menu_order":0,"comment_status":"open","ping_status":"closed","template":"templates\/landing-page.php","meta":{"_acf_changed":false,"inline_featured_image":false,"_monsterinsights_skip_tracking":false,"_monsterinsights_sitenote_active":false,"_monsterinsights_sitenote_note":"","_monsterinsights_sitenote_category":0,"footnotes":""},"class_list":["post-51891","page","type-page","status-publish","has-post-thumbnail"],"acf":[],"yoast_head":"<!-- This site is optimized with the Yoast SEO Premium plugin v24.2 (Yoast SEO v27.4) - https:\/\/yoast.com\/product\/yoast-seo-premium-wordpress\/ -->\n<title>Services de traduction en h\u00e9breu<\/title>\n<meta name=\"robots\" content=\"index, follow, max-snippet:-1, max-image-preview:large, max-video-preview:-1\" \/>\n<link rel=\"canonical\" href=\"https:\/\/www.gts-translation.com\/fr\/languages\/hebrew-translation-services\/\" \/>\n<meta property=\"og:locale\" content=\"fr_FR\" \/>\n<meta property=\"og:type\" content=\"article\" \/>\n<meta property=\"og:title\" content=\"Services de traduction en h\u00e9breu\" \/>\n<meta property=\"og:description\" content=\"Services de traduction en h\u00e9breu GTS dispose d&#8217;un centre de production en Isra\u00ebl que nous utilisons pour fournir \u00e0 nos clients uniquement\u00a0\u00a0des services de traduction en h\u00e9breu\u00a0de la meilleure qualit\u00e9 . Et nos prix sont imbattables. Obtenez d\u00e8s maintenant un devis de traduction en h\u00e9breu en ligne et d\u00e9couvrez nos tarifs avantageux. Nous disposons de ... Lire la suite\" \/>\n<meta property=\"og:url\" content=\"https:\/\/www.gts-translation.com\/fr\/languages\/hebrew-translation-services\/\" \/>\n<meta property=\"og:site_name\" content=\"GTS Translation Services\" \/>\n<meta property=\"article:publisher\" content=\"https:\/\/www.facebook.com\/GTS.Translation\/\" \/>\n<meta property=\"article:modified_time\" content=\"2025-01-06T09:42:05+00:00\" \/>\n<meta property=\"og:image\" content=\"https:\/\/www.gts-translation.com\/wp-content\/uploads\/2021\/10\/Hebrew-translation-services-1.jpg\" \/>\n\t<meta property=\"og:image:width\" content=\"840\" \/>\n\t<meta property=\"og:image:height\" content=\"382\" \/>\n\t<meta property=\"og:image:type\" content=\"image\/jpeg\" \/>\n<meta name=\"twitter:card\" content=\"summary_large_image\" \/>\n<meta name=\"twitter:label1\" content=\"Dur\u00e9e de lecture estim\u00e9e\" \/>\n\t<meta name=\"twitter:data1\" content=\"3 minutes\" \/>\n<script type=\"application\/ld+json\" class=\"yoast-schema-graph\">{\"@context\":\"https:\\\/\\\/schema.org\",\"@graph\":[{\"@type\":\"WebPage\",\"@id\":\"https:\\\/\\\/www.gts-translation.com\\\/fr\\\/languages\\\/hebrew-translation-services\\\/\",\"url\":\"https:\\\/\\\/www.gts-translation.com\\\/fr\\\/languages\\\/hebrew-translation-services\\\/\",\"name\":\"Services de traduction en h\u00e9breu\",\"isPartOf\":{\"@id\":\"https:\\\/\\\/www.gts-translation.com\\\/fr\\\/#website\"},\"primaryImageOfPage\":{\"@id\":\"https:\\\/\\\/www.gts-translation.com\\\/fr\\\/languages\\\/hebrew-translation-services\\\/#primaryimage\"},\"image\":{\"@id\":\"https:\\\/\\\/www.gts-translation.com\\\/fr\\\/languages\\\/hebrew-translation-services\\\/#primaryimage\"},\"thumbnailUrl\":\"https:\\\/\\\/www.gts-translation.com\\\/wp-content\\\/uploads\\\/2021\\\/10\\\/Hebrew-translation-services-1.jpg\",\"datePublished\":\"2022-03-10T07:39:15+00:00\",\"dateModified\":\"2025-01-06T09:42:05+00:00\",\"breadcrumb\":{\"@id\":\"https:\\\/\\\/www.gts-translation.com\\\/fr\\\/languages\\\/hebrew-translation-services\\\/#breadcrumb\"},\"inLanguage\":\"fr-FR\",\"potentialAction\":[{\"@type\":\"ReadAction\",\"target\":[\"https:\\\/\\\/www.gts-translation.com\\\/fr\\\/languages\\\/hebrew-translation-services\\\/\"]}]},{\"@type\":\"ImageObject\",\"inLanguage\":\"fr-FR\",\"@id\":\"https:\\\/\\\/www.gts-translation.com\\\/fr\\\/languages\\\/hebrew-translation-services\\\/#primaryimage\",\"url\":\"https:\\\/\\\/www.gts-translation.com\\\/wp-content\\\/uploads\\\/2021\\\/10\\\/Hebrew-translation-services-1.jpg\",\"contentUrl\":\"https:\\\/\\\/www.gts-translation.com\\\/wp-content\\\/uploads\\\/2021\\\/10\\\/Hebrew-translation-services-1.jpg\",\"width\":840,\"height\":382,\"caption\":\"Jerusalem. Cityscape image of Jerusalem, Israel with Dome of the Rock and Western Wall at sunset.\"},{\"@type\":\"BreadcrumbList\",\"@id\":\"https:\\\/\\\/www.gts-translation.com\\\/fr\\\/languages\\\/hebrew-translation-services\\\/#breadcrumb\",\"itemListElement\":[{\"@type\":\"ListItem\",\"position\":1,\"name\":\"Home\",\"item\":\"https:\\\/\\\/www.gts-translation.com\\\/fr\\\/\"},{\"@type\":\"ListItem\",\"position\":2,\"name\":\"Languages\",\"item\":\"https:\\\/\\\/www.gts-translation.com\\\/fr\\\/languages\\\/\"},{\"@type\":\"ListItem\",\"position\":3,\"name\":\"Services de traduction en h\u00e9breu\"}]},{\"@type\":\"WebSite\",\"@id\":\"https:\\\/\\\/www.gts-translation.com\\\/fr\\\/#website\",\"url\":\"https:\\\/\\\/www.gts-translation.com\\\/fr\\\/\",\"name\":\"GTS Translation Services\",\"description\":\"Quality you can trust at prices you can&#039;t beat!\",\"publisher\":{\"@id\":\"https:\\\/\\\/www.gts-translation.com\\\/fr\\\/#organization\"},\"potentialAction\":[{\"@type\":\"SearchAction\",\"target\":{\"@type\":\"EntryPoint\",\"urlTemplate\":\"https:\\\/\\\/www.gts-translation.com\\\/fr\\\/?s={search_term_string}\"},\"query-input\":{\"@type\":\"PropertyValueSpecification\",\"valueRequired\":true,\"valueName\":\"search_term_string\"}}],\"inLanguage\":\"fr-FR\"},{\"@type\":\"Organization\",\"@id\":\"https:\\\/\\\/www.gts-translation.com\\\/fr\\\/#organization\",\"name\":\"GTS Translation Services\",\"url\":\"https:\\\/\\\/www.gts-translation.com\\\/fr\\\/\",\"logo\":{\"@type\":\"ImageObject\",\"inLanguage\":\"fr-FR\",\"@id\":\"https:\\\/\\\/www.gts-translation.com\\\/fr\\\/#\\\/schema\\\/logo\\\/image\\\/\",\"url\":\"https:\\\/\\\/www.gts-translation.com\\\/wp-content\\\/uploads\\\/2023\\\/07\\\/gts-logo.png\",\"contentUrl\":\"https:\\\/\\\/www.gts-translation.com\\\/wp-content\\\/uploads\\\/2023\\\/07\\\/gts-logo.png\",\"width\":234,\"height\":80,\"caption\":\"GTS Translation Services\"},\"image\":{\"@id\":\"https:\\\/\\\/www.gts-translation.com\\\/fr\\\/#\\\/schema\\\/logo\\\/image\\\/\"},\"sameAs\":[\"https:\\\/\\\/www.facebook.com\\\/GTS.Translation\\\/\"]}]}<\/script>\n<!-- \/ Yoast SEO Premium plugin. -->","yoast_head_json":{"title":"Services de traduction en h\u00e9breu","robots":{"index":"index","follow":"follow","max-snippet":"max-snippet:-1","max-image-preview":"max-image-preview:large","max-video-preview":"max-video-preview:-1"},"canonical":"https:\/\/www.gts-translation.com\/fr\/languages\/hebrew-translation-services\/","og_locale":"fr_FR","og_type":"article","og_title":"Services de traduction en h\u00e9breu","og_description":"Services de traduction en h\u00e9breu GTS dispose d&#8217;un centre de production en Isra\u00ebl que nous utilisons pour fournir \u00e0 nos clients uniquement\u00a0\u00a0des services de traduction en h\u00e9breu\u00a0de la meilleure qualit\u00e9 . Et nos prix sont imbattables. Obtenez d\u00e8s maintenant un devis de traduction en h\u00e9breu en ligne et d\u00e9couvrez nos tarifs avantageux. Nous disposons de ... Lire la suite","og_url":"https:\/\/www.gts-translation.com\/fr\/languages\/hebrew-translation-services\/","og_site_name":"GTS Translation Services","article_publisher":"https:\/\/www.facebook.com\/GTS.Translation\/","article_modified_time":"2025-01-06T09:42:05+00:00","og_image":[{"width":840,"height":382,"url":"https:\/\/www.gts-translation.com\/wp-content\/uploads\/2021\/10\/Hebrew-translation-services-1.jpg","type":"image\/jpeg"}],"twitter_card":"summary_large_image","twitter_misc":{"Dur\u00e9e de lecture estim\u00e9e":"3 minutes"},"schema":{"@context":"https:\/\/schema.org","@graph":[{"@type":"WebPage","@id":"https:\/\/www.gts-translation.com\/fr\/languages\/hebrew-translation-services\/","url":"https:\/\/www.gts-translation.com\/fr\/languages\/hebrew-translation-services\/","name":"Services de traduction en h\u00e9breu","isPartOf":{"@id":"https:\/\/www.gts-translation.com\/fr\/#website"},"primaryImageOfPage":{"@id":"https:\/\/www.gts-translation.com\/fr\/languages\/hebrew-translation-services\/#primaryimage"},"image":{"@id":"https:\/\/www.gts-translation.com\/fr\/languages\/hebrew-translation-services\/#primaryimage"},"thumbnailUrl":"https:\/\/www.gts-translation.com\/wp-content\/uploads\/2021\/10\/Hebrew-translation-services-1.jpg","datePublished":"2022-03-10T07:39:15+00:00","dateModified":"2025-01-06T09:42:05+00:00","breadcrumb":{"@id":"https:\/\/www.gts-translation.com\/fr\/languages\/hebrew-translation-services\/#breadcrumb"},"inLanguage":"fr-FR","potentialAction":[{"@type":"ReadAction","target":["https:\/\/www.gts-translation.com\/fr\/languages\/hebrew-translation-services\/"]}]},{"@type":"ImageObject","inLanguage":"fr-FR","@id":"https:\/\/www.gts-translation.com\/fr\/languages\/hebrew-translation-services\/#primaryimage","url":"https:\/\/www.gts-translation.com\/wp-content\/uploads\/2021\/10\/Hebrew-translation-services-1.jpg","contentUrl":"https:\/\/www.gts-translation.com\/wp-content\/uploads\/2021\/10\/Hebrew-translation-services-1.jpg","width":840,"height":382,"caption":"Jerusalem. Cityscape image of Jerusalem, Israel with Dome of the Rock and Western Wall at sunset."},{"@type":"BreadcrumbList","@id":"https:\/\/www.gts-translation.com\/fr\/languages\/hebrew-translation-services\/#breadcrumb","itemListElement":[{"@type":"ListItem","position":1,"name":"Home","item":"https:\/\/www.gts-translation.com\/fr\/"},{"@type":"ListItem","position":2,"name":"Languages","item":"https:\/\/www.gts-translation.com\/fr\/languages\/"},{"@type":"ListItem","position":3,"name":"Services de traduction en h\u00e9breu"}]},{"@type":"WebSite","@id":"https:\/\/www.gts-translation.com\/fr\/#website","url":"https:\/\/www.gts-translation.com\/fr\/","name":"GTS Translation Services","description":"Quality you can trust at prices you can&#039;t beat!","publisher":{"@id":"https:\/\/www.gts-translation.com\/fr\/#organization"},"potentialAction":[{"@type":"SearchAction","target":{"@type":"EntryPoint","urlTemplate":"https:\/\/www.gts-translation.com\/fr\/?s={search_term_string}"},"query-input":{"@type":"PropertyValueSpecification","valueRequired":true,"valueName":"search_term_string"}}],"inLanguage":"fr-FR"},{"@type":"Organization","@id":"https:\/\/www.gts-translation.com\/fr\/#organization","name":"GTS Translation Services","url":"https:\/\/www.gts-translation.com\/fr\/","logo":{"@type":"ImageObject","inLanguage":"fr-FR","@id":"https:\/\/www.gts-translation.com\/fr\/#\/schema\/logo\/image\/","url":"https:\/\/www.gts-translation.com\/wp-content\/uploads\/2023\/07\/gts-logo.png","contentUrl":"https:\/\/www.gts-translation.com\/wp-content\/uploads\/2023\/07\/gts-logo.png","width":234,"height":80,"caption":"GTS Translation Services"},"image":{"@id":"https:\/\/www.gts-translation.com\/fr\/#\/schema\/logo\/image\/"},"sameAs":["https:\/\/www.facebook.com\/GTS.Translation\/"]}]}},"_links":{"self":[{"href":"https:\/\/www.gts-translation.com\/fr\/wp-json\/wp\/v2\/pages\/51891","targetHints":{"allow":["GET"]}}],"collection":[{"href":"https:\/\/www.gts-translation.com\/fr\/wp-json\/wp\/v2\/pages"}],"about":[{"href":"https:\/\/www.gts-translation.com\/fr\/wp-json\/wp\/v2\/types\/page"}],"author":[{"embeddable":true,"href":"https:\/\/www.gts-translation.com\/fr\/wp-json\/wp\/v2\/users\/13965"}],"replies":[{"embeddable":true,"href":"https:\/\/www.gts-translation.com\/fr\/wp-json\/wp\/v2\/comments?post=51891"}],"version-history":[{"count":2,"href":"https:\/\/www.gts-translation.com\/fr\/wp-json\/wp\/v2\/pages\/51891\/revisions"}],"predecessor-version":[{"id":62497,"href":"https:\/\/www.gts-translation.com\/fr\/wp-json\/wp\/v2\/pages\/51891\/revisions\/62497"}],"up":[{"embeddable":true,"href":"https:\/\/www.gts-translation.com\/fr\/wp-json\/wp\/v2\/pages\/45023"}],"wp:featuredmedia":[{"embeddable":true,"href":"https:\/\/www.gts-translation.com\/fr\/wp-json\/wp\/v2\/media\/35148"}],"wp:attachment":[{"href":"https:\/\/www.gts-translation.com\/fr\/wp-json\/wp\/v2\/media?parent=51891"}],"curies":[{"name":"wp","href":"https:\/\/api.w.org\/{rel}","templated":true}]}}