{"id":51915,"date":"2022-03-10T08:05:37","date_gmt":"2022-03-10T08:05:37","guid":{"rendered":"https:\/\/www.gts-translation.com\/?page_id=51915"},"modified":"2022-05-03T14:31:05","modified_gmt":"2022-05-03T14:31:05","slug":"german-translation-services","status":"publish","type":"page","link":"https:\/\/www.gts-translation.com\/fr\/languages\/german-translation-services\/","title":{"rendered":"Services de traduction en allemand"},"content":{"rendered":"\r\n<h1 class=\"wp-block-heading\">Services de traduction en allemand<\/h1>\r\n\r\n\r\n\r\n<p>GTS est une agence de traduction qui propose des services de traduction professionnelle de haute qualit\u00e9 en allemand gr\u00e2ce \u00e0 une \u00e9quipe exp\u00e9riment\u00e9e de traducteurs de langue maternelle allemande.<\/p>\r\n\r\n\r\n\r\n<div class=\"wp-block-image\">\r\n<figure class=\"aligncenter\"><img decoding=\"async\" width=\"893\" height=\"182\" class=\"wp-image-23762\" src=\"https:\/\/www.gts-translation.com\/wp-content\/uploads\/2020\/02\/Ammy-DE-review.png\" alt=\"English German translation agency\" srcset=\"https:\/\/www.gts-translation.com\/wp-content\/uploads\/2020\/02\/Ammy-DE-review.png 893w, https:\/\/www.gts-translation.com\/wp-content\/uploads\/2020\/02\/Ammy-DE-review-300x61.png 300w, https:\/\/www.gts-translation.com\/wp-content\/uploads\/2020\/02\/Ammy-DE-review-768x157.png 768w\" sizes=\"(max-width: 893px) 100vw, 893px\" \/><\/figure>\r\n<\/div>\r\n\r\n\r\n\r\n<div class=\"wp-block-image\">\r\n<figure class=\"alignleft\"><a href=\"https:\/\/www.gts-translation.com\/wp-content\/uploads\/2018\/03\/German-Translation-Services.jpg\"><img decoding=\"async\" class=\"wp-image-12456\" src=\"https:\/\/www.gts-translation.com\/wp-content\/uploads\/2018\/03\/German-Translation-Services-300x200.jpg\" alt=\"German Translation Services\" width=\"441\" height=\"294\" srcset=\"https:\/\/www.gts-translation.com\/wp-content\/uploads\/2018\/03\/German-Translation-Services-300x200.jpg 300w, https:\/\/www.gts-translation.com\/wp-content\/uploads\/2018\/03\/German-Translation-Services.jpg 450w\" sizes=\"(max-width: 441px) 100vw, 441px\" \/><\/a>\r\n<figcaption>\r\n<p>Depuis plus de 20 ans, GTS est un fournisseur de confiance de services de traduction en allemand pour les grandes entreprises.<\/p>\r\n<\/figcaption>\r\n<\/figure>\r\n<\/div>\r\n\r\n\r\n\r\n<p>Nous proposons des services de traduction de l\u2019allemand vers le fran\u00e7ais et vice versa dans de nombreux domaines, notamment technique, m\u00e9dical, juridique, brevets et documents de propri\u00e9t\u00e9 intellectuelle, logiciels, ing\u00e9nierie et finances. Nous avons fait nos preuves en mati\u00e8re de services de traduction en allemand\u00a0: nous comptons parmi nos clients certaines des plus grandes entreprises allemandes telles que Siemens, Infineon, SAP et Deutsche Telecom.<\/p>\r\n<p>&nbsp;<\/p>\r\n\r\n\r\n\r\n<h2 class=\"wp-block-heading\">Livraison urgente de traductions en allemand<\/h2>\r\n\r\n\r\n\r\n<p>Si vous avez besoin d\u2019une livraison urgente de documents allemands, notre \u00e9quipe peut s\u2019en charger et vous les livrer dans les d\u00e9lais. Nos tarifs sont comp\u00e9titifs. Cliquez ici pour obtenir un devis gratuit de traduction. Cliquez ici pour obtenir des informations g\u00e9n\u00e9rales sur les tarifs des services de traduction en allemand.<\/p>\r\n\r\n\r\n\r\n<h2 class=\"wp-block-heading\">Traduction gratuite et professionnelle de sites Web en allemand<\/h2>\r\n\r\n\r\n\r\n<p>Vous pouvez utiliser notre traducteur de sites Web GTS pour traduire gratuitement des pages Web en allemand, espagnol, fran\u00e7ais et italien. Vous pouvez \u00e9galement obtenir des devis en ligne 24h\/24 et 7j\/7 pour la traduction professionnelle de sites Web en allemand. Nous proposons des services de traduction professionnelle de sites Web de haute qualit\u00e9 \u00e0 des tarifs tr\u00e8s comp\u00e9titifs.<\/p>\r\n<p>Si votre site Web ou votre blog fonctionne avec le CMS WordPress, vous pouvez installer notre plug-in WordPress GTS pour la traduction automatique de votre site Web dans plus de 30\u00a0langues.<\/p>\r\n\r\n\r\n\r\n<h2 class=\"wp-block-heading\">Traduction certifi\u00e9e en allemand<\/h2>\r\n\r\n\r\n\r\n<p>GTS est une agence de traduction certifi\u00e9e\u00a0: notre syst\u00e8me de gestion de la qualit\u00e9 a \u00e9t\u00e9 audit\u00e9 par un organisme de certification agr\u00e9\u00e9 et certifi\u00e9 conforme aux normes ISO 17100:2015 et ISO 9001:2008. GTS propose des services de traduction certifi\u00e9e en allemand pour les documents m\u00e9dicaux, techniques et juridiques.<\/p>\r\n<h3>Dictionnaires de traduction allemands et m\u00e9moires de traduction<\/h3>\r\n<p>Forts d\u2019un corpus de millions de mots traduits de l\u2019anglais vers l\u2019allemand et vice versa, nous disposons de vastes biblioth\u00e8ques de terminologie allemande dans de nombreux domaines. Gr\u00e2ce \u00e0 l\u2019utilisation de logiciels de m\u00e9moire de traduction, nous garantissons le plus haut niveau de qualit\u00e9, de coh\u00e9rence et de rentabilit\u00e9.<\/p>\r\n<p>Si vous cherchez un bon dictionnaire anglais-allemand en ligne, nous vous recommandons LEO. Bab.la est une autre excellente ressource en ligne pour les traducteurs. Elle fournit des exemples de traductions anglais-allemand provenant d\u2019autres sites Web du monde entier.<\/p>\r\n\r\n\r\n\r\n<h2 class=\"wp-block-heading\">Services de traduction de documents en allemand<\/h2>\r\n<p>GTS propose des services de traduction de haute qualit\u00e9 de documents en allemand gr\u00e2ce \u00e0 une \u00e9quipe exp\u00e9riment\u00e9e de traducteurs de langue maternelle allemande. Nous comptons des traducteurs agr\u00e9\u00e9s en Allemagne, en Autriche et en Suisse, afin de garantir que vos documents allemands sont livr\u00e9s dans la variante linguistique exig\u00e9e par le public cible. Nombre de nos traducteurs allemands sont agr\u00e9\u00e9s par l\u2019\u00c9tat ou asserment\u00e9s (<em>Staatlich gepr\u00fcfte \u00dcbersetzerin<\/em>) ou titulaires d\u2019un master officiel en traduction (<em>Diplom-\u00dcbersetzerin<\/em>).<\/p>\r\n<h2>Services de traduction m\u00e9dicale en allemand<\/h2>\r\n<p>GTS propose une large gamme de services de traduction m\u00e9dicale allemande certifi\u00e9e de haute qualit\u00e9 \u00e0 des clients du monde entier. Ces services comprennent\u00a0:<\/p>\r\n<ul>\r\n<li>La traduction m\u00e9dicale en allemand de dispositifs m\u00e9dicaux, notamment les modes d\u2019emploi et les manuels d\u2019utilisation.<\/li>\r\n<li>Localisation de logiciels et de dispositifs m\u00e9dicaux en allemand.<\/li>\r\n<li>Traduction m\u00e9dicale en allemand de documents relatifs aux essais cliniques, tels que les consentements \u00e9clair\u00e9s, les protocoles cliniques, les contrats d\u2019\u00e9tudes cliniques, les CRF, les dossiers de patients, les \u00e9tiquettes et les notices de m\u00e9dicaments.<\/li>\r\n<li>Traduction m\u00e9dicale en allemand de brochures m\u00e9dicales et de contenu Web<\/li>\r\n<li>Traduction m\u00e9dicale en allemand de brevets m\u00e9dicaux et pharmaceutiques<\/li>\r\n<\/ul>\r\n<h2>Services de traduction technique en allemand<\/h2>\r\n<p>GTS poss\u00e8de une vaste exp\u00e9rience en mati\u00e8re de services de traduction technique de l\u2019allemand vers plus de 50\u00a0autres langues et vice versa. Nous proposons des traductions techniques de haute qualit\u00e9 en allemand de\u00a0:<\/p>\r\n<ul>\r\n<li>Manuels et guides d\u2019utilisation<\/li>\r\n<li><a href=\"https:\/\/fr.wikipedia.org\/wiki\/Appel_d%27offres\">RFP<\/a>\u00a0et\u00a0<a href=\"https:\/\/fr.wikipedia.org\/wiki\/Request_for_quotation\">RFQ<\/a>, appels d\u2019offres et propositions<\/li>\r\n<li>Documents de manutention, FDS<\/li>\r\n<li>Documents d\u2019ing\u00e9nierie, dessins techniques<\/li>\r\n<li>Fiches techniques et contenu Web<\/li>\r\n<li>Produits logiciels<\/li>\r\n<li>Pages web et traduction de sites Internet<\/li>\r\n<\/ul>\r\n<h2>Services de traduction juridique en allemand<\/h2>\r\n<p>GTS propose une large gamme de services de traduction juridique de haute qualit\u00e9 en allemand \u00e0 des clients du monde entier. Ces services comprennent la traduction juridique en allemand de contrats, de documents judiciaires, de proc\u00e8s, de brevets et de documents de propri\u00e9t\u00e9 intellectuelle. Nous proposons \u00e9galement la traduction asserment\u00e9e de documents juridiques en allemand pouvant \u00eatre utilis\u00e9s devant les tribunaux allemands.<\/p>\r\n","protected":false},"excerpt":{"rendered":"<p>Services de traduction en allemand GTS est une agence de traduction qui propose des services de traduction professionnelle de haute qualit\u00e9 en allemand gr\u00e2ce \u00e0 une \u00e9quipe exp\u00e9riment\u00e9e de traducteurs de langue maternelle allemande. Nous proposons des services de traduction de l\u2019allemand vers le fran\u00e7ais et vice versa dans de nombreux domaines, notamment technique, m\u00e9dical, &#8230; <a title=\"Services de traduction en allemand\" class=\"read-more\" href=\"https:\/\/www.gts-translation.com\/fr\/languages\/german-translation-services\/\" aria-label=\"En savoir plus sur Services de traduction en allemand\">Lire la suite<\/a><\/p>\n","protected":false},"author":13965,"featured_media":34720,"parent":45023,"menu_order":0,"comment_status":"closed","ping_status":"closed","template":"templates\/landing-page.php","meta":{"_acf_changed":false,"inline_featured_image":false,"_monsterinsights_skip_tracking":false,"_monsterinsights_sitenote_active":false,"_monsterinsights_sitenote_note":"","_monsterinsights_sitenote_category":0,"footnotes":""},"class_list":["post-51915","page","type-page","status-publish","has-post-thumbnail"],"acf":[],"yoast_head":"<!-- This site is optimized with the Yoast SEO Premium plugin v24.2 (Yoast SEO v27.4) - https:\/\/yoast.com\/product\/yoast-seo-premium-wordpress\/ -->\n<title>Services de traduction en allemand | Traduction allemand-fran\u00e7ais<\/title>\n<meta name=\"description\" content=\"GTS est une agence de traduction qui propose des services de traduction professionnelle de haute qualit\u00e9 en allemand.\" \/>\n<meta name=\"robots\" content=\"index, follow, max-snippet:-1, max-image-preview:large, max-video-preview:-1\" \/>\n<link rel=\"canonical\" href=\"https:\/\/www.gts-translation.com\/fr\/languages\/german-translation-services\/\" \/>\n<meta property=\"og:locale\" content=\"fr_FR\" \/>\n<meta property=\"og:type\" content=\"article\" \/>\n<meta property=\"og:title\" content=\"Services de traduction en allemand\" \/>\n<meta property=\"og:description\" content=\"GTS est une agence de traduction qui propose des services de traduction professionnelle de haute qualit\u00e9 en allemand.\" \/>\n<meta property=\"og:url\" content=\"https:\/\/www.gts-translation.com\/fr\/languages\/german-translation-services\/\" \/>\n<meta property=\"og:site_name\" content=\"GTS Translation Services\" \/>\n<meta property=\"article:publisher\" content=\"https:\/\/www.facebook.com\/GTS.Translation\/\" \/>\n<meta property=\"article:modified_time\" content=\"2022-05-03T14:31:05+00:00\" \/>\n<meta property=\"og:image\" content=\"https:\/\/www.gts-translation.com\/wp-content\/uploads\/2021\/10\/German-translation-services-1-1.jpg\" \/>\n\t<meta property=\"og:image:width\" content=\"1257\" \/>\n\t<meta property=\"og:image:height\" content=\"585\" \/>\n\t<meta property=\"og:image:type\" content=\"image\/jpeg\" \/>\n<meta name=\"twitter:card\" content=\"summary_large_image\" \/>\n<meta name=\"twitter:label1\" content=\"Dur\u00e9e de lecture estim\u00e9e\" \/>\n\t<meta name=\"twitter:data1\" content=\"3 minutes\" \/>\n<script type=\"application\/ld+json\" class=\"yoast-schema-graph\">{\"@context\":\"https:\\\/\\\/schema.org\",\"@graph\":[{\"@type\":\"WebPage\",\"@id\":\"https:\\\/\\\/www.gts-translation.com\\\/fr\\\/languages\\\/german-translation-services\\\/\",\"url\":\"https:\\\/\\\/www.gts-translation.com\\\/fr\\\/languages\\\/german-translation-services\\\/\",\"name\":\"Services de traduction en allemand | Traduction allemand-fran\u00e7ais\",\"isPartOf\":{\"@id\":\"https:\\\/\\\/www.gts-translation.com\\\/fr\\\/#website\"},\"primaryImageOfPage\":{\"@id\":\"https:\\\/\\\/www.gts-translation.com\\\/fr\\\/languages\\\/german-translation-services\\\/#primaryimage\"},\"image\":{\"@id\":\"https:\\\/\\\/www.gts-translation.com\\\/fr\\\/languages\\\/german-translation-services\\\/#primaryimage\"},\"thumbnailUrl\":\"https:\\\/\\\/www.gts-translation.com\\\/wp-content\\\/uploads\\\/2021\\\/10\\\/German-translation-services-1-1.jpg\",\"datePublished\":\"2022-03-10T08:05:37+00:00\",\"dateModified\":\"2022-05-03T14:31:05+00:00\",\"description\":\"GTS est une agence de traduction qui propose des services de traduction professionnelle de haute qualit\u00e9 en allemand.\",\"breadcrumb\":{\"@id\":\"https:\\\/\\\/www.gts-translation.com\\\/fr\\\/languages\\\/german-translation-services\\\/#breadcrumb\"},\"inLanguage\":\"fr-FR\",\"potentialAction\":[{\"@type\":\"ReadAction\",\"target\":[\"https:\\\/\\\/www.gts-translation.com\\\/fr\\\/languages\\\/german-translation-services\\\/\"]}]},{\"@type\":\"ImageObject\",\"inLanguage\":\"fr-FR\",\"@id\":\"https:\\\/\\\/www.gts-translation.com\\\/fr\\\/languages\\\/german-translation-services\\\/#primaryimage\",\"url\":\"https:\\\/\\\/www.gts-translation.com\\\/wp-content\\\/uploads\\\/2021\\\/10\\\/German-translation-services-1-1.jpg\",\"contentUrl\":\"https:\\\/\\\/www.gts-translation.com\\\/wp-content\\\/uploads\\\/2021\\\/10\\\/German-translation-services-1-1.jpg\",\"width\":1257,\"height\":585,\"caption\":\"Aerial view of Berlin skyline with famous TV tower and Spree river in beautiful evening light at sunset, Germany\"},{\"@type\":\"BreadcrumbList\",\"@id\":\"https:\\\/\\\/www.gts-translation.com\\\/fr\\\/languages\\\/german-translation-services\\\/#breadcrumb\",\"itemListElement\":[{\"@type\":\"ListItem\",\"position\":1,\"name\":\"Home\",\"item\":\"https:\\\/\\\/www.gts-translation.com\\\/fr\\\/\"},{\"@type\":\"ListItem\",\"position\":2,\"name\":\"Languages\",\"item\":\"https:\\\/\\\/www.gts-translation.com\\\/fr\\\/languages\\\/\"},{\"@type\":\"ListItem\",\"position\":3,\"name\":\"Services de traduction en allemand\"}]},{\"@type\":\"WebSite\",\"@id\":\"https:\\\/\\\/www.gts-translation.com\\\/fr\\\/#website\",\"url\":\"https:\\\/\\\/www.gts-translation.com\\\/fr\\\/\",\"name\":\"GTS Translation Services\",\"description\":\"Quality you can trust at prices you can&#039;t beat!\",\"publisher\":{\"@id\":\"https:\\\/\\\/www.gts-translation.com\\\/fr\\\/#organization\"},\"potentialAction\":[{\"@type\":\"SearchAction\",\"target\":{\"@type\":\"EntryPoint\",\"urlTemplate\":\"https:\\\/\\\/www.gts-translation.com\\\/fr\\\/?s={search_term_string}\"},\"query-input\":{\"@type\":\"PropertyValueSpecification\",\"valueRequired\":true,\"valueName\":\"search_term_string\"}}],\"inLanguage\":\"fr-FR\"},{\"@type\":\"Organization\",\"@id\":\"https:\\\/\\\/www.gts-translation.com\\\/fr\\\/#organization\",\"name\":\"GTS Translation Services\",\"url\":\"https:\\\/\\\/www.gts-translation.com\\\/fr\\\/\",\"logo\":{\"@type\":\"ImageObject\",\"inLanguage\":\"fr-FR\",\"@id\":\"https:\\\/\\\/www.gts-translation.com\\\/fr\\\/#\\\/schema\\\/logo\\\/image\\\/\",\"url\":\"https:\\\/\\\/www.gts-translation.com\\\/wp-content\\\/uploads\\\/2023\\\/07\\\/gts-logo.png\",\"contentUrl\":\"https:\\\/\\\/www.gts-translation.com\\\/wp-content\\\/uploads\\\/2023\\\/07\\\/gts-logo.png\",\"width\":234,\"height\":80,\"caption\":\"GTS Translation Services\"},\"image\":{\"@id\":\"https:\\\/\\\/www.gts-translation.com\\\/fr\\\/#\\\/schema\\\/logo\\\/image\\\/\"},\"sameAs\":[\"https:\\\/\\\/www.facebook.com\\\/GTS.Translation\\\/\"]}]}<\/script>\n<!-- \/ Yoast SEO Premium plugin. -->","yoast_head_json":{"title":"Services de traduction en allemand | Traduction allemand-fran\u00e7ais","description":"GTS est une agence de traduction qui propose des services de traduction professionnelle de haute qualit\u00e9 en allemand.","robots":{"index":"index","follow":"follow","max-snippet":"max-snippet:-1","max-image-preview":"max-image-preview:large","max-video-preview":"max-video-preview:-1"},"canonical":"https:\/\/www.gts-translation.com\/fr\/languages\/german-translation-services\/","og_locale":"fr_FR","og_type":"article","og_title":"Services de traduction en allemand","og_description":"GTS est une agence de traduction qui propose des services de traduction professionnelle de haute qualit\u00e9 en allemand.","og_url":"https:\/\/www.gts-translation.com\/fr\/languages\/german-translation-services\/","og_site_name":"GTS Translation Services","article_publisher":"https:\/\/www.facebook.com\/GTS.Translation\/","article_modified_time":"2022-05-03T14:31:05+00:00","og_image":[{"width":1257,"height":585,"url":"https:\/\/www.gts-translation.com\/wp-content\/uploads\/2021\/10\/German-translation-services-1-1.jpg","type":"image\/jpeg"}],"twitter_card":"summary_large_image","twitter_misc":{"Dur\u00e9e de lecture estim\u00e9e":"3 minutes"},"schema":{"@context":"https:\/\/schema.org","@graph":[{"@type":"WebPage","@id":"https:\/\/www.gts-translation.com\/fr\/languages\/german-translation-services\/","url":"https:\/\/www.gts-translation.com\/fr\/languages\/german-translation-services\/","name":"Services de traduction en allemand | Traduction allemand-fran\u00e7ais","isPartOf":{"@id":"https:\/\/www.gts-translation.com\/fr\/#website"},"primaryImageOfPage":{"@id":"https:\/\/www.gts-translation.com\/fr\/languages\/german-translation-services\/#primaryimage"},"image":{"@id":"https:\/\/www.gts-translation.com\/fr\/languages\/german-translation-services\/#primaryimage"},"thumbnailUrl":"https:\/\/www.gts-translation.com\/wp-content\/uploads\/2021\/10\/German-translation-services-1-1.jpg","datePublished":"2022-03-10T08:05:37+00:00","dateModified":"2022-05-03T14:31:05+00:00","description":"GTS est une agence de traduction qui propose des services de traduction professionnelle de haute qualit\u00e9 en allemand.","breadcrumb":{"@id":"https:\/\/www.gts-translation.com\/fr\/languages\/german-translation-services\/#breadcrumb"},"inLanguage":"fr-FR","potentialAction":[{"@type":"ReadAction","target":["https:\/\/www.gts-translation.com\/fr\/languages\/german-translation-services\/"]}]},{"@type":"ImageObject","inLanguage":"fr-FR","@id":"https:\/\/www.gts-translation.com\/fr\/languages\/german-translation-services\/#primaryimage","url":"https:\/\/www.gts-translation.com\/wp-content\/uploads\/2021\/10\/German-translation-services-1-1.jpg","contentUrl":"https:\/\/www.gts-translation.com\/wp-content\/uploads\/2021\/10\/German-translation-services-1-1.jpg","width":1257,"height":585,"caption":"Aerial view of Berlin skyline with famous TV tower and Spree river in beautiful evening light at sunset, Germany"},{"@type":"BreadcrumbList","@id":"https:\/\/www.gts-translation.com\/fr\/languages\/german-translation-services\/#breadcrumb","itemListElement":[{"@type":"ListItem","position":1,"name":"Home","item":"https:\/\/www.gts-translation.com\/fr\/"},{"@type":"ListItem","position":2,"name":"Languages","item":"https:\/\/www.gts-translation.com\/fr\/languages\/"},{"@type":"ListItem","position":3,"name":"Services de traduction en allemand"}]},{"@type":"WebSite","@id":"https:\/\/www.gts-translation.com\/fr\/#website","url":"https:\/\/www.gts-translation.com\/fr\/","name":"GTS Translation Services","description":"Quality you can trust at prices you can&#039;t beat!","publisher":{"@id":"https:\/\/www.gts-translation.com\/fr\/#organization"},"potentialAction":[{"@type":"SearchAction","target":{"@type":"EntryPoint","urlTemplate":"https:\/\/www.gts-translation.com\/fr\/?s={search_term_string}"},"query-input":{"@type":"PropertyValueSpecification","valueRequired":true,"valueName":"search_term_string"}}],"inLanguage":"fr-FR"},{"@type":"Organization","@id":"https:\/\/www.gts-translation.com\/fr\/#organization","name":"GTS Translation Services","url":"https:\/\/www.gts-translation.com\/fr\/","logo":{"@type":"ImageObject","inLanguage":"fr-FR","@id":"https:\/\/www.gts-translation.com\/fr\/#\/schema\/logo\/image\/","url":"https:\/\/www.gts-translation.com\/wp-content\/uploads\/2023\/07\/gts-logo.png","contentUrl":"https:\/\/www.gts-translation.com\/wp-content\/uploads\/2023\/07\/gts-logo.png","width":234,"height":80,"caption":"GTS Translation Services"},"image":{"@id":"https:\/\/www.gts-translation.com\/fr\/#\/schema\/logo\/image\/"},"sameAs":["https:\/\/www.facebook.com\/GTS.Translation\/"]}]}},"_links":{"self":[{"href":"https:\/\/www.gts-translation.com\/fr\/wp-json\/wp\/v2\/pages\/51915","targetHints":{"allow":["GET"]}}],"collection":[{"href":"https:\/\/www.gts-translation.com\/fr\/wp-json\/wp\/v2\/pages"}],"about":[{"href":"https:\/\/www.gts-translation.com\/fr\/wp-json\/wp\/v2\/types\/page"}],"author":[{"embeddable":true,"href":"https:\/\/www.gts-translation.com\/fr\/wp-json\/wp\/v2\/users\/13965"}],"replies":[{"embeddable":true,"href":"https:\/\/www.gts-translation.com\/fr\/wp-json\/wp\/v2\/comments?post=51915"}],"version-history":[{"count":2,"href":"https:\/\/www.gts-translation.com\/fr\/wp-json\/wp\/v2\/pages\/51915\/revisions"}],"predecessor-version":[{"id":53088,"href":"https:\/\/www.gts-translation.com\/fr\/wp-json\/wp\/v2\/pages\/51915\/revisions\/53088"}],"up":[{"embeddable":true,"href":"https:\/\/www.gts-translation.com\/fr\/wp-json\/wp\/v2\/pages\/45023"}],"wp:featuredmedia":[{"embeddable":true,"href":"https:\/\/www.gts-translation.com\/fr\/wp-json\/wp\/v2\/media\/34720"}],"wp:attachment":[{"href":"https:\/\/www.gts-translation.com\/fr\/wp-json\/wp\/v2\/media?parent=51915"}],"curies":[{"name":"wp","href":"https:\/\/api.w.org\/{rel}","templated":true}]}}