{"id":51968,"date":"2022-03-11T08:11:31","date_gmt":"2022-03-11T08:11:31","guid":{"rendered":"https:\/\/www.gts-translation.com\/languages\/best-spanish-translation-services-spanish-translator\/"},"modified":"2025-01-06T09:43:07","modified_gmt":"2025-01-06T09:43:07","slug":"best-spanish-translation-services-spanish-translator","status":"publish","type":"page","link":"https:\/\/www.gts-translation.com\/fr\/languages\/best-spanish-translation-services-spanish-translator\/","title":{"rendered":"Meilleurs services de traduction en espagnol | Traducteur espagnol"},"content":{"rendered":"<h1>Les meilleurs services de traduction en espagnol en 2026<\/h1>\n<p>GTS est une agence de traduction anglais-espagnol de premier plan qui propose des services de traduction professionnelle \u00e0 certaines des plus grandes entreprises du monde.<\/p>\n<h2><img decoding=\"async\" class=\"aligncenter size-full wp-image-23790\" src=\"https:\/\/www.gts-translation.com\/wp-content\/uploads\/2020\/02\/veuthy-review.png\" alt=\"\" width=\"100%\" srcset=\"https:\/\/www.gts-translation.com\/wp-content\/uploads\/2020\/02\/veuthy-review.png 919w, https:\/\/www.gts-translation.com\/wp-content\/uploads\/2020\/02\/veuthy-review-300x71.png 300w, https:\/\/www.gts-translation.com\/wp-content\/uploads\/2020\/02\/veuthy-review-768x182.png 768w\" sizes=\"(max-width: 919px) 100vw, 919px\" \/><\/h2>\n<h2>Pourquoi faire appel \u00e0 GTS pour vos traductions en espagnol\u00a0?<\/h2>\n<figure id=\"attachment_16177\" aria-describedby=\"caption-attachment-16177\" style=\"width: 328px\" class=\"wp-caption alignleft\"><a href=\"https:\/\/www.gts-translation.com\/wp-content\/uploads\/2019\/03\/Spanish-translation-services.jpg\"><img decoding=\"async\" class=\"wp-image-16177\" title=\"Spanish translation services\" src=\"https:\/\/www.gts-translation.com\/wp-content\/uploads\/2019\/03\/Spanish-translation-services-300x200.jpg\" alt=\"Spanish translation services\" width=\"338\" height=\"225\" srcset=\"https:\/\/www.gts-translation.com\/wp-content\/uploads\/2019\/03\/Spanish-translation-services-300x200.jpg 300w, https:\/\/www.gts-translation.com\/wp-content\/uploads\/2019\/03\/Spanish-translation-services-768x512.jpg 768w, https:\/\/www.gts-translation.com\/wp-content\/uploads\/2019\/03\/Spanish-translation-services.jpg 847w\" sizes=\"(max-width: 338px) 100vw, 338px\" \/><\/a><figcaption id=\"caption-attachment-16177\" class=\"wp-caption-text\">GTS est votre meilleur partenaire pour les services de traduction en espagnol dans tous les pays hispanophones.<\/figcaption><\/figure>\n<p>GTS propose des services de traduction pr\u00e9cis en espagnol gr\u00e2ce \u00e0 une \u00e9quipe de traducteurs espagnols natifs et exp\u00e9riment\u00e9s. Nous proposons des services de traduction sp\u00e9cialis\u00e9s en espagnol dans de nombreux domaines, notamment technique, m\u00e9dical, juridique, brevets et documents de propri\u00e9t\u00e9 intellectuelle, logiciels, ing\u00e9nierie et finances. Nous traduisons de l\u2019espagnol vers l\u2019anglais, de l\u2019anglais vers l\u2019espagnol et de l\u2019espagnol vers plus de 70\u00a0autres langues et vice versa.<\/p>\n<p>Nous avons fait nos preuves en mati\u00e8re de services de traduction efficaces dans tous les pays hispanophones. De nombreux clients estiment que GTS est l\u2019agence de traduction la mieux adapt\u00e9e \u00e0 leurs besoins.<\/p>\n<h2>Des traducteurs natifs espagnols dans chaque pays<\/h2>\n<p>Nous comptons des traducteurs dans tous les pays hispanophones du monde. Nos traducteurs espagnols sont sp\u00e9cialis\u00e9s dans la variante propre \u00e0 chaque pays. Cela comprend:<\/p>\n<ul>\n<li>Traduction de l\u2019anglais vers l\u2019espagnol mexicain<\/li>\n<li>Traduction en espagnol europ\u00e9en<\/li>\n<li>Traduction en espagnol d\u2019Am\u00e9rique latine<\/li>\n<li>Traduction en espagnol des \u00c9tats-Unis<\/li>\n<\/ul>\n<h2>Services de traduction espagnole certifi\u00e9e<\/h2>\n<p>GTS est une agence de traduction espagnole certifi\u00e9e\u00a0: notre syst\u00e8me de gestion de la qualit\u00e9 est audit\u00e9 chaque ann\u00e9e par un organisme de certification agr\u00e9\u00e9 et est conforme \u00e0 la norme ISO 17100:2015. GTS propose des services de traduction certifi\u00e9e en espagnol pour les documents m\u00e9dicaux, techniques et juridiques. Nous traduisons tous les documents officiels et d\u2019immigration. Nous garantissons l\u2019acceptation de l\u2019USCIS et des autorit\u00e9s d\u2019immigration dans d\u2019autres pays.<\/p>\n<h2>Services de traduction de documents en espagnol<\/h2>\n<p>Nous traduisons des documents en espagnol dans n\u2019importe quel format de fichier, y compris PDF, MS Word, PowerPoint, Excel, Adobe InDesign et FrameMaker. Lorsque vous devez traduire rapidement et avec une excellente qualit\u00e9 un document de l\u2019anglais vers l\u2019espagnol, ne cherchez pas plus loin et faites appel \u00e0 GTS.<\/p>\n<h2>Services de traduction de sites Web en espagnol<\/h2>\n<p>Nous proposons des services de traduction de sites Web en espagnol. Vous pouvez \u00e9galement utiliser notre outil de traduction de pages Web \u00e0 faible co\u00fbt pour traduire vos pages de renvoi en espagnol. Consultez-le et obtenez un devis instantan\u00e9 en ligne d\u00e8s maintenant.<\/p>\n<h2>Traduction de documents en espagnol<\/h2>\n<p>Nous traduisons tous types de documents de l\u2019espagnol vers l\u2019anglais et vice versa. Ces documents comprennent\u00a0:<\/p>\n<ul>\n<li>Rapports m\u00e9dicaux et d\u2019h\u00f4pitaux<\/li>\n<li>Brevets et documents de propri\u00e9t\u00e9 intellectuelle associ\u00e9s<\/li>\n<li>Plans d\u2019affaires<\/li>\n<li>Documents juridiques et contrats<\/li>\n<li>Jugements de divorce<\/li>\n<li>Articles scientifiques et universitaires<\/li>\n<li>Sp\u00e9cifications et documents RFP\/RFQ<\/li>\n<li>Rapports financiers et documents commerciaux, plans d\u2019affaires<\/li>\n<li>Actes de naissance<\/li>\n<li>Manuels techniques<\/li>\n<li>Formulaires de consentement \u00e9clair\u00e9 et documents relatifs aux essais cliniques<\/li>\n<li>Traduction de brochures d\u2019accueil en espagnol<\/li>\n<\/ul>\n<h2>Traduction de brochures en espagnol<\/h2>\n<p>Nous traduisons des documents dans n\u2019importe quel format de fichier\u00a0: PDF, MS Word, MS Excel, PowerPoint, HTML, InDesign, entre autres. Nous traduisons des brochures en espagnol et pouvons vous livrer des brochures traduites et pr\u00eates \u00e0 \u00eatre imprim\u00e9es au format de fichier InDesign.<\/p>\n<figure id=\"attachment_23290\" aria-describedby=\"caption-attachment-23290\" style=\"width: 290px\" class=\"wp-caption alignright\"><img decoding=\"async\" class=\"wp-image-23290 size-medium\" title=\"translate english to.spanish\" src=\"https:\/\/www.gts-translation.com\/wp-content\/uploads\/2020\/02\/117278385_s-300x233.jpg\" alt=\"translate english to.spanish\" width=\"300\" height=\"233\" srcset=\"https:\/\/www.gts-translation.com\/wp-content\/uploads\/2020\/02\/117278385_s-300x233.jpg 300w, https:\/\/www.gts-translation.com\/wp-content\/uploads\/2020\/02\/117278385_s-768x597.jpg 768w, https:\/\/www.gts-translation.com\/wp-content\/uploads\/2020\/02\/117278385_s.jpg 785w\" sizes=\"(max-width: 300px) 100vw, 300px\" \/><figcaption id=\"caption-attachment-23290\" class=\"wp-caption-text\">Vous recherchez un partenaire pour traduire en espagnol\u00a0? GTS est votre meilleure option\u00a0!<\/figcaption><\/figure>\n<h2>Remises sur les tarifs des services de traduction en espagnol<\/h2>\n<p>Utilisez les codes promo de GTS pour profiter d\u2019une remise sur les traductions de l\u2019anglais vers l\u2019espagnol. Les nouveaux clients b\u00e9n\u00e9ficient d\u2019une remise de 5\u00a0% sur leur premi\u00e8re commande. Cliquez ici pour en savoir plus sur les remises sur les tarifs de traduction.<\/p>\n<h2>Faits concernant la traduction en espagnol<\/h2>\n<p>L\u2019espagnol est la deuxi\u00e8me langue la plus parl\u00e9e au monde (le chinois est la premi\u00e8re et l\u2019anglais la troisi\u00e8me). L\u2019espagnol est donc l\u2019une des langues les plus importantes du march\u00e9 de la traduction. L\u2019espagnol est parl\u00e9 dans de nombreux pays, notamment en Espagne, au Mexique, en Argentine, en Colombie, au Venezuela et aux \u00c9tats-Unis. Avant de faire appel \u00e0 un traducteur espagnol, indiquez le pays concern\u00e9, car il existe des diff\u00e9rences linguistiques.<\/p>\n","protected":false},"excerpt":{"rendered":"<p>Les meilleurs services de traduction en espagnol en 2026 GTS est une agence de traduction anglais-espagnol de premier plan qui propose des services de traduction professionnelle \u00e0 certaines des plus grandes entreprises du monde. Pourquoi faire appel \u00e0 GTS pour vos traductions en espagnol\u00a0? GTS propose des services de traduction pr\u00e9cis en espagnol gr\u00e2ce \u00e0 &#8230; <a title=\"Meilleurs services de traduction en espagnol | Traducteur espagnol\" class=\"read-more\" href=\"https:\/\/www.gts-translation.com\/fr\/languages\/best-spanish-translation-services-spanish-translator\/\" aria-label=\"En savoir plus sur Meilleurs services de traduction en espagnol | Traducteur espagnol\">Lire la suite<\/a><\/p>\n","protected":false},"author":261,"featured_media":35098,"parent":45023,"menu_order":0,"comment_status":"open","ping_status":"open","template":"templates\/landing-page.php","meta":{"_acf_changed":false,"inline_featured_image":false,"_monsterinsights_skip_tracking":false,"_monsterinsights_sitenote_active":false,"_monsterinsights_sitenote_note":"","_monsterinsights_sitenote_category":0,"footnotes":""},"class_list":["post-51968","page","type-page","status-publish","has-post-thumbnail"],"acf":[],"yoast_head":"<!-- This site is optimized with the Yoast SEO Premium plugin v24.2 (Yoast SEO v27.4) - https:\/\/yoast.com\/product\/yoast-seo-premium-wordpress\/ -->\n<title>Services de traduction en espagnol | Soci\u00e9t\u00e9 de traduction en espagnol<\/title>\n<meta name=\"description\" content=\"Obtenez un devis en ligne de GTS pour des services de traduction professionnelle en espagnol et commencez \u00e0 \u00e9conomiser sur vos co\u00fbts de traduction.\" \/>\n<meta name=\"robots\" content=\"index, follow, max-snippet:-1, max-image-preview:large, max-video-preview:-1\" \/>\n<link rel=\"canonical\" href=\"https:\/\/www.gts-translation.com\/fr\/languages\/best-spanish-translation-services-spanish-translator\/\" \/>\n<meta property=\"og:locale\" content=\"fr_FR\" \/>\n<meta property=\"og:type\" content=\"article\" \/>\n<meta property=\"og:title\" content=\"Meilleurs services de traduction en espagnol | Traducteur espagnol\" \/>\n<meta property=\"og:description\" content=\"Obtenez un devis en ligne de GTS pour des services de traduction professionnelle en espagnol et commencez \u00e0 \u00e9conomiser sur vos co\u00fbts de traduction.\" \/>\n<meta property=\"og:url\" content=\"https:\/\/www.gts-translation.com\/fr\/languages\/best-spanish-translation-services-spanish-translator\/\" \/>\n<meta property=\"og:site_name\" content=\"GTS Translation Services\" \/>\n<meta property=\"article:publisher\" content=\"https:\/\/www.facebook.com\/GTS.Translation\/\" \/>\n<meta property=\"article:modified_time\" content=\"2025-01-06T09:43:07+00:00\" \/>\n<meta property=\"og:image\" content=\"https:\/\/www.gts-translation.com\/wp-content\/uploads\/2021\/10\/spanish-translation-services1.jpg\" \/>\n\t<meta property=\"og:image:width\" content=\"1207\" \/>\n\t<meta property=\"og:image:height\" content=\"257\" \/>\n\t<meta property=\"og:image:type\" content=\"image\/jpeg\" \/>\n<meta name=\"twitter:card\" content=\"summary_large_image\" \/>\n<meta name=\"twitter:label1\" content=\"Dur\u00e9e de lecture estim\u00e9e\" \/>\n\t<meta name=\"twitter:data1\" content=\"4 minutes\" \/>\n<script type=\"application\/ld+json\" class=\"yoast-schema-graph\">{\"@context\":\"https:\\\/\\\/schema.org\",\"@graph\":[{\"@type\":\"WebPage\",\"@id\":\"https:\\\/\\\/www.gts-translation.com\\\/fr\\\/languages\\\/best-spanish-translation-services-spanish-translator\\\/\",\"url\":\"https:\\\/\\\/www.gts-translation.com\\\/fr\\\/languages\\\/best-spanish-translation-services-spanish-translator\\\/\",\"name\":\"Services de traduction en espagnol | Soci\u00e9t\u00e9 de traduction en espagnol\",\"isPartOf\":{\"@id\":\"https:\\\/\\\/www.gts-translation.com\\\/fr\\\/#website\"},\"primaryImageOfPage\":{\"@id\":\"https:\\\/\\\/www.gts-translation.com\\\/fr\\\/languages\\\/best-spanish-translation-services-spanish-translator\\\/#primaryimage\"},\"image\":{\"@id\":\"https:\\\/\\\/www.gts-translation.com\\\/fr\\\/languages\\\/best-spanish-translation-services-spanish-translator\\\/#primaryimage\"},\"thumbnailUrl\":\"https:\\\/\\\/www.gts-translation.com\\\/wp-content\\\/uploads\\\/2021\\\/10\\\/spanish-translation-services1.jpg\",\"datePublished\":\"2022-03-11T08:11:31+00:00\",\"dateModified\":\"2025-01-06T09:43:07+00:00\",\"description\":\"Obtenez un devis en ligne de GTS pour des services de traduction professionnelle en espagnol et commencez \u00e0 \u00e9conomiser sur vos co\u00fbts de traduction.\",\"breadcrumb\":{\"@id\":\"https:\\\/\\\/www.gts-translation.com\\\/fr\\\/languages\\\/best-spanish-translation-services-spanish-translator\\\/#breadcrumb\"},\"inLanguage\":\"fr-FR\",\"potentialAction\":[{\"@type\":\"ReadAction\",\"target\":[\"https:\\\/\\\/www.gts-translation.com\\\/fr\\\/languages\\\/best-spanish-translation-services-spanish-translator\\\/\"]}]},{\"@type\":\"ImageObject\",\"inLanguage\":\"fr-FR\",\"@id\":\"https:\\\/\\\/www.gts-translation.com\\\/fr\\\/languages\\\/best-spanish-translation-services-spanish-translator\\\/#primaryimage\",\"url\":\"https:\\\/\\\/www.gts-translation.com\\\/wp-content\\\/uploads\\\/2021\\\/10\\\/spanish-translation-services1.jpg\",\"contentUrl\":\"https:\\\/\\\/www.gts-translation.com\\\/wp-content\\\/uploads\\\/2021\\\/10\\\/spanish-translation-services1.jpg\",\"width\":1207,\"height\":257,\"caption\":\"Barcelona, Spain at summer. Very wide, high quality panorama\"},{\"@type\":\"BreadcrumbList\",\"@id\":\"https:\\\/\\\/www.gts-translation.com\\\/fr\\\/languages\\\/best-spanish-translation-services-spanish-translator\\\/#breadcrumb\",\"itemListElement\":[{\"@type\":\"ListItem\",\"position\":1,\"name\":\"Home\",\"item\":\"https:\\\/\\\/www.gts-translation.com\\\/fr\\\/\"},{\"@type\":\"ListItem\",\"position\":2,\"name\":\"Languages\",\"item\":\"https:\\\/\\\/www.gts-translation.com\\\/fr\\\/languages\\\/\"},{\"@type\":\"ListItem\",\"position\":3,\"name\":\"Meilleurs services de traduction en espagnol | Traducteur espagnol\"}]},{\"@type\":\"WebSite\",\"@id\":\"https:\\\/\\\/www.gts-translation.com\\\/fr\\\/#website\",\"url\":\"https:\\\/\\\/www.gts-translation.com\\\/fr\\\/\",\"name\":\"GTS Translation Services\",\"description\":\"Quality you can trust at prices you can&#039;t beat!\",\"publisher\":{\"@id\":\"https:\\\/\\\/www.gts-translation.com\\\/fr\\\/#organization\"},\"potentialAction\":[{\"@type\":\"SearchAction\",\"target\":{\"@type\":\"EntryPoint\",\"urlTemplate\":\"https:\\\/\\\/www.gts-translation.com\\\/fr\\\/?s={search_term_string}\"},\"query-input\":{\"@type\":\"PropertyValueSpecification\",\"valueRequired\":true,\"valueName\":\"search_term_string\"}}],\"inLanguage\":\"fr-FR\"},{\"@type\":\"Organization\",\"@id\":\"https:\\\/\\\/www.gts-translation.com\\\/fr\\\/#organization\",\"name\":\"GTS Translation Services\",\"url\":\"https:\\\/\\\/www.gts-translation.com\\\/fr\\\/\",\"logo\":{\"@type\":\"ImageObject\",\"inLanguage\":\"fr-FR\",\"@id\":\"https:\\\/\\\/www.gts-translation.com\\\/fr\\\/#\\\/schema\\\/logo\\\/image\\\/\",\"url\":\"https:\\\/\\\/www.gts-translation.com\\\/wp-content\\\/uploads\\\/2023\\\/07\\\/gts-logo.png\",\"contentUrl\":\"https:\\\/\\\/www.gts-translation.com\\\/wp-content\\\/uploads\\\/2023\\\/07\\\/gts-logo.png\",\"width\":234,\"height\":80,\"caption\":\"GTS Translation Services\"},\"image\":{\"@id\":\"https:\\\/\\\/www.gts-translation.com\\\/fr\\\/#\\\/schema\\\/logo\\\/image\\\/\"},\"sameAs\":[\"https:\\\/\\\/www.facebook.com\\\/GTS.Translation\\\/\"]}]}<\/script>\n<!-- \/ Yoast SEO Premium plugin. -->","yoast_head_json":{"title":"Services de traduction en espagnol | Soci\u00e9t\u00e9 de traduction en espagnol","description":"Obtenez un devis en ligne de GTS pour des services de traduction professionnelle en espagnol et commencez \u00e0 \u00e9conomiser sur vos co\u00fbts de traduction.","robots":{"index":"index","follow":"follow","max-snippet":"max-snippet:-1","max-image-preview":"max-image-preview:large","max-video-preview":"max-video-preview:-1"},"canonical":"https:\/\/www.gts-translation.com\/fr\/languages\/best-spanish-translation-services-spanish-translator\/","og_locale":"fr_FR","og_type":"article","og_title":"Meilleurs services de traduction en espagnol | Traducteur espagnol","og_description":"Obtenez un devis en ligne de GTS pour des services de traduction professionnelle en espagnol et commencez \u00e0 \u00e9conomiser sur vos co\u00fbts de traduction.","og_url":"https:\/\/www.gts-translation.com\/fr\/languages\/best-spanish-translation-services-spanish-translator\/","og_site_name":"GTS Translation Services","article_publisher":"https:\/\/www.facebook.com\/GTS.Translation\/","article_modified_time":"2025-01-06T09:43:07+00:00","og_image":[{"width":1207,"height":257,"url":"https:\/\/www.gts-translation.com\/wp-content\/uploads\/2021\/10\/spanish-translation-services1.jpg","type":"image\/jpeg"}],"twitter_card":"summary_large_image","twitter_misc":{"Dur\u00e9e de lecture estim\u00e9e":"4 minutes"},"schema":{"@context":"https:\/\/schema.org","@graph":[{"@type":"WebPage","@id":"https:\/\/www.gts-translation.com\/fr\/languages\/best-spanish-translation-services-spanish-translator\/","url":"https:\/\/www.gts-translation.com\/fr\/languages\/best-spanish-translation-services-spanish-translator\/","name":"Services de traduction en espagnol | Soci\u00e9t\u00e9 de traduction en espagnol","isPartOf":{"@id":"https:\/\/www.gts-translation.com\/fr\/#website"},"primaryImageOfPage":{"@id":"https:\/\/www.gts-translation.com\/fr\/languages\/best-spanish-translation-services-spanish-translator\/#primaryimage"},"image":{"@id":"https:\/\/www.gts-translation.com\/fr\/languages\/best-spanish-translation-services-spanish-translator\/#primaryimage"},"thumbnailUrl":"https:\/\/www.gts-translation.com\/wp-content\/uploads\/2021\/10\/spanish-translation-services1.jpg","datePublished":"2022-03-11T08:11:31+00:00","dateModified":"2025-01-06T09:43:07+00:00","description":"Obtenez un devis en ligne de GTS pour des services de traduction professionnelle en espagnol et commencez \u00e0 \u00e9conomiser sur vos co\u00fbts de traduction.","breadcrumb":{"@id":"https:\/\/www.gts-translation.com\/fr\/languages\/best-spanish-translation-services-spanish-translator\/#breadcrumb"},"inLanguage":"fr-FR","potentialAction":[{"@type":"ReadAction","target":["https:\/\/www.gts-translation.com\/fr\/languages\/best-spanish-translation-services-spanish-translator\/"]}]},{"@type":"ImageObject","inLanguage":"fr-FR","@id":"https:\/\/www.gts-translation.com\/fr\/languages\/best-spanish-translation-services-spanish-translator\/#primaryimage","url":"https:\/\/www.gts-translation.com\/wp-content\/uploads\/2021\/10\/spanish-translation-services1.jpg","contentUrl":"https:\/\/www.gts-translation.com\/wp-content\/uploads\/2021\/10\/spanish-translation-services1.jpg","width":1207,"height":257,"caption":"Barcelona, Spain at summer. Very wide, high quality panorama"},{"@type":"BreadcrumbList","@id":"https:\/\/www.gts-translation.com\/fr\/languages\/best-spanish-translation-services-spanish-translator\/#breadcrumb","itemListElement":[{"@type":"ListItem","position":1,"name":"Home","item":"https:\/\/www.gts-translation.com\/fr\/"},{"@type":"ListItem","position":2,"name":"Languages","item":"https:\/\/www.gts-translation.com\/fr\/languages\/"},{"@type":"ListItem","position":3,"name":"Meilleurs services de traduction en espagnol | Traducteur espagnol"}]},{"@type":"WebSite","@id":"https:\/\/www.gts-translation.com\/fr\/#website","url":"https:\/\/www.gts-translation.com\/fr\/","name":"GTS Translation Services","description":"Quality you can trust at prices you can&#039;t beat!","publisher":{"@id":"https:\/\/www.gts-translation.com\/fr\/#organization"},"potentialAction":[{"@type":"SearchAction","target":{"@type":"EntryPoint","urlTemplate":"https:\/\/www.gts-translation.com\/fr\/?s={search_term_string}"},"query-input":{"@type":"PropertyValueSpecification","valueRequired":true,"valueName":"search_term_string"}}],"inLanguage":"fr-FR"},{"@type":"Organization","@id":"https:\/\/www.gts-translation.com\/fr\/#organization","name":"GTS Translation Services","url":"https:\/\/www.gts-translation.com\/fr\/","logo":{"@type":"ImageObject","inLanguage":"fr-FR","@id":"https:\/\/www.gts-translation.com\/fr\/#\/schema\/logo\/image\/","url":"https:\/\/www.gts-translation.com\/wp-content\/uploads\/2023\/07\/gts-logo.png","contentUrl":"https:\/\/www.gts-translation.com\/wp-content\/uploads\/2023\/07\/gts-logo.png","width":234,"height":80,"caption":"GTS Translation Services"},"image":{"@id":"https:\/\/www.gts-translation.com\/fr\/#\/schema\/logo\/image\/"},"sameAs":["https:\/\/www.facebook.com\/GTS.Translation\/"]}]}},"_links":{"self":[{"href":"https:\/\/www.gts-translation.com\/fr\/wp-json\/wp\/v2\/pages\/51968","targetHints":{"allow":["GET"]}}],"collection":[{"href":"https:\/\/www.gts-translation.com\/fr\/wp-json\/wp\/v2\/pages"}],"about":[{"href":"https:\/\/www.gts-translation.com\/fr\/wp-json\/wp\/v2\/types\/page"}],"author":[{"embeddable":true,"href":"https:\/\/www.gts-translation.com\/fr\/wp-json\/wp\/v2\/users\/261"}],"replies":[{"embeddable":true,"href":"https:\/\/www.gts-translation.com\/fr\/wp-json\/wp\/v2\/comments?post=51968"}],"version-history":[{"count":3,"href":"https:\/\/www.gts-translation.com\/fr\/wp-json\/wp\/v2\/pages\/51968\/revisions"}],"predecessor-version":[{"id":62498,"href":"https:\/\/www.gts-translation.com\/fr\/wp-json\/wp\/v2\/pages\/51968\/revisions\/62498"}],"up":[{"embeddable":true,"href":"https:\/\/www.gts-translation.com\/fr\/wp-json\/wp\/v2\/pages\/45023"}],"wp:featuredmedia":[{"embeddable":true,"href":"https:\/\/www.gts-translation.com\/fr\/wp-json\/wp\/v2\/media\/35098"}],"wp:attachment":[{"href":"https:\/\/www.gts-translation.com\/fr\/wp-json\/wp\/v2\/media?parent=51968"}],"curies":[{"name":"wp","href":"https:\/\/api.w.org\/{rel}","templated":true}]}}