{"id":60469,"date":"2015-03-16T07:10:03","date_gmt":"2015-03-16T07:10:03","guid":{"rendered":"https:\/\/www.gts-translation.com\/success\/"},"modified":"2023-09-24T09:33:42","modified_gmt":"2023-09-24T09:33:42","slug":"success","status":"publish","type":"page","link":"https:\/\/www.gts-translation.com\/fr\/success\/","title":{"rendered":"Success"},"content":{"rendered":"\n<div id=\"content\">\n\t<div id=\"order_render_section\" class=\"row\">\n\t\t<div class=\"md-column col-md-8\">\n\t\t\t<br\/>\n\t\t\t<h3>Confirmation de commande<\/h3>\n\t\t\t<br\/>\n\t\t\t<div class=\"login_box\">\n\t\t\t\t<h4 style=\"text-align:center;\">\"Merci pour votre paiement!\t\t\t\t\t\"<\/h4>\n\t\t\t\t<br>\n\t\t\t\t<h4 style=\"text-align:center;\">\n\t\t\t\t\tSuivez votre <a\n\t\t\t\t\t\t\thref=\"https:\/\/www.gts-translation.com\/fr\/order-history\/\">\n\t\t\t\t\t\tCommandez en ligne.<\/a><\/h4>\n\t\t\t\t<div style=\"font-size: 19px;text-align: center;\">\n\t\t\t\t\t<h4>Veuillez noter le num\u00e9ro de r\u00e9f\u00e9rence de votre projet<\/h4>\n\t\t\t\t\t<a href=\"https:\/\/www.gts-translation.com\/fr\/project-details\/?refnum=\">\n\t\t\t\t\t\t\t\t\t\t\t<\/a>\n\t\t\t\t<\/div>\n\t\t\t<\/div>\n\t\t<\/div>\n\t\t<div class=\"md-column col-md-4\">\n\t\t\t<img\n\t\t\t\t\tsrc=\"https:\/\/www.gts-translation.com\/wp-content\/uploads\/2015\/02\/success.jpg\"\n\t\t\t\t\tclass=\"rightimg\" alt=\"success\">\n\t\t\t<br\/>\n\t\t\t<br\/>\n\t\t\t<h4 class=\"md-heading\">Merci!<\/h4>\n\t\t\t<div class=\"md-text-block\" style=\"font-size:12px; line-height:22px;\">\n\t\t\t\t<p>\n\t\t\t\t\tMerci pour votre entreprise. Nous commen\u00e7ons \u00e0 travailler sur votre projet maintenant.\t\t\t\t\tVous pouvez suivre la progression de votre commande en cliquant sur le lien de suivi.\t\t\t\t\tUne fois que vos fichiers seront pr\u00eats \u00e0 \u00eatre livr\u00e9s, nous vous enverrons un e-mail.\t\t\t\t<\/p>\n\t\t\t<\/div>\n\t\t<\/div>\n\t<\/div>\n<\/div>\n\n","protected":false},"excerpt":{"rendered":"","protected":false},"author":261,"featured_media":0,"parent":0,"menu_order":0,"comment_status":"open","ping_status":"open","template":"","meta":{"_acf_changed":false,"inline_featured_image":false,"_monsterinsights_skip_tracking":false,"_monsterinsights_sitenote_active":false,"_monsterinsights_sitenote_note":"","_monsterinsights_sitenote_category":0,"footnotes":""},"class_list":["post-60469","page","type-page","status-publish"],"acf":[],"yoast_head":"<!-- This site is optimized with the Yoast SEO Premium plugin v24.2 (Yoast SEO v27.5) - https:\/\/yoast.com\/product\/yoast-seo-premium-wordpress\/ -->\n<title>Success<\/title>\n<meta name=\"robots\" content=\"index, follow, max-snippet:-1, max-image-preview:large, max-video-preview:-1\" \/>\n<link rel=\"canonical\" href=\"https:\/\/www.gts-translation.com\/fr\/success\/\" \/>\n<meta property=\"og:locale\" content=\"fr_FR\" \/>\n<meta property=\"og:type\" content=\"article\" \/>\n<meta property=\"og:title\" content=\"Success\" \/>\n<meta property=\"og:url\" content=\"https:\/\/www.gts-translation.com\/fr\/success\/\" \/>\n<meta property=\"og:site_name\" content=\"GTS Translation Services\" \/>\n<meta property=\"article:publisher\" content=\"https:\/\/www.facebook.com\/GTS.Translation\/\" \/>\n<meta property=\"article:modified_time\" content=\"2023-09-24T09:33:42+00:00\" \/>\n<meta name=\"twitter:card\" content=\"summary_large_image\" \/>\n<meta name=\"twitter:label1\" content=\"Dur\u00e9e de lecture estim\u00e9e\" \/>\n\t<meta name=\"twitter:data1\" content=\"1 minute\" \/>\n<script type=\"application\/ld+json\" class=\"yoast-schema-graph\">{\"@context\":\"https:\\\/\\\/schema.org\",\"@graph\":[{\"@type\":\"WebPage\",\"@id\":\"https:\\\/\\\/www.gts-translation.com\\\/fr\\\/success\\\/\",\"url\":\"https:\\\/\\\/www.gts-translation.com\\\/fr\\\/success\\\/\",\"name\":\"Success\",\"isPartOf\":{\"@id\":\"https:\\\/\\\/www.gts-translation.com\\\/fr\\\/#website\"},\"datePublished\":\"2015-03-16T07:10:03+00:00\",\"dateModified\":\"2023-09-24T09:33:42+00:00\",\"breadcrumb\":{\"@id\":\"https:\\\/\\\/www.gts-translation.com\\\/fr\\\/success\\\/#breadcrumb\"},\"inLanguage\":\"fr-FR\",\"potentialAction\":[{\"@type\":\"ReadAction\",\"target\":[\"https:\\\/\\\/www.gts-translation.com\\\/fr\\\/success\\\/\"]}]},{\"@type\":\"BreadcrumbList\",\"@id\":\"https:\\\/\\\/www.gts-translation.com\\\/fr\\\/success\\\/#breadcrumb\",\"itemListElement\":[{\"@type\":\"ListItem\",\"position\":1,\"name\":\"Home\",\"item\":\"https:\\\/\\\/www.gts-translation.com\\\/fr\\\/\"},{\"@type\":\"ListItem\",\"position\":2,\"name\":\"Success\"}]},{\"@type\":\"WebSite\",\"@id\":\"https:\\\/\\\/www.gts-translation.com\\\/fr\\\/#website\",\"url\":\"https:\\\/\\\/www.gts-translation.com\\\/fr\\\/\",\"name\":\"GTS Translation Services\",\"description\":\"Quality you can trust at prices you can&#039;t beat!\",\"publisher\":{\"@id\":\"https:\\\/\\\/www.gts-translation.com\\\/fr\\\/#organization\"},\"potentialAction\":[{\"@type\":\"SearchAction\",\"target\":{\"@type\":\"EntryPoint\",\"urlTemplate\":\"https:\\\/\\\/www.gts-translation.com\\\/fr\\\/?s={search_term_string}\"},\"query-input\":{\"@type\":\"PropertyValueSpecification\",\"valueRequired\":true,\"valueName\":\"search_term_string\"}}],\"inLanguage\":\"fr-FR\"},{\"@type\":\"Organization\",\"@id\":\"https:\\\/\\\/www.gts-translation.com\\\/fr\\\/#organization\",\"name\":\"GTS Translation Services\",\"url\":\"https:\\\/\\\/www.gts-translation.com\\\/fr\\\/\",\"logo\":{\"@type\":\"ImageObject\",\"inLanguage\":\"fr-FR\",\"@id\":\"https:\\\/\\\/www.gts-translation.com\\\/fr\\\/#\\\/schema\\\/logo\\\/image\\\/\",\"url\":\"https:\\\/\\\/www.gts-translation.com\\\/wp-content\\\/uploads\\\/2023\\\/07\\\/gts-logo.png\",\"contentUrl\":\"https:\\\/\\\/www.gts-translation.com\\\/wp-content\\\/uploads\\\/2023\\\/07\\\/gts-logo.png\",\"width\":234,\"height\":80,\"caption\":\"GTS Translation Services\"},\"image\":{\"@id\":\"https:\\\/\\\/www.gts-translation.com\\\/fr\\\/#\\\/schema\\\/logo\\\/image\\\/\"},\"sameAs\":[\"https:\\\/\\\/www.facebook.com\\\/GTS.Translation\\\/\"]}]}<\/script>\n<!-- \/ Yoast SEO Premium plugin. -->","yoast_head_json":{"title":"Success","robots":{"index":"index","follow":"follow","max-snippet":"max-snippet:-1","max-image-preview":"max-image-preview:large","max-video-preview":"max-video-preview:-1"},"canonical":"https:\/\/www.gts-translation.com\/fr\/success\/","og_locale":"fr_FR","og_type":"article","og_title":"Success","og_url":"https:\/\/www.gts-translation.com\/fr\/success\/","og_site_name":"GTS Translation Services","article_publisher":"https:\/\/www.facebook.com\/GTS.Translation\/","article_modified_time":"2023-09-24T09:33:42+00:00","twitter_card":"summary_large_image","twitter_misc":{"Dur\u00e9e de lecture estim\u00e9e":"1 minute"},"schema":{"@context":"https:\/\/schema.org","@graph":[{"@type":"WebPage","@id":"https:\/\/www.gts-translation.com\/fr\/success\/","url":"https:\/\/www.gts-translation.com\/fr\/success\/","name":"Success","isPartOf":{"@id":"https:\/\/www.gts-translation.com\/fr\/#website"},"datePublished":"2015-03-16T07:10:03+00:00","dateModified":"2023-09-24T09:33:42+00:00","breadcrumb":{"@id":"https:\/\/www.gts-translation.com\/fr\/success\/#breadcrumb"},"inLanguage":"fr-FR","potentialAction":[{"@type":"ReadAction","target":["https:\/\/www.gts-translation.com\/fr\/success\/"]}]},{"@type":"BreadcrumbList","@id":"https:\/\/www.gts-translation.com\/fr\/success\/#breadcrumb","itemListElement":[{"@type":"ListItem","position":1,"name":"Home","item":"https:\/\/www.gts-translation.com\/fr\/"},{"@type":"ListItem","position":2,"name":"Success"}]},{"@type":"WebSite","@id":"https:\/\/www.gts-translation.com\/fr\/#website","url":"https:\/\/www.gts-translation.com\/fr\/","name":"GTS Translation Services","description":"Quality you can trust at prices you can&#039;t beat!","publisher":{"@id":"https:\/\/www.gts-translation.com\/fr\/#organization"},"potentialAction":[{"@type":"SearchAction","target":{"@type":"EntryPoint","urlTemplate":"https:\/\/www.gts-translation.com\/fr\/?s={search_term_string}"},"query-input":{"@type":"PropertyValueSpecification","valueRequired":true,"valueName":"search_term_string"}}],"inLanguage":"fr-FR"},{"@type":"Organization","@id":"https:\/\/www.gts-translation.com\/fr\/#organization","name":"GTS Translation Services","url":"https:\/\/www.gts-translation.com\/fr\/","logo":{"@type":"ImageObject","inLanguage":"fr-FR","@id":"https:\/\/www.gts-translation.com\/fr\/#\/schema\/logo\/image\/","url":"https:\/\/www.gts-translation.com\/wp-content\/uploads\/2023\/07\/gts-logo.png","contentUrl":"https:\/\/www.gts-translation.com\/wp-content\/uploads\/2023\/07\/gts-logo.png","width":234,"height":80,"caption":"GTS Translation Services"},"image":{"@id":"https:\/\/www.gts-translation.com\/fr\/#\/schema\/logo\/image\/"},"sameAs":["https:\/\/www.facebook.com\/GTS.Translation\/"]}]}},"_links":{"self":[{"href":"https:\/\/www.gts-translation.com\/fr\/wp-json\/wp\/v2\/pages\/60469","targetHints":{"allow":["GET"]}}],"collection":[{"href":"https:\/\/www.gts-translation.com\/fr\/wp-json\/wp\/v2\/pages"}],"about":[{"href":"https:\/\/www.gts-translation.com\/fr\/wp-json\/wp\/v2\/types\/page"}],"author":[{"embeddable":true,"href":"https:\/\/www.gts-translation.com\/fr\/wp-json\/wp\/v2\/users\/261"}],"replies":[{"embeddable":true,"href":"https:\/\/www.gts-translation.com\/fr\/wp-json\/wp\/v2\/comments?post=60469"}],"version-history":[{"count":1,"href":"https:\/\/www.gts-translation.com\/fr\/wp-json\/wp\/v2\/pages\/60469\/revisions"}],"predecessor-version":[{"id":60474,"href":"https:\/\/www.gts-translation.com\/fr\/wp-json\/wp\/v2\/pages\/60469\/revisions\/60474"}],"wp:attachment":[{"href":"https:\/\/www.gts-translation.com\/fr\/wp-json\/wp\/v2\/media?parent=60469"}],"curies":[{"name":"wp","href":"https:\/\/api.w.org\/{rel}","templated":true}]}}