{"id":65879,"date":"2026-01-19T13:20:25","date_gmt":"2026-01-19T13:20:25","guid":{"rendered":"https:\/\/www.gts-translation.com\/obtenir-un-devis-pour-une-traduction-technique\/"},"modified":"2026-01-19T13:20:25","modified_gmt":"2026-01-19T13:20:25","slug":"obtenir-un-devis-pour-une-traduction-technique","status":"publish","type":"page","link":"https:\/\/www.gts-translation.com\/fr\/obtenir-un-devis-pour-une-traduction-technique\/","title":{"rendered":"Obtenir un devis pour une traduction technique"},"content":{"rendered":"\n<p>&nbsp;<\/p>\n<h3 class=\"fq-get-quote-footer\">Qu&#8217;est-ce qui est inclus ?<\/h3>\n<div class=\"col-md-12 fq-get-quote-footer-included\">\n<ul>\n<li>Traducteurs experts en terminologie technique et industrielle<\/li>\n<li>Traductions exactes de manuels, de fiches de donn\u00e9es de s\u00e9curit\u00e9, de catalogues, de sp\u00e9cifications et de dessins.<\/li>\n<li>Formatage pr\u00e9serv\u00e9 pour les tableaux, les diagrammes et les mises en page techniques<\/li>\n<li>D\u00e9lai d&#8217;ex\u00e9cution rapide pour les projets multi-fichiers et de grand volume<\/li>\n<li>Qualit\u00e9 certifi\u00e9e ISO 17100 pour les industries r\u00e9glement\u00e9es<\/li>\n<\/ul>\n<\/div>\n","protected":false},"excerpt":{"rendered":"<p>&nbsp; Qu&#8217;est-ce qui est inclus ? Traducteurs experts en terminologie technique et industrielle Traductions exactes de manuels, de fiches de donn\u00e9es de s\u00e9curit\u00e9, de catalogues, de sp\u00e9cifications et de dessins. Formatage pr\u00e9serv\u00e9 pour les tableaux, les diagrammes et les mises en page techniques D\u00e9lai d&#8217;ex\u00e9cution rapide pour les projets multi-fichiers et de grand volume Qualit\u00e9 &#8230; <a title=\"Obtenir un devis pour une traduction technique\" class=\"read-more\" href=\"https:\/\/www.gts-translation.com\/fr\/obtenir-un-devis-pour-une-traduction-technique\/\" aria-label=\"En savoir plus sur Obtenir un devis pour une traduction technique\">Lire la suite<\/a><\/p>\n","protected":false},"author":261,"featured_media":0,"parent":0,"menu_order":0,"comment_status":"closed","ping_status":"closed","template":"","meta":{"_acf_changed":false,"inline_featured_image":false,"_monsterinsights_skip_tracking":false,"_monsterinsights_sitenote_active":false,"_monsterinsights_sitenote_note":"","_monsterinsights_sitenote_category":0,"footnotes":""},"class_list":["post-65879","page","type-page","status-publish"],"acf":[],"yoast_head":"<!-- This site is optimized with the Yoast SEO Premium plugin v24.2 (Yoast SEO v27.3) - https:\/\/yoast.com\/product\/yoast-seo-premium-wordpress\/ -->\n<title>Obtenir un devis pour une traduction technique<\/title>\n<meta name=\"description\" content=\"Obtenez un devis pour des services de traduction de documents m\u00e9dicaux en quelques secondes ! Il vous suffit de t\u00e9l\u00e9charger vos documents m\u00e9dicaux et de s\u00e9lectionner les langues.\" \/>\n<meta name=\"robots\" content=\"index, follow, max-snippet:-1, max-image-preview:large, max-video-preview:-1\" \/>\n<link rel=\"canonical\" href=\"https:\/\/www.gts-translation.com\/fr\/obtenir-un-devis-pour-une-traduction-technique\/\" \/>\n<meta property=\"og:locale\" content=\"fr_FR\" \/>\n<meta property=\"og:type\" content=\"article\" \/>\n<meta property=\"og:title\" content=\"Obtenir un devis pour une traduction technique\" \/>\n<meta property=\"og:description\" content=\"Obtenez un devis pour des services de traduction de documents m\u00e9dicaux en quelques secondes ! Il vous suffit de t\u00e9l\u00e9charger vos documents m\u00e9dicaux et de s\u00e9lectionner les langues.\" \/>\n<meta property=\"og:url\" content=\"https:\/\/www.gts-translation.com\/fr\/obtenir-un-devis-pour-une-traduction-technique\/\" \/>\n<meta property=\"og:site_name\" content=\"GTS Translation Services\" \/>\n<meta property=\"article:publisher\" content=\"https:\/\/www.facebook.com\/GTS.Translation\/\" \/>\n<meta name=\"twitter:card\" content=\"summary_large_image\" \/>\n<script type=\"application\/ld+json\" class=\"yoast-schema-graph\">{\"@context\":\"https:\\\/\\\/schema.org\",\"@graph\":[{\"@type\":\"WebPage\",\"@id\":\"https:\\\/\\\/www.gts-translation.com\\\/fr\\\/obtenir-un-devis-pour-une-traduction-technique\\\/\",\"url\":\"https:\\\/\\\/www.gts-translation.com\\\/fr\\\/obtenir-un-devis-pour-une-traduction-technique\\\/\",\"name\":\"Obtenir un devis pour une traduction technique\",\"isPartOf\":{\"@id\":\"https:\\\/\\\/www.gts-translation.com\\\/fr\\\/#website\"},\"datePublished\":\"2026-01-19T13:20:25+00:00\",\"description\":\"Obtenez un devis pour des services de traduction de documents m\u00e9dicaux en quelques secondes ! Il vous suffit de t\u00e9l\u00e9charger vos documents m\u00e9dicaux et de s\u00e9lectionner les langues.\",\"breadcrumb\":{\"@id\":\"https:\\\/\\\/www.gts-translation.com\\\/fr\\\/obtenir-un-devis-pour-une-traduction-technique\\\/#breadcrumb\"},\"inLanguage\":\"fr-FR\",\"potentialAction\":[{\"@type\":\"ReadAction\",\"target\":[\"https:\\\/\\\/www.gts-translation.com\\\/fr\\\/obtenir-un-devis-pour-une-traduction-technique\\\/\"]}]},{\"@type\":\"BreadcrumbList\",\"@id\":\"https:\\\/\\\/www.gts-translation.com\\\/fr\\\/obtenir-un-devis-pour-une-traduction-technique\\\/#breadcrumb\",\"itemListElement\":[{\"@type\":\"ListItem\",\"position\":1,\"name\":\"Home\",\"item\":\"https:\\\/\\\/www.gts-translation.com\\\/fr\\\/\"},{\"@type\":\"ListItem\",\"position\":2,\"name\":\"Obtenir un devis pour une traduction technique\"}]},{\"@type\":\"WebSite\",\"@id\":\"https:\\\/\\\/www.gts-translation.com\\\/fr\\\/#website\",\"url\":\"https:\\\/\\\/www.gts-translation.com\\\/fr\\\/\",\"name\":\"GTS Translation Services\",\"description\":\"Quality you can trust at prices you can&#039;t beat!\",\"publisher\":{\"@id\":\"https:\\\/\\\/www.gts-translation.com\\\/fr\\\/#organization\"},\"potentialAction\":[{\"@type\":\"SearchAction\",\"target\":{\"@type\":\"EntryPoint\",\"urlTemplate\":\"https:\\\/\\\/www.gts-translation.com\\\/fr\\\/?s={search_term_string}\"},\"query-input\":{\"@type\":\"PropertyValueSpecification\",\"valueRequired\":true,\"valueName\":\"search_term_string\"}}],\"inLanguage\":\"fr-FR\"},{\"@type\":\"Organization\",\"@id\":\"https:\\\/\\\/www.gts-translation.com\\\/fr\\\/#organization\",\"name\":\"GTS Translation Services\",\"url\":\"https:\\\/\\\/www.gts-translation.com\\\/fr\\\/\",\"logo\":{\"@type\":\"ImageObject\",\"inLanguage\":\"fr-FR\",\"@id\":\"https:\\\/\\\/www.gts-translation.com\\\/fr\\\/#\\\/schema\\\/logo\\\/image\\\/\",\"url\":\"https:\\\/\\\/www.gts-translation.com\\\/wp-content\\\/uploads\\\/2023\\\/07\\\/gts-logo.png\",\"contentUrl\":\"https:\\\/\\\/www.gts-translation.com\\\/wp-content\\\/uploads\\\/2023\\\/07\\\/gts-logo.png\",\"width\":234,\"height\":80,\"caption\":\"GTS Translation Services\"},\"image\":{\"@id\":\"https:\\\/\\\/www.gts-translation.com\\\/fr\\\/#\\\/schema\\\/logo\\\/image\\\/\"},\"sameAs\":[\"https:\\\/\\\/www.facebook.com\\\/GTS.Translation\\\/\"]}]}<\/script>\n<!-- \/ Yoast SEO Premium plugin. -->","yoast_head_json":{"title":"Obtenir un devis pour une traduction technique","description":"Obtenez un devis pour des services de traduction de documents m\u00e9dicaux en quelques secondes ! Il vous suffit de t\u00e9l\u00e9charger vos documents m\u00e9dicaux et de s\u00e9lectionner les langues.","robots":{"index":"index","follow":"follow","max-snippet":"max-snippet:-1","max-image-preview":"max-image-preview:large","max-video-preview":"max-video-preview:-1"},"canonical":"https:\/\/www.gts-translation.com\/fr\/obtenir-un-devis-pour-une-traduction-technique\/","og_locale":"fr_FR","og_type":"article","og_title":"Obtenir un devis pour une traduction technique","og_description":"Obtenez un devis pour des services de traduction de documents m\u00e9dicaux en quelques secondes ! Il vous suffit de t\u00e9l\u00e9charger vos documents m\u00e9dicaux et de s\u00e9lectionner les langues.","og_url":"https:\/\/www.gts-translation.com\/fr\/obtenir-un-devis-pour-une-traduction-technique\/","og_site_name":"GTS Translation Services","article_publisher":"https:\/\/www.facebook.com\/GTS.Translation\/","twitter_card":"summary_large_image","schema":{"@context":"https:\/\/schema.org","@graph":[{"@type":"WebPage","@id":"https:\/\/www.gts-translation.com\/fr\/obtenir-un-devis-pour-une-traduction-technique\/","url":"https:\/\/www.gts-translation.com\/fr\/obtenir-un-devis-pour-une-traduction-technique\/","name":"Obtenir un devis pour une traduction technique","isPartOf":{"@id":"https:\/\/www.gts-translation.com\/fr\/#website"},"datePublished":"2026-01-19T13:20:25+00:00","description":"Obtenez un devis pour des services de traduction de documents m\u00e9dicaux en quelques secondes ! Il vous suffit de t\u00e9l\u00e9charger vos documents m\u00e9dicaux et de s\u00e9lectionner les langues.","breadcrumb":{"@id":"https:\/\/www.gts-translation.com\/fr\/obtenir-un-devis-pour-une-traduction-technique\/#breadcrumb"},"inLanguage":"fr-FR","potentialAction":[{"@type":"ReadAction","target":["https:\/\/www.gts-translation.com\/fr\/obtenir-un-devis-pour-une-traduction-technique\/"]}]},{"@type":"BreadcrumbList","@id":"https:\/\/www.gts-translation.com\/fr\/obtenir-un-devis-pour-une-traduction-technique\/#breadcrumb","itemListElement":[{"@type":"ListItem","position":1,"name":"Home","item":"https:\/\/www.gts-translation.com\/fr\/"},{"@type":"ListItem","position":2,"name":"Obtenir un devis pour une traduction technique"}]},{"@type":"WebSite","@id":"https:\/\/www.gts-translation.com\/fr\/#website","url":"https:\/\/www.gts-translation.com\/fr\/","name":"GTS Translation Services","description":"Quality you can trust at prices you can&#039;t beat!","publisher":{"@id":"https:\/\/www.gts-translation.com\/fr\/#organization"},"potentialAction":[{"@type":"SearchAction","target":{"@type":"EntryPoint","urlTemplate":"https:\/\/www.gts-translation.com\/fr\/?s={search_term_string}"},"query-input":{"@type":"PropertyValueSpecification","valueRequired":true,"valueName":"search_term_string"}}],"inLanguage":"fr-FR"},{"@type":"Organization","@id":"https:\/\/www.gts-translation.com\/fr\/#organization","name":"GTS Translation Services","url":"https:\/\/www.gts-translation.com\/fr\/","logo":{"@type":"ImageObject","inLanguage":"fr-FR","@id":"https:\/\/www.gts-translation.com\/fr\/#\/schema\/logo\/image\/","url":"https:\/\/www.gts-translation.com\/wp-content\/uploads\/2023\/07\/gts-logo.png","contentUrl":"https:\/\/www.gts-translation.com\/wp-content\/uploads\/2023\/07\/gts-logo.png","width":234,"height":80,"caption":"GTS Translation Services"},"image":{"@id":"https:\/\/www.gts-translation.com\/fr\/#\/schema\/logo\/image\/"},"sameAs":["https:\/\/www.facebook.com\/GTS.Translation\/"]}]}},"_links":{"self":[{"href":"https:\/\/www.gts-translation.com\/fr\/wp-json\/wp\/v2\/pages\/65879","targetHints":{"allow":["GET"]}}],"collection":[{"href":"https:\/\/www.gts-translation.com\/fr\/wp-json\/wp\/v2\/pages"}],"about":[{"href":"https:\/\/www.gts-translation.com\/fr\/wp-json\/wp\/v2\/types\/page"}],"author":[{"embeddable":true,"href":"https:\/\/www.gts-translation.com\/fr\/wp-json\/wp\/v2\/users\/261"}],"replies":[{"embeddable":true,"href":"https:\/\/www.gts-translation.com\/fr\/wp-json\/wp\/v2\/comments?post=65879"}],"version-history":[{"count":0,"href":"https:\/\/www.gts-translation.com\/fr\/wp-json\/wp\/v2\/pages\/65879\/revisions"}],"wp:attachment":[{"href":"https:\/\/www.gts-translation.com\/fr\/wp-json\/wp\/v2\/media?parent=65879"}],"curies":[{"name":"wp","href":"https:\/\/api.w.org\/{rel}","templated":true}]}}