{"id":65880,"date":"2026-01-19T13:22:03","date_gmt":"2026-01-19T13:22:03","guid":{"rendered":"https:\/\/www.gts-translation.com\/obtenir-un-devis-pour-des-services-de-traduction-sds\/"},"modified":"2026-01-19T13:52:20","modified_gmt":"2026-01-19T13:52:20","slug":"obtenir-un-devis-pour-des-services-de-traduction-sds","status":"publish","type":"page","link":"https:\/\/www.gts-translation.com\/fr\/obtenir-un-devis-pour-des-services-de-traduction-sds\/","title":{"rendered":"Obtenir un devis pour des services de traduction SDS"},"content":{"rendered":"\n<p>&nbsp;<\/p>\n<h3 class=\"fq-get-quote-footer\">Qu&#8217;est-ce qui est inclus ?<\/h3>\n<div class=\"col-md-12 fq-get-quote-footer-included\">\n<ul>\n<li data-start=\"707\" data-end=\"785\">D\u00e9lais d\u2019ex\u00e9cution rapides pour les projets de traduction de FDS urgents<\/li>\n<li data-start=\"788\" data-end=\"879\">Prix comp\u00e9titifs pour des FDS individuelles ou des portefeuilles de produits complets<\/li>\n<li data-start=\"882\" data-end=\"962\">Conformit\u00e9 r\u00e9glementaire garantie sur tous les principaux march\u00e9s mondiaux<\/li>\n<li data-start=\"965\" data-end=\"1035\">Terminologie pr\u00e9cise, coh\u00e9rente et conforme aux exigences du SGH<\/li>\n<li data-start=\"1038\" data-end=\"1137\">Un service fiable auquel font confiance de nombreux fabricants et distributeurs de premier plan<\/li>\n<\/ul>\n<\/div>\n","protected":false},"excerpt":{"rendered":"<p>&nbsp; Qu&#8217;est-ce qui est inclus ? D\u00e9lais d\u2019ex\u00e9cution rapides pour les projets de traduction de FDS urgents Prix comp\u00e9titifs pour des FDS individuelles ou des portefeuilles de produits complets Conformit\u00e9 r\u00e9glementaire garantie sur tous les principaux march\u00e9s mondiaux Terminologie pr\u00e9cise, coh\u00e9rente et conforme aux exigences du SGH Un service fiable auquel font confiance de nombreux &#8230; <a title=\"Obtenir un devis pour des services de traduction SDS\" class=\"read-more\" href=\"https:\/\/www.gts-translation.com\/fr\/obtenir-un-devis-pour-des-services-de-traduction-sds\/\" aria-label=\"En savoir plus sur Obtenir un devis pour des services de traduction SDS\">Lire la suite<\/a><\/p>\n","protected":false},"author":261,"featured_media":0,"parent":0,"menu_order":0,"comment_status":"closed","ping_status":"closed","template":"","meta":{"_acf_changed":false,"inline_featured_image":false,"_monsterinsights_skip_tracking":false,"_monsterinsights_sitenote_active":false,"_monsterinsights_sitenote_note":"","_monsterinsights_sitenote_category":0,"footnotes":""},"class_list":["post-65880","page","type-page","status-publish"],"acf":[],"yoast_head":"<!-- This site is optimized with the Yoast SEO Premium plugin v24.2 (Yoast SEO v27.4) - https:\/\/yoast.com\/product\/yoast-seo-premium-wordpress\/ -->\n<title>Obtenir un devis pour des services de traduction SDS<\/title>\n<meta name=\"robots\" content=\"index, follow, max-snippet:-1, max-image-preview:large, max-video-preview:-1\" \/>\n<link rel=\"canonical\" href=\"https:\/\/www.gts-translation.com\/fr\/obtenir-un-devis-pour-des-services-de-traduction-sds\/\" \/>\n<meta property=\"og:locale\" content=\"fr_FR\" \/>\n<meta property=\"og:type\" content=\"article\" \/>\n<meta property=\"og:title\" content=\"Obtenir un devis pour des services de traduction SDS\" \/>\n<meta property=\"og:description\" content=\"&nbsp; Qu&#8217;est-ce qui est inclus ? D\u00e9lais d\u2019ex\u00e9cution rapides pour les projets de traduction de FDS urgents Prix comp\u00e9titifs pour des FDS individuelles ou des portefeuilles de produits complets Conformit\u00e9 r\u00e9glementaire garantie sur tous les principaux march\u00e9s mondiaux Terminologie pr\u00e9cise, coh\u00e9rente et conforme aux exigences du SGH Un service fiable auquel font confiance de nombreux ... Lire la suite\" \/>\n<meta property=\"og:url\" content=\"https:\/\/www.gts-translation.com\/fr\/obtenir-un-devis-pour-des-services-de-traduction-sds\/\" \/>\n<meta property=\"og:site_name\" content=\"GTS Translation Services\" \/>\n<meta property=\"article:publisher\" content=\"https:\/\/www.facebook.com\/GTS.Translation\/\" \/>\n<meta property=\"article:modified_time\" content=\"2026-01-19T13:52:20+00:00\" \/>\n<meta name=\"twitter:card\" content=\"summary_large_image\" \/>\n<meta name=\"twitter:label1\" content=\"Dur\u00e9e de lecture estim\u00e9e\" \/>\n\t<meta name=\"twitter:data1\" content=\"1 minute\" \/>\n<script type=\"application\/ld+json\" class=\"yoast-schema-graph\">{\"@context\":\"https:\\\/\\\/schema.org\",\"@graph\":[{\"@type\":\"WebPage\",\"@id\":\"https:\\\/\\\/www.gts-translation.com\\\/fr\\\/obtenir-un-devis-pour-des-services-de-traduction-sds\\\/\",\"url\":\"https:\\\/\\\/www.gts-translation.com\\\/fr\\\/obtenir-un-devis-pour-des-services-de-traduction-sds\\\/\",\"name\":\"Obtenir un devis pour des services de traduction SDS\",\"isPartOf\":{\"@id\":\"https:\\\/\\\/www.gts-translation.com\\\/fr\\\/#website\"},\"datePublished\":\"2026-01-19T13:22:03+00:00\",\"dateModified\":\"2026-01-19T13:52:20+00:00\",\"breadcrumb\":{\"@id\":\"https:\\\/\\\/www.gts-translation.com\\\/fr\\\/obtenir-un-devis-pour-des-services-de-traduction-sds\\\/#breadcrumb\"},\"inLanguage\":\"fr-FR\",\"potentialAction\":[{\"@type\":\"ReadAction\",\"target\":[\"https:\\\/\\\/www.gts-translation.com\\\/fr\\\/obtenir-un-devis-pour-des-services-de-traduction-sds\\\/\"]}]},{\"@type\":\"BreadcrumbList\",\"@id\":\"https:\\\/\\\/www.gts-translation.com\\\/fr\\\/obtenir-un-devis-pour-des-services-de-traduction-sds\\\/#breadcrumb\",\"itemListElement\":[{\"@type\":\"ListItem\",\"position\":1,\"name\":\"Home\",\"item\":\"https:\\\/\\\/www.gts-translation.com\\\/fr\\\/\"},{\"@type\":\"ListItem\",\"position\":2,\"name\":\"Obtenir un devis pour des services de traduction SDS\"}]},{\"@type\":\"WebSite\",\"@id\":\"https:\\\/\\\/www.gts-translation.com\\\/fr\\\/#website\",\"url\":\"https:\\\/\\\/www.gts-translation.com\\\/fr\\\/\",\"name\":\"GTS Translation Services\",\"description\":\"Quality you can trust at prices you can&#039;t beat!\",\"publisher\":{\"@id\":\"https:\\\/\\\/www.gts-translation.com\\\/fr\\\/#organization\"},\"potentialAction\":[{\"@type\":\"SearchAction\",\"target\":{\"@type\":\"EntryPoint\",\"urlTemplate\":\"https:\\\/\\\/www.gts-translation.com\\\/fr\\\/?s={search_term_string}\"},\"query-input\":{\"@type\":\"PropertyValueSpecification\",\"valueRequired\":true,\"valueName\":\"search_term_string\"}}],\"inLanguage\":\"fr-FR\"},{\"@type\":\"Organization\",\"@id\":\"https:\\\/\\\/www.gts-translation.com\\\/fr\\\/#organization\",\"name\":\"GTS Translation Services\",\"url\":\"https:\\\/\\\/www.gts-translation.com\\\/fr\\\/\",\"logo\":{\"@type\":\"ImageObject\",\"inLanguage\":\"fr-FR\",\"@id\":\"https:\\\/\\\/www.gts-translation.com\\\/fr\\\/#\\\/schema\\\/logo\\\/image\\\/\",\"url\":\"https:\\\/\\\/www.gts-translation.com\\\/wp-content\\\/uploads\\\/2023\\\/07\\\/gts-logo.png\",\"contentUrl\":\"https:\\\/\\\/www.gts-translation.com\\\/wp-content\\\/uploads\\\/2023\\\/07\\\/gts-logo.png\",\"width\":234,\"height\":80,\"caption\":\"GTS Translation Services\"},\"image\":{\"@id\":\"https:\\\/\\\/www.gts-translation.com\\\/fr\\\/#\\\/schema\\\/logo\\\/image\\\/\"},\"sameAs\":[\"https:\\\/\\\/www.facebook.com\\\/GTS.Translation\\\/\"]}]}<\/script>\n<!-- \/ Yoast SEO Premium plugin. -->","yoast_head_json":{"title":"Obtenir un devis pour des services de traduction SDS","robots":{"index":"index","follow":"follow","max-snippet":"max-snippet:-1","max-image-preview":"max-image-preview:large","max-video-preview":"max-video-preview:-1"},"canonical":"https:\/\/www.gts-translation.com\/fr\/obtenir-un-devis-pour-des-services-de-traduction-sds\/","og_locale":"fr_FR","og_type":"article","og_title":"Obtenir un devis pour des services de traduction SDS","og_description":"&nbsp; Qu&#8217;est-ce qui est inclus ? D\u00e9lais d\u2019ex\u00e9cution rapides pour les projets de traduction de FDS urgents Prix comp\u00e9titifs pour des FDS individuelles ou des portefeuilles de produits complets Conformit\u00e9 r\u00e9glementaire garantie sur tous les principaux march\u00e9s mondiaux Terminologie pr\u00e9cise, coh\u00e9rente et conforme aux exigences du SGH Un service fiable auquel font confiance de nombreux ... Lire la suite","og_url":"https:\/\/www.gts-translation.com\/fr\/obtenir-un-devis-pour-des-services-de-traduction-sds\/","og_site_name":"GTS Translation Services","article_publisher":"https:\/\/www.facebook.com\/GTS.Translation\/","article_modified_time":"2026-01-19T13:52:20+00:00","twitter_card":"summary_large_image","twitter_misc":{"Dur\u00e9e de lecture estim\u00e9e":"1 minute"},"schema":{"@context":"https:\/\/schema.org","@graph":[{"@type":"WebPage","@id":"https:\/\/www.gts-translation.com\/fr\/obtenir-un-devis-pour-des-services-de-traduction-sds\/","url":"https:\/\/www.gts-translation.com\/fr\/obtenir-un-devis-pour-des-services-de-traduction-sds\/","name":"Obtenir un devis pour des services de traduction SDS","isPartOf":{"@id":"https:\/\/www.gts-translation.com\/fr\/#website"},"datePublished":"2026-01-19T13:22:03+00:00","dateModified":"2026-01-19T13:52:20+00:00","breadcrumb":{"@id":"https:\/\/www.gts-translation.com\/fr\/obtenir-un-devis-pour-des-services-de-traduction-sds\/#breadcrumb"},"inLanguage":"fr-FR","potentialAction":[{"@type":"ReadAction","target":["https:\/\/www.gts-translation.com\/fr\/obtenir-un-devis-pour-des-services-de-traduction-sds\/"]}]},{"@type":"BreadcrumbList","@id":"https:\/\/www.gts-translation.com\/fr\/obtenir-un-devis-pour-des-services-de-traduction-sds\/#breadcrumb","itemListElement":[{"@type":"ListItem","position":1,"name":"Home","item":"https:\/\/www.gts-translation.com\/fr\/"},{"@type":"ListItem","position":2,"name":"Obtenir un devis pour des services de traduction SDS"}]},{"@type":"WebSite","@id":"https:\/\/www.gts-translation.com\/fr\/#website","url":"https:\/\/www.gts-translation.com\/fr\/","name":"GTS Translation Services","description":"Quality you can trust at prices you can&#039;t beat!","publisher":{"@id":"https:\/\/www.gts-translation.com\/fr\/#organization"},"potentialAction":[{"@type":"SearchAction","target":{"@type":"EntryPoint","urlTemplate":"https:\/\/www.gts-translation.com\/fr\/?s={search_term_string}"},"query-input":{"@type":"PropertyValueSpecification","valueRequired":true,"valueName":"search_term_string"}}],"inLanguage":"fr-FR"},{"@type":"Organization","@id":"https:\/\/www.gts-translation.com\/fr\/#organization","name":"GTS Translation Services","url":"https:\/\/www.gts-translation.com\/fr\/","logo":{"@type":"ImageObject","inLanguage":"fr-FR","@id":"https:\/\/www.gts-translation.com\/fr\/#\/schema\/logo\/image\/","url":"https:\/\/www.gts-translation.com\/wp-content\/uploads\/2023\/07\/gts-logo.png","contentUrl":"https:\/\/www.gts-translation.com\/wp-content\/uploads\/2023\/07\/gts-logo.png","width":234,"height":80,"caption":"GTS Translation Services"},"image":{"@id":"https:\/\/www.gts-translation.com\/fr\/#\/schema\/logo\/image\/"},"sameAs":["https:\/\/www.facebook.com\/GTS.Translation\/"]}]}},"_links":{"self":[{"href":"https:\/\/www.gts-translation.com\/fr\/wp-json\/wp\/v2\/pages\/65880","targetHints":{"allow":["GET"]}}],"collection":[{"href":"https:\/\/www.gts-translation.com\/fr\/wp-json\/wp\/v2\/pages"}],"about":[{"href":"https:\/\/www.gts-translation.com\/fr\/wp-json\/wp\/v2\/types\/page"}],"author":[{"embeddable":true,"href":"https:\/\/www.gts-translation.com\/fr\/wp-json\/wp\/v2\/users\/261"}],"replies":[{"embeddable":true,"href":"https:\/\/www.gts-translation.com\/fr\/wp-json\/wp\/v2\/comments?post=65880"}],"version-history":[{"count":3,"href":"https:\/\/www.gts-translation.com\/fr\/wp-json\/wp\/v2\/pages\/65880\/revisions"}],"predecessor-version":[{"id":65889,"href":"https:\/\/www.gts-translation.com\/fr\/wp-json\/wp\/v2\/pages\/65880\/revisions\/65889"}],"wp:attachment":[{"href":"https:\/\/www.gts-translation.com\/fr\/wp-json\/wp\/v2\/media?parent=65880"}],"curies":[{"name":"wp","href":"https:\/\/api.w.org\/{rel}","templated":true}]}}