{"id":65881,"date":"2026-01-19T13:22:32","date_gmt":"2026-01-19T13:22:32","guid":{"rendered":"https:\/\/www.gts-translation.com\/obtenir-un-devis-pour-une-traduction-uscis\/"},"modified":"2026-01-19T13:32:21","modified_gmt":"2026-01-19T13:32:21","slug":"obtenir-un-devis-pour-une-traduction-uscis","status":"publish","type":"page","link":"https:\/\/www.gts-translation.com\/fr\/obtenir-un-devis-pour-une-traduction-uscis\/","title":{"rendered":"Obtenir un devis pour une traduction USCIS"},"content":{"rendered":"\n<p>&nbsp;<\/p>\n<h3 class=\"fq-get-quote-footer\">Qu&#8217;est-ce qui est inclus ?<\/h3>\n<div class=\"col-md-12 fq-get-quote-footer-included\">\n<ul>\n<li data-start=\"593\" data-end=\"707\">Traductions certifi\u00e9es accept\u00e9es par l\u2019<span class=\"hover:entity-accent entity-underline inline cursor-pointer align-baseline\"><span class=\"whitespace-normal\">USCIS<\/span><\/span> et les agences gouvernementales<\/li>\n<li data-start=\"710\" data-end=\"769\">Livraison dans le format appropri\u00e9 pour la soumission<\/li>\n<li data-start=\"772\" data-end=\"821\">D\u00e9claration de certification sign\u00e9e incluse<\/li>\n<li data-start=\"824\" data-end=\"847\">Aucun frais cach\u00e9<\/li>\n<li data-start=\"850\" data-end=\"880\">D\u00e9lais d\u2019ex\u00e9cution rapides<\/li>\n<\/ul>\n<\/div>\n","protected":false},"excerpt":{"rendered":"<p>&nbsp; Qu&#8217;est-ce qui est inclus ? Traductions certifi\u00e9es accept\u00e9es par l\u2019USCIS et les agences gouvernementales Livraison dans le format appropri\u00e9 pour la soumission D\u00e9claration de certification sign\u00e9e incluse Aucun frais cach\u00e9 D\u00e9lais d\u2019ex\u00e9cution rapides<\/p>\n","protected":false},"author":261,"featured_media":0,"parent":0,"menu_order":0,"comment_status":"closed","ping_status":"closed","template":"","meta":{"_acf_changed":false,"inline_featured_image":false,"_monsterinsights_skip_tracking":false,"_monsterinsights_sitenote_active":false,"_monsterinsights_sitenote_note":"","_monsterinsights_sitenote_category":0,"footnotes":""},"class_list":["post-65881","page","type-page","status-publish"],"acf":[],"yoast_head":"<!-- This site is optimized with the Yoast SEO Premium plugin v24.2 (Yoast SEO v27.3) - https:\/\/yoast.com\/product\/yoast-seo-premium-wordpress\/ -->\n<title>Obtenir un devis pour une traduction USCIS<\/title>\n<meta name=\"description\" content=\"Obtenez un devis pour les services de traduction de l&#039;USCIS en quelques secondes ! Inclut une d\u00e9claration d&#039;exactitude. Acceptation garantie par l&#039;USCIS. .\" \/>\n<meta name=\"robots\" content=\"index, follow, max-snippet:-1, max-image-preview:large, max-video-preview:-1\" \/>\n<link rel=\"canonical\" href=\"https:\/\/www.gts-translation.com\/fr\/obtenir-un-devis-pour-une-traduction-uscis\/\" \/>\n<meta property=\"og:locale\" content=\"fr_FR\" \/>\n<meta property=\"og:type\" content=\"article\" \/>\n<meta property=\"og:title\" content=\"Obtenir un devis pour une traduction USCIS\" \/>\n<meta property=\"og:description\" content=\"Obtenez un devis pour les services de traduction de l&#039;USCIS en quelques secondes ! Inclut une d\u00e9claration d&#039;exactitude. Acceptation garantie par l&#039;USCIS. .\" \/>\n<meta property=\"og:url\" content=\"https:\/\/www.gts-translation.com\/fr\/obtenir-un-devis-pour-une-traduction-uscis\/\" \/>\n<meta property=\"og:site_name\" content=\"GTS Translation Services\" \/>\n<meta property=\"article:publisher\" content=\"https:\/\/www.facebook.com\/GTS.Translation\/\" \/>\n<meta property=\"article:modified_time\" content=\"2026-01-19T13:32:21+00:00\" \/>\n<meta name=\"twitter:card\" content=\"summary_large_image\" \/>\n<meta name=\"twitter:label1\" content=\"Dur\u00e9e de lecture estim\u00e9e\" \/>\n\t<meta name=\"twitter:data1\" content=\"1 minute\" \/>\n<script type=\"application\/ld+json\" class=\"yoast-schema-graph\">{\"@context\":\"https:\\\/\\\/schema.org\",\"@graph\":[{\"@type\":\"WebPage\",\"@id\":\"https:\\\/\\\/www.gts-translation.com\\\/fr\\\/obtenir-un-devis-pour-une-traduction-uscis\\\/\",\"url\":\"https:\\\/\\\/www.gts-translation.com\\\/fr\\\/obtenir-un-devis-pour-une-traduction-uscis\\\/\",\"name\":\"Obtenir un devis pour une traduction USCIS\",\"isPartOf\":{\"@id\":\"https:\\\/\\\/www.gts-translation.com\\\/fr\\\/#website\"},\"datePublished\":\"2026-01-19T13:22:32+00:00\",\"dateModified\":\"2026-01-19T13:32:21+00:00\",\"description\":\"Obtenez un devis pour les services de traduction de l'USCIS en quelques secondes ! Inclut une d\u00e9claration d'exactitude. Acceptation garantie par l'USCIS. .\",\"breadcrumb\":{\"@id\":\"https:\\\/\\\/www.gts-translation.com\\\/fr\\\/obtenir-un-devis-pour-une-traduction-uscis\\\/#breadcrumb\"},\"inLanguage\":\"fr-FR\",\"potentialAction\":[{\"@type\":\"ReadAction\",\"target\":[\"https:\\\/\\\/www.gts-translation.com\\\/fr\\\/obtenir-un-devis-pour-une-traduction-uscis\\\/\"]}]},{\"@type\":\"BreadcrumbList\",\"@id\":\"https:\\\/\\\/www.gts-translation.com\\\/fr\\\/obtenir-un-devis-pour-une-traduction-uscis\\\/#breadcrumb\",\"itemListElement\":[{\"@type\":\"ListItem\",\"position\":1,\"name\":\"Home\",\"item\":\"https:\\\/\\\/www.gts-translation.com\\\/fr\\\/\"},{\"@type\":\"ListItem\",\"position\":2,\"name\":\"Obtenir un devis pour une traduction USCIS\"}]},{\"@type\":\"WebSite\",\"@id\":\"https:\\\/\\\/www.gts-translation.com\\\/fr\\\/#website\",\"url\":\"https:\\\/\\\/www.gts-translation.com\\\/fr\\\/\",\"name\":\"GTS Translation Services\",\"description\":\"Quality you can trust at prices you can&#039;t beat!\",\"publisher\":{\"@id\":\"https:\\\/\\\/www.gts-translation.com\\\/fr\\\/#organization\"},\"potentialAction\":[{\"@type\":\"SearchAction\",\"target\":{\"@type\":\"EntryPoint\",\"urlTemplate\":\"https:\\\/\\\/www.gts-translation.com\\\/fr\\\/?s={search_term_string}\"},\"query-input\":{\"@type\":\"PropertyValueSpecification\",\"valueRequired\":true,\"valueName\":\"search_term_string\"}}],\"inLanguage\":\"fr-FR\"},{\"@type\":\"Organization\",\"@id\":\"https:\\\/\\\/www.gts-translation.com\\\/fr\\\/#organization\",\"name\":\"GTS Translation Services\",\"url\":\"https:\\\/\\\/www.gts-translation.com\\\/fr\\\/\",\"logo\":{\"@type\":\"ImageObject\",\"inLanguage\":\"fr-FR\",\"@id\":\"https:\\\/\\\/www.gts-translation.com\\\/fr\\\/#\\\/schema\\\/logo\\\/image\\\/\",\"url\":\"https:\\\/\\\/www.gts-translation.com\\\/wp-content\\\/uploads\\\/2023\\\/07\\\/gts-logo.png\",\"contentUrl\":\"https:\\\/\\\/www.gts-translation.com\\\/wp-content\\\/uploads\\\/2023\\\/07\\\/gts-logo.png\",\"width\":234,\"height\":80,\"caption\":\"GTS Translation Services\"},\"image\":{\"@id\":\"https:\\\/\\\/www.gts-translation.com\\\/fr\\\/#\\\/schema\\\/logo\\\/image\\\/\"},\"sameAs\":[\"https:\\\/\\\/www.facebook.com\\\/GTS.Translation\\\/\"]}]}<\/script>\n<!-- \/ Yoast SEO Premium plugin. -->","yoast_head_json":{"title":"Obtenir un devis pour une traduction USCIS","description":"Obtenez un devis pour les services de traduction de l'USCIS en quelques secondes ! Inclut une d\u00e9claration d'exactitude. Acceptation garantie par l'USCIS. .","robots":{"index":"index","follow":"follow","max-snippet":"max-snippet:-1","max-image-preview":"max-image-preview:large","max-video-preview":"max-video-preview:-1"},"canonical":"https:\/\/www.gts-translation.com\/fr\/obtenir-un-devis-pour-une-traduction-uscis\/","og_locale":"fr_FR","og_type":"article","og_title":"Obtenir un devis pour une traduction USCIS","og_description":"Obtenez un devis pour les services de traduction de l'USCIS en quelques secondes ! Inclut une d\u00e9claration d'exactitude. Acceptation garantie par l'USCIS. .","og_url":"https:\/\/www.gts-translation.com\/fr\/obtenir-un-devis-pour-une-traduction-uscis\/","og_site_name":"GTS Translation Services","article_publisher":"https:\/\/www.facebook.com\/GTS.Translation\/","article_modified_time":"2026-01-19T13:32:21+00:00","twitter_card":"summary_large_image","twitter_misc":{"Dur\u00e9e de lecture estim\u00e9e":"1 minute"},"schema":{"@context":"https:\/\/schema.org","@graph":[{"@type":"WebPage","@id":"https:\/\/www.gts-translation.com\/fr\/obtenir-un-devis-pour-une-traduction-uscis\/","url":"https:\/\/www.gts-translation.com\/fr\/obtenir-un-devis-pour-une-traduction-uscis\/","name":"Obtenir un devis pour une traduction USCIS","isPartOf":{"@id":"https:\/\/www.gts-translation.com\/fr\/#website"},"datePublished":"2026-01-19T13:22:32+00:00","dateModified":"2026-01-19T13:32:21+00:00","description":"Obtenez un devis pour les services de traduction de l'USCIS en quelques secondes ! Inclut une d\u00e9claration d'exactitude. Acceptation garantie par l'USCIS. .","breadcrumb":{"@id":"https:\/\/www.gts-translation.com\/fr\/obtenir-un-devis-pour-une-traduction-uscis\/#breadcrumb"},"inLanguage":"fr-FR","potentialAction":[{"@type":"ReadAction","target":["https:\/\/www.gts-translation.com\/fr\/obtenir-un-devis-pour-une-traduction-uscis\/"]}]},{"@type":"BreadcrumbList","@id":"https:\/\/www.gts-translation.com\/fr\/obtenir-un-devis-pour-une-traduction-uscis\/#breadcrumb","itemListElement":[{"@type":"ListItem","position":1,"name":"Home","item":"https:\/\/www.gts-translation.com\/fr\/"},{"@type":"ListItem","position":2,"name":"Obtenir un devis pour une traduction USCIS"}]},{"@type":"WebSite","@id":"https:\/\/www.gts-translation.com\/fr\/#website","url":"https:\/\/www.gts-translation.com\/fr\/","name":"GTS Translation Services","description":"Quality you can trust at prices you can&#039;t beat!","publisher":{"@id":"https:\/\/www.gts-translation.com\/fr\/#organization"},"potentialAction":[{"@type":"SearchAction","target":{"@type":"EntryPoint","urlTemplate":"https:\/\/www.gts-translation.com\/fr\/?s={search_term_string}"},"query-input":{"@type":"PropertyValueSpecification","valueRequired":true,"valueName":"search_term_string"}}],"inLanguage":"fr-FR"},{"@type":"Organization","@id":"https:\/\/www.gts-translation.com\/fr\/#organization","name":"GTS Translation Services","url":"https:\/\/www.gts-translation.com\/fr\/","logo":{"@type":"ImageObject","inLanguage":"fr-FR","@id":"https:\/\/www.gts-translation.com\/fr\/#\/schema\/logo\/image\/","url":"https:\/\/www.gts-translation.com\/wp-content\/uploads\/2023\/07\/gts-logo.png","contentUrl":"https:\/\/www.gts-translation.com\/wp-content\/uploads\/2023\/07\/gts-logo.png","width":234,"height":80,"caption":"GTS Translation Services"},"image":{"@id":"https:\/\/www.gts-translation.com\/fr\/#\/schema\/logo\/image\/"},"sameAs":["https:\/\/www.facebook.com\/GTS.Translation\/"]}]}},"_links":{"self":[{"href":"https:\/\/www.gts-translation.com\/fr\/wp-json\/wp\/v2\/pages\/65881","targetHints":{"allow":["GET"]}}],"collection":[{"href":"https:\/\/www.gts-translation.com\/fr\/wp-json\/wp\/v2\/pages"}],"about":[{"href":"https:\/\/www.gts-translation.com\/fr\/wp-json\/wp\/v2\/types\/page"}],"author":[{"embeddable":true,"href":"https:\/\/www.gts-translation.com\/fr\/wp-json\/wp\/v2\/users\/261"}],"replies":[{"embeddable":true,"href":"https:\/\/www.gts-translation.com\/fr\/wp-json\/wp\/v2\/comments?post=65881"}],"version-history":[{"count":1,"href":"https:\/\/www.gts-translation.com\/fr\/wp-json\/wp\/v2\/pages\/65881\/revisions"}],"predecessor-version":[{"id":65886,"href":"https:\/\/www.gts-translation.com\/fr\/wp-json\/wp\/v2\/pages\/65881\/revisions\/65886"}],"wp:attachment":[{"href":"https:\/\/www.gts-translation.com\/fr\/wp-json\/wp\/v2\/media?parent=65881"}],"curies":[{"name":"wp","href":"https:\/\/api.w.org\/{rel}","templated":true}]}}