{"id":65882,"date":"2026-01-19T13:24:13","date_gmt":"2026-01-19T13:24:13","guid":{"rendered":"https:\/\/www.gts-translation.com\/obtenir-un-devis-pour-la-traduction-medicale\/"},"modified":"2026-01-19T13:30:45","modified_gmt":"2026-01-19T13:30:45","slug":"obtenir-un-devis-pour-la-traduction-medicale","status":"publish","type":"page","link":"https:\/\/www.gts-translation.com\/fr\/obtenir-un-devis-pour-la-traduction-medicale\/","title":{"rendered":"Obtenir un devis pour la traduction m\u00e9dicale"},"content":{"rendered":"\n<p>&nbsp;<\/p>\n<h3 class=\"fq-get-quote-footer\">Qu&#8217;est-ce qui est inclus ?<\/h3>\n<div class=\"col-md-12 fq-get-quote-footer-included\">\n<ul>\n<li>Traducteurs m\u00e9dicaux experts pour les documents cliniques, r\u00e9glementaires et destin\u00e9s aux patients<\/li>\n<li>Traductions accept\u00e9es par les comit\u00e9s d\u2019\u00e9thique pour les consentements \u00e9clair\u00e9s, les protocoles et le mat\u00e9riel d\u2019\u00e9tude<\/li>\n<li>Traductions exactes des rapports hospitaliers, des r\u00e9sultats radiologiques et des r\u00e9sultats de laboratoire<\/li>\n<li>Traitement s\u00e9curis\u00e9, confidentiel et conforme au RGPD de toutes les donn\u00e9es m\u00e9dicales<\/li>\n<li>D\u00e9lai d&#8217;ex\u00e9cution rapide pour les besoins m\u00e9dicaux des particuliers et des entreprises<\/li>\n<\/ul>\n<\/div>\n","protected":false},"excerpt":{"rendered":"<p>&nbsp; Qu&#8217;est-ce qui est inclus ? Traducteurs m\u00e9dicaux experts pour les documents cliniques, r\u00e9glementaires et destin\u00e9s aux patients Traductions accept\u00e9es par les comit\u00e9s d\u2019\u00e9thique pour les consentements \u00e9clair\u00e9s, les protocoles et le mat\u00e9riel d\u2019\u00e9tude Traductions exactes des rapports hospitaliers, des r\u00e9sultats radiologiques et des r\u00e9sultats de laboratoire Traitement s\u00e9curis\u00e9, confidentiel et conforme au RGPD de &#8230; <a title=\"Obtenir un devis pour la traduction m\u00e9dicale\" class=\"read-more\" href=\"https:\/\/www.gts-translation.com\/fr\/obtenir-un-devis-pour-la-traduction-medicale\/\" aria-label=\"En savoir plus sur Obtenir un devis pour la traduction m\u00e9dicale\">Lire la suite<\/a><\/p>\n","protected":false},"author":261,"featured_media":0,"parent":0,"menu_order":0,"comment_status":"closed","ping_status":"closed","template":"","meta":{"_acf_changed":false,"inline_featured_image":false,"_monsterinsights_skip_tracking":false,"_monsterinsights_sitenote_active":false,"_monsterinsights_sitenote_note":"","_monsterinsights_sitenote_category":0,"footnotes":""},"class_list":["post-65882","page","type-page","status-publish"],"acf":[],"yoast_head":"<!-- This site is optimized with the Yoast SEO Premium plugin v24.2 (Yoast SEO v27.3) - https:\/\/yoast.com\/product\/yoast-seo-premium-wordpress\/ -->\n<title>Obtenir un devis pour la traduction m\u00e9dicale<\/title>\n<meta name=\"description\" content=\"Obtenez un devis pour des services de traduction de documents m\u00e9dicaux en quelques secondes ! Il vous suffit de t\u00e9l\u00e9charger vos documents m\u00e9dicaux et de s\u00e9lectionner les langues.\" \/>\n<meta name=\"robots\" content=\"index, follow, max-snippet:-1, max-image-preview:large, max-video-preview:-1\" \/>\n<link rel=\"canonical\" href=\"https:\/\/www.gts-translation.com\/fr\/obtenir-un-devis-pour-la-traduction-medicale\/\" \/>\n<meta property=\"og:locale\" content=\"fr_FR\" \/>\n<meta property=\"og:type\" content=\"article\" \/>\n<meta property=\"og:title\" content=\"Obtenir un devis pour la traduction m\u00e9dicale\" \/>\n<meta property=\"og:description\" content=\"Obtenez un devis pour des services de traduction de documents m\u00e9dicaux en quelques secondes ! Il vous suffit de t\u00e9l\u00e9charger vos documents m\u00e9dicaux et de s\u00e9lectionner les langues.\" \/>\n<meta property=\"og:url\" content=\"https:\/\/www.gts-translation.com\/fr\/obtenir-un-devis-pour-la-traduction-medicale\/\" \/>\n<meta property=\"og:site_name\" content=\"GTS Translation Services\" \/>\n<meta property=\"article:publisher\" content=\"https:\/\/www.facebook.com\/GTS.Translation\/\" \/>\n<meta property=\"article:modified_time\" content=\"2026-01-19T13:30:45+00:00\" \/>\n<meta name=\"twitter:card\" content=\"summary_large_image\" \/>\n<meta name=\"twitter:label1\" content=\"Dur\u00e9e de lecture estim\u00e9e\" \/>\n\t<meta name=\"twitter:data1\" content=\"1 minute\" \/>\n<script type=\"application\/ld+json\" class=\"yoast-schema-graph\">{\"@context\":\"https:\\\/\\\/schema.org\",\"@graph\":[{\"@type\":\"WebPage\",\"@id\":\"https:\\\/\\\/www.gts-translation.com\\\/fr\\\/obtenir-un-devis-pour-la-traduction-medicale\\\/\",\"url\":\"https:\\\/\\\/www.gts-translation.com\\\/fr\\\/obtenir-un-devis-pour-la-traduction-medicale\\\/\",\"name\":\"Obtenir un devis pour la traduction m\u00e9dicale\",\"isPartOf\":{\"@id\":\"https:\\\/\\\/www.gts-translation.com\\\/fr\\\/#website\"},\"datePublished\":\"2026-01-19T13:24:13+00:00\",\"dateModified\":\"2026-01-19T13:30:45+00:00\",\"description\":\"Obtenez un devis pour des services de traduction de documents m\u00e9dicaux en quelques secondes ! Il vous suffit de t\u00e9l\u00e9charger vos documents m\u00e9dicaux et de s\u00e9lectionner les langues.\",\"breadcrumb\":{\"@id\":\"https:\\\/\\\/www.gts-translation.com\\\/fr\\\/obtenir-un-devis-pour-la-traduction-medicale\\\/#breadcrumb\"},\"inLanguage\":\"fr-FR\",\"potentialAction\":[{\"@type\":\"ReadAction\",\"target\":[\"https:\\\/\\\/www.gts-translation.com\\\/fr\\\/obtenir-un-devis-pour-la-traduction-medicale\\\/\"]}]},{\"@type\":\"BreadcrumbList\",\"@id\":\"https:\\\/\\\/www.gts-translation.com\\\/fr\\\/obtenir-un-devis-pour-la-traduction-medicale\\\/#breadcrumb\",\"itemListElement\":[{\"@type\":\"ListItem\",\"position\":1,\"name\":\"Home\",\"item\":\"https:\\\/\\\/www.gts-translation.com\\\/fr\\\/\"},{\"@type\":\"ListItem\",\"position\":2,\"name\":\"Obtenir un devis pour la traduction m\u00e9dicale\"}]},{\"@type\":\"WebSite\",\"@id\":\"https:\\\/\\\/www.gts-translation.com\\\/fr\\\/#website\",\"url\":\"https:\\\/\\\/www.gts-translation.com\\\/fr\\\/\",\"name\":\"GTS Translation Services\",\"description\":\"Quality you can trust at prices you can&#039;t beat!\",\"publisher\":{\"@id\":\"https:\\\/\\\/www.gts-translation.com\\\/fr\\\/#organization\"},\"potentialAction\":[{\"@type\":\"SearchAction\",\"target\":{\"@type\":\"EntryPoint\",\"urlTemplate\":\"https:\\\/\\\/www.gts-translation.com\\\/fr\\\/?s={search_term_string}\"},\"query-input\":{\"@type\":\"PropertyValueSpecification\",\"valueRequired\":true,\"valueName\":\"search_term_string\"}}],\"inLanguage\":\"fr-FR\"},{\"@type\":\"Organization\",\"@id\":\"https:\\\/\\\/www.gts-translation.com\\\/fr\\\/#organization\",\"name\":\"GTS Translation Services\",\"url\":\"https:\\\/\\\/www.gts-translation.com\\\/fr\\\/\",\"logo\":{\"@type\":\"ImageObject\",\"inLanguage\":\"fr-FR\",\"@id\":\"https:\\\/\\\/www.gts-translation.com\\\/fr\\\/#\\\/schema\\\/logo\\\/image\\\/\",\"url\":\"https:\\\/\\\/www.gts-translation.com\\\/wp-content\\\/uploads\\\/2023\\\/07\\\/gts-logo.png\",\"contentUrl\":\"https:\\\/\\\/www.gts-translation.com\\\/wp-content\\\/uploads\\\/2023\\\/07\\\/gts-logo.png\",\"width\":234,\"height\":80,\"caption\":\"GTS Translation Services\"},\"image\":{\"@id\":\"https:\\\/\\\/www.gts-translation.com\\\/fr\\\/#\\\/schema\\\/logo\\\/image\\\/\"},\"sameAs\":[\"https:\\\/\\\/www.facebook.com\\\/GTS.Translation\\\/\"]}]}<\/script>\n<!-- \/ Yoast SEO Premium plugin. -->","yoast_head_json":{"title":"Obtenir un devis pour la traduction m\u00e9dicale","description":"Obtenez un devis pour des services de traduction de documents m\u00e9dicaux en quelques secondes ! Il vous suffit de t\u00e9l\u00e9charger vos documents m\u00e9dicaux et de s\u00e9lectionner les langues.","robots":{"index":"index","follow":"follow","max-snippet":"max-snippet:-1","max-image-preview":"max-image-preview:large","max-video-preview":"max-video-preview:-1"},"canonical":"https:\/\/www.gts-translation.com\/fr\/obtenir-un-devis-pour-la-traduction-medicale\/","og_locale":"fr_FR","og_type":"article","og_title":"Obtenir un devis pour la traduction m\u00e9dicale","og_description":"Obtenez un devis pour des services de traduction de documents m\u00e9dicaux en quelques secondes ! Il vous suffit de t\u00e9l\u00e9charger vos documents m\u00e9dicaux et de s\u00e9lectionner les langues.","og_url":"https:\/\/www.gts-translation.com\/fr\/obtenir-un-devis-pour-la-traduction-medicale\/","og_site_name":"GTS Translation Services","article_publisher":"https:\/\/www.facebook.com\/GTS.Translation\/","article_modified_time":"2026-01-19T13:30:45+00:00","twitter_card":"summary_large_image","twitter_misc":{"Dur\u00e9e de lecture estim\u00e9e":"1 minute"},"schema":{"@context":"https:\/\/schema.org","@graph":[{"@type":"WebPage","@id":"https:\/\/www.gts-translation.com\/fr\/obtenir-un-devis-pour-la-traduction-medicale\/","url":"https:\/\/www.gts-translation.com\/fr\/obtenir-un-devis-pour-la-traduction-medicale\/","name":"Obtenir un devis pour la traduction m\u00e9dicale","isPartOf":{"@id":"https:\/\/www.gts-translation.com\/fr\/#website"},"datePublished":"2026-01-19T13:24:13+00:00","dateModified":"2026-01-19T13:30:45+00:00","description":"Obtenez un devis pour des services de traduction de documents m\u00e9dicaux en quelques secondes ! Il vous suffit de t\u00e9l\u00e9charger vos documents m\u00e9dicaux et de s\u00e9lectionner les langues.","breadcrumb":{"@id":"https:\/\/www.gts-translation.com\/fr\/obtenir-un-devis-pour-la-traduction-medicale\/#breadcrumb"},"inLanguage":"fr-FR","potentialAction":[{"@type":"ReadAction","target":["https:\/\/www.gts-translation.com\/fr\/obtenir-un-devis-pour-la-traduction-medicale\/"]}]},{"@type":"BreadcrumbList","@id":"https:\/\/www.gts-translation.com\/fr\/obtenir-un-devis-pour-la-traduction-medicale\/#breadcrumb","itemListElement":[{"@type":"ListItem","position":1,"name":"Home","item":"https:\/\/www.gts-translation.com\/fr\/"},{"@type":"ListItem","position":2,"name":"Obtenir un devis pour la traduction m\u00e9dicale"}]},{"@type":"WebSite","@id":"https:\/\/www.gts-translation.com\/fr\/#website","url":"https:\/\/www.gts-translation.com\/fr\/","name":"GTS Translation Services","description":"Quality you can trust at prices you can&#039;t beat!","publisher":{"@id":"https:\/\/www.gts-translation.com\/fr\/#organization"},"potentialAction":[{"@type":"SearchAction","target":{"@type":"EntryPoint","urlTemplate":"https:\/\/www.gts-translation.com\/fr\/?s={search_term_string}"},"query-input":{"@type":"PropertyValueSpecification","valueRequired":true,"valueName":"search_term_string"}}],"inLanguage":"fr-FR"},{"@type":"Organization","@id":"https:\/\/www.gts-translation.com\/fr\/#organization","name":"GTS Translation Services","url":"https:\/\/www.gts-translation.com\/fr\/","logo":{"@type":"ImageObject","inLanguage":"fr-FR","@id":"https:\/\/www.gts-translation.com\/fr\/#\/schema\/logo\/image\/","url":"https:\/\/www.gts-translation.com\/wp-content\/uploads\/2023\/07\/gts-logo.png","contentUrl":"https:\/\/www.gts-translation.com\/wp-content\/uploads\/2023\/07\/gts-logo.png","width":234,"height":80,"caption":"GTS Translation Services"},"image":{"@id":"https:\/\/www.gts-translation.com\/fr\/#\/schema\/logo\/image\/"},"sameAs":["https:\/\/www.facebook.com\/GTS.Translation\/"]}]}},"_links":{"self":[{"href":"https:\/\/www.gts-translation.com\/fr\/wp-json\/wp\/v2\/pages\/65882","targetHints":{"allow":["GET"]}}],"collection":[{"href":"https:\/\/www.gts-translation.com\/fr\/wp-json\/wp\/v2\/pages"}],"about":[{"href":"https:\/\/www.gts-translation.com\/fr\/wp-json\/wp\/v2\/types\/page"}],"author":[{"embeddable":true,"href":"https:\/\/www.gts-translation.com\/fr\/wp-json\/wp\/v2\/users\/261"}],"replies":[{"embeddable":true,"href":"https:\/\/www.gts-translation.com\/fr\/wp-json\/wp\/v2\/comments?post=65882"}],"version-history":[{"count":2,"href":"https:\/\/www.gts-translation.com\/fr\/wp-json\/wp\/v2\/pages\/65882\/revisions"}],"predecessor-version":[{"id":65885,"href":"https:\/\/www.gts-translation.com\/fr\/wp-json\/wp\/v2\/pages\/65882\/revisions\/65885"}],"wp:attachment":[{"href":"https:\/\/www.gts-translation.com\/fr\/wp-json\/wp\/v2\/media?parent=65882"}],"curies":[{"name":"wp","href":"https:\/\/api.w.org\/{rel}","templated":true}]}}