{"id":51750,"date":"2022-03-09T14:20:58","date_gmt":"2022-03-09T14:20:58","guid":{"rendered":"https:\/\/www.gts-translation.com\/?page_id=51750"},"modified":"2022-03-24T09:59:25","modified_gmt":"2022-03-24T09:59:25","slug":"servizi-di-traduzione-finanziaria","status":"publish","type":"page","link":"https:\/\/www.gts-translation.com\/it\/services\/servizi-di-traduzione-finanziaria\/","title":{"rendered":"Servizi di traduzione finanziaria"},"content":{"rendered":"<h1>Servizi di traduzione finanziaria<\/h1>\r\n<p>Rivolgiti a GTS Translation per servizi di traduzione finanziaria veloci e affidabili. Siamo specializzati in servizi di traduzione commerciale per una vasta gamma di istituti finanziari in tutto il mondo. GTS \u00e8 la migliore agenzia di traduzioni finanziarie, con 20 anni di comprovata esperienza. La nostra competenza nel linguaggio della finanza non \u00e8 seconda a nessuno.\u00a0<\/p>\r\n<p>GTS \u00e8 un&#8217;agenzia di traduzione finanziaria che fornisce traduzioni di alta qualit\u00e0 di documenti finanziari e commerciali in oltre 80 lingue. I nostri clienti includono societ\u00e0 internazionali e istituti finanziari quali banche, societ\u00e0 di investimento e di assicurazione, societ\u00e0 di revisione contabile e societ\u00e0 di intermediazione mobiliare.<\/p>\r\n<h2>Traduzione di documenti finanziari<\/h2>\r\n<p>I nostri linguisti esperti in finanzia sono accuratamente selezionati e sottoposti a verifica delle competenze per garantire che i tuoi progetti di traduzione finanziaria siano svolti esclusivamente da traduttori, editor e revisori qualificati. Molti dei nostri traduttori finanziari sono commercialisti o economisti e hanno formazione ed esperienza nel settore finanziario. Forniamo una vasta gamma di servizi di traduzione commerciale per istituti finanziari. Ci\u00f2 include la traduzione certificata di:<\/p>\r\n<ul>\r\n<li>Relazioni annuali e deleghe<\/li>\r\n<li>Prospetti finanziari<\/li>\r\n<li>Prospetti di vendita per banche e assicurazioni<\/li>\r\n<li>Relazioni economiche<\/li>\r\n<li>Estratti conto bancari<\/li>\r\n<li>Polizze di assicurazione<\/li>\r\n<li>Contenuti di siti web<\/li>\r\n<li>Traduzione di articoli di giornale e riviste<\/li>\r\n<\/ul>\r\n<h3>Servizio di traduzione di bilanci<\/h3>\r\n<p>GTS \u00e8 specializzata nella traduzione di bilanci, relazioni annuali di fine anno e relazioni finanziarie trimestrali. La traduzione dei bilanci \u00e8 di solito sottoposta a limiti di tempo e richiede quindi una consegna rapida e un&#8217;elevata precisione. Le scadenze devono essere rispettate, quindi devi affidarti a un&#8217;agenzia di traduzioni con solide risorse nella traduzione per il settore finanziario. Rivolgiti a GTS se hai bisogno di un fornitore affidabile che rispetti tutte le scadenze e consegni sempre traduzioni finanziarie accurate.<\/p>\r\n<h2>Ordina la tua traduzione finanziaria online<\/h2>\r\n<p>GTS \u00e8 la societ\u00e0 di servizi di traduzione online pi\u00f9 veloce. Fai clic qui per ottenere un preventivo online immediato per i tuoi bilanci e documenti finanziari. Una volta visualizzato il preventivo, completa l&#8217;ordine online in pochi secondi utilizzando la nostra semplice interfaccia utente<\/p>\r\n<h4>Pagine correlate:<\/h4>\r\n<p><a href=\"https:\/\/www.gts-translation.com\/services\/financial-translation-services\/accounting-translation-services\/\">Accounting <\/a>&#8211; <a href=\"https:\/\/www.gts-translation.com\/services\/financial-translation-services\/banking-translation-services\/\">Banking <\/a>&#8211; <a href=\"https:\/\/www.gts-translation.com\/services\/financial-translation-services\/corporate-translation-services\/\">Corporate <\/a>&#8211; <a href=\"https:\/\/www.gts-translation.com\/services\/financial-translation-services\/insurance-translator-services\/\">Insurance <\/a>&#8211; <a href=\"https:\/\/www.gts-translation.com\/services\/financial-translation-services\/real-estate-translation-services\/\">Real Estate<\/a>\u00a0&#8211; <a href=\"https:\/\/www.gts-translation.com\/business-plan-translation-services\/\">Business Plan Translation Services<\/a><\/p>\r\n\r\n<p>&nbsp;<\/p>\r\n","protected":false},"excerpt":{"rendered":"<p>Servizi di traduzione finanziaria Rivolgiti a GTS Translation per servizi di traduzione finanziaria veloci e affidabili. Siamo specializzati in servizi di traduzione commerciale per una vasta gamma di istituti finanziari in tutto il mondo. GTS \u00e8 la migliore agenzia di traduzioni finanziarie, con 20 anni di comprovata esperienza. La nostra competenza nel linguaggio della finanza &#8230; <a title=\"Servizi di traduzione finanziaria\" class=\"read-more\" href=\"https:\/\/www.gts-translation.com\/it\/services\/servizi-di-traduzione-finanziaria\/\" aria-label=\"Per saperne di pi\u00f9 su Servizi di traduzione finanziaria\">Leggi tutto<\/a><\/p>\n","protected":false},"author":13965,"featured_media":51391,"parent":51719,"menu_order":0,"comment_status":"open","ping_status":"open","template":"templates\/landing-page.php","meta":{"_acf_changed":false,"inline_featured_image":false,"_monsterinsights_skip_tracking":false,"_monsterinsights_sitenote_active":false,"_monsterinsights_sitenote_note":"","_monsterinsights_sitenote_category":0,"footnotes":""},"class_list":["post-51750","page","type-page","status-publish","has-post-thumbnail"],"acf":[],"yoast_head":"<!-- This site is optimized with the Yoast SEO Premium plugin v24.2 (Yoast SEO v27.3) - https:\/\/yoast.com\/product\/yoast-seo-premium-wordpress\/ -->\n<title>Servizi di traduzione finanziaria | Servizi di traduzione di bilanci<\/title>\n<meta name=\"description\" content=\"GTS fornisce rapidamente documenti finanziari in oltre 80 lingue. Siamo specializzati in servizi di traduzione finanziaria di bilanci.\" \/>\n<meta name=\"robots\" content=\"index, follow, max-snippet:-1, max-image-preview:large, max-video-preview:-1\" \/>\n<link rel=\"canonical\" href=\"https:\/\/www.gts-translation.com\/it\/services\/servizi-di-traduzione-finanziaria\/\" \/>\n<meta property=\"og:locale\" content=\"it_IT\" \/>\n<meta property=\"og:type\" content=\"article\" \/>\n<meta property=\"og:title\" content=\"Servizi di traduzione finanziaria\" \/>\n<meta property=\"og:description\" content=\"GTS fornisce rapidamente documenti finanziari in oltre 80 lingue. Siamo specializzati in servizi di traduzione finanziaria di bilanci.\" \/>\n<meta property=\"og:url\" content=\"https:\/\/www.gts-translation.com\/it\/services\/servizi-di-traduzione-finanziaria\/\" \/>\n<meta property=\"og:site_name\" content=\"GTS Translation Services\" \/>\n<meta property=\"article:publisher\" content=\"https:\/\/www.facebook.com\/GTS.Translation\/\" \/>\n<meta property=\"article:modified_time\" content=\"2022-03-24T09:59:25+00:00\" \/>\n<meta property=\"og:image\" content=\"https:\/\/www.gts-translation.com\/wp-content\/uploads\/2021\/12\/146499352_s-1.jpg\" \/>\n\t<meta property=\"og:image:width\" content=\"844\" \/>\n\t<meta property=\"og:image:height\" content=\"376\" \/>\n\t<meta property=\"og:image:type\" content=\"image\/jpeg\" \/>\n<meta name=\"twitter:card\" content=\"summary_large_image\" \/>\n<meta name=\"twitter:label1\" content=\"Tempo di lettura stimato\" \/>\n\t<meta name=\"twitter:data1\" content=\"2 minuti\" \/>\n<script type=\"application\/ld+json\" class=\"yoast-schema-graph\">{\"@context\":\"https:\\\/\\\/schema.org\",\"@graph\":[{\"@type\":\"WebPage\",\"@id\":\"https:\\\/\\\/www.gts-translation.com\\\/it\\\/services\\\/servizi-di-traduzione-finanziaria\\\/\",\"url\":\"https:\\\/\\\/www.gts-translation.com\\\/it\\\/services\\\/servizi-di-traduzione-finanziaria\\\/\",\"name\":\"Servizi di traduzione finanziaria | Servizi di traduzione di bilanci\",\"isPartOf\":{\"@id\":\"https:\\\/\\\/www.gts-translation.com\\\/it\\\/#website\"},\"primaryImageOfPage\":{\"@id\":\"https:\\\/\\\/www.gts-translation.com\\\/it\\\/services\\\/servizi-di-traduzione-finanziaria\\\/#primaryimage\"},\"image\":{\"@id\":\"https:\\\/\\\/www.gts-translation.com\\\/it\\\/services\\\/servizi-di-traduzione-finanziaria\\\/#primaryimage\"},\"thumbnailUrl\":\"https:\\\/\\\/www.gts-translation.com\\\/wp-content\\\/uploads\\\/2021\\\/12\\\/146499352_s-1.jpg\",\"datePublished\":\"2022-03-09T14:20:58+00:00\",\"dateModified\":\"2022-03-24T09:59:25+00:00\",\"description\":\"GTS fornisce rapidamente documenti finanziari in oltre 80 lingue. Siamo specializzati in servizi di traduzione finanziaria di bilanci.\",\"breadcrumb\":{\"@id\":\"https:\\\/\\\/www.gts-translation.com\\\/it\\\/services\\\/servizi-di-traduzione-finanziaria\\\/#breadcrumb\"},\"inLanguage\":\"it-IT\",\"potentialAction\":[{\"@type\":\"ReadAction\",\"target\":[\"https:\\\/\\\/www.gts-translation.com\\\/it\\\/services\\\/servizi-di-traduzione-finanziaria\\\/\"]}]},{\"@type\":\"ImageObject\",\"inLanguage\":\"it-IT\",\"@id\":\"https:\\\/\\\/www.gts-translation.com\\\/it\\\/services\\\/servizi-di-traduzione-finanziaria\\\/#primaryimage\",\"url\":\"https:\\\/\\\/www.gts-translation.com\\\/wp-content\\\/uploads\\\/2021\\\/12\\\/146499352_s-1.jpg\",\"contentUrl\":\"https:\\\/\\\/www.gts-translation.com\\\/wp-content\\\/uploads\\\/2021\\\/12\\\/146499352_s-1.jpg\",\"width\":844,\"height\":376,\"caption\":\"Line graph Trading signals Currency for trading Investments.Trading, investing in the currency market and the stock market.\"},{\"@type\":\"BreadcrumbList\",\"@id\":\"https:\\\/\\\/www.gts-translation.com\\\/it\\\/services\\\/servizi-di-traduzione-finanziaria\\\/#breadcrumb\",\"itemListElement\":[{\"@type\":\"ListItem\",\"position\":1,\"name\":\"Home\",\"item\":\"https:\\\/\\\/www.gts-translation.com\\\/it\\\/\"},{\"@type\":\"ListItem\",\"position\":2,\"name\":\"Services\",\"item\":\"https:\\\/\\\/www.gts-translation.com\\\/it\\\/services\\\/\"},{\"@type\":\"ListItem\",\"position\":3,\"name\":\"Servizi di traduzione finanziaria\"}]},{\"@type\":\"WebSite\",\"@id\":\"https:\\\/\\\/www.gts-translation.com\\\/it\\\/#website\",\"url\":\"https:\\\/\\\/www.gts-translation.com\\\/it\\\/\",\"name\":\"GTS Translation Services\",\"description\":\"Quality you can trust at prices you can&#039;t beat!\",\"publisher\":{\"@id\":\"https:\\\/\\\/www.gts-translation.com\\\/it\\\/#organization\"},\"potentialAction\":[{\"@type\":\"SearchAction\",\"target\":{\"@type\":\"EntryPoint\",\"urlTemplate\":\"https:\\\/\\\/www.gts-translation.com\\\/it\\\/?s={search_term_string}\"},\"query-input\":{\"@type\":\"PropertyValueSpecification\",\"valueRequired\":true,\"valueName\":\"search_term_string\"}}],\"inLanguage\":\"it-IT\"},{\"@type\":\"Organization\",\"@id\":\"https:\\\/\\\/www.gts-translation.com\\\/it\\\/#organization\",\"name\":\"GTS Translation Services\",\"url\":\"https:\\\/\\\/www.gts-translation.com\\\/it\\\/\",\"logo\":{\"@type\":\"ImageObject\",\"inLanguage\":\"it-IT\",\"@id\":\"https:\\\/\\\/www.gts-translation.com\\\/it\\\/#\\\/schema\\\/logo\\\/image\\\/\",\"url\":\"https:\\\/\\\/www.gts-translation.com\\\/wp-content\\\/uploads\\\/2023\\\/07\\\/gts-logo.png\",\"contentUrl\":\"https:\\\/\\\/www.gts-translation.com\\\/wp-content\\\/uploads\\\/2023\\\/07\\\/gts-logo.png\",\"width\":234,\"height\":80,\"caption\":\"GTS Translation Services\"},\"image\":{\"@id\":\"https:\\\/\\\/www.gts-translation.com\\\/it\\\/#\\\/schema\\\/logo\\\/image\\\/\"},\"sameAs\":[\"https:\\\/\\\/www.facebook.com\\\/GTS.Translation\\\/\"]}]}<\/script>\n<!-- \/ Yoast SEO Premium plugin. -->","yoast_head_json":{"title":"Servizi di traduzione finanziaria | Servizi di traduzione di bilanci","description":"GTS fornisce rapidamente documenti finanziari in oltre 80 lingue. Siamo specializzati in servizi di traduzione finanziaria di bilanci.","robots":{"index":"index","follow":"follow","max-snippet":"max-snippet:-1","max-image-preview":"max-image-preview:large","max-video-preview":"max-video-preview:-1"},"canonical":"https:\/\/www.gts-translation.com\/it\/services\/servizi-di-traduzione-finanziaria\/","og_locale":"it_IT","og_type":"article","og_title":"Servizi di traduzione finanziaria","og_description":"GTS fornisce rapidamente documenti finanziari in oltre 80 lingue. Siamo specializzati in servizi di traduzione finanziaria di bilanci.","og_url":"https:\/\/www.gts-translation.com\/it\/services\/servizi-di-traduzione-finanziaria\/","og_site_name":"GTS Translation Services","article_publisher":"https:\/\/www.facebook.com\/GTS.Translation\/","article_modified_time":"2022-03-24T09:59:25+00:00","og_image":[{"width":844,"height":376,"url":"https:\/\/www.gts-translation.com\/wp-content\/uploads\/2021\/12\/146499352_s-1.jpg","type":"image\/jpeg"}],"twitter_card":"summary_large_image","twitter_misc":{"Tempo di lettura stimato":"2 minuti"},"schema":{"@context":"https:\/\/schema.org","@graph":[{"@type":"WebPage","@id":"https:\/\/www.gts-translation.com\/it\/services\/servizi-di-traduzione-finanziaria\/","url":"https:\/\/www.gts-translation.com\/it\/services\/servizi-di-traduzione-finanziaria\/","name":"Servizi di traduzione finanziaria | Servizi di traduzione di bilanci","isPartOf":{"@id":"https:\/\/www.gts-translation.com\/it\/#website"},"primaryImageOfPage":{"@id":"https:\/\/www.gts-translation.com\/it\/services\/servizi-di-traduzione-finanziaria\/#primaryimage"},"image":{"@id":"https:\/\/www.gts-translation.com\/it\/services\/servizi-di-traduzione-finanziaria\/#primaryimage"},"thumbnailUrl":"https:\/\/www.gts-translation.com\/wp-content\/uploads\/2021\/12\/146499352_s-1.jpg","datePublished":"2022-03-09T14:20:58+00:00","dateModified":"2022-03-24T09:59:25+00:00","description":"GTS fornisce rapidamente documenti finanziari in oltre 80 lingue. Siamo specializzati in servizi di traduzione finanziaria di bilanci.","breadcrumb":{"@id":"https:\/\/www.gts-translation.com\/it\/services\/servizi-di-traduzione-finanziaria\/#breadcrumb"},"inLanguage":"it-IT","potentialAction":[{"@type":"ReadAction","target":["https:\/\/www.gts-translation.com\/it\/services\/servizi-di-traduzione-finanziaria\/"]}]},{"@type":"ImageObject","inLanguage":"it-IT","@id":"https:\/\/www.gts-translation.com\/it\/services\/servizi-di-traduzione-finanziaria\/#primaryimage","url":"https:\/\/www.gts-translation.com\/wp-content\/uploads\/2021\/12\/146499352_s-1.jpg","contentUrl":"https:\/\/www.gts-translation.com\/wp-content\/uploads\/2021\/12\/146499352_s-1.jpg","width":844,"height":376,"caption":"Line graph Trading signals Currency for trading Investments.Trading, investing in the currency market and the stock market."},{"@type":"BreadcrumbList","@id":"https:\/\/www.gts-translation.com\/it\/services\/servizi-di-traduzione-finanziaria\/#breadcrumb","itemListElement":[{"@type":"ListItem","position":1,"name":"Home","item":"https:\/\/www.gts-translation.com\/it\/"},{"@type":"ListItem","position":2,"name":"Services","item":"https:\/\/www.gts-translation.com\/it\/services\/"},{"@type":"ListItem","position":3,"name":"Servizi di traduzione finanziaria"}]},{"@type":"WebSite","@id":"https:\/\/www.gts-translation.com\/it\/#website","url":"https:\/\/www.gts-translation.com\/it\/","name":"GTS Translation Services","description":"Quality you can trust at prices you can&#039;t beat!","publisher":{"@id":"https:\/\/www.gts-translation.com\/it\/#organization"},"potentialAction":[{"@type":"SearchAction","target":{"@type":"EntryPoint","urlTemplate":"https:\/\/www.gts-translation.com\/it\/?s={search_term_string}"},"query-input":{"@type":"PropertyValueSpecification","valueRequired":true,"valueName":"search_term_string"}}],"inLanguage":"it-IT"},{"@type":"Organization","@id":"https:\/\/www.gts-translation.com\/it\/#organization","name":"GTS Translation Services","url":"https:\/\/www.gts-translation.com\/it\/","logo":{"@type":"ImageObject","inLanguage":"it-IT","@id":"https:\/\/www.gts-translation.com\/it\/#\/schema\/logo\/image\/","url":"https:\/\/www.gts-translation.com\/wp-content\/uploads\/2023\/07\/gts-logo.png","contentUrl":"https:\/\/www.gts-translation.com\/wp-content\/uploads\/2023\/07\/gts-logo.png","width":234,"height":80,"caption":"GTS Translation Services"},"image":{"@id":"https:\/\/www.gts-translation.com\/it\/#\/schema\/logo\/image\/"},"sameAs":["https:\/\/www.facebook.com\/GTS.Translation\/"]}]}},"_links":{"self":[{"href":"https:\/\/www.gts-translation.com\/it\/wp-json\/wp\/v2\/pages\/51750","targetHints":{"allow":["GET"]}}],"collection":[{"href":"https:\/\/www.gts-translation.com\/it\/wp-json\/wp\/v2\/pages"}],"about":[{"href":"https:\/\/www.gts-translation.com\/it\/wp-json\/wp\/v2\/types\/page"}],"author":[{"embeddable":true,"href":"https:\/\/www.gts-translation.com\/it\/wp-json\/wp\/v2\/users\/13965"}],"replies":[{"embeddable":true,"href":"https:\/\/www.gts-translation.com\/it\/wp-json\/wp\/v2\/comments?post=51750"}],"version-history":[{"count":2,"href":"https:\/\/www.gts-translation.com\/it\/wp-json\/wp\/v2\/pages\/51750\/revisions"}],"predecessor-version":[{"id":52439,"href":"https:\/\/www.gts-translation.com\/it\/wp-json\/wp\/v2\/pages\/51750\/revisions\/52439"}],"up":[{"embeddable":true,"href":"https:\/\/www.gts-translation.com\/it\/wp-json\/wp\/v2\/pages\/51719"}],"wp:featuredmedia":[{"embeddable":true,"href":"https:\/\/www.gts-translation.com\/it\/wp-json\/wp\/v2\/media\/51391"}],"wp:attachment":[{"href":"https:\/\/www.gts-translation.com\/it\/wp-json\/wp\/v2\/media?parent=51750"}],"curies":[{"name":"wp","href":"https:\/\/api.w.org\/{rel}","templated":true}]}}