{"id":51808,"date":"2022-03-10T06:13:16","date_gmt":"2022-03-10T06:13:16","guid":{"rendered":"https:\/\/www.gts-translation.com\/?page_id=51808"},"modified":"2025-01-06T11:15:26","modified_gmt":"2025-01-06T11:15:26","slug":"best-professional-online-translation-services","status":"publish","type":"page","link":"https:\/\/www.gts-translation.com\/it\/services\/best-professional-online-translation-services\/","title":{"rendered":"I migliori servizi professionali di traduzione online nel 2026"},"content":{"rendered":"\n<h1 class=\"wp-block-heading\" id=\"h-i-migliori-servizi-di-traduzione-online-nel-2026\">I migliori servizi di traduzione online nel 2026<\/h1>\n\n\n\n<p>Affidatevi a GTS Translation per servizi di traduzione online veloci e affidabili. GTS \u00e8 la migliore e pi\u00f9 veloce societ\u00e0 di traduzione online. Di conseguenza, siamo costantemente classificati dai principali siti di recensioni B2B come una delle migliori societ\u00e0 di traduzione. Richiedete un preventivo online e iniziate subito il vostro ordine!<\/p>\n\n\n\n<h2 class=\"wp-block-heading\" id=\"h-\"><img decoding=\"async\" width=\"988\" height=\"252\" src=\"https:\/\/www.gts-translation.com\/wp-content\/uploads\/2021\/05\/Marc-review.jpg\" alt=\"\"><\/h2>\n\n\n\n<h2 class=\"wp-block-heading\" id=\"h-perche-scegliere-gts-come-agenzia-di-traduzione-online\">Perch\u00e9 scegliere GTS come agenzia di traduzione online?<\/h2>\n\n\n<div class=\"wp-block-image wp-image-11298\">\n<figure class=\"alignleft\"><img decoding=\"async\" width=\"300\" height=\"231\" src=\"https:\/\/www.gts-translation.com\/wp-content\/uploads\/2015\/05\/74506618_s-300x231.jpg\" alt=\"Online Translation Services\" class=\"wp-image-11298\" srcset=\"https:\/\/www.gts-translation.com\/wp-content\/uploads\/2015\/05\/74506618_s-300x231.jpg 300w, https:\/\/www.gts-translation.com\/wp-content\/uploads\/2015\/05\/74506618_s.jpg 450w\" sizes=\"(max-width: 300px) 100vw, 300px\" \/><figcaption class=\"wp-element-caption\">GTS \u00e8 la migliore agenzia di traduzione online. Richiedete subito un preventivo online e iniziate subito il vostro progetto di traduzione.<\/figcaption><\/figure>\n<\/div>\n\n\n<p>Quando \u00e8 necessaria una traduzione di alta qualit\u00e0, \u00e8 necessario rivolgersi a un&#8217;agenzia di traduzione online professionale come GTS Translation Services. Garantiamo la qualit\u00e0 delle nostre traduzioni.<\/p>\n\n\n\n<p>Servizi di traduzione online certificati. Il nostro Sistema di Gestione della Qualit\u00e0 (SGQ) \u00e8 certificato come conforme alla norma ISO 17100:2015. Pertanto, tutte le nostre traduzioni sono certificate e vengono consegnate con una dichiarazione di accuratezza firmata.<\/p>\n\n\n\n<p>Servizi di traduzione umana online. Forniamo esclusivamente traduzioni umane e non utilizziamo traduzioni automatiche nel nostro processo. Disponiamo di una rete internazionale di traduttori di qualit\u00e0 in oltre 100 paesi.<\/p>\n\n\n\n<h2 class=\"wp-block-heading\" id=\"h-\"><img decoding=\"async\" width=\"919\" height=\"218\" src=\"https:\/\/www.gts-translation.com\/wp-content\/uploads\/2020\/02\/veuthy-review.png\" alt=\"\"><\/h2>\n\n\n\n<h2 class=\"wp-block-heading\" id=\"h-prezzi-del-servizio-di-traduzione-online\">Prezzi del servizio di traduzione online<\/h2>\n\n\n\n<p>GTS offre i prezzi pi\u00f9 competitivi nel settore della traduzione, a partire da 0,09 euro a parola per la traduzione e la revisione professionale online. Per ulteriori informazioni sui prezzi, leggete le nostre linee guida per la traduzione di documenti.<\/p>\n\n\n\n<h2 class=\"wp-block-heading\" id=\"h-sconti-per-i-servizi-di-traduzione-online\">Sconti per i servizi di traduzione online<\/h2>\n\n\n\n<p>Utilizzate i codici coupon GTS per ottenere uno sconto sul servizio di traduzione. I nuovi clienti hanno diritto a uno sconto del 5% sul primo ordine. Cliccate qui per maggiori informazioni sugli sconti sulle traduzioni.<\/p>\n\n\n\n<h2 class=\"wp-block-heading\" id=\"h-tradurre-online-in-oltre-100-lingue\">Tradurre online in oltre 100 lingue<\/h2>\n\n\n\n<p>Traduciamo dall&#8217;inglese verso tutte le lingue europee, asiatiche, mediorientali e scandinave. Tra queste figurano il francese europeo, il francese canadese, l&#8217;italiano, il tedesco, lo spagnolo, il cinese, il giapponese, il russo, l&#8217;arabo, il portoghese e lo svedese. Traduciamo anche da qualsiasi lingua verso l&#8217;inglese. Fare clic qui per un elenco completo delle lingue supportate.<\/p>\n\n\n\n<h2 class=\"wp-block-heading\" id=\"h-servizi-di-traduzione-di-documenti-online\">Servizi di traduzione di documenti online<\/h2>\n\n\n\n<p>Richiedete subito un preventivo online per la traduzione di qualsiasi tipo di documento. Questo include la traduzione professionale online di:<\/p>\n\n\n\n<ul class=\"wp-block-list\">\n<li>Contratti<\/li>\n\n\n\n<li>Traduzione legale: documenti immobiliari, contratti di locazione<\/li>\n\n\n\n<li>Rendiconti finanziari<\/li>\n\n\n\n<li>Traduzione medica, rapporti medici<\/li>\n\n\n\n<li>Moduli di consenso informato<\/li>\n\n\n\n<li><a href=\"https:\/\/www.gts-translation.com\/it\/services\/servizio-di-traduzione-di-schede-di-sicurezza-sds\/\">SDS<\/a><\/li>\n\n\n\n<li>Manuali per i dipendenti<\/li>\n\n\n\n<li>Documenti di lavoro, CV, lettere di presentazione<\/li>\n\n\n\n<li>Documenti di immigrazione, certificati di nascita, certificati di morte<\/li>\n\n\n\n<li>Documenti accademici, trascrizioni scolastiche<\/li>\n<\/ul>\n\n\n\n<h2 class=\"wp-block-heading\" id=\"h-\"><img decoding=\"async\" width=\"912\" height=\"168\" src=\"https:\/\/www.gts-translation.com\/wp-content\/uploads\/2020\/02\/Taylor-review-1.png\" alt=\"best online translation company\"><\/h2>\n\n\n\n<h2 class=\"wp-block-heading\" id=\"h-tipi-di-file-supportati\">Tipi di file supportati<\/h2>\n\n\n\n<p>Non tutti i tipi di file possono essere inviati per un preventivo online. Ad esempio, i documenti scansionati di scarsa qualit\u00e0 in formato PDF non possono essere elaborati online. Anche altri tipi di file, come Framemaker e InDesign, non sono adatti all&#8217;elaborazione online. Se avete un file che non \u00e8 supportato da un servizio di traduzione online, inviatelo via e-mail a sales@gts-translation.com. Vi forniremo un preventivo.<\/p>\n\n\n\n<h2 class=\"wp-block-heading\" id=\"h-dove-posso-trovare-servizi-professionali-di-traduzione-linguistica-online\">Dove posso trovare servizi professionali di traduzione linguistica online?<\/h2>\n\n\n\n<p>Negli ultimi anni si sono verificati importanti cambiamenti nella disponibilit\u00e0 di servizi di traduzione online. Di conseguenza, i clienti possono ora scegliere tra un&#8217;ampia gamma di societ\u00e0 di traduzione online. Queste societ\u00e0 offrono un processo di ordinazione e consegna completamente online per i documenti in formato elettronico. Alcune di queste societ\u00e0 sono GTS Translation, Gengo, Translated.com, Blend e Tolingo.<\/p>\n\n\n\n<p>Ogni agenzia di traduzione online ha le sue competenze specifiche. Cliccate qui per un confronto dei prezzi dei servizi di traduzione professionali. Queste e altre aziende eccellono nel fornire traduzioni a prezzi molto competitivi e in tempi rapidi, spesso in meno di 24 ore. I clienti possono ordinare da questi siti web di agenzie di traduzione online 24 ore su 24, 7 giorni su 7, pagare online con carta di credito e seguire l&#8217;avanzamento dell&#8217;ordine online.<\/p>\n\n\n\n<h2 class=\"wp-block-heading\" id=\"h-siti-web-di-traduzione-gratuita\">Siti web di traduzione gratuita<\/h2>\n\n\n\n<p>Esiste un&#8217;ampia gamma di siti di traduzione gratuiti che forniscono traduzioni automatiche in tempo reale. Alcuni dei siti di traduzione pi\u00f9 conosciuti sono Google Translate, Bing Translator e DeepL. Esistono anche molti altri siti di traduzione gratuita. Uno di questi \u00e8 il nostro strumento di traduzione online gratuito GTS. I siti di traduzione gratuiti non sono consigliati per i testi mission-critical, ma possono essere utilizzati per molti altri scopi pratici. Si ritiene che la qualit\u00e0 dei siti web di traduzione gratuita sia migliorata notevolmente negli ultimi anni. Questo \u00e8 particolarmente vero per le lingue pi\u00f9 importanti, come il francese e lo spagnolo, grazie alla grande quantit\u00e0 di testi allineati che i fornitori di servizi di traduzione automatica hanno raccolto.<\/p>\n\n\n\n<p><\/p>\n","protected":false},"excerpt":{"rendered":"<p>I migliori servizi di traduzione online nel 2026 Affidatevi a GTS Translation per servizi di traduzione online veloci e affidabili. GTS \u00e8 la migliore e pi\u00f9 veloce societ\u00e0 di traduzione online. Di conseguenza, siamo costantemente classificati dai principali siti di recensioni B2B come una delle migliori societ\u00e0 di traduzione. Richiedete un preventivo online e iniziate &#8230; <a title=\"I migliori servizi professionali di traduzione online nel 2026\" class=\"read-more\" href=\"https:\/\/www.gts-translation.com\/it\/services\/best-professional-online-translation-services\/\" aria-label=\"Per saperne di pi\u00f9 su I migliori servizi professionali di traduzione online nel 2026\">Leggi tutto<\/a><\/p>\n","protected":false},"author":13965,"featured_media":51338,"parent":51719,"menu_order":0,"comment_status":"open","ping_status":"closed","template":"templates\/landing-page.php","meta":{"_acf_changed":false,"inline_featured_image":false,"_monsterinsights_skip_tracking":false,"_monsterinsights_sitenote_active":false,"_monsterinsights_sitenote_note":"","_monsterinsights_sitenote_category":0,"footnotes":""},"class_list":["post-51808","page","type-page","status-publish","has-post-thumbnail"],"acf":[],"yoast_head":"<!-- This site is optimized with the Yoast SEO Premium plugin v24.2 (Yoast SEO v27.4) - https:\/\/yoast.com\/product\/yoast-seo-premium-wordpress\/ -->\n<title>I migliori servizi professionali di traduzione online nel 2026<\/title>\n<meta name=\"description\" content=\"I migliori servizi professionali di traduzione online nel 2024: qualit\u00e0, velocit\u00e0 e precisione garantite. Richiedete un preventivo online.\" \/>\n<meta name=\"robots\" content=\"index, follow, max-snippet:-1, max-image-preview:large, max-video-preview:-1\" \/>\n<link rel=\"canonical\" href=\"https:\/\/www.gts-translation.com\/it\/services\/best-professional-online-translation-services\/\" \/>\n<meta property=\"og:locale\" content=\"it_IT\" \/>\n<meta property=\"og:type\" content=\"article\" \/>\n<meta property=\"og:title\" content=\"I migliori servizi professionali di traduzione online nel 2026\" \/>\n<meta property=\"og:description\" content=\"I migliori servizi professionali di traduzione online nel 2024: qualit\u00e0, velocit\u00e0 e precisione garantite. Richiedete un preventivo online.\" \/>\n<meta property=\"og:url\" content=\"https:\/\/www.gts-translation.com\/it\/services\/best-professional-online-translation-services\/\" \/>\n<meta property=\"og:site_name\" content=\"GTS Translation Services\" \/>\n<meta property=\"article:publisher\" content=\"https:\/\/www.facebook.com\/GTS.Translation\/\" \/>\n<meta property=\"article:modified_time\" content=\"2025-01-06T11:15:26+00:00\" \/>\n<meta property=\"og:image\" content=\"https:\/\/www.gts-translation.com\/wp-content\/uploads\/2021\/11\/online-translation-services.jpg\" \/>\n\t<meta property=\"og:image:width\" content=\"847\" \/>\n\t<meta property=\"og:image:height\" content=\"565\" \/>\n\t<meta property=\"og:image:type\" content=\"image\/jpeg\" \/>\n<meta name=\"twitter:card\" content=\"summary_large_image\" \/>\n<meta name=\"twitter:label1\" content=\"Tempo di lettura stimato\" \/>\n\t<meta name=\"twitter:data1\" content=\"5 minuti\" \/>\n<script type=\"application\/ld+json\" class=\"yoast-schema-graph\">{\"@context\":\"https:\\\/\\\/schema.org\",\"@graph\":[{\"@type\":\"WebPage\",\"@id\":\"https:\\\/\\\/www.gts-translation.com\\\/it\\\/services\\\/best-professional-online-translation-services\\\/\",\"url\":\"https:\\\/\\\/www.gts-translation.com\\\/it\\\/services\\\/best-professional-online-translation-services\\\/\",\"name\":\"I migliori servizi professionali di traduzione online nel 2026\",\"isPartOf\":{\"@id\":\"https:\\\/\\\/www.gts-translation.com\\\/it\\\/#website\"},\"primaryImageOfPage\":{\"@id\":\"https:\\\/\\\/www.gts-translation.com\\\/it\\\/services\\\/best-professional-online-translation-services\\\/#primaryimage\"},\"image\":{\"@id\":\"https:\\\/\\\/www.gts-translation.com\\\/it\\\/services\\\/best-professional-online-translation-services\\\/#primaryimage\"},\"thumbnailUrl\":\"https:\\\/\\\/www.gts-translation.com\\\/wp-content\\\/uploads\\\/2021\\\/11\\\/online-translation-services.jpg\",\"datePublished\":\"2022-03-10T06:13:16+00:00\",\"dateModified\":\"2025-01-06T11:15:26+00:00\",\"description\":\"I migliori servizi professionali di traduzione online nel 2024: qualit\u00e0, velocit\u00e0 e precisione garantite. Richiedete un preventivo online.\",\"breadcrumb\":{\"@id\":\"https:\\\/\\\/www.gts-translation.com\\\/it\\\/services\\\/best-professional-online-translation-services\\\/#breadcrumb\"},\"inLanguage\":\"it-IT\",\"potentialAction\":[{\"@type\":\"ReadAction\",\"target\":[\"https:\\\/\\\/www.gts-translation.com\\\/it\\\/services\\\/best-professional-online-translation-services\\\/\"]}]},{\"@type\":\"ImageObject\",\"inLanguage\":\"it-IT\",\"@id\":\"https:\\\/\\\/www.gts-translation.com\\\/it\\\/services\\\/best-professional-online-translation-services\\\/#primaryimage\",\"url\":\"https:\\\/\\\/www.gts-translation.com\\\/wp-content\\\/uploads\\\/2021\\\/11\\\/online-translation-services.jpg\",\"contentUrl\":\"https:\\\/\\\/www.gts-translation.com\\\/wp-content\\\/uploads\\\/2021\\\/11\\\/online-translation-services.jpg\",\"width\":847,\"height\":565,\"caption\":\"Mobile payment, Man using mobile payments online shopping and icon on night background, All on screen are design up.\"},{\"@type\":\"BreadcrumbList\",\"@id\":\"https:\\\/\\\/www.gts-translation.com\\\/it\\\/services\\\/best-professional-online-translation-services\\\/#breadcrumb\",\"itemListElement\":[{\"@type\":\"ListItem\",\"position\":1,\"name\":\"Home\",\"item\":\"https:\\\/\\\/www.gts-translation.com\\\/it\\\/\"},{\"@type\":\"ListItem\",\"position\":2,\"name\":\"Services\",\"item\":\"https:\\\/\\\/www.gts-translation.com\\\/it\\\/services\\\/\"},{\"@type\":\"ListItem\",\"position\":3,\"name\":\"I migliori servizi professionali di traduzione online nel 2025\"}]},{\"@type\":\"WebSite\",\"@id\":\"https:\\\/\\\/www.gts-translation.com\\\/it\\\/#website\",\"url\":\"https:\\\/\\\/www.gts-translation.com\\\/it\\\/\",\"name\":\"GTS Translation Services\",\"description\":\"Quality you can trust at prices you can&#039;t beat!\",\"publisher\":{\"@id\":\"https:\\\/\\\/www.gts-translation.com\\\/it\\\/#organization\"},\"potentialAction\":[{\"@type\":\"SearchAction\",\"target\":{\"@type\":\"EntryPoint\",\"urlTemplate\":\"https:\\\/\\\/www.gts-translation.com\\\/it\\\/?s={search_term_string}\"},\"query-input\":{\"@type\":\"PropertyValueSpecification\",\"valueRequired\":true,\"valueName\":\"search_term_string\"}}],\"inLanguage\":\"it-IT\"},{\"@type\":\"Organization\",\"@id\":\"https:\\\/\\\/www.gts-translation.com\\\/it\\\/#organization\",\"name\":\"GTS Translation Services\",\"url\":\"https:\\\/\\\/www.gts-translation.com\\\/it\\\/\",\"logo\":{\"@type\":\"ImageObject\",\"inLanguage\":\"it-IT\",\"@id\":\"https:\\\/\\\/www.gts-translation.com\\\/it\\\/#\\\/schema\\\/logo\\\/image\\\/\",\"url\":\"https:\\\/\\\/www.gts-translation.com\\\/wp-content\\\/uploads\\\/2023\\\/07\\\/gts-logo.png\",\"contentUrl\":\"https:\\\/\\\/www.gts-translation.com\\\/wp-content\\\/uploads\\\/2023\\\/07\\\/gts-logo.png\",\"width\":234,\"height\":80,\"caption\":\"GTS Translation Services\"},\"image\":{\"@id\":\"https:\\\/\\\/www.gts-translation.com\\\/it\\\/#\\\/schema\\\/logo\\\/image\\\/\"},\"sameAs\":[\"https:\\\/\\\/www.facebook.com\\\/GTS.Translation\\\/\"]}]}<\/script>\n<!-- \/ Yoast SEO Premium plugin. -->","yoast_head_json":{"title":"I migliori servizi professionali di traduzione online nel 2026","description":"I migliori servizi professionali di traduzione online nel 2024: qualit\u00e0, velocit\u00e0 e precisione garantite. Richiedete un preventivo online.","robots":{"index":"index","follow":"follow","max-snippet":"max-snippet:-1","max-image-preview":"max-image-preview:large","max-video-preview":"max-video-preview:-1"},"canonical":"https:\/\/www.gts-translation.com\/it\/services\/best-professional-online-translation-services\/","og_locale":"it_IT","og_type":"article","og_title":"I migliori servizi professionali di traduzione online nel 2026","og_description":"I migliori servizi professionali di traduzione online nel 2024: qualit\u00e0, velocit\u00e0 e precisione garantite. Richiedete un preventivo online.","og_url":"https:\/\/www.gts-translation.com\/it\/services\/best-professional-online-translation-services\/","og_site_name":"GTS Translation Services","article_publisher":"https:\/\/www.facebook.com\/GTS.Translation\/","article_modified_time":"2025-01-06T11:15:26+00:00","og_image":[{"width":847,"height":565,"url":"https:\/\/www.gts-translation.com\/wp-content\/uploads\/2021\/11\/online-translation-services.jpg","type":"image\/jpeg"}],"twitter_card":"summary_large_image","twitter_misc":{"Tempo di lettura stimato":"5 minuti"},"schema":{"@context":"https:\/\/schema.org","@graph":[{"@type":"WebPage","@id":"https:\/\/www.gts-translation.com\/it\/services\/best-professional-online-translation-services\/","url":"https:\/\/www.gts-translation.com\/it\/services\/best-professional-online-translation-services\/","name":"I migliori servizi professionali di traduzione online nel 2026","isPartOf":{"@id":"https:\/\/www.gts-translation.com\/it\/#website"},"primaryImageOfPage":{"@id":"https:\/\/www.gts-translation.com\/it\/services\/best-professional-online-translation-services\/#primaryimage"},"image":{"@id":"https:\/\/www.gts-translation.com\/it\/services\/best-professional-online-translation-services\/#primaryimage"},"thumbnailUrl":"https:\/\/www.gts-translation.com\/wp-content\/uploads\/2021\/11\/online-translation-services.jpg","datePublished":"2022-03-10T06:13:16+00:00","dateModified":"2025-01-06T11:15:26+00:00","description":"I migliori servizi professionali di traduzione online nel 2024: qualit\u00e0, velocit\u00e0 e precisione garantite. Richiedete un preventivo online.","breadcrumb":{"@id":"https:\/\/www.gts-translation.com\/it\/services\/best-professional-online-translation-services\/#breadcrumb"},"inLanguage":"it-IT","potentialAction":[{"@type":"ReadAction","target":["https:\/\/www.gts-translation.com\/it\/services\/best-professional-online-translation-services\/"]}]},{"@type":"ImageObject","inLanguage":"it-IT","@id":"https:\/\/www.gts-translation.com\/it\/services\/best-professional-online-translation-services\/#primaryimage","url":"https:\/\/www.gts-translation.com\/wp-content\/uploads\/2021\/11\/online-translation-services.jpg","contentUrl":"https:\/\/www.gts-translation.com\/wp-content\/uploads\/2021\/11\/online-translation-services.jpg","width":847,"height":565,"caption":"Mobile payment, Man using mobile payments online shopping and icon on night background, All on screen are design up."},{"@type":"BreadcrumbList","@id":"https:\/\/www.gts-translation.com\/it\/services\/best-professional-online-translation-services\/#breadcrumb","itemListElement":[{"@type":"ListItem","position":1,"name":"Home","item":"https:\/\/www.gts-translation.com\/it\/"},{"@type":"ListItem","position":2,"name":"Services","item":"https:\/\/www.gts-translation.com\/it\/services\/"},{"@type":"ListItem","position":3,"name":"I migliori servizi professionali di traduzione online nel 2025"}]},{"@type":"WebSite","@id":"https:\/\/www.gts-translation.com\/it\/#website","url":"https:\/\/www.gts-translation.com\/it\/","name":"GTS Translation Services","description":"Quality you can trust at prices you can&#039;t beat!","publisher":{"@id":"https:\/\/www.gts-translation.com\/it\/#organization"},"potentialAction":[{"@type":"SearchAction","target":{"@type":"EntryPoint","urlTemplate":"https:\/\/www.gts-translation.com\/it\/?s={search_term_string}"},"query-input":{"@type":"PropertyValueSpecification","valueRequired":true,"valueName":"search_term_string"}}],"inLanguage":"it-IT"},{"@type":"Organization","@id":"https:\/\/www.gts-translation.com\/it\/#organization","name":"GTS Translation Services","url":"https:\/\/www.gts-translation.com\/it\/","logo":{"@type":"ImageObject","inLanguage":"it-IT","@id":"https:\/\/www.gts-translation.com\/it\/#\/schema\/logo\/image\/","url":"https:\/\/www.gts-translation.com\/wp-content\/uploads\/2023\/07\/gts-logo.png","contentUrl":"https:\/\/www.gts-translation.com\/wp-content\/uploads\/2023\/07\/gts-logo.png","width":234,"height":80,"caption":"GTS Translation Services"},"image":{"@id":"https:\/\/www.gts-translation.com\/it\/#\/schema\/logo\/image\/"},"sameAs":["https:\/\/www.facebook.com\/GTS.Translation\/"]}]}},"_links":{"self":[{"href":"https:\/\/www.gts-translation.com\/it\/wp-json\/wp\/v2\/pages\/51808","targetHints":{"allow":["GET"]}}],"collection":[{"href":"https:\/\/www.gts-translation.com\/it\/wp-json\/wp\/v2\/pages"}],"about":[{"href":"https:\/\/www.gts-translation.com\/it\/wp-json\/wp\/v2\/types\/page"}],"author":[{"embeddable":true,"href":"https:\/\/www.gts-translation.com\/it\/wp-json\/wp\/v2\/users\/13965"}],"replies":[{"embeddable":true,"href":"https:\/\/www.gts-translation.com\/it\/wp-json\/wp\/v2\/comments?post=51808"}],"version-history":[{"count":2,"href":"https:\/\/www.gts-translation.com\/it\/wp-json\/wp\/v2\/pages\/51808\/revisions"}],"predecessor-version":[{"id":62504,"href":"https:\/\/www.gts-translation.com\/it\/wp-json\/wp\/v2\/pages\/51808\/revisions\/62504"}],"up":[{"embeddable":true,"href":"https:\/\/www.gts-translation.com\/it\/wp-json\/wp\/v2\/pages\/51719"}],"wp:featuredmedia":[{"embeddable":true,"href":"https:\/\/www.gts-translation.com\/it\/wp-json\/wp\/v2\/media\/51338"}],"wp:attachment":[{"href":"https:\/\/www.gts-translation.com\/it\/wp-json\/wp\/v2\/media?parent=51808"}],"curies":[{"name":"wp","href":"https:\/\/api.w.org\/{rel}","templated":true}]}}