{"id":51823,"date":"2022-03-10T06:30:21","date_gmt":"2022-03-10T06:30:21","guid":{"rendered":"https:\/\/www.gts-translation.com\/?page_id=51823"},"modified":"2025-06-04T10:07:40","modified_gmt":"2025-06-04T10:07:40","slug":"servizio-di-traduzione-di-schede-di-sicurezza-sds","status":"publish","type":"page","link":"https:\/\/www.gts-translation.com\/it\/services\/servizio-di-traduzione-di-schede-di-sicurezza-sds\/","title":{"rendered":"Traduzione di schede di sicurezza (SDS)"},"content":{"rendered":"<div style=\"background-color: #f5f7fa; padding: 40px 20px; text-align: center; border-radius: 8px; margin-bottom: 30px;\">\r\n<h1 style=\"font-size: 32px; margin-bottom: 10px;\">Servizi Professionali di Traduzione di Schede di Sicurezza (SDS)<\/h1>\r\n<p style=\"font-size: 18px; max-width: 800px; margin: 0 auto 20px;\">GTS offre traduzioni certificate di Schede di Sicurezza (SDS) in oltre 50 lingue, garantendo conformit\u00e0 agli standard internazionali come GHS, REACH, OSHA e WHMIS. I nostri esperti linguisti assicurano traduzioni accurate e tempestive per aziende chimiche e manifatturiere di tutto il mondo.<\/p>\r\n<a style=\"background-color: #0073e6; color: #fff; padding: 14px 28px; font-size: 18px; border-radius: 6px; text-decoration: none; display: inline-block; box-shadow: 0 4px 6px rgba(0,0,0,0.1); transition: background-color 0.3s;\" href=\"#quote-form\"> \ud83d\udcc4 Ottieni un Preventivo Immediato <\/a><\/div>\r\n<p style=\"text-align: center;\"><\/p>\r\n<p>&nbsp;<\/p>\r\n\r\n<h2 id=\"h-traduzione-di-schede-di-sicurezza-sds\" class=\"wp-block-heading\">Traduzioni SDS Accurate e Certificate per la Massima Conformit\u00e0<\/h2>\r\n\r\n\r\n<div class=\"wp-block-image\">\r\n<figure class=\"alignleft\"><img decoding=\"async\" width=\"300\" height=\"212\" class=\"wp-image-11306\" src=\"https:\/\/www.gts-translation.com\/wp-content\/uploads\/2015\/05\/49257789_s-300x212.jpg\" alt=\"SDS Translation Service\" srcset=\"https:\/\/www.gts-translation.com\/wp-content\/uploads\/2015\/05\/49257789_s-300x212.jpg 300w, https:\/\/www.gts-translation.com\/wp-content\/uploads\/2015\/05\/49257789_s.jpg 450w\" sizes=\"(max-width: 300px) 100vw, 300px\" \/><\/figure>\r\n<\/div>\r\n\r\n\r\n<p>GTS Translation \u00e8 il principale fornitore di servizi di traduzione di schede di sicurezza (SDS). Abbiamo una comprovata esperienza nella fornitura di servizi di traduzione di alta qualit\u00e0 per le schede di sicurezza in oltre 50 lingue. Abbiamo tradotto centinaia di schede di sicurezza per alcune delle pi\u00f9 grandi aziende chimiche del mondo. Garantiamo che le schede di sicurezza che traduciamo sono accettate dalle autorit\u00e0 di regolamentazione competenti.<\/p>\r\n\r\n\r\n\r\n<p>Ottieni subito un preventivo immediato per il servizio di traduzione di schede di sicurezza (SDS). Carica la tua SDS per ottenere il preventivo in pochi secondi e tradurre subito la tua SDS.<\/p>\r\n\r\n\r\n\r\n<h2 id=\"h-perche-affidare-a-gts-il-servizio-di-traduzione-di-schede-di-sicurezza\" class=\"wp-block-heading\">Perch\u00e9 affidare a GTS il servizio di traduzione di schede di sicurezza?<\/h2>\r\n\r\n\r\n\r\n<p>GTS fornisce una soluzione completa per la traduzione delle schede di sicurezza dei materiali (MSDS) e per l&#8217;etichettatura dei prodotti chimici. Il nostro lavoro \u00e8 svolto nel pieno rispetto dei requisiti e degli standard normativi dei paesi di destinazione.<\/p>\r\n\r\n\r\n<div class=\"wp-block-image\">\r\n<figure class=\"aligncenter\"><img decoding=\"async\" width=\"990\" height=\"246\" class=\"wp-image-32546\" src=\"https:\/\/www.gts-translation.com\/wp-content\/uploads\/2021\/05\/sds-review.png\" alt=\"\" srcset=\"https:\/\/www.gts-translation.com\/wp-content\/uploads\/2021\/05\/sds-review.png 990w, https:\/\/www.gts-translation.com\/wp-content\/uploads\/2021\/05\/sds-review-300x75.png 300w, https:\/\/www.gts-translation.com\/wp-content\/uploads\/2021\/05\/sds-review-768x191.png 768w\" sizes=\"(max-width: 990px) 100vw, 990px\" \/><\/figure>\r\n<\/div>\r\n\r\n\r\n<p>Il nostro team di esperti di servizi di traduzione di SDS ha comprovata esperienza nella traduzione di informazioni sulla sicurezza chimica e testi sui prodotti chimici. Alcuni dei nostri clienti includono Sunoco, Evonik Industries, Gerber Scientific, Henkel, SAP, Siemens, Vishay e Xylem. Traduciamo MSDS ed elenchi di terminologia chimica in tutte le lingue dell&#8217;UE e dell&#8217;Asia. Tra queste vi sono spagnolo, tedesco, italiano, francese, cinese, giapponese, tailandese, indonesiano, malese e coreano. Affidati a GTS quando hai bisogno di un partner affidabile per la consegna rapida di schede di sicurezza in pi\u00f9 lingue.<\/p>\r\n\r\n\r\n\r\n<h3 class=\"wp-block-heading\">Case study di traduzioni di schede di sicurezza<\/h3>\r\n\r\n\r\n\r\n<p>&nbsp;<\/p>\r\n\r\n\r\n\r\n<ul class=\"wp-block-list\">\r\n<li>Ecco alcuni clienti che hanno usufruito dei servizi di traduzione di schede di sicurezza di GTS Translation:<\/li>\r\n\r\n\r\n\r\n<li>Dal 2015 traduciamo SDS in francese canadese per Sunoco Race Fuels.<\/li>\r\n\r\n\r\n\r\n<li>Dal 2016 traduciamo SDS in tedesco, spagnolo, francese, polacco e italiano per Polytek Development Corporation<\/li>\r\n\r\n\r\n\r\n<li>Dal 2017 traduciamo SDS in coreano, cinese semplificato e cinese tradizionale per DisChem.<\/li>\r\n\r\n\r\n\r\n<li>Traduzione di SDS in varie lingue per Techtext, il pi\u00f9 grande fornitore britannico di tessuti per il settore sanit\u00e0 e sicurezza.<\/li>\r\n\r\n\r\n\r\n<li>Traduzione in francese di numerose SDS per IEP Technologies.<\/li>\r\n\r\n\r\n\r\n<li>Traduzione in spagnolo di numerose SDS per Hilco USA.<\/li>\r\n\r\n\r\n\r\n<li>Traduzione in malese di numerose SDS per Intersurface Dynamics..<\/li>\r\n<\/ul>\r\n\r\n\r\n\r\n<h2 id=\"h-\" class=\"wp-block-heading\"><img decoding=\"async\" src=\"https:\/\/www.gts-translation.com\/wp-content\/uploads\/2021\/05\/review-TC.png\" alt=\"\" width=\"1029\" height=\"216\" \/><\/h2>\r\n\r\n\r\n\r\n<h2 id=\"h-quanto-costa-tradurre-una-scheda-di-sicurezza-nel-2026\" class=\"wp-block-heading\">Quanto costa tradurre una scheda di sicurezza nel 2026?<\/h2>\r\n\r\n\r\n\r\n<p>Una scheda di sicurezza conta mediamente 2.500 parole. Alcune ne hanno di pi\u00f9, altre di meno. Ma di solito una SDS ha 2.500 parole. Il prezzo medio per la traduzione di una scheda di sicurezza in spagnolo \u00e8 di \u20ac180. Il prezzo include la traduzione professionale della SDS da parte di un traduttore esperto certificato.<\/p>\r\n\r\n\r\n\r\n<h2>Conformit\u00e0 con le normative locali<\/h2>\r\n\r\n\r\n\r\n<p>Traduciamo la tua scheda di sicurezza in conformit\u00e0 con il formato GHS, che \u00e8 lo standard mondiale utilizzato in Europa, Canada e Stati Uniti. Traduciamo anche le schede di sicurezza in <a href=\"https:\/\/chemicalwatch.com\/130930\/eu-aligns-reach-sds-requirements-with-ghs-rules\">conformit\u00e0 con il formato UE<\/a>, con il formato WHMIS (canadese) e con la maggior parte degli altri standard nazionali.<\/p>\r\n\r\n\r\n\r\n<p>Negli Stati Uniti, l&#8217;Occupational Safety and Health Administration (OSHA) \u00e8 responsabile della regolamentazione delle MSDS; le MSDS devono essere conformi all&#8217;OSHA Hazard Communication Standard, 29 cfr1910.1200. L&#8217;American National Standards Institute (ANSI) ha sviluppato l&#8217;ANSI Z400.1 per le MSDS e l&#8217;ANSI Z129.1 per l&#8217;etichettatura. Negli Stati Uniti possono essere in vigore ulteriori normative a livello statale e locale. Nel Regno Unito le SDS sono richieste dal regolamento REACH.<\/p>\r\n\r\n\r\n\r\n<p>In Canada le etichette dei prodotti e le schede di sicurezza devono essere disponibili sia in inglese che in francese canadese. Le etichette di sicurezza chimica devono riportare i dati sia in inglese che in francese sulla stessa etichetta. Lo standard in vigore in Canada \u00e8 il Workplace Hazardous Materials Information System (WHMIS). Fai clic qui per maggiori informazioni sui requisiti del WHMIS sul sito web di Health Canada.<\/p>\r\n\r\n\r\n\r\n<p>In Europa la direttiva 2001\/58\/CE fornisce linee guide dettagliate per la preparazione delle schede di sicurezza dei materiali. I paesi asiatici hanno i propri standard per le MSDS. Ad esempio, in Giappone lo standard \u00e8 JIS 27250 e in Cina \u00e8 GB 16483-2000.<\/p>\r\n<p>In molti paesi le normative sulle schede di sicurezza sono in evoluzione per consentire la globalizzazione degli standard. Quando traduciamo testi su prodotti chimici in varie lingue, cerchiamo di soddisfare gli standard di tutti i paesi in cui ciascuna \u00e8 parlata, affinch\u00e9 tu ottenga il massimo dal tuo investimento in servizi di traduzione.<\/p>\r\n<p>\r\n\r\n<\/p>\r\n<h4 id=\"h-link-correlati\" class=\"wp-block-heading\">Link correlati:<\/h4>\r\n<p>\r\n\r\n<\/p>\r\n<p><a href=\"https:\/\/www.gts-translation.com\/converting-msds-ghs-format\/\" target=\"_blank\" rel=\"noreferrer noopener\">Converting MSDS to GHS Format<\/a> <a href=\"https:\/\/www.gts-translation.com\/converting-msds-ghs-format\/\" target=\"_blank\" rel=\"noreferrer noopener\">Converting USA-format MSDS to EU Format<\/a><\/p>\r\n<p><\/p>","protected":false},"excerpt":{"rendered":"<p>Servizi Professionali di Traduzione di Schede di Sicurezza (SDS) GTS offre traduzioni certificate di Schede di Sicurezza (SDS) in oltre 50 lingue, garantendo conformit\u00e0 agli standard internazionali come GHS, REACH, OSHA e WHMIS. I nostri esperti linguisti assicurano traduzioni accurate e tempestive per aziende chimiche e manifatturiere di tutto il mondo. \ud83d\udcc4 Ottieni un Preventivo &#8230; <a title=\"Traduzione di schede di sicurezza (SDS)\" class=\"read-more\" href=\"https:\/\/www.gts-translation.com\/it\/services\/servizio-di-traduzione-di-schede-di-sicurezza-sds\/\" aria-label=\"Per saperne di pi\u00f9 su Traduzione di schede di sicurezza (SDS)\">Leggi tutto<\/a><\/p>\n","protected":false},"author":13965,"featured_media":51301,"parent":51719,"menu_order":0,"comment_status":"open","ping_status":"closed","template":"templates\/landing-page.php","meta":{"_acf_changed":false,"inline_featured_image":false,"_monsterinsights_skip_tracking":false,"_monsterinsights_sitenote_active":false,"_monsterinsights_sitenote_note":"","_monsterinsights_sitenote_category":0,"footnotes":""},"class_list":["post-51823","page","type-page","status-publish","has-post-thumbnail"],"acf":[],"yoast_head":"<!-- This site is optimized with the Yoast SEO Premium plugin v24.2 (Yoast SEO v27.4) - https:\/\/yoast.com\/product\/yoast-seo-premium-wordpress\/ -->\n<title>Traduzione di schede di sicurezza (SDS)<\/title>\n<meta name=\"description\" content=\"GTS fornisce servizi di traduzione certificata di schede di sicurezza nel pieno rispetto delle normative nazionali in tutto il mondo.\" \/>\n<meta name=\"robots\" content=\"index, follow, max-snippet:-1, max-image-preview:large, max-video-preview:-1\" \/>\n<link rel=\"canonical\" href=\"https:\/\/www.gts-translation.com\/it\/services\/servizio-di-traduzione-di-schede-di-sicurezza-sds\/\" \/>\n<meta property=\"og:locale\" content=\"it_IT\" \/>\n<meta property=\"og:type\" content=\"article\" \/>\n<meta property=\"og:title\" content=\"Traduzione di schede di sicurezza (SDS)\" \/>\n<meta property=\"og:description\" content=\"GTS fornisce servizi di traduzione certificata di schede di sicurezza nel pieno rispetto delle normative nazionali in tutto il mondo.\" \/>\n<meta property=\"og:url\" content=\"https:\/\/www.gts-translation.com\/it\/services\/servizio-di-traduzione-di-schede-di-sicurezza-sds\/\" \/>\n<meta property=\"og:site_name\" content=\"GTS Translation Services\" \/>\n<meta property=\"article:publisher\" content=\"https:\/\/www.facebook.com\/GTS.Translation\/\" \/>\n<meta property=\"article:modified_time\" content=\"2025-06-04T10:07:40+00:00\" \/>\n<meta property=\"og:image\" content=\"https:\/\/www.gts-translation.com\/wp-content\/uploads\/2021\/11\/SDS-Translation-Services-3.jpg\" \/>\n\t<meta property=\"og:image:width\" content=\"844\" \/>\n\t<meta property=\"og:image:height\" content=\"415\" \/>\n\t<meta property=\"og:image:type\" content=\"image\/jpeg\" \/>\n<meta name=\"twitter:card\" content=\"summary_large_image\" \/>\n<meta name=\"twitter:label1\" content=\"Tempo di lettura stimato\" \/>\n\t<meta name=\"twitter:data1\" content=\"5 minuti\" \/>\n<script type=\"application\/ld+json\" class=\"yoast-schema-graph\">{\"@context\":\"https:\\\/\\\/schema.org\",\"@graph\":[{\"@type\":\"WebPage\",\"@id\":\"https:\\\/\\\/www.gts-translation.com\\\/it\\\/services\\\/servizio-di-traduzione-di-schede-di-sicurezza-sds\\\/\",\"url\":\"https:\\\/\\\/www.gts-translation.com\\\/it\\\/services\\\/servizio-di-traduzione-di-schede-di-sicurezza-sds\\\/\",\"name\":\"Traduzione di schede di sicurezza (SDS)\",\"isPartOf\":{\"@id\":\"https:\\\/\\\/www.gts-translation.com\\\/it\\\/#website\"},\"primaryImageOfPage\":{\"@id\":\"https:\\\/\\\/www.gts-translation.com\\\/it\\\/services\\\/servizio-di-traduzione-di-schede-di-sicurezza-sds\\\/#primaryimage\"},\"image\":{\"@id\":\"https:\\\/\\\/www.gts-translation.com\\\/it\\\/services\\\/servizio-di-traduzione-di-schede-di-sicurezza-sds\\\/#primaryimage\"},\"thumbnailUrl\":\"https:\\\/\\\/www.gts-translation.com\\\/wp-content\\\/uploads\\\/2021\\\/11\\\/SDS-Translation-Services-3.jpg\",\"datePublished\":\"2022-03-10T06:30:21+00:00\",\"dateModified\":\"2025-06-04T10:07:40+00:00\",\"description\":\"GTS fornisce servizi di traduzione certificata di schede di sicurezza nel pieno rispetto delle normative nazionali in tutto il mondo.\",\"breadcrumb\":{\"@id\":\"https:\\\/\\\/www.gts-translation.com\\\/it\\\/services\\\/servizio-di-traduzione-di-schede-di-sicurezza-sds\\\/#breadcrumb\"},\"inLanguage\":\"it-IT\",\"potentialAction\":[{\"@type\":\"ReadAction\",\"target\":[\"https:\\\/\\\/www.gts-translation.com\\\/it\\\/services\\\/servizio-di-traduzione-di-schede-di-sicurezza-sds\\\/\"]}]},{\"@type\":\"ImageObject\",\"inLanguage\":\"it-IT\",\"@id\":\"https:\\\/\\\/www.gts-translation.com\\\/it\\\/services\\\/servizio-di-traduzione-di-schede-di-sicurezza-sds\\\/#primaryimage\",\"url\":\"https:\\\/\\\/www.gts-translation.com\\\/wp-content\\\/uploads\\\/2021\\\/11\\\/SDS-Translation-Services-3.jpg\",\"contentUrl\":\"https:\\\/\\\/www.gts-translation.com\\\/wp-content\\\/uploads\\\/2021\\\/11\\\/SDS-Translation-Services-3.jpg\",\"width\":844,\"height\":415,\"caption\":\"Barrels. Warehouse of chemical products. The metal barrels are blue. Chemistry. Manufacture of chemicals. Pallets with barrels.\"},{\"@type\":\"BreadcrumbList\",\"@id\":\"https:\\\/\\\/www.gts-translation.com\\\/it\\\/services\\\/servizio-di-traduzione-di-schede-di-sicurezza-sds\\\/#breadcrumb\",\"itemListElement\":[{\"@type\":\"ListItem\",\"position\":1,\"name\":\"Home\",\"item\":\"https:\\\/\\\/www.gts-translation.com\\\/it\\\/\"},{\"@type\":\"ListItem\",\"position\":2,\"name\":\"Services\",\"item\":\"https:\\\/\\\/www.gts-translation.com\\\/it\\\/services\\\/\"},{\"@type\":\"ListItem\",\"position\":3,\"name\":\"Traduzione di schede di sicurezza (SDS)\"}]},{\"@type\":\"WebSite\",\"@id\":\"https:\\\/\\\/www.gts-translation.com\\\/it\\\/#website\",\"url\":\"https:\\\/\\\/www.gts-translation.com\\\/it\\\/\",\"name\":\"GTS Translation Services\",\"description\":\"Quality you can trust at prices you can&#039;t beat!\",\"publisher\":{\"@id\":\"https:\\\/\\\/www.gts-translation.com\\\/it\\\/#organization\"},\"potentialAction\":[{\"@type\":\"SearchAction\",\"target\":{\"@type\":\"EntryPoint\",\"urlTemplate\":\"https:\\\/\\\/www.gts-translation.com\\\/it\\\/?s={search_term_string}\"},\"query-input\":{\"@type\":\"PropertyValueSpecification\",\"valueRequired\":true,\"valueName\":\"search_term_string\"}}],\"inLanguage\":\"it-IT\"},{\"@type\":\"Organization\",\"@id\":\"https:\\\/\\\/www.gts-translation.com\\\/it\\\/#organization\",\"name\":\"GTS Translation Services\",\"url\":\"https:\\\/\\\/www.gts-translation.com\\\/it\\\/\",\"logo\":{\"@type\":\"ImageObject\",\"inLanguage\":\"it-IT\",\"@id\":\"https:\\\/\\\/www.gts-translation.com\\\/it\\\/#\\\/schema\\\/logo\\\/image\\\/\",\"url\":\"https:\\\/\\\/www.gts-translation.com\\\/wp-content\\\/uploads\\\/2023\\\/07\\\/gts-logo.png\",\"contentUrl\":\"https:\\\/\\\/www.gts-translation.com\\\/wp-content\\\/uploads\\\/2023\\\/07\\\/gts-logo.png\",\"width\":234,\"height\":80,\"caption\":\"GTS Translation Services\"},\"image\":{\"@id\":\"https:\\\/\\\/www.gts-translation.com\\\/it\\\/#\\\/schema\\\/logo\\\/image\\\/\"},\"sameAs\":[\"https:\\\/\\\/www.facebook.com\\\/GTS.Translation\\\/\"]}]}<\/script>\n<!-- \/ Yoast SEO Premium plugin. -->","yoast_head_json":{"title":"Traduzione di schede di sicurezza (SDS)","description":"GTS fornisce servizi di traduzione certificata di schede di sicurezza nel pieno rispetto delle normative nazionali in tutto il mondo.","robots":{"index":"index","follow":"follow","max-snippet":"max-snippet:-1","max-image-preview":"max-image-preview:large","max-video-preview":"max-video-preview:-1"},"canonical":"https:\/\/www.gts-translation.com\/it\/services\/servizio-di-traduzione-di-schede-di-sicurezza-sds\/","og_locale":"it_IT","og_type":"article","og_title":"Traduzione di schede di sicurezza (SDS)","og_description":"GTS fornisce servizi di traduzione certificata di schede di sicurezza nel pieno rispetto delle normative nazionali in tutto il mondo.","og_url":"https:\/\/www.gts-translation.com\/it\/services\/servizio-di-traduzione-di-schede-di-sicurezza-sds\/","og_site_name":"GTS Translation Services","article_publisher":"https:\/\/www.facebook.com\/GTS.Translation\/","article_modified_time":"2025-06-04T10:07:40+00:00","og_image":[{"width":844,"height":415,"url":"https:\/\/www.gts-translation.com\/wp-content\/uploads\/2021\/11\/SDS-Translation-Services-3.jpg","type":"image\/jpeg"}],"twitter_card":"summary_large_image","twitter_misc":{"Tempo di lettura stimato":"5 minuti"},"schema":{"@context":"https:\/\/schema.org","@graph":[{"@type":"WebPage","@id":"https:\/\/www.gts-translation.com\/it\/services\/servizio-di-traduzione-di-schede-di-sicurezza-sds\/","url":"https:\/\/www.gts-translation.com\/it\/services\/servizio-di-traduzione-di-schede-di-sicurezza-sds\/","name":"Traduzione di schede di sicurezza (SDS)","isPartOf":{"@id":"https:\/\/www.gts-translation.com\/it\/#website"},"primaryImageOfPage":{"@id":"https:\/\/www.gts-translation.com\/it\/services\/servizio-di-traduzione-di-schede-di-sicurezza-sds\/#primaryimage"},"image":{"@id":"https:\/\/www.gts-translation.com\/it\/services\/servizio-di-traduzione-di-schede-di-sicurezza-sds\/#primaryimage"},"thumbnailUrl":"https:\/\/www.gts-translation.com\/wp-content\/uploads\/2021\/11\/SDS-Translation-Services-3.jpg","datePublished":"2022-03-10T06:30:21+00:00","dateModified":"2025-06-04T10:07:40+00:00","description":"GTS fornisce servizi di traduzione certificata di schede di sicurezza nel pieno rispetto delle normative nazionali in tutto il mondo.","breadcrumb":{"@id":"https:\/\/www.gts-translation.com\/it\/services\/servizio-di-traduzione-di-schede-di-sicurezza-sds\/#breadcrumb"},"inLanguage":"it-IT","potentialAction":[{"@type":"ReadAction","target":["https:\/\/www.gts-translation.com\/it\/services\/servizio-di-traduzione-di-schede-di-sicurezza-sds\/"]}]},{"@type":"ImageObject","inLanguage":"it-IT","@id":"https:\/\/www.gts-translation.com\/it\/services\/servizio-di-traduzione-di-schede-di-sicurezza-sds\/#primaryimage","url":"https:\/\/www.gts-translation.com\/wp-content\/uploads\/2021\/11\/SDS-Translation-Services-3.jpg","contentUrl":"https:\/\/www.gts-translation.com\/wp-content\/uploads\/2021\/11\/SDS-Translation-Services-3.jpg","width":844,"height":415,"caption":"Barrels. Warehouse of chemical products. The metal barrels are blue. Chemistry. Manufacture of chemicals. Pallets with barrels."},{"@type":"BreadcrumbList","@id":"https:\/\/www.gts-translation.com\/it\/services\/servizio-di-traduzione-di-schede-di-sicurezza-sds\/#breadcrumb","itemListElement":[{"@type":"ListItem","position":1,"name":"Home","item":"https:\/\/www.gts-translation.com\/it\/"},{"@type":"ListItem","position":2,"name":"Services","item":"https:\/\/www.gts-translation.com\/it\/services\/"},{"@type":"ListItem","position":3,"name":"Traduzione di schede di sicurezza (SDS)"}]},{"@type":"WebSite","@id":"https:\/\/www.gts-translation.com\/it\/#website","url":"https:\/\/www.gts-translation.com\/it\/","name":"GTS Translation Services","description":"Quality you can trust at prices you can&#039;t beat!","publisher":{"@id":"https:\/\/www.gts-translation.com\/it\/#organization"},"potentialAction":[{"@type":"SearchAction","target":{"@type":"EntryPoint","urlTemplate":"https:\/\/www.gts-translation.com\/it\/?s={search_term_string}"},"query-input":{"@type":"PropertyValueSpecification","valueRequired":true,"valueName":"search_term_string"}}],"inLanguage":"it-IT"},{"@type":"Organization","@id":"https:\/\/www.gts-translation.com\/it\/#organization","name":"GTS Translation Services","url":"https:\/\/www.gts-translation.com\/it\/","logo":{"@type":"ImageObject","inLanguage":"it-IT","@id":"https:\/\/www.gts-translation.com\/it\/#\/schema\/logo\/image\/","url":"https:\/\/www.gts-translation.com\/wp-content\/uploads\/2023\/07\/gts-logo.png","contentUrl":"https:\/\/www.gts-translation.com\/wp-content\/uploads\/2023\/07\/gts-logo.png","width":234,"height":80,"caption":"GTS Translation Services"},"image":{"@id":"https:\/\/www.gts-translation.com\/it\/#\/schema\/logo\/image\/"},"sameAs":["https:\/\/www.facebook.com\/GTS.Translation\/"]}]}},"_links":{"self":[{"href":"https:\/\/www.gts-translation.com\/it\/wp-json\/wp\/v2\/pages\/51823","targetHints":{"allow":["GET"]}}],"collection":[{"href":"https:\/\/www.gts-translation.com\/it\/wp-json\/wp\/v2\/pages"}],"about":[{"href":"https:\/\/www.gts-translation.com\/it\/wp-json\/wp\/v2\/types\/page"}],"author":[{"embeddable":true,"href":"https:\/\/www.gts-translation.com\/it\/wp-json\/wp\/v2\/users\/13965"}],"replies":[{"embeddable":true,"href":"https:\/\/www.gts-translation.com\/it\/wp-json\/wp\/v2\/comments?post=51823"}],"version-history":[{"count":3,"href":"https:\/\/www.gts-translation.com\/it\/wp-json\/wp\/v2\/pages\/51823\/revisions"}],"predecessor-version":[{"id":63703,"href":"https:\/\/www.gts-translation.com\/it\/wp-json\/wp\/v2\/pages\/51823\/revisions\/63703"}],"up":[{"embeddable":true,"href":"https:\/\/www.gts-translation.com\/it\/wp-json\/wp\/v2\/pages\/51719"}],"wp:featuredmedia":[{"embeddable":true,"href":"https:\/\/www.gts-translation.com\/it\/wp-json\/wp\/v2\/media\/51301"}],"wp:attachment":[{"href":"https:\/\/www.gts-translation.com\/it\/wp-json\/wp\/v2\/media?parent=51823"}],"curies":[{"name":"wp","href":"https:\/\/api.w.org\/{rel}","templated":true}]}}