{"id":51848,"date":"2022-03-10T06:53:56","date_gmt":"2022-03-10T06:53:56","guid":{"rendered":"https:\/\/www.gts-translation.com\/?page_id=51848"},"modified":"2025-01-06T11:18:58","modified_gmt":"2025-01-06T11:18:58","slug":"technical-translation-services","status":"publish","type":"page","link":"https:\/\/www.gts-translation.com\/it\/services\/technical-translation-services\/","title":{"rendered":"Servizi di traduzione tecnica"},"content":{"rendered":"\n<h1 class=\"wp-block-heading\" id=\"h-servizi-di-traduzione-tecnica\">Servizi di traduzione tecnica<\/h1>\n\n\n\n<p>Cerchi servizi di traduzione tecnica veloci e di alta qualit\u00e0? Carica i documenti tecnici che devi tradurre e ottieni un preventivo online in pochi secondi. Ti forniremo le traduzioni in tempi rapidi e con la migliore qualit\u00e0 possibile.<\/p>\n\n\n<div class=\"wp-block-image wp-image-13734\">\n<figure class=\"alignleft\"><img decoding=\"async\" width=\"300\" height=\"200\" src=\"https:\/\/www.gts-translation.com\/wp-content\/uploads\/2018\/10\/Technical-Translation-Services-300x200.jpg\" alt=\"Technical translation services\" class=\"wp-image-13734\" srcset=\"https:\/\/www.gts-translation.com\/wp-content\/uploads\/2018\/10\/Technical-Translation-Services-300x200.jpg 300w, https:\/\/www.gts-translation.com\/wp-content\/uploads\/2018\/10\/Technical-Translation-Services-768x512.jpg 768w, https:\/\/www.gts-translation.com\/wp-content\/uploads\/2018\/10\/Technical-Translation-Services.jpg 848w\" sizes=\"(max-width: 300px) 100vw, 300px\" \/><figcaption class=\"wp-element-caption\">Abbiamo tradotto migliaia di manuali, documenti e disegni tecnici per alcune delle pi\u00f9 grandi aziende del mondo<\/figcaption><\/figure>\n<\/div>\n\n\n<p>La traduzione di manuali e documenti tecnici deve essere affidata a un&#8217;agenzia di traduzioni tecniche esperta come GTS. Una traduzione tecnica di scarsa qualit\u00e0 pu\u00f2 causare guasti agli impianti, danni ad apparecchiature o eventi ancora peggiori. Immagina cosa pu\u00f2 provocare una traduzione errata delle istruzioni di sicurezza o di messa a terra per un tecnico addetto alla manutenzione degli impianti elettrici ad alta tensione. Un buon traduttore tecnico deve possedere non solo un&#8217;ottima padronanza delle lingue di partenza e di arrivo, ma anche una conoscenza approfondita della materia e della relativa terminologia.<\/p>\n\n\n\n<h2 class=\"wp-block-heading\" id=\"h-perche-affidare-le-tue-traduzioni-tecniche-a-gts\">Perch\u00e9 affidare le tue traduzioni tecniche a GTS<\/h2>\n\n\n<div class=\"wp-block-image\">\n<figure class=\"aligncenter\"><img decoding=\"async\" width=\"926\" height=\"187\" src=\"https:\/\/www.gts-translation.com\/wp-content\/uploads\/2020\/05\/tech-review.png\" alt=\"\" class=\"wp-image-26133\" srcset=\"https:\/\/www.gts-translation.com\/wp-content\/uploads\/2020\/05\/tech-review.png 926w, https:\/\/www.gts-translation.com\/wp-content\/uploads\/2020\/05\/tech-review-300x61.png 300w, https:\/\/www.gts-translation.com\/wp-content\/uploads\/2020\/05\/tech-review-768x155.png 768w\" sizes=\"(max-width: 926px) 100vw, 926px\" \/><\/figure>\n<\/div>\n\n\n<p>GTS \u00e8 un&#8217;agenzia di traduzioni tecniche con esperienza comprovata nella fornitura di traduzioni tecniche accurate in lingue straniere. La nostra politica della qualit\u00e0 \u00e8 conforme alla norma ISO 17100:2015. Il che significa che tutte le traduzioni sono consegnate col pi\u00f9 alto livello di qualit\u00e0. Abbiamo un team di esperti di servizi di traduzione tecnica e per l&#8217;ingegneria. Ci\u00f2 include ingegneri elettrici ed elettronici, ingegneri civili, ingegneri meccanici, scienziati dei materiali, fisici, chimici e ingegneri chimici, nonch\u00e9 altri specialisti del settore. Alcune delle pi\u00f9 grandi aziende del mondo si affidano a noi per le loro traduzioni tecniche. Fai clic qui per consultare l&#8217;elenco dei nostri clienti.<\/p>\n\n\n\n<h2 class=\"wp-block-heading\" id=\"h-prezzi-delle-traduzioni-tecniche\">Prezzi delle traduzioni tecniche<\/h2>\n\n\n\n<p>GTS offre i prezzi pi\u00f9 competitivi nel settore della traduzione, a partire da 0,10 $ a parola per la traduzione tecnica certificata e revisionata.<\/p>\n\n\n\n<h2 class=\"wp-block-heading\" id=\"h-sconti-sui-prezzi-della-traduzione-tecnica\">Sconti sui prezzi della traduzione tecnica<\/h2>\n\n\n\n<p>Usa i codici coupon GTS per ottenere uno sconto sulle traduzioni di documenti tecnici. Se sei un nuovo cliente, avrai uno sconto del 5% sul tuo primo ordine. Fai clic qui per maggiori informazioni sugli sconti sui prezzi delle traduzioni.<\/p>\n\n\n\n<h2 class=\"wp-block-heading\" id=\"h-traduzione-di-documenti-tecnici\">Traduzione di documenti tecnici<\/h2>\n\n\n\n<p>GTS \u00e8 il miglior fornitore di servizi di traduzione di documenti. Traduciamo documenti tecnici in oltre 80 lingue. Le traduzioni includono:<\/p>\n\n\n\n<ul class=\"wp-block-list\">\n<li>Manuali tecnici<\/li>\n\n\n\n<li>Guide per l&#8217;utente<\/li>\n\n\n\n<li>Requisiti di sistema<\/li>\n\n\n\n<li>Relazioni sulla sicurezza<\/li>\n\n\n\n<li>Brevetti<\/li>\n\n\n\n<li>Istruzioni di installazione<\/li>\n\n\n\n<li>Manuali di manutenzione<\/li>\n\n\n\n<li>Documenti per gare d&#8217;appalto<\/li>\n\n\n\n<li>Materiali per la formazione tecnica<\/li>\n\n\n\n<li>Brochure tecniche<\/li>\n\n\n\n<li>Schede tecniche<\/li>\n\n\n\n<li>Cataloghi tecnici<\/li>\n<\/ul>\n\n\n\n<h3 class=\"wp-block-heading\" id=\"h-consegna-urgente-di-traduzioni-tecniche\">Consegna urgente di traduzioni tecniche<\/h3>\n\n\n\n<p>Contattaci se hai bisogno di tradurre rapidamente una grande quantit\u00e0 di materiale tecnico. Abbiamo team di traduttori che possiamo attivare rapidamente per fornire la traduzione tecnica di centinaia di pagine al giorno.<\/p>\n\n\n\n<h3 class=\"wp-block-heading\" id=\"h-offriamo-supporto-in-oltre-100-lingue\">Offriamo supporto in oltre 100 lingue<\/h3>\n\n\n\n<p>GTS ha una vasta rete di traduttori professionisti certificati in oltre 100 paesi. Traduciamo documenti tecnici in tutte le lingue europee, asiatiche, scandinave e mediorientali.&nbsp; Tra queste vi sono francese, italiano, tedesco, spagnolo, cinese, giapponese, russo e arabo.<\/p>\n\n\n\n<h3 class=\"wp-block-heading\" id=\"h-siamo-in-grado-di-gestire-qualsiasi-formato-di-file\">Siamo in grado di gestire qualsiasi formato di file<\/h3>\n\n\n\n<p>La maggior parte dei documenti tecnici sono redatti in MS Word. Ma lavoriamo anche con altri formati di file quali Adobe Framemaker, InDesign, XML e praticamente tutti gli altri formati di file di testo. Se i tuoi documenti tecnici includono disegni tecnici e illustrazioni, possiamo tradurre i callout e le didascalie testuali.<\/p>\n\n\n\n<h3 class=\"wp-block-heading\" id=\"h-terminologia-tecnica\">Terminologia tecnica<\/h3>\n\n\n\n<p>Per una buona traduzione tecnica \u00e8 fondamentale l&#8217;uso coerente di una terminologia corretta. All&#8217;inizio di un progetto, il nostro project manager compiler\u00e0 un glossario che elenca i termini tecnici specifici del settore utilizzati nel tuo progetto. La traduzione della terminologia in ciascuna lingua viene effettuata all&#8217;inizio del progetto al fine di assicurare la coerenza e la precisione nella traduzione tecnica.<\/p>\n\n\n\n<h3 class=\"wp-block-heading\" id=\"h-utilizzo-di-memorie-di-traduzione\">Utilizzo di memorie di traduzione<\/h3>\n\n\n\n<p>L&#8217;uso di memorie di traduzione non solo produce una traduzione migliore, ma consente di risparmiare denaro nel lungo termine. Poich\u00e9 le traduzioni tecniche vengono aggiornate di frequente, \u00e8 sufficiente tradurre le modifiche apportate negli aggiornamenti.<\/p>\n\n\n\n<h3 class=\"wp-block-heading\" id=\"h-prezzi-competitivi\">Prezzi competitivi<\/h3>\n\n\n\n<p>I nostri prezzi sono i pi\u00f9 competitivi del settore. Hai bisogno di un preventivo per servizi di traduzione tecnica online? Clicca qui per ottenere un preventivo online immediato.<\/p>\n\n\n\n<h2 class=\"wp-block-heading\" id=\"h-casi-di-studio-sui-servizi-di-traduzione-tecnica\">Casi di studio sui servizi di traduzione tecnica<\/h2>\n\n\n\n<ul class=\"wp-block-list\">\n<li>Symbio. Traduzione dal francese all&#8217;inglese dei documenti SOP di produzione.<\/li>\n\n\n\n<li>Siemens. GTS fornisce ai sistemi di controllo e automazione degli edifici Siemens Instabus un servizio di traduzione tecnica da oltre 15 anni. Ci\u00f2 include la traduzione in tedesco, inglese, italiano e spagnolo di guide di programmazione, manuali di istruzioni e contenuti web.<\/li>\n\n\n\n<li>Chromalox Inc. GTS fornisce a Chromalox Inc. servizi di traduzione tecnica da oltre 10 anni. Abbiamo tradotto il loro sito web in 5 lingue (tedesco, cinese, francese europeo, francese canadese, portoghese brasiliano e spagnolo). Abbiamo anche tradotto per Chromalox decine di manuali tecnici e istruzioni in oltre 10 lingue.<\/li>\n\n\n\n<li><a href=\"https:\/\/magna-p.magna.com\/\">Magna International<\/a>. Traduzione dal tedesco all&#8217;inglese di 200.000 parole di risultati di test per i dati di sicurezza dei seggiolini auto.<\/li>\n\n\n\n<li><a href=\"https:\/\/www.plugpower.com\/\">Plug Power Inc.<\/a> Traduzione di manuali tecnici in francese canadese, francese europeo e tedesco.<\/li>\n\n\n\n<li><a href=\"https:\/\/www.hamamatsu.com\/us\/en.html\">Hamamatsu Photonics<\/a>. Traduzione di manuali di installazione e funzionamento in francese europeo.<\/li>\n\n\n\n<li><a href=\"https:\/\/www.systra.com\/en\/\">Systra Group<\/a>. Traduzione di un documento RFP tecnico dall&#8217;ebraico all&#8217;inglese.<\/li>\n\n\n\n<li><a href=\"https:\/\/autoloto.co\/\">autoLOTO<\/a>. Traduzione di un manuale tecnico in spagnolo.<\/li>\n\n\n\n<li>BBC Industries. Traduzione del manuale tecnico in francese e tedesco.<\/li>\n<\/ul>\n\n\n\n<p><h3>Pagine correlate ai servizi di traduzione tecnica:<\/h3><\/p>\n\n\n\n<p><a href=\"https:\/\/www.gts-translation.com\/services\/technical-translation-services\/automotive-translation-services\/\">Automotive<\/a> &#8211; <a href=\"https:\/\/www.gts-translation.com\/services\/technical-translation-services\/engineering-translation-services\/\">Engineering<\/a>&nbsp;&#8211;&nbsp;<a href=\"https:\/\/www.gts-translation.com\/services\/technical-translation-services\/semiconductor-translation-services\/\">Semiconductor<\/a>&nbsp;&nbsp;&#8211; <a href=\"https:\/\/www.gts-translation.com\/translation-services-for-hvac-industry\/\" target=\"_blank\" rel=\"noreferrer noopener\">Translation for the HVAC Industry<\/a> &#8211;&nbsp;<a href=\"https:\/\/www.gts-translation.com\/services\/technical-translation-services\/telecommunication-industry-manuals\/\">Telecommunication Manuals<\/a>&nbsp;&#8211;&nbsp;<a href=\"https:\/\/www.gts-translation.com\/services\/technical-translation-services\/manufacturing-translation-services\/\">Manufacturing<\/a>&nbsp;&#8211; <a href=\"https:\/\/www.gts-translation.com\/services\/technical-translation-services\/handbook-guide-manual-translation\/\">Technical Manuals<\/a>&nbsp;&#8211; <a href=\"https:\/\/www.gts-translation.com\/services\/technical-translation-services\/technology-translation-services\/\">Technology IT<\/a>&nbsp;&#8211; <a href=\"https:\/\/www.gts-translation.com\/services\/technical-translation-services\/software-localization-services\/\">Software Localization<\/a> &#8211; <a href=\"https:\/\/www.gts-translation.com\/translation-services-for-the-petroleum-industry\/\">Translation Services for the Petroleum Industry<\/a><\/p>\n","protected":false},"excerpt":{"rendered":"<p>Servizi di traduzione tecnica Cerchi servizi di traduzione tecnica veloci e di alta qualit\u00e0? Carica i documenti tecnici che devi tradurre e ottieni un preventivo online in pochi secondi. Ti forniremo le traduzioni in tempi rapidi e con la migliore qualit\u00e0 possibile. La traduzione di manuali e documenti tecnici deve essere affidata a un&#8217;agenzia di &#8230; <a title=\"Servizi di traduzione tecnica\" class=\"read-more\" href=\"https:\/\/www.gts-translation.com\/it\/services\/technical-translation-services\/\" aria-label=\"Per saperne di pi\u00f9 su Servizi di traduzione tecnica\">Leggi tutto<\/a><\/p>\n","protected":false},"author":13965,"featured_media":51377,"parent":51719,"menu_order":0,"comment_status":"open","ping_status":"open","template":"templates\/landing-page.php","meta":{"_acf_changed":false,"inline_featured_image":false,"_monsterinsights_skip_tracking":false,"_monsterinsights_sitenote_active":false,"_monsterinsights_sitenote_note":"","_monsterinsights_sitenote_category":0,"footnotes":""},"class_list":["post-51848","page","type-page","status-publish","has-post-thumbnail"],"acf":[],"yoast_head":"<!-- This site is optimized with the Yoast SEO Premium plugin v24.2 (Yoast SEO v27.4) - https:\/\/yoast.com\/product\/yoast-seo-premium-wordpress\/ -->\n<title>Servizi di traduzione tecnica | Traduzione di documenti tecnici<\/title>\n<meta name=\"description\" content=\"Agenzia di traduzione tecnica con esperienza comprovata nella fornitura di servizi di traduzione tecnica rapidi e di alta qualit\u00e0.\" \/>\n<meta name=\"robots\" content=\"index, follow, max-snippet:-1, max-image-preview:large, max-video-preview:-1\" \/>\n<link rel=\"canonical\" href=\"https:\/\/www.gts-translation.com\/it\/services\/technical-translation-services\/\" \/>\n<meta property=\"og:locale\" content=\"it_IT\" \/>\n<meta property=\"og:type\" content=\"article\" \/>\n<meta property=\"og:title\" content=\"Servizi di traduzione tecnica\" \/>\n<meta property=\"og:description\" content=\"Agenzia di traduzione tecnica con esperienza comprovata nella fornitura di servizi di traduzione tecnica rapidi e di alta qualit\u00e0.\" \/>\n<meta property=\"og:url\" content=\"https:\/\/www.gts-translation.com\/it\/services\/technical-translation-services\/\" \/>\n<meta property=\"og:site_name\" content=\"GTS Translation Services\" \/>\n<meta property=\"article:publisher\" content=\"https:\/\/www.facebook.com\/GTS.Translation\/\" \/>\n<meta property=\"article:modified_time\" content=\"2025-01-06T11:18:58+00:00\" \/>\n<meta property=\"og:image\" content=\"https:\/\/www.gts-translation.com\/wp-content\/uploads\/2021\/12\/technical-translate.jpg\" \/>\n\t<meta property=\"og:image:width\" content=\"923\" \/>\n\t<meta property=\"og:image:height\" content=\"519\" \/>\n\t<meta property=\"og:image:type\" content=\"image\/jpeg\" \/>\n<meta name=\"twitter:card\" content=\"summary_large_image\" \/>\n<meta name=\"twitter:label1\" content=\"Tempo di lettura stimato\" \/>\n\t<meta name=\"twitter:data1\" content=\"5 minuti\" \/>\n<script type=\"application\/ld+json\" class=\"yoast-schema-graph\">{\"@context\":\"https:\\\/\\\/schema.org\",\"@graph\":[{\"@type\":\"WebPage\",\"@id\":\"https:\\\/\\\/www.gts-translation.com\\\/it\\\/services\\\/technical-translation-services\\\/\",\"url\":\"https:\\\/\\\/www.gts-translation.com\\\/it\\\/services\\\/technical-translation-services\\\/\",\"name\":\"Servizi di traduzione tecnica | Traduzione di documenti tecnici\",\"isPartOf\":{\"@id\":\"https:\\\/\\\/www.gts-translation.com\\\/it\\\/#website\"},\"primaryImageOfPage\":{\"@id\":\"https:\\\/\\\/www.gts-translation.com\\\/it\\\/services\\\/technical-translation-services\\\/#primaryimage\"},\"image\":{\"@id\":\"https:\\\/\\\/www.gts-translation.com\\\/it\\\/services\\\/technical-translation-services\\\/#primaryimage\"},\"thumbnailUrl\":\"https:\\\/\\\/www.gts-translation.com\\\/wp-content\\\/uploads\\\/2021\\\/12\\\/technical-translate.jpg\",\"datePublished\":\"2022-03-10T06:53:56+00:00\",\"dateModified\":\"2025-01-06T11:18:58+00:00\",\"description\":\"Agenzia di traduzione tecnica con esperienza comprovata nella fornitura di servizi di traduzione tecnica rapidi e di alta qualit\u00e0.\",\"breadcrumb\":{\"@id\":\"https:\\\/\\\/www.gts-translation.com\\\/it\\\/services\\\/technical-translation-services\\\/#breadcrumb\"},\"inLanguage\":\"it-IT\",\"potentialAction\":[{\"@type\":\"ReadAction\",\"target\":[\"https:\\\/\\\/www.gts-translation.com\\\/it\\\/services\\\/technical-translation-services\\\/\"]}]},{\"@type\":\"ImageObject\",\"inLanguage\":\"it-IT\",\"@id\":\"https:\\\/\\\/www.gts-translation.com\\\/it\\\/services\\\/technical-translation-services\\\/#primaryimage\",\"url\":\"https:\\\/\\\/www.gts-translation.com\\\/wp-content\\\/uploads\\\/2021\\\/12\\\/technical-translate.jpg\",\"contentUrl\":\"https:\\\/\\\/www.gts-translation.com\\\/wp-content\\\/uploads\\\/2021\\\/12\\\/technical-translate.jpg\",\"width\":923,\"height\":519,\"caption\":\"Black IT Specialist is Working on Laptop in Data Center while Standing Before Server Rack. Running Diagnostics, Putting in Data or Doing Maintenance Work.\"},{\"@type\":\"BreadcrumbList\",\"@id\":\"https:\\\/\\\/www.gts-translation.com\\\/it\\\/services\\\/technical-translation-services\\\/#breadcrumb\",\"itemListElement\":[{\"@type\":\"ListItem\",\"position\":1,\"name\":\"Home\",\"item\":\"https:\\\/\\\/www.gts-translation.com\\\/it\\\/\"},{\"@type\":\"ListItem\",\"position\":2,\"name\":\"Services\",\"item\":\"https:\\\/\\\/www.gts-translation.com\\\/it\\\/services\\\/\"},{\"@type\":\"ListItem\",\"position\":3,\"name\":\"Servizi di traduzione tecnica\"}]},{\"@type\":\"WebSite\",\"@id\":\"https:\\\/\\\/www.gts-translation.com\\\/it\\\/#website\",\"url\":\"https:\\\/\\\/www.gts-translation.com\\\/it\\\/\",\"name\":\"GTS Translation Services\",\"description\":\"Quality you can trust at prices you can&#039;t beat!\",\"publisher\":{\"@id\":\"https:\\\/\\\/www.gts-translation.com\\\/it\\\/#organization\"},\"potentialAction\":[{\"@type\":\"SearchAction\",\"target\":{\"@type\":\"EntryPoint\",\"urlTemplate\":\"https:\\\/\\\/www.gts-translation.com\\\/it\\\/?s={search_term_string}\"},\"query-input\":{\"@type\":\"PropertyValueSpecification\",\"valueRequired\":true,\"valueName\":\"search_term_string\"}}],\"inLanguage\":\"it-IT\"},{\"@type\":\"Organization\",\"@id\":\"https:\\\/\\\/www.gts-translation.com\\\/it\\\/#organization\",\"name\":\"GTS Translation Services\",\"url\":\"https:\\\/\\\/www.gts-translation.com\\\/it\\\/\",\"logo\":{\"@type\":\"ImageObject\",\"inLanguage\":\"it-IT\",\"@id\":\"https:\\\/\\\/www.gts-translation.com\\\/it\\\/#\\\/schema\\\/logo\\\/image\\\/\",\"url\":\"https:\\\/\\\/www.gts-translation.com\\\/wp-content\\\/uploads\\\/2023\\\/07\\\/gts-logo.png\",\"contentUrl\":\"https:\\\/\\\/www.gts-translation.com\\\/wp-content\\\/uploads\\\/2023\\\/07\\\/gts-logo.png\",\"width\":234,\"height\":80,\"caption\":\"GTS Translation Services\"},\"image\":{\"@id\":\"https:\\\/\\\/www.gts-translation.com\\\/it\\\/#\\\/schema\\\/logo\\\/image\\\/\"},\"sameAs\":[\"https:\\\/\\\/www.facebook.com\\\/GTS.Translation\\\/\"]}]}<\/script>\n<!-- \/ Yoast SEO Premium plugin. -->","yoast_head_json":{"title":"Servizi di traduzione tecnica | Traduzione di documenti tecnici","description":"Agenzia di traduzione tecnica con esperienza comprovata nella fornitura di servizi di traduzione tecnica rapidi e di alta qualit\u00e0.","robots":{"index":"index","follow":"follow","max-snippet":"max-snippet:-1","max-image-preview":"max-image-preview:large","max-video-preview":"max-video-preview:-1"},"canonical":"https:\/\/www.gts-translation.com\/it\/services\/technical-translation-services\/","og_locale":"it_IT","og_type":"article","og_title":"Servizi di traduzione tecnica","og_description":"Agenzia di traduzione tecnica con esperienza comprovata nella fornitura di servizi di traduzione tecnica rapidi e di alta qualit\u00e0.","og_url":"https:\/\/www.gts-translation.com\/it\/services\/technical-translation-services\/","og_site_name":"GTS Translation Services","article_publisher":"https:\/\/www.facebook.com\/GTS.Translation\/","article_modified_time":"2025-01-06T11:18:58+00:00","og_image":[{"width":923,"height":519,"url":"https:\/\/www.gts-translation.com\/wp-content\/uploads\/2021\/12\/technical-translate.jpg","type":"image\/jpeg"}],"twitter_card":"summary_large_image","twitter_misc":{"Tempo di lettura stimato":"5 minuti"},"schema":{"@context":"https:\/\/schema.org","@graph":[{"@type":"WebPage","@id":"https:\/\/www.gts-translation.com\/it\/services\/technical-translation-services\/","url":"https:\/\/www.gts-translation.com\/it\/services\/technical-translation-services\/","name":"Servizi di traduzione tecnica | Traduzione di documenti tecnici","isPartOf":{"@id":"https:\/\/www.gts-translation.com\/it\/#website"},"primaryImageOfPage":{"@id":"https:\/\/www.gts-translation.com\/it\/services\/technical-translation-services\/#primaryimage"},"image":{"@id":"https:\/\/www.gts-translation.com\/it\/services\/technical-translation-services\/#primaryimage"},"thumbnailUrl":"https:\/\/www.gts-translation.com\/wp-content\/uploads\/2021\/12\/technical-translate.jpg","datePublished":"2022-03-10T06:53:56+00:00","dateModified":"2025-01-06T11:18:58+00:00","description":"Agenzia di traduzione tecnica con esperienza comprovata nella fornitura di servizi di traduzione tecnica rapidi e di alta qualit\u00e0.","breadcrumb":{"@id":"https:\/\/www.gts-translation.com\/it\/services\/technical-translation-services\/#breadcrumb"},"inLanguage":"it-IT","potentialAction":[{"@type":"ReadAction","target":["https:\/\/www.gts-translation.com\/it\/services\/technical-translation-services\/"]}]},{"@type":"ImageObject","inLanguage":"it-IT","@id":"https:\/\/www.gts-translation.com\/it\/services\/technical-translation-services\/#primaryimage","url":"https:\/\/www.gts-translation.com\/wp-content\/uploads\/2021\/12\/technical-translate.jpg","contentUrl":"https:\/\/www.gts-translation.com\/wp-content\/uploads\/2021\/12\/technical-translate.jpg","width":923,"height":519,"caption":"Black IT Specialist is Working on Laptop in Data Center while Standing Before Server Rack. Running Diagnostics, Putting in Data or Doing Maintenance Work."},{"@type":"BreadcrumbList","@id":"https:\/\/www.gts-translation.com\/it\/services\/technical-translation-services\/#breadcrumb","itemListElement":[{"@type":"ListItem","position":1,"name":"Home","item":"https:\/\/www.gts-translation.com\/it\/"},{"@type":"ListItem","position":2,"name":"Services","item":"https:\/\/www.gts-translation.com\/it\/services\/"},{"@type":"ListItem","position":3,"name":"Servizi di traduzione tecnica"}]},{"@type":"WebSite","@id":"https:\/\/www.gts-translation.com\/it\/#website","url":"https:\/\/www.gts-translation.com\/it\/","name":"GTS Translation Services","description":"Quality you can trust at prices you can&#039;t beat!","publisher":{"@id":"https:\/\/www.gts-translation.com\/it\/#organization"},"potentialAction":[{"@type":"SearchAction","target":{"@type":"EntryPoint","urlTemplate":"https:\/\/www.gts-translation.com\/it\/?s={search_term_string}"},"query-input":{"@type":"PropertyValueSpecification","valueRequired":true,"valueName":"search_term_string"}}],"inLanguage":"it-IT"},{"@type":"Organization","@id":"https:\/\/www.gts-translation.com\/it\/#organization","name":"GTS Translation Services","url":"https:\/\/www.gts-translation.com\/it\/","logo":{"@type":"ImageObject","inLanguage":"it-IT","@id":"https:\/\/www.gts-translation.com\/it\/#\/schema\/logo\/image\/","url":"https:\/\/www.gts-translation.com\/wp-content\/uploads\/2023\/07\/gts-logo.png","contentUrl":"https:\/\/www.gts-translation.com\/wp-content\/uploads\/2023\/07\/gts-logo.png","width":234,"height":80,"caption":"GTS Translation Services"},"image":{"@id":"https:\/\/www.gts-translation.com\/it\/#\/schema\/logo\/image\/"},"sameAs":["https:\/\/www.facebook.com\/GTS.Translation\/"]}]}},"_links":{"self":[{"href":"https:\/\/www.gts-translation.com\/it\/wp-json\/wp\/v2\/pages\/51848","targetHints":{"allow":["GET"]}}],"collection":[{"href":"https:\/\/www.gts-translation.com\/it\/wp-json\/wp\/v2\/pages"}],"about":[{"href":"https:\/\/www.gts-translation.com\/it\/wp-json\/wp\/v2\/types\/page"}],"author":[{"embeddable":true,"href":"https:\/\/www.gts-translation.com\/it\/wp-json\/wp\/v2\/users\/13965"}],"replies":[{"embeddable":true,"href":"https:\/\/www.gts-translation.com\/it\/wp-json\/wp\/v2\/comments?post=51848"}],"version-history":[{"count":2,"href":"https:\/\/www.gts-translation.com\/it\/wp-json\/wp\/v2\/pages\/51848\/revisions"}],"predecessor-version":[{"id":62506,"href":"https:\/\/www.gts-translation.com\/it\/wp-json\/wp\/v2\/pages\/51848\/revisions\/62506"}],"up":[{"embeddable":true,"href":"https:\/\/www.gts-translation.com\/it\/wp-json\/wp\/v2\/pages\/51719"}],"wp:featuredmedia":[{"embeddable":true,"href":"https:\/\/www.gts-translation.com\/it\/wp-json\/wp\/v2\/media\/51377"}],"wp:attachment":[{"href":"https:\/\/www.gts-translation.com\/it\/wp-json\/wp\/v2\/media?parent=51848"}],"curies":[{"name":"wp","href":"https:\/\/api.w.org\/{rel}","templated":true}]}}