{"id":51967,"date":"2022-03-11T07:57:33","date_gmt":"2022-03-11T07:57:33","guid":{"rendered":"https:\/\/www.gts-translation.com\/languages\/servizi-di-traduzione-in-inglese\/"},"modified":"2022-04-27T07:51:11","modified_gmt":"2022-04-27T07:51:11","slug":"english","status":"publish","type":"page","link":"https:\/\/www.gts-translation.com\/it\/languages\/english\/","title":{"rendered":"Servizi di traduzione in inglese"},"content":{"rendered":"<h1>I migliori servizi di traduzione in inglese<\/h1>\n<p>GTS fornisce servizi di traduzione in inglese professionali e di alta qualit\u00e0. Siamo la migliore agenzia di traduzione in inglese per servizi di traduzione di documenti in tutti i settori. Ci\u00f2 include la <a href=\"https:\/\/www.gts-translation.com\/it\/services\/technical-translation-services\/\">traduzione in lingua inglese di documentazione tecnica<\/a>, <a href=\"https:\/\/www.gts-translation.com\/it\/services\/servizi-di-traduzione-medica\/\">medica<\/a>, <a href=\"https:\/\/www.gts-translation.com\/it\/services\/servizi-di-traduzione-legale\/\">legale<\/a>, informatica, ingegneristica e finanziaria. GTS fornisce traduzioni in inglese localizzate per tutti i Paesi in cui l&#8217;inglese \u00e8 una lingua ufficiale. Sono compresi servizi di traduzione in inglese americano per gli Stati Uniti, in inglese britannico per il Regno Unito e il Canada e servizi di traduzione in inglese australiano.<\/p>\n<h2>Perch\u00e9 scegliere GTS come societ\u00e0 di traduzione in inglese<\/h2>\n<p>La traduzione automatica \u00e8 fantastica, ma alcuni documenti richiedono un livello di qualit\u00e0 superiore a quello che Google Translate pu\u00f2 fornire. That\u2019s when you need to hire a professional translation company like GTS Translation Services. We have a worldwide network of hundreds of translators in every country where English is spoken. We <a href=\"https:\/\/www.gts-translation.com\/company\/quality-policy\/\">guarantee the quality of our translations<\/a>. Our Quality Management System (QMS) is certified as compliant with the ISO 17100:2015 standard. All of our English translations are certified and are delivered with a signed Statement of Accuracy certificate.<\/p>\n<figure id=\"attachment_13529\" aria-describedby=\"caption-attachment-13529\" style=\"width: 383px\" class=\"wp-caption alignright\"><a href=\"https:\/\/www.gts-translation.com\/wp-content\/uploads\/2018\/09\/English-Translation-Services.jpg\"><img decoding=\"async\" class=\" wp-image-13529\" src=\"https:\/\/www.gts-translation.com\/wp-content\/uploads\/2018\/09\/English-Translation-Services-300x163.jpg\" alt=\"\" width=\"393\" height=\"214\" srcset=\"https:\/\/www.gts-translation.com\/wp-content\/uploads\/2018\/09\/English-Translation-Services-300x163.jpg 300w, https:\/\/www.gts-translation.com\/wp-content\/uploads\/2018\/09\/English-Translation-Services-768x418.jpg 768w, https:\/\/www.gts-translation.com\/wp-content\/uploads\/2018\/09\/English-Translation-Services.jpg 938w\" sizes=\"(max-width: 393px) 100vw, 393px\" \/><\/a><figcaption id=\"caption-attachment-13529\" class=\"wp-caption-text\">GTS fornisce servizi di traduzione certificata tra l&#8217;inglese e oltre 80 altre lingue<\/figcaption><\/figure>\n<p>Abbiamo una comprovata esperienza nella fornitura di traduzioni professionali in inglese di alta qualit\u00e0. Alcune delle pi\u00f9 grandi aziende del mondo hanno scelto GTS come agenzia di traduzioni in inglese. Alcuni clienti: Bendura Bank, Siemens, Sunoco, Electrolux, Mitsubishi Motors, Mapfre Asistencia, Max Mara, Honeywell, Deloitte e BASF. Fai clic qui per consultare l&#8217;elenco dei clienti; fai clic qui per leggere alcune testimonianze dei clienti.<\/p>\n<h2>Traduci in inglese da qualsiasi lingua<\/h2>\n<p>GTS traduce in inglese da oltre 80 lingue. Ci\u00f2 include servizi di traduzione dallo spagnolo all&#8217;inglese e dal francese all&#8217;inglese. Traduciamo in inglese anche da tedesco, russo, ebraico, arabo, italiano, cinese e giapponese.<\/p>\n<h2>Traduzione certificata in inglese<\/h2>\n<p>GTS \u00e8 un&#8217;agenzia di traduzioni certificata: il nostro Sistema di gestione della qualit\u00e0 \u00e8 stato approvato da un ente di certificazione autorizzato ed \u00e8 risultato conforme alle norme ISO 17100:2015 e ISO 9001:2008. GTS fornisce servizi di traduzione certificata in inglese per documenti medici, tecnici e legali.<\/p>\n<h2 class=\"md-heading\">Traduzione medica in inglese<\/h2>\n<div class=\"md-text-block\">\n<p>GTS fornisce servizi di traduzione medica certificata in inglese per industrie farmaceutiche, produttori di dispositivi medici, aziende biomedicali e istituti di ricerca che conducono studi clinici nei paesi di lingua inglese. Le traduzioni mediche includono:<\/p>\n<ul>\n<li>Referti<\/li>\n<li>Protocolli clinici e riassunti dei protocolli<\/li>\n<li>Moduli di consenso informato<\/li>\n<li>Accordi sulle sperimentazioni cliniche<\/li>\n<li>Istruzioni e manuali d&#8217;uso dei dispositivi medici<\/li>\n<li>Etichette di farmaci sperimentali<\/li>\n<li>Questionari per studi clinici (CRF)<\/li>\n<li>Localizzazione di software medicali<\/li>\n<\/ul>\n<h2 class=\"md-heading\">Traduzioni tecniche in inglese<\/h2>\n<div class=\"md-text-block\">\n<p>GTS offre a clienti di tutto il mondo una vasta gamma di servizi di traduzione tecnica in inglese di alta qualit\u00e0. Ci\u00f2 include la traduzione tecnica in inglese di:<\/p>\n<ul>\n<li>Manuali tecnici e istruzioni per l&#8217;uso<\/li>\n<li>Documenti per preventivi, gare d&#8217;appalto e proposte<\/li>\n<li>Documenti per la movimentazione dei materiali, schede di sicurezza (SDS)<\/li>\n<li>Documentazione e disegni tecnici<\/li>\n<li>Schede tecniche e contenuti web<\/li>\n<\/ul>\n<\/div>\n<\/div>\n<h2 class=\"md-heading\">Traduzioni legali in inglese<\/h2>\n<div class=\"md-text-block\">\n<p>GTS offre una vasta gamma di servizi di traduzione legale certificata in inglese per le aziende che operano in paesi di lingua inglese. Ci\u00f2 include i seguenti tipi di documenti:<\/p>\n<ul>\n<li>Contratti<\/li>\n<li>Documenti per l&#8217;estradizione<\/li>\n<li>Documenti per l&#8217;immigrazione<\/li>\n<li>Propriet\u00e0 intellettuale e brevetti<\/li>\n<li>Documenti giudiziari<\/li>\n<li>Contratti di lavoro<\/li>\n<\/ul>\n<\/div>\n<h2 class=\"md-heading\">Traduzioni commerciali in inglese<\/h2>\n<p>GTS fornisce traduzioni in inglese di alta qualit\u00e0 di:<\/p>\n<ul>\n<li>Relazioni annuali<\/li>\n<li>Contenuti di siti web<\/li>\n<li>Business plan<\/li>\n<li>Richieste di preventivo (RFP\/RFQ)<\/li>\n<li>Proposte<\/li>\n<\/ul>\n<h2>Ottime tariffe di traduzione in inglese<\/h2>\n<p>Le nostre tariffe di traduzione in inglese sono le pi\u00f9 competitive del settore e partono da \u20ac0,09 a parola per il servizio di traduzione professionale in inglese.<\/p>\n<h2>Sconti sui prezzi della traduzione in inglese<\/h2>\n<p>Usa i codici coupon GTS per ottenere uno sconto sulle traduzioni in inglese. Se sei un nuovo cliente, avrai uno sconto del 5% sul tuo primo ordine. Fai clic qui per maggiori informazioni sugli sconti sui prezzi delle traduzioni.<\/p>\n<h2>Traduzione professionale di siti web in inglese<\/h2>\n<p>GTS fornisce la traduzione di siti e pagine web in inglese da tutte le lingue. Fai clic qui per richiedere un preventivo immediato per la traduzione di pagine di un sito web.<\/p>\n<h2>Informazioni sulla lingua inglese<\/h2>\n<p><a href=\"https:\/\/www.britishcouncil.it\/inglese\/l-inglese-la-lingua-del-futuro-in-italia\">La lingua inglese<\/a> \u00e8 diventata la lingua franca a livello globale ed \u00e8 ampiamente parlata in tutto il mondo. L&#8217;inglese \u00e8 una delle lingue ufficiali delle Nazioni Unite, \u00e8 la lingua principale nei mercati finanziari mondiali ed \u00e8 la lingua predominante su Internet. Qualsiasi azienda con sede in un paese in cui l&#8217;inglese non \u00e8 la lingua nativa ha bisogno di traduzioni in inglese per essere presente sul mercato e avere successo a livello internazionale.<\/p>\n","protected":false},"excerpt":{"rendered":"<p>I migliori servizi di traduzione in inglese GTS fornisce servizi di traduzione in inglese professionali e di alta qualit\u00e0. Siamo la migliore agenzia di traduzione in inglese per servizi di traduzione di documenti in tutti i settori. Ci\u00f2 include la traduzione in lingua inglese di documentazione tecnica, medica, legale, informatica, ingegneristica e finanziaria. GTS fornisce &#8230; <a title=\"Servizi di traduzione in inglese\" class=\"read-more\" href=\"https:\/\/www.gts-translation.com\/it\/languages\/english\/\" aria-label=\"Per saperne di pi\u00f9 su Servizi di traduzione in inglese\">Leggi tutto<\/a><\/p>\n","protected":false},"author":261,"featured_media":51277,"parent":51867,"menu_order":0,"comment_status":"open","ping_status":"open","template":"templates\/landing-page.php","meta":{"_acf_changed":false,"inline_featured_image":false,"_monsterinsights_skip_tracking":false,"_monsterinsights_sitenote_active":false,"_monsterinsights_sitenote_note":"","_monsterinsights_sitenote_category":0,"footnotes":""},"class_list":["post-51967","page","type-page","status-publish","has-post-thumbnail"],"acf":[],"yoast_head":"<!-- This site is optimized with the Yoast SEO Premium plugin v24.2 (Yoast SEO v27.6) - https:\/\/yoast.com\/product\/yoast-seo-premium-wordpress\/ -->\n<title>Servizi di traduzione in inglese<\/title>\n<meta name=\"description\" content=\"GTS fornisce servizi di traduzione in inglese certificati di alta qualit\u00e0. Ottieni un preventivo online istantaneo e inizia oggi il tuo progetto di traduzione in inglese.\" \/>\n<meta name=\"robots\" content=\"index, follow, max-snippet:-1, max-image-preview:large, max-video-preview:-1\" \/>\n<link rel=\"canonical\" href=\"https:\/\/www.gts-translation.com\/it\/languages\/english\/\" \/>\n<meta property=\"og:locale\" content=\"it_IT\" \/>\n<meta property=\"og:type\" content=\"article\" \/>\n<meta property=\"og:title\" content=\"Servizi di traduzione in inglese\" \/>\n<meta property=\"og:description\" content=\"GTS fornisce servizi di traduzione in inglese certificati di alta qualit\u00e0. Ottieni un preventivo online istantaneo e inizia oggi il tuo progetto di traduzione in inglese.\" \/>\n<meta property=\"og:url\" content=\"https:\/\/www.gts-translation.com\/it\/languages\/english\/\" \/>\n<meta property=\"og:site_name\" content=\"GTS Translation Services\" \/>\n<meta property=\"article:publisher\" content=\"https:\/\/www.facebook.com\/GTS.Translation\/\" \/>\n<meta property=\"article:modified_time\" content=\"2022-04-27T07:51:11+00:00\" \/>\n<meta property=\"og:image\" content=\"https:\/\/www.gts-translation.com\/wp-content\/uploads\/2021\/10\/English-translation-services.jpg\" \/>\n\t<meta property=\"og:image:width\" content=\"846\" \/>\n\t<meta property=\"og:image:height\" content=\"409\" \/>\n\t<meta property=\"og:image:type\" content=\"image\/jpeg\" \/>\n<meta name=\"twitter:card\" content=\"summary_large_image\" \/>\n<meta name=\"twitter:label1\" content=\"Tempo di lettura stimato\" \/>\n\t<meta name=\"twitter:data1\" content=\"4 minuti\" \/>\n<script type=\"application\/ld+json\" class=\"yoast-schema-graph\">{\"@context\":\"https:\\\/\\\/schema.org\",\"@graph\":[{\"@type\":\"WebPage\",\"@id\":\"https:\\\/\\\/www.gts-translation.com\\\/it\\\/languages\\\/english\\\/\",\"url\":\"https:\\\/\\\/www.gts-translation.com\\\/it\\\/languages\\\/english\\\/\",\"name\":\"Servizi di traduzione in inglese\",\"isPartOf\":{\"@id\":\"https:\\\/\\\/www.gts-translation.com\\\/it\\\/#website\"},\"primaryImageOfPage\":{\"@id\":\"https:\\\/\\\/www.gts-translation.com\\\/it\\\/languages\\\/english\\\/#primaryimage\"},\"image\":{\"@id\":\"https:\\\/\\\/www.gts-translation.com\\\/it\\\/languages\\\/english\\\/#primaryimage\"},\"thumbnailUrl\":\"https:\\\/\\\/www.gts-translation.com\\\/wp-content\\\/uploads\\\/2021\\\/10\\\/English-translation-services.jpg\",\"datePublished\":\"2022-03-11T07:57:33+00:00\",\"dateModified\":\"2022-04-27T07:51:11+00:00\",\"description\":\"GTS fornisce servizi di traduzione in inglese certificati di alta qualit\u00e0. Ottieni un preventivo online istantaneo e inizia oggi il tuo progetto di traduzione in inglese.\",\"breadcrumb\":{\"@id\":\"https:\\\/\\\/www.gts-translation.com\\\/it\\\/languages\\\/english\\\/#breadcrumb\"},\"inLanguage\":\"it-IT\",\"potentialAction\":[{\"@type\":\"ReadAction\",\"target\":[\"https:\\\/\\\/www.gts-translation.com\\\/it\\\/languages\\\/english\\\/\"]}]},{\"@type\":\"ImageObject\",\"inLanguage\":\"it-IT\",\"@id\":\"https:\\\/\\\/www.gts-translation.com\\\/it\\\/languages\\\/english\\\/#primaryimage\",\"url\":\"https:\\\/\\\/www.gts-translation.com\\\/wp-content\\\/uploads\\\/2021\\\/10\\\/English-translation-services.jpg\",\"contentUrl\":\"https:\\\/\\\/www.gts-translation.com\\\/wp-content\\\/uploads\\\/2021\\\/10\\\/English-translation-services.jpg\",\"width\":846,\"height\":409,\"caption\":\"New york city skyline with Empire State Building, View from the Rockefeller Center viewing platform 'Top of the Rock'\"},{\"@type\":\"BreadcrumbList\",\"@id\":\"https:\\\/\\\/www.gts-translation.com\\\/it\\\/languages\\\/english\\\/#breadcrumb\",\"itemListElement\":[{\"@type\":\"ListItem\",\"position\":1,\"name\":\"Home\",\"item\":\"https:\\\/\\\/www.gts-translation.com\\\/it\\\/\"},{\"@type\":\"ListItem\",\"position\":2,\"name\":\"Languages\",\"item\":\"https:\\\/\\\/www.gts-translation.com\\\/it\\\/languages\\\/\"},{\"@type\":\"ListItem\",\"position\":3,\"name\":\"Servizi di traduzione in inglese\"}]},{\"@type\":\"WebSite\",\"@id\":\"https:\\\/\\\/www.gts-translation.com\\\/it\\\/#website\",\"url\":\"https:\\\/\\\/www.gts-translation.com\\\/it\\\/\",\"name\":\"GTS Translation Services\",\"description\":\"Quality you can trust at prices you can&#039;t beat!\",\"publisher\":{\"@id\":\"https:\\\/\\\/www.gts-translation.com\\\/it\\\/#organization\"},\"potentialAction\":[{\"@type\":\"SearchAction\",\"target\":{\"@type\":\"EntryPoint\",\"urlTemplate\":\"https:\\\/\\\/www.gts-translation.com\\\/it\\\/?s={search_term_string}\"},\"query-input\":{\"@type\":\"PropertyValueSpecification\",\"valueRequired\":true,\"valueName\":\"search_term_string\"}}],\"inLanguage\":\"it-IT\"},{\"@type\":\"Organization\",\"@id\":\"https:\\\/\\\/www.gts-translation.com\\\/it\\\/#organization\",\"name\":\"GTS Translation Services\",\"url\":\"https:\\\/\\\/www.gts-translation.com\\\/it\\\/\",\"logo\":{\"@type\":\"ImageObject\",\"inLanguage\":\"it-IT\",\"@id\":\"https:\\\/\\\/www.gts-translation.com\\\/it\\\/#\\\/schema\\\/logo\\\/image\\\/\",\"url\":\"https:\\\/\\\/www.gts-translation.com\\\/wp-content\\\/uploads\\\/2023\\\/07\\\/gts-logo.png\",\"contentUrl\":\"https:\\\/\\\/www.gts-translation.com\\\/wp-content\\\/uploads\\\/2023\\\/07\\\/gts-logo.png\",\"width\":234,\"height\":80,\"caption\":\"GTS Translation Services\"},\"image\":{\"@id\":\"https:\\\/\\\/www.gts-translation.com\\\/it\\\/#\\\/schema\\\/logo\\\/image\\\/\"},\"sameAs\":[\"https:\\\/\\\/www.facebook.com\\\/GTS.Translation\\\/\"]}]}<\/script>\n<!-- \/ Yoast SEO Premium plugin. -->","yoast_head_json":{"title":"Servizi di traduzione in inglese","description":"GTS fornisce servizi di traduzione in inglese certificati di alta qualit\u00e0. Ottieni un preventivo online istantaneo e inizia oggi il tuo progetto di traduzione in inglese.","robots":{"index":"index","follow":"follow","max-snippet":"max-snippet:-1","max-image-preview":"max-image-preview:large","max-video-preview":"max-video-preview:-1"},"canonical":"https:\/\/www.gts-translation.com\/it\/languages\/english\/","og_locale":"it_IT","og_type":"article","og_title":"Servizi di traduzione in inglese","og_description":"GTS fornisce servizi di traduzione in inglese certificati di alta qualit\u00e0. Ottieni un preventivo online istantaneo e inizia oggi il tuo progetto di traduzione in inglese.","og_url":"https:\/\/www.gts-translation.com\/it\/languages\/english\/","og_site_name":"GTS Translation Services","article_publisher":"https:\/\/www.facebook.com\/GTS.Translation\/","article_modified_time":"2022-04-27T07:51:11+00:00","og_image":[{"width":846,"height":409,"url":"https:\/\/www.gts-translation.com\/wp-content\/uploads\/2021\/10\/English-translation-services.jpg","type":"image\/jpeg"}],"twitter_card":"summary_large_image","twitter_misc":{"Tempo di lettura stimato":"4 minuti"},"schema":{"@context":"https:\/\/schema.org","@graph":[{"@type":"WebPage","@id":"https:\/\/www.gts-translation.com\/it\/languages\/english\/","url":"https:\/\/www.gts-translation.com\/it\/languages\/english\/","name":"Servizi di traduzione in inglese","isPartOf":{"@id":"https:\/\/www.gts-translation.com\/it\/#website"},"primaryImageOfPage":{"@id":"https:\/\/www.gts-translation.com\/it\/languages\/english\/#primaryimage"},"image":{"@id":"https:\/\/www.gts-translation.com\/it\/languages\/english\/#primaryimage"},"thumbnailUrl":"https:\/\/www.gts-translation.com\/wp-content\/uploads\/2021\/10\/English-translation-services.jpg","datePublished":"2022-03-11T07:57:33+00:00","dateModified":"2022-04-27T07:51:11+00:00","description":"GTS fornisce servizi di traduzione in inglese certificati di alta qualit\u00e0. Ottieni un preventivo online istantaneo e inizia oggi il tuo progetto di traduzione in inglese.","breadcrumb":{"@id":"https:\/\/www.gts-translation.com\/it\/languages\/english\/#breadcrumb"},"inLanguage":"it-IT","potentialAction":[{"@type":"ReadAction","target":["https:\/\/www.gts-translation.com\/it\/languages\/english\/"]}]},{"@type":"ImageObject","inLanguage":"it-IT","@id":"https:\/\/www.gts-translation.com\/it\/languages\/english\/#primaryimage","url":"https:\/\/www.gts-translation.com\/wp-content\/uploads\/2021\/10\/English-translation-services.jpg","contentUrl":"https:\/\/www.gts-translation.com\/wp-content\/uploads\/2021\/10\/English-translation-services.jpg","width":846,"height":409,"caption":"New york city skyline with Empire State Building, View from the Rockefeller Center viewing platform 'Top of the Rock'"},{"@type":"BreadcrumbList","@id":"https:\/\/www.gts-translation.com\/it\/languages\/english\/#breadcrumb","itemListElement":[{"@type":"ListItem","position":1,"name":"Home","item":"https:\/\/www.gts-translation.com\/it\/"},{"@type":"ListItem","position":2,"name":"Languages","item":"https:\/\/www.gts-translation.com\/it\/languages\/"},{"@type":"ListItem","position":3,"name":"Servizi di traduzione in inglese"}]},{"@type":"WebSite","@id":"https:\/\/www.gts-translation.com\/it\/#website","url":"https:\/\/www.gts-translation.com\/it\/","name":"GTS Translation Services","description":"Quality you can trust at prices you can&#039;t beat!","publisher":{"@id":"https:\/\/www.gts-translation.com\/it\/#organization"},"potentialAction":[{"@type":"SearchAction","target":{"@type":"EntryPoint","urlTemplate":"https:\/\/www.gts-translation.com\/it\/?s={search_term_string}"},"query-input":{"@type":"PropertyValueSpecification","valueRequired":true,"valueName":"search_term_string"}}],"inLanguage":"it-IT"},{"@type":"Organization","@id":"https:\/\/www.gts-translation.com\/it\/#organization","name":"GTS Translation Services","url":"https:\/\/www.gts-translation.com\/it\/","logo":{"@type":"ImageObject","inLanguage":"it-IT","@id":"https:\/\/www.gts-translation.com\/it\/#\/schema\/logo\/image\/","url":"https:\/\/www.gts-translation.com\/wp-content\/uploads\/2023\/07\/gts-logo.png","contentUrl":"https:\/\/www.gts-translation.com\/wp-content\/uploads\/2023\/07\/gts-logo.png","width":234,"height":80,"caption":"GTS Translation Services"},"image":{"@id":"https:\/\/www.gts-translation.com\/it\/#\/schema\/logo\/image\/"},"sameAs":["https:\/\/www.facebook.com\/GTS.Translation\/"]}]}},"_links":{"self":[{"href":"https:\/\/www.gts-translation.com\/it\/wp-json\/wp\/v2\/pages\/51967","targetHints":{"allow":["GET"]}}],"collection":[{"href":"https:\/\/www.gts-translation.com\/it\/wp-json\/wp\/v2\/pages"}],"about":[{"href":"https:\/\/www.gts-translation.com\/it\/wp-json\/wp\/v2\/types\/page"}],"author":[{"embeddable":true,"href":"https:\/\/www.gts-translation.com\/it\/wp-json\/wp\/v2\/users\/261"}],"replies":[{"embeddable":true,"href":"https:\/\/www.gts-translation.com\/it\/wp-json\/wp\/v2\/comments?post=51967"}],"version-history":[{"count":2,"href":"https:\/\/www.gts-translation.com\/it\/wp-json\/wp\/v2\/pages\/51967\/revisions"}],"predecessor-version":[{"id":52980,"href":"https:\/\/www.gts-translation.com\/it\/wp-json\/wp\/v2\/pages\/51967\/revisions\/52980"}],"up":[{"embeddable":true,"href":"https:\/\/www.gts-translation.com\/it\/wp-json\/wp\/v2\/pages\/51867"}],"wp:featuredmedia":[{"embeddable":true,"href":"https:\/\/www.gts-translation.com\/it\/wp-json\/wp\/v2\/media\/51277"}],"wp:attachment":[{"href":"https:\/\/www.gts-translation.com\/it\/wp-json\/wp\/v2\/media?parent=51967"}],"curies":[{"name":"wp","href":"https:\/\/api.w.org\/{rel}","templated":true}]}}