{"id":52483,"date":"2022-03-26T13:01:56","date_gmt":"2022-03-26T13:01:56","guid":{"rendered":"https:\/\/www.gts-translation.com\/?page_id=52483"},"modified":"2022-03-29T06:31:25","modified_gmt":"2022-03-29T06:31:25","slug":"italian","status":"publish","type":"page","link":"https:\/\/www.gts-translation.com\/it\/languages\/italian\/","title":{"rendered":"Traduzione da inglese a italiano"},"content":{"rendered":"<h1>I migliori servizi di traduzione professionali in italiano<\/h1>\n<p>GTS offre il miglior servizio di traduzione italiano-inglese. Traduciamo qualsiasi tipo di documento o testo dall&#8217;italiano all&#8217;inglese grazie a un team esperto di traduttori madrelingua inglesi professionisti.<\/p>\n<h2><img decoding=\"async\" class=\"aligncenter size-full wp-image-23790\" src=\"https:\/\/www.gts-translation.com\/wp-content\/uploads\/2020\/02\/veuthy-review.png\" alt=\"\" width=\"100%\" srcset=\"https:\/\/www.gts-translation.com\/wp-content\/uploads\/2020\/02\/veuthy-review.png 919w, https:\/\/www.gts-translation.com\/wp-content\/uploads\/2020\/02\/veuthy-review-300x71.png 300w, https:\/\/www.gts-translation.com\/wp-content\/uploads\/2020\/02\/veuthy-review-768x182.png 768w\" sizes=\"(max-width: 919px) 100vw, 919px\" \/>Servizi di traduzione dall&#8217;italiano all&#8217;inglese<\/h2>\n<p>GTS offre il miglior servizio di traduzione italiano-inglese. Traduciamo qualsiasi tipo di documento o testo dall&#8217;italiano all&#8217;inglese grazie a un team esperto di traduttori madrelingua inglesi professionisti.<\/p>\n<h2>Sconti sui prezzi delle traduzioni in italiano<\/h2>\n<p>Usa i codici coupon GTS per ottenere uno sconto sulle traduzioni in italiano. Se sei un nuovo cliente, avrai uno sconto del 5% sul tuo primo ordine. Fai clic qui per maggiori informazioni sugli sconti sui prezzi delle traduzioni.<\/p>\n<h2>Perch\u00e9 scegliere GTS come agenzia di traduzione in lingua italiana?<\/h2>\n<p>Quando la qualit\u00e0 \u00e8 importante, puoi contare su GTS come agenzia di traduzioni professionali in italiano. La qualit\u00e0 delle nostre traduzioni \u00e8 garantita. Il nostro Sistema di gestione della qualit\u00e0 (SGQ) \u00e8 certificato conforme alla norma ISO 17100:2015. Pertanto, tutte le nostre traduzioni in italiano sono certificate e sono accompagnate da una dichiarazione di conformit\u00e0 firmata.<\/p>\n<p>Traduciamo documenti dall&#8217;italiano all&#8217;inglese per alcune delle aziende leader a livello mondiale. Fai clic qui per consultare l&#8217;elenco dei clienti; fai clic qui per leggere alcune testimonianze dei clienti.<\/p>\n<h2>Servizio di traduzione di documenti italiani<\/h2>\n<figure id=\"attachment_15397\" aria-describedby=\"caption-attachment-15397\" style=\"width: 342px\" class=\"wp-caption alignleft\"><a href=\"https:\/\/www.gts-translation.com\/wp-content\/uploads\/2019\/01\/Italian-Translation-Services.jpg\"><img decoding=\"async\" class=\"wp-image-15397\" src=\"https:\/\/www.gts-translation.com\/wp-content\/uploads\/2019\/01\/Italian-Translation-Services-300x240.jpg\" alt=\"Italian Translation Services\" width=\"352\" height=\"281\" srcset=\"https:\/\/www.gts-translation.com\/wp-content\/uploads\/2019\/01\/Italian-Translation-Services-300x240.jpg 300w, https:\/\/www.gts-translation.com\/wp-content\/uploads\/2019\/01\/Italian-Translation-Services-768x613.jpg 768w, https:\/\/www.gts-translation.com\/wp-content\/uploads\/2019\/01\/Italian-Translation-Services.jpg 774w\" sizes=\"(max-width: 352px) 100vw, 352px\" \/><\/a><figcaption id=\"caption-attachment-15397\" class=\"wp-caption-text\">GTS offre servizi di traduzione in italiano di alta qualit\u00e0 a ottimi prezzi. Richiedi subito un preventivo online.<\/figcaption><\/figure>\n<p>Forniamo traduzioni professionali di documenti dall&#8217;inglese all&#8217;italiano in molti settori, tra cui:<\/p>\n<ul>\n<li>Tecnico<\/li>\n<li>Medico<\/li>\n<li>Legale<\/li>\n<li>Brevetti e propriet\u00e0 intellettuale<\/li>\n<li>Software<\/li>\n<li>Ingegneria<\/li>\n<li>Finanza<\/li>\n<\/ul>\n<p>Forniamo servizi di traduzione dall&#8217;italiano all&#8217;inglese in tutti i formati di file. Alcuni formati: PDF, MS Word, Powerpoint, Excel, Adobe InDesign e Framemaker.<\/p>\n<h3>Traduzioni mediche in italiano<\/h3>\n<div>\n<div class=\"md-text-block\">\n<p>GTS fornisce servizi di traduzione medica certificata per industrie farmaceutiche, produttori di dispositivi medici, aziende biomedicali e istituti di ricerca. Le traduzioni mediche includono:<\/p>\n<ul>\n<li>Protocolli clinici e riassunti dei protocolli<\/li>\n<li>Consensi Informati<\/li>\n<li>Accordi sulle sperimentazioni cliniche<\/li>\n<li>Manuali d&#8217;uso dei dispositivi medici<\/li>\n<li>Manuali d&#8217;uso di software medicali<\/li>\n<li>Etichette dei farmaci sperimentali<\/li>\n<li>Questionari per studi clinici (CRF)<\/li>\n<li>Localizzazione di software medicali<\/li>\n<\/ul>\n<h3>Servizi di traduzione tecnica in italiano<\/h3>\n<\/div>\n<div class=\"md-text-block\">\n<div class=\"md-text-block\">\n<p>GTS fornisce una vasta gamma di traduzioni tecniche in italiano di alta qualit\u00e0 per clienti di tutto il mondo. Ci\u00f2 include la traduzione tecnica in italiano di:<\/p>\n<ul>\n<li>Manuali d&#8217;uso e guide per l&#8217;utente.<\/li>\n<li>Documenti per preventivi, gare d&#8217;appalto e proposte<\/li>\n<li>Documenti per la movimentazione dei materiali, schede di sicurezza (SDS)<\/li>\n<li>Documentazione ingegneristica, disegni tecnici<\/li>\n<li>Schede tecniche e contenuti web<\/li>\n<\/ul>\n<h3 class=\"md-heading\">Traduzioni legali in italiano<\/h3>\n<div class=\"md-text-block\">\n<p>GTS offre una vasta gamma di servizi di traduzione italiano-inglese di alta qualit\u00e0. Ci\u00f2 include le traduzioni ufficiali riconosciute dai tribunali in Italia (eseguite da traduttori ufficiali, noti in Italia come traduttori giurati o asseverati). Traduciamo anche documenti italiani in inglese. Le traduzioni legali includono:<\/p>\n<ul>\n<li>Contratti<\/li>\n<li>Accordi legali<\/li>\n<li>Dichiarazioni giurate<\/li>\n<li>Brevetti<\/li>\n<li>Atti giudiziari e contenziosi.<\/li>\n<\/ul>\n<\/div>\n<\/div>\n<\/div>\n<\/div>\n<h2>Informazioni sulla traduzione in lingua italiana<\/h2>\n<p>La lingua italiana \u00e8 utilizzata principalmente in Italia. Tuttavia, l&#8217;italiano \u00e8 una delle lingue pi\u00f9 importanti a livello mondiale grazie allo status di leadership dell&#8217;Italia nei settori dell&#8217;industria, del turismo e della finanza internazionale. L&#8217;italiano \u00e8 una delle quattro principali lingue europee che il settore della traduzione chiama collettivamente FIGS (francese, italiano, tedesco, spagnolo)<\/p>\n","protected":false},"excerpt":{"rendered":"<p>I migliori servizi di traduzione professionali in italiano GTS offre il miglior servizio di traduzione italiano-inglese. Traduciamo qualsiasi tipo di documento o testo dall&#8217;italiano all&#8217;inglese grazie a un team esperto di traduttori madrelingua inglesi professionisti. Servizi di traduzione dall&#8217;italiano all&#8217;inglese GTS offre il miglior servizio di traduzione italiano-inglese. Traduciamo qualsiasi tipo di documento o testo &#8230; <a title=\"Traduzione da inglese a italiano\" class=\"read-more\" href=\"https:\/\/www.gts-translation.com\/it\/languages\/italian\/\" aria-label=\"Per saperne di pi\u00f9 su Traduzione da inglese a italiano\">Leggi tutto<\/a><\/p>\n","protected":false},"author":6812,"featured_media":51195,"parent":51867,"menu_order":0,"comment_status":"open","ping_status":"open","template":"templates\/landing-page.php","meta":{"_acf_changed":false,"inline_featured_image":false,"_monsterinsights_skip_tracking":false,"_monsterinsights_sitenote_active":false,"_monsterinsights_sitenote_note":"","_monsterinsights_sitenote_category":0,"footnotes":""},"class_list":["post-52483","page","type-page","status-publish","has-post-thumbnail"],"acf":[],"yoast_head":"<!-- This site is optimized with the Yoast SEO Premium plugin v24.2 (Yoast SEO v27.5) - https:\/\/yoast.com\/product\/yoast-seo-premium-wordpress\/ -->\n<title>Servizi di traduzione dall&#039;inglese all&#039;italiano | Traduci dall&#039;italiano all&#039;inglese<\/title>\n<meta name=\"description\" content=\"GTS fornisce servizi di traduzione professionali in inglese di alta qualit\u00e0. Richiedi un preventivo online immediato e ordina online i tuoi servizi di traduzione in italiano.\" \/>\n<meta name=\"robots\" content=\"index, follow, max-snippet:-1, max-image-preview:large, max-video-preview:-1\" \/>\n<link rel=\"canonical\" href=\"https:\/\/www.gts-translation.com\/it\/languages\/italian\/\" \/>\n<meta property=\"og:locale\" content=\"it_IT\" \/>\n<meta property=\"og:type\" content=\"article\" \/>\n<meta property=\"og:title\" content=\"Traduzione da inglese a italiano\" \/>\n<meta property=\"og:description\" content=\"GTS fornisce servizi di traduzione professionali in inglese di alta qualit\u00e0. Richiedi un preventivo online immediato e ordina online i tuoi servizi di traduzione in italiano.\" \/>\n<meta property=\"og:url\" content=\"https:\/\/www.gts-translation.com\/it\/languages\/italian\/\" \/>\n<meta property=\"og:site_name\" content=\"GTS Translation Services\" \/>\n<meta property=\"article:publisher\" content=\"https:\/\/www.facebook.com\/GTS.Translation\/\" \/>\n<meta property=\"article:modified_time\" content=\"2022-03-29T06:31:25+00:00\" \/>\n<meta property=\"og:image\" content=\"https:\/\/www.gts-translation.com\/wp-content\/uploads\/2021\/10\/English-Italian-Translation-Services-2-3.jpg\" \/>\n\t<meta property=\"og:image:width\" content=\"847\" \/>\n\t<meta property=\"og:image:height\" content=\"398\" \/>\n\t<meta property=\"og:image:type\" content=\"image\/jpeg\" \/>\n<meta name=\"twitter:card\" content=\"summary_large_image\" \/>\n<meta name=\"twitter:label1\" content=\"Tempo di lettura stimato\" \/>\n\t<meta name=\"twitter:data1\" content=\"3 minuti\" \/>\n<script type=\"application\/ld+json\" class=\"yoast-schema-graph\">{\"@context\":\"https:\\\/\\\/schema.org\",\"@graph\":[{\"@type\":\"WebPage\",\"@id\":\"https:\\\/\\\/www.gts-translation.com\\\/it\\\/languages\\\/italian\\\/\",\"url\":\"https:\\\/\\\/www.gts-translation.com\\\/it\\\/languages\\\/italian\\\/\",\"name\":\"Servizi di traduzione dall'inglese all'italiano | Traduci dall'italiano all'inglese\",\"isPartOf\":{\"@id\":\"https:\\\/\\\/www.gts-translation.com\\\/it\\\/#website\"},\"primaryImageOfPage\":{\"@id\":\"https:\\\/\\\/www.gts-translation.com\\\/it\\\/languages\\\/italian\\\/#primaryimage\"},\"image\":{\"@id\":\"https:\\\/\\\/www.gts-translation.com\\\/it\\\/languages\\\/italian\\\/#primaryimage\"},\"thumbnailUrl\":\"https:\\\/\\\/www.gts-translation.com\\\/wp-content\\\/uploads\\\/2021\\\/10\\\/English-Italian-Translation-Services-2-3.jpg\",\"datePublished\":\"2022-03-26T13:01:56+00:00\",\"dateModified\":\"2022-03-29T06:31:25+00:00\",\"description\":\"GTS fornisce servizi di traduzione professionali in inglese di alta qualit\u00e0. Richiedi un preventivo online immediato e ordina online i tuoi servizi di traduzione in italiano.\",\"breadcrumb\":{\"@id\":\"https:\\\/\\\/www.gts-translation.com\\\/it\\\/languages\\\/italian\\\/#breadcrumb\"},\"inLanguage\":\"it-IT\",\"potentialAction\":[{\"@type\":\"ReadAction\",\"target\":[\"https:\\\/\\\/www.gts-translation.com\\\/it\\\/languages\\\/italian\\\/\"]}]},{\"@type\":\"ImageObject\",\"inLanguage\":\"it-IT\",\"@id\":\"https:\\\/\\\/www.gts-translation.com\\\/it\\\/languages\\\/italian\\\/#primaryimage\",\"url\":\"https:\\\/\\\/www.gts-translation.com\\\/wp-content\\\/uploads\\\/2021\\\/10\\\/English-Italian-Translation-Services-2-3.jpg\",\"contentUrl\":\"https:\\\/\\\/www.gts-translation.com\\\/wp-content\\\/uploads\\\/2021\\\/10\\\/English-Italian-Translation-Services-2-3.jpg\",\"width\":847,\"height\":398,\"caption\":\"Venice cityscape with Grand Canal waterway, Venetian architecture colorful buildings, gondolas and yacht boats sailing Canal Grande, blue sky in sunny summer day. Veneto Region, Northern Italy.\"},{\"@type\":\"BreadcrumbList\",\"@id\":\"https:\\\/\\\/www.gts-translation.com\\\/it\\\/languages\\\/italian\\\/#breadcrumb\",\"itemListElement\":[{\"@type\":\"ListItem\",\"position\":1,\"name\":\"Home\",\"item\":\"https:\\\/\\\/www.gts-translation.com\\\/it\\\/\"},{\"@type\":\"ListItem\",\"position\":2,\"name\":\"Languages\",\"item\":\"https:\\\/\\\/www.gts-translation.com\\\/it\\\/languages\\\/\"},{\"@type\":\"ListItem\",\"position\":3,\"name\":\"Traduzione da inglese a italiano\"}]},{\"@type\":\"WebSite\",\"@id\":\"https:\\\/\\\/www.gts-translation.com\\\/it\\\/#website\",\"url\":\"https:\\\/\\\/www.gts-translation.com\\\/it\\\/\",\"name\":\"GTS Translation Services\",\"description\":\"Quality you can trust at prices you can&#039;t beat!\",\"publisher\":{\"@id\":\"https:\\\/\\\/www.gts-translation.com\\\/it\\\/#organization\"},\"potentialAction\":[{\"@type\":\"SearchAction\",\"target\":{\"@type\":\"EntryPoint\",\"urlTemplate\":\"https:\\\/\\\/www.gts-translation.com\\\/it\\\/?s={search_term_string}\"},\"query-input\":{\"@type\":\"PropertyValueSpecification\",\"valueRequired\":true,\"valueName\":\"search_term_string\"}}],\"inLanguage\":\"it-IT\"},{\"@type\":\"Organization\",\"@id\":\"https:\\\/\\\/www.gts-translation.com\\\/it\\\/#organization\",\"name\":\"GTS Translation Services\",\"url\":\"https:\\\/\\\/www.gts-translation.com\\\/it\\\/\",\"logo\":{\"@type\":\"ImageObject\",\"inLanguage\":\"it-IT\",\"@id\":\"https:\\\/\\\/www.gts-translation.com\\\/it\\\/#\\\/schema\\\/logo\\\/image\\\/\",\"url\":\"https:\\\/\\\/www.gts-translation.com\\\/wp-content\\\/uploads\\\/2023\\\/07\\\/gts-logo.png\",\"contentUrl\":\"https:\\\/\\\/www.gts-translation.com\\\/wp-content\\\/uploads\\\/2023\\\/07\\\/gts-logo.png\",\"width\":234,\"height\":80,\"caption\":\"GTS Translation Services\"},\"image\":{\"@id\":\"https:\\\/\\\/www.gts-translation.com\\\/it\\\/#\\\/schema\\\/logo\\\/image\\\/\"},\"sameAs\":[\"https:\\\/\\\/www.facebook.com\\\/GTS.Translation\\\/\"]}]}<\/script>\n<!-- \/ Yoast SEO Premium plugin. -->","yoast_head_json":{"title":"Servizi di traduzione dall'inglese all'italiano | Traduci dall'italiano all'inglese","description":"GTS fornisce servizi di traduzione professionali in inglese di alta qualit\u00e0. Richiedi un preventivo online immediato e ordina online i tuoi servizi di traduzione in italiano.","robots":{"index":"index","follow":"follow","max-snippet":"max-snippet:-1","max-image-preview":"max-image-preview:large","max-video-preview":"max-video-preview:-1"},"canonical":"https:\/\/www.gts-translation.com\/it\/languages\/italian\/","og_locale":"it_IT","og_type":"article","og_title":"Traduzione da inglese a italiano","og_description":"GTS fornisce servizi di traduzione professionali in inglese di alta qualit\u00e0. Richiedi un preventivo online immediato e ordina online i tuoi servizi di traduzione in italiano.","og_url":"https:\/\/www.gts-translation.com\/it\/languages\/italian\/","og_site_name":"GTS Translation Services","article_publisher":"https:\/\/www.facebook.com\/GTS.Translation\/","article_modified_time":"2022-03-29T06:31:25+00:00","og_image":[{"width":847,"height":398,"url":"https:\/\/www.gts-translation.com\/wp-content\/uploads\/2021\/10\/English-Italian-Translation-Services-2-3.jpg","type":"image\/jpeg"}],"twitter_card":"summary_large_image","twitter_misc":{"Tempo di lettura stimato":"3 minuti"},"schema":{"@context":"https:\/\/schema.org","@graph":[{"@type":"WebPage","@id":"https:\/\/www.gts-translation.com\/it\/languages\/italian\/","url":"https:\/\/www.gts-translation.com\/it\/languages\/italian\/","name":"Servizi di traduzione dall'inglese all'italiano | Traduci dall'italiano all'inglese","isPartOf":{"@id":"https:\/\/www.gts-translation.com\/it\/#website"},"primaryImageOfPage":{"@id":"https:\/\/www.gts-translation.com\/it\/languages\/italian\/#primaryimage"},"image":{"@id":"https:\/\/www.gts-translation.com\/it\/languages\/italian\/#primaryimage"},"thumbnailUrl":"https:\/\/www.gts-translation.com\/wp-content\/uploads\/2021\/10\/English-Italian-Translation-Services-2-3.jpg","datePublished":"2022-03-26T13:01:56+00:00","dateModified":"2022-03-29T06:31:25+00:00","description":"GTS fornisce servizi di traduzione professionali in inglese di alta qualit\u00e0. Richiedi un preventivo online immediato e ordina online i tuoi servizi di traduzione in italiano.","breadcrumb":{"@id":"https:\/\/www.gts-translation.com\/it\/languages\/italian\/#breadcrumb"},"inLanguage":"it-IT","potentialAction":[{"@type":"ReadAction","target":["https:\/\/www.gts-translation.com\/it\/languages\/italian\/"]}]},{"@type":"ImageObject","inLanguage":"it-IT","@id":"https:\/\/www.gts-translation.com\/it\/languages\/italian\/#primaryimage","url":"https:\/\/www.gts-translation.com\/wp-content\/uploads\/2021\/10\/English-Italian-Translation-Services-2-3.jpg","contentUrl":"https:\/\/www.gts-translation.com\/wp-content\/uploads\/2021\/10\/English-Italian-Translation-Services-2-3.jpg","width":847,"height":398,"caption":"Venice cityscape with Grand Canal waterway, Venetian architecture colorful buildings, gondolas and yacht boats sailing Canal Grande, blue sky in sunny summer day. Veneto Region, Northern Italy."},{"@type":"BreadcrumbList","@id":"https:\/\/www.gts-translation.com\/it\/languages\/italian\/#breadcrumb","itemListElement":[{"@type":"ListItem","position":1,"name":"Home","item":"https:\/\/www.gts-translation.com\/it\/"},{"@type":"ListItem","position":2,"name":"Languages","item":"https:\/\/www.gts-translation.com\/it\/languages\/"},{"@type":"ListItem","position":3,"name":"Traduzione da inglese a italiano"}]},{"@type":"WebSite","@id":"https:\/\/www.gts-translation.com\/it\/#website","url":"https:\/\/www.gts-translation.com\/it\/","name":"GTS Translation Services","description":"Quality you can trust at prices you can&#039;t beat!","publisher":{"@id":"https:\/\/www.gts-translation.com\/it\/#organization"},"potentialAction":[{"@type":"SearchAction","target":{"@type":"EntryPoint","urlTemplate":"https:\/\/www.gts-translation.com\/it\/?s={search_term_string}"},"query-input":{"@type":"PropertyValueSpecification","valueRequired":true,"valueName":"search_term_string"}}],"inLanguage":"it-IT"},{"@type":"Organization","@id":"https:\/\/www.gts-translation.com\/it\/#organization","name":"GTS Translation Services","url":"https:\/\/www.gts-translation.com\/it\/","logo":{"@type":"ImageObject","inLanguage":"it-IT","@id":"https:\/\/www.gts-translation.com\/it\/#\/schema\/logo\/image\/","url":"https:\/\/www.gts-translation.com\/wp-content\/uploads\/2023\/07\/gts-logo.png","contentUrl":"https:\/\/www.gts-translation.com\/wp-content\/uploads\/2023\/07\/gts-logo.png","width":234,"height":80,"caption":"GTS Translation Services"},"image":{"@id":"https:\/\/www.gts-translation.com\/it\/#\/schema\/logo\/image\/"},"sameAs":["https:\/\/www.facebook.com\/GTS.Translation\/"]}]}},"_links":{"self":[{"href":"https:\/\/www.gts-translation.com\/it\/wp-json\/wp\/v2\/pages\/52483","targetHints":{"allow":["GET"]}}],"collection":[{"href":"https:\/\/www.gts-translation.com\/it\/wp-json\/wp\/v2\/pages"}],"about":[{"href":"https:\/\/www.gts-translation.com\/it\/wp-json\/wp\/v2\/types\/page"}],"author":[{"embeddable":true,"href":"https:\/\/www.gts-translation.com\/it\/wp-json\/wp\/v2\/users\/6812"}],"replies":[{"embeddable":true,"href":"https:\/\/www.gts-translation.com\/it\/wp-json\/wp\/v2\/comments?post=52483"}],"version-history":[{"count":2,"href":"https:\/\/www.gts-translation.com\/it\/wp-json\/wp\/v2\/pages\/52483\/revisions"}],"predecessor-version":[{"id":52510,"href":"https:\/\/www.gts-translation.com\/it\/wp-json\/wp\/v2\/pages\/52483\/revisions\/52510"}],"up":[{"embeddable":true,"href":"https:\/\/www.gts-translation.com\/it\/wp-json\/wp\/v2\/pages\/51867"}],"wp:featuredmedia":[{"embeddable":true,"href":"https:\/\/www.gts-translation.com\/it\/wp-json\/wp\/v2\/media\/51195"}],"wp:attachment":[{"href":"https:\/\/www.gts-translation.com\/it\/wp-json\/wp\/v2\/media?parent=52483"}],"curies":[{"name":"wp","href":"https:\/\/api.w.org\/{rel}","templated":true}]}}